{"id":228558,"date":"2026-02-27T09:05:42","date_gmt":"2026-02-27T09:05:42","guid":{"rendered":"https:\/\/homeofwool.com\/?post_type=product&#038;p=228558"},"modified":"2026-03-12T10:03:05","modified_gmt":"2026-03-12T10:03:05","slug":"paket-for-varaterstallning","status":"publish","type":"product","link":"https:\/\/homeofwool.com\/sv\/shop\/spring-restore-bundle\/","title":{"rendered":"\u00c5terst\u00e4ll v\u00e5ren: Ullkudde + s\u00e4ngkl\u00e4der i silke\/linne"},"content":{"rendered":"<p align=\"left\">N\u00e4r \u00e5rstiderna skiftar b\u00f6r din s\u00f6mnmilj\u00f6 k\u00e4nnas l\u00e4ttare, fr\u00e4schare och mer andningsbar. Spring Restore-paketet kombinerar tv\u00e5 viktiga element f\u00f6r \u00f6verg\u00e5ngsv\u00e4der och varmare n\u00e4tter: v\u00e5r handfyllda justerbara ullkudde och ett b\u00e4ddset i siden eller linne av h\u00f6gsta kvalitet.<\/p>\n<p align=\"left\">Ullkudden ger ett stadigt, strukturerat st\u00f6d samtidigt som den naturligt reglerar temperatur och fukt. Ull anpassar sig till din kropp under hela natten, h\u00e5ller sig sval n\u00e4r v\u00e4rmen \u00f6kar och bibeh\u00e5ller komforten n\u00e4r temperaturen sjunker. Ett blixtl\u00e5s g\u00f6r att du kan justera kuddens h\u00f6jd till din ideala h\u00f6jd f\u00f6r ett anpassat st\u00f6d.<\/p>\n<p align=\"left\">B\u00e4ddsetet inneh\u00e5ller ett underlakan, p\u00e5slakan och \u00f6rngott. Alla \u00e4r tillverkade av de renaste naturliga tygerna. Du kan v\u00e4lja mellan:<\/p>\n<p align=\"left\"><b>Ren siden<br \/>\n<\/b>Silke \u00e4r lyxigt mjukt och rikt p\u00e5 naturliga aminosyror, k\u00e4nns svalt mot huden och \u00e5terfuktar. Det \u00e4r s\u00e4rskilt omtyckt f\u00f6r sin mjuka k\u00e4nsla p\u00e5 hud och h\u00e5r, vilket bidrar till att minska friktionen samtidigt som det ger en raffinerad och elegant k\u00e4nsla.<\/p>\n<p align=\"left\"><b>Rent linne<br \/>\n<\/b>Linne \u00e4r ett naturligt andningsbart och fukttransporterande material som \u00e4r perfekt f\u00f6r v\u00e5r och sommar. Det till\u00e5ter kontinuerligt luftfl\u00f6de och blir mjukare med tiden, vilket ger avslappnad sval komfort med l\u00e5ng h\u00e5llbarhet.<\/p>\n<p align=\"left\">B\u00e5da alternativen \u00e4r fria fr\u00e5n f\u00e4rg\u00e4mnen och kemiska ytbehandlingar, vilket g\u00f6r dem s\u00e4kra f\u00f6r k\u00e4nslig hud och f\u00f6r dem som v\u00e4rdes\u00e4tter rena material i sovrummet.<\/p>\n<p align=\"left\">Tillsammans skapar dessa naturliga lager en s\u00f6mnmilj\u00f6 som k\u00e4nns lugn, luftig och \u00e5terh\u00e4mtande, utformad f\u00f6r ljusare \u00e5rstider och balanserad komfort.<\/p>\n<p align=\"left\">Samlingsalternativ:<\/p>\n<p>Twin Paket:<\/p>\n<ul>\n<li>Skr\u00e4ddarsytt lakan - 38 x 75 (97 x 190 cm)<\/li>\n<li>1x Sovkudde - Standard 20 x 26\u2033 (51 x 66 cm)<\/li>\n<li>1x \u00f6rngott f\u00f6r s\u00f6mn - Standard 20 x 26\u2033 (51 x 66 cm)<\/li>\n<li>P\u00e5slakan 64 x 86\u2033 (162 x 218 cm)<\/li>\n<\/ul>\n<p>Hela paketet:<\/p>\n<ul>\n<li>\u00c5tsittande lakan - 53 x 75\u2033 (135 x 190 cm)<\/li>\n<li>2x Sovkudde - Standard 20 x 26\u2033 (51 x 66 cm)<\/li>\n<li>2x \u00f6rngott f\u00f6r s\u00f6mn - Standard 20 x 26\u2033 (51 x 66 cm)<\/li>\n<li>P\u00e5slakan - 80 x 80\u2033 (203 \u0445 203 cm)<\/li>\n<\/ul>\n<p>Queen Paket:<\/p>\n<ul>\n<li>\u00c5tsittande lakan - 60 x 80\u2033 (152 x 203 cm)<\/li>\n<li>2x Sovkudde - Queen 20 x 30\u2033 (51 x 76 cm)<\/li>\n<li>2x \u00f6rngott f\u00f6r s\u00f6mn - Queen 20 x 30\u2033 (51 x 76 cm)<\/li>\n<li>P\u00e5slakan - 86 x 86\u2033 (218 x 218 cm)<\/li>\n<\/ul>\n<p>King Paket:<\/p>\n<ul>\n<li>\u00c5tsittande lakan - 76 x 80\u2033 (193 x 203 cm)<\/li>\n<li>2x Sovkudde - King 20 x 36\u2033 (51 x 91 cm)<\/li>\n<li>2x \u00f6rngott f\u00f6r s\u00f6mn King 20 x 36\u2033 (51 x 91 cm)<\/li>\n<li>P\u00e5slakan - 102 x 86\u2033 (259 x 218 cm)<\/li>\n<\/ul>","protected":false},"excerpt":{"rendered":"<p align=\"left\">L\u00e4tt, andningsbar och naturligt f\u00f6rfinad. Spring Restore-paketet kombinerar v\u00e5r justerbara ullkudde med ditt val av s\u00e4ngkl\u00e4der i siden eller linne f\u00f6r att skapa en fr\u00e4sch, s\u00e4songsbetonad s\u00f6mnmilj\u00f6. K\u00f6p dem tillsammans och spara 15% av det totala priset.<\/p>","protected":false},"featured_media":228566,"template":"","meta":{"_acf_changed":false},"product_brand":[],"product_cat":[1373],"product_tag":[],"class_list":{"0":"post-228558","1":"product","2":"type-product","3":"status-publish","4":"has-post-thumbnail","6":"product_cat-sleep-day-bundles","8":"first","9":"instock","10":"shipping-taxable","11":"purchasable","12":"product-type-simple"},"acf":[],"yoast_head":"<!-- This site is optimized with the Yoast SEO Premium plugin v27.4 (Yoast SEO v27.4) - https:\/\/yoast.com\/product\/yoast-seo-premium-wordpress\/ -->\n<title>Wool Pillow + Silk or Linen Bedding Set Save 15%<\/title>\n<meta name=\"robots\" content=\"index, follow, max-snippet:-1, max-image-preview:large, max-video-preview:-1\" \/>\n<link rel=\"canonical\" href=\"https:\/\/homeofwool.com\/sv\/butik\/paket-for-varaterstallning\/\" \/>\n<meta property=\"og:locale\" content=\"sv_SE\" \/>\n<meta property=\"og:type\" content=\"article\" \/>\n<meta property=\"og:title\" content=\"Spring Restore: Wool Pillow + Silk \/ Linen Bedding\" \/>\n<meta property=\"og:description\" content=\"Light, breathable, and naturally refined. The Spring Restore bundle pairs our adjustable wool pillow with your choice of silk or linen bedding set to create a fresh, seasonally balanced sleep environment. Purchase them together and save 15% off the total price.\" \/>\n<meta property=\"og:url\" content=\"https:\/\/homeofwool.com\/sv\/butik\/paket-for-varaterstallning\/\" \/>\n<meta property=\"og:site_name\" content=\"Home of Wool\" \/>\n<meta property=\"article:publisher\" content=\"https:\/\/facebook.com\/HomeOfWoolOfficial\" \/>\n<meta property=\"article:modified_time\" content=\"2026-03-12T10:03:05+00:00\" \/>\n<meta property=\"og:image\" content=\"https:\/\/homeofwool.com\/wp-content\/uploads\/2026\/02\/home-of-wool-spring-restore-main.jpg\" \/>\n\t<meta property=\"og:image:width\" content=\"1536\" \/>\n\t<meta property=\"og:image:height\" content=\"1229\" \/>\n\t<meta property=\"og:image:type\" content=\"image\/jpeg\" \/>\n<meta name=\"twitter:card\" content=\"summary_large_image\" \/>\n<meta name=\"twitter:label1\" content=\"Ber\u00e4knad l\u00e4stid\" \/>\n\t<meta name=\"twitter:data1\" content=\"2 minuter\" \/>\n<script type=\"application\/ld+json\" class=\"yoast-schema-graph\">{\"@context\":\"https:\\\/\\\/schema.org\",\"@graph\":[{\"@type\":\"WebPage\",\"@id\":\"https:\\\/\\\/homeofwool.com\\\/shop\\\/spring-restore-bundle\\\/\",\"url\":\"https:\\\/\\\/homeofwool.com\\\/shop\\\/spring-restore-bundle\\\/\",\"name\":\"Wool Pillow + Silk or Linen Bedding Set Save 15%\",\"isPartOf\":{\"@id\":\"https:\\\/\\\/homeofwool.com\\\/#website\"},\"primaryImageOfPage\":{\"@id\":\"https:\\\/\\\/homeofwool.com\\\/shop\\\/spring-restore-bundle\\\/#primaryimage\"},\"image\":{\"@id\":\"https:\\\/\\\/homeofwool.com\\\/shop\\\/spring-restore-bundle\\\/#primaryimage\"},\"thumbnailUrl\":\"https:\\\/\\\/homeofwool.com\\\/wp-content\\\/uploads\\\/2026\\\/02\\\/home-of-wool-spring-restore-main.jpg\",\"datePublished\":\"2026-02-27T09:05:42+00:00\",\"dateModified\":\"2026-03-12T10:03:05+00:00\",\"breadcrumb\":{\"@id\":\"https:\\\/\\\/homeofwool.com\\\/shop\\\/spring-restore-bundle\\\/#breadcrumb\"},\"inLanguage\":\"sv-SE\",\"potentialAction\":[{\"@type\":\"ReadAction\",\"target\":[\"https:\\\/\\\/homeofwool.com\\\/shop\\\/spring-restore-bundle\\\/\"]}]},{\"@type\":\"ImageObject\",\"inLanguage\":\"sv-SE\",\"@id\":\"https:\\\/\\\/homeofwool.com\\\/shop\\\/spring-restore-bundle\\\/#primaryimage\",\"url\":\"https:\\\/\\\/homeofwool.com\\\/wp-content\\\/uploads\\\/2026\\\/02\\\/home-of-wool-spring-restore-main.jpg\",\"contentUrl\":\"https:\\\/\\\/homeofwool.com\\\/wp-content\\\/uploads\\\/2026\\\/02\\\/home-of-wool-spring-restore-main.jpg\",\"width\":1536,\"height\":1229,\"caption\":\"home of wool spring restore bundle\"},{\"@type\":\"BreadcrumbList\",\"@id\":\"https:\\\/\\\/homeofwool.com\\\/shop\\\/spring-restore-bundle\\\/#breadcrumb\",\"itemListElement\":[{\"@type\":\"ListItem\",\"position\":1,\"name\":\"Home\",\"item\":\"https:\\\/\\\/homeofwool.com\\\/\"},{\"@type\":\"ListItem\",\"position\":2,\"name\":\"Products\",\"item\":\"https:\\\/\\\/homeofwool.com\\\/header-search-2\\\/\"},{\"@type\":\"ListItem\",\"position\":3,\"name\":\"Spring Restore: Wool Pillow + Silk \\\/ Linen Bedding\"}]},{\"@type\":\"WebSite\",\"@id\":\"https:\\\/\\\/homeofwool.com\\\/#website\",\"url\":\"https:\\\/\\\/homeofwool.com\\\/\",\"name\":\"Home of Wool\",\"description\":\"\",\"publisher\":{\"@id\":\"https:\\\/\\\/homeofwool.com\\\/#organization\"},\"potentialAction\":[{\"@type\":\"SearchAction\",\"target\":{\"@type\":\"EntryPoint\",\"urlTemplate\":\"https:\\\/\\\/homeofwool.com\\\/?s={search_term_string}\"},\"query-input\":{\"@type\":\"PropertyValueSpecification\",\"valueRequired\":true,\"valueName\":\"search_term_string\"}}],\"inLanguage\":\"sv-SE\"},{\"@type\":\"Organization\",\"@id\":\"https:\\\/\\\/homeofwool.com\\\/#organization\",\"name\":\"Home of Wool\",\"url\":\"https:\\\/\\\/homeofwool.com\\\/\",\"logo\":{\"@type\":\"ImageObject\",\"inLanguage\":\"sv-SE\",\"@id\":\"https:\\\/\\\/homeofwool.com\\\/#\\\/schema\\\/logo\\\/image\\\/\",\"url\":\"https:\\\/\\\/homeofwool.com\\\/wp-content\\\/uploads\\\/2025\\\/09\\\/WhatsApp-Image-2025-12-02-at-16.23.20.jpeg\",\"contentUrl\":\"https:\\\/\\\/homeofwool.com\\\/wp-content\\\/uploads\\\/2025\\\/09\\\/WhatsApp-Image-2025-12-02-at-16.23.20.jpeg\",\"width\":700,\"height\":247,\"caption\":\"Home of Wool\"},\"image\":{\"@id\":\"https:\\\/\\\/homeofwool.com\\\/#\\\/schema\\\/logo\\\/image\\\/\"},\"sameAs\":[\"https:\\\/\\\/facebook.com\\\/HomeOfWoolOfficial\"]}]}<\/script>\n<!-- \/ Yoast SEO Premium plugin. -->","yoast_head_json":{"title":"Ullkudde + B\u00e4ddset i silke eller linne Spara 15%","robots":{"index":"index","follow":"follow","max-snippet":"max-snippet:-1","max-image-preview":"max-image-preview:large","max-video-preview":"max-video-preview:-1"},"canonical":"https:\/\/homeofwool.com\/sv\/butik\/paket-for-varaterstallning\/","og_locale":"sv_SE","og_type":"article","og_title":"Spring Restore: Wool Pillow + Silk \/ Linen Bedding","og_description":"Light, breathable, and naturally refined. The Spring Restore bundle pairs our adjustable wool pillow with your choice of silk or linen bedding set to create a fresh, seasonally balanced sleep environment. Purchase them together and save 15% off the total price.","og_url":"https:\/\/homeofwool.com\/sv\/butik\/paket-for-varaterstallning\/","og_site_name":"Home of Wool","article_publisher":"https:\/\/facebook.com\/HomeOfWoolOfficial","article_modified_time":"2026-03-12T10:03:05+00:00","og_image":[{"width":1536,"height":1229,"url":"https:\/\/homeofwool.com\/wp-content\/uploads\/2026\/02\/home-of-wool-spring-restore-main.jpg","type":"image\/jpeg"}],"twitter_card":"summary_large_image","twitter_misc":{"Ber\u00e4knad l\u00e4stid":"2 minuter"},"schema":{"@context":"https:\/\/schema.org","@graph":[{"@type":"WebPage","@id":"https:\/\/homeofwool.com\/shop\/spring-restore-bundle\/","url":"https:\/\/homeofwool.com\/shop\/spring-restore-bundle\/","name":"Ullkudde + B\u00e4ddset i silke eller linne Spara 15%","isPartOf":{"@id":"https:\/\/homeofwool.com\/#website"},"primaryImageOfPage":{"@id":"https:\/\/homeofwool.com\/shop\/spring-restore-bundle\/#primaryimage"},"image":{"@id":"https:\/\/homeofwool.com\/shop\/spring-restore-bundle\/#primaryimage"},"thumbnailUrl":"https:\/\/homeofwool.com\/wp-content\/uploads\/2026\/02\/home-of-wool-spring-restore-main.jpg","datePublished":"2026-02-27T09:05:42+00:00","dateModified":"2026-03-12T10:03:05+00:00","breadcrumb":{"@id":"https:\/\/homeofwool.com\/shop\/spring-restore-bundle\/#breadcrumb"},"inLanguage":"sv-SE","potentialAction":[{"@type":"ReadAction","target":["https:\/\/homeofwool.com\/shop\/spring-restore-bundle\/"]}]},{"@type":"ImageObject","inLanguage":"sv-SE","@id":"https:\/\/homeofwool.com\/shop\/spring-restore-bundle\/#primaryimage","url":"https:\/\/homeofwool.com\/wp-content\/uploads\/2026\/02\/home-of-wool-spring-restore-main.jpg","contentUrl":"https:\/\/homeofwool.com\/wp-content\/uploads\/2026\/02\/home-of-wool-spring-restore-main.jpg","width":1536,"height":1229,"caption":"home of wool spring restore bundle"},{"@type":"BreadcrumbList","@id":"https:\/\/homeofwool.com\/shop\/spring-restore-bundle\/#breadcrumb","itemListElement":[{"@type":"ListItem","position":1,"name":"Home","item":"https:\/\/homeofwool.com\/"},{"@type":"ListItem","position":2,"name":"Products","item":"https:\/\/homeofwool.com\/header-search-2\/"},{"@type":"ListItem","position":3,"name":"Spring Restore: Wool Pillow + Silk \/ Linen Bedding"}]},{"@type":"WebSite","@id":"https:\/\/homeofwool.com\/#website","url":"https:\/\/homeofwool.com\/","name":"Hem f\u00f6r ull","description":"","publisher":{"@id":"https:\/\/homeofwool.com\/#organization"},"potentialAction":[{"@type":"SearchAction","target":{"@type":"EntryPoint","urlTemplate":"https:\/\/homeofwool.com\/?s={search_term_string}"},"query-input":{"@type":"PropertyValueSpecification","valueRequired":true,"valueName":"search_term_string"}}],"inLanguage":"sv-SE"},{"@type":"Organization","@id":"https:\/\/homeofwool.com\/#organization","name":"Hem f\u00f6r ull","url":"https:\/\/homeofwool.com\/","logo":{"@type":"ImageObject","inLanguage":"sv-SE","@id":"https:\/\/homeofwool.com\/#\/schema\/logo\/image\/","url":"https:\/\/homeofwool.com\/wp-content\/uploads\/2025\/09\/WhatsApp-Image-2025-12-02-at-16.23.20.jpeg","contentUrl":"https:\/\/homeofwool.com\/wp-content\/uploads\/2025\/09\/WhatsApp-Image-2025-12-02-at-16.23.20.jpeg","width":700,"height":247,"caption":"Home of Wool"},"image":{"@id":"https:\/\/homeofwool.com\/#\/schema\/logo\/image\/"},"sameAs":["https:\/\/facebook.com\/HomeOfWoolOfficial"]}]}},"_links":{"self":[{"href":"https:\/\/homeofwool.com\/sv\/wp-json\/wp\/v2\/product\/228558","targetHints":{"allow":["GET"]}}],"collection":[{"href":"https:\/\/homeofwool.com\/sv\/wp-json\/wp\/v2\/product"}],"about":[{"href":"https:\/\/homeofwool.com\/sv\/wp-json\/wp\/v2\/types\/product"}],"version-history":[{"count":3,"href":"https:\/\/homeofwool.com\/sv\/wp-json\/wp\/v2\/product\/228558\/revisions"}],"predecessor-version":[{"id":228784,"href":"https:\/\/homeofwool.com\/sv\/wp-json\/wp\/v2\/product\/228558\/revisions\/228784"}],"wp:featuredmedia":[{"embeddable":true,"href":"https:\/\/homeofwool.com\/sv\/wp-json\/wp\/v2\/media\/228566"}],"wp:attachment":[{"href":"https:\/\/homeofwool.com\/sv\/wp-json\/wp\/v2\/media?parent=228558"}],"wp:term":[{"taxonomy":"product_brand","embeddable":true,"href":"https:\/\/homeofwool.com\/sv\/wp-json\/wp\/v2\/product_brand?post=228558"},{"taxonomy":"product_cat","embeddable":true,"href":"https:\/\/homeofwool.com\/sv\/wp-json\/wp\/v2\/product_cat?post=228558"},{"taxonomy":"product_tag","embeddable":true,"href":"https:\/\/homeofwool.com\/sv\/wp-json\/wp\/v2\/product_tag?post=228558"}],"curies":[{"name":"wp","href":"https:\/\/api.w.org\/{rel}","templated":true}]}}