{"id":228547,"date":"2026-02-27T08:50:29","date_gmt":"2026-02-27T08:50:29","guid":{"rendered":"https:\/\/homeofwool.com\/?post_type=product&#038;p=228547"},"modified":"2026-03-12T10:02:43","modified_gmt":"2026-03-12T10:02:43","slug":"somn-naturlig-start","status":"publish","type":"product","link":"https:\/\/homeofwool.com\/sv\/shop\/sleep-natural-starter\/","title":{"rendered":"Sleep Natural Starter: Ullkudde + l\u00e4ttviktst\u00e4cke + madrasskydd"},"content":{"rendered":"<p align=\"left\">God s\u00f6mn b\u00f6rjar med r\u00e4tt lager. Sleep Natural Starter-paketet samlar tre viktiga ullplagg som \u00e4r utformade f\u00f6r att reglera temperaturen, hantera fukt och skapa en stabil s\u00f6mnmilj\u00f6 som andas utan syntetiska \u00e4mnen eller kemiska behandlingar.<\/p>\n<p align=\"left\">Den justerbara ullkudden ger ett stadigt och balanserat st\u00f6d f\u00f6r huvud och nacke. Den \u00e4r handfylld med 100% ren ull och bibeh\u00e5ller sin struktur samtidigt som den \u00e4r anpassningsbar. En dragkedja p\u00e5 sidan g\u00f6r att du kan justera kuddens h\u00f6jd till din idealiska h\u00f6jd f\u00f6r en j\u00e4mn och anpassad komfort.<\/p>\n<p align=\"left\">Det l\u00e4tta ullt\u00e4ckeinsatsen ger anpassningsbar isolering utan att vara f\u00f6r stor. Det \u00e4r handquiltat f\u00f6r att h\u00e5lla ullen j\u00e4mnt f\u00f6rdelad och h\u00e5ller v\u00e4rmen n\u00e4r luften \u00e4r sval och sl\u00e4pper ut \u00f6verskottsv\u00e4rme innan den byggs upp. Till skillnad fr\u00e5n syntet- eller dunalternativ som kan orsaka \u00f6verhettning f\u00f6ljt av frossa, uppr\u00e4tth\u00e5ller ull en j\u00e4mn s\u00f6mntemperatur under hela natten.<\/p>\n<p align=\"left\">Madrasskyddet i jungfruull ger ett skyddande lager som andas till din s\u00e4ng. P\u00e5 syntetmadrasser mjukar det upp den v\u00e4rmelagrande ytan och skapar ett mer balanserat mikroklimat. P\u00e5 madrasser helt i ull skyddar det mot dagligt slitage samtidigt som det bevarar luftfl\u00f6det. Till skillnad fr\u00e5n plastskydd l\u00e5ter ull din kropp andas samtidigt som den bibeh\u00e5ller en optimal temperatur. Elastiska remmar h\u00e5ller det s\u00e4kert p\u00e5 plats och det \u00e4r tv\u00e4ttbart f\u00f6r enkel sk\u00f6tsel.<\/p>\n<p align=\"left\">Tillsammans bildar dessa tre lager ett naturligt s\u00f6mnsystem som minskar temperatursv\u00e4ngningar, minimerar fuktuppbyggnad och ger l\u00e5ngvarig komfort.<\/p>\n<p align=\"left\">Ingen avgasning. Inga syntetiska skum. Bara andningsbara material som arbetar i harmoni.<\/p>\n<p align=\"left\">Alternativ f\u00f6r paketering:<\/p>\n<p>Twin Paket:<\/p>\n<ul>\n<li>Skydd - 38 x 75 (97 x 190 cm)<\/li>\n<li>1x Sovkudde - Standard 20 x 26\u2033 (51 x 66 cm)<\/li>\n<li>P\u00e5slakan (sommar) - 64 x 86\u2033 (162 x 218 cm)<\/li>\n<\/ul>\n<p>Hela paketet:<\/p>\n<ul>\n<li>Skydd - 53 x 75\u2033 (135 x 190 cm)<\/li>\n<li>2x Sovkudde - Standard 20 x 26\u2033 (51 x 66 cm)<\/li>\n<li>P\u00e5slakan (sommar) - 80 x 80\u2033 (203 x 203 cm)<\/li>\n<\/ul>\n<p>Queen Paket:<\/p>\n<ul>\n<li>Skydd - 60 x 80\u2033 (152 x 203 cm)<\/li>\n<li>2x Sovkudde - Queen 20 x 30\u2033 (51 x 76 cm)<\/li>\n<li>P\u00e5slakan (sommar) - 86 x 86\u2033 (218 x 218 cm)<\/li>\n<\/ul>\n<p>King Paket:<\/p>\n<ul>\n<li>Skydd - 76 x 80\u2033 (193 x 203 cm)<\/li>\n<li>2x Sovkudde - King 20 x 36\u2033 (51 x 91 cm)<\/li>\n<li>P\u00e5slakan (sommar) - 102 x 86\u2033 (259 x 218 cm)<\/li>\n<\/ul>","protected":false},"excerpt":{"rendered":"<p align=\"left\">En enkel, andningsbar grund f\u00f6r b\u00e4ttre s\u00f6mn. Sleep Natural Starter-paketet kombinerar en justerbar ullkudde, ett l\u00e4ttviktigt (sommar) ullt\u00e4cke och ett madrasskydd i jungfruull f\u00f6r att skapa ett naturligt temperaturbalanserat, giftfritt s\u00f6mnsystem f\u00f6r varje s\u00e4song. N\u00e4r du k\u00f6per dessa tre viktiga produkter tillsammans sparar du 15% av det totala priset.<\/p>","protected":false},"featured_media":228555,"template":"","meta":{"_acf_changed":false},"product_brand":[],"product_cat":[1373],"product_tag":[],"class_list":{"0":"post-228547","1":"product","2":"type-product","3":"status-publish","4":"has-post-thumbnail","6":"product_cat-sleep-day-bundles","8":"first","9":"instock","10":"shipping-taxable","11":"purchasable","12":"product-type-simple"},"acf":[],"yoast_head":"<!-- This site is optimized with the Yoast SEO Premium plugin v27.4 (Yoast SEO v27.4) - https:\/\/yoast.com\/product\/yoast-seo-premium-wordpress\/ -->\n<title>Wool Pillow + Lightweight Wool Duvet Insert + Wool Mattress Protector Save 15%<\/title>\n<meta name=\"robots\" content=\"index, follow, max-snippet:-1, max-image-preview:large, max-video-preview:-1\" \/>\n<link rel=\"canonical\" href=\"https:\/\/homeofwool.com\/sv\/butik\/somn-naturlig-start\/\" \/>\n<meta property=\"og:locale\" content=\"sv_SE\" \/>\n<meta property=\"og:type\" content=\"article\" \/>\n<meta property=\"og:title\" content=\"Sleep Natural Starter: Wool Pillow + Lightweight Duvet + Mattress Protector\" \/>\n<meta property=\"og:description\" content=\"A simple, breathable foundation for better sleep. The Sleep Natural Starter bundle combines an adjustable wool pillow, lightweight (summer) wool duvet insert, and virgin wool mattress protector to create a naturally temperature-balanced, non-toxic sleep system for every season. When you purchase these three essentials together as a bundle, you save 15% off the total price.\" \/>\n<meta property=\"og:url\" content=\"https:\/\/homeofwool.com\/sv\/butik\/somn-naturlig-start\/\" \/>\n<meta property=\"og:site_name\" content=\"Home of Wool\" \/>\n<meta property=\"article:publisher\" content=\"https:\/\/facebook.com\/HomeOfWoolOfficial\" \/>\n<meta property=\"article:modified_time\" content=\"2026-03-12T10:02:43+00:00\" \/>\n<meta property=\"og:image\" content=\"https:\/\/homeofwool.com\/wp-content\/uploads\/2026\/02\/home-of-wool-sleep-natural-starter-main.jpg\" \/>\n\t<meta property=\"og:image:width\" content=\"1920\" \/>\n\t<meta property=\"og:image:height\" content=\"1536\" \/>\n\t<meta property=\"og:image:type\" content=\"image\/jpeg\" \/>\n<meta name=\"twitter:card\" content=\"summary_large_image\" \/>\n<meta name=\"twitter:label1\" content=\"Ber\u00e4knad l\u00e4stid\" \/>\n\t<meta name=\"twitter:data1\" content=\"2 minuter\" \/>\n<script type=\"application\/ld+json\" class=\"yoast-schema-graph\">{\"@context\":\"https:\\\/\\\/schema.org\",\"@graph\":[{\"@type\":\"WebPage\",\"@id\":\"https:\\\/\\\/homeofwool.com\\\/shop\\\/sleep-natural-starter\\\/\",\"url\":\"https:\\\/\\\/homeofwool.com\\\/shop\\\/sleep-natural-starter\\\/\",\"name\":\"Wool Pillow + Lightweight Wool Duvet Insert + Wool Mattress Protector Save 15%\",\"isPartOf\":{\"@id\":\"https:\\\/\\\/homeofwool.com\\\/#website\"},\"primaryImageOfPage\":{\"@id\":\"https:\\\/\\\/homeofwool.com\\\/shop\\\/sleep-natural-starter\\\/#primaryimage\"},\"image\":{\"@id\":\"https:\\\/\\\/homeofwool.com\\\/shop\\\/sleep-natural-starter\\\/#primaryimage\"},\"thumbnailUrl\":\"https:\\\/\\\/homeofwool.com\\\/wp-content\\\/uploads\\\/2026\\\/02\\\/home-of-wool-sleep-natural-starter-main.jpg\",\"datePublished\":\"2026-02-27T08:50:29+00:00\",\"dateModified\":\"2026-03-12T10:02:43+00:00\",\"breadcrumb\":{\"@id\":\"https:\\\/\\\/homeofwool.com\\\/shop\\\/sleep-natural-starter\\\/#breadcrumb\"},\"inLanguage\":\"sv-SE\",\"potentialAction\":[{\"@type\":\"ReadAction\",\"target\":[\"https:\\\/\\\/homeofwool.com\\\/shop\\\/sleep-natural-starter\\\/\"]}]},{\"@type\":\"ImageObject\",\"inLanguage\":\"sv-SE\",\"@id\":\"https:\\\/\\\/homeofwool.com\\\/shop\\\/sleep-natural-starter\\\/#primaryimage\",\"url\":\"https:\\\/\\\/homeofwool.com\\\/wp-content\\\/uploads\\\/2026\\\/02\\\/home-of-wool-sleep-natural-starter-main.jpg\",\"contentUrl\":\"https:\\\/\\\/homeofwool.com\\\/wp-content\\\/uploads\\\/2026\\\/02\\\/home-of-wool-sleep-natural-starter-main.jpg\",\"width\":1920,\"height\":1536,\"caption\":\"home of wool sleep natural starter bundle\"},{\"@type\":\"BreadcrumbList\",\"@id\":\"https:\\\/\\\/homeofwool.com\\\/shop\\\/sleep-natural-starter\\\/#breadcrumb\",\"itemListElement\":[{\"@type\":\"ListItem\",\"position\":1,\"name\":\"Home\",\"item\":\"https:\\\/\\\/homeofwool.com\\\/\"},{\"@type\":\"ListItem\",\"position\":2,\"name\":\"Products\",\"item\":\"https:\\\/\\\/homeofwool.com\\\/header-search-2\\\/\"},{\"@type\":\"ListItem\",\"position\":3,\"name\":\"Sleep Natural Starter: Wool Pillow + Lightweight Duvet + Mattress Protector\"}]},{\"@type\":\"WebSite\",\"@id\":\"https:\\\/\\\/homeofwool.com\\\/#website\",\"url\":\"https:\\\/\\\/homeofwool.com\\\/\",\"name\":\"Home of Wool\",\"description\":\"\",\"publisher\":{\"@id\":\"https:\\\/\\\/homeofwool.com\\\/#organization\"},\"potentialAction\":[{\"@type\":\"SearchAction\",\"target\":{\"@type\":\"EntryPoint\",\"urlTemplate\":\"https:\\\/\\\/homeofwool.com\\\/?s={search_term_string}\"},\"query-input\":{\"@type\":\"PropertyValueSpecification\",\"valueRequired\":true,\"valueName\":\"search_term_string\"}}],\"inLanguage\":\"sv-SE\"},{\"@type\":\"Organization\",\"@id\":\"https:\\\/\\\/homeofwool.com\\\/#organization\",\"name\":\"Home of Wool\",\"url\":\"https:\\\/\\\/homeofwool.com\\\/\",\"logo\":{\"@type\":\"ImageObject\",\"inLanguage\":\"sv-SE\",\"@id\":\"https:\\\/\\\/homeofwool.com\\\/#\\\/schema\\\/logo\\\/image\\\/\",\"url\":\"https:\\\/\\\/homeofwool.com\\\/wp-content\\\/uploads\\\/2025\\\/09\\\/WhatsApp-Image-2025-12-02-at-16.23.20.jpeg\",\"contentUrl\":\"https:\\\/\\\/homeofwool.com\\\/wp-content\\\/uploads\\\/2025\\\/09\\\/WhatsApp-Image-2025-12-02-at-16.23.20.jpeg\",\"width\":700,\"height\":247,\"caption\":\"Home of Wool\"},\"image\":{\"@id\":\"https:\\\/\\\/homeofwool.com\\\/#\\\/schema\\\/logo\\\/image\\\/\"},\"sameAs\":[\"https:\\\/\\\/facebook.com\\\/HomeOfWoolOfficial\"]}]}<\/script>\n<!-- \/ Yoast SEO Premium plugin. -->","yoast_head_json":{"title":"Ullkudde + P\u00e5slakan i l\u00e4ttviktsull + Madrasskydd i ull Spara 15%","robots":{"index":"index","follow":"follow","max-snippet":"max-snippet:-1","max-image-preview":"max-image-preview:large","max-video-preview":"max-video-preview:-1"},"canonical":"https:\/\/homeofwool.com\/sv\/butik\/somn-naturlig-start\/","og_locale":"sv_SE","og_type":"article","og_title":"Sleep Natural Starter: Wool Pillow + Lightweight Duvet + Mattress Protector","og_description":"A simple, breathable foundation for better sleep. The Sleep Natural Starter bundle combines an adjustable wool pillow, lightweight (summer) wool duvet insert, and virgin wool mattress protector to create a naturally temperature-balanced, non-toxic sleep system for every season. When you purchase these three essentials together as a bundle, you save 15% off the total price.","og_url":"https:\/\/homeofwool.com\/sv\/butik\/somn-naturlig-start\/","og_site_name":"Home of Wool","article_publisher":"https:\/\/facebook.com\/HomeOfWoolOfficial","article_modified_time":"2026-03-12T10:02:43+00:00","og_image":[{"width":1920,"height":1536,"url":"https:\/\/homeofwool.com\/wp-content\/uploads\/2026\/02\/home-of-wool-sleep-natural-starter-main.jpg","type":"image\/jpeg"}],"twitter_card":"summary_large_image","twitter_misc":{"Ber\u00e4knad l\u00e4stid":"2 minuter"},"schema":{"@context":"https:\/\/schema.org","@graph":[{"@type":"WebPage","@id":"https:\/\/homeofwool.com\/shop\/sleep-natural-starter\/","url":"https:\/\/homeofwool.com\/shop\/sleep-natural-starter\/","name":"Ullkudde + P\u00e5slakan i l\u00e4ttviktsull + Madrasskydd i ull Spara 15%","isPartOf":{"@id":"https:\/\/homeofwool.com\/#website"},"primaryImageOfPage":{"@id":"https:\/\/homeofwool.com\/shop\/sleep-natural-starter\/#primaryimage"},"image":{"@id":"https:\/\/homeofwool.com\/shop\/sleep-natural-starter\/#primaryimage"},"thumbnailUrl":"https:\/\/homeofwool.com\/wp-content\/uploads\/2026\/02\/home-of-wool-sleep-natural-starter-main.jpg","datePublished":"2026-02-27T08:50:29+00:00","dateModified":"2026-03-12T10:02:43+00:00","breadcrumb":{"@id":"https:\/\/homeofwool.com\/shop\/sleep-natural-starter\/#breadcrumb"},"inLanguage":"sv-SE","potentialAction":[{"@type":"ReadAction","target":["https:\/\/homeofwool.com\/shop\/sleep-natural-starter\/"]}]},{"@type":"ImageObject","inLanguage":"sv-SE","@id":"https:\/\/homeofwool.com\/shop\/sleep-natural-starter\/#primaryimage","url":"https:\/\/homeofwool.com\/wp-content\/uploads\/2026\/02\/home-of-wool-sleep-natural-starter-main.jpg","contentUrl":"https:\/\/homeofwool.com\/wp-content\/uploads\/2026\/02\/home-of-wool-sleep-natural-starter-main.jpg","width":1920,"height":1536,"caption":"home of wool sleep natural starter bundle"},{"@type":"BreadcrumbList","@id":"https:\/\/homeofwool.com\/shop\/sleep-natural-starter\/#breadcrumb","itemListElement":[{"@type":"ListItem","position":1,"name":"Home","item":"https:\/\/homeofwool.com\/"},{"@type":"ListItem","position":2,"name":"Products","item":"https:\/\/homeofwool.com\/header-search-2\/"},{"@type":"ListItem","position":3,"name":"Sleep Natural Starter: Wool Pillow + Lightweight Duvet + Mattress Protector"}]},{"@type":"WebSite","@id":"https:\/\/homeofwool.com\/#website","url":"https:\/\/homeofwool.com\/","name":"Hem f\u00f6r ull","description":"","publisher":{"@id":"https:\/\/homeofwool.com\/#organization"},"potentialAction":[{"@type":"SearchAction","target":{"@type":"EntryPoint","urlTemplate":"https:\/\/homeofwool.com\/?s={search_term_string}"},"query-input":{"@type":"PropertyValueSpecification","valueRequired":true,"valueName":"search_term_string"}}],"inLanguage":"sv-SE"},{"@type":"Organization","@id":"https:\/\/homeofwool.com\/#organization","name":"Hem f\u00f6r ull","url":"https:\/\/homeofwool.com\/","logo":{"@type":"ImageObject","inLanguage":"sv-SE","@id":"https:\/\/homeofwool.com\/#\/schema\/logo\/image\/","url":"https:\/\/homeofwool.com\/wp-content\/uploads\/2025\/09\/WhatsApp-Image-2025-12-02-at-16.23.20.jpeg","contentUrl":"https:\/\/homeofwool.com\/wp-content\/uploads\/2025\/09\/WhatsApp-Image-2025-12-02-at-16.23.20.jpeg","width":700,"height":247,"caption":"Home of Wool"},"image":{"@id":"https:\/\/homeofwool.com\/#\/schema\/logo\/image\/"},"sameAs":["https:\/\/facebook.com\/HomeOfWoolOfficial"]}]}},"_links":{"self":[{"href":"https:\/\/homeofwool.com\/sv\/wp-json\/wp\/v2\/product\/228547","targetHints":{"allow":["GET"]}}],"collection":[{"href":"https:\/\/homeofwool.com\/sv\/wp-json\/wp\/v2\/product"}],"about":[{"href":"https:\/\/homeofwool.com\/sv\/wp-json\/wp\/v2\/types\/product"}],"version-history":[{"count":4,"href":"https:\/\/homeofwool.com\/sv\/wp-json\/wp\/v2\/product\/228547\/revisions"}],"predecessor-version":[{"id":228783,"href":"https:\/\/homeofwool.com\/sv\/wp-json\/wp\/v2\/product\/228547\/revisions\/228783"}],"wp:featuredmedia":[{"embeddable":true,"href":"https:\/\/homeofwool.com\/sv\/wp-json\/wp\/v2\/media\/228555"}],"wp:attachment":[{"href":"https:\/\/homeofwool.com\/sv\/wp-json\/wp\/v2\/media?parent=228547"}],"wp:term":[{"taxonomy":"product_brand","embeddable":true,"href":"https:\/\/homeofwool.com\/sv\/wp-json\/wp\/v2\/product_brand?post=228547"},{"taxonomy":"product_cat","embeddable":true,"href":"https:\/\/homeofwool.com\/sv\/wp-json\/wp\/v2\/product_cat?post=228547"},{"taxonomy":"product_tag","embeddable":true,"href":"https:\/\/homeofwool.com\/sv\/wp-json\/wp\/v2\/product_tag?post=228547"}],"curies":[{"name":"wp","href":"https:\/\/api.w.org\/{rel}","templated":true}]}}