{"id":227322,"date":"2026-01-15T10:49:25","date_gmt":"2026-01-15T10:49:25","guid":{"rendered":"https:\/\/homeofwool.com\/?post_type=product&#038;p=227322"},"modified":"2026-01-20T10:33:47","modified_gmt":"2026-01-20T10:33:47","slug":"sangdelningsdyna-med-avtagbart-overdrag-anpassad-for-leilani","status":"publish","type":"product","link":"https:\/\/homeofwool.com\/sv\/shop\/bed-sharing-cushion-with-removable-cover-custom-for-leilani\/","title":{"rendered":"Kudde f\u00f6r delad s\u00e4ng med avtagbart \u00f6verdrag \/ Anpassad f\u00f6r Leilani"},"content":{"rendered":"<p>B\u00e4dddelningskudde med avtagbart \u00f6verdrag<\/p>\n<p>78,7 x 45,7 cm (31 x 18\u201d)<br \/>\nFILLING: 1,6 kg (3,6 lbs) ekologisk l\u00f6sull<\/p>\n<p>FUNKTIONER:<br \/>\nTv\u00e4ttbart \u00f6verdrag.<br \/>\nH\u00f6ga konturer f\u00f6r att skydda barnet fr\u00e5n att rulla iv\u00e4g och fr\u00e5n att du rullar \u00f6ver barnet.<br \/>\nHammockomr\u00e5det i mitten g\u00f6r att barnet kan ligga p\u00e5 f\u00f6r\u00e4ldrarnas madrass.<br \/>\nDragkedja f\u00f6r att justera ullfyllningen om det beh\u00f6vs.<\/p>\n<p>VALFRI DYNA I MITTEN SOM KAN OMVANDLAS TILL MADRASS: NEJ<\/p>\n<p>L\u00c4GG TILL PERSONLIGA TECKEN:- nej<\/p>\n<p>V\u00c5RTYGE:\u25cf 100% Ekologisk bomull, mellanvikt, oblekt (GOTS-certifierad)<\/p>\n<p>+ L\u00c4GG TILL SLIPCOVER-TYG (avtagbart, tv\u00e4ttbart):\u25cf 100% Ekologisk bomull, mellanvikt, oblekt (GOTS-certifierad)<\/p>\n<p>DIN LEVERANSMETOD: - GRATIS FEDEX ECONOMY, , 7-10 dagars transittid<\/p>","protected":false},"excerpt":{"rendered":"<p>BED SHARING CUSHION with removable cover 31 x 18&#8221; (78.7 x 45.7 cm) FILLING: 1.6 kg (3.6 lbs) of Organic Loose Wool FEATURES: Washable cover. High contours to protect the baby from rolling away and from you rolling over the baby. Hammock area in the middle allows the baby to lay on the parents\u2019 mattress. [&hellip;]<\/p>\n","protected":false},"featured_media":220500,"template":"","meta":{"_acf_changed":false},"product_brand":[],"product_cat":[266],"product_tag":[1365],"class_list":{"0":"post-227322","1":"product","2":"type-product","3":"status-publish","4":"has-post-thumbnail","6":"product_cat-baby-sleep-products","7":"product_tag-custom-for-leilani","9":"first","10":"instock","11":"shipping-taxable","12":"purchasable","13":"product-type-simple"},"acf":[],"yoast_head":"<!-- This site is optimized with the Yoast SEO Premium plugin v27.3 (Yoast SEO v27.3) - https:\/\/yoast.com\/product\/yoast-seo-premium-wordpress\/ -->\n<title>Bed Sharing Cushion with Removable Cover \/ Custom for Leilani | Home of Wool<\/title>\n<meta name=\"robots\" content=\"noindex, nofollow\" \/>\n<meta property=\"og:locale\" content=\"sv_SE\" \/>\n<meta property=\"og:type\" content=\"article\" \/>\n<meta property=\"og:title\" content=\"Bed Sharing Cushion with Removable Cover \/ Custom for Leilani\" \/>\n<meta property=\"og:description\" content=\"BED SHARING CUSHION with removable cover 31 x 18&#8221; (78.7 x 45.7 cm) FILLING: 1.6 kg (3.6 lbs) of Organic Loose Wool FEATURES: Washable cover. High contours to protect the baby from rolling away and from you rolling over the baby. Hammock area in the middle allows the baby to lay on the parents\u2019 mattress. [&hellip;]\" \/>\n<meta property=\"og:url\" content=\"https:\/\/homeofwool.com\/sv\/butik\/sangdelningsdyna-med-avtagbart-overdrag-anpassad-for-leilani\/\" \/>\n<meta property=\"og:site_name\" content=\"Home of Wool\" \/>\n<meta property=\"article:publisher\" content=\"https:\/\/facebook.com\/HomeOfWoolOfficial\" \/>\n<meta property=\"article:modified_time\" content=\"2026-01-20T10:33:47+00:00\" \/>\n<meta property=\"og:image\" content=\"https:\/\/homeofwool.com\/wp-content\/uploads\/2025\/09\/cropped-cropped-home-of-wool-logo-favicon-192x192.png.webp\" \/>\n\t<meta property=\"og:image:width\" content=\"512\" \/>\n\t<meta property=\"og:image:height\" content=\"512\" \/>\n\t<meta property=\"og:image:type\" content=\"image\/webp\" \/>\n<meta name=\"twitter:card\" content=\"summary_large_image\" \/>\n<meta name=\"twitter:label1\" content=\"Ber\u00e4knad l\u00e4stid\" \/>\n\t<meta name=\"twitter:data1\" content=\"1 minut\" \/>\n<script type=\"application\/ld+json\" class=\"yoast-schema-graph\">{\"@context\":\"https:\\\/\\\/schema.org\",\"@graph\":[{\"@type\":\"WebPage\",\"@id\":\"https:\\\/\\\/homeofwool.com\\\/shop\\\/bed-sharing-cushion-with-removable-cover-custom-for-leilani\\\/\",\"url\":\"https:\\\/\\\/homeofwool.com\\\/shop\\\/bed-sharing-cushion-with-removable-cover-custom-for-leilani\\\/\",\"name\":\"Bed Sharing Cushion with Removable Cover \\\/ Custom for Leilani | Home of Wool\",\"isPartOf\":{\"@id\":\"https:\\\/\\\/homeofwool.com\\\/#website\"},\"primaryImageOfPage\":{\"@id\":\"https:\\\/\\\/homeofwool.com\\\/shop\\\/bed-sharing-cushion-with-removable-cover-custom-for-leilani\\\/#primaryimage\"},\"image\":{\"@id\":\"https:\\\/\\\/homeofwool.com\\\/shop\\\/bed-sharing-cushion-with-removable-cover-custom-for-leilani\\\/#primaryimage\"},\"thumbnailUrl\":\"https:\\\/\\\/homeofwool.com\\\/wp-content\\\/uploads\\\/2025\\\/09\\\/cropped-cropped-home-of-wool-logo-favicon-192x192.png.webp\",\"datePublished\":\"2026-01-15T10:49:25+00:00\",\"dateModified\":\"2026-01-20T10:33:47+00:00\",\"breadcrumb\":{\"@id\":\"https:\\\/\\\/homeofwool.com\\\/shop\\\/bed-sharing-cushion-with-removable-cover-custom-for-leilani\\\/#breadcrumb\"},\"inLanguage\":\"sv-SE\",\"potentialAction\":[{\"@type\":\"ReadAction\",\"target\":[\"https:\\\/\\\/homeofwool.com\\\/shop\\\/bed-sharing-cushion-with-removable-cover-custom-for-leilani\\\/\"]}]},{\"@type\":\"ImageObject\",\"inLanguage\":\"sv-SE\",\"@id\":\"https:\\\/\\\/homeofwool.com\\\/shop\\\/bed-sharing-cushion-with-removable-cover-custom-for-leilani\\\/#primaryimage\",\"url\":\"https:\\\/\\\/homeofwool.com\\\/wp-content\\\/uploads\\\/2025\\\/09\\\/cropped-cropped-home-of-wool-logo-favicon-192x192.png.webp\",\"contentUrl\":\"https:\\\/\\\/homeofwool.com\\\/wp-content\\\/uploads\\\/2025\\\/09\\\/cropped-cropped-home-of-wool-logo-favicon-192x192.png.webp\",\"width\":512,\"height\":512},{\"@type\":\"BreadcrumbList\",\"@id\":\"https:\\\/\\\/homeofwool.com\\\/shop\\\/bed-sharing-cushion-with-removable-cover-custom-for-leilani\\\/#breadcrumb\",\"itemListElement\":[{\"@type\":\"ListItem\",\"position\":1,\"name\":\"Home\",\"item\":\"https:\\\/\\\/homeofwool.com\\\/\"},{\"@type\":\"ListItem\",\"position\":2,\"name\":\"Products\",\"item\":\"https:\\\/\\\/homeofwool.com\\\/header-search-2\\\/\"},{\"@type\":\"ListItem\",\"position\":3,\"name\":\"Bed Sharing Cushion with Removable Cover \\\/ Custom for Leilani\"}]},{\"@type\":\"WebSite\",\"@id\":\"https:\\\/\\\/homeofwool.com\\\/#website\",\"url\":\"https:\\\/\\\/homeofwool.com\\\/\",\"name\":\"Home of Wool\",\"description\":\"\",\"publisher\":{\"@id\":\"https:\\\/\\\/homeofwool.com\\\/#organization\"},\"potentialAction\":[{\"@type\":\"SearchAction\",\"target\":{\"@type\":\"EntryPoint\",\"urlTemplate\":\"https:\\\/\\\/homeofwool.com\\\/?s={search_term_string}\"},\"query-input\":{\"@type\":\"PropertyValueSpecification\",\"valueRequired\":true,\"valueName\":\"search_term_string\"}}],\"inLanguage\":\"sv-SE\"},{\"@type\":\"Organization\",\"@id\":\"https:\\\/\\\/homeofwool.com\\\/#organization\",\"name\":\"Home of Wool\",\"url\":\"https:\\\/\\\/homeofwool.com\\\/\",\"logo\":{\"@type\":\"ImageObject\",\"inLanguage\":\"sv-SE\",\"@id\":\"https:\\\/\\\/homeofwool.com\\\/#\\\/schema\\\/logo\\\/image\\\/\",\"url\":\"https:\\\/\\\/homeofwool.com\\\/wp-content\\\/uploads\\\/2025\\\/09\\\/WhatsApp-Image-2025-12-02-at-16.23.20.jpeg\",\"contentUrl\":\"https:\\\/\\\/homeofwool.com\\\/wp-content\\\/uploads\\\/2025\\\/09\\\/WhatsApp-Image-2025-12-02-at-16.23.20.jpeg\",\"width\":700,\"height\":247,\"caption\":\"Home of Wool\"},\"image\":{\"@id\":\"https:\\\/\\\/homeofwool.com\\\/#\\\/schema\\\/logo\\\/image\\\/\"},\"sameAs\":[\"https:\\\/\\\/facebook.com\\\/HomeOfWoolOfficial\"]}]}<\/script>\n<!-- \/ Yoast SEO Premium plugin. -->","yoast_head_json":{"title":"Kudde f\u00f6r delad s\u00e4ng med avtagbart \u00f6verdrag \/ anpassad f\u00f6r Leilani | Home of Wool","robots":{"index":"noindex","follow":"nofollow"},"og_locale":"sv_SE","og_type":"article","og_title":"Bed Sharing Cushion with Removable Cover \/ Custom for Leilani","og_description":"BED SHARING CUSHION with removable cover 31 x 18&#8221; (78.7 x 45.7 cm) FILLING: 1.6 kg (3.6 lbs) of Organic Loose Wool FEATURES: Washable cover. High contours to protect the baby from rolling away and from you rolling over the baby. Hammock area in the middle allows the baby to lay on the parents\u2019 mattress. [&hellip;]","og_url":"https:\/\/homeofwool.com\/sv\/butik\/sangdelningsdyna-med-avtagbart-overdrag-anpassad-for-leilani\/","og_site_name":"Home of Wool","article_publisher":"https:\/\/facebook.com\/HomeOfWoolOfficial","article_modified_time":"2026-01-20T10:33:47+00:00","og_image":[{"width":512,"height":512,"url":"https:\/\/homeofwool.com\/wp-content\/uploads\/2025\/09\/cropped-cropped-home-of-wool-logo-favicon-192x192.png.webp","type":"image\/webp"}],"twitter_card":"summary_large_image","twitter_misc":{"Ber\u00e4knad l\u00e4stid":"1 minut"},"schema":{"@context":"https:\/\/schema.org","@graph":[{"@type":"WebPage","@id":"https:\/\/homeofwool.com\/shop\/bed-sharing-cushion-with-removable-cover-custom-for-leilani\/","url":"https:\/\/homeofwool.com\/shop\/bed-sharing-cushion-with-removable-cover-custom-for-leilani\/","name":"Kudde f\u00f6r delad s\u00e4ng med avtagbart \u00f6verdrag \/ anpassad f\u00f6r Leilani | Home of Wool","isPartOf":{"@id":"https:\/\/homeofwool.com\/#website"},"primaryImageOfPage":{"@id":"https:\/\/homeofwool.com\/shop\/bed-sharing-cushion-with-removable-cover-custom-for-leilani\/#primaryimage"},"image":{"@id":"https:\/\/homeofwool.com\/shop\/bed-sharing-cushion-with-removable-cover-custom-for-leilani\/#primaryimage"},"thumbnailUrl":"https:\/\/homeofwool.com\/wp-content\/uploads\/2025\/09\/cropped-cropped-home-of-wool-logo-favicon-192x192.png.webp","datePublished":"2026-01-15T10:49:25+00:00","dateModified":"2026-01-20T10:33:47+00:00","breadcrumb":{"@id":"https:\/\/homeofwool.com\/shop\/bed-sharing-cushion-with-removable-cover-custom-for-leilani\/#breadcrumb"},"inLanguage":"sv-SE","potentialAction":[{"@type":"ReadAction","target":["https:\/\/homeofwool.com\/shop\/bed-sharing-cushion-with-removable-cover-custom-for-leilani\/"]}]},{"@type":"ImageObject","inLanguage":"sv-SE","@id":"https:\/\/homeofwool.com\/shop\/bed-sharing-cushion-with-removable-cover-custom-for-leilani\/#primaryimage","url":"https:\/\/homeofwool.com\/wp-content\/uploads\/2025\/09\/cropped-cropped-home-of-wool-logo-favicon-192x192.png.webp","contentUrl":"https:\/\/homeofwool.com\/wp-content\/uploads\/2025\/09\/cropped-cropped-home-of-wool-logo-favicon-192x192.png.webp","width":512,"height":512},{"@type":"BreadcrumbList","@id":"https:\/\/homeofwool.com\/shop\/bed-sharing-cushion-with-removable-cover-custom-for-leilani\/#breadcrumb","itemListElement":[{"@type":"ListItem","position":1,"name":"Home","item":"https:\/\/homeofwool.com\/"},{"@type":"ListItem","position":2,"name":"Products","item":"https:\/\/homeofwool.com\/header-search-2\/"},{"@type":"ListItem","position":3,"name":"Bed Sharing Cushion with Removable Cover \/ Custom for Leilani"}]},{"@type":"WebSite","@id":"https:\/\/homeofwool.com\/#website","url":"https:\/\/homeofwool.com\/","name":"Hem f\u00f6r ull","description":"","publisher":{"@id":"https:\/\/homeofwool.com\/#organization"},"potentialAction":[{"@type":"SearchAction","target":{"@type":"EntryPoint","urlTemplate":"https:\/\/homeofwool.com\/?s={search_term_string}"},"query-input":{"@type":"PropertyValueSpecification","valueRequired":true,"valueName":"search_term_string"}}],"inLanguage":"sv-SE"},{"@type":"Organization","@id":"https:\/\/homeofwool.com\/#organization","name":"Hem f\u00f6r ull","url":"https:\/\/homeofwool.com\/","logo":{"@type":"ImageObject","inLanguage":"sv-SE","@id":"https:\/\/homeofwool.com\/#\/schema\/logo\/image\/","url":"https:\/\/homeofwool.com\/wp-content\/uploads\/2025\/09\/WhatsApp-Image-2025-12-02-at-16.23.20.jpeg","contentUrl":"https:\/\/homeofwool.com\/wp-content\/uploads\/2025\/09\/WhatsApp-Image-2025-12-02-at-16.23.20.jpeg","width":700,"height":247,"caption":"Home of Wool"},"image":{"@id":"https:\/\/homeofwool.com\/#\/schema\/logo\/image\/"},"sameAs":["https:\/\/facebook.com\/HomeOfWoolOfficial"]}]}},"_links":{"self":[{"href":"https:\/\/homeofwool.com\/sv\/wp-json\/wp\/v2\/product\/227322","targetHints":{"allow":["GET"]}}],"collection":[{"href":"https:\/\/homeofwool.com\/sv\/wp-json\/wp\/v2\/product"}],"about":[{"href":"https:\/\/homeofwool.com\/sv\/wp-json\/wp\/v2\/types\/product"}],"version-history":[{"count":1,"href":"https:\/\/homeofwool.com\/sv\/wp-json\/wp\/v2\/product\/227322\/revisions"}],"predecessor-version":[{"id":227323,"href":"https:\/\/homeofwool.com\/sv\/wp-json\/wp\/v2\/product\/227322\/revisions\/227323"}],"wp:featuredmedia":[{"embeddable":true,"href":"https:\/\/homeofwool.com\/sv\/wp-json\/wp\/v2\/media\/220500"}],"wp:attachment":[{"href":"https:\/\/homeofwool.com\/sv\/wp-json\/wp\/v2\/media?parent=227322"}],"wp:term":[{"taxonomy":"product_brand","embeddable":true,"href":"https:\/\/homeofwool.com\/sv\/wp-json\/wp\/v2\/product_brand?post=227322"},{"taxonomy":"product_cat","embeddable":true,"href":"https:\/\/homeofwool.com\/sv\/wp-json\/wp\/v2\/product_cat?post=227322"},{"taxonomy":"product_tag","embeddable":true,"href":"https:\/\/homeofwool.com\/sv\/wp-json\/wp\/v2\/product_tag?post=227322"}],"curies":[{"name":"wp","href":"https:\/\/api.w.org\/{rel}","templated":true}]}}