{"id":226756,"date":"2025-12-16T14:21:02","date_gmt":"2025-12-16T14:21:02","guid":{"rendered":"https:\/\/homeofwool.com\/?post_type=product&#038;p=226756"},"modified":"2026-03-11T09:16:03","modified_gmt":"2026-03-11T09:16:03","slug":"tyg-av-merinoull","status":"publish","type":"product","link":"https:\/\/homeofwool.com\/sv\/shop\/merino-wool-fabric\/","title":{"rendered":"Merinoulltyg"},"content":{"rendered":"<p>Vi f\u00e5r ofta den h\u00e4r fr\u00e5gan. \u201c\u00c4r den verkligen mjuk, eller beskrivs den bara s\u00e5?\u201d Det \u00e4r verkligen mjukt. Merinoulltyget \u00e4r tillverkat av fina fibrer som k\u00e4nns mjuka och lugna mot huden. Inget som kliar. Ingen styvhet. F\u00f6r m\u00e4nniskor som har allergier, astma eller hudk\u00e4nslighet brukar det h\u00e4r ulltyget vara en s\u00e4ker plats att landa p\u00e5. Det \u00e4r naturligt allergiv\u00e4nligt och tillverkat utan n\u00e5gra kemiska behandlingar. Det betyder mer \u00e4n de flesta m\u00e4nniskor inser.<\/p>\n<p>Den \u00e4r stickad som en jersey i merinoull, s\u00e5 det finns en viss naturlig stretch. Inte dramatiskt. Bara tillr\u00e4ckligt. Tillr\u00e4ckligt f\u00f6r att r\u00f6ra sig med dig ist\u00e4llet f\u00f6r mot dig. Det \u00e4r d\u00e4rf\u00f6r den fungerar s\u00e5 bra till babytofflor, m\u00f6ssor, halsdukar, buffar och avslappnade loungekl\u00e4der. Vi f\u00e5r ocks\u00e5 fr\u00e5gor om s\u00e4ngkl\u00e4der. Ja, det fungerar d\u00e4r ocks\u00e5. Lakan och \u00f6rngott k\u00e4nns andningsbara och bekv\u00e4ma, s\u00e4rskilt f\u00f6r sp\u00e4dbarn och k\u00e4nsliga sovare.<\/p>\n<p>Ulltyget s\u00e4ljs som metervara, s\u00e5 du kan best\u00e4lla precis vad du beh\u00f6ver. Lite grann. Eller mycket. Detta ullmaterial i metervara passar b\u00e5de sm\u00e5 personliga projekt och hela b\u00e4ddset. Merinoull hanterar temperaturen perfekt. Varm n\u00e4r den ska vara det. Andas alltid. Den h\u00e5ller l\u00e4nge och slits bra. \u00c4r du os\u00e4ker? Prover finns tillg\u00e4ngliga f\u00f6r k\u00f6p. Ibland r\u00e4cker det med att k\u00e4nna det en g\u00e5ng.<\/p>","protected":false},"excerpt":{"rendered":"<p>Mjuk. Andningsbar. Skonsamt mot k\u00e4nslig hud. Detta tyg i merinoull \u00e4r OEKO-TEX\u00ae-certifierat och tillverkat f\u00f6r plagg som h\u00e5ller sig n\u00e4ra dig och h\u00e5ller dig varm. Dag och natt.<\/p>\n<p><strong>Vikt<\/strong>: 280 g\/m\u00b2<br \/>\n<strong>Bredd<\/strong>: 172 cm (67,7\u2033)<\/p>\n<div class=\"global-icon-set\">\n<div class=\"global-icon-set__items\">\n<div class=\"global-icon-set__item\">\n<div class=\"global-icon-set__image\">\n                                    <img decoding=\"async\" src=\"https:\/\/homeofwool.com\/wp-content\/uploads\/2025\/09\/VOCs-min-300x300.png\" alt=\"Vocs gratis\" \/>\n                                <\/div>\n<div class=\"global-icon-set__title\">Fri fr\u00e5n VOC<\/div>\n<\/p><\/div>\n<div class=\"global-icon-set__item\">\n<div class=\"global-icon-set__image\">\n                                    <img decoding=\"async\" src=\"https:\/\/homeofwool.com\/wp-content\/uploads\/2025\/09\/Hypoallergenic-min-300x300.png\" alt=\"hypoallergen ikon\" \/>\n                                <\/div>\n<div class=\"global-icon-set__title\">Allergiv\u00e4nlig<\/div>\n<\/p><\/div>\n<div class=\"global-icon-set__item\">\n<div class=\"global-icon-set__image\">\n                                    <img decoding=\"async\" src=\"https:\/\/homeofwool.com\/wp-content\/uploads\/2025\/09\/free-of-synthetics-icon-300x300.png\" alt=\"fri fr\u00e5n syntetiska \u00e4mnen ikon\" \/>\n                                <\/div>\n<div class=\"global-icon-set__title\">Fri fr\u00e5n syntetmaterial<\/div>\n<\/p><\/div>\n<div class=\"global-icon-set__item\">\n<div class=\"global-icon-set__image\">\n                                    <img decoding=\"async\" src=\"https:\/\/homeofwool.com\/wp-content\/uploads\/2025\/09\/chemical-free-icon-300x300.png\" alt=\"kemikaliefri ikon\" \/>\n                                <\/div>\n<div class=\"global-icon-set__title\">Fri fr\u00e5n kemikalier<\/div>\n<\/p><\/div>\n<\/p><\/div>\n<\/p><\/div>","protected":false},"featured_media":226772,"template":"","meta":{"_acf_changed":false},"product_brand":[],"product_cat":[25],"product_tag":[85,86,1360,1359,94],"class_list":{"0":"post-226756","1":"product","2":"type-product","3":"status-publish","4":"has-post-thumbnail","6":"product_cat-wool-fabrics-batting","7":"product_tag-craft-supplies","8":"product_tag-eco-friendly-textile","9":"product_tag-merino-jersey-wool","10":"product_tag-merino-wool","11":"product_tag-sewing-supply","13":"first","14":"instock","15":"shipping-taxable","16":"purchasable","17":"product-type-variable"},"acf":[],"yoast_head":"<!-- This site is optimized with the Yoast SEO Premium plugin v27.5 (Yoast SEO v27.5) - https:\/\/yoast.com\/product\/yoast-seo-premium-wordpress\/ -->\n<title>Merino Wool Fabric \u2013 Organic &amp; Hypoallergenic | Home of Wool<\/title>\n<meta name=\"description\" content=\"Merino wool fabric by the yard\u2014soft, breathable, hypoallergenic, and chemical-free. Ideal for bedding, baby items, and sustainable sewing projects.\" \/>\n<meta name=\"robots\" content=\"index, follow, max-snippet:-1, max-image-preview:large, max-video-preview:-1\" \/>\n<link rel=\"canonical\" href=\"https:\/\/homeofwool.com\/sv\/butik\/tyg-av-merinoull\/\" \/>\n<meta property=\"og:locale\" content=\"sv_SE\" \/>\n<meta property=\"og:type\" content=\"article\" \/>\n<meta property=\"og:title\" content=\"Merino Wool Fabric\" \/>\n<meta property=\"og:description\" content=\"Merino wool fabric by the yard\u2014soft, breathable, hypoallergenic, and chemical-free. Ideal for bedding, baby items, and sustainable sewing projects.\" \/>\n<meta property=\"og:url\" content=\"https:\/\/homeofwool.com\/sv\/butik\/tyg-av-merinoull\/\" \/>\n<meta property=\"og:site_name\" content=\"Home of Wool\" \/>\n<meta property=\"article:publisher\" content=\"https:\/\/facebook.com\/HomeOfWoolOfficial\" \/>\n<meta property=\"article:modified_time\" content=\"2026-03-11T09:16:03+00:00\" \/>\n<meta property=\"og:image\" content=\"https:\/\/homeofwool.com\/wp-content\/uploads\/2025\/12\/Home-of-Wool-100-merino-jersey-wool-fabric-3-min.jpg\" \/>\n\t<meta property=\"og:image:width\" content=\"2000\" \/>\n\t<meta property=\"og:image:height\" content=\"1600\" \/>\n\t<meta property=\"og:image:type\" content=\"image\/jpeg\" \/>\n<meta name=\"twitter:card\" content=\"summary_large_image\" \/>\n<meta name=\"twitter:label1\" content=\"Ber\u00e4knad l\u00e4stid\" \/>\n\t<meta name=\"twitter:data1\" content=\"2 minuter\" \/>\n<script type=\"application\/ld+json\" class=\"yoast-schema-graph\">{\"@context\":\"https:\\\/\\\/schema.org\",\"@graph\":[{\"@type\":\"WebPage\",\"@id\":\"https:\\\/\\\/homeofwool.com\\\/shop\\\/merino-wool-fabric\\\/\",\"url\":\"https:\\\/\\\/homeofwool.com\\\/shop\\\/merino-wool-fabric\\\/\",\"name\":\"Merino Wool Fabric \u2013 Organic & Hypoallergenic | Home of Wool\",\"isPartOf\":{\"@id\":\"https:\\\/\\\/homeofwool.com\\\/#website\"},\"primaryImageOfPage\":{\"@id\":\"https:\\\/\\\/homeofwool.com\\\/shop\\\/merino-wool-fabric\\\/#primaryimage\"},\"image\":{\"@id\":\"https:\\\/\\\/homeofwool.com\\\/shop\\\/merino-wool-fabric\\\/#primaryimage\"},\"thumbnailUrl\":\"https:\\\/\\\/homeofwool.com\\\/wp-content\\\/uploads\\\/2025\\\/12\\\/Home-of-Wool-100-merino-jersey-wool-fabric-3-min.jpg\",\"datePublished\":\"2025-12-16T14:21:02+00:00\",\"dateModified\":\"2026-03-11T09:16:03+00:00\",\"description\":\"Merino wool fabric by the yard\u2014soft, breathable, hypoallergenic, and chemical-free. Ideal for bedding, baby items, and sustainable sewing projects.\",\"breadcrumb\":{\"@id\":\"https:\\\/\\\/homeofwool.com\\\/shop\\\/merino-wool-fabric\\\/#breadcrumb\"},\"inLanguage\":\"sv-SE\",\"potentialAction\":[{\"@type\":\"ReadAction\",\"target\":[\"https:\\\/\\\/homeofwool.com\\\/shop\\\/merino-wool-fabric\\\/\"]}]},{\"@type\":\"ImageObject\",\"inLanguage\":\"sv-SE\",\"@id\":\"https:\\\/\\\/homeofwool.com\\\/shop\\\/merino-wool-fabric\\\/#primaryimage\",\"url\":\"https:\\\/\\\/homeofwool.com\\\/wp-content\\\/uploads\\\/2025\\\/12\\\/Home-of-Wool-100-merino-jersey-wool-fabric-3-min.jpg\",\"contentUrl\":\"https:\\\/\\\/homeofwool.com\\\/wp-content\\\/uploads\\\/2025\\\/12\\\/Home-of-Wool-100-merino-jersey-wool-fabric-3-min.jpg\",\"width\":2000,\"height\":1600,\"caption\":\"merino jersey wool fabric\"},{\"@type\":\"BreadcrumbList\",\"@id\":\"https:\\\/\\\/homeofwool.com\\\/shop\\\/merino-wool-fabric\\\/#breadcrumb\",\"itemListElement\":[{\"@type\":\"ListItem\",\"position\":1,\"name\":\"Home\",\"item\":\"https:\\\/\\\/homeofwool.com\\\/\"},{\"@type\":\"ListItem\",\"position\":2,\"name\":\"Products\",\"item\":\"https:\\\/\\\/homeofwool.com\\\/header-search-2\\\/\"},{\"@type\":\"ListItem\",\"position\":3,\"name\":\"Merino Wool Fabric\"}]},{\"@type\":\"WebSite\",\"@id\":\"https:\\\/\\\/homeofwool.com\\\/#website\",\"url\":\"https:\\\/\\\/homeofwool.com\\\/\",\"name\":\"Home of Wool\",\"description\":\"\",\"publisher\":{\"@id\":\"https:\\\/\\\/homeofwool.com\\\/#organization\"},\"potentialAction\":[{\"@type\":\"SearchAction\",\"target\":{\"@type\":\"EntryPoint\",\"urlTemplate\":\"https:\\\/\\\/homeofwool.com\\\/?s={search_term_string}\"},\"query-input\":{\"@type\":\"PropertyValueSpecification\",\"valueRequired\":true,\"valueName\":\"search_term_string\"}}],\"inLanguage\":\"sv-SE\"},{\"@type\":\"Organization\",\"@id\":\"https:\\\/\\\/homeofwool.com\\\/#organization\",\"name\":\"Home of Wool\",\"url\":\"https:\\\/\\\/homeofwool.com\\\/\",\"logo\":{\"@type\":\"ImageObject\",\"inLanguage\":\"sv-SE\",\"@id\":\"https:\\\/\\\/homeofwool.com\\\/#\\\/schema\\\/logo\\\/image\\\/\",\"url\":\"https:\\\/\\\/homeofwool.com\\\/wp-content\\\/uploads\\\/2025\\\/09\\\/WhatsApp-Image-2025-12-02-at-16.23.20.jpeg\",\"contentUrl\":\"https:\\\/\\\/homeofwool.com\\\/wp-content\\\/uploads\\\/2025\\\/09\\\/WhatsApp-Image-2025-12-02-at-16.23.20.jpeg\",\"width\":700,\"height\":247,\"caption\":\"Home of Wool\"},\"image\":{\"@id\":\"https:\\\/\\\/homeofwool.com\\\/#\\\/schema\\\/logo\\\/image\\\/\"},\"sameAs\":[\"https:\\\/\\\/facebook.com\\\/HomeOfWoolOfficial\"]}]}<\/script>\n<!-- \/ Yoast SEO Premium plugin. -->","yoast_head_json":{"title":"Tyg av merinoull - ekologiskt och allergiv\u00e4nligt | Home of Wool","description":"Tyg i merinoull per meter - mjukt, andas, allergiv\u00e4nligt och kemikaliefritt. Perfekt f\u00f6r s\u00e4ngkl\u00e4der, babyartiklar och h\u00e5llbara s\u00f6mnadsprojekt.","robots":{"index":"index","follow":"follow","max-snippet":"max-snippet:-1","max-image-preview":"max-image-preview:large","max-video-preview":"max-video-preview:-1"},"canonical":"https:\/\/homeofwool.com\/sv\/butik\/tyg-av-merinoull\/","og_locale":"sv_SE","og_type":"article","og_title":"Merino Wool Fabric","og_description":"Merino wool fabric by the yard\u2014soft, breathable, hypoallergenic, and chemical-free. Ideal for bedding, baby items, and sustainable sewing projects.","og_url":"https:\/\/homeofwool.com\/sv\/butik\/tyg-av-merinoull\/","og_site_name":"Home of Wool","article_publisher":"https:\/\/facebook.com\/HomeOfWoolOfficial","article_modified_time":"2026-03-11T09:16:03+00:00","og_image":[{"width":2000,"height":1600,"url":"https:\/\/homeofwool.com\/wp-content\/uploads\/2025\/12\/Home-of-Wool-100-merino-jersey-wool-fabric-3-min.jpg","type":"image\/jpeg"}],"twitter_card":"summary_large_image","twitter_misc":{"Ber\u00e4knad l\u00e4stid":"2 minuter"},"schema":{"@context":"https:\/\/schema.org","@graph":[{"@type":"WebPage","@id":"https:\/\/homeofwool.com\/shop\/merino-wool-fabric\/","url":"https:\/\/homeofwool.com\/shop\/merino-wool-fabric\/","name":"Tyg av merinoull - ekologiskt och allergiv\u00e4nligt | Home of Wool","isPartOf":{"@id":"https:\/\/homeofwool.com\/#website"},"primaryImageOfPage":{"@id":"https:\/\/homeofwool.com\/shop\/merino-wool-fabric\/#primaryimage"},"image":{"@id":"https:\/\/homeofwool.com\/shop\/merino-wool-fabric\/#primaryimage"},"thumbnailUrl":"https:\/\/homeofwool.com\/wp-content\/uploads\/2025\/12\/Home-of-Wool-100-merino-jersey-wool-fabric-3-min.jpg","datePublished":"2025-12-16T14:21:02+00:00","dateModified":"2026-03-11T09:16:03+00:00","description":"Tyg i merinoull per meter - mjukt, andas, allergiv\u00e4nligt och kemikaliefritt. Perfekt f\u00f6r s\u00e4ngkl\u00e4der, babyartiklar och h\u00e5llbara s\u00f6mnadsprojekt.","breadcrumb":{"@id":"https:\/\/homeofwool.com\/shop\/merino-wool-fabric\/#breadcrumb"},"inLanguage":"sv-SE","potentialAction":[{"@type":"ReadAction","target":["https:\/\/homeofwool.com\/shop\/merino-wool-fabric\/"]}]},{"@type":"ImageObject","inLanguage":"sv-SE","@id":"https:\/\/homeofwool.com\/shop\/merino-wool-fabric\/#primaryimage","url":"https:\/\/homeofwool.com\/wp-content\/uploads\/2025\/12\/Home-of-Wool-100-merino-jersey-wool-fabric-3-min.jpg","contentUrl":"https:\/\/homeofwool.com\/wp-content\/uploads\/2025\/12\/Home-of-Wool-100-merino-jersey-wool-fabric-3-min.jpg","width":2000,"height":1600,"caption":"merino jersey wool fabric"},{"@type":"BreadcrumbList","@id":"https:\/\/homeofwool.com\/shop\/merino-wool-fabric\/#breadcrumb","itemListElement":[{"@type":"ListItem","position":1,"name":"Home","item":"https:\/\/homeofwool.com\/"},{"@type":"ListItem","position":2,"name":"Products","item":"https:\/\/homeofwool.com\/header-search-2\/"},{"@type":"ListItem","position":3,"name":"Merino Wool Fabric"}]},{"@type":"WebSite","@id":"https:\/\/homeofwool.com\/#website","url":"https:\/\/homeofwool.com\/","name":"Hem f\u00f6r ull","description":"","publisher":{"@id":"https:\/\/homeofwool.com\/#organization"},"potentialAction":[{"@type":"SearchAction","target":{"@type":"EntryPoint","urlTemplate":"https:\/\/homeofwool.com\/?s={search_term_string}"},"query-input":{"@type":"PropertyValueSpecification","valueRequired":true,"valueName":"search_term_string"}}],"inLanguage":"sv-SE"},{"@type":"Organization","@id":"https:\/\/homeofwool.com\/#organization","name":"Hem f\u00f6r ull","url":"https:\/\/homeofwool.com\/","logo":{"@type":"ImageObject","inLanguage":"sv-SE","@id":"https:\/\/homeofwool.com\/#\/schema\/logo\/image\/","url":"https:\/\/homeofwool.com\/wp-content\/uploads\/2025\/09\/WhatsApp-Image-2025-12-02-at-16.23.20.jpeg","contentUrl":"https:\/\/homeofwool.com\/wp-content\/uploads\/2025\/09\/WhatsApp-Image-2025-12-02-at-16.23.20.jpeg","width":700,"height":247,"caption":"Home of Wool"},"image":{"@id":"https:\/\/homeofwool.com\/#\/schema\/logo\/image\/"},"sameAs":["https:\/\/facebook.com\/HomeOfWoolOfficial"]}]}},"_links":{"self":[{"href":"https:\/\/homeofwool.com\/sv\/wp-json\/wp\/v2\/product\/226756","targetHints":{"allow":["GET"]}}],"collection":[{"href":"https:\/\/homeofwool.com\/sv\/wp-json\/wp\/v2\/product"}],"about":[{"href":"https:\/\/homeofwool.com\/sv\/wp-json\/wp\/v2\/types\/product"}],"version-history":[{"count":6,"href":"https:\/\/homeofwool.com\/sv\/wp-json\/wp\/v2\/product\/226756\/revisions"}],"predecessor-version":[{"id":228764,"href":"https:\/\/homeofwool.com\/sv\/wp-json\/wp\/v2\/product\/226756\/revisions\/228764"}],"wp:featuredmedia":[{"embeddable":true,"href":"https:\/\/homeofwool.com\/sv\/wp-json\/wp\/v2\/media\/226772"}],"wp:attachment":[{"href":"https:\/\/homeofwool.com\/sv\/wp-json\/wp\/v2\/media?parent=226756"}],"wp:term":[{"taxonomy":"product_brand","embeddable":true,"href":"https:\/\/homeofwool.com\/sv\/wp-json\/wp\/v2\/product_brand?post=226756"},{"taxonomy":"product_cat","embeddable":true,"href":"https:\/\/homeofwool.com\/sv\/wp-json\/wp\/v2\/product_cat?post=226756"},{"taxonomy":"product_tag","embeddable":true,"href":"https:\/\/homeofwool.com\/sv\/wp-json\/wp\/v2\/product_tag?post=226756"}],"curies":[{"name":"wp","href":"https:\/\/api.w.org\/{rel}","templated":true}]}}