{"id":218183,"date":"2025-09-02T12:03:55","date_gmt":"2025-09-02T12:03:55","guid":{"rendered":"https:\/\/homeofwool.com\/?post_type=product&#038;p=218183"},"modified":"2026-01-20T10:58:29","modified_gmt":"2026-01-20T10:58:29","slug":"skotunderlagg","status":"publish","type":"product","link":"https:\/\/homeofwool.com\/sv\/shop\/baby-changing-pad\/","title":{"rendered":"Sk\u00f6tb\u00e4dd i ull f\u00f6r barn"},"content":{"rendered":"<p>Vissa saker \u00e4r b\u00e4ttre n\u00e4r de \u00e4r enkla. Denna 100% sk\u00f6tb\u00e4dd i ull b\u00f6rjade p\u00e5 det s\u00e4ttet. Bara ull, rent tyg och noggranna s\u00f6mmar.<\/p>\n<p>Vi ville ha en kemikaliefri sk\u00f6tb\u00e4dd som faktiskt k\u00e4nns plastfri, en som doftar svagt av natur och inte av fabrik. Ytan, tillverkad av ekologiskt tyg, f\u00f6rblir sval och mjuk; insidan, ren ull, r\u00f6r sig med luften s\u00e5 att ditt barn k\u00e4nner sig bekv\u00e4mt under bl\u00f6jbyten eller babygymnastik.<\/p>\n<p>Ull f\u00f6rblir luktresistent, l\u00e5ter fukt andas ut och k\u00e4nns fr\u00e4sch efter varje anv\u00e4ndning. Mitten av dynan \u00e4r l\u00e4tt vadderad och kanterna h\u00e5ller formen. \u00d6verdraget \u00e4r l\u00e4tt att ta av f\u00f6r tv\u00e4tt. Om du beh\u00f6ver f\u00f6rflytta dig \u00e4r den h\u00e4r b\u00e4rbara sk\u00f6tb\u00e4dden en resev\u00e4nlig sk\u00f6tb\u00e4dd i en form som \u00e4r l\u00e4tt att b\u00e4ra med sig. Med m\u00e5tten 16 x 31\u2033 (40 x 80 cm) passar den p\u00e5 de flesta sk\u00f6tbord och byr\u00e5er.<\/p>\n<p>Var och en \u00e4r anpassningsbar och g\u00f6rs p\u00e5 best\u00e4llning. En h\u00e5llbar babyaccessoar som \u00e4r h\u00e5llbar och som f\u00f6ljer med dig under alla dina babys\u00e4songer. En del av v\u00e5r kollektion med ekologiska babytillbeh\u00f6r tillverkade med omsorg f\u00f6r de sm\u00e5.<\/p>\n<p><strong>STORLEK<\/strong>: 16 x 31 x 4\u201d (40,6 x 78,7 x 10 cm)<br \/>\nKontakta oss f\u00f6r anpassade storlekar.<\/p>","protected":false},"excerpt":{"rendered":"<p>S\u00e4ker komfort, dag efter dag. Den h\u00e4r naturliga sk\u00f6tb\u00e4dden \u00e4r fylld med 100%-ull och kl\u00e4dd i ekologiskt tyg. Naturlig sk\u00f6tb\u00e4dd som andas och som h\u00e5ller ditt barns hud lugn. En allergiv\u00e4nlig sk\u00f6tb\u00e4dd f\u00f6r f\u00f6r\u00e4ldrar som vill skapa en ren och h\u00e4lsosam milj\u00f6 runt sina barn.<\/p>","protected":false},"featured_media":224437,"template":"","meta":{"_acf_changed":false},"product_brand":[],"product_cat":[267],"product_tag":[],"class_list":{"0":"post-218183","1":"product","2":"type-product","3":"status-publish","4":"has-post-thumbnail","6":"product_cat-nursery","8":"first","9":"instock","10":"shipping-taxable","11":"purchasable","12":"product-type-variable"},"acf":[],"yoast_head":"<!-- This site is optimized with the Yoast SEO Premium plugin v27.3 (Yoast SEO v27.3) - https:\/\/yoast.com\/product\/yoast-seo-premium-wordpress\/ -->\n<title>Changing Pad \u2013 Natural Wool Baby Changing Pad | Home of Wool<\/title>\n<meta name=\"description\" content=\"The Changing Pad is made with breathable wool filling for toxin-free comfort. Hypoallergenic and natural, it ensures safe, sustainable, and eco-friendly protection for diaper changes.\" \/>\n<meta name=\"robots\" content=\"index, follow, max-snippet:-1, max-image-preview:large, max-video-preview:-1\" \/>\n<link rel=\"canonical\" href=\"https:\/\/homeofwool.com\/sv\/butik\/skotunderlagg\/\" \/>\n<meta property=\"og:locale\" content=\"sv_SE\" \/>\n<meta property=\"og:type\" content=\"article\" \/>\n<meta property=\"og:title\" content=\"Wool Baby Changing Pad\" \/>\n<meta property=\"og:description\" content=\"The Changing Pad is made with breathable wool filling for toxin-free comfort. Hypoallergenic and natural, it ensures safe, sustainable, and eco-friendly protection for diaper changes.\" \/>\n<meta property=\"og:url\" content=\"https:\/\/homeofwool.com\/sv\/butik\/skotunderlagg\/\" \/>\n<meta property=\"og:site_name\" content=\"Home of Wool\" \/>\n<meta property=\"article:publisher\" content=\"https:\/\/facebook.com\/HomeOfWoolOfficial\" \/>\n<meta property=\"article:modified_time\" content=\"2026-01-20T10:58:29+00:00\" \/>\n<meta property=\"og:image\" content=\"https:\/\/homeofwool.com\/wp-content\/uploads\/2025\/09\/home-of-wool-baby-changing-pad-main.jpg\" \/>\n\t<meta property=\"og:image:width\" content=\"2000\" \/>\n\t<meta property=\"og:image:height\" content=\"1600\" \/>\n\t<meta property=\"og:image:type\" content=\"image\/jpeg\" \/>\n<meta name=\"twitter:card\" content=\"summary_large_image\" \/>\n<meta name=\"twitter:label1\" content=\"Ber\u00e4knad l\u00e4stid\" \/>\n\t<meta name=\"twitter:data1\" content=\"2 minuter\" \/>\n<script type=\"application\/ld+json\" class=\"yoast-schema-graph\">{\"@context\":\"https:\\\/\\\/schema.org\",\"@graph\":[{\"@type\":\"WebPage\",\"@id\":\"https:\\\/\\\/homeofwool.com\\\/shop\\\/baby-changing-pad\\\/\",\"url\":\"https:\\\/\\\/homeofwool.com\\\/shop\\\/baby-changing-pad\\\/\",\"name\":\"Changing Pad \u2013 Natural Wool Baby Changing Pad | Home of Wool\",\"isPartOf\":{\"@id\":\"https:\\\/\\\/homeofwool.com\\\/#website\"},\"primaryImageOfPage\":{\"@id\":\"https:\\\/\\\/homeofwool.com\\\/shop\\\/baby-changing-pad\\\/#primaryimage\"},\"image\":{\"@id\":\"https:\\\/\\\/homeofwool.com\\\/shop\\\/baby-changing-pad\\\/#primaryimage\"},\"thumbnailUrl\":\"https:\\\/\\\/homeofwool.com\\\/wp-content\\\/uploads\\\/2025\\\/09\\\/home-of-wool-baby-changing-pad-main.jpg\",\"datePublished\":\"2025-09-02T12:03:55+00:00\",\"dateModified\":\"2026-01-20T10:58:29+00:00\",\"description\":\"The Changing Pad is made with breathable wool filling for toxin-free comfort. Hypoallergenic and natural, it ensures safe, sustainable, and eco-friendly protection for diaper changes.\",\"breadcrumb\":{\"@id\":\"https:\\\/\\\/homeofwool.com\\\/shop\\\/baby-changing-pad\\\/#breadcrumb\"},\"inLanguage\":\"sv-SE\",\"potentialAction\":[{\"@type\":\"ReadAction\",\"target\":[\"https:\\\/\\\/homeofwool.com\\\/shop\\\/baby-changing-pad\\\/\"]}]},{\"@type\":\"ImageObject\",\"inLanguage\":\"sv-SE\",\"@id\":\"https:\\\/\\\/homeofwool.com\\\/shop\\\/baby-changing-pad\\\/#primaryimage\",\"url\":\"https:\\\/\\\/homeofwool.com\\\/wp-content\\\/uploads\\\/2025\\\/09\\\/home-of-wool-baby-changing-pad-main.jpg\",\"contentUrl\":\"https:\\\/\\\/homeofwool.com\\\/wp-content\\\/uploads\\\/2025\\\/09\\\/home-of-wool-baby-changing-pad-main.jpg\",\"width\":2000,\"height\":1600,\"caption\":\"home of wool baby changing pad\"},{\"@type\":\"BreadcrumbList\",\"@id\":\"https:\\\/\\\/homeofwool.com\\\/shop\\\/baby-changing-pad\\\/#breadcrumb\",\"itemListElement\":[{\"@type\":\"ListItem\",\"position\":1,\"name\":\"Home\",\"item\":\"https:\\\/\\\/homeofwool.com\\\/\"},{\"@type\":\"ListItem\",\"position\":2,\"name\":\"Products\",\"item\":\"https:\\\/\\\/homeofwool.com\\\/header-search-2\\\/\"},{\"@type\":\"ListItem\",\"position\":3,\"name\":\"Wool Baby Changing Pad\"}]},{\"@type\":\"WebSite\",\"@id\":\"https:\\\/\\\/homeofwool.com\\\/#website\",\"url\":\"https:\\\/\\\/homeofwool.com\\\/\",\"name\":\"Home of Wool\",\"description\":\"\",\"publisher\":{\"@id\":\"https:\\\/\\\/homeofwool.com\\\/#organization\"},\"potentialAction\":[{\"@type\":\"SearchAction\",\"target\":{\"@type\":\"EntryPoint\",\"urlTemplate\":\"https:\\\/\\\/homeofwool.com\\\/?s={search_term_string}\"},\"query-input\":{\"@type\":\"PropertyValueSpecification\",\"valueRequired\":true,\"valueName\":\"search_term_string\"}}],\"inLanguage\":\"sv-SE\"},{\"@type\":\"Organization\",\"@id\":\"https:\\\/\\\/homeofwool.com\\\/#organization\",\"name\":\"Home of Wool\",\"url\":\"https:\\\/\\\/homeofwool.com\\\/\",\"logo\":{\"@type\":\"ImageObject\",\"inLanguage\":\"sv-SE\",\"@id\":\"https:\\\/\\\/homeofwool.com\\\/#\\\/schema\\\/logo\\\/image\\\/\",\"url\":\"https:\\\/\\\/homeofwool.com\\\/wp-content\\\/uploads\\\/2025\\\/09\\\/WhatsApp-Image-2025-12-02-at-16.23.20.jpeg\",\"contentUrl\":\"https:\\\/\\\/homeofwool.com\\\/wp-content\\\/uploads\\\/2025\\\/09\\\/WhatsApp-Image-2025-12-02-at-16.23.20.jpeg\",\"width\":700,\"height\":247,\"caption\":\"Home of Wool\"},\"image\":{\"@id\":\"https:\\\/\\\/homeofwool.com\\\/#\\\/schema\\\/logo\\\/image\\\/\"},\"sameAs\":[\"https:\\\/\\\/facebook.com\\\/HomeOfWoolOfficial\"]}]}<\/script>\n<!-- \/ Yoast SEO Premium plugin. -->","yoast_head_json":{"title":"Sk\u00f6tb\u00e4dd - Sk\u00f6tb\u00e4dd i naturull f\u00f6r barn | Home of Wool","description":"Sk\u00f6tb\u00e4dden \u00e4r tillverkad med andningsbar ullfyllning f\u00f6r giftfri komfort. Den \u00e4r allergiv\u00e4nlig och naturlig och ger ett s\u00e4kert, h\u00e5llbart och milj\u00f6v\u00e4nligt skydd vid bl\u00f6jbyten.","robots":{"index":"index","follow":"follow","max-snippet":"max-snippet:-1","max-image-preview":"max-image-preview:large","max-video-preview":"max-video-preview:-1"},"canonical":"https:\/\/homeofwool.com\/sv\/butik\/skotunderlagg\/","og_locale":"sv_SE","og_type":"article","og_title":"Wool Baby Changing Pad","og_description":"The Changing Pad is made with breathable wool filling for toxin-free comfort. Hypoallergenic and natural, it ensures safe, sustainable, and eco-friendly protection for diaper changes.","og_url":"https:\/\/homeofwool.com\/sv\/butik\/skotunderlagg\/","og_site_name":"Home of Wool","article_publisher":"https:\/\/facebook.com\/HomeOfWoolOfficial","article_modified_time":"2026-01-20T10:58:29+00:00","og_image":[{"width":2000,"height":1600,"url":"https:\/\/homeofwool.com\/wp-content\/uploads\/2025\/09\/home-of-wool-baby-changing-pad-main.jpg","type":"image\/jpeg"}],"twitter_card":"summary_large_image","twitter_misc":{"Ber\u00e4knad l\u00e4stid":"2 minuter"},"schema":{"@context":"https:\/\/schema.org","@graph":[{"@type":"WebPage","@id":"https:\/\/homeofwool.com\/shop\/baby-changing-pad\/","url":"https:\/\/homeofwool.com\/shop\/baby-changing-pad\/","name":"Sk\u00f6tb\u00e4dd - Sk\u00f6tb\u00e4dd i naturull f\u00f6r barn | Home of Wool","isPartOf":{"@id":"https:\/\/homeofwool.com\/#website"},"primaryImageOfPage":{"@id":"https:\/\/homeofwool.com\/shop\/baby-changing-pad\/#primaryimage"},"image":{"@id":"https:\/\/homeofwool.com\/shop\/baby-changing-pad\/#primaryimage"},"thumbnailUrl":"https:\/\/homeofwool.com\/wp-content\/uploads\/2025\/09\/home-of-wool-baby-changing-pad-main.jpg","datePublished":"2025-09-02T12:03:55+00:00","dateModified":"2026-01-20T10:58:29+00:00","description":"Sk\u00f6tb\u00e4dden \u00e4r tillverkad med andningsbar ullfyllning f\u00f6r giftfri komfort. Den \u00e4r allergiv\u00e4nlig och naturlig och ger ett s\u00e4kert, h\u00e5llbart och milj\u00f6v\u00e4nligt skydd vid bl\u00f6jbyten.","breadcrumb":{"@id":"https:\/\/homeofwool.com\/shop\/baby-changing-pad\/#breadcrumb"},"inLanguage":"sv-SE","potentialAction":[{"@type":"ReadAction","target":["https:\/\/homeofwool.com\/shop\/baby-changing-pad\/"]}]},{"@type":"ImageObject","inLanguage":"sv-SE","@id":"https:\/\/homeofwool.com\/shop\/baby-changing-pad\/#primaryimage","url":"https:\/\/homeofwool.com\/wp-content\/uploads\/2025\/09\/home-of-wool-baby-changing-pad-main.jpg","contentUrl":"https:\/\/homeofwool.com\/wp-content\/uploads\/2025\/09\/home-of-wool-baby-changing-pad-main.jpg","width":2000,"height":1600,"caption":"home of wool baby changing pad"},{"@type":"BreadcrumbList","@id":"https:\/\/homeofwool.com\/shop\/baby-changing-pad\/#breadcrumb","itemListElement":[{"@type":"ListItem","position":1,"name":"Home","item":"https:\/\/homeofwool.com\/"},{"@type":"ListItem","position":2,"name":"Products","item":"https:\/\/homeofwool.com\/header-search-2\/"},{"@type":"ListItem","position":3,"name":"Wool Baby Changing Pad"}]},{"@type":"WebSite","@id":"https:\/\/homeofwool.com\/#website","url":"https:\/\/homeofwool.com\/","name":"Hem f\u00f6r ull","description":"","publisher":{"@id":"https:\/\/homeofwool.com\/#organization"},"potentialAction":[{"@type":"SearchAction","target":{"@type":"EntryPoint","urlTemplate":"https:\/\/homeofwool.com\/?s={search_term_string}"},"query-input":{"@type":"PropertyValueSpecification","valueRequired":true,"valueName":"search_term_string"}}],"inLanguage":"sv-SE"},{"@type":"Organization","@id":"https:\/\/homeofwool.com\/#organization","name":"Hem f\u00f6r ull","url":"https:\/\/homeofwool.com\/","logo":{"@type":"ImageObject","inLanguage":"sv-SE","@id":"https:\/\/homeofwool.com\/#\/schema\/logo\/image\/","url":"https:\/\/homeofwool.com\/wp-content\/uploads\/2025\/09\/WhatsApp-Image-2025-12-02-at-16.23.20.jpeg","contentUrl":"https:\/\/homeofwool.com\/wp-content\/uploads\/2025\/09\/WhatsApp-Image-2025-12-02-at-16.23.20.jpeg","width":700,"height":247,"caption":"Home of Wool"},"image":{"@id":"https:\/\/homeofwool.com\/#\/schema\/logo\/image\/"},"sameAs":["https:\/\/facebook.com\/HomeOfWoolOfficial"]}]}},"_links":{"self":[{"href":"https:\/\/homeofwool.com\/sv\/wp-json\/wp\/v2\/product\/218183","targetHints":{"allow":["GET"]}}],"collection":[{"href":"https:\/\/homeofwool.com\/sv\/wp-json\/wp\/v2\/product"}],"about":[{"href":"https:\/\/homeofwool.com\/sv\/wp-json\/wp\/v2\/types\/product"}],"version-history":[{"count":1,"href":"https:\/\/homeofwool.com\/sv\/wp-json\/wp\/v2\/product\/218183\/revisions"}],"predecessor-version":[{"id":227330,"href":"https:\/\/homeofwool.com\/sv\/wp-json\/wp\/v2\/product\/218183\/revisions\/227330"}],"wp:featuredmedia":[{"embeddable":true,"href":"https:\/\/homeofwool.com\/sv\/wp-json\/wp\/v2\/media\/224437"}],"wp:attachment":[{"href":"https:\/\/homeofwool.com\/sv\/wp-json\/wp\/v2\/media?parent=218183"}],"wp:term":[{"taxonomy":"product_brand","embeddable":true,"href":"https:\/\/homeofwool.com\/sv\/wp-json\/wp\/v2\/product_brand?post=218183"},{"taxonomy":"product_cat","embeddable":true,"href":"https:\/\/homeofwool.com\/sv\/wp-json\/wp\/v2\/product_cat?post=218183"},{"taxonomy":"product_tag","embeddable":true,"href":"https:\/\/homeofwool.com\/sv\/wp-json\/wp\/v2\/product_tag?post=218183"}],"curies":[{"name":"wp","href":"https:\/\/api.w.org\/{rel}","templated":true}]}}