{"id":218112,"date":"2025-09-02T12:03:40","date_gmt":"2025-09-02T12:03:40","guid":{"rendered":"https:\/\/homeofwool.com\/?post_type=product&#038;p=218112"},"modified":"2026-02-17T10:35:19","modified_gmt":"2026-02-17T10:35:19","slug":"harband-2","status":"publish","type":"product","link":"https:\/\/homeofwool.com\/sv\/shop\/hair-wrap\/","title":{"rendered":"Silkesh\u00e5rband"},"content":{"rendered":"<p>S\u00f6mn ska inte l\u00e4mna ditt h\u00e5r trassligt eller torrt. V\u00e5r naturliga h\u00e5rinpackning av mullb\u00e4rssilke \u00e4r tillverkad av rent 100%-silke, noggrant utvalt f\u00f6r sin mjukhet och balans mellan andningsf\u00f6rm\u00e5ga och skydd. Denna s\u00f6mnm\u00f6ssa i siden l\u00e5ter ditt h\u00e5r vila precis som du g\u00f6r. Den minimerar friktion, vilket hj\u00e4lper till att f\u00f6rhindra brott och friss samtidigt som din h\u00e5rbotten h\u00e5lls sval under natten.<\/p>\n<p>Varje linda \u00e4r gjord f\u00f6r tyst komfort. Den silkeskl\u00e4dda res\u00e5ren sitter mjukt och h\u00e5ller inpackningen p\u00e5 plats utan att l\u00e4mna m\u00e4rken eller glida bort. Du kommer att m\u00e4rka att ditt h\u00e5r k\u00e4nns mjukare och l\u00e4ttare att hantera p\u00e5 morgonen. Silke g\u00f6r verkligen den skillnaden. Inpackningen \u00e4r of\u00e4rgad, giftfri och helt naturlig. En hypoallergenisk h\u00e5rinpackning som \u00e4r s\u00e4ker \u00e4ven f\u00f6r k\u00e4nslig hud. Det \u00e4r ocks\u00e5 en silkesinpackning f\u00f6r torrt h\u00e5r som hj\u00e4lper till att beh\u00e5lla fukten och \u00e5terst\u00e4lla h\u00e5rets naturliga glans. Enkel, elegant och sn\u00e4ll mot planeten - det h\u00e4r \u00e4r din nattliga lyxiga silkesinpackning.<\/p>\n<p><strong>TYG<\/strong>:  100% Mullb\u00e4rssilke (50 momme)<\/p>","protected":false},"excerpt":{"rendered":"<p>En touch av siden, en lugnare morgon. Denna naturliga h\u00e5rinpackning av mullb\u00e4rssilke, tillverkad av 100%-silke, skyddar ditt h\u00e5r medan du sover. Den andningsbara silkesinpackningen hj\u00e4lper till att minska friss, torrhet och brott, vilket ger ditt h\u00e5r mjukhet och glans p\u00e5 morgonen. En liten v\u00e5rdritual och en verkligt milj\u00f6v\u00e4nlig h\u00e5raccessoar.<\/p>\n<div class=\"global-icon-set\">\n<div class=\"global-icon-set__items\">\n<div class=\"global-icon-set__item\">\n<div class=\"global-icon-set__image\">\n                                    <img decoding=\"async\" src=\"https:\/\/homeofwool.com\/wp-content\/uploads\/2025\/09\/handmade-icon-300x300.png\" alt=\"handgjord ikon\" \/>\n                                <\/div>\n<div class=\"global-icon-set__title\">Handgjord<\/div>\n<\/p><\/div>\n<div class=\"global-icon-set__item\">\n<div class=\"global-icon-set__image\">\n                                    <img decoding=\"async\" src=\"https:\/\/homeofwool.com\/wp-content\/uploads\/2025\/09\/VOCs-min-300x300.png\" alt=\"Vocs gratis\" \/>\n                                <\/div>\n<div class=\"global-icon-set__title\">Fri fr\u00e5n VOC<\/div>\n<\/p><\/div>\n<div class=\"global-icon-set__item\">\n<div class=\"global-icon-set__image\">\n                                    <img decoding=\"async\" src=\"https:\/\/homeofwool.com\/wp-content\/uploads\/2025\/09\/FR-min-300x300.png\" alt=\"Brandbest\u00e4ndig ikon\" \/>\n                                <\/div>\n<div class=\"global-icon-set__title\">Flamskyddad<\/div>\n<\/p><\/div>\n<div class=\"global-icon-set__item\">\n<div class=\"global-icon-set__image\">\n                                    <img decoding=\"async\" src=\"https:\/\/homeofwool.com\/wp-content\/uploads\/2025\/09\/Hypoallergenic-min-300x300.png\" alt=\"hypoallergen ikon\" \/>\n                                <\/div>\n<div class=\"global-icon-set__title\">Allergiv\u00e4nlig<\/div>\n<\/p><\/div>\n<div class=\"global-icon-set__item\">\n<div class=\"global-icon-set__image\">\n                                    <img decoding=\"async\" src=\"https:\/\/homeofwool.com\/wp-content\/uploads\/2025\/09\/free-of-synthetics-icon-300x300.png\" alt=\"fri fr\u00e5n syntetiska \u00e4mnen ikon\" \/>\n                                <\/div>\n<div class=\"global-icon-set__title\">Fri fr\u00e5n syntetmaterial<\/div>\n<\/p><\/div>\n<div class=\"global-icon-set__item\">\n<div class=\"global-icon-set__image\">\n                                    <img decoding=\"async\" src=\"https:\/\/homeofwool.com\/wp-content\/uploads\/2025\/09\/chemical-free-icon-300x300.png\" alt=\"kemikaliefri ikon\" \/>\n                                <\/div>\n<div class=\"global-icon-set__title\">Fri fr\u00e5n kemikalier<\/div>\n<\/p><\/div>\n<div class=\"global-icon-set__item\">\n<div class=\"global-icon-set__image\">\n                                    <img decoding=\"async\" src=\"https:\/\/homeofwool.com\/wp-content\/uploads\/2025\/09\/anti-bacterial-icon-300x300.png\" alt=\"antibakteriell ikon\" \/>\n                                <\/div>\n<div class=\"global-icon-set__title\">Anti-mikrobiell och anti-bakteriell<\/div>\n<\/p><\/div>\n<div class=\"global-icon-set__item\">\n<div class=\"global-icon-set__image\">\n                                    <img decoding=\"async\" src=\"https:\/\/homeofwool.com\/wp-content\/uploads\/2025\/09\/certified-materials-icon-300x300.png\" alt=\"ikon f\u00f6r certifierade material\" \/>\n                                <\/div>\n<div class=\"global-icon-set__title\">100% Rent certifierat material<\/div>\n<\/p><\/div>\n<\/p><\/div>\n<\/p><\/div>","protected":false},"featured_media":224465,"template":"","meta":{"_acf_changed":false},"product_brand":[],"product_cat":[590,174],"product_tag":[1370],"class_list":{"0":"post-218112","1":"product","2":"type-product","3":"status-publish","4":"has-post-thumbnail","6":"product_cat-accessories","7":"product_cat-zero-waste","8":"product_tag-nosteps","10":"first","11":"instock","12":"shipping-taxable","13":"purchasable","14":"product-type-simple"},"acf":[],"yoast_head":"<!-- This site is optimized with the Yoast SEO Premium plugin v27.3 (Yoast SEO v27.3) - https:\/\/yoast.com\/product\/yoast-seo-premium-wordpress\/ -->\n<title>Hair Wrap \u2013 Natural Mulberry Silk | Home of Wool<\/title>\n<meta name=\"description\" content=\"Smooth and gentle, the Hair Wrap is crafted from natural Mulberry Silk. Breathable, toxin-free, and sustainable, it delivers everyday care with eco-friendly softness and timeless style.\" \/>\n<meta name=\"robots\" content=\"index, follow, max-snippet:-1, max-image-preview:large, max-video-preview:-1\" \/>\n<link rel=\"canonical\" href=\"https:\/\/homeofwool.com\/sv\/butik\/harband-2\/\" \/>\n<meta property=\"og:locale\" content=\"sv_SE\" \/>\n<meta property=\"og:type\" content=\"article\" \/>\n<meta property=\"og:title\" content=\"Silk Hair Wrap\" \/>\n<meta property=\"og:description\" content=\"Smooth and gentle, the Hair Wrap is crafted from natural Mulberry Silk. Breathable, toxin-free, and sustainable, it delivers everyday care with eco-friendly softness and timeless style.\" \/>\n<meta property=\"og:url\" content=\"https:\/\/homeofwool.com\/sv\/butik\/harband-2\/\" \/>\n<meta property=\"og:site_name\" content=\"Home of Wool\" \/>\n<meta property=\"article:publisher\" content=\"https:\/\/facebook.com\/HomeOfWoolOfficial\" \/>\n<meta property=\"article:modified_time\" content=\"2026-02-17T10:35:19+00:00\" \/>\n<meta property=\"og:image\" content=\"https:\/\/homeofwool.com\/wp-content\/uploads\/2025\/09\/home-of-wool-hair-wrap-main.jpg\" \/>\n\t<meta property=\"og:image:width\" content=\"2000\" \/>\n\t<meta property=\"og:image:height\" content=\"1600\" \/>\n\t<meta property=\"og:image:type\" content=\"image\/jpeg\" \/>\n<meta name=\"twitter:card\" content=\"summary_large_image\" \/>\n<meta name=\"twitter:label1\" content=\"Ber\u00e4knad l\u00e4stid\" \/>\n\t<meta name=\"twitter:data1\" content=\"1 minut\" \/>\n<script type=\"application\/ld+json\" class=\"yoast-schema-graph\">{\"@context\":\"https:\\\/\\\/schema.org\",\"@graph\":[{\"@type\":\"WebPage\",\"@id\":\"https:\\\/\\\/homeofwool.com\\\/sv\\\/butik\\\/harband-2\\\/\",\"url\":\"https:\\\/\\\/homeofwool.com\\\/sv\\\/butik\\\/harband-2\\\/\",\"name\":\"Hair Wrap \u2013 Natural Mulberry Silk | Home of Wool\",\"isPartOf\":{\"@id\":\"https:\\\/\\\/homeofwool.com\\\/#website\"},\"primaryImageOfPage\":{\"@id\":\"https:\\\/\\\/homeofwool.com\\\/sv\\\/butik\\\/harband-2\\\/#primaryimage\"},\"image\":{\"@id\":\"https:\\\/\\\/homeofwool.com\\\/sv\\\/butik\\\/harband-2\\\/#primaryimage\"},\"thumbnailUrl\":\"https:\\\/\\\/homeofwool.com\\\/wp-content\\\/uploads\\\/2025\\\/09\\\/home-of-wool-hair-wrap-main.jpg\",\"datePublished\":\"2025-09-02T12:03:40+00:00\",\"dateModified\":\"2026-02-17T10:35:19+00:00\",\"description\":\"Smooth and gentle, the Hair Wrap is crafted from natural Mulberry Silk. Breathable, toxin-free, and sustainable, it delivers everyday care with eco-friendly softness and timeless style.\",\"breadcrumb\":{\"@id\":\"https:\\\/\\\/homeofwool.com\\\/sv\\\/butik\\\/harband-2\\\/#breadcrumb\"},\"inLanguage\":\"sv-SE\",\"potentialAction\":[{\"@type\":\"ReadAction\",\"target\":[\"https:\\\/\\\/homeofwool.com\\\/sv\\\/butik\\\/harband-2\\\/\"]}]},{\"@type\":\"ImageObject\",\"inLanguage\":\"sv-SE\",\"@id\":\"https:\\\/\\\/homeofwool.com\\\/sv\\\/butik\\\/harband-2\\\/#primaryimage\",\"url\":\"https:\\\/\\\/homeofwool.com\\\/wp-content\\\/uploads\\\/2025\\\/09\\\/home-of-wool-hair-wrap-main.jpg\",\"contentUrl\":\"https:\\\/\\\/homeofwool.com\\\/wp-content\\\/uploads\\\/2025\\\/09\\\/home-of-wool-hair-wrap-main.jpg\",\"width\":2000,\"height\":1600,\"caption\":\"mulberry silk hair wrap\"},{\"@type\":\"BreadcrumbList\",\"@id\":\"https:\\\/\\\/homeofwool.com\\\/sv\\\/butik\\\/harband-2\\\/#breadcrumb\",\"itemListElement\":[{\"@type\":\"ListItem\",\"position\":1,\"name\":\"Home\",\"item\":\"https:\\\/\\\/homeofwool.com\\\/\"},{\"@type\":\"ListItem\",\"position\":2,\"name\":\"Products\",\"item\":\"https:\\\/\\\/homeofwool.com\\\/header-search-2\\\/\"},{\"@type\":\"ListItem\",\"position\":3,\"name\":\"Silk Hair Wrap\"}]},{\"@type\":\"WebSite\",\"@id\":\"https:\\\/\\\/homeofwool.com\\\/#website\",\"url\":\"https:\\\/\\\/homeofwool.com\\\/\",\"name\":\"Home of Wool\",\"description\":\"\",\"publisher\":{\"@id\":\"https:\\\/\\\/homeofwool.com\\\/#organization\"},\"potentialAction\":[{\"@type\":\"SearchAction\",\"target\":{\"@type\":\"EntryPoint\",\"urlTemplate\":\"https:\\\/\\\/homeofwool.com\\\/?s={search_term_string}\"},\"query-input\":{\"@type\":\"PropertyValueSpecification\",\"valueRequired\":true,\"valueName\":\"search_term_string\"}}],\"inLanguage\":\"sv-SE\"},{\"@type\":\"Organization\",\"@id\":\"https:\\\/\\\/homeofwool.com\\\/#organization\",\"name\":\"Home of Wool\",\"url\":\"https:\\\/\\\/homeofwool.com\\\/\",\"logo\":{\"@type\":\"ImageObject\",\"inLanguage\":\"sv-SE\",\"@id\":\"https:\\\/\\\/homeofwool.com\\\/#\\\/schema\\\/logo\\\/image\\\/\",\"url\":\"https:\\\/\\\/homeofwool.com\\\/wp-content\\\/uploads\\\/2025\\\/09\\\/WhatsApp-Image-2025-12-02-at-16.23.20.jpeg\",\"contentUrl\":\"https:\\\/\\\/homeofwool.com\\\/wp-content\\\/uploads\\\/2025\\\/09\\\/WhatsApp-Image-2025-12-02-at-16.23.20.jpeg\",\"width\":700,\"height\":247,\"caption\":\"Home of Wool\"},\"image\":{\"@id\":\"https:\\\/\\\/homeofwool.com\\\/#\\\/schema\\\/logo\\\/image\\\/\"},\"sameAs\":[\"https:\\\/\\\/facebook.com\\\/HomeOfWoolOfficial\"]}]}<\/script>\n<!-- \/ Yoast SEO Premium plugin. -->","yoast_head_json":{"title":"H\u00e5rinpackning - naturligt mullb\u00e4rssilke | Home of Wool","description":"Hair Wrap \u00e4r en mjuk och skonsam h\u00e5rinpackning tillverkad av naturligt mullb\u00e4rssilke. Den andas, \u00e4r giftfri och h\u00e5llbar och ger vardaglig v\u00e5rd med milj\u00f6v\u00e4nlig mjukhet och tidl\u00f6s stil.","robots":{"index":"index","follow":"follow","max-snippet":"max-snippet:-1","max-image-preview":"max-image-preview:large","max-video-preview":"max-video-preview:-1"},"canonical":"https:\/\/homeofwool.com\/sv\/butik\/harband-2\/","og_locale":"sv_SE","og_type":"article","og_title":"Silk Hair Wrap","og_description":"Smooth and gentle, the Hair Wrap is crafted from natural Mulberry Silk. Breathable, toxin-free, and sustainable, it delivers everyday care with eco-friendly softness and timeless style.","og_url":"https:\/\/homeofwool.com\/sv\/butik\/harband-2\/","og_site_name":"Home of Wool","article_publisher":"https:\/\/facebook.com\/HomeOfWoolOfficial","article_modified_time":"2026-02-17T10:35:19+00:00","og_image":[{"width":2000,"height":1600,"url":"https:\/\/homeofwool.com\/wp-content\/uploads\/2025\/09\/home-of-wool-hair-wrap-main.jpg","type":"image\/jpeg"}],"twitter_card":"summary_large_image","twitter_misc":{"Ber\u00e4knad l\u00e4stid":"1 minut"},"schema":{"@context":"https:\/\/schema.org","@graph":[{"@type":"WebPage","@id":"https:\/\/homeofwool.com\/sv\/butik\/harband-2\/","url":"https:\/\/homeofwool.com\/sv\/butik\/harband-2\/","name":"H\u00e5rinpackning - naturligt mullb\u00e4rssilke | Home of Wool","isPartOf":{"@id":"https:\/\/homeofwool.com\/#website"},"primaryImageOfPage":{"@id":"https:\/\/homeofwool.com\/sv\/butik\/harband-2\/#primaryimage"},"image":{"@id":"https:\/\/homeofwool.com\/sv\/butik\/harband-2\/#primaryimage"},"thumbnailUrl":"https:\/\/homeofwool.com\/wp-content\/uploads\/2025\/09\/home-of-wool-hair-wrap-main.jpg","datePublished":"2025-09-02T12:03:40+00:00","dateModified":"2026-02-17T10:35:19+00:00","description":"Hair Wrap \u00e4r en mjuk och skonsam h\u00e5rinpackning tillverkad av naturligt mullb\u00e4rssilke. Den andas, \u00e4r giftfri och h\u00e5llbar och ger vardaglig v\u00e5rd med milj\u00f6v\u00e4nlig mjukhet och tidl\u00f6s stil.","breadcrumb":{"@id":"https:\/\/homeofwool.com\/sv\/butik\/harband-2\/#breadcrumb"},"inLanguage":"sv-SE","potentialAction":[{"@type":"ReadAction","target":["https:\/\/homeofwool.com\/sv\/butik\/harband-2\/"]}]},{"@type":"ImageObject","inLanguage":"sv-SE","@id":"https:\/\/homeofwool.com\/sv\/butik\/harband-2\/#primaryimage","url":"https:\/\/homeofwool.com\/wp-content\/uploads\/2025\/09\/home-of-wool-hair-wrap-main.jpg","contentUrl":"https:\/\/homeofwool.com\/wp-content\/uploads\/2025\/09\/home-of-wool-hair-wrap-main.jpg","width":2000,"height":1600,"caption":"mulberry silk hair wrap"},{"@type":"BreadcrumbList","@id":"https:\/\/homeofwool.com\/sv\/butik\/harband-2\/#breadcrumb","itemListElement":[{"@type":"ListItem","position":1,"name":"Home","item":"https:\/\/homeofwool.com\/"},{"@type":"ListItem","position":2,"name":"Products","item":"https:\/\/homeofwool.com\/header-search-2\/"},{"@type":"ListItem","position":3,"name":"Silk Hair Wrap"}]},{"@type":"WebSite","@id":"https:\/\/homeofwool.com\/#website","url":"https:\/\/homeofwool.com\/","name":"Hem f\u00f6r ull","description":"","publisher":{"@id":"https:\/\/homeofwool.com\/#organization"},"potentialAction":[{"@type":"SearchAction","target":{"@type":"EntryPoint","urlTemplate":"https:\/\/homeofwool.com\/?s={search_term_string}"},"query-input":{"@type":"PropertyValueSpecification","valueRequired":true,"valueName":"search_term_string"}}],"inLanguage":"sv-SE"},{"@type":"Organization","@id":"https:\/\/homeofwool.com\/#organization","name":"Hem f\u00f6r ull","url":"https:\/\/homeofwool.com\/","logo":{"@type":"ImageObject","inLanguage":"sv-SE","@id":"https:\/\/homeofwool.com\/#\/schema\/logo\/image\/","url":"https:\/\/homeofwool.com\/wp-content\/uploads\/2025\/09\/WhatsApp-Image-2025-12-02-at-16.23.20.jpeg","contentUrl":"https:\/\/homeofwool.com\/wp-content\/uploads\/2025\/09\/WhatsApp-Image-2025-12-02-at-16.23.20.jpeg","width":700,"height":247,"caption":"Home of Wool"},"image":{"@id":"https:\/\/homeofwool.com\/#\/schema\/logo\/image\/"},"sameAs":["https:\/\/facebook.com\/HomeOfWoolOfficial"]}]}},"_links":{"self":[{"href":"https:\/\/homeofwool.com\/sv\/wp-json\/wp\/v2\/product\/218112","targetHints":{"allow":["GET"]}}],"collection":[{"href":"https:\/\/homeofwool.com\/sv\/wp-json\/wp\/v2\/product"}],"about":[{"href":"https:\/\/homeofwool.com\/sv\/wp-json\/wp\/v2\/types\/product"}],"version-history":[{"count":1,"href":"https:\/\/homeofwool.com\/sv\/wp-json\/wp\/v2\/product\/218112\/revisions"}],"predecessor-version":[{"id":227341,"href":"https:\/\/homeofwool.com\/sv\/wp-json\/wp\/v2\/product\/218112\/revisions\/227341"}],"wp:featuredmedia":[{"embeddable":true,"href":"https:\/\/homeofwool.com\/sv\/wp-json\/wp\/v2\/media\/224465"}],"wp:attachment":[{"href":"https:\/\/homeofwool.com\/sv\/wp-json\/wp\/v2\/media?parent=218112"}],"wp:term":[{"taxonomy":"product_brand","embeddable":true,"href":"https:\/\/homeofwool.com\/sv\/wp-json\/wp\/v2\/product_brand?post=218112"},{"taxonomy":"product_cat","embeddable":true,"href":"https:\/\/homeofwool.com\/sv\/wp-json\/wp\/v2\/product_cat?post=218112"},{"taxonomy":"product_tag","embeddable":true,"href":"https:\/\/homeofwool.com\/sv\/wp-json\/wp\/v2\/product_tag?post=218112"}],"curies":[{"name":"wp","href":"https:\/\/api.w.org\/{rel}","templated":true}]}}