{"id":217765,"date":"2025-09-02T12:02:33","date_gmt":"2025-09-02T12:02:33","guid":{"rendered":"https:\/\/homeofwool.com\/?post_type=product&#038;p=217765"},"modified":"2026-03-24T14:49:17","modified_gmt":"2026-03-24T14:49:17","slug":"somnmask","status":"publish","type":"product","link":"https:\/\/homeofwool.com\/sv\/shop\/sleep-mask\/","title":{"rendered":"S\u00f6mnmask - Mullb\u00e4rssilke"},"content":{"rendered":"<p>Om du letar efter en sovmask som bidrar till b\u00e5de b\u00e4ttre s\u00f6mn och friskare hud, s\u00e5 \u00e4r det h\u00e4r en mask som f\u00f6renar de tv\u00e5. Det yttre lagret \u00e4r tillverkat av rent mullb\u00e4rssilke, som uppskattas f\u00f6r sin lena och lugnande k\u00e4nsla. Silke \u00e4r naturligt hudv\u00e4nligt och bidrar till att minska svullnader och mjuka upp fina linjer. Det \u00e4r d\u00e4rf\u00f6r m\u00e5nga anser att det \u00e4r ett viktigt anti age-medel f\u00f6r nattrutinerna.<\/p>\n<p>Inuti har vi lagt till ekologisk ullvadd. Den h\u00e5ller masken luftig, fr\u00e4sch och bekv\u00e4m, utan att k\u00e4nnas inst\u00e4ngd. Genom att d\u00e4mpa ljuset hj\u00e4lper den kroppen att slappna av och komma in i en djupare vila. Eftersom b\u00e5de siden och ull \u00e4r allergiv\u00e4nliga och motst\u00e5ndskraftiga mot dammkvalster \u00e4r denna \u00f6gonmask ocks\u00e5 v\u00e4l l\u00e4mpad f\u00f6r personer med allergier.<\/p>\n<p>Remmen sitter p\u00e5 plats utan att l\u00e4mna m\u00e4rken p\u00e5 huden eller h\u00e5ret. Vi har ocks\u00e5 inkluderat en silkesp\u00e5se som h\u00e5ller masken ren och redo att anv\u00e4ndas n\u00e4r du \u00e4r p\u00e5 spr\u00e5ng.<\/p>","protected":false},"excerpt":{"rendered":"<p>Lindra ljuset och skydda din hud. Du kan \u00e4ntligen b\u00f6rja \u00e4lska dina morgnar. Denna s\u00f6mnmask i mullb\u00e4rssilke ger dig fullst\u00e4ndig m\u00f6rkl\u00e4ggning f\u00f6r djupare vila samtidigt som den sl\u00e4ta silkesytan hj\u00e4lper till att minska svullnader och fina linjer. Med andningsbar ull p\u00e5 insidan f\u00f6rblir den sval och fr\u00e4sch hela natten.<\/p>\n<div class=\"global-icon-set\">\n<div class=\"global-icon-set__items\">\n<div class=\"global-icon-set__item\">\n<div class=\"global-icon-set__image\">\n                                    <img decoding=\"async\" src=\"https:\/\/homeofwool.com\/wp-content\/uploads\/2025\/09\/handmade-icon-300x300.png\" alt=\"handgjord ikon\" \/>\n                                <\/div>\n<div class=\"global-icon-set__title\">Handgjord<\/div>\n<\/p><\/div>\n<div class=\"global-icon-set__item\">\n<div class=\"global-icon-set__image\">\n                                    <img decoding=\"async\" src=\"https:\/\/homeofwool.com\/wp-content\/uploads\/2025\/09\/VOCs-min-300x300.png\" alt=\"Vocs gratis\" \/>\n                                <\/div>\n<div class=\"global-icon-set__title\">Fri fr\u00e5n VOC<\/div>\n<\/p><\/div>\n<div class=\"global-icon-set__item\">\n<div class=\"global-icon-set__image\">\n                                    <img decoding=\"async\" src=\"https:\/\/homeofwool.com\/wp-content\/uploads\/2025\/09\/FR-min-300x300.png\" alt=\"Brandbest\u00e4ndig ikon\" \/>\n                                <\/div>\n<div class=\"global-icon-set__title\">Flamskyddad<\/div>\n<\/p><\/div>\n<div class=\"global-icon-set__item\">\n<div class=\"global-icon-set__image\">\n                                    <img decoding=\"async\" src=\"https:\/\/homeofwool.com\/wp-content\/uploads\/2025\/09\/Hypoallergenic-min-300x300.png\" alt=\"hypoallergen ikon\" \/>\n                                <\/div>\n<div class=\"global-icon-set__title\">Allergiv\u00e4nlig<\/div>\n<\/p><\/div>\n<div class=\"global-icon-set__item\">\n<div class=\"global-icon-set__image\">\n                                    <img decoding=\"async\" src=\"https:\/\/homeofwool.com\/wp-content\/uploads\/2025\/09\/free-of-synthetics-icon-300x300.png\" alt=\"fri fr\u00e5n syntetiska \u00e4mnen ikon\" \/>\n                                <\/div>\n<div class=\"global-icon-set__title\">Fri fr\u00e5n syntetmaterial<\/div>\n<\/p><\/div>\n<div class=\"global-icon-set__item\">\n<div class=\"global-icon-set__image\">\n                                    <img decoding=\"async\" src=\"https:\/\/homeofwool.com\/wp-content\/uploads\/2025\/09\/chemical-free-icon-300x300.png\" alt=\"kemikaliefri ikon\" \/>\n                                <\/div>\n<div class=\"global-icon-set__title\">Fri fr\u00e5n kemikalier<\/div>\n<\/p><\/div>\n<div class=\"global-icon-set__item\">\n<div class=\"global-icon-set__image\">\n                                    <img decoding=\"async\" src=\"https:\/\/homeofwool.com\/wp-content\/uploads\/2025\/09\/anti-bacterial-icon-300x300.png\" alt=\"antibakteriell ikon\" \/>\n                                <\/div>\n<div class=\"global-icon-set__title\">Anti-mikrobiell och anti-bakteriell<\/div>\n<\/p><\/div>\n<div class=\"global-icon-set__item\">\n<div class=\"global-icon-set__image\">\n                                    <img decoding=\"async\" src=\"https:\/\/homeofwool.com\/wp-content\/uploads\/2025\/09\/certified-materials-icon-300x300.png\" alt=\"ikon f\u00f6r certifierade material\" \/>\n                                <\/div>\n<div class=\"global-icon-set__title\">100% Rent certifierat material<\/div>\n<\/p><\/div>\n<\/p><\/div>\n<\/p><\/div>","protected":false},"featured_media":219785,"template":"","meta":{"_acf_changed":false},"product_brand":[],"product_cat":[316,557,1366,590,174,558],"product_tag":[838,839,840,102,765,1370,841,842,843,844,845,846],"class_list":{"0":"post-217765","1":"product","2":"type-product","3":"status-publish","4":"has-post-thumbnail","6":"product_cat-mothers-day","7":"product_cat-new","8":"product_cat-womens-day","9":"product_cat-accessories","10":"product_cat-zero-waste","11":"product_cat-zero-waste-accessories","12":"product_tag-anti-age-sleeping-mask","13":"product_tag-beauty-sleep","14":"product_tag-chemical-free-mask","15":"product_tag-mulberry-silk-fabric","16":"product_tag-natural-sleepwear","17":"product_tag-nosteps","18":"product_tag-silk-sleeping-mask","19":"product_tag-skincare","20":"product_tag-sleeping-mask","21":"product_tag-virgin-wool-fabric","22":"product_tag-wool-eyemask","23":"product_tag-wool-sleep-mask","25":"first","26":"instock","27":"shipping-taxable","28":"purchasable","29":"product-type-simple"},"acf":[],"yoast_head":"<!-- This site is optimized with the Yoast SEO Premium plugin v27.3 (Yoast SEO v27.3) - https:\/\/yoast.com\/product\/yoast-seo-premium-wordpress\/ -->\n<title>Mulberry Silk Sleep Mask for Beauty Sleep | Home of Wool<\/title>\n<meta name=\"description\" content=\"Shop our anti-age mulberry silk sleep mask for softer skin, reduced friction, and comfortable light blocking. Gentle, breathable beauty sleep by Home of Wool.\" \/>\n<meta name=\"robots\" content=\"index, follow, max-snippet:-1, max-image-preview:large, max-video-preview:-1\" \/>\n<link rel=\"canonical\" href=\"https:\/\/homeofwool.com\/sv\/butik\/somnmask\/\" \/>\n<meta property=\"og:locale\" content=\"sv_SE\" \/>\n<meta property=\"og:type\" content=\"article\" \/>\n<meta property=\"og:title\" content=\"Sleep Mask \u2013 Mulberry Silk\" \/>\n<meta property=\"og:description\" content=\"Shop our anti-age mulberry silk sleep mask for softer skin, reduced friction, and comfortable light blocking. Gentle, breathable beauty sleep by Home of Wool.\" \/>\n<meta property=\"og:url\" content=\"https:\/\/homeofwool.com\/sv\/butik\/somnmask\/\" \/>\n<meta property=\"og:site_name\" content=\"Home of Wool\" \/>\n<meta property=\"article:publisher\" content=\"https:\/\/facebook.com\/HomeOfWoolOfficial\" \/>\n<meta property=\"article:modified_time\" content=\"2026-03-24T14:49:17+00:00\" \/>\n<meta property=\"og:image\" content=\"https:\/\/homeofwool.com\/wp-content\/uploads\/2025\/09\/home-of-wool-mulberry-silk-eye-cover-1-main.jpg\" \/>\n\t<meta property=\"og:image:width\" content=\"2000\" \/>\n\t<meta property=\"og:image:height\" content=\"1600\" \/>\n\t<meta property=\"og:image:type\" content=\"image\/jpeg\" \/>\n<meta name=\"twitter:card\" content=\"summary_large_image\" \/>\n<meta name=\"twitter:label1\" content=\"Ber\u00e4knad l\u00e4stid\" \/>\n\t<meta name=\"twitter:data1\" content=\"1 minut\" \/>\n<script type=\"application\/ld+json\" class=\"yoast-schema-graph\">{\"@context\":\"https:\\\/\\\/schema.org\",\"@graph\":[{\"@type\":\"WebPage\",\"@id\":\"https:\\\/\\\/homeofwool.com\\\/shop\\\/sleep-mask\\\/\",\"url\":\"https:\\\/\\\/homeofwool.com\\\/shop\\\/sleep-mask\\\/\",\"name\":\"Mulberry Silk Sleep Mask for Beauty Sleep | Home of Wool\",\"isPartOf\":{\"@id\":\"https:\\\/\\\/homeofwool.com\\\/#website\"},\"primaryImageOfPage\":{\"@id\":\"https:\\\/\\\/homeofwool.com\\\/shop\\\/sleep-mask\\\/#primaryimage\"},\"image\":{\"@id\":\"https:\\\/\\\/homeofwool.com\\\/shop\\\/sleep-mask\\\/#primaryimage\"},\"thumbnailUrl\":\"https:\\\/\\\/homeofwool.com\\\/wp-content\\\/uploads\\\/2025\\\/09\\\/home-of-wool-mulberry-silk-eye-cover-1-main.jpg\",\"datePublished\":\"2025-09-02T12:02:33+00:00\",\"dateModified\":\"2026-03-24T14:49:17+00:00\",\"description\":\"Shop our anti-age mulberry silk sleep mask for softer skin, reduced friction, and comfortable light blocking. Gentle, breathable beauty sleep by Home of Wool.\",\"breadcrumb\":{\"@id\":\"https:\\\/\\\/homeofwool.com\\\/shop\\\/sleep-mask\\\/#breadcrumb\"},\"inLanguage\":\"sv-SE\",\"potentialAction\":[{\"@type\":\"ReadAction\",\"target\":[\"https:\\\/\\\/homeofwool.com\\\/shop\\\/sleep-mask\\\/\"]}]},{\"@type\":\"ImageObject\",\"inLanguage\":\"sv-SE\",\"@id\":\"https:\\\/\\\/homeofwool.com\\\/shop\\\/sleep-mask\\\/#primaryimage\",\"url\":\"https:\\\/\\\/homeofwool.com\\\/wp-content\\\/uploads\\\/2025\\\/09\\\/home-of-wool-mulberry-silk-eye-cover-1-main.jpg\",\"contentUrl\":\"https:\\\/\\\/homeofwool.com\\\/wp-content\\\/uploads\\\/2025\\\/09\\\/home-of-wool-mulberry-silk-eye-cover-1-main.jpg\",\"width\":2000,\"height\":1600,\"caption\":\"girl sleeping with a mulberry silk sleeping mask\"},{\"@type\":\"BreadcrumbList\",\"@id\":\"https:\\\/\\\/homeofwool.com\\\/shop\\\/sleep-mask\\\/#breadcrumb\",\"itemListElement\":[{\"@type\":\"ListItem\",\"position\":1,\"name\":\"Home\",\"item\":\"https:\\\/\\\/homeofwool.com\\\/\"},{\"@type\":\"ListItem\",\"position\":2,\"name\":\"Products\",\"item\":\"https:\\\/\\\/homeofwool.com\\\/header-search-2\\\/\"},{\"@type\":\"ListItem\",\"position\":3,\"name\":\"Sleep Mask \u2013 Mulberry Silk\"}]},{\"@type\":\"WebSite\",\"@id\":\"https:\\\/\\\/homeofwool.com\\\/#website\",\"url\":\"https:\\\/\\\/homeofwool.com\\\/\",\"name\":\"Home of Wool\",\"description\":\"\",\"publisher\":{\"@id\":\"https:\\\/\\\/homeofwool.com\\\/#organization\"},\"potentialAction\":[{\"@type\":\"SearchAction\",\"target\":{\"@type\":\"EntryPoint\",\"urlTemplate\":\"https:\\\/\\\/homeofwool.com\\\/?s={search_term_string}\"},\"query-input\":{\"@type\":\"PropertyValueSpecification\",\"valueRequired\":true,\"valueName\":\"search_term_string\"}}],\"inLanguage\":\"sv-SE\"},{\"@type\":\"Organization\",\"@id\":\"https:\\\/\\\/homeofwool.com\\\/#organization\",\"name\":\"Home of Wool\",\"url\":\"https:\\\/\\\/homeofwool.com\\\/\",\"logo\":{\"@type\":\"ImageObject\",\"inLanguage\":\"sv-SE\",\"@id\":\"https:\\\/\\\/homeofwool.com\\\/#\\\/schema\\\/logo\\\/image\\\/\",\"url\":\"https:\\\/\\\/homeofwool.com\\\/wp-content\\\/uploads\\\/2025\\\/09\\\/WhatsApp-Image-2025-12-02-at-16.23.20.jpeg\",\"contentUrl\":\"https:\\\/\\\/homeofwool.com\\\/wp-content\\\/uploads\\\/2025\\\/09\\\/WhatsApp-Image-2025-12-02-at-16.23.20.jpeg\",\"width\":700,\"height\":247,\"caption\":\"Home of Wool\"},\"image\":{\"@id\":\"https:\\\/\\\/homeofwool.com\\\/#\\\/schema\\\/logo\\\/image\\\/\"},\"sameAs\":[\"https:\\\/\\\/facebook.com\\\/HomeOfWoolOfficial\"]}]}<\/script>\n<!-- \/ Yoast SEO Premium plugin. -->","yoast_head_json":{"title":"S\u00f6mnmask av mullb\u00e4rssilke f\u00f6r sk\u00f6nhetss\u00f6mn | Home of Wool","description":"Handla v\u00e5r anti-age s\u00f6mnmask av mullb\u00e4rssilke f\u00f6r mjukare hud, minskad friktion och bekv\u00e4m ljusblockering. Mjuk, andningsbar sk\u00f6nhetss\u00f6mn med Home of Wool.","robots":{"index":"index","follow":"follow","max-snippet":"max-snippet:-1","max-image-preview":"max-image-preview:large","max-video-preview":"max-video-preview:-1"},"canonical":"https:\/\/homeofwool.com\/sv\/butik\/somnmask\/","og_locale":"sv_SE","og_type":"article","og_title":"Sleep Mask \u2013 Mulberry Silk","og_description":"Shop our anti-age mulberry silk sleep mask for softer skin, reduced friction, and comfortable light blocking. Gentle, breathable beauty sleep by Home of Wool.","og_url":"https:\/\/homeofwool.com\/sv\/butik\/somnmask\/","og_site_name":"Home of Wool","article_publisher":"https:\/\/facebook.com\/HomeOfWoolOfficial","article_modified_time":"2026-03-24T14:49:17+00:00","og_image":[{"width":2000,"height":1600,"url":"https:\/\/homeofwool.com\/wp-content\/uploads\/2025\/09\/home-of-wool-mulberry-silk-eye-cover-1-main.jpg","type":"image\/jpeg"}],"twitter_card":"summary_large_image","twitter_misc":{"Ber\u00e4knad l\u00e4stid":"1 minut"},"schema":{"@context":"https:\/\/schema.org","@graph":[{"@type":"WebPage","@id":"https:\/\/homeofwool.com\/shop\/sleep-mask\/","url":"https:\/\/homeofwool.com\/shop\/sleep-mask\/","name":"S\u00f6mnmask av mullb\u00e4rssilke f\u00f6r sk\u00f6nhetss\u00f6mn | Home of Wool","isPartOf":{"@id":"https:\/\/homeofwool.com\/#website"},"primaryImageOfPage":{"@id":"https:\/\/homeofwool.com\/shop\/sleep-mask\/#primaryimage"},"image":{"@id":"https:\/\/homeofwool.com\/shop\/sleep-mask\/#primaryimage"},"thumbnailUrl":"https:\/\/homeofwool.com\/wp-content\/uploads\/2025\/09\/home-of-wool-mulberry-silk-eye-cover-1-main.jpg","datePublished":"2025-09-02T12:02:33+00:00","dateModified":"2026-03-24T14:49:17+00:00","description":"Handla v\u00e5r anti-age s\u00f6mnmask av mullb\u00e4rssilke f\u00f6r mjukare hud, minskad friktion och bekv\u00e4m ljusblockering. Mjuk, andningsbar sk\u00f6nhetss\u00f6mn med Home of Wool.","breadcrumb":{"@id":"https:\/\/homeofwool.com\/shop\/sleep-mask\/#breadcrumb"},"inLanguage":"sv-SE","potentialAction":[{"@type":"ReadAction","target":["https:\/\/homeofwool.com\/shop\/sleep-mask\/"]}]},{"@type":"ImageObject","inLanguage":"sv-SE","@id":"https:\/\/homeofwool.com\/shop\/sleep-mask\/#primaryimage","url":"https:\/\/homeofwool.com\/wp-content\/uploads\/2025\/09\/home-of-wool-mulberry-silk-eye-cover-1-main.jpg","contentUrl":"https:\/\/homeofwool.com\/wp-content\/uploads\/2025\/09\/home-of-wool-mulberry-silk-eye-cover-1-main.jpg","width":2000,"height":1600,"caption":"girl sleeping with a mulberry silk sleeping mask"},{"@type":"BreadcrumbList","@id":"https:\/\/homeofwool.com\/shop\/sleep-mask\/#breadcrumb","itemListElement":[{"@type":"ListItem","position":1,"name":"Home","item":"https:\/\/homeofwool.com\/"},{"@type":"ListItem","position":2,"name":"Products","item":"https:\/\/homeofwool.com\/header-search-2\/"},{"@type":"ListItem","position":3,"name":"Sleep Mask \u2013 Mulberry Silk"}]},{"@type":"WebSite","@id":"https:\/\/homeofwool.com\/#website","url":"https:\/\/homeofwool.com\/","name":"Hem f\u00f6r ull","description":"","publisher":{"@id":"https:\/\/homeofwool.com\/#organization"},"potentialAction":[{"@type":"SearchAction","target":{"@type":"EntryPoint","urlTemplate":"https:\/\/homeofwool.com\/?s={search_term_string}"},"query-input":{"@type":"PropertyValueSpecification","valueRequired":true,"valueName":"search_term_string"}}],"inLanguage":"sv-SE"},{"@type":"Organization","@id":"https:\/\/homeofwool.com\/#organization","name":"Hem f\u00f6r ull","url":"https:\/\/homeofwool.com\/","logo":{"@type":"ImageObject","inLanguage":"sv-SE","@id":"https:\/\/homeofwool.com\/#\/schema\/logo\/image\/","url":"https:\/\/homeofwool.com\/wp-content\/uploads\/2025\/09\/WhatsApp-Image-2025-12-02-at-16.23.20.jpeg","contentUrl":"https:\/\/homeofwool.com\/wp-content\/uploads\/2025\/09\/WhatsApp-Image-2025-12-02-at-16.23.20.jpeg","width":700,"height":247,"caption":"Home of Wool"},"image":{"@id":"https:\/\/homeofwool.com\/#\/schema\/logo\/image\/"},"sameAs":["https:\/\/facebook.com\/HomeOfWoolOfficial"]}]}},"_links":{"self":[{"href":"https:\/\/homeofwool.com\/sv\/wp-json\/wp\/v2\/product\/217765","targetHints":{"allow":["GET"]}}],"collection":[{"href":"https:\/\/homeofwool.com\/sv\/wp-json\/wp\/v2\/product"}],"about":[{"href":"https:\/\/homeofwool.com\/sv\/wp-json\/wp\/v2\/types\/product"}],"version-history":[{"count":2,"href":"https:\/\/homeofwool.com\/sv\/wp-json\/wp\/v2\/product\/217765\/revisions"}],"predecessor-version":[{"id":229009,"href":"https:\/\/homeofwool.com\/sv\/wp-json\/wp\/v2\/product\/217765\/revisions\/229009"}],"wp:featuredmedia":[{"embeddable":true,"href":"https:\/\/homeofwool.com\/sv\/wp-json\/wp\/v2\/media\/219785"}],"wp:attachment":[{"href":"https:\/\/homeofwool.com\/sv\/wp-json\/wp\/v2\/media?parent=217765"}],"wp:term":[{"taxonomy":"product_brand","embeddable":true,"href":"https:\/\/homeofwool.com\/sv\/wp-json\/wp\/v2\/product_brand?post=217765"},{"taxonomy":"product_cat","embeddable":true,"href":"https:\/\/homeofwool.com\/sv\/wp-json\/wp\/v2\/product_cat?post=217765"},{"taxonomy":"product_tag","embeddable":true,"href":"https:\/\/homeofwool.com\/sv\/wp-json\/wp\/v2\/product_tag?post=217765"}],"curies":[{"name":"wp","href":"https:\/\/api.w.org\/{rel}","templated":true}]}}