{"id":217753,"date":"2025-09-02T12:02:32","date_gmt":"2025-09-02T12:02:32","guid":{"rendered":"https:\/\/homeofwool.com\/?post_type=product&#038;p=217753"},"modified":"2026-03-20T10:40:18","modified_gmt":"2026-03-20T10:40:18","slug":"ullsackstolsforsaljning","status":"publish","type":"product","link":"https:\/\/homeofwool.com\/sv\/shop\/wool-bean-bag-armchair-sale\/","title":{"rendered":"F\u00e5t\u00f6lj med sittp\u00e5se i ull | REA"},"content":{"rendered":"<p>Alla v\u00e5ra produkter \u00e4r tillverkade av helt naturliga, h\u00e5llbara, f\u00f6rnybara, biologiskt nedbrytbara och \u00e5tervinningsbara material, UTAN KEMIKALIER (inklusive flamskyddsmedel, f\u00e4rg\u00e4mnen, blekmedel, flyktiga organiska f\u00f6reningar, ytbehandlingar, karboniserad ull) och UTAN SYNTETISKA MATERIAL (inklusive plast, latex, vinyl, fj\u00e4drar). Certifierade i den str\u00e4ngaste kategorin, f\u00f6r extra trygghet.<\/p>\n<p>Vi tillverkar produkter som \u00e4r gjorda f\u00f6r att h\u00e5lla l\u00e4nge och som \u00e4r tillverkade av h\u00f6gkvalitativa material. F\u00f6r att du ska kunna njuta av dem s\u00e5 l\u00e4nge som m\u00f6jligt finns det n\u00e5gra b\u00e4sta praxis som b\u00f6r f\u00f6ljas.<\/p>\n<h3>FUNKTIONER:<\/h3>\n<ul>\n<li style=\"text-align: left;\"><strong>Handtuftad<\/strong> med naturlig lintr\u00e5d f\u00f6r att h\u00e5lla fyllningen p\u00e5 plats.<\/li>\n<li style=\"text-align: left;\">H\u00e5llbar metall <strong>dragkedja<\/strong> p\u00e5 baksidan s\u00e5 att du enkelt kan justera, l\u00e4gga till eller ta bort ull vid behov (plastblixtl\u00e5s p\u00e5 beg\u00e4ran)<\/li>\n<li style=\"text-align: left;\">Gratis <strong>reparationssats<\/strong>.<\/li>\n<\/ul>\n<h3>FYLLNING:<\/h3>\n<p>Small: 7,4 kg (16,4 lbs) 100% GOTS rester av vadderad ull<br \/>\nStor: 20,3 kg (44,7 lbs) 100% GOTS rester av vadd i ull<\/p>\n<h3>UTV\u00c4XELMATERIALALTERNATIV:<\/h3>\n<p>100% Ekologisk bomull (GOTS-certifierad)<br \/>\n100% Linne, texturerat (Oeko-Tex-certifierat)<br \/>\n100% Linne (Oeko-Tex-certifierat)<br \/>\n100% Jungfruull (Oeko-Tex-certifierad)<\/p>\n<h3>INRE TYG:<\/h3>\n<p>100% Ekologisk bomull (GOTS-certifierad)<\/p>\n<h3>TILLVERKNING &amp; FRAKT:<\/h3>\n<p>Standardtillverkningstid: 1\u20132 veckor<br \/>\nFri frakttid:  1\u20134 veckor<br \/>\nExpressleveranstid: 3-4 dagar<\/p>\n<p>&nbsp;<\/p>\n<p>*Dessa \u00e4r handgjorda f\u00f6rem\u00e5l. V\u00e4nligen beakta att m\u00e5tten kan variera n\u00e5got. Avvikelser i m\u00e5tten som \u00e4r mindre \u00e4n 5% anses acceptabla.<\/p>\n<p>*Alla produkter fyllda med ull uts\u00e4tts f\u00f6r en viss kompression. Vi fyller dock produkterna t\u00e4tt med ull s\u00e5 att de blir tjockare \u00e4n vad som anges i reklamen och under de f\u00f6rsta m\u00e5naderna av anv\u00e4ndning komprimeras de till ungef\u00e4r den tjocklek som anges i reklamen.<\/p>\n<p>*Ullfibrer finns i olika naturliga f\u00e4rger och har en naturlig lukt av f\u00e5r, som f\u00f6rsvinner efter n\u00e5gra m\u00e5nader.<\/p>","protected":false},"excerpt":{"rendered":"<p>Helt kemikaliefri, utan avgasning och utan flyktiga organiska f\u00f6reningar. Allergiv\u00e4nlig, l\u00e4mplig f\u00f6r personer med kemisk k\u00e4nslighet, inklusive MCS. Naturligt motst\u00e5ndskraftig mot dammkvalster och m\u00f6gel, antimikrobiell, antibakteriell och flamskyddad.<\/p>\n<p>Tillg\u00e4ngliga storlekar:<br \/>\n<strong>Medium<\/strong>: 77 x 67 x 30 cm<br \/>\n<strong>Stor:<\/strong> 97 x 87 x 50 cm<\/p>\n<div class=\"global-icon-set\">\n<div class=\"global-icon-set__items\">\n<div class=\"global-icon-set__item\">\n<div class=\"global-icon-set__image\">\n                                    <img decoding=\"async\" src=\"https:\/\/homeofwool.com\/wp-content\/uploads\/2025\/09\/VOCs-min-300x300.png\" alt=\"Vocs gratis\" \/>\n                                <\/div>\n<div class=\"global-icon-set__title\">Fri fr\u00e5n VOC<\/div>\n<\/p><\/div>\n<div class=\"global-icon-set__item\">\n<div class=\"global-icon-set__image\">\n                                    <img decoding=\"async\" src=\"https:\/\/homeofwool.com\/wp-content\/uploads\/2025\/09\/FR-min-300x300.png\" alt=\"Brandbest\u00e4ndig ikon\" \/>\n                                <\/div>\n<div class=\"global-icon-set__title\">Flamskyddad<\/div>\n<\/p><\/div>\n<div class=\"global-icon-set__item\">\n<div class=\"global-icon-set__image\">\n                                    <img decoding=\"async\" src=\"https:\/\/homeofwool.com\/wp-content\/uploads\/2025\/09\/Hypoallergenic-min-300x300.png\" alt=\"hypoallergen ikon\" \/>\n                                <\/div>\n<div class=\"global-icon-set__title\">Allergiv\u00e4nlig<\/div>\n<\/p><\/div>\n<div class=\"global-icon-set__item\">\n<div class=\"global-icon-set__image\">\n                                    <img decoding=\"async\" src=\"https:\/\/homeofwool.com\/wp-content\/uploads\/2025\/09\/free-of-synthetics-icon-300x300.png\" alt=\"fri fr\u00e5n syntetiska \u00e4mnen ikon\" \/>\n                                <\/div>\n<div class=\"global-icon-set__title\">Fri fr\u00e5n syntetmaterial<\/div>\n<\/p><\/div>\n<div class=\"global-icon-set__item\">\n<div class=\"global-icon-set__image\">\n                                    <img decoding=\"async\" src=\"https:\/\/homeofwool.com\/wp-content\/uploads\/2025\/09\/chemical-free-icon-300x300.png\" alt=\"kemikaliefri ikon\" \/>\n                                <\/div>\n<div class=\"global-icon-set__title\">Fri fr\u00e5n kemikalier<\/div>\n<\/p><\/div>\n<div class=\"global-icon-set__item\">\n<div class=\"global-icon-set__image\">\n                                    <img decoding=\"async\" src=\"https:\/\/homeofwool.com\/wp-content\/uploads\/2025\/09\/anti-bacterial-icon-300x300.png\" alt=\"antibakteriell ikon\" \/>\n                                <\/div>\n<div class=\"global-icon-set__title\">Anti-mikrobiell och anti-bakteriell<\/div>\n<\/p><\/div>\n<div class=\"global-icon-set__item\">\n<div class=\"global-icon-set__image\">\n                                    <img decoding=\"async\" src=\"https:\/\/homeofwool.com\/wp-content\/uploads\/2025\/09\/certified-materials-icon-300x300.png\" alt=\"ikon f\u00f6r certifierade material\" \/>\n                                <\/div>\n<div class=\"global-icon-set__title\">100% Rent certifierat material<\/div>\n<\/p><\/div>\n<\/p><\/div>\n<\/p><\/div>","protected":false},"featured_media":225204,"template":"","meta":{"_acf_changed":false},"product_brand":[],"product_cat":[557,20,174,815],"product_tag":[735,817,212,816,740],"class_list":{"0":"post-217753","1":"product","2":"type-product","3":"status-publish","4":"has-post-thumbnail","6":"product_cat-new","7":"product_cat-pillows-poufs","8":"product_cat-zero-waste","9":"product_cat-zero-waste-poufs","10":"product_tag-adult-bean-bag","11":"product_tag-bean-bag-sale","12":"product_tag-custom-pouf","13":"product_tag-floor-pouf","14":"product_tag-organic-bean-bag","16":"first","17":"outofstock","18":"sale","19":"shipping-taxable","20":"purchasable","21":"product-type-variable"},"acf":[],"yoast_head":"<!-- This site is optimized with the Yoast SEO Premium plugin v27.3 (Yoast SEO v27.3) - https:\/\/yoast.com\/product\/yoast-seo-premium-wordpress\/ -->\n<title>Wool Bean Bag Armchair \u2013 ON SALE, VOCs Free | Home of Wool<\/title>\n<meta name=\"description\" content=\"Chemical-free wool armchair: hypoallergenic, VOC-free, flame-resistant, and eco-friendly. Ideal for sensitive users. Available in two sizes.\" \/>\n<meta name=\"robots\" content=\"index, follow, max-snippet:-1, max-image-preview:large, max-video-preview:-1\" \/>\n<link rel=\"canonical\" href=\"https:\/\/homeofwool.com\/sv\/butik\/ullsackstolsforsaljning\/\" \/>\n<meta property=\"og:locale\" content=\"sv_SE\" \/>\n<meta property=\"og:type\" content=\"article\" \/>\n<meta property=\"og:title\" content=\"Wool Bean Bag Armchair | SALE\" \/>\n<meta property=\"og:description\" content=\"Chemical-free wool armchair: hypoallergenic, VOC-free, flame-resistant, and eco-friendly. Ideal for sensitive users. Available in two sizes.\" \/>\n<meta property=\"og:url\" content=\"https:\/\/homeofwool.com\/sv\/butik\/ullsackstolsforsaljning\/\" \/>\n<meta property=\"og:site_name\" content=\"Home of Wool\" \/>\n<meta property=\"article:publisher\" content=\"https:\/\/facebook.com\/HomeOfWoolOfficial\" \/>\n<meta property=\"article:modified_time\" content=\"2026-03-20T10:40:18+00:00\" \/>\n<meta property=\"og:image\" content=\"https:\/\/homeofwool.com\/wp-content\/uploads\/2025\/09\/home-of-wool-wool-bean-bag-armchair-1-1-scaled.jpg\" \/>\n\t<meta property=\"og:image:width\" content=\"2560\" \/>\n\t<meta property=\"og:image:height\" content=\"2048\" \/>\n\t<meta property=\"og:image:type\" content=\"image\/jpeg\" \/>\n<meta name=\"twitter:card\" content=\"summary_large_image\" \/>\n<meta name=\"twitter:label1\" content=\"Ber\u00e4knad l\u00e4stid\" \/>\n\t<meta name=\"twitter:data1\" content=\"2 minuter\" \/>\n<script type=\"application\/ld+json\" class=\"yoast-schema-graph\">{\"@context\":\"https:\\\/\\\/schema.org\",\"@graph\":[{\"@type\":\"WebPage\",\"@id\":\"https:\\\/\\\/homeofwool.com\\\/shop\\\/wool-bean-bag-armchair-sale\\\/\",\"url\":\"https:\\\/\\\/homeofwool.com\\\/shop\\\/wool-bean-bag-armchair-sale\\\/\",\"name\":\"Wool Bean Bag Armchair \u2013 ON SALE, VOCs Free | Home of Wool\",\"isPartOf\":{\"@id\":\"https:\\\/\\\/homeofwool.com\\\/#website\"},\"primaryImageOfPage\":{\"@id\":\"https:\\\/\\\/homeofwool.com\\\/shop\\\/wool-bean-bag-armchair-sale\\\/#primaryimage\"},\"image\":{\"@id\":\"https:\\\/\\\/homeofwool.com\\\/shop\\\/wool-bean-bag-armchair-sale\\\/#primaryimage\"},\"thumbnailUrl\":\"https:\\\/\\\/homeofwool.com\\\/wp-content\\\/uploads\\\/2025\\\/09\\\/home-of-wool-wool-bean-bag-armchair-1-1-scaled.jpg\",\"datePublished\":\"2025-09-02T12:02:32+00:00\",\"dateModified\":\"2026-03-20T10:40:18+00:00\",\"description\":\"Chemical-free wool armchair: hypoallergenic, VOC-free, flame-resistant, and eco-friendly. Ideal for sensitive users. Available in two sizes.\",\"breadcrumb\":{\"@id\":\"https:\\\/\\\/homeofwool.com\\\/shop\\\/wool-bean-bag-armchair-sale\\\/#breadcrumb\"},\"inLanguage\":\"sv-SE\",\"potentialAction\":[{\"@type\":\"ReadAction\",\"target\":[\"https:\\\/\\\/homeofwool.com\\\/shop\\\/wool-bean-bag-armchair-sale\\\/\"]}]},{\"@type\":\"ImageObject\",\"inLanguage\":\"sv-SE\",\"@id\":\"https:\\\/\\\/homeofwool.com\\\/shop\\\/wool-bean-bag-armchair-sale\\\/#primaryimage\",\"url\":\"https:\\\/\\\/homeofwool.com\\\/wp-content\\\/uploads\\\/2025\\\/09\\\/home-of-wool-wool-bean-bag-armchair-1-1-scaled.jpg\",\"contentUrl\":\"https:\\\/\\\/homeofwool.com\\\/wp-content\\\/uploads\\\/2025\\\/09\\\/home-of-wool-wool-bean-bag-armchair-1-1-scaled.jpg\",\"width\":2560,\"height\":2048},{\"@type\":\"BreadcrumbList\",\"@id\":\"https:\\\/\\\/homeofwool.com\\\/shop\\\/wool-bean-bag-armchair-sale\\\/#breadcrumb\",\"itemListElement\":[{\"@type\":\"ListItem\",\"position\":1,\"name\":\"Home\",\"item\":\"https:\\\/\\\/homeofwool.com\\\/\"},{\"@type\":\"ListItem\",\"position\":2,\"name\":\"Products\",\"item\":\"https:\\\/\\\/homeofwool.com\\\/header-search-2\\\/\"},{\"@type\":\"ListItem\",\"position\":3,\"name\":\"Wool Bean Bag Armchair | SALE\"}]},{\"@type\":\"WebSite\",\"@id\":\"https:\\\/\\\/homeofwool.com\\\/#website\",\"url\":\"https:\\\/\\\/homeofwool.com\\\/\",\"name\":\"Home of Wool\",\"description\":\"\",\"publisher\":{\"@id\":\"https:\\\/\\\/homeofwool.com\\\/#organization\"},\"potentialAction\":[{\"@type\":\"SearchAction\",\"target\":{\"@type\":\"EntryPoint\",\"urlTemplate\":\"https:\\\/\\\/homeofwool.com\\\/?s={search_term_string}\"},\"query-input\":{\"@type\":\"PropertyValueSpecification\",\"valueRequired\":true,\"valueName\":\"search_term_string\"}}],\"inLanguage\":\"sv-SE\"},{\"@type\":\"Organization\",\"@id\":\"https:\\\/\\\/homeofwool.com\\\/#organization\",\"name\":\"Home of Wool\",\"url\":\"https:\\\/\\\/homeofwool.com\\\/\",\"logo\":{\"@type\":\"ImageObject\",\"inLanguage\":\"sv-SE\",\"@id\":\"https:\\\/\\\/homeofwool.com\\\/#\\\/schema\\\/logo\\\/image\\\/\",\"url\":\"https:\\\/\\\/homeofwool.com\\\/wp-content\\\/uploads\\\/2025\\\/09\\\/WhatsApp-Image-2025-12-02-at-16.23.20.jpeg\",\"contentUrl\":\"https:\\\/\\\/homeofwool.com\\\/wp-content\\\/uploads\\\/2025\\\/09\\\/WhatsApp-Image-2025-12-02-at-16.23.20.jpeg\",\"width\":700,\"height\":247,\"caption\":\"Home of Wool\"},\"image\":{\"@id\":\"https:\\\/\\\/homeofwool.com\\\/#\\\/schema\\\/logo\\\/image\\\/\"},\"sameAs\":[\"https:\\\/\\\/facebook.com\\\/HomeOfWoolOfficial\"]}]}<\/script>\n<!-- \/ Yoast SEO Premium plugin. -->","yoast_head_json":{"title":"F\u00e5t\u00f6lj av ull \u2013 REA, fri fr\u00e5n VOC | Home of Wool","description":"Kemikaliefri f\u00e5t\u00f6lj i ull: allergiv\u00e4nlig, VOC-fri, flamskyddad och milj\u00f6v\u00e4nlig. Perfekt f\u00f6r k\u00e4nsliga anv\u00e4ndare. Finns i tv\u00e5 storlekar.","robots":{"index":"index","follow":"follow","max-snippet":"max-snippet:-1","max-image-preview":"max-image-preview:large","max-video-preview":"max-video-preview:-1"},"canonical":"https:\/\/homeofwool.com\/sv\/butik\/ullsackstolsforsaljning\/","og_locale":"sv_SE","og_type":"article","og_title":"Wool Bean Bag Armchair | SALE","og_description":"Chemical-free wool armchair: hypoallergenic, VOC-free, flame-resistant, and eco-friendly. Ideal for sensitive users. Available in two sizes.","og_url":"https:\/\/homeofwool.com\/sv\/butik\/ullsackstolsforsaljning\/","og_site_name":"Home of Wool","article_publisher":"https:\/\/facebook.com\/HomeOfWoolOfficial","article_modified_time":"2026-03-20T10:40:18+00:00","og_image":[{"width":2560,"height":2048,"url":"https:\/\/homeofwool.com\/wp-content\/uploads\/2025\/09\/home-of-wool-wool-bean-bag-armchair-1-1-scaled.jpg","type":"image\/jpeg"}],"twitter_card":"summary_large_image","twitter_misc":{"Ber\u00e4knad l\u00e4stid":"2 minuter"},"schema":{"@context":"https:\/\/schema.org","@graph":[{"@type":"WebPage","@id":"https:\/\/homeofwool.com\/shop\/wool-bean-bag-armchair-sale\/","url":"https:\/\/homeofwool.com\/shop\/wool-bean-bag-armchair-sale\/","name":"F\u00e5t\u00f6lj av ull \u2013 REA, fri fr\u00e5n VOC | Home of Wool","isPartOf":{"@id":"https:\/\/homeofwool.com\/#website"},"primaryImageOfPage":{"@id":"https:\/\/homeofwool.com\/shop\/wool-bean-bag-armchair-sale\/#primaryimage"},"image":{"@id":"https:\/\/homeofwool.com\/shop\/wool-bean-bag-armchair-sale\/#primaryimage"},"thumbnailUrl":"https:\/\/homeofwool.com\/wp-content\/uploads\/2025\/09\/home-of-wool-wool-bean-bag-armchair-1-1-scaled.jpg","datePublished":"2025-09-02T12:02:32+00:00","dateModified":"2026-03-20T10:40:18+00:00","description":"Kemikaliefri f\u00e5t\u00f6lj i ull: allergiv\u00e4nlig, VOC-fri, flamskyddad och milj\u00f6v\u00e4nlig. Perfekt f\u00f6r k\u00e4nsliga anv\u00e4ndare. Finns i tv\u00e5 storlekar.","breadcrumb":{"@id":"https:\/\/homeofwool.com\/shop\/wool-bean-bag-armchair-sale\/#breadcrumb"},"inLanguage":"sv-SE","potentialAction":[{"@type":"ReadAction","target":["https:\/\/homeofwool.com\/shop\/wool-bean-bag-armchair-sale\/"]}]},{"@type":"ImageObject","inLanguage":"sv-SE","@id":"https:\/\/homeofwool.com\/shop\/wool-bean-bag-armchair-sale\/#primaryimage","url":"https:\/\/homeofwool.com\/wp-content\/uploads\/2025\/09\/home-of-wool-wool-bean-bag-armchair-1-1-scaled.jpg","contentUrl":"https:\/\/homeofwool.com\/wp-content\/uploads\/2025\/09\/home-of-wool-wool-bean-bag-armchair-1-1-scaled.jpg","width":2560,"height":2048},{"@type":"BreadcrumbList","@id":"https:\/\/homeofwool.com\/shop\/wool-bean-bag-armchair-sale\/#breadcrumb","itemListElement":[{"@type":"ListItem","position":1,"name":"Home","item":"https:\/\/homeofwool.com\/"},{"@type":"ListItem","position":2,"name":"Products","item":"https:\/\/homeofwool.com\/header-search-2\/"},{"@type":"ListItem","position":3,"name":"Wool Bean Bag Armchair | SALE"}]},{"@type":"WebSite","@id":"https:\/\/homeofwool.com\/#website","url":"https:\/\/homeofwool.com\/","name":"Hem f\u00f6r ull","description":"","publisher":{"@id":"https:\/\/homeofwool.com\/#organization"},"potentialAction":[{"@type":"SearchAction","target":{"@type":"EntryPoint","urlTemplate":"https:\/\/homeofwool.com\/?s={search_term_string}"},"query-input":{"@type":"PropertyValueSpecification","valueRequired":true,"valueName":"search_term_string"}}],"inLanguage":"sv-SE"},{"@type":"Organization","@id":"https:\/\/homeofwool.com\/#organization","name":"Hem f\u00f6r ull","url":"https:\/\/homeofwool.com\/","logo":{"@type":"ImageObject","inLanguage":"sv-SE","@id":"https:\/\/homeofwool.com\/#\/schema\/logo\/image\/","url":"https:\/\/homeofwool.com\/wp-content\/uploads\/2025\/09\/WhatsApp-Image-2025-12-02-at-16.23.20.jpeg","contentUrl":"https:\/\/homeofwool.com\/wp-content\/uploads\/2025\/09\/WhatsApp-Image-2025-12-02-at-16.23.20.jpeg","width":700,"height":247,"caption":"Home of Wool"},"image":{"@id":"https:\/\/homeofwool.com\/#\/schema\/logo\/image\/"},"sameAs":["https:\/\/facebook.com\/HomeOfWoolOfficial"]}]}},"_links":{"self":[{"href":"https:\/\/homeofwool.com\/sv\/wp-json\/wp\/v2\/product\/217753","targetHints":{"allow":["GET"]}}],"collection":[{"href":"https:\/\/homeofwool.com\/sv\/wp-json\/wp\/v2\/product"}],"about":[{"href":"https:\/\/homeofwool.com\/sv\/wp-json\/wp\/v2\/types\/product"}],"version-history":[{"count":2,"href":"https:\/\/homeofwool.com\/sv\/wp-json\/wp\/v2\/product\/217753\/revisions"}],"predecessor-version":[{"id":228925,"href":"https:\/\/homeofwool.com\/sv\/wp-json\/wp\/v2\/product\/217753\/revisions\/228925"}],"wp:featuredmedia":[{"embeddable":true,"href":"https:\/\/homeofwool.com\/sv\/wp-json\/wp\/v2\/media\/225204"}],"wp:attachment":[{"href":"https:\/\/homeofwool.com\/sv\/wp-json\/wp\/v2\/media?parent=217753"}],"wp:term":[{"taxonomy":"product_brand","embeddable":true,"href":"https:\/\/homeofwool.com\/sv\/wp-json\/wp\/v2\/product_brand?post=217753"},{"taxonomy":"product_cat","embeddable":true,"href":"https:\/\/homeofwool.com\/sv\/wp-json\/wp\/v2\/product_cat?post=217753"},{"taxonomy":"product_tag","embeddable":true,"href":"https:\/\/homeofwool.com\/sv\/wp-json\/wp\/v2\/product_tag?post=217753"}],"curies":[{"name":"wp","href":"https:\/\/api.w.org\/{rel}","templated":true}]}}