{"id":217707,"date":"2025-09-02T12:02:14","date_gmt":"2025-09-02T12:02:14","guid":{"rendered":"https:\/\/homeofwool.com\/?post_type=product&#038;p=217707"},"modified":"2026-02-10T16:02:22","modified_gmt":"2026-02-10T16:02:22","slug":"anti-refluxkudde","status":"publish","type":"product","link":"https:\/\/homeofwool.com\/sv\/shop\/anti-reflux-pillow\/","title":{"rendered":"Acid Reflux ullkudde f\u00f6r sp\u00e4dbarn"},"content":{"rendered":"<p>Acid Reflux Wool Pillow for Babies \u00e4r ett helt naturligt alternativ till syntetiska alternativ. Det \u00e4r en handgjord kilkudde som hj\u00e4lper till att lindra ditt barns refluxsymtom genom att f\u00f6rsiktigt h\u00f6ja \u00f6verkroppen till en bekv\u00e4mare, lutad sovst\u00e4llning. Denna naturliga babykudde \u00e4r tillverkad av ren ull och tyger och \u00e4r fri fr\u00e5n kemikalier, avgaser och VOC.<\/p>\n<p>Denna kudde mot sura uppst\u00f6tningar har en mild lutning som underl\u00e4ttar matsm\u00e4ltningen och andningen under s\u00f6mnen. Ullfyllningen och den noggranna tuftningen hj\u00e4lper kudden att beh\u00e5lla sin form, s\u00e5 att ditt barn ligger i r\u00e4tt vinkel. Valfria sidoskenor ger extra st\u00f6d och hj\u00e4lper till att h\u00e5lla ditt barn bekv\u00e4mt p\u00e5 plats. Med ett urval av naturliga tyger f\u00f6r \u00f6rngottet och valfria tillbeh\u00f6r erbjuder denna kudde anpassningsbart st\u00f6d mot sura uppst\u00f6tningar.<\/p>\n<p>Denna kudde av ull \u00e4r naturligt allergiv\u00e4nlig och antimikrobiell och motverkar dessutom dammkvalster f\u00f6r en h\u00e4lsosammare och s\u00e4krare s\u00f6mnmilj\u00f6.<\/p>\n<p>Om du letar efter ett s\u00e4kert och h\u00e5llbart sovst\u00f6d f\u00f6r sp\u00e4dbarn \u00e4r denna refluxkudde f\u00f6r sp\u00e4dbarn ett smart och h\u00e4lsosamt val f\u00f6r din lilla.<\/p>\n<p><strong>BILAGA:<\/strong><br \/>\n3-sidig dragkedja p\u00e5 locket<\/p>\n<p><strong>FUNKTIONER:<\/strong><\/p>\n<ul>\n<li><strong>Infoga<\/strong> i 100% Ekologisk bomullstyg.<\/li>\n<li><strong>Dragkedja<\/strong>, som g\u00f6r att du kan justera fyllnadsvolymen till den h\u00f6jd och fasthet som du tycker \u00e4r mest bekv\u00e4m.<\/li>\n<\/ul>\n<p><strong>TILLVERKNING &amp; FRAKT:<\/strong><br \/>\nStandardtillverkningstid: 5\u20137 dagar<br \/>\nFri frakttid:  1\u20134 veckor<br \/>\nExpressleveranstid: 3-4 dagar<\/p>","protected":false},"excerpt":{"rendered":"<p>Ren, mjuk och andningsbar refluxkudde f\u00f6r sp\u00e4dbarn. En kemikaliefri st\u00f6dl\u00f6sning f\u00f6r sp\u00e4dbarn som lindrar obehag orsakat av sura uppst\u00f6tningar. Denna anpassningsbara refluxkudde \u00e4r fylld med ull och kl\u00e4dd i h\u00f6gkvalitativa naturmaterial och fr\u00e4mjar en mer vilsam s\u00f6mn.<\/p>\n<p><strong>STORLEK<\/strong>: 71 x 43 x 18 cm<br \/>\n<strong>Fyllning<\/strong>: 4,8 lbs (2,2 kg)<br \/>\n<strong>VALFRIA SIDOR\u00c4CKA<\/strong> med justerbart avst\u00e5nd upp till 10\u2033 (25 cm)<\/p>\n<div class=\"global-icon-set\">\n<div class=\"global-icon-set__items\">\n<div class=\"global-icon-set__item\">\n<div class=\"global-icon-set__image\">\n                                    <img decoding=\"async\" src=\"https:\/\/homeofwool.com\/wp-content\/uploads\/2025\/09\/handmade-icon-300x300.png\" alt=\"handgjord ikon\" \/>\n                                <\/div>\n<div class=\"global-icon-set__title\">Handgjord<\/div>\n<\/p><\/div>\n<div class=\"global-icon-set__item\">\n<div class=\"global-icon-set__image\">\n                                    <img decoding=\"async\" src=\"https:\/\/homeofwool.com\/wp-content\/uploads\/2025\/09\/wicks-moisture-away-300x300.png\" alt=\"transporterar bort fukt\" \/>\n                                <\/div>\n<div class=\"global-icon-set__title\">Transporterar bort fukt<\/div>\n<\/p><\/div>\n<div class=\"global-icon-set__item\">\n<div class=\"global-icon-set__image\">\n                                    <img decoding=\"async\" src=\"https:\/\/homeofwool.com\/wp-content\/uploads\/2025\/09\/VOCs-min-300x300.png\" alt=\"Vocs gratis\" \/>\n                                <\/div>\n<div class=\"global-icon-set__title\">Fri fr\u00e5n VOC<\/div>\n<\/p><\/div>\n<div class=\"global-icon-set__item\">\n<div class=\"global-icon-set__image\">\n                                    <img decoding=\"async\" src=\"https:\/\/homeofwool.com\/wp-content\/uploads\/2025\/09\/FR-min-300x300.png\" alt=\"Brandbest\u00e4ndig ikon\" \/>\n                                <\/div>\n<div class=\"global-icon-set__title\">Flamskyddad<\/div>\n<\/p><\/div>\n<div class=\"global-icon-set__item\">\n<div class=\"global-icon-set__image\">\n                                    <img decoding=\"async\" src=\"https:\/\/homeofwool.com\/wp-content\/uploads\/2025\/09\/Hypoallergenic-min-300x300.png\" alt=\"hypoallergen ikon\" \/>\n                                <\/div>\n<div class=\"global-icon-set__title\">Allergiv\u00e4nlig<\/div>\n<\/p><\/div>\n<div class=\"global-icon-set__item\">\n<div class=\"global-icon-set__image\">\n                                    <img decoding=\"async\" src=\"https:\/\/homeofwool.com\/wp-content\/uploads\/2025\/09\/certified-materials-icon-300x300.png\" alt=\"ikon f\u00f6r certifierade material\" \/>\n                                <\/div>\n<div class=\"global-icon-set__title\">100% Rent certifierat material<\/div>\n<\/p><\/div>\n<div class=\"global-icon-set__item\">\n<div class=\"global-icon-set__image\">\n                                    <img decoding=\"async\" src=\"https:\/\/homeofwool.com\/wp-content\/uploads\/2025\/09\/chemical-free-icon-300x300.png\" alt=\"kemikaliefri ikon\" \/>\n                                <\/div>\n<div class=\"global-icon-set__title\">Fri fr\u00e5n kemikalier<\/div>\n<\/p><\/div>\n<div class=\"global-icon-set__item\">\n<div class=\"global-icon-set__image\">\n                                    <img decoding=\"async\" src=\"https:\/\/homeofwool.com\/wp-content\/uploads\/2025\/09\/anti-bacterial-icon-300x300.png\" alt=\"antibakteriell ikon\" \/>\n                                <\/div>\n<div class=\"global-icon-set__title\">Anti-mikrobiell och anti-bakteriell<\/div>\n<\/p><\/div>\n<div class=\"global-icon-set__item\">\n<div class=\"global-icon-set__image\">\n                                    <img decoding=\"async\" src=\"https:\/\/homeofwool.com\/wp-content\/uploads\/2025\/09\/certified-materials-icon-300x300.png\" alt=\"ikon f\u00f6r certifierade material\" \/>\n                                <\/div>\n<div class=\"global-icon-set__title\">100% Rent certifierat material<\/div>\n<\/p><\/div>\n<\/p><\/div>\n<\/p><\/div>","protected":false},"featured_media":218479,"template":"","meta":{"_acf_changed":false},"product_brand":[],"product_cat":[266,557,267],"product_tag":[788,789,790,791,792,665,793,149],"class_list":{"0":"post-217707","1":"product","2":"type-product","3":"status-publish","4":"has-post-thumbnail","6":"product_cat-baby-sleep-products","7":"product_cat-new","8":"product_cat-nursery","9":"product_tag-anti-acid-reflux-pillow","10":"product_tag-anti-reflux-pillow-newborn","11":"product_tag-anti-reflux-wedge","12":"product_tag-anti-reflux-wedge-pillow","13":"product_tag-anti-spit-up-pillow","14":"product_tag-inclined-triangle-pillow","15":"product_tag-pillow-anti-reflux","16":"product_tag-steps","18":"first","19":"instock","20":"shipping-taxable","21":"purchasable","22":"product-type-simple"},"acf":[],"yoast_head":"<!-- This site is optimized with the Yoast SEO Premium plugin v27.4 (Yoast SEO v27.4) - https:\/\/yoast.com\/product\/yoast-seo-premium-wordpress\/ -->\n<title>Acid Reflux Pillow Infant \u2013 Natural Wedge Cushion for Babies | Home of Wool<\/title>\n<meta name=\"description\" content=\"Natural baby reflux pillow made from pure wool and fabrics. Gentle incline eases reflux, aids digestion, and supports restful infant sleep\u2014chemical-free, hypoallergenic, customizable.\" \/>\n<meta name=\"robots\" content=\"index, follow, max-snippet:-1, max-image-preview:large, max-video-preview:-1\" \/>\n<link rel=\"canonical\" href=\"https:\/\/homeofwool.com\/sv\/butik\/anti-refluxkudde\/\" \/>\n<meta property=\"og:locale\" content=\"sv_SE\" \/>\n<meta property=\"og:type\" content=\"article\" \/>\n<meta property=\"og:title\" content=\"Acid Reflux Wool Pillow For Babies\" \/>\n<meta property=\"og:description\" content=\"Natural baby reflux pillow made from pure wool and fabrics. Gentle incline eases reflux, aids digestion, and supports restful infant sleep\u2014chemical-free, hypoallergenic, customizable.\" \/>\n<meta property=\"og:url\" content=\"https:\/\/homeofwool.com\/sv\/butik\/anti-refluxkudde\/\" \/>\n<meta property=\"og:site_name\" content=\"Home of Wool\" \/>\n<meta property=\"article:publisher\" content=\"https:\/\/facebook.com\/HomeOfWoolOfficial\" \/>\n<meta property=\"article:modified_time\" content=\"2026-02-10T16:02:22+00:00\" \/>\n<meta property=\"og:image\" content=\"https:\/\/homeofwool.com\/wp-content\/uploads\/2025\/09\/home-of-wool-acid-reflux-wool-pillow-for-babies-1-main.jpg\" \/>\n\t<meta property=\"og:image:width\" content=\"1900\" \/>\n\t<meta property=\"og:image:height\" content=\"1520\" \/>\n\t<meta property=\"og:image:type\" content=\"image\/jpeg\" \/>\n<meta name=\"twitter:card\" content=\"summary_large_image\" \/>\n<meta name=\"twitter:label1\" content=\"Ber\u00e4knad l\u00e4stid\" \/>\n\t<meta name=\"twitter:data1\" content=\"2 minuter\" \/>\n<script type=\"application\/ld+json\" class=\"yoast-schema-graph\">{\"@context\":\"https:\\\/\\\/schema.org\",\"@graph\":[{\"@type\":\"WebPage\",\"@id\":\"https:\\\/\\\/homeofwool.com\\\/shop\\\/anti-reflux-pillow\\\/\",\"url\":\"https:\\\/\\\/homeofwool.com\\\/shop\\\/anti-reflux-pillow\\\/\",\"name\":\"Acid Reflux Pillow Infant \u2013 Natural Wedge Cushion for Babies | Home of Wool\",\"isPartOf\":{\"@id\":\"https:\\\/\\\/homeofwool.com\\\/#website\"},\"primaryImageOfPage\":{\"@id\":\"https:\\\/\\\/homeofwool.com\\\/shop\\\/anti-reflux-pillow\\\/#primaryimage\"},\"image\":{\"@id\":\"https:\\\/\\\/homeofwool.com\\\/shop\\\/anti-reflux-pillow\\\/#primaryimage\"},\"thumbnailUrl\":\"https:\\\/\\\/homeofwool.com\\\/wp-content\\\/uploads\\\/2025\\\/09\\\/home-of-wool-acid-reflux-wool-pillow-for-babies-1-main.jpg\",\"datePublished\":\"2025-09-02T12:02:14+00:00\",\"dateModified\":\"2026-02-10T16:02:22+00:00\",\"description\":\"Natural baby reflux pillow made from pure wool and fabrics. Gentle incline eases reflux, aids digestion, and supports restful infant sleep\u2014chemical-free, hypoallergenic, customizable.\",\"breadcrumb\":{\"@id\":\"https:\\\/\\\/homeofwool.com\\\/shop\\\/anti-reflux-pillow\\\/#breadcrumb\"},\"inLanguage\":\"sv-SE\",\"potentialAction\":[{\"@type\":\"ReadAction\",\"target\":[\"https:\\\/\\\/homeofwool.com\\\/shop\\\/anti-reflux-pillow\\\/\"]}]},{\"@type\":\"ImageObject\",\"inLanguage\":\"sv-SE\",\"@id\":\"https:\\\/\\\/homeofwool.com\\\/shop\\\/anti-reflux-pillow\\\/#primaryimage\",\"url\":\"https:\\\/\\\/homeofwool.com\\\/wp-content\\\/uploads\\\/2025\\\/09\\\/home-of-wool-acid-reflux-wool-pillow-for-babies-1-main.jpg\",\"contentUrl\":\"https:\\\/\\\/homeofwool.com\\\/wp-content\\\/uploads\\\/2025\\\/09\\\/home-of-wool-acid-reflux-wool-pillow-for-babies-1-main.jpg\",\"width\":1900,\"height\":1520,\"caption\":\"acid reflux wool pillow and baby\"},{\"@type\":\"BreadcrumbList\",\"@id\":\"https:\\\/\\\/homeofwool.com\\\/shop\\\/anti-reflux-pillow\\\/#breadcrumb\",\"itemListElement\":[{\"@type\":\"ListItem\",\"position\":1,\"name\":\"Home\",\"item\":\"https:\\\/\\\/homeofwool.com\\\/\"},{\"@type\":\"ListItem\",\"position\":2,\"name\":\"Products\",\"item\":\"https:\\\/\\\/homeofwool.com\\\/header-search-2\\\/\"},{\"@type\":\"ListItem\",\"position\":3,\"name\":\"Acid Reflux Wool Pillow For Babies\"}]},{\"@type\":\"WebSite\",\"@id\":\"https:\\\/\\\/homeofwool.com\\\/#website\",\"url\":\"https:\\\/\\\/homeofwool.com\\\/\",\"name\":\"Home of Wool\",\"description\":\"\",\"publisher\":{\"@id\":\"https:\\\/\\\/homeofwool.com\\\/#organization\"},\"potentialAction\":[{\"@type\":\"SearchAction\",\"target\":{\"@type\":\"EntryPoint\",\"urlTemplate\":\"https:\\\/\\\/homeofwool.com\\\/?s={search_term_string}\"},\"query-input\":{\"@type\":\"PropertyValueSpecification\",\"valueRequired\":true,\"valueName\":\"search_term_string\"}}],\"inLanguage\":\"sv-SE\"},{\"@type\":\"Organization\",\"@id\":\"https:\\\/\\\/homeofwool.com\\\/#organization\",\"name\":\"Home of Wool\",\"url\":\"https:\\\/\\\/homeofwool.com\\\/\",\"logo\":{\"@type\":\"ImageObject\",\"inLanguage\":\"sv-SE\",\"@id\":\"https:\\\/\\\/homeofwool.com\\\/#\\\/schema\\\/logo\\\/image\\\/\",\"url\":\"https:\\\/\\\/homeofwool.com\\\/wp-content\\\/uploads\\\/2025\\\/09\\\/WhatsApp-Image-2025-12-02-at-16.23.20.jpeg\",\"contentUrl\":\"https:\\\/\\\/homeofwool.com\\\/wp-content\\\/uploads\\\/2025\\\/09\\\/WhatsApp-Image-2025-12-02-at-16.23.20.jpeg\",\"width\":700,\"height\":247,\"caption\":\"Home of Wool\"},\"image\":{\"@id\":\"https:\\\/\\\/homeofwool.com\\\/#\\\/schema\\\/logo\\\/image\\\/\"},\"sameAs\":[\"https:\\\/\\\/facebook.com\\\/HomeOfWoolOfficial\"]}]}<\/script>\n<!-- \/ Yoast SEO Premium plugin. -->","yoast_head_json":{"title":"Kudde mot sura uppst\u00f6tningar f\u00f6r sp\u00e4dbarn \u2013 Naturlig kilkudde f\u00f6r sp\u00e4dbarn | Home of Wool","description":"Naturlig refluxkudde f\u00f6r sp\u00e4dbarn tillverkad av ren ull och tyger. Den milda lutningen lindrar reflux, underl\u00e4ttar matsm\u00e4ltningen och fr\u00e4mjar en god s\u00f6mn f\u00f6r sp\u00e4dbarn \u2013 kemikaliefri, allergiv\u00e4nlig, anpassningsbar.","robots":{"index":"index","follow":"follow","max-snippet":"max-snippet:-1","max-image-preview":"max-image-preview:large","max-video-preview":"max-video-preview:-1"},"canonical":"https:\/\/homeofwool.com\/sv\/butik\/anti-refluxkudde\/","og_locale":"sv_SE","og_type":"article","og_title":"Acid Reflux Wool Pillow For Babies","og_description":"Natural baby reflux pillow made from pure wool and fabrics. Gentle incline eases reflux, aids digestion, and supports restful infant sleep\u2014chemical-free, hypoallergenic, customizable.","og_url":"https:\/\/homeofwool.com\/sv\/butik\/anti-refluxkudde\/","og_site_name":"Home of Wool","article_publisher":"https:\/\/facebook.com\/HomeOfWoolOfficial","article_modified_time":"2026-02-10T16:02:22+00:00","og_image":[{"width":1900,"height":1520,"url":"https:\/\/homeofwool.com\/wp-content\/uploads\/2025\/09\/home-of-wool-acid-reflux-wool-pillow-for-babies-1-main.jpg","type":"image\/jpeg"}],"twitter_card":"summary_large_image","twitter_misc":{"Ber\u00e4knad l\u00e4stid":"2 minuter"},"schema":{"@context":"https:\/\/schema.org","@graph":[{"@type":"WebPage","@id":"https:\/\/homeofwool.com\/shop\/anti-reflux-pillow\/","url":"https:\/\/homeofwool.com\/shop\/anti-reflux-pillow\/","name":"Kudde mot sura uppst\u00f6tningar f\u00f6r sp\u00e4dbarn \u2013 Naturlig kilkudde f\u00f6r sp\u00e4dbarn | Home of Wool","isPartOf":{"@id":"https:\/\/homeofwool.com\/#website"},"primaryImageOfPage":{"@id":"https:\/\/homeofwool.com\/shop\/anti-reflux-pillow\/#primaryimage"},"image":{"@id":"https:\/\/homeofwool.com\/shop\/anti-reflux-pillow\/#primaryimage"},"thumbnailUrl":"https:\/\/homeofwool.com\/wp-content\/uploads\/2025\/09\/home-of-wool-acid-reflux-wool-pillow-for-babies-1-main.jpg","datePublished":"2025-09-02T12:02:14+00:00","dateModified":"2026-02-10T16:02:22+00:00","description":"Naturlig refluxkudde f\u00f6r sp\u00e4dbarn tillverkad av ren ull och tyger. Den milda lutningen lindrar reflux, underl\u00e4ttar matsm\u00e4ltningen och fr\u00e4mjar en god s\u00f6mn f\u00f6r sp\u00e4dbarn \u2013 kemikaliefri, allergiv\u00e4nlig, anpassningsbar.","breadcrumb":{"@id":"https:\/\/homeofwool.com\/shop\/anti-reflux-pillow\/#breadcrumb"},"inLanguage":"sv-SE","potentialAction":[{"@type":"ReadAction","target":["https:\/\/homeofwool.com\/shop\/anti-reflux-pillow\/"]}]},{"@type":"ImageObject","inLanguage":"sv-SE","@id":"https:\/\/homeofwool.com\/shop\/anti-reflux-pillow\/#primaryimage","url":"https:\/\/homeofwool.com\/wp-content\/uploads\/2025\/09\/home-of-wool-acid-reflux-wool-pillow-for-babies-1-main.jpg","contentUrl":"https:\/\/homeofwool.com\/wp-content\/uploads\/2025\/09\/home-of-wool-acid-reflux-wool-pillow-for-babies-1-main.jpg","width":1900,"height":1520,"caption":"acid reflux wool pillow and baby"},{"@type":"BreadcrumbList","@id":"https:\/\/homeofwool.com\/shop\/anti-reflux-pillow\/#breadcrumb","itemListElement":[{"@type":"ListItem","position":1,"name":"Home","item":"https:\/\/homeofwool.com\/"},{"@type":"ListItem","position":2,"name":"Products","item":"https:\/\/homeofwool.com\/header-search-2\/"},{"@type":"ListItem","position":3,"name":"Acid Reflux Wool Pillow For Babies"}]},{"@type":"WebSite","@id":"https:\/\/homeofwool.com\/#website","url":"https:\/\/homeofwool.com\/","name":"Hem f\u00f6r ull","description":"","publisher":{"@id":"https:\/\/homeofwool.com\/#organization"},"potentialAction":[{"@type":"SearchAction","target":{"@type":"EntryPoint","urlTemplate":"https:\/\/homeofwool.com\/?s={search_term_string}"},"query-input":{"@type":"PropertyValueSpecification","valueRequired":true,"valueName":"search_term_string"}}],"inLanguage":"sv-SE"},{"@type":"Organization","@id":"https:\/\/homeofwool.com\/#organization","name":"Hem f\u00f6r ull","url":"https:\/\/homeofwool.com\/","logo":{"@type":"ImageObject","inLanguage":"sv-SE","@id":"https:\/\/homeofwool.com\/#\/schema\/logo\/image\/","url":"https:\/\/homeofwool.com\/wp-content\/uploads\/2025\/09\/WhatsApp-Image-2025-12-02-at-16.23.20.jpeg","contentUrl":"https:\/\/homeofwool.com\/wp-content\/uploads\/2025\/09\/WhatsApp-Image-2025-12-02-at-16.23.20.jpeg","width":700,"height":247,"caption":"Home of Wool"},"image":{"@id":"https:\/\/homeofwool.com\/#\/schema\/logo\/image\/"},"sameAs":["https:\/\/facebook.com\/HomeOfWoolOfficial"]}]}},"_links":{"self":[{"href":"https:\/\/homeofwool.com\/sv\/wp-json\/wp\/v2\/product\/217707","targetHints":{"allow":["GET"]}}],"collection":[{"href":"https:\/\/homeofwool.com\/sv\/wp-json\/wp\/v2\/product"}],"about":[{"href":"https:\/\/homeofwool.com\/sv\/wp-json\/wp\/v2\/types\/product"}],"version-history":[{"count":2,"href":"https:\/\/homeofwool.com\/sv\/wp-json\/wp\/v2\/product\/217707\/revisions"}],"predecessor-version":[{"id":226019,"href":"https:\/\/homeofwool.com\/sv\/wp-json\/wp\/v2\/product\/217707\/revisions\/226019"}],"wp:featuredmedia":[{"embeddable":true,"href":"https:\/\/homeofwool.com\/sv\/wp-json\/wp\/v2\/media\/218479"}],"wp:attachment":[{"href":"https:\/\/homeofwool.com\/sv\/wp-json\/wp\/v2\/media?parent=217707"}],"wp:term":[{"taxonomy":"product_brand","embeddable":true,"href":"https:\/\/homeofwool.com\/sv\/wp-json\/wp\/v2\/product_brand?post=217707"},{"taxonomy":"product_cat","embeddable":true,"href":"https:\/\/homeofwool.com\/sv\/wp-json\/wp\/v2\/product_cat?post=217707"},{"taxonomy":"product_tag","embeddable":true,"href":"https:\/\/homeofwool.com\/sv\/wp-json\/wp\/v2\/product_tag?post=217707"}],"curies":[{"name":"wp","href":"https:\/\/api.w.org\/{rel}","templated":true}]}}