{"id":217706,"date":"2025-09-02T12:02:14","date_gmt":"2025-09-02T12:02:14","guid":{"rendered":"https:\/\/homeofwool.com\/?post_type=product&#038;p=217706"},"modified":"2026-02-11T09:22:33","modified_gmt":"2026-02-11T09:22:33","slug":"platt-lakan","status":"publish","type":"product","link":"https:\/\/homeofwool.com\/sv\/shop\/flat-sheet\/","title":{"rendered":"Platt lakan"},"content":{"rendered":"<p>Linne, mullb\u00e4rssilke, bomulls-linneblandningar och merinoullsjersey \u00e4r klassiker inom naturliga s\u00e4ngkl\u00e4der, lakan och s\u00e4ngkl\u00e4der. Det som g\u00f6r v\u00e5ra produkter unika \u00e4r att vi h\u00e5ller dem rena. Inga blekmedel eller f\u00e4rg\u00e4mnen. Inga kemiska ytbehandlingar.<\/p>\n<p>Linne \u00e4r fr\u00e4scht fr\u00e5n b\u00f6rjan och mjuknar vackert f\u00f6r varje tv\u00e4tt. Det \u00e4r ett favoritmaterial f\u00f6r sommarn\u00e4tter, eftersom det h\u00e5ller dig sval och svettfri. Mullb\u00e4rssilke har en mjuk men inte hal k\u00e4nsla. Det \u00e4r omtyckt f\u00f6r sina aminosyror som hj\u00e4lper till att h\u00e5lla huden frisk och str\u00e5lande. Ulljersey ger v\u00e4rme och lite stretch. Oavsett vilket du v\u00e4ljer \u00e4r alla dessa material andningsbara och slitstarka, vilket hj\u00e4lper dig att sova friskt, torrt och gott.<\/p>\n<p>100% \u00e4r allergiv\u00e4nligt och detta lakan \u00e4r s\u00e4rskilt l\u00e4mpligt f\u00f6r personer med k\u00e4nslig hud. V\u00e5rt urval av naturliga tyger \u00e4r skonsamt mot huden. V\u00e5ra tyger finns i naturliga f\u00e4rger och \u00e4r fria fr\u00e5n kemiska ytbehandlingar som vanligtvis orsakar irritation.<\/p>\n<p>St\u00f6rre storlekar har en diskret s\u00f6m som \u00e4r placerad s\u00e5 att den ligger under kudden eller n\u00e4ra f\u00f6tterna, s\u00e5 att den inte st\u00f6r dig. P\u00e5 beg\u00e4ran kan s\u00f6mmen g\u00f6ras p\u00e5 l\u00e4ngden ist\u00e4llet f\u00f6r tv\u00e4rs \u00f6ver.<\/p>\n<p>Du kan v\u00e4lja mellan standardstorlekar eller f\u00e5 lakanet skr\u00e4ddarsytt efter din s\u00e4ng. Och om du vill vara s\u00e4ker p\u00e5 tyget finns det prover tillg\u00e4ngliga s\u00e5 att du kan k\u00e4nna och se de alternativ vi erbjuder.<\/p>\n<p>Ett naturligt platt lakan erbjuder komfort och kvalitet som h\u00e5ller i \u00e5ratal. Dess andningsf\u00f6rm\u00e5ga och renhet skapar en h\u00e4lsosammare s\u00f6mnmilj\u00f6 som fr\u00e4mjar b\u00e4ttre vila.<\/p>","protected":false},"excerpt":{"rendered":"<p>Ett platt lakan tillverkat av naturmaterial som k\u00e4nns svalt och bekv\u00e4mt natt efter natt. Detta platta lakan \u00e4r andningsbart, kemikaliefritt och skonsamt mot k\u00e4nslig hud. Ett tidl\u00f6st \u00f6verdrag som ger s\u00e4ngen en vacker finish och extra komfort f\u00f6r alla, \u00e4ven f\u00f6r dem som sover varmt.<\/p>\n<div class=\"global-icon-set\">\n<div class=\"global-icon-set__items\">\n<div class=\"global-icon-set__item\">\n<div class=\"global-icon-set__image\">\n                                    <img decoding=\"async\" src=\"https:\/\/homeofwool.com\/wp-content\/uploads\/2025\/09\/handmade-icon-300x300.png\" alt=\"handgjord ikon\" \/>\n                                <\/div>\n<div class=\"global-icon-set__title\">Handgjord<\/div>\n<\/p><\/div>\n<div class=\"global-icon-set__item\">\n<div class=\"global-icon-set__image\">\n                                    <img decoding=\"async\" src=\"https:\/\/homeofwool.com\/wp-content\/uploads\/2025\/09\/VOCs-min-300x300.png\" alt=\"Vocs gratis\" \/>\n                                <\/div>\n<div class=\"global-icon-set__title\">Fri fr\u00e5n VOC<\/div>\n<\/p><\/div>\n<div class=\"global-icon-set__item\">\n<div class=\"global-icon-set__image\">\n                                    <img decoding=\"async\" src=\"https:\/\/homeofwool.com\/wp-content\/uploads\/2025\/09\/Hypoallergenic-min-300x300.png\" alt=\"hypoallergen ikon\" \/>\n                                <\/div>\n<div class=\"global-icon-set__title\">Allergiv\u00e4nlig<\/div>\n<\/p><\/div>\n<div class=\"global-icon-set__item\">\n<div class=\"global-icon-set__image\">\n                                    <img decoding=\"async\" src=\"https:\/\/homeofwool.com\/wp-content\/uploads\/2025\/09\/free-of-synthetics-icon-300x300.png\" alt=\"fri fr\u00e5n syntetiska \u00e4mnen ikon\" \/>\n                                <\/div>\n<div class=\"global-icon-set__title\">Fri fr\u00e5n syntetmaterial<\/div>\n<\/p><\/div>\n<div class=\"global-icon-set__item\">\n<div class=\"global-icon-set__image\">\n                                    <img decoding=\"async\" src=\"https:\/\/homeofwool.com\/wp-content\/uploads\/2025\/09\/chemical-free-icon-300x300.png\" alt=\"kemikaliefri ikon\" \/>\n                                <\/div>\n<div class=\"global-icon-set__title\">Fri fr\u00e5n kemikalier<\/div>\n<\/p><\/div>\n<div class=\"global-icon-set__item\">\n<div class=\"global-icon-set__image\">\n                                    <img decoding=\"async\" src=\"https:\/\/homeofwool.com\/wp-content\/uploads\/2025\/09\/certified-materials-icon-300x300.png\" alt=\"ikon f\u00f6r certifierade material\" \/>\n                                <\/div>\n<div class=\"global-icon-set__title\">100% Rent certifierat material<\/div>\n<\/p><\/div>\n<\/p><\/div>\n<\/p><\/div>","protected":false},"featured_media":219331,"template":"","meta":{"_acf_changed":false},"product_brand":[],"product_cat":[557,406],"product_tag":[412,413,414,415,416,417,418,419,420,787,149],"class_list":{"0":"post-217706","1":"product","2":"type-product","3":"status-publish","4":"has-post-thumbnail","6":"product_cat-new","7":"product_cat-protectors-covers-sheets","8":"product_tag-crib-sheets","9":"product_tag-custom-sheets","10":"product_tag-deep-pocket-sheets","11":"product_tag-extra-deep-sheet","12":"product_tag-fitted-bed-sheets","13":"product_tag-flat-sheet","14":"product_tag-linen-sheets","15":"product_tag-queen-sheets","16":"product_tag-sheets-pillowcases","17":"product_tag-silk-sheets","18":"product_tag-steps","20":"first","21":"instock","22":"shipping-taxable","23":"purchasable","24":"product-type-simple"},"acf":[],"yoast_head":"<!-- This site is optimized with the Yoast SEO Premium plugin v27.5 (Yoast SEO v27.5) - https:\/\/yoast.com\/product\/yoast-seo-premium-wordpress\/ -->\n<title>Flat Sheet \u2013 Natural Fabrics, Handmade Luxury &amp; Comfort | Home of Wool<\/title>\n<meta name=\"description\" content=\"Pure natural flat sheet\u2014hypoallergenic, chemical-free, and long-lasting. Keeps hot sleepers cool, skin comfortable, and beds beautifully layered.\" \/>\n<meta name=\"robots\" content=\"index, follow, max-snippet:-1, max-image-preview:large, max-video-preview:-1\" \/>\n<link rel=\"canonical\" href=\"https:\/\/homeofwool.com\/sv\/butik\/platt-lakan\/\" \/>\n<meta property=\"og:locale\" content=\"sv_SE\" \/>\n<meta property=\"og:type\" content=\"article\" \/>\n<meta property=\"og:title\" content=\"Flat Sheet\" \/>\n<meta property=\"og:description\" content=\"Pure natural flat sheet\u2014hypoallergenic, chemical-free, and long-lasting. Keeps hot sleepers cool, skin comfortable, and beds beautifully layered.\" \/>\n<meta property=\"og:url\" content=\"https:\/\/homeofwool.com\/sv\/butik\/platt-lakan\/\" \/>\n<meta property=\"og:site_name\" content=\"Home of Wool\" \/>\n<meta property=\"article:publisher\" content=\"https:\/\/facebook.com\/HomeOfWoolOfficial\" \/>\n<meta property=\"article:modified_time\" content=\"2026-02-11T09:22:33+00:00\" \/>\n<meta property=\"og:image\" content=\"https:\/\/homeofwool.com\/wp-content\/uploads\/2025\/09\/home-of-wool-listing-1-main-1.jpg\" \/>\n\t<meta property=\"og:image:width\" content=\"2000\" \/>\n\t<meta property=\"og:image:height\" content=\"1600\" \/>\n\t<meta property=\"og:image:type\" content=\"image\/jpeg\" \/>\n<meta name=\"twitter:card\" content=\"summary_large_image\" \/>\n<meta name=\"twitter:label1\" content=\"Ber\u00e4knad l\u00e4stid\" \/>\n\t<meta name=\"twitter:data1\" content=\"2 minuter\" \/>\n<script type=\"application\/ld+json\" class=\"yoast-schema-graph\">{\"@context\":\"https:\\\/\\\/schema.org\",\"@graph\":[{\"@type\":\"WebPage\",\"@id\":\"https:\\\/\\\/homeofwool.com\\\/nl\\\/winkelen\\\/vlakke-plaat\\\/\",\"url\":\"https:\\\/\\\/homeofwool.com\\\/nl\\\/winkelen\\\/vlakke-plaat\\\/\",\"name\":\"Flat Sheet \u2013 Natural Fabrics, Handmade Luxury & Comfort | Home of Wool\",\"isPartOf\":{\"@id\":\"https:\\\/\\\/homeofwool.com\\\/#website\"},\"primaryImageOfPage\":{\"@id\":\"https:\\\/\\\/homeofwool.com\\\/nl\\\/winkelen\\\/vlakke-plaat\\\/#primaryimage\"},\"image\":{\"@id\":\"https:\\\/\\\/homeofwool.com\\\/nl\\\/winkelen\\\/vlakke-plaat\\\/#primaryimage\"},\"thumbnailUrl\":\"https:\\\/\\\/homeofwool.com\\\/wp-content\\\/uploads\\\/2025\\\/09\\\/home-of-wool-listing-1-main-1.jpg\",\"datePublished\":\"2025-09-02T12:02:14+00:00\",\"dateModified\":\"2026-02-11T09:22:33+00:00\",\"description\":\"Pure natural flat sheet\u2014hypoallergenic, chemical-free, and long-lasting. Keeps hot sleepers cool, skin comfortable, and beds beautifully layered.\",\"breadcrumb\":{\"@id\":\"https:\\\/\\\/homeofwool.com\\\/nl\\\/winkelen\\\/vlakke-plaat\\\/#breadcrumb\"},\"inLanguage\":\"sv-SE\",\"potentialAction\":[{\"@type\":\"ReadAction\",\"target\":[\"https:\\\/\\\/homeofwool.com\\\/nl\\\/winkelen\\\/vlakke-plaat\\\/\"]}]},{\"@type\":\"ImageObject\",\"inLanguage\":\"sv-SE\",\"@id\":\"https:\\\/\\\/homeofwool.com\\\/nl\\\/winkelen\\\/vlakke-plaat\\\/#primaryimage\",\"url\":\"https:\\\/\\\/homeofwool.com\\\/wp-content\\\/uploads\\\/2025\\\/09\\\/home-of-wool-listing-1-main-1.jpg\",\"contentUrl\":\"https:\\\/\\\/homeofwool.com\\\/wp-content\\\/uploads\\\/2025\\\/09\\\/home-of-wool-listing-1-main-1.jpg\",\"width\":2000,\"height\":1600,\"caption\":\"wool flat sheet on a bed\"},{\"@type\":\"BreadcrumbList\",\"@id\":\"https:\\\/\\\/homeofwool.com\\\/nl\\\/winkelen\\\/vlakke-plaat\\\/#breadcrumb\",\"itemListElement\":[{\"@type\":\"ListItem\",\"position\":1,\"name\":\"Home\",\"item\":\"https:\\\/\\\/homeofwool.com\\\/\"},{\"@type\":\"ListItem\",\"position\":2,\"name\":\"Products\",\"item\":\"https:\\\/\\\/homeofwool.com\\\/header-search-2\\\/\"},{\"@type\":\"ListItem\",\"position\":3,\"name\":\"Flat Sheet\"}]},{\"@type\":\"WebSite\",\"@id\":\"https:\\\/\\\/homeofwool.com\\\/#website\",\"url\":\"https:\\\/\\\/homeofwool.com\\\/\",\"name\":\"Home of Wool\",\"description\":\"\",\"publisher\":{\"@id\":\"https:\\\/\\\/homeofwool.com\\\/#organization\"},\"potentialAction\":[{\"@type\":\"SearchAction\",\"target\":{\"@type\":\"EntryPoint\",\"urlTemplate\":\"https:\\\/\\\/homeofwool.com\\\/?s={search_term_string}\"},\"query-input\":{\"@type\":\"PropertyValueSpecification\",\"valueRequired\":true,\"valueName\":\"search_term_string\"}}],\"inLanguage\":\"sv-SE\"},{\"@type\":\"Organization\",\"@id\":\"https:\\\/\\\/homeofwool.com\\\/#organization\",\"name\":\"Home of Wool\",\"url\":\"https:\\\/\\\/homeofwool.com\\\/\",\"logo\":{\"@type\":\"ImageObject\",\"inLanguage\":\"sv-SE\",\"@id\":\"https:\\\/\\\/homeofwool.com\\\/#\\\/schema\\\/logo\\\/image\\\/\",\"url\":\"https:\\\/\\\/homeofwool.com\\\/wp-content\\\/uploads\\\/2025\\\/09\\\/WhatsApp-Image-2025-12-02-at-16.23.20.jpeg\",\"contentUrl\":\"https:\\\/\\\/homeofwool.com\\\/wp-content\\\/uploads\\\/2025\\\/09\\\/WhatsApp-Image-2025-12-02-at-16.23.20.jpeg\",\"width\":700,\"height\":247,\"caption\":\"Home of Wool\"},\"image\":{\"@id\":\"https:\\\/\\\/homeofwool.com\\\/#\\\/schema\\\/logo\\\/image\\\/\"},\"sameAs\":[\"https:\\\/\\\/facebook.com\\\/HomeOfWoolOfficial\"]}]}<\/script>\n<!-- \/ Yoast SEO Premium plugin. -->","yoast_head_json":{"title":"Platt lakan \u2013 naturliga tyger, handgjord lyx och komfort | Home of Wool","description":"Ren naturlig platt lakan \u2013 allergiv\u00e4nlig, kemikaliefri och h\u00e5llbar. H\u00e5ller varma sovare svala, huden bekv\u00e4m och s\u00e4ngarna vackert b\u00e4ddade.","robots":{"index":"index","follow":"follow","max-snippet":"max-snippet:-1","max-image-preview":"max-image-preview:large","max-video-preview":"max-video-preview:-1"},"canonical":"https:\/\/homeofwool.com\/sv\/butik\/platt-lakan\/","og_locale":"sv_SE","og_type":"article","og_title":"Flat Sheet","og_description":"Pure natural flat sheet\u2014hypoallergenic, chemical-free, and long-lasting. Keeps hot sleepers cool, skin comfortable, and beds beautifully layered.","og_url":"https:\/\/homeofwool.com\/sv\/butik\/platt-lakan\/","og_site_name":"Home of Wool","article_publisher":"https:\/\/facebook.com\/HomeOfWoolOfficial","article_modified_time":"2026-02-11T09:22:33+00:00","og_image":[{"width":2000,"height":1600,"url":"https:\/\/homeofwool.com\/wp-content\/uploads\/2025\/09\/home-of-wool-listing-1-main-1.jpg","type":"image\/jpeg"}],"twitter_card":"summary_large_image","twitter_misc":{"Ber\u00e4knad l\u00e4stid":"2 minuter"},"schema":{"@context":"https:\/\/schema.org","@graph":[{"@type":"WebPage","@id":"https:\/\/homeofwool.com\/nl\/winkelen\/vlakke-plaat\/","url":"https:\/\/homeofwool.com\/nl\/winkelen\/vlakke-plaat\/","name":"Platt lakan \u2013 naturliga tyger, handgjord lyx och komfort | Home of Wool","isPartOf":{"@id":"https:\/\/homeofwool.com\/#website"},"primaryImageOfPage":{"@id":"https:\/\/homeofwool.com\/nl\/winkelen\/vlakke-plaat\/#primaryimage"},"image":{"@id":"https:\/\/homeofwool.com\/nl\/winkelen\/vlakke-plaat\/#primaryimage"},"thumbnailUrl":"https:\/\/homeofwool.com\/wp-content\/uploads\/2025\/09\/home-of-wool-listing-1-main-1.jpg","datePublished":"2025-09-02T12:02:14+00:00","dateModified":"2026-02-11T09:22:33+00:00","description":"Ren naturlig platt lakan \u2013 allergiv\u00e4nlig, kemikaliefri och h\u00e5llbar. H\u00e5ller varma sovare svala, huden bekv\u00e4m och s\u00e4ngarna vackert b\u00e4ddade.","breadcrumb":{"@id":"https:\/\/homeofwool.com\/nl\/winkelen\/vlakke-plaat\/#breadcrumb"},"inLanguage":"sv-SE","potentialAction":[{"@type":"ReadAction","target":["https:\/\/homeofwool.com\/nl\/winkelen\/vlakke-plaat\/"]}]},{"@type":"ImageObject","inLanguage":"sv-SE","@id":"https:\/\/homeofwool.com\/nl\/winkelen\/vlakke-plaat\/#primaryimage","url":"https:\/\/homeofwool.com\/wp-content\/uploads\/2025\/09\/home-of-wool-listing-1-main-1.jpg","contentUrl":"https:\/\/homeofwool.com\/wp-content\/uploads\/2025\/09\/home-of-wool-listing-1-main-1.jpg","width":2000,"height":1600,"caption":"wool flat sheet on a bed"},{"@type":"BreadcrumbList","@id":"https:\/\/homeofwool.com\/nl\/winkelen\/vlakke-plaat\/#breadcrumb","itemListElement":[{"@type":"ListItem","position":1,"name":"Home","item":"https:\/\/homeofwool.com\/"},{"@type":"ListItem","position":2,"name":"Products","item":"https:\/\/homeofwool.com\/header-search-2\/"},{"@type":"ListItem","position":3,"name":"Flat Sheet"}]},{"@type":"WebSite","@id":"https:\/\/homeofwool.com\/#website","url":"https:\/\/homeofwool.com\/","name":"Hem f\u00f6r ull","description":"","publisher":{"@id":"https:\/\/homeofwool.com\/#organization"},"potentialAction":[{"@type":"SearchAction","target":{"@type":"EntryPoint","urlTemplate":"https:\/\/homeofwool.com\/?s={search_term_string}"},"query-input":{"@type":"PropertyValueSpecification","valueRequired":true,"valueName":"search_term_string"}}],"inLanguage":"sv-SE"},{"@type":"Organization","@id":"https:\/\/homeofwool.com\/#organization","name":"Hem f\u00f6r ull","url":"https:\/\/homeofwool.com\/","logo":{"@type":"ImageObject","inLanguage":"sv-SE","@id":"https:\/\/homeofwool.com\/#\/schema\/logo\/image\/","url":"https:\/\/homeofwool.com\/wp-content\/uploads\/2025\/09\/WhatsApp-Image-2025-12-02-at-16.23.20.jpeg","contentUrl":"https:\/\/homeofwool.com\/wp-content\/uploads\/2025\/09\/WhatsApp-Image-2025-12-02-at-16.23.20.jpeg","width":700,"height":247,"caption":"Home of Wool"},"image":{"@id":"https:\/\/homeofwool.com\/#\/schema\/logo\/image\/"},"sameAs":["https:\/\/facebook.com\/HomeOfWoolOfficial"]}]}},"_links":{"self":[{"href":"https:\/\/homeofwool.com\/sv\/wp-json\/wp\/v2\/product\/217706","targetHints":{"allow":["GET"]}}],"collection":[{"href":"https:\/\/homeofwool.com\/sv\/wp-json\/wp\/v2\/product"}],"about":[{"href":"https:\/\/homeofwool.com\/sv\/wp-json\/wp\/v2\/types\/product"}],"version-history":[{"count":1,"href":"https:\/\/homeofwool.com\/sv\/wp-json\/wp\/v2\/product\/217706\/revisions"}],"predecessor-version":[{"id":226688,"href":"https:\/\/homeofwool.com\/sv\/wp-json\/wp\/v2\/product\/217706\/revisions\/226688"}],"wp:featuredmedia":[{"embeddable":true,"href":"https:\/\/homeofwool.com\/sv\/wp-json\/wp\/v2\/media\/219331"}],"wp:attachment":[{"href":"https:\/\/homeofwool.com\/sv\/wp-json\/wp\/v2\/media?parent=217706"}],"wp:term":[{"taxonomy":"product_brand","embeddable":true,"href":"https:\/\/homeofwool.com\/sv\/wp-json\/wp\/v2\/product_brand?post=217706"},{"taxonomy":"product_cat","embeddable":true,"href":"https:\/\/homeofwool.com\/sv\/wp-json\/wp\/v2\/product_cat?post=217706"},{"taxonomy":"product_tag","embeddable":true,"href":"https:\/\/homeofwool.com\/sv\/wp-json\/wp\/v2\/product_tag?post=217706"}],"curies":[{"name":"wp","href":"https:\/\/api.w.org\/{rel}","templated":true}]}}