{"id":217700,"date":"2025-09-02T12:02:14","date_gmt":"2025-09-02T12:02:14","guid":{"rendered":"https:\/\/homeofwool.com\/?post_type=product&#038;p=217700"},"modified":"2026-01-27T14:07:26","modified_gmt":"2026-01-27T14:07:26","slug":"fin-merinoullsfilt","status":"publish","type":"product","link":"https:\/\/homeofwool.com\/sv\/shop\/fine-merino-wool-blanket\/","title":{"rendered":"Filt i merinoull"},"content":{"rendered":"<p>Merinoullsfiltet f\u00f6renar naturens mjukhet med det hantverksm\u00e4ssiga kunnandet hos bulgariska v\u00e4vare som har perfektionerat sitt hantverk genom generationer. Det \u00e4r helt v\u00e4vt av 100%-ull och har en mjuk och luftig struktur. En mjukhet som du m\u00e4rker direkt. De naturliga fibrerna g\u00f6r att du k\u00e4nner dig bekv\u00e4m oavsett om du sover eller bara slappar. Det \u00e4r l\u00e4tt att f\u00f6rst\u00e5 varf\u00f6r denna mjuka merinoullsfilt har blivit en favorit bland kunderna.<\/p>\n<p>Eftersom det \u00e4r en kemikaliefri filt \u00e4r den perfekt f\u00f6r alla som har allergier eller \u00f6verk\u00e4nslighet. Ullen g\u00f6r jobbet \u00e5t dig utan att du m\u00e4rker det. Den h\u00e5ller dammkvalster borta. P\u00e5 s\u00e5 s\u00e4tt hj\u00e4lper den till att h\u00e5lla ditt sovrum fr\u00e4scht och h\u00e4lsosamt. S\u00e5 om du letar efter en allergiv\u00e4nlig filt som \u00e4r helt ren, kan det h\u00e4r vara den du har letat efter.<\/p>\n<p>Denna lyxiga ullfilt \u00e4r v\u00e4vd f\u00f6r att ge m\u00e5nga \u00e5rs komfort och \u00e4r tillverkad av f\u00f6rnybara och biologiskt nedbrytbara fibrer som blir mjukare och silkeslenare med tiden. Oavsett om du ligger och slappar i soffan eller l\u00e4gger till ett extra lager komfort i s\u00e4ngen, erbjuder den den lugna v\u00e4rmen och enkla sk\u00f6nheten hos en milj\u00f6v\u00e4nlig filt och ett arv som du kommer att njuta av i m\u00e5nga \u00e5r.<\/p>\n<p><strong>STORLEKAR:<\/strong><\/p>\n<p>Stor: 150 cm x 200 cm<\/p>\n<p><strong>VIKT:<\/strong> 2,5 lb \/ 1,15 kg<\/p>\n<p>Liten: 100,1 x 149,9 cm<\/p>\n<p><strong>VIKT:<\/strong> 1,54 lb \/ 0,70 kg<\/p>","protected":false},"excerpt":{"rendered":"<p>Undrar du hur molnliknande mjukhet k\u00e4nns? Upplev det i omfamningen av denna 100% ullfilt, tillverkad av finaste merinoull f\u00f6r naturlig komfort. Helt kemikaliefri och andningsbar, ger den ren v\u00e4rme som fr\u00e4mjar b\u00e4ttre vila n\u00e4r du sover eller ligger p\u00e5 soffan.<\/p>","protected":false},"featured_media":223151,"template":"","meta":{"_acf_changed":false},"product_brand":[],"product_cat":[316,557,1366,60],"product_tag":[61,62,63,65,772,773,774,68],"class_list":{"0":"post-217700","1":"product","2":"type-product","3":"status-publish","4":"has-post-thumbnail","6":"product_cat-mothers-day","7":"product_cat-new","8":"product_cat-womens-day","9":"product_cat-blankets-duvets","10":"product_tag-all-natural-wool-blankets","11":"product_tag-chemical-free-wool-blanket","12":"product_tag-handmade-blanket","13":"product_tag-large-wool-blanket","14":"product_tag-merino-travel-blanket","15":"product_tag-merino-wool-blanket","16":"product_tag-organic-merino-wool-blanket","17":"product_tag-throws-for-beds","19":"first","20":"instock","21":"shipping-taxable","22":"purchasable","23":"product-type-variable"},"acf":[],"yoast_head":"<!-- This site is optimized with the Yoast SEO Premium plugin v27.4 (Yoast SEO v27.4) - https:\/\/yoast.com\/product\/yoast-seo-premium-wordpress\/ -->\n<title>Merino Wool Blanket \u2013 Pure Softness, Lasting Warmth | Home of Wool<\/title>\n<meta name=\"description\" content=\"Breathable and hypoallergenic, the Merino Wool Blanket delivers natural softness. Toxin-free and sustainable, it ensures lasting warmth and organic comfort all season long.\" \/>\n<meta name=\"robots\" content=\"index, follow, max-snippet:-1, max-image-preview:large, max-video-preview:-1\" \/>\n<link rel=\"canonical\" href=\"https:\/\/homeofwool.com\/sv\/butik\/fin-merinoullsfilt\/\" \/>\n<meta property=\"og:locale\" content=\"sv_SE\" \/>\n<meta property=\"og:type\" content=\"article\" \/>\n<meta property=\"og:title\" content=\"Merino Wool Blanket\" \/>\n<meta property=\"og:description\" content=\"Breathable and hypoallergenic, the Merino Wool Blanket delivers natural softness. Toxin-free and sustainable, it ensures lasting warmth and organic comfort all season long.\" \/>\n<meta property=\"og:url\" content=\"https:\/\/homeofwool.com\/sv\/butik\/fin-merinoullsfilt\/\" \/>\n<meta property=\"og:site_name\" content=\"Home of Wool\" \/>\n<meta property=\"article:publisher\" content=\"https:\/\/facebook.com\/HomeOfWoolOfficial\" \/>\n<meta property=\"article:modified_time\" content=\"2026-01-27T14:07:26+00:00\" \/>\n<meta property=\"og:image\" content=\"https:\/\/homeofwool.com\/wp-content\/uploads\/2025\/09\/home-of-wool-merino-wool-blanket-1-main.jpg\" \/>\n\t<meta property=\"og:image:width\" content=\"1525\" \/>\n\t<meta property=\"og:image:height\" content=\"1220\" \/>\n\t<meta property=\"og:image:type\" content=\"image\/jpeg\" \/>\n<meta name=\"twitter:card\" content=\"summary_large_image\" \/>\n<meta name=\"twitter:label1\" content=\"Ber\u00e4knad l\u00e4stid\" \/>\n\t<meta name=\"twitter:data1\" content=\"2 minuter\" \/>\n<script type=\"application\/ld+json\" class=\"yoast-schema-graph\">{\"@context\":\"https:\\\/\\\/schema.org\",\"@graph\":[{\"@type\":\"WebPage\",\"@id\":\"https:\\\/\\\/homeofwool.com\\\/it\\\/negozio\\\/morbida-coperta-in-lana-merino\\\/\",\"url\":\"https:\\\/\\\/homeofwool.com\\\/it\\\/negozio\\\/morbida-coperta-in-lana-merino\\\/\",\"name\":\"Merino Wool Blanket \u2013 Pure Softness, Lasting Warmth | Home of Wool\",\"isPartOf\":{\"@id\":\"https:\\\/\\\/homeofwool.com\\\/#website\"},\"primaryImageOfPage\":{\"@id\":\"https:\\\/\\\/homeofwool.com\\\/it\\\/negozio\\\/morbida-coperta-in-lana-merino\\\/#primaryimage\"},\"image\":{\"@id\":\"https:\\\/\\\/homeofwool.com\\\/it\\\/negozio\\\/morbida-coperta-in-lana-merino\\\/#primaryimage\"},\"thumbnailUrl\":\"https:\\\/\\\/homeofwool.com\\\/wp-content\\\/uploads\\\/2025\\\/09\\\/home-of-wool-merino-wool-blanket-1-main.jpg\",\"datePublished\":\"2025-09-02T12:02:14+00:00\",\"dateModified\":\"2026-01-27T14:07:26+00:00\",\"description\":\"Breathable and hypoallergenic, the Merino Wool Blanket delivers natural softness. Toxin-free and sustainable, it ensures lasting warmth and organic comfort all season long.\",\"breadcrumb\":{\"@id\":\"https:\\\/\\\/homeofwool.com\\\/it\\\/negozio\\\/morbida-coperta-in-lana-merino\\\/#breadcrumb\"},\"inLanguage\":\"sv-SE\",\"potentialAction\":[{\"@type\":\"ReadAction\",\"target\":[\"https:\\\/\\\/homeofwool.com\\\/it\\\/negozio\\\/morbida-coperta-in-lana-merino\\\/\"]}]},{\"@type\":\"ImageObject\",\"inLanguage\":\"sv-SE\",\"@id\":\"https:\\\/\\\/homeofwool.com\\\/it\\\/negozio\\\/morbida-coperta-in-lana-merino\\\/#primaryimage\",\"url\":\"https:\\\/\\\/homeofwool.com\\\/wp-content\\\/uploads\\\/2025\\\/09\\\/home-of-wool-merino-wool-blanket-1-main.jpg\",\"contentUrl\":\"https:\\\/\\\/homeofwool.com\\\/wp-content\\\/uploads\\\/2025\\\/09\\\/home-of-wool-merino-wool-blanket-1-main.jpg\",\"width\":1525,\"height\":1220,\"caption\":\"Fine merino wool blanket in a home setting on a sofa\"},{\"@type\":\"BreadcrumbList\",\"@id\":\"https:\\\/\\\/homeofwool.com\\\/it\\\/negozio\\\/morbida-coperta-in-lana-merino\\\/#breadcrumb\",\"itemListElement\":[{\"@type\":\"ListItem\",\"position\":1,\"name\":\"Home\",\"item\":\"https:\\\/\\\/homeofwool.com\\\/\"},{\"@type\":\"ListItem\",\"position\":2,\"name\":\"Products\",\"item\":\"https:\\\/\\\/homeofwool.com\\\/header-search-2\\\/\"},{\"@type\":\"ListItem\",\"position\":3,\"name\":\"Merino Wool Blanket\"}]},{\"@type\":\"WebSite\",\"@id\":\"https:\\\/\\\/homeofwool.com\\\/#website\",\"url\":\"https:\\\/\\\/homeofwool.com\\\/\",\"name\":\"Home of Wool\",\"description\":\"\",\"publisher\":{\"@id\":\"https:\\\/\\\/homeofwool.com\\\/#organization\"},\"potentialAction\":[{\"@type\":\"SearchAction\",\"target\":{\"@type\":\"EntryPoint\",\"urlTemplate\":\"https:\\\/\\\/homeofwool.com\\\/?s={search_term_string}\"},\"query-input\":{\"@type\":\"PropertyValueSpecification\",\"valueRequired\":true,\"valueName\":\"search_term_string\"}}],\"inLanguage\":\"sv-SE\"},{\"@type\":\"Organization\",\"@id\":\"https:\\\/\\\/homeofwool.com\\\/#organization\",\"name\":\"Home of Wool\",\"url\":\"https:\\\/\\\/homeofwool.com\\\/\",\"logo\":{\"@type\":\"ImageObject\",\"inLanguage\":\"sv-SE\",\"@id\":\"https:\\\/\\\/homeofwool.com\\\/#\\\/schema\\\/logo\\\/image\\\/\",\"url\":\"https:\\\/\\\/homeofwool.com\\\/wp-content\\\/uploads\\\/2025\\\/09\\\/WhatsApp-Image-2025-12-02-at-16.23.20.jpeg\",\"contentUrl\":\"https:\\\/\\\/homeofwool.com\\\/wp-content\\\/uploads\\\/2025\\\/09\\\/WhatsApp-Image-2025-12-02-at-16.23.20.jpeg\",\"width\":700,\"height\":247,\"caption\":\"Home of Wool\"},\"image\":{\"@id\":\"https:\\\/\\\/homeofwool.com\\\/#\\\/schema\\\/logo\\\/image\\\/\"},\"sameAs\":[\"https:\\\/\\\/facebook.com\\\/HomeOfWoolOfficial\"]}]}<\/script>\n<!-- \/ Yoast SEO Premium plugin. -->","yoast_head_json":{"title":"Merinoullsfilt \u2013 ren mjukhet, varaktig v\u00e4rme | Home of Wool","description":"Merinoullsfiltet \u00e4r andningsbart och allergiv\u00e4nligt och ger naturlig mjukhet. Det \u00e4r giftfritt och h\u00e5llbart och garanterar varaktig v\u00e4rme och ekologisk komfort under hela s\u00e4songen.","robots":{"index":"index","follow":"follow","max-snippet":"max-snippet:-1","max-image-preview":"max-image-preview:large","max-video-preview":"max-video-preview:-1"},"canonical":"https:\/\/homeofwool.com\/sv\/butik\/fin-merinoullsfilt\/","og_locale":"sv_SE","og_type":"article","og_title":"Merino Wool Blanket","og_description":"Breathable and hypoallergenic, the Merino Wool Blanket delivers natural softness. Toxin-free and sustainable, it ensures lasting warmth and organic comfort all season long.","og_url":"https:\/\/homeofwool.com\/sv\/butik\/fin-merinoullsfilt\/","og_site_name":"Home of Wool","article_publisher":"https:\/\/facebook.com\/HomeOfWoolOfficial","article_modified_time":"2026-01-27T14:07:26+00:00","og_image":[{"width":1525,"height":1220,"url":"https:\/\/homeofwool.com\/wp-content\/uploads\/2025\/09\/home-of-wool-merino-wool-blanket-1-main.jpg","type":"image\/jpeg"}],"twitter_card":"summary_large_image","twitter_misc":{"Ber\u00e4knad l\u00e4stid":"2 minuter"},"schema":{"@context":"https:\/\/schema.org","@graph":[{"@type":"WebPage","@id":"https:\/\/homeofwool.com\/it\/negozio\/morbida-coperta-in-lana-merino\/","url":"https:\/\/homeofwool.com\/it\/negozio\/morbida-coperta-in-lana-merino\/","name":"Merinoullsfilt \u2013 ren mjukhet, varaktig v\u00e4rme | Home of Wool","isPartOf":{"@id":"https:\/\/homeofwool.com\/#website"},"primaryImageOfPage":{"@id":"https:\/\/homeofwool.com\/it\/negozio\/morbida-coperta-in-lana-merino\/#primaryimage"},"image":{"@id":"https:\/\/homeofwool.com\/it\/negozio\/morbida-coperta-in-lana-merino\/#primaryimage"},"thumbnailUrl":"https:\/\/homeofwool.com\/wp-content\/uploads\/2025\/09\/home-of-wool-merino-wool-blanket-1-main.jpg","datePublished":"2025-09-02T12:02:14+00:00","dateModified":"2026-01-27T14:07:26+00:00","description":"Merinoullsfiltet \u00e4r andningsbart och allergiv\u00e4nligt och ger naturlig mjukhet. Det \u00e4r giftfritt och h\u00e5llbart och garanterar varaktig v\u00e4rme och ekologisk komfort under hela s\u00e4songen.","breadcrumb":{"@id":"https:\/\/homeofwool.com\/it\/negozio\/morbida-coperta-in-lana-merino\/#breadcrumb"},"inLanguage":"sv-SE","potentialAction":[{"@type":"ReadAction","target":["https:\/\/homeofwool.com\/it\/negozio\/morbida-coperta-in-lana-merino\/"]}]},{"@type":"ImageObject","inLanguage":"sv-SE","@id":"https:\/\/homeofwool.com\/it\/negozio\/morbida-coperta-in-lana-merino\/#primaryimage","url":"https:\/\/homeofwool.com\/wp-content\/uploads\/2025\/09\/home-of-wool-merino-wool-blanket-1-main.jpg","contentUrl":"https:\/\/homeofwool.com\/wp-content\/uploads\/2025\/09\/home-of-wool-merino-wool-blanket-1-main.jpg","width":1525,"height":1220,"caption":"Fine merino wool blanket in a home setting on a sofa"},{"@type":"BreadcrumbList","@id":"https:\/\/homeofwool.com\/it\/negozio\/morbida-coperta-in-lana-merino\/#breadcrumb","itemListElement":[{"@type":"ListItem","position":1,"name":"Home","item":"https:\/\/homeofwool.com\/"},{"@type":"ListItem","position":2,"name":"Products","item":"https:\/\/homeofwool.com\/header-search-2\/"},{"@type":"ListItem","position":3,"name":"Merino Wool Blanket"}]},{"@type":"WebSite","@id":"https:\/\/homeofwool.com\/#website","url":"https:\/\/homeofwool.com\/","name":"Hem f\u00f6r ull","description":"","publisher":{"@id":"https:\/\/homeofwool.com\/#organization"},"potentialAction":[{"@type":"SearchAction","target":{"@type":"EntryPoint","urlTemplate":"https:\/\/homeofwool.com\/?s={search_term_string}"},"query-input":{"@type":"PropertyValueSpecification","valueRequired":true,"valueName":"search_term_string"}}],"inLanguage":"sv-SE"},{"@type":"Organization","@id":"https:\/\/homeofwool.com\/#organization","name":"Hem f\u00f6r ull","url":"https:\/\/homeofwool.com\/","logo":{"@type":"ImageObject","inLanguage":"sv-SE","@id":"https:\/\/homeofwool.com\/#\/schema\/logo\/image\/","url":"https:\/\/homeofwool.com\/wp-content\/uploads\/2025\/09\/WhatsApp-Image-2025-12-02-at-16.23.20.jpeg","contentUrl":"https:\/\/homeofwool.com\/wp-content\/uploads\/2025\/09\/WhatsApp-Image-2025-12-02-at-16.23.20.jpeg","width":700,"height":247,"caption":"Home of Wool"},"image":{"@id":"https:\/\/homeofwool.com\/#\/schema\/logo\/image\/"},"sameAs":["https:\/\/facebook.com\/HomeOfWoolOfficial"]}]}},"_links":{"self":[{"href":"https:\/\/homeofwool.com\/sv\/wp-json\/wp\/v2\/product\/217700","targetHints":{"allow":["GET"]}}],"collection":[{"href":"https:\/\/homeofwool.com\/sv\/wp-json\/wp\/v2\/product"}],"about":[{"href":"https:\/\/homeofwool.com\/sv\/wp-json\/wp\/v2\/types\/product"}],"version-history":[{"count":2,"href":"https:\/\/homeofwool.com\/sv\/wp-json\/wp\/v2\/product\/217700\/revisions"}],"predecessor-version":[{"id":226108,"href":"https:\/\/homeofwool.com\/sv\/wp-json\/wp\/v2\/product\/217700\/revisions\/226108"}],"wp:featuredmedia":[{"embeddable":true,"href":"https:\/\/homeofwool.com\/sv\/wp-json\/wp\/v2\/media\/223151"}],"wp:attachment":[{"href":"https:\/\/homeofwool.com\/sv\/wp-json\/wp\/v2\/media?parent=217700"}],"wp:term":[{"taxonomy":"product_brand","embeddable":true,"href":"https:\/\/homeofwool.com\/sv\/wp-json\/wp\/v2\/product_brand?post=217700"},{"taxonomy":"product_cat","embeddable":true,"href":"https:\/\/homeofwool.com\/sv\/wp-json\/wp\/v2\/product_cat?post=217700"},{"taxonomy":"product_tag","embeddable":true,"href":"https:\/\/homeofwool.com\/sv\/wp-json\/wp\/v2\/product_tag?post=217700"}],"curies":[{"name":"wp","href":"https:\/\/api.w.org\/{rel}","templated":true}]}}