{"id":217695,"date":"2025-09-02T12:02:14","date_gmt":"2025-09-02T12:02:14","guid":{"rendered":"https:\/\/homeofwool.com\/?post_type=product&#038;p=217695"},"modified":"2026-02-10T15:46:01","modified_gmt":"2026-02-10T15:46:01","slug":"babysovsack","status":"publish","type":"product","link":"https:\/\/homeofwool.com\/sv\/shop\/baby-sleeping-bag\/","title":{"rendered":"Sovs\u00e4ck f\u00f6r baby i ull"},"content":{"rendered":"<p>V\u00e5r sovs\u00e4ck i ull f\u00f6r sp\u00e4dbarn \u00e4r utformad f\u00f6r att vara den mest omh\u00e4ndertagande och s\u00e4kra s\u00f6mnl\u00f6sningen f\u00f6r sp\u00e4dbarn som finns. Sovs\u00e4cken \u00e4r tillverkad av ren ny ull med krage i mullb\u00e4rssilke. Den k\u00e4nns mjuk och sk\u00f6n mot ditt barns hud. Ull \u00e4r det smartaste av alla naturmaterial. Det h\u00e5ller ditt barn varmt under kyliga n\u00e4tter och bekv\u00e4mt n\u00e4r det \u00e4r varmt. Det tar ocks\u00e5 hand om extra fukt och ger en fr\u00e4sch och torr sovyta.<\/p>\n<p>Home of Wool babysovs\u00e4ck \u00e4r det perfekta valet f\u00f6r f\u00f6r\u00e4ldrar som letar efter giftfria babys\u00e4ngkl\u00e4der som \u00e4r b\u00e5de praktiska och lyxiga.<\/p>\n<p>Alla funktioner \u00e4r utformade f\u00f6r att h\u00e5lla ditt barn s\u00e4kert och g\u00f6ra ditt liv enklare. En tv\u00e5v\u00e4gs dragkedja p\u00e5 sidan g\u00f6r det enkelt att byta p\u00e5 natten, medan knappar p\u00e5 axlarna g\u00f6r det snabbt att ta p\u00e5. F\u00f6r nyf\u00f6dda kan den minsta storleken \u00f6ppnas helt platt f\u00f6r extra bekv\u00e4mlighet. Tyget har en naturlig stretch. Det f\u00f6ljer med ditt barns sm\u00e5 sparkar och k\u00e4nns aldrig begr\u00e4nsande. Denna ekologiska nattkl\u00e4dsel f\u00f6r sp\u00e4dbarn inneh\u00e5ller inga syntetiska material eller flyktiga organiska f\u00f6reningar, \u00e4r allergiv\u00e4nlig och l\u00e4mplig f\u00f6r barn med k\u00e4nslig hud.<\/p>\n<p>Denna allergiv\u00e4nliga sovs\u00e4ck finns i storlekar fr\u00e5n nyf\u00f6dd till sex \u00e5r, s\u00e5 att du kan v\u00e4lja r\u00e4tt storlek f\u00f6r ditt barn i varje utvecklingsstadium. Valfri brodyr g\u00f6r den \u00e4nnu mer personlig. Och med den blir den en vacker baby shower-present.<\/p>","protected":false},"excerpt":{"rendered":"<p>Ge din lilla en bekv\u00e4m present med v\u00e5r naturliga sovs\u00e4ck f\u00f6r sp\u00e4dbarn. Denna kemikaliefria sovs\u00e4ck \u00e4r tillverkad av ren ny ull och skapar en s\u00e4ker, andningsbar och mysig plats d\u00e4r ditt barn kan vila lugnt under alla \u00e5rstider.<\/p>\n<div class=\"global-icon-set\">\n<div class=\"global-icon-set__items\">\n<div class=\"global-icon-set__item\">\n<div class=\"global-icon-set__image\">\n                                    <img decoding=\"async\" src=\"https:\/\/homeofwool.com\/wp-content\/uploads\/2025\/09\/handmade-icon-300x300.png\" alt=\"handgjord ikon\" \/>\n                                <\/div>\n<div class=\"global-icon-set__title\">Handgjord<\/div>\n<\/p><\/div>\n<div class=\"global-icon-set__item\">\n<div class=\"global-icon-set__image\">\n                                    <img decoding=\"async\" src=\"https:\/\/homeofwool.com\/wp-content\/uploads\/2025\/09\/VOCs-min-300x300.png\" alt=\"Vocs gratis\" \/>\n                                <\/div>\n<div class=\"global-icon-set__title\">Fri fr\u00e5n VOC<\/div>\n<\/p><\/div>\n<div class=\"global-icon-set__item\">\n<div class=\"global-icon-set__image\">\n                                    <img decoding=\"async\" src=\"https:\/\/homeofwool.com\/wp-content\/uploads\/2025\/09\/FR-min-300x300.png\" alt=\"Brandbest\u00e4ndig ikon\" \/>\n                                <\/div>\n<div class=\"global-icon-set__title\">Flamskyddad<\/div>\n<\/p><\/div>\n<div class=\"global-icon-set__item\">\n<div class=\"global-icon-set__image\">\n                                    <img decoding=\"async\" src=\"https:\/\/homeofwool.com\/wp-content\/uploads\/2025\/09\/Hypoallergenic-min-300x300.png\" alt=\"hypoallergen ikon\" \/>\n                                <\/div>\n<div class=\"global-icon-set__title\">Allergiv\u00e4nlig<\/div>\n<\/p><\/div>\n<div class=\"global-icon-set__item\">\n<div class=\"global-icon-set__image\">\n                                    <img decoding=\"async\" src=\"https:\/\/homeofwool.com\/wp-content\/uploads\/2025\/09\/free-of-synthetics-icon-300x300.png\" alt=\"fri fr\u00e5n syntetiska \u00e4mnen ikon\" \/>\n                                <\/div>\n<div class=\"global-icon-set__title\">Fri fr\u00e5n syntetmaterial<\/div>\n<\/p><\/div>\n<div class=\"global-icon-set__item\">\n<div class=\"global-icon-set__image\">\n                                    <img decoding=\"async\" src=\"https:\/\/homeofwool.com\/wp-content\/uploads\/2025\/09\/chemical-free-icon-300x300.png\" alt=\"kemikaliefri ikon\" \/>\n                                <\/div>\n<div class=\"global-icon-set__title\">Fri fr\u00e5n kemikalier<\/div>\n<\/p><\/div>\n<div class=\"global-icon-set__item\">\n<div class=\"global-icon-set__image\">\n                                    <img decoding=\"async\" src=\"https:\/\/homeofwool.com\/wp-content\/uploads\/2025\/09\/anti-bacterial-icon-300x300.png\" alt=\"antibakteriell ikon\" \/>\n                                <\/div>\n<div class=\"global-icon-set__title\">Anti-mikrobiell och anti-bakteriell<\/div>\n<\/p><\/div>\n<div class=\"global-icon-set__item\">\n<div class=\"global-icon-set__image\">\n                                    <img decoding=\"async\" src=\"https:\/\/homeofwool.com\/wp-content\/uploads\/2025\/09\/certified-materials-icon-300x300.png\" alt=\"ikon f\u00f6r certifierade material\" \/>\n                                <\/div>\n<div class=\"global-icon-set__title\">100% Rent certifierat material<\/div>\n<\/p><\/div>\n<\/p><\/div>\n<\/p><\/div>","protected":false},"featured_media":219610,"template":"","meta":{"_acf_changed":false},"product_brand":[],"product_cat":[266,267],"product_tag":[759,760,123,761,762,763,764,765,766,767,768,149,769,770],"class_list":{"0":"post-217695","1":"product","2":"type-product","3":"status-publish","4":"has-post-thumbnail","6":"product_cat-baby-sleep-products","7":"product_cat-nursery","8":"product_tag-baby-cocoon","9":"product_tag-baby-nightgown","10":"product_tag-baby-shower-gift","11":"product_tag-baby-sleeping-bag","12":"product_tag-baby-sleepsuits","13":"product_tag-grobag","14":"product_tag-infant-sleep-sack","15":"product_tag-natural-sleepwear","16":"product_tag-newborn-sleep-bag","17":"product_tag-organic-bedding","18":"product_tag-snuggle-sack","19":"product_tag-steps","20":"product_tag-swaddle-sack","21":"product_tag-wearable-blanket","23":"first","24":"instock","25":"shipping-taxable","26":"purchasable","27":"product-type-simple"},"acf":[],"yoast_head":"<!-- This site is optimized with the Yoast SEO Premium plugin v27.3 (Yoast SEO v27.3) - https:\/\/yoast.com\/product\/yoast-seo-premium-wordpress\/ -->\n<title>Baby Sleeping Bag \u2013 Organic Wool Sleep Sack | Home of Wool<\/title>\n<meta name=\"description\" content=\"Breathable and hypoallergenic, the Baby Sleeping Bag is crafted with organic wool for toxin-free warmth. Natural, safe, and versatile, it ensures healthy year-round comfort for babies.\" \/>\n<meta name=\"robots\" content=\"index, follow, max-snippet:-1, max-image-preview:large, max-video-preview:-1\" \/>\n<link rel=\"canonical\" href=\"https:\/\/homeofwool.com\/sv\/butik\/babysovsack\/\" \/>\n<meta property=\"og:locale\" content=\"sv_SE\" \/>\n<meta property=\"og:type\" content=\"article\" \/>\n<meta property=\"og:title\" content=\"Wool Baby Sleeping Bag\" \/>\n<meta property=\"og:description\" content=\"Breathable and hypoallergenic, the Baby Sleeping Bag is crafted with organic wool for toxin-free warmth. Natural, safe, and versatile, it ensures healthy year-round comfort for babies.\" \/>\n<meta property=\"og:url\" content=\"https:\/\/homeofwool.com\/sv\/butik\/babysovsack\/\" \/>\n<meta property=\"og:site_name\" content=\"Home of Wool\" \/>\n<meta property=\"article:publisher\" content=\"https:\/\/facebook.com\/HomeOfWoolOfficial\" \/>\n<meta property=\"article:modified_time\" content=\"2026-02-10T15:46:01+00:00\" \/>\n<meta property=\"og:image\" content=\"https:\/\/homeofwool.com\/wp-content\/uploads\/2025\/09\/home-of-wool-wool-baby-sleeping-bag-2-en-scaled.jpg\" \/>\n\t<meta property=\"og:image:width\" content=\"2560\" \/>\n\t<meta property=\"og:image:height\" content=\"2048\" \/>\n\t<meta property=\"og:image:type\" content=\"image\/jpeg\" \/>\n<meta name=\"twitter:card\" content=\"summary_large_image\" \/>\n<meta name=\"twitter:label1\" content=\"Ber\u00e4knad l\u00e4stid\" \/>\n\t<meta name=\"twitter:data1\" content=\"2 minuter\" \/>\n<script type=\"application\/ld+json\" class=\"yoast-schema-graph\">{\"@context\":\"https:\\\/\\\/schema.org\",\"@graph\":[{\"@type\":\"WebPage\",\"@id\":\"https:\\\/\\\/homeofwool.com\\\/shop\\\/baby-sleeping-bag\\\/\",\"url\":\"https:\\\/\\\/homeofwool.com\\\/shop\\\/baby-sleeping-bag\\\/\",\"name\":\"Baby Sleeping Bag \u2013 Organic Wool Sleep Sack | Home of Wool\",\"isPartOf\":{\"@id\":\"https:\\\/\\\/homeofwool.com\\\/#website\"},\"primaryImageOfPage\":{\"@id\":\"https:\\\/\\\/homeofwool.com\\\/shop\\\/baby-sleeping-bag\\\/#primaryimage\"},\"image\":{\"@id\":\"https:\\\/\\\/homeofwool.com\\\/shop\\\/baby-sleeping-bag\\\/#primaryimage\"},\"thumbnailUrl\":\"https:\\\/\\\/homeofwool.com\\\/wp-content\\\/uploads\\\/2025\\\/09\\\/home-of-wool-wool-baby-sleeping-bag-2-en-scaled.jpg\",\"datePublished\":\"2025-09-02T12:02:14+00:00\",\"dateModified\":\"2026-02-10T15:46:01+00:00\",\"description\":\"Breathable and hypoallergenic, the Baby Sleeping Bag is crafted with organic wool for toxin-free warmth. Natural, safe, and versatile, it ensures healthy year-round comfort for babies.\",\"breadcrumb\":{\"@id\":\"https:\\\/\\\/homeofwool.com\\\/shop\\\/baby-sleeping-bag\\\/#breadcrumb\"},\"inLanguage\":\"sv-SE\",\"potentialAction\":[{\"@type\":\"ReadAction\",\"target\":[\"https:\\\/\\\/homeofwool.com\\\/shop\\\/baby-sleeping-bag\\\/\"]}]},{\"@type\":\"ImageObject\",\"inLanguage\":\"sv-SE\",\"@id\":\"https:\\\/\\\/homeofwool.com\\\/shop\\\/baby-sleeping-bag\\\/#primaryimage\",\"url\":\"https:\\\/\\\/homeofwool.com\\\/wp-content\\\/uploads\\\/2025\\\/09\\\/home-of-wool-wool-baby-sleeping-bag-2-en-scaled.jpg\",\"contentUrl\":\"https:\\\/\\\/homeofwool.com\\\/wp-content\\\/uploads\\\/2025\\\/09\\\/home-of-wool-wool-baby-sleeping-bag-2-en-scaled.jpg\",\"width\":2560,\"height\":2048,\"caption\":\"wool baby sleeping bag\"},{\"@type\":\"BreadcrumbList\",\"@id\":\"https:\\\/\\\/homeofwool.com\\\/shop\\\/baby-sleeping-bag\\\/#breadcrumb\",\"itemListElement\":[{\"@type\":\"ListItem\",\"position\":1,\"name\":\"Home\",\"item\":\"https:\\\/\\\/homeofwool.com\\\/\"},{\"@type\":\"ListItem\",\"position\":2,\"name\":\"Products\",\"item\":\"https:\\\/\\\/homeofwool.com\\\/header-search-2\\\/\"},{\"@type\":\"ListItem\",\"position\":3,\"name\":\"Wool Baby Sleeping Bag\"}]},{\"@type\":\"WebSite\",\"@id\":\"https:\\\/\\\/homeofwool.com\\\/#website\",\"url\":\"https:\\\/\\\/homeofwool.com\\\/\",\"name\":\"Home of Wool\",\"description\":\"\",\"publisher\":{\"@id\":\"https:\\\/\\\/homeofwool.com\\\/#organization\"},\"potentialAction\":[{\"@type\":\"SearchAction\",\"target\":{\"@type\":\"EntryPoint\",\"urlTemplate\":\"https:\\\/\\\/homeofwool.com\\\/?s={search_term_string}\"},\"query-input\":{\"@type\":\"PropertyValueSpecification\",\"valueRequired\":true,\"valueName\":\"search_term_string\"}}],\"inLanguage\":\"sv-SE\"},{\"@type\":\"Organization\",\"@id\":\"https:\\\/\\\/homeofwool.com\\\/#organization\",\"name\":\"Home of Wool\",\"url\":\"https:\\\/\\\/homeofwool.com\\\/\",\"logo\":{\"@type\":\"ImageObject\",\"inLanguage\":\"sv-SE\",\"@id\":\"https:\\\/\\\/homeofwool.com\\\/#\\\/schema\\\/logo\\\/image\\\/\",\"url\":\"https:\\\/\\\/homeofwool.com\\\/wp-content\\\/uploads\\\/2025\\\/09\\\/WhatsApp-Image-2025-12-02-at-16.23.20.jpeg\",\"contentUrl\":\"https:\\\/\\\/homeofwool.com\\\/wp-content\\\/uploads\\\/2025\\\/09\\\/WhatsApp-Image-2025-12-02-at-16.23.20.jpeg\",\"width\":700,\"height\":247,\"caption\":\"Home of Wool\"},\"image\":{\"@id\":\"https:\\\/\\\/homeofwool.com\\\/#\\\/schema\\\/logo\\\/image\\\/\"},\"sameAs\":[\"https:\\\/\\\/facebook.com\\\/HomeOfWoolOfficial\"]}]}<\/script>\n<!-- \/ Yoast SEO Premium plugin. -->","yoast_head_json":{"title":"Babysovs\u00e4ck \u2013 Sovs\u00e4ck i ekologisk ull | Home of Wool","description":"Baby-sovs\u00e4cken \u00e4r andningsbar och allergiv\u00e4nlig och tillverkad av ekologisk ull f\u00f6r giftfri v\u00e4rme. Den \u00e4r naturlig, s\u00e4ker och m\u00e5ngsidig och garanterar h\u00e4lsosam komfort f\u00f6r barn \u00e5ret runt.","robots":{"index":"index","follow":"follow","max-snippet":"max-snippet:-1","max-image-preview":"max-image-preview:large","max-video-preview":"max-video-preview:-1"},"canonical":"https:\/\/homeofwool.com\/sv\/butik\/babysovsack\/","og_locale":"sv_SE","og_type":"article","og_title":"Wool Baby Sleeping Bag","og_description":"Breathable and hypoallergenic, the Baby Sleeping Bag is crafted with organic wool for toxin-free warmth. Natural, safe, and versatile, it ensures healthy year-round comfort for babies.","og_url":"https:\/\/homeofwool.com\/sv\/butik\/babysovsack\/","og_site_name":"Home of Wool","article_publisher":"https:\/\/facebook.com\/HomeOfWoolOfficial","article_modified_time":"2026-02-10T15:46:01+00:00","og_image":[{"width":2560,"height":2048,"url":"https:\/\/homeofwool.com\/wp-content\/uploads\/2025\/09\/home-of-wool-wool-baby-sleeping-bag-2-en-scaled.jpg","type":"image\/jpeg"}],"twitter_card":"summary_large_image","twitter_misc":{"Ber\u00e4knad l\u00e4stid":"2 minuter"},"schema":{"@context":"https:\/\/schema.org","@graph":[{"@type":"WebPage","@id":"https:\/\/homeofwool.com\/shop\/baby-sleeping-bag\/","url":"https:\/\/homeofwool.com\/shop\/baby-sleeping-bag\/","name":"Babysovs\u00e4ck \u2013 Sovs\u00e4ck i ekologisk ull | Home of Wool","isPartOf":{"@id":"https:\/\/homeofwool.com\/#website"},"primaryImageOfPage":{"@id":"https:\/\/homeofwool.com\/shop\/baby-sleeping-bag\/#primaryimage"},"image":{"@id":"https:\/\/homeofwool.com\/shop\/baby-sleeping-bag\/#primaryimage"},"thumbnailUrl":"https:\/\/homeofwool.com\/wp-content\/uploads\/2025\/09\/home-of-wool-wool-baby-sleeping-bag-2-en-scaled.jpg","datePublished":"2025-09-02T12:02:14+00:00","dateModified":"2026-02-10T15:46:01+00:00","description":"Baby-sovs\u00e4cken \u00e4r andningsbar och allergiv\u00e4nlig och tillverkad av ekologisk ull f\u00f6r giftfri v\u00e4rme. Den \u00e4r naturlig, s\u00e4ker och m\u00e5ngsidig och garanterar h\u00e4lsosam komfort f\u00f6r barn \u00e5ret runt.","breadcrumb":{"@id":"https:\/\/homeofwool.com\/shop\/baby-sleeping-bag\/#breadcrumb"},"inLanguage":"sv-SE","potentialAction":[{"@type":"ReadAction","target":["https:\/\/homeofwool.com\/shop\/baby-sleeping-bag\/"]}]},{"@type":"ImageObject","inLanguage":"sv-SE","@id":"https:\/\/homeofwool.com\/shop\/baby-sleeping-bag\/#primaryimage","url":"https:\/\/homeofwool.com\/wp-content\/uploads\/2025\/09\/home-of-wool-wool-baby-sleeping-bag-2-en-scaled.jpg","contentUrl":"https:\/\/homeofwool.com\/wp-content\/uploads\/2025\/09\/home-of-wool-wool-baby-sleeping-bag-2-en-scaled.jpg","width":2560,"height":2048,"caption":"wool baby sleeping bag"},{"@type":"BreadcrumbList","@id":"https:\/\/homeofwool.com\/shop\/baby-sleeping-bag\/#breadcrumb","itemListElement":[{"@type":"ListItem","position":1,"name":"Home","item":"https:\/\/homeofwool.com\/"},{"@type":"ListItem","position":2,"name":"Products","item":"https:\/\/homeofwool.com\/header-search-2\/"},{"@type":"ListItem","position":3,"name":"Wool Baby Sleeping Bag"}]},{"@type":"WebSite","@id":"https:\/\/homeofwool.com\/#website","url":"https:\/\/homeofwool.com\/","name":"Hem f\u00f6r ull","description":"","publisher":{"@id":"https:\/\/homeofwool.com\/#organization"},"potentialAction":[{"@type":"SearchAction","target":{"@type":"EntryPoint","urlTemplate":"https:\/\/homeofwool.com\/?s={search_term_string}"},"query-input":{"@type":"PropertyValueSpecification","valueRequired":true,"valueName":"search_term_string"}}],"inLanguage":"sv-SE"},{"@type":"Organization","@id":"https:\/\/homeofwool.com\/#organization","name":"Hem f\u00f6r ull","url":"https:\/\/homeofwool.com\/","logo":{"@type":"ImageObject","inLanguage":"sv-SE","@id":"https:\/\/homeofwool.com\/#\/schema\/logo\/image\/","url":"https:\/\/homeofwool.com\/wp-content\/uploads\/2025\/09\/WhatsApp-Image-2025-12-02-at-16.23.20.jpeg","contentUrl":"https:\/\/homeofwool.com\/wp-content\/uploads\/2025\/09\/WhatsApp-Image-2025-12-02-at-16.23.20.jpeg","width":700,"height":247,"caption":"Home of Wool"},"image":{"@id":"https:\/\/homeofwool.com\/#\/schema\/logo\/image\/"},"sameAs":["https:\/\/facebook.com\/HomeOfWoolOfficial"]}]}},"_links":{"self":[{"href":"https:\/\/homeofwool.com\/sv\/wp-json\/wp\/v2\/product\/217695","targetHints":{"allow":["GET"]}}],"collection":[{"href":"https:\/\/homeofwool.com\/sv\/wp-json\/wp\/v2\/product"}],"about":[{"href":"https:\/\/homeofwool.com\/sv\/wp-json\/wp\/v2\/types\/product"}],"version-history":[{"count":2,"href":"https:\/\/homeofwool.com\/sv\/wp-json\/wp\/v2\/product\/217695\/revisions"}],"predecessor-version":[{"id":225966,"href":"https:\/\/homeofwool.com\/sv\/wp-json\/wp\/v2\/product\/217695\/revisions\/225966"}],"wp:featuredmedia":[{"embeddable":true,"href":"https:\/\/homeofwool.com\/sv\/wp-json\/wp\/v2\/media\/219610"}],"wp:attachment":[{"href":"https:\/\/homeofwool.com\/sv\/wp-json\/wp\/v2\/media?parent=217695"}],"wp:term":[{"taxonomy":"product_brand","embeddable":true,"href":"https:\/\/homeofwool.com\/sv\/wp-json\/wp\/v2\/product_brand?post=217695"},{"taxonomy":"product_cat","embeddable":true,"href":"https:\/\/homeofwool.com\/sv\/wp-json\/wp\/v2\/product_cat?post=217695"},{"taxonomy":"product_tag","embeddable":true,"href":"https:\/\/homeofwool.com\/sv\/wp-json\/wp\/v2\/product_tag?post=217695"}],"curies":[{"name":"wp","href":"https:\/\/api.w.org\/{rel}","templated":true}]}}