{"id":217693,"date":"2025-09-02T12:02:14","date_gmt":"2025-09-02T12:02:14","guid":{"rendered":"https:\/\/homeofwool.com\/?post_type=product&#038;p=217693"},"modified":"2026-02-11T09:03:52","modified_gmt":"2026-02-11T09:03:52","slug":"hangmattekudde-med-avtagbart-overdrag","status":"publish","type":"product","link":"https:\/\/homeofwool.com\/sv\/shop\/hammock-cushion-removable-cover\/","title":{"rendered":"Hammockdyna i ull med avtagbart \u00f6verdrag"},"content":{"rendered":"<p>V\u00e5r ergonomiska h\u00e4ngmattekudde \u00e4r tillverkad f\u00f6r dem som v\u00e4rdes\u00e4tter b\u00e5de komfort och ett medvetet liv. Den \u00e4r fylld med ull och ger ett mjukt st\u00f6d. Den optimala kroppsst\u00e4llningen g\u00f6r att du inte bara kan ta en tupplur utan ocks\u00e5 sova djupt under bar himmel. Den \u00e4r fri fr\u00e5n giftiga \u00e4mnen och \u00e4r d\u00e4rf\u00f6r ett utm\u00e4rkt val \u00e4ven f\u00f6r personer med \u00f6verk\u00e4nslighet. Och n\u00e4r du tror att det inte kan bli b\u00e4ttre, kommer du att uppskatta att den \u00e4r tillverkad helt av h\u00e5llbara och biologiskt nedbrytbara material.<\/p>\n<p>Ull anpassar sig efter din kropp och klimatet omkring dig och skapar en temperaturreglerande kudde som k\u00e4nns precis r\u00e4tt under alla \u00e5rstider. Till skillnad fr\u00e5n skumkuddar som st\u00e4nger inne v\u00e4rmen, f\u00f6rblir denna kudde sval. Gl\u00f6m svettiga eftermiddagslurarna mitt i sommaren. Denna h\u00e4ngmattekudde k\u00e4nns sval, \u00e4ven n\u00e4r middagssolen gassar.<\/p>\n<p>Kudden \u00e4r omsorgsfullt handtuftad och har ett tv\u00e4ttbart \u00f6verdrag med dragkedja, s\u00e5 att du kan njuta av problemfri sk\u00f6tsel.<\/p>\n<p>Oavsett om den anv\u00e4nds som en naturfiberkudde till din h\u00e4ngmatta eller som en sittdyna inomhus, ger den en komfort som k\u00e4nns b\u00e5de jordn\u00e4ra och lyxig. Och n\u00e4r du blundar f\u00f6r att vila inbjuder den dig att slappna av och f\u00f6rvandlar en vanlig eftermiddag till en stund som k\u00e4nns som en karibisk semester i din egen tr\u00e4dg\u00e5rd.<\/p>","protected":false},"excerpt":{"rendered":"<p>Koppla av i naturlig komfort med v\u00e5r ventilerande h\u00e4ngmattekudde, utformad f\u00f6r att omfamna din kropp och samtidigt st\u00f6dja en h\u00e4lsosam h\u00e5llning. Fylld med ren ull och f\u00f6rsedd med ett tv\u00e4ttbart \u00f6verdrag med dragkedja, ger den h\u00e5llbar lyx till din utomhusvistelse eller inomhusoas.<\/p>\n<div class=\"global-icon-set\">\n<div class=\"global-icon-set__items\">\n<div class=\"global-icon-set__item\">\n<div class=\"global-icon-set__image\">\n                                    <img decoding=\"async\" src=\"https:\/\/homeofwool.com\/wp-content\/uploads\/2025\/09\/handmade-icon-300x300.png\" alt=\"handgjord ikon\" \/>\n                                <\/div>\n<div class=\"global-icon-set__title\">Handgjord<\/div>\n<\/p><\/div>\n<div class=\"global-icon-set__item\">\n<div class=\"global-icon-set__image\">\n                                    <img decoding=\"async\" src=\"https:\/\/homeofwool.com\/wp-content\/uploads\/2025\/09\/VOCs-min-300x300.png\" alt=\"Vocs gratis\" \/>\n                                <\/div>\n<div class=\"global-icon-set__title\">Fri fr\u00e5n VOC<\/div>\n<\/p><\/div>\n<div class=\"global-icon-set__item\">\n<div class=\"global-icon-set__image\">\n                                    <img decoding=\"async\" src=\"https:\/\/homeofwool.com\/wp-content\/uploads\/2025\/09\/FR-min-300x300.png\" alt=\"Brandbest\u00e4ndig ikon\" \/>\n                                <\/div>\n<div class=\"global-icon-set__title\">Flamskyddad<\/div>\n<\/p><\/div>\n<div class=\"global-icon-set__item\">\n<div class=\"global-icon-set__image\">\n                                    <img decoding=\"async\" src=\"https:\/\/homeofwool.com\/wp-content\/uploads\/2025\/09\/Hypoallergenic-min-300x300.png\" alt=\"hypoallergen ikon\" \/>\n                                <\/div>\n<div class=\"global-icon-set__title\">Allergiv\u00e4nlig<\/div>\n<\/p><\/div>\n<div class=\"global-icon-set__item\">\n<div class=\"global-icon-set__image\">\n                                    <img decoding=\"async\" src=\"https:\/\/homeofwool.com\/wp-content\/uploads\/2025\/09\/free-of-synthetics-icon-300x300.png\" alt=\"fri fr\u00e5n syntetiska \u00e4mnen ikon\" \/>\n                                <\/div>\n<div class=\"global-icon-set__title\">Fri fr\u00e5n syntetmaterial<\/div>\n<\/p><\/div>\n<div class=\"global-icon-set__item\">\n<div class=\"global-icon-set__image\">\n                                    <img decoding=\"async\" src=\"https:\/\/homeofwool.com\/wp-content\/uploads\/2025\/09\/chemical-free-icon-300x300.png\" alt=\"kemikaliefri ikon\" \/>\n                                <\/div>\n<div class=\"global-icon-set__title\">Fri fr\u00e5n kemikalier<\/div>\n<\/p><\/div>\n<div class=\"global-icon-set__item\">\n<div class=\"global-icon-set__image\">\n                                    <img decoding=\"async\" src=\"https:\/\/homeofwool.com\/wp-content\/uploads\/2025\/09\/anti-bacterial-icon-300x300.png\" alt=\"antibakteriell ikon\" \/>\n                                <\/div>\n<div class=\"global-icon-set__title\">Anti-mikrobiell och anti-bakteriell<\/div>\n<\/p><\/div>\n<div class=\"global-icon-set__item\">\n<div class=\"global-icon-set__image\">\n                                    <img decoding=\"async\" src=\"https:\/\/homeofwool.com\/wp-content\/uploads\/2025\/09\/certified-materials-icon-300x300.png\" alt=\"ikon f\u00f6r certifierade material\" \/>\n                                <\/div>\n<div class=\"global-icon-set__title\">100% Rent certifierat material<\/div>\n<\/p><\/div>\n<\/p><\/div>\n<\/p><\/div>","protected":false},"featured_media":219307,"template":"","meta":{"_acf_changed":false},"product_brand":[],"product_cat":[30,1342],"product_tag":[747,748,749,750,751,752,149,753],"class_list":{"0":"post-217693","1":"product","2":"type-product","3":"status-publish","4":"has-post-thumbnail","6":"product_cat-cushions","7":"product_cat-garden","8":"product_tag-backyard-decor","9":"product_tag-handmade-hammock","10":"product_tag-luxury-hammock","11":"product_tag-macrame-hammock","12":"product_tag-outdoor-hammock","13":"product_tag-porch-swing","14":"product_tag-steps","15":"product_tag-swinging-hammocks","17":"first","18":"instock","19":"shipping-taxable","20":"purchasable","21":"product-type-simple"},"acf":[],"yoast_head":"<!-- This site is optimized with the Yoast SEO Premium plugin v27.4 (Yoast SEO v27.4) - https:\/\/yoast.com\/product\/yoast-seo-premium-wordpress\/ -->\n<title>Hammock Cushion with Removable Cover | Home of Wool<\/title>\n<meta name=\"description\" content=\"Sustainable ergonomic hammock cushion, soft, washable, and body-adapting. Delivers toxin-free comfort and luxury for relaxing indoors or outdoors.\" \/>\n<meta name=\"robots\" content=\"index, follow, max-snippet:-1, max-image-preview:large, max-video-preview:-1\" \/>\n<link rel=\"canonical\" href=\"https:\/\/homeofwool.com\/sv\/butik\/hangmattekudde-med-avtagbart-overdrag\/\" \/>\n<meta property=\"og:locale\" content=\"sv_SE\" \/>\n<meta property=\"og:type\" content=\"article\" \/>\n<meta property=\"og:title\" content=\"Wool Hammock Cushion with Removable Cover\" \/>\n<meta property=\"og:description\" content=\"Sustainable ergonomic hammock cushion, soft, washable, and body-adapting. Delivers toxin-free comfort and luxury for relaxing indoors or outdoors.\" \/>\n<meta property=\"og:url\" content=\"https:\/\/homeofwool.com\/sv\/butik\/hangmattekudde-med-avtagbart-overdrag\/\" \/>\n<meta property=\"og:site_name\" content=\"Home of Wool\" \/>\n<meta property=\"article:publisher\" content=\"https:\/\/facebook.com\/HomeOfWoolOfficial\" \/>\n<meta property=\"article:modified_time\" content=\"2026-02-11T09:03:52+00:00\" \/>\n<meta property=\"og:image\" content=\"https:\/\/homeofwool.com\/wp-content\/uploads\/2025\/09\/home-of-wool-wool-hammock-cushion-with-removable-cover-1-main.jpg\" \/>\n\t<meta property=\"og:image:width\" content=\"2000\" \/>\n\t<meta property=\"og:image:height\" content=\"1600\" \/>\n\t<meta property=\"og:image:type\" content=\"image\/jpeg\" \/>\n<meta name=\"twitter:card\" content=\"summary_large_image\" \/>\n<meta name=\"twitter:label1\" content=\"Ber\u00e4knad l\u00e4stid\" \/>\n\t<meta name=\"twitter:data1\" content=\"2 minuter\" \/>\n<script type=\"application\/ld+json\" class=\"yoast-schema-graph\">{\"@context\":\"https:\\\/\\\/schema.org\",\"@graph\":[{\"@type\":\"WebPage\",\"@id\":\"https:\\\/\\\/homeofwool.com\\\/shop\\\/hammock-cushion-removable-cover\\\/\",\"url\":\"https:\\\/\\\/homeofwool.com\\\/shop\\\/hammock-cushion-removable-cover\\\/\",\"name\":\"Hammock Cushion with Removable Cover | Home of Wool\",\"isPartOf\":{\"@id\":\"https:\\\/\\\/homeofwool.com\\\/#website\"},\"primaryImageOfPage\":{\"@id\":\"https:\\\/\\\/homeofwool.com\\\/shop\\\/hammock-cushion-removable-cover\\\/#primaryimage\"},\"image\":{\"@id\":\"https:\\\/\\\/homeofwool.com\\\/shop\\\/hammock-cushion-removable-cover\\\/#primaryimage\"},\"thumbnailUrl\":\"https:\\\/\\\/homeofwool.com\\\/wp-content\\\/uploads\\\/2025\\\/09\\\/home-of-wool-wool-hammock-cushion-with-removable-cover-1-main.jpg\",\"datePublished\":\"2025-09-02T12:02:14+00:00\",\"dateModified\":\"2026-02-11T09:03:52+00:00\",\"description\":\"Sustainable ergonomic hammock cushion, soft, washable, and body-adapting. Delivers toxin-free comfort and luxury for relaxing indoors or outdoors.\",\"breadcrumb\":{\"@id\":\"https:\\\/\\\/homeofwool.com\\\/shop\\\/hammock-cushion-removable-cover\\\/#breadcrumb\"},\"inLanguage\":\"sv-SE\",\"potentialAction\":[{\"@type\":\"ReadAction\",\"target\":[\"https:\\\/\\\/homeofwool.com\\\/shop\\\/hammock-cushion-removable-cover\\\/\"]}]},{\"@type\":\"ImageObject\",\"inLanguage\":\"sv-SE\",\"@id\":\"https:\\\/\\\/homeofwool.com\\\/shop\\\/hammock-cushion-removable-cover\\\/#primaryimage\",\"url\":\"https:\\\/\\\/homeofwool.com\\\/wp-content\\\/uploads\\\/2025\\\/09\\\/home-of-wool-wool-hammock-cushion-with-removable-cover-1-main.jpg\",\"contentUrl\":\"https:\\\/\\\/homeofwool.com\\\/wp-content\\\/uploads\\\/2025\\\/09\\\/home-of-wool-wool-hammock-cushion-with-removable-cover-1-main.jpg\",\"width\":2000,\"height\":1600,\"caption\":\"wool hammock cushion with removable cover and a wool blanket in nature\"},{\"@type\":\"BreadcrumbList\",\"@id\":\"https:\\\/\\\/homeofwool.com\\\/shop\\\/hammock-cushion-removable-cover\\\/#breadcrumb\",\"itemListElement\":[{\"@type\":\"ListItem\",\"position\":1,\"name\":\"Home\",\"item\":\"https:\\\/\\\/homeofwool.com\\\/\"},{\"@type\":\"ListItem\",\"position\":2,\"name\":\"Products\",\"item\":\"https:\\\/\\\/homeofwool.com\\\/header-search-2\\\/\"},{\"@type\":\"ListItem\",\"position\":3,\"name\":\"Wool Hammock Cushion with Removable Cover\"}]},{\"@type\":\"WebSite\",\"@id\":\"https:\\\/\\\/homeofwool.com\\\/#website\",\"url\":\"https:\\\/\\\/homeofwool.com\\\/\",\"name\":\"Home of Wool\",\"description\":\"\",\"publisher\":{\"@id\":\"https:\\\/\\\/homeofwool.com\\\/#organization\"},\"potentialAction\":[{\"@type\":\"SearchAction\",\"target\":{\"@type\":\"EntryPoint\",\"urlTemplate\":\"https:\\\/\\\/homeofwool.com\\\/?s={search_term_string}\"},\"query-input\":{\"@type\":\"PropertyValueSpecification\",\"valueRequired\":true,\"valueName\":\"search_term_string\"}}],\"inLanguage\":\"sv-SE\"},{\"@type\":\"Organization\",\"@id\":\"https:\\\/\\\/homeofwool.com\\\/#organization\",\"name\":\"Home of Wool\",\"url\":\"https:\\\/\\\/homeofwool.com\\\/\",\"logo\":{\"@type\":\"ImageObject\",\"inLanguage\":\"sv-SE\",\"@id\":\"https:\\\/\\\/homeofwool.com\\\/#\\\/schema\\\/logo\\\/image\\\/\",\"url\":\"https:\\\/\\\/homeofwool.com\\\/wp-content\\\/uploads\\\/2025\\\/09\\\/WhatsApp-Image-2025-12-02-at-16.23.20.jpeg\",\"contentUrl\":\"https:\\\/\\\/homeofwool.com\\\/wp-content\\\/uploads\\\/2025\\\/09\\\/WhatsApp-Image-2025-12-02-at-16.23.20.jpeg\",\"width\":700,\"height\":247,\"caption\":\"Home of Wool\"},\"image\":{\"@id\":\"https:\\\/\\\/homeofwool.com\\\/#\\\/schema\\\/logo\\\/image\\\/\"},\"sameAs\":[\"https:\\\/\\\/facebook.com\\\/HomeOfWoolOfficial\"]}]}<\/script>\n<!-- \/ Yoast SEO Premium plugin. -->","yoast_head_json":{"title":"H\u00e4ngmattekudde med avtagbart \u00f6verdrag | Home of Wool","description":"H\u00e5llbar ergonomisk h\u00e4ngmattekudde, mjuk, tv\u00e4ttbar och anpassar sig efter kroppen. Ger giftfri komfort och lyx f\u00f6r avkoppling inomhus eller utomhus.","robots":{"index":"index","follow":"follow","max-snippet":"max-snippet:-1","max-image-preview":"max-image-preview:large","max-video-preview":"max-video-preview:-1"},"canonical":"https:\/\/homeofwool.com\/sv\/butik\/hangmattekudde-med-avtagbart-overdrag\/","og_locale":"sv_SE","og_type":"article","og_title":"Wool Hammock Cushion with Removable Cover","og_description":"Sustainable ergonomic hammock cushion, soft, washable, and body-adapting. Delivers toxin-free comfort and luxury for relaxing indoors or outdoors.","og_url":"https:\/\/homeofwool.com\/sv\/butik\/hangmattekudde-med-avtagbart-overdrag\/","og_site_name":"Home of Wool","article_publisher":"https:\/\/facebook.com\/HomeOfWoolOfficial","article_modified_time":"2026-02-11T09:03:52+00:00","og_image":[{"width":2000,"height":1600,"url":"https:\/\/homeofwool.com\/wp-content\/uploads\/2025\/09\/home-of-wool-wool-hammock-cushion-with-removable-cover-1-main.jpg","type":"image\/jpeg"}],"twitter_card":"summary_large_image","twitter_misc":{"Ber\u00e4knad l\u00e4stid":"2 minuter"},"schema":{"@context":"https:\/\/schema.org","@graph":[{"@type":"WebPage","@id":"https:\/\/homeofwool.com\/shop\/hammock-cushion-removable-cover\/","url":"https:\/\/homeofwool.com\/shop\/hammock-cushion-removable-cover\/","name":"H\u00e4ngmattekudde med avtagbart \u00f6verdrag | Home of Wool","isPartOf":{"@id":"https:\/\/homeofwool.com\/#website"},"primaryImageOfPage":{"@id":"https:\/\/homeofwool.com\/shop\/hammock-cushion-removable-cover\/#primaryimage"},"image":{"@id":"https:\/\/homeofwool.com\/shop\/hammock-cushion-removable-cover\/#primaryimage"},"thumbnailUrl":"https:\/\/homeofwool.com\/wp-content\/uploads\/2025\/09\/home-of-wool-wool-hammock-cushion-with-removable-cover-1-main.jpg","datePublished":"2025-09-02T12:02:14+00:00","dateModified":"2026-02-11T09:03:52+00:00","description":"H\u00e5llbar ergonomisk h\u00e4ngmattekudde, mjuk, tv\u00e4ttbar och anpassar sig efter kroppen. Ger giftfri komfort och lyx f\u00f6r avkoppling inomhus eller utomhus.","breadcrumb":{"@id":"https:\/\/homeofwool.com\/shop\/hammock-cushion-removable-cover\/#breadcrumb"},"inLanguage":"sv-SE","potentialAction":[{"@type":"ReadAction","target":["https:\/\/homeofwool.com\/shop\/hammock-cushion-removable-cover\/"]}]},{"@type":"ImageObject","inLanguage":"sv-SE","@id":"https:\/\/homeofwool.com\/shop\/hammock-cushion-removable-cover\/#primaryimage","url":"https:\/\/homeofwool.com\/wp-content\/uploads\/2025\/09\/home-of-wool-wool-hammock-cushion-with-removable-cover-1-main.jpg","contentUrl":"https:\/\/homeofwool.com\/wp-content\/uploads\/2025\/09\/home-of-wool-wool-hammock-cushion-with-removable-cover-1-main.jpg","width":2000,"height":1600,"caption":"wool hammock cushion with removable cover and a wool blanket in nature"},{"@type":"BreadcrumbList","@id":"https:\/\/homeofwool.com\/shop\/hammock-cushion-removable-cover\/#breadcrumb","itemListElement":[{"@type":"ListItem","position":1,"name":"Home","item":"https:\/\/homeofwool.com\/"},{"@type":"ListItem","position":2,"name":"Products","item":"https:\/\/homeofwool.com\/header-search-2\/"},{"@type":"ListItem","position":3,"name":"Wool Hammock Cushion with Removable Cover"}]},{"@type":"WebSite","@id":"https:\/\/homeofwool.com\/#website","url":"https:\/\/homeofwool.com\/","name":"Hem f\u00f6r ull","description":"","publisher":{"@id":"https:\/\/homeofwool.com\/#organization"},"potentialAction":[{"@type":"SearchAction","target":{"@type":"EntryPoint","urlTemplate":"https:\/\/homeofwool.com\/?s={search_term_string}"},"query-input":{"@type":"PropertyValueSpecification","valueRequired":true,"valueName":"search_term_string"}}],"inLanguage":"sv-SE"},{"@type":"Organization","@id":"https:\/\/homeofwool.com\/#organization","name":"Hem f\u00f6r ull","url":"https:\/\/homeofwool.com\/","logo":{"@type":"ImageObject","inLanguage":"sv-SE","@id":"https:\/\/homeofwool.com\/#\/schema\/logo\/image\/","url":"https:\/\/homeofwool.com\/wp-content\/uploads\/2025\/09\/WhatsApp-Image-2025-12-02-at-16.23.20.jpeg","contentUrl":"https:\/\/homeofwool.com\/wp-content\/uploads\/2025\/09\/WhatsApp-Image-2025-12-02-at-16.23.20.jpeg","width":700,"height":247,"caption":"Home of Wool"},"image":{"@id":"https:\/\/homeofwool.com\/#\/schema\/logo\/image\/"},"sameAs":["https:\/\/facebook.com\/HomeOfWoolOfficial"]}]}},"_links":{"self":[{"href":"https:\/\/homeofwool.com\/sv\/wp-json\/wp\/v2\/product\/217693","targetHints":{"allow":["GET"]}}],"collection":[{"href":"https:\/\/homeofwool.com\/sv\/wp-json\/wp\/v2\/product"}],"about":[{"href":"https:\/\/homeofwool.com\/sv\/wp-json\/wp\/v2\/types\/product"}],"version-history":[{"count":2,"href":"https:\/\/homeofwool.com\/sv\/wp-json\/wp\/v2\/product\/217693\/revisions"}],"predecessor-version":[{"id":226683,"href":"https:\/\/homeofwool.com\/sv\/wp-json\/wp\/v2\/product\/217693\/revisions\/226683"}],"wp:featuredmedia":[{"embeddable":true,"href":"https:\/\/homeofwool.com\/sv\/wp-json\/wp\/v2\/media\/219307"}],"wp:attachment":[{"href":"https:\/\/homeofwool.com\/sv\/wp-json\/wp\/v2\/media?parent=217693"}],"wp:term":[{"taxonomy":"product_brand","embeddable":true,"href":"https:\/\/homeofwool.com\/sv\/wp-json\/wp\/v2\/product_brand?post=217693"},{"taxonomy":"product_cat","embeddable":true,"href":"https:\/\/homeofwool.com\/sv\/wp-json\/wp\/v2\/product_cat?post=217693"},{"taxonomy":"product_tag","embeddable":true,"href":"https:\/\/homeofwool.com\/sv\/wp-json\/wp\/v2\/product_tag?post=217693"}],"curies":[{"name":"wp","href":"https:\/\/api.w.org\/{rel}","templated":true}]}}