{"id":217678,"date":"2025-09-02T12:02:06","date_gmt":"2025-09-02T12:02:06","guid":{"rendered":"https:\/\/homeofwool.com\/?post_type=product&#038;p=217678"},"modified":"2026-04-14T13:42:38","modified_gmt":"2026-04-14T13:42:38","slug":"amningskudde","status":"publish","type":"product","link":"https:\/\/homeofwool.com\/sv\/shop\/nursing-pillow\/","title":{"rendered":"Amningskudde i ull"},"content":{"rendered":"<p>Att mata en nyf\u00f6dd kr\u00e4ver mer tid och t\u00e5lamod \u00e4n du kanske n\u00e5gonsin f\u00f6rv\u00e4ntar dig. Inte undra p\u00e5 att komfort \u00e4r ett av de viktigaste kraven f\u00f6r att g\u00f6ra amningstimmarna enklare och roligare. V\u00e5r handgjorda U-formade amningskudde \u00e4r utformad f\u00f6r att avlasta dina armar, axlar och rygg. P\u00e5 s\u00e5 s\u00e4tt kan du fokusera p\u00e5 det som betyder mest.<\/p>\n<p>Kudden, som \u00e4r formad som ett mjukt U, vilar tryggt runt dig och hj\u00e4lper ditt barn att h\u00e5lla sig i en naturlig matningsposition, vilket ger det st\u00f6d som beh\u00f6vs f\u00f6r amningen. Ullfyllningen ger ett stadigt lyft och hj\u00e4lper till att positionera ditt barn s\u00e5 att det l\u00e4ttare kan ta tag om br\u00f6stkorgen. Ull h\u00e5ller dig bekv\u00e4m och torr. Och aldrig f\u00f6r varm.<\/p>\n<p>L\u00e4gg till ett avtagbart \u00f6verdrag eller \u00f6rngott f\u00f6r enkel sk\u00f6tsel. Du kan ocks\u00e5 l\u00e4gga till ett personligt broderi, vilket g\u00f6r kudden till en omt\u00e4nksam g\u00e5va och ett vackert minne.<\/p>\n<p>Den h\u00e4r amningskudden \u00e4r verkligen m\u00e5ngsidig och kan forts\u00e4tta att fungera som ett mysigt st\u00f6d f\u00f6r magen och hj\u00e4lpa ditt barn att \u00f6va p\u00e5 att sitta med st\u00f6d. Den \u00e4r helt fri fr\u00e5n syntetmaterial och skapar en s\u00e4ker och kemikaliefri milj\u00f6 f\u00f6r ditt lilla barn.<\/p>\n<p>STORLEK: 60 cm (23,6\u2033) x 48 cm (18,9\u2033)<\/p>","protected":false},"excerpt":{"rendered":"<p>Att mata ett barn kr\u00e4ver tid och t\u00e5lamod, och det \u00e4r viktigt att det \u00e4r bekv\u00e4mt under de f\u00f6rsta tre m\u00e5naderna. En amningskudde g\u00f6r dessa stunder enklare och mer njutbara f\u00f6r er b\u00e5da. Amningskudden Home of Wool \u00e4r tillverkad med ren ullfyllning och ekologiska tyger och erbjuder en naturligt s\u00e4ker och allergiv\u00e4nlig plats f\u00f6r n\u00e4rhet, komfort och samh\u00f6righet.<\/p>\n<div class=\"global-icon-set\">\n<div class=\"global-icon-set__items\">\n<div class=\"global-icon-set__item\">\n<div class=\"global-icon-set__image\">\n                                    <img decoding=\"async\" src=\"https:\/\/homeofwool.com\/wp-content\/uploads\/2025\/09\/handmade-icon-300x300.png\" alt=\"handgjord ikon\" \/>\n                                <\/div>\n<div class=\"global-icon-set__title\">Handgjord<\/div>\n<\/p><\/div>\n<div class=\"global-icon-set__item\">\n<div class=\"global-icon-set__image\">\n                                    <img decoding=\"async\" src=\"https:\/\/homeofwool.com\/wp-content\/uploads\/2025\/09\/VOCs-min-300x300.png\" alt=\"Vocs gratis\" \/>\n                                <\/div>\n<div class=\"global-icon-set__title\">Fri fr\u00e5n VOC<\/div>\n<\/p><\/div>\n<div class=\"global-icon-set__item\">\n<div class=\"global-icon-set__image\">\n                                    <img decoding=\"async\" src=\"https:\/\/homeofwool.com\/wp-content\/uploads\/2025\/09\/FR-min-300x300.png\" alt=\"Brandbest\u00e4ndig ikon\" \/>\n                                <\/div>\n<div class=\"global-icon-set__title\">Flamskyddad<\/div>\n<\/p><\/div>\n<div class=\"global-icon-set__item\">\n<div class=\"global-icon-set__image\">\n                                    <img decoding=\"async\" src=\"https:\/\/homeofwool.com\/wp-content\/uploads\/2025\/09\/Hypoallergenic-min-300x300.png\" alt=\"hypoallergen ikon\" \/>\n                                <\/div>\n<div class=\"global-icon-set__title\">Allergiv\u00e4nlig<\/div>\n<\/p><\/div>\n<div class=\"global-icon-set__item\">\n<div class=\"global-icon-set__image\">\n                                    <img decoding=\"async\" src=\"https:\/\/homeofwool.com\/wp-content\/uploads\/2025\/09\/free-of-synthetics-icon-300x300.png\" alt=\"fri fr\u00e5n syntetiska \u00e4mnen ikon\" \/>\n                                <\/div>\n<div class=\"global-icon-set__title\">Fri fr\u00e5n syntetmaterial<\/div>\n<\/p><\/div>\n<div class=\"global-icon-set__item\">\n<div class=\"global-icon-set__image\">\n                                    <img decoding=\"async\" src=\"https:\/\/homeofwool.com\/wp-content\/uploads\/2025\/09\/chemical-free-icon-300x300.png\" alt=\"kemikaliefri ikon\" \/>\n                                <\/div>\n<div class=\"global-icon-set__title\">Fri fr\u00e5n kemikalier<\/div>\n<\/p><\/div>\n<div class=\"global-icon-set__item\">\n<div class=\"global-icon-set__image\">\n                                    <img decoding=\"async\" src=\"https:\/\/homeofwool.com\/wp-content\/uploads\/2025\/09\/anti-bacterial-icon-300x300.png\" alt=\"antibakteriell ikon\" \/>\n                                <\/div>\n<div class=\"global-icon-set__title\">Anti-mikrobiell och anti-bakteriell<\/div>\n<\/p><\/div>\n<div class=\"global-icon-set__item\">\n<div class=\"global-icon-set__image\">\n                                    <img decoding=\"async\" src=\"https:\/\/homeofwool.com\/wp-content\/uploads\/2025\/09\/certified-materials-icon-300x300.png\" alt=\"ikon f\u00f6r certifierade material\" \/>\n                                <\/div>\n<div class=\"global-icon-set__title\">100% Rent certifierat material<\/div>\n<\/p><\/div>\n<\/p><\/div>\n<\/p><\/div>","protected":false},"featured_media":219747,"template":"","meta":{"_acf_changed":false},"product_brand":[],"product_cat":[1366,267],"product_tag":[123,708,709,710,711,704,712,713,714,468,715,716,717,149],"class_list":{"0":"post-217678","1":"product","2":"type-product","3":"status-publish","4":"has-post-thumbnail","6":"product_cat-womens-day","7":"product_cat-nursery","8":"product_tag-baby-shower-gift","9":"product_tag-boppy-pillow","10":"product_tag-boppy-zippered-cover","11":"product_tag-breast-feeding","12":"product_tag-breastfeeding-pillow","13":"product_tag-eco-baby-bedding","14":"product_tag-feeding-pillow","15":"product_tag-new-mom-gift","16":"product_tag-newborn-lounger","17":"product_tag-non-toxic-nursery","18":"product_tag-nursing-pillow","19":"product_tag-organic-nursing","20":"product_tag-sheep-wool-filling","21":"product_tag-steps","23":"first","24":"instock","25":"shipping-taxable","26":"purchasable","27":"product-type-simple"},"acf":[],"yoast_head":"<!-- This site is optimized with the Yoast SEO Premium plugin v27.4 (Yoast SEO v27.4) - https:\/\/yoast.com\/product\/yoast-seo-premium-wordpress\/ -->\n<title>Wool Nursing Pillow \u2013 Safe Breastfeeding Support | Home of Wool<\/title>\n<meta name=\"description\" content=\"Breathable and ergonomic, the Wool Nursing Pillow provides toxin-free comfort. Hypoallergenic and supportive, it ensures safe and sustainable breastfeeding support every day.\" \/>\n<meta name=\"robots\" content=\"index, follow, max-snippet:-1, max-image-preview:large, max-video-preview:-1\" \/>\n<link rel=\"canonical\" href=\"https:\/\/homeofwool.com\/sv\/butik\/amningskudde\/\" \/>\n<meta property=\"og:locale\" content=\"sv_SE\" \/>\n<meta property=\"og:type\" content=\"article\" \/>\n<meta property=\"og:title\" content=\"Wool Nursing Pillow\" \/>\n<meta property=\"og:description\" content=\"Breathable and ergonomic, the Wool Nursing Pillow provides toxin-free comfort. Hypoallergenic and supportive, it ensures safe and sustainable breastfeeding support every day.\" \/>\n<meta property=\"og:url\" content=\"https:\/\/homeofwool.com\/sv\/butik\/amningskudde\/\" \/>\n<meta property=\"og:site_name\" content=\"Home of Wool\" \/>\n<meta property=\"article:publisher\" content=\"https:\/\/facebook.com\/HomeOfWoolOfficial\" \/>\n<meta property=\"article:modified_time\" content=\"2026-04-14T13:42:38+00:00\" \/>\n<meta property=\"og:image\" content=\"https:\/\/homeofwool.com\/wp-content\/uploads\/2025\/09\/home-of-wool-wool-nursing-pillow-1-main.jpg\" \/>\n\t<meta property=\"og:image:width\" content=\"1707\" \/>\n\t<meta property=\"og:image:height\" content=\"1560\" \/>\n\t<meta property=\"og:image:type\" content=\"image\/jpeg\" \/>\n<meta name=\"twitter:card\" content=\"summary_large_image\" \/>\n<meta name=\"twitter:label1\" content=\"Ber\u00e4knad l\u00e4stid\" \/>\n\t<meta name=\"twitter:data1\" content=\"1 minut\" \/>\n<script type=\"application\/ld+json\" class=\"yoast-schema-graph\">{\"@context\":\"https:\\\/\\\/schema.org\",\"@graph\":[{\"@type\":\"WebPage\",\"@id\":\"https:\\\/\\\/homeofwool.com\\\/shop\\\/nursing-pillow\\\/\",\"url\":\"https:\\\/\\\/homeofwool.com\\\/shop\\\/nursing-pillow\\\/\",\"name\":\"Wool Nursing Pillow \u2013 Safe Breastfeeding Support | Home of Wool\",\"isPartOf\":{\"@id\":\"https:\\\/\\\/homeofwool.com\\\/#website\"},\"primaryImageOfPage\":{\"@id\":\"https:\\\/\\\/homeofwool.com\\\/shop\\\/nursing-pillow\\\/#primaryimage\"},\"image\":{\"@id\":\"https:\\\/\\\/homeofwool.com\\\/shop\\\/nursing-pillow\\\/#primaryimage\"},\"thumbnailUrl\":\"https:\\\/\\\/homeofwool.com\\\/wp-content\\\/uploads\\\/2025\\\/09\\\/home-of-wool-wool-nursing-pillow-1-main.jpg\",\"datePublished\":\"2025-09-02T12:02:06+00:00\",\"dateModified\":\"2026-04-14T13:42:38+00:00\",\"description\":\"Breathable and ergonomic, the Wool Nursing Pillow provides toxin-free comfort. Hypoallergenic and supportive, it ensures safe and sustainable breastfeeding support every day.\",\"breadcrumb\":{\"@id\":\"https:\\\/\\\/homeofwool.com\\\/shop\\\/nursing-pillow\\\/#breadcrumb\"},\"inLanguage\":\"sv-SE\",\"potentialAction\":[{\"@type\":\"ReadAction\",\"target\":[\"https:\\\/\\\/homeofwool.com\\\/shop\\\/nursing-pillow\\\/\"]}]},{\"@type\":\"ImageObject\",\"inLanguage\":\"sv-SE\",\"@id\":\"https:\\\/\\\/homeofwool.com\\\/shop\\\/nursing-pillow\\\/#primaryimage\",\"url\":\"https:\\\/\\\/homeofwool.com\\\/wp-content\\\/uploads\\\/2025\\\/09\\\/home-of-wool-wool-nursing-pillow-1-main.jpg\",\"contentUrl\":\"https:\\\/\\\/homeofwool.com\\\/wp-content\\\/uploads\\\/2025\\\/09\\\/home-of-wool-wool-nursing-pillow-1-main.jpg\",\"width\":1707,\"height\":1560,\"caption\":\"home of wool nursing pillow being used by mother and baby\"},{\"@type\":\"BreadcrumbList\",\"@id\":\"https:\\\/\\\/homeofwool.com\\\/shop\\\/nursing-pillow\\\/#breadcrumb\",\"itemListElement\":[{\"@type\":\"ListItem\",\"position\":1,\"name\":\"Home\",\"item\":\"https:\\\/\\\/homeofwool.com\\\/\"},{\"@type\":\"ListItem\",\"position\":2,\"name\":\"Products\",\"item\":\"https:\\\/\\\/homeofwool.com\\\/header-search-2\\\/\"},{\"@type\":\"ListItem\",\"position\":3,\"name\":\"Wool Nursing Pillow\"}]},{\"@type\":\"WebSite\",\"@id\":\"https:\\\/\\\/homeofwool.com\\\/#website\",\"url\":\"https:\\\/\\\/homeofwool.com\\\/\",\"name\":\"Home of Wool\",\"description\":\"\",\"publisher\":{\"@id\":\"https:\\\/\\\/homeofwool.com\\\/#organization\"},\"potentialAction\":[{\"@type\":\"SearchAction\",\"target\":{\"@type\":\"EntryPoint\",\"urlTemplate\":\"https:\\\/\\\/homeofwool.com\\\/?s={search_term_string}\"},\"query-input\":{\"@type\":\"PropertyValueSpecification\",\"valueRequired\":true,\"valueName\":\"search_term_string\"}}],\"inLanguage\":\"sv-SE\"},{\"@type\":\"Organization\",\"@id\":\"https:\\\/\\\/homeofwool.com\\\/#organization\",\"name\":\"Home of Wool\",\"url\":\"https:\\\/\\\/homeofwool.com\\\/\",\"logo\":{\"@type\":\"ImageObject\",\"inLanguage\":\"sv-SE\",\"@id\":\"https:\\\/\\\/homeofwool.com\\\/#\\\/schema\\\/logo\\\/image\\\/\",\"url\":\"https:\\\/\\\/homeofwool.com\\\/wp-content\\\/uploads\\\/2025\\\/09\\\/WhatsApp-Image-2025-12-02-at-16.23.20.jpeg\",\"contentUrl\":\"https:\\\/\\\/homeofwool.com\\\/wp-content\\\/uploads\\\/2025\\\/09\\\/WhatsApp-Image-2025-12-02-at-16.23.20.jpeg\",\"width\":700,\"height\":247,\"caption\":\"Home of Wool\"},\"image\":{\"@id\":\"https:\\\/\\\/homeofwool.com\\\/#\\\/schema\\\/logo\\\/image\\\/\"},\"sameAs\":[\"https:\\\/\\\/facebook.com\\\/HomeOfWoolOfficial\"]}]}<\/script>\n<!-- \/ Yoast SEO Premium plugin. -->","yoast_head_json":{"title":"Amningskudde i ull - s\u00e4kert st\u00f6d f\u00f6r amning | Home of Wool","description":"Wool Nursing Pillow \u00e4r en andningsbar och ergonomisk amningskudde som ger giftfri komfort. Den \u00e4r allergiv\u00e4nlig och st\u00f6djande och ger ett s\u00e4kert och h\u00e5llbart amningsst\u00f6d varje dag.","robots":{"index":"index","follow":"follow","max-snippet":"max-snippet:-1","max-image-preview":"max-image-preview:large","max-video-preview":"max-video-preview:-1"},"canonical":"https:\/\/homeofwool.com\/sv\/butik\/amningskudde\/","og_locale":"sv_SE","og_type":"article","og_title":"Wool Nursing Pillow","og_description":"Breathable and ergonomic, the Wool Nursing Pillow provides toxin-free comfort. Hypoallergenic and supportive, it ensures safe and sustainable breastfeeding support every day.","og_url":"https:\/\/homeofwool.com\/sv\/butik\/amningskudde\/","og_site_name":"Home of Wool","article_publisher":"https:\/\/facebook.com\/HomeOfWoolOfficial","article_modified_time":"2026-04-14T13:42:38+00:00","og_image":[{"width":1707,"height":1560,"url":"https:\/\/homeofwool.com\/wp-content\/uploads\/2025\/09\/home-of-wool-wool-nursing-pillow-1-main.jpg","type":"image\/jpeg"}],"twitter_card":"summary_large_image","twitter_misc":{"Ber\u00e4knad l\u00e4stid":"1 minut"},"schema":{"@context":"https:\/\/schema.org","@graph":[{"@type":"WebPage","@id":"https:\/\/homeofwool.com\/shop\/nursing-pillow\/","url":"https:\/\/homeofwool.com\/shop\/nursing-pillow\/","name":"Amningskudde i ull - s\u00e4kert st\u00f6d f\u00f6r amning | Home of Wool","isPartOf":{"@id":"https:\/\/homeofwool.com\/#website"},"primaryImageOfPage":{"@id":"https:\/\/homeofwool.com\/shop\/nursing-pillow\/#primaryimage"},"image":{"@id":"https:\/\/homeofwool.com\/shop\/nursing-pillow\/#primaryimage"},"thumbnailUrl":"https:\/\/homeofwool.com\/wp-content\/uploads\/2025\/09\/home-of-wool-wool-nursing-pillow-1-main.jpg","datePublished":"2025-09-02T12:02:06+00:00","dateModified":"2026-04-14T13:42:38+00:00","description":"Wool Nursing Pillow \u00e4r en andningsbar och ergonomisk amningskudde som ger giftfri komfort. Den \u00e4r allergiv\u00e4nlig och st\u00f6djande och ger ett s\u00e4kert och h\u00e5llbart amningsst\u00f6d varje dag.","breadcrumb":{"@id":"https:\/\/homeofwool.com\/shop\/nursing-pillow\/#breadcrumb"},"inLanguage":"sv-SE","potentialAction":[{"@type":"ReadAction","target":["https:\/\/homeofwool.com\/shop\/nursing-pillow\/"]}]},{"@type":"ImageObject","inLanguage":"sv-SE","@id":"https:\/\/homeofwool.com\/shop\/nursing-pillow\/#primaryimage","url":"https:\/\/homeofwool.com\/wp-content\/uploads\/2025\/09\/home-of-wool-wool-nursing-pillow-1-main.jpg","contentUrl":"https:\/\/homeofwool.com\/wp-content\/uploads\/2025\/09\/home-of-wool-wool-nursing-pillow-1-main.jpg","width":1707,"height":1560,"caption":"home of wool nursing pillow being used by mother and baby"},{"@type":"BreadcrumbList","@id":"https:\/\/homeofwool.com\/shop\/nursing-pillow\/#breadcrumb","itemListElement":[{"@type":"ListItem","position":1,"name":"Home","item":"https:\/\/homeofwool.com\/"},{"@type":"ListItem","position":2,"name":"Products","item":"https:\/\/homeofwool.com\/header-search-2\/"},{"@type":"ListItem","position":3,"name":"Wool Nursing Pillow"}]},{"@type":"WebSite","@id":"https:\/\/homeofwool.com\/#website","url":"https:\/\/homeofwool.com\/","name":"Hem f\u00f6r ull","description":"","publisher":{"@id":"https:\/\/homeofwool.com\/#organization"},"potentialAction":[{"@type":"SearchAction","target":{"@type":"EntryPoint","urlTemplate":"https:\/\/homeofwool.com\/?s={search_term_string}"},"query-input":{"@type":"PropertyValueSpecification","valueRequired":true,"valueName":"search_term_string"}}],"inLanguage":"sv-SE"},{"@type":"Organization","@id":"https:\/\/homeofwool.com\/#organization","name":"Hem f\u00f6r ull","url":"https:\/\/homeofwool.com\/","logo":{"@type":"ImageObject","inLanguage":"sv-SE","@id":"https:\/\/homeofwool.com\/#\/schema\/logo\/image\/","url":"https:\/\/homeofwool.com\/wp-content\/uploads\/2025\/09\/WhatsApp-Image-2025-12-02-at-16.23.20.jpeg","contentUrl":"https:\/\/homeofwool.com\/wp-content\/uploads\/2025\/09\/WhatsApp-Image-2025-12-02-at-16.23.20.jpeg","width":700,"height":247,"caption":"Home of Wool"},"image":{"@id":"https:\/\/homeofwool.com\/#\/schema\/logo\/image\/"},"sameAs":["https:\/\/facebook.com\/HomeOfWoolOfficial"]}]}},"_links":{"self":[{"href":"https:\/\/homeofwool.com\/sv\/wp-json\/wp\/v2\/product\/217678","targetHints":{"allow":["GET"]}}],"collection":[{"href":"https:\/\/homeofwool.com\/sv\/wp-json\/wp\/v2\/product"}],"about":[{"href":"https:\/\/homeofwool.com\/sv\/wp-json\/wp\/v2\/types\/product"}],"version-history":[{"count":2,"href":"https:\/\/homeofwool.com\/sv\/wp-json\/wp\/v2\/product\/217678\/revisions"}],"predecessor-version":[{"id":226062,"href":"https:\/\/homeofwool.com\/sv\/wp-json\/wp\/v2\/product\/217678\/revisions\/226062"}],"wp:featuredmedia":[{"embeddable":true,"href":"https:\/\/homeofwool.com\/sv\/wp-json\/wp\/v2\/media\/219747"}],"wp:attachment":[{"href":"https:\/\/homeofwool.com\/sv\/wp-json\/wp\/v2\/media?parent=217678"}],"wp:term":[{"taxonomy":"product_brand","embeddable":true,"href":"https:\/\/homeofwool.com\/sv\/wp-json\/wp\/v2\/product_brand?post=217678"},{"taxonomy":"product_cat","embeddable":true,"href":"https:\/\/homeofwool.com\/sv\/wp-json\/wp\/v2\/product_cat?post=217678"},{"taxonomy":"product_tag","embeddable":true,"href":"https:\/\/homeofwool.com\/sv\/wp-json\/wp\/v2\/product_tag?post=217678"}],"curies":[{"name":"wp","href":"https:\/\/api.w.org\/{rel}","templated":true}]}}