{"id":217671,"date":"2025-09-02T12:02:05","date_gmt":"2025-09-02T12:02:05","guid":{"rendered":"https:\/\/homeofwool.com\/?post_type=product&#038;p=217671"},"modified":"2026-04-03T12:01:00","modified_gmt":"2026-04-03T12:01:00","slug":"stokke-madrass","status":"publish","type":"product","link":"https:\/\/homeofwool.com\/sv\/shop\/stokke-mattress\/","title":{"rendered":"Oval spj\u00e4ls\u00e4ngsmadrass - F\u00f6r Stokke Sleepi"},"content":{"rendered":"<p>Att h\u00e5lla ditt barn bekv\u00e4mt hela natten inneb\u00e4r att det inte blir f\u00f6r varmt, att det inte svettas och att det inte fryser om h\u00e4nderna eller f\u00f6tterna. Det \u00e4r precis det som ull \u00e4r b\u00e4st p\u00e5. Denna ullmadrass f\u00f6r spj\u00e4ls\u00e4ng \u00e4r tillverkad f\u00f6r den ovala formen p\u00e5 Stokke Sleepi och \u00e4r gjord av ren ullfyllning, fastsatt med naturligt linne. Den inneh\u00e5ller inga kemikalier. Inga flamskyddsmedel och inga flyktiga organiska f\u00f6reningar. Bara rena, s\u00e4kra material som du kan lita p\u00e5. Ullfyllning och n\u00e5gra h\u00f6gkvalitativa ekologiska tyger.<\/p>\n<p>Ullens naturliga temperaturreglerande f\u00f6rm\u00e5ga g\u00f6r att ditt barn h\u00e5ller sig behagligt varmt n\u00e4r det \u00e4r kallt och inte blir f\u00f6r varmt n\u00e4r rummet \u00e4r varmare. Det reglerar ocks\u00e5 fuktigheten s\u00e5 att sovytan h\u00e5lls torr och fr\u00e4sch. Eftersom det \u00e4r allergiv\u00e4nligt, dammkvalsterresistent och antibakteriellt \u00e4r det s\u00e4rskilt betryggande f\u00f6r familjer som har problem med allergier eller k\u00e4nslig hud.<\/p>\n<p>Madrassen har grunda tuftar f\u00f6r att h\u00e5lla ytan sl\u00e4t och s\u00e4ker. Den har dragkedjor p\u00e5 sidorna s\u00e5 att du kan justera fyllningen vid behov. N\u00e4r ditt barn har vuxit ur spj\u00e4ls\u00e4ngen kan madrassen \u00e5teranv\u00e4ndas som golvkudde i barnrummet. F\u00f6r att g\u00f6ra spj\u00e4ls\u00e4ngen komplett kan du l\u00e4gga till ett avtagbart \u00f6verdrag, ett ullskydd eller ett lakan som passar madrassen.<\/p>","protected":false},"excerpt":{"rendered":"<p>Denna ovala madrass i ull \u00e4r gjord f\u00f6r att passa din Stokke Sleepi och ge ditt barn en ren och s\u00e4ker plats att vila p\u00e5. Den inneh\u00e5ller inga kemikalier eller syntetiska material, \u00e4r skonsam mot k\u00e4nslig hud och temperaturreglerande, vilket hj\u00e4lper ditt barn att h\u00e5lla sig varmt hela \u00e5ret. Madrassen hj\u00e4lper ditt barn att sova lugnt, utan att bli \u00f6verhettat, svettas p\u00e5 natten eller frysa om h\u00e4nder och f\u00f6tter.<\/p>\n<div class=\"global-icon-set\">\n<div class=\"global-icon-set__items\">\n<div class=\"global-icon-set__item\">\n<div class=\"global-icon-set__image\">\n                                    <img decoding=\"async\" src=\"https:\/\/homeofwool.com\/wp-content\/uploads\/2025\/09\/handmade-icon-300x300.png\" alt=\"handgjord ikon\" \/>\n                                <\/div>\n<div class=\"global-icon-set__title\">Handgjord<\/div>\n<\/p><\/div>\n<div class=\"global-icon-set__item\">\n<div class=\"global-icon-set__image\">\n                                    <img decoding=\"async\" src=\"https:\/\/homeofwool.com\/wp-content\/uploads\/2025\/09\/Exceptionally-Supportive-min-300x300.png\" alt=\"exceptionellt st\u00f6djande ikon\" \/>\n                                <\/div>\n<div class=\"global-icon-set__title\">Exceptionellt st\u00f6djande<\/div>\n<\/p><\/div>\n<div class=\"global-icon-set__item\">\n<div class=\"global-icon-set__image\">\n                                    <img decoding=\"async\" src=\"https:\/\/homeofwool.com\/wp-content\/uploads\/2025\/09\/wicks-moisture-away-300x300.png\" alt=\"transporterar bort fukt\" \/>\n                                <\/div>\n<div class=\"global-icon-set__title\">Transporterar bort fukt<\/div>\n<\/p><\/div>\n<div class=\"global-icon-set__item\">\n<div class=\"global-icon-set__image\">\n                                    <img decoding=\"async\" src=\"https:\/\/homeofwool.com\/wp-content\/uploads\/2025\/09\/VOCs-min-300x300.png\" alt=\"Vocs gratis\" \/>\n                                <\/div>\n<div class=\"global-icon-set__title\">Fri fr\u00e5n VOC<\/div>\n<\/p><\/div>\n<div class=\"global-icon-set__item\">\n<div class=\"global-icon-set__image\">\n                                    <img decoding=\"async\" src=\"https:\/\/homeofwool.com\/wp-content\/uploads\/2025\/09\/FR-min-300x300.png\" alt=\"Brandbest\u00e4ndig ikon\" \/>\n                                <\/div>\n<div class=\"global-icon-set__title\">Flamskyddad<\/div>\n<\/p><\/div>\n<div class=\"global-icon-set__item\">\n<div class=\"global-icon-set__image\">\n                                    <img decoding=\"async\" src=\"https:\/\/homeofwool.com\/wp-content\/uploads\/2025\/09\/Hypoallergenic-min-300x300.png\" alt=\"hypoallergen ikon\" \/>\n                                <\/div>\n<div class=\"global-icon-set__title\">Allergiv\u00e4nlig<\/div>\n<\/p><\/div>\n<div class=\"global-icon-set__item\">\n<div class=\"global-icon-set__image\">\n                                    <img decoding=\"async\" src=\"https:\/\/homeofwool.com\/wp-content\/uploads\/2025\/09\/free-of-synthetics-icon-300x300.png\" alt=\"fri fr\u00e5n syntetiska \u00e4mnen ikon\" \/>\n                                <\/div>\n<div class=\"global-icon-set__title\">Fri fr\u00e5n syntetmaterial<\/div>\n<\/p><\/div>\n<div class=\"global-icon-set__item\">\n<div class=\"global-icon-set__image\">\n                                    <img decoding=\"async\" src=\"https:\/\/homeofwool.com\/wp-content\/uploads\/2025\/09\/chemical-free-icon-300x300.png\" alt=\"kemikaliefri ikon\" \/>\n                                <\/div>\n<div class=\"global-icon-set__title\">Fri fr\u00e5n kemikalier<\/div>\n<\/p><\/div>\n<div class=\"global-icon-set__item\">\n<div class=\"global-icon-set__image\">\n                                    <img decoding=\"async\" src=\"https:\/\/homeofwool.com\/wp-content\/uploads\/2025\/09\/anti-bacterial-icon-300x300.png\" alt=\"antibakteriell ikon\" \/>\n                                <\/div>\n<div class=\"global-icon-set__title\">Anti-mikrobiell och anti-bakteriell<\/div>\n<\/p><\/div>\n<div class=\"global-icon-set__item\">\n<div class=\"global-icon-set__image\">\n                                    <img decoding=\"async\" src=\"https:\/\/homeofwool.com\/wp-content\/uploads\/2025\/09\/certified-materials-icon-300x300.png\" alt=\"ikon f\u00f6r certifierade material\" \/>\n                                <\/div>\n<div class=\"global-icon-set__title\">100% Rent certifierat material<\/div>\n<\/p><\/div>\n<\/p><\/div>\n<\/p><\/div>","protected":false},"featured_media":218606,"template":"","meta":{"_acf_changed":false},"product_brand":[],"product_cat":[459],"product_tag":[461,467,468,195,470,149,471,472,473,474,475],"class_list":{"0":"post-217671","1":"product","2":"type-product","3":"status-publish","4":"has-post-thumbnail","6":"product_cat-mattresses-toppers","7":"product_tag-baby-mattress","8":"product_tag-newborn-baby-pad","9":"product_tag-non-toxic-nursery","10":"product_tag-organic-mattress","11":"product_tag-oval-toddler-futon","12":"product_tag-steps","13":"product_tag-stokke-crib-mattress","14":"product_tag-stokke-sleepi-bed","15":"product_tag-stokke-sleepi-junior","16":"product_tag-stokke-sleepi-mattress","17":"product_tag-stokke-sleepi-mini","19":"first","20":"instock","21":"shipping-taxable","22":"purchasable","23":"product-type-simple"},"acf":[],"yoast_head":"<!-- This site is optimized with the Yoast SEO Premium plugin v27.4 (Yoast SEO v27.4) - https:\/\/yoast.com\/product\/yoast-seo-premium-wordpress\/ -->\n<title>Oval Crib Mattress \u2013 For Stokke Sleepi | Home of Wool<\/title>\n<meta name=\"description\" content=\"Breathable and hypoallergenic, the Oval Crib Mattress for Stokke Sleepi provides toxin-free comfort with organic wool filling, offering natural support for safe, restful baby sleep.\" \/>\n<meta name=\"robots\" content=\"index, follow, max-snippet:-1, max-image-preview:large, max-video-preview:-1\" \/>\n<link rel=\"canonical\" href=\"https:\/\/homeofwool.com\/sv\/butik\/stokke-madrass\/\" \/>\n<meta property=\"og:locale\" content=\"sv_SE\" \/>\n<meta property=\"og:type\" content=\"article\" \/>\n<meta property=\"og:title\" content=\"Oval Crib Mattress \u2013 For Stokke Sleepi\" \/>\n<meta property=\"og:description\" content=\"Breathable and hypoallergenic, the Oval Crib Mattress for Stokke Sleepi provides toxin-free comfort with organic wool filling, offering natural support for safe, restful baby sleep.\" \/>\n<meta property=\"og:url\" content=\"https:\/\/homeofwool.com\/sv\/butik\/stokke-madrass\/\" \/>\n<meta property=\"og:site_name\" content=\"Home of Wool\" \/>\n<meta property=\"article:publisher\" content=\"https:\/\/facebook.com\/HomeOfWoolOfficial\" \/>\n<meta property=\"article:modified_time\" content=\"2026-04-03T12:01:00+00:00\" \/>\n<meta property=\"og:image\" content=\"https:\/\/homeofwool.com\/wp-content\/uploads\/2025\/09\/home-of-wool-stokke-mattress-1-main.jpg\" \/>\n\t<meta property=\"og:image:width\" content=\"2000\" \/>\n\t<meta property=\"og:image:height\" content=\"1600\" \/>\n\t<meta property=\"og:image:type\" content=\"image\/jpeg\" \/>\n<meta name=\"twitter:card\" content=\"summary_large_image\" \/>\n<meta name=\"twitter:label1\" content=\"Ber\u00e4knad l\u00e4stid\" \/>\n\t<meta name=\"twitter:data1\" content=\"2 minuter\" \/>\n<script type=\"application\/ld+json\" class=\"yoast-schema-graph\">{\"@context\":\"https:\\\/\\\/schema.org\",\"@graph\":[{\"@type\":\"WebPage\",\"@id\":\"https:\\\/\\\/homeofwool.com\\\/shop\\\/stokke-mattress\\\/\",\"url\":\"https:\\\/\\\/homeofwool.com\\\/shop\\\/stokke-mattress\\\/\",\"name\":\"Oval Crib Mattress \u2013 For Stokke Sleepi | Home of Wool\",\"isPartOf\":{\"@id\":\"https:\\\/\\\/homeofwool.com\\\/#website\"},\"primaryImageOfPage\":{\"@id\":\"https:\\\/\\\/homeofwool.com\\\/shop\\\/stokke-mattress\\\/#primaryimage\"},\"image\":{\"@id\":\"https:\\\/\\\/homeofwool.com\\\/shop\\\/stokke-mattress\\\/#primaryimage\"},\"thumbnailUrl\":\"https:\\\/\\\/homeofwool.com\\\/wp-content\\\/uploads\\\/2025\\\/09\\\/home-of-wool-stokke-mattress-1-main.jpg\",\"datePublished\":\"2025-09-02T12:02:05+00:00\",\"dateModified\":\"2026-04-03T12:01:00+00:00\",\"description\":\"Breathable and hypoallergenic, the Oval Crib Mattress for Stokke Sleepi provides toxin-free comfort with organic wool filling, offering natural support for safe, restful baby sleep.\",\"breadcrumb\":{\"@id\":\"https:\\\/\\\/homeofwool.com\\\/shop\\\/stokke-mattress\\\/#breadcrumb\"},\"inLanguage\":\"sv-SE\",\"potentialAction\":[{\"@type\":\"ReadAction\",\"target\":[\"https:\\\/\\\/homeofwool.com\\\/shop\\\/stokke-mattress\\\/\"]}]},{\"@type\":\"ImageObject\",\"inLanguage\":\"sv-SE\",\"@id\":\"https:\\\/\\\/homeofwool.com\\\/shop\\\/stokke-mattress\\\/#primaryimage\",\"url\":\"https:\\\/\\\/homeofwool.com\\\/wp-content\\\/uploads\\\/2025\\\/09\\\/home-of-wool-stokke-mattress-1-main.jpg\",\"contentUrl\":\"https:\\\/\\\/homeofwool.com\\\/wp-content\\\/uploads\\\/2025\\\/09\\\/home-of-wool-stokke-mattress-1-main.jpg\",\"width\":2000,\"height\":1600,\"caption\":\"home of wool mattress for stokke sleepi crib\"},{\"@type\":\"BreadcrumbList\",\"@id\":\"https:\\\/\\\/homeofwool.com\\\/shop\\\/stokke-mattress\\\/#breadcrumb\",\"itemListElement\":[{\"@type\":\"ListItem\",\"position\":1,\"name\":\"Home\",\"item\":\"https:\\\/\\\/homeofwool.com\\\/\"},{\"@type\":\"ListItem\",\"position\":2,\"name\":\"Products\",\"item\":\"https:\\\/\\\/homeofwool.com\\\/header-search-2\\\/\"},{\"@type\":\"ListItem\",\"position\":3,\"name\":\"Oval Crib Mattress \u2013 For Stokke Sleepi\"}]},{\"@type\":\"WebSite\",\"@id\":\"https:\\\/\\\/homeofwool.com\\\/#website\",\"url\":\"https:\\\/\\\/homeofwool.com\\\/\",\"name\":\"Home of Wool\",\"description\":\"\",\"publisher\":{\"@id\":\"https:\\\/\\\/homeofwool.com\\\/#organization\"},\"potentialAction\":[{\"@type\":\"SearchAction\",\"target\":{\"@type\":\"EntryPoint\",\"urlTemplate\":\"https:\\\/\\\/homeofwool.com\\\/?s={search_term_string}\"},\"query-input\":{\"@type\":\"PropertyValueSpecification\",\"valueRequired\":true,\"valueName\":\"search_term_string\"}}],\"inLanguage\":\"sv-SE\"},{\"@type\":\"Organization\",\"@id\":\"https:\\\/\\\/homeofwool.com\\\/#organization\",\"name\":\"Home of Wool\",\"url\":\"https:\\\/\\\/homeofwool.com\\\/\",\"logo\":{\"@type\":\"ImageObject\",\"inLanguage\":\"sv-SE\",\"@id\":\"https:\\\/\\\/homeofwool.com\\\/#\\\/schema\\\/logo\\\/image\\\/\",\"url\":\"https:\\\/\\\/homeofwool.com\\\/wp-content\\\/uploads\\\/2025\\\/09\\\/WhatsApp-Image-2025-12-02-at-16.23.20.jpeg\",\"contentUrl\":\"https:\\\/\\\/homeofwool.com\\\/wp-content\\\/uploads\\\/2025\\\/09\\\/WhatsApp-Image-2025-12-02-at-16.23.20.jpeg\",\"width\":700,\"height\":247,\"caption\":\"Home of Wool\"},\"image\":{\"@id\":\"https:\\\/\\\/homeofwool.com\\\/#\\\/schema\\\/logo\\\/image\\\/\"},\"sameAs\":[\"https:\\\/\\\/facebook.com\\\/HomeOfWoolOfficial\"]}]}<\/script>\n<!-- \/ Yoast SEO Premium plugin. -->","yoast_head_json":{"title":"Oval spj\u00e4ls\u00e4ngsmadrass \u2013 f\u00f6r Stokke Sleepi | Home of Wool","description":"Oval Crib Mattress f\u00f6r Stokke Sleepi \u00e4r andningsbar och allergiv\u00e4nlig och erbjuder giftfri komfort med ekologisk ullfyllning, vilket ger naturligt st\u00f6d f\u00f6r en s\u00e4ker och vilsam s\u00f6mn f\u00f6r barnet.","robots":{"index":"index","follow":"follow","max-snippet":"max-snippet:-1","max-image-preview":"max-image-preview:large","max-video-preview":"max-video-preview:-1"},"canonical":"https:\/\/homeofwool.com\/sv\/butik\/stokke-madrass\/","og_locale":"sv_SE","og_type":"article","og_title":"Oval Crib Mattress \u2013 For Stokke Sleepi","og_description":"Breathable and hypoallergenic, the Oval Crib Mattress for Stokke Sleepi provides toxin-free comfort with organic wool filling, offering natural support for safe, restful baby sleep.","og_url":"https:\/\/homeofwool.com\/sv\/butik\/stokke-madrass\/","og_site_name":"Home of Wool","article_publisher":"https:\/\/facebook.com\/HomeOfWoolOfficial","article_modified_time":"2026-04-03T12:01:00+00:00","og_image":[{"width":2000,"height":1600,"url":"https:\/\/homeofwool.com\/wp-content\/uploads\/2025\/09\/home-of-wool-stokke-mattress-1-main.jpg","type":"image\/jpeg"}],"twitter_card":"summary_large_image","twitter_misc":{"Ber\u00e4knad l\u00e4stid":"2 minuter"},"schema":{"@context":"https:\/\/schema.org","@graph":[{"@type":"WebPage","@id":"https:\/\/homeofwool.com\/shop\/stokke-mattress\/","url":"https:\/\/homeofwool.com\/shop\/stokke-mattress\/","name":"Oval spj\u00e4ls\u00e4ngsmadrass \u2013 f\u00f6r Stokke Sleepi | Home of Wool","isPartOf":{"@id":"https:\/\/homeofwool.com\/#website"},"primaryImageOfPage":{"@id":"https:\/\/homeofwool.com\/shop\/stokke-mattress\/#primaryimage"},"image":{"@id":"https:\/\/homeofwool.com\/shop\/stokke-mattress\/#primaryimage"},"thumbnailUrl":"https:\/\/homeofwool.com\/wp-content\/uploads\/2025\/09\/home-of-wool-stokke-mattress-1-main.jpg","datePublished":"2025-09-02T12:02:05+00:00","dateModified":"2026-04-03T12:01:00+00:00","description":"Oval Crib Mattress f\u00f6r Stokke Sleepi \u00e4r andningsbar och allergiv\u00e4nlig och erbjuder giftfri komfort med ekologisk ullfyllning, vilket ger naturligt st\u00f6d f\u00f6r en s\u00e4ker och vilsam s\u00f6mn f\u00f6r barnet.","breadcrumb":{"@id":"https:\/\/homeofwool.com\/shop\/stokke-mattress\/#breadcrumb"},"inLanguage":"sv-SE","potentialAction":[{"@type":"ReadAction","target":["https:\/\/homeofwool.com\/shop\/stokke-mattress\/"]}]},{"@type":"ImageObject","inLanguage":"sv-SE","@id":"https:\/\/homeofwool.com\/shop\/stokke-mattress\/#primaryimage","url":"https:\/\/homeofwool.com\/wp-content\/uploads\/2025\/09\/home-of-wool-stokke-mattress-1-main.jpg","contentUrl":"https:\/\/homeofwool.com\/wp-content\/uploads\/2025\/09\/home-of-wool-stokke-mattress-1-main.jpg","width":2000,"height":1600,"caption":"home of wool mattress for stokke sleepi crib"},{"@type":"BreadcrumbList","@id":"https:\/\/homeofwool.com\/shop\/stokke-mattress\/#breadcrumb","itemListElement":[{"@type":"ListItem","position":1,"name":"Home","item":"https:\/\/homeofwool.com\/"},{"@type":"ListItem","position":2,"name":"Products","item":"https:\/\/homeofwool.com\/header-search-2\/"},{"@type":"ListItem","position":3,"name":"Oval Crib Mattress \u2013 For Stokke Sleepi"}]},{"@type":"WebSite","@id":"https:\/\/homeofwool.com\/#website","url":"https:\/\/homeofwool.com\/","name":"Hem f\u00f6r ull","description":"","publisher":{"@id":"https:\/\/homeofwool.com\/#organization"},"potentialAction":[{"@type":"SearchAction","target":{"@type":"EntryPoint","urlTemplate":"https:\/\/homeofwool.com\/?s={search_term_string}"},"query-input":{"@type":"PropertyValueSpecification","valueRequired":true,"valueName":"search_term_string"}}],"inLanguage":"sv-SE"},{"@type":"Organization","@id":"https:\/\/homeofwool.com\/#organization","name":"Hem f\u00f6r ull","url":"https:\/\/homeofwool.com\/","logo":{"@type":"ImageObject","inLanguage":"sv-SE","@id":"https:\/\/homeofwool.com\/#\/schema\/logo\/image\/","url":"https:\/\/homeofwool.com\/wp-content\/uploads\/2025\/09\/WhatsApp-Image-2025-12-02-at-16.23.20.jpeg","contentUrl":"https:\/\/homeofwool.com\/wp-content\/uploads\/2025\/09\/WhatsApp-Image-2025-12-02-at-16.23.20.jpeg","width":700,"height":247,"caption":"Home of Wool"},"image":{"@id":"https:\/\/homeofwool.com\/#\/schema\/logo\/image\/"},"sameAs":["https:\/\/facebook.com\/HomeOfWoolOfficial"]}]}},"_links":{"self":[{"href":"https:\/\/homeofwool.com\/sv\/wp-json\/wp\/v2\/product\/217671","targetHints":{"allow":["GET"]}}],"collection":[{"href":"https:\/\/homeofwool.com\/sv\/wp-json\/wp\/v2\/product"}],"about":[{"href":"https:\/\/homeofwool.com\/sv\/wp-json\/wp\/v2\/types\/product"}],"version-history":[{"count":2,"href":"https:\/\/homeofwool.com\/sv\/wp-json\/wp\/v2\/product\/217671\/revisions"}],"predecessor-version":[{"id":226295,"href":"https:\/\/homeofwool.com\/sv\/wp-json\/wp\/v2\/product\/217671\/revisions\/226295"}],"wp:featuredmedia":[{"embeddable":true,"href":"https:\/\/homeofwool.com\/sv\/wp-json\/wp\/v2\/media\/218606"}],"wp:attachment":[{"href":"https:\/\/homeofwool.com\/sv\/wp-json\/wp\/v2\/media?parent=217671"}],"wp:term":[{"taxonomy":"product_brand","embeddable":true,"href":"https:\/\/homeofwool.com\/sv\/wp-json\/wp\/v2\/product_brand?post=217671"},{"taxonomy":"product_cat","embeddable":true,"href":"https:\/\/homeofwool.com\/sv\/wp-json\/wp\/v2\/product_cat?post=217671"},{"taxonomy":"product_tag","embeddable":true,"href":"https:\/\/homeofwool.com\/sv\/wp-json\/wp\/v2\/product_tag?post=217671"}],"curies":[{"name":"wp","href":"https:\/\/api.w.org\/{rel}","templated":true}]}}