{"id":217667,"date":"2025-09-02T12:02:05","date_gmt":"2025-09-02T12:02:05","guid":{"rendered":"https:\/\/homeofwool.com\/?post_type=product&#038;p=217667"},"modified":"2026-04-14T13:22:53","modified_gmt":"2026-04-14T13:22:53","slug":"halvmaneformad-nackkudde","status":"publish","type":"product","link":"https:\/\/homeofwool.com\/sv\/shop\/half-moon-bolster-pillow\/","title":{"rendered":"Halvm\u00e5ne Bolster Kn\u00e4kudde"},"content":{"rendered":"<p>Home of Wool halvm\u00e5neformad bolsterkudde \u00e4r utformad f\u00f6r att ge din kropp komfort och balans. Placera den under kn\u00e4na eller nedre delen av ryggen f\u00f6r att lindra sp\u00e4nningar och g\u00f6ra s\u00f6mnen mycket bekv\u00e4mare. M\u00e5nga upplever att den \u00e4r s\u00e4rskilt lindrande f\u00f6r sm\u00e4rta i nedre delen av ryggen, eftersom den b\u00f6jda formen f\u00f6ljer kroppens naturliga linjer samtidigt som den ger stabilt st\u00f6d. Den kan ocks\u00e5 anv\u00e4ndas som nackst\u00f6dskudde.<\/p>\n<p>Inuti \u00e4r fyllningen ren ull. Det som m\u00e4nniskor uppskattar med ull \u00e4r att det ger ett mjukt st\u00f6d utan att sjunka ihop. Det balanserar ocks\u00e5 temperaturen mycket bra. Eftersom det ocks\u00e5 transporterar bort fukt k\u00e4nns kudden inte fuktig. Inte ens efter l\u00e5ng anv\u00e4ndning. Fibrerna \u00e4r allergiv\u00e4nliga och motst\u00e5r dammkvalster och m\u00f6gel, vilket g\u00f6r detta till ett s\u00e4kert val f\u00f6r personer med allergier eller \u00f6verk\u00e4nslighet.<\/p>\n<p>Kudden m\u00e4ter 50 x 20 x 12 cm, vilket g\u00f6r den l\u00e4tt att anv\u00e4nda var som helst: i s\u00e4ngen eller p\u00e5 soffan. Varf\u00f6r inte \u00e4ven anv\u00e4nda den som ett mjukt st\u00f6d vid yoga?<\/p>","protected":false},"excerpt":{"rendered":"<p>Denna halvm\u00e5neformade bolsterkudde \u00e4r ett skonsamt s\u00e4tt att lindra sp\u00e4nningar och ger stabilt st\u00f6d under kn\u00e4na, vristerna eller nedre delen av ryggen. Den \u00e4r tillverkad av ren ull och naturliga tyger, fr\u00e4mjar en h\u00e4lsosam kroppsh\u00e5llning och lindrar sm\u00e4rta i nedre delen av ryggen. Den \u00e4r naturligt allergiv\u00e4nlig och skapar en renare och s\u00e4krare sovmilj\u00f6.<\/p>\n<p><strong>Storlek<\/strong>: 50 x 20 x 12 cm<\/p>\n<div class=\"global-icon-set\">\n<div class=\"global-icon-set__items\">\n<div class=\"global-icon-set__item\">\n<div class=\"global-icon-set__image\">\n                                    <img decoding=\"async\" src=\"https:\/\/homeofwool.com\/wp-content\/uploads\/2025\/09\/handmade-icon-300x300.png\" alt=\"handgjord ikon\" \/>\n                                <\/div>\n<div class=\"global-icon-set__title\">Handgjord<\/div>\n<\/p><\/div>\n<div class=\"global-icon-set__item\">\n<div class=\"global-icon-set__image\">\n                                    <img decoding=\"async\" src=\"https:\/\/homeofwool.com\/wp-content\/uploads\/2025\/09\/VOCs-min-300x300.png\" alt=\"Vocs gratis\" \/>\n                                <\/div>\n<div class=\"global-icon-set__title\">Fri fr\u00e5n VOC<\/div>\n<\/p><\/div>\n<div class=\"global-icon-set__item\">\n<div class=\"global-icon-set__image\">\n                                    <img decoding=\"async\" src=\"https:\/\/homeofwool.com\/wp-content\/uploads\/2025\/09\/FR-min-300x300.png\" alt=\"Brandbest\u00e4ndig ikon\" \/>\n                                <\/div>\n<div class=\"global-icon-set__title\">Flamskyddad<\/div>\n<\/p><\/div>\n<div class=\"global-icon-set__item\">\n<div class=\"global-icon-set__image\">\n                                    <img decoding=\"async\" src=\"https:\/\/homeofwool.com\/wp-content\/uploads\/2025\/09\/Hypoallergenic-min-300x300.png\" alt=\"hypoallergen ikon\" \/>\n                                <\/div>\n<div class=\"global-icon-set__title\">Allergiv\u00e4nlig<\/div>\n<\/p><\/div>\n<div class=\"global-icon-set__item\">\n<div class=\"global-icon-set__image\">\n                                    <img decoding=\"async\" src=\"https:\/\/homeofwool.com\/wp-content\/uploads\/2025\/09\/free-of-synthetics-icon-300x300.png\" alt=\"fri fr\u00e5n syntetiska \u00e4mnen ikon\" \/>\n                                <\/div>\n<div class=\"global-icon-set__title\">Fri fr\u00e5n syntetmaterial<\/div>\n<\/p><\/div>\n<div class=\"global-icon-set__item\">\n<div class=\"global-icon-set__image\">\n                                    <img decoding=\"async\" src=\"https:\/\/homeofwool.com\/wp-content\/uploads\/2025\/09\/chemical-free-icon-300x300.png\" alt=\"kemikaliefri ikon\" \/>\n                                <\/div>\n<div class=\"global-icon-set__title\">Fri fr\u00e5n kemikalier<\/div>\n<\/p><\/div>\n<div class=\"global-icon-set__item\">\n<div class=\"global-icon-set__image\">\n                                    <img decoding=\"async\" src=\"https:\/\/homeofwool.com\/wp-content\/uploads\/2025\/09\/anti-bacterial-icon-300x300.png\" alt=\"antibakteriell ikon\" \/>\n                                <\/div>\n<div class=\"global-icon-set__title\">Anti-mikrobiell och anti-bakteriell<\/div>\n<\/p><\/div>\n<div class=\"global-icon-set__item\">\n<div class=\"global-icon-set__image\">\n                                    <img decoding=\"async\" src=\"https:\/\/homeofwool.com\/wp-content\/uploads\/2025\/09\/certified-materials-icon-300x300.png\" alt=\"ikon f\u00f6r certifierade material\" \/>\n                                <\/div>\n<div class=\"global-icon-set__title\">100% Rent certifierat material<\/div>\n<\/p><\/div>\n<\/p><\/div>\n<\/p><\/div>","protected":false},"featured_media":219683,"template":"","meta":{"_acf_changed":false},"product_brand":[],"product_cat":[254],"product_tag":[673,667,668,669,670,671,447,672,149,452],"class_list":{"0":"post-217667","1":"product","2":"type-product","3":"status-publish","4":"has-post-thumbnail","6":"product_cat-pillows-pillowcases","7":"product_tag-half-round-pillow","8":"product_tag-knee-pillow-for-back-pain","9":"product_tag-knee-pillows-for-sleeping","10":"product_tag-knee-support-cushion","11":"product_tag-leg-pain-relief","12":"product_tag-leg-support-pillow","13":"product_tag-organic-pillow","14":"product_tag-side-sleeper-cushion","15":"product_tag-steps","16":"product_tag-wool-pillow","18":"first","19":"instock","20":"shipping-taxable","21":"purchasable","22":"product-type-simple"},"acf":[],"yoast_head":"<!-- This site is optimized with the Yoast SEO Premium plugin v27.5 (Yoast SEO v27.5) - https:\/\/yoast.com\/product\/yoast-seo-premium-wordpress\/ -->\n<title>Half Moon Bolster Knee Pillow \u2013 For Lower Back Pain Relief | Home of Wool<\/title>\n<meta name=\"description\" content=\"Ergonomic and breathable, the Half Moon Bolster Knee Pillow supports with organic wool filling. Hypoallergenic and toxin-free, it relieves back pressure and provides sustainable comfort.\" \/>\n<meta name=\"robots\" content=\"index, follow, max-snippet:-1, max-image-preview:large, max-video-preview:-1\" \/>\n<link rel=\"canonical\" href=\"https:\/\/homeofwool.com\/sv\/butik\/halvmaneformad-nackkudde\/\" \/>\n<meta property=\"og:locale\" content=\"sv_SE\" \/>\n<meta property=\"og:type\" content=\"article\" \/>\n<meta property=\"og:title\" content=\"Half Moon Bolster Knee Pillow\" \/>\n<meta property=\"og:description\" content=\"Ergonomic and breathable, the Half Moon Bolster Knee Pillow supports with organic wool filling. Hypoallergenic and toxin-free, it relieves back pressure and provides sustainable comfort.\" \/>\n<meta property=\"og:url\" content=\"https:\/\/homeofwool.com\/sv\/butik\/halvmaneformad-nackkudde\/\" \/>\n<meta property=\"og:site_name\" content=\"Home of Wool\" \/>\n<meta property=\"article:publisher\" content=\"https:\/\/facebook.com\/HomeOfWoolOfficial\" \/>\n<meta property=\"article:modified_time\" content=\"2026-04-14T13:22:53+00:00\" \/>\n<meta property=\"og:image\" content=\"https:\/\/homeofwool.com\/wp-content\/uploads\/2025\/09\/home-of-wool-half-moon-bolster-knee-pillow-1-main.jpg\" \/>\n\t<meta property=\"og:image:width\" content=\"2000\" \/>\n\t<meta property=\"og:image:height\" content=\"1600\" \/>\n\t<meta property=\"og:image:type\" content=\"image\/jpeg\" \/>\n<meta name=\"twitter:card\" content=\"summary_large_image\" \/>\n<meta name=\"twitter:label1\" content=\"Ber\u00e4knad l\u00e4stid\" \/>\n\t<meta name=\"twitter:data1\" content=\"1 minut\" \/>\n<script type=\"application\/ld+json\" class=\"yoast-schema-graph\">{\"@context\":\"https:\\\/\\\/schema.org\",\"@graph\":[{\"@type\":\"WebPage\",\"@id\":\"https:\\\/\\\/homeofwool.com\\\/shop\\\/half-moon-bolster-pillow\\\/\",\"url\":\"https:\\\/\\\/homeofwool.com\\\/shop\\\/half-moon-bolster-pillow\\\/\",\"name\":\"Half Moon Bolster Knee Pillow \u2013 For Lower Back Pain Relief | Home of Wool\",\"isPartOf\":{\"@id\":\"https:\\\/\\\/homeofwool.com\\\/#website\"},\"primaryImageOfPage\":{\"@id\":\"https:\\\/\\\/homeofwool.com\\\/shop\\\/half-moon-bolster-pillow\\\/#primaryimage\"},\"image\":{\"@id\":\"https:\\\/\\\/homeofwool.com\\\/shop\\\/half-moon-bolster-pillow\\\/#primaryimage\"},\"thumbnailUrl\":\"https:\\\/\\\/homeofwool.com\\\/wp-content\\\/uploads\\\/2025\\\/09\\\/home-of-wool-half-moon-bolster-knee-pillow-1-main.jpg\",\"datePublished\":\"2025-09-02T12:02:05+00:00\",\"dateModified\":\"2026-04-14T13:22:53+00:00\",\"description\":\"Ergonomic and breathable, the Half Moon Bolster Knee Pillow supports with organic wool filling. Hypoallergenic and toxin-free, it relieves back pressure and provides sustainable comfort.\",\"breadcrumb\":{\"@id\":\"https:\\\/\\\/homeofwool.com\\\/shop\\\/half-moon-bolster-pillow\\\/#breadcrumb\"},\"inLanguage\":\"sv-SE\",\"potentialAction\":[{\"@type\":\"ReadAction\",\"target\":[\"https:\\\/\\\/homeofwool.com\\\/shop\\\/half-moon-bolster-pillow\\\/\"]}]},{\"@type\":\"ImageObject\",\"inLanguage\":\"sv-SE\",\"@id\":\"https:\\\/\\\/homeofwool.com\\\/shop\\\/half-moon-bolster-pillow\\\/#primaryimage\",\"url\":\"https:\\\/\\\/homeofwool.com\\\/wp-content\\\/uploads\\\/2025\\\/09\\\/home-of-wool-half-moon-bolster-knee-pillow-1-main.jpg\",\"contentUrl\":\"https:\\\/\\\/homeofwool.com\\\/wp-content\\\/uploads\\\/2025\\\/09\\\/home-of-wool-half-moon-bolster-knee-pillow-1-main.jpg\",\"width\":2000,\"height\":1600,\"caption\":\"Half Moon Bolster Knee Pillow\"},{\"@type\":\"BreadcrumbList\",\"@id\":\"https:\\\/\\\/homeofwool.com\\\/shop\\\/half-moon-bolster-pillow\\\/#breadcrumb\",\"itemListElement\":[{\"@type\":\"ListItem\",\"position\":1,\"name\":\"Home\",\"item\":\"https:\\\/\\\/homeofwool.com\\\/\"},{\"@type\":\"ListItem\",\"position\":2,\"name\":\"Products\",\"item\":\"https:\\\/\\\/homeofwool.com\\\/header-search-2\\\/\"},{\"@type\":\"ListItem\",\"position\":3,\"name\":\"Half Moon Bolster Knee Pillow\"}]},{\"@type\":\"WebSite\",\"@id\":\"https:\\\/\\\/homeofwool.com\\\/#website\",\"url\":\"https:\\\/\\\/homeofwool.com\\\/\",\"name\":\"Home of Wool\",\"description\":\"\",\"publisher\":{\"@id\":\"https:\\\/\\\/homeofwool.com\\\/#organization\"},\"potentialAction\":[{\"@type\":\"SearchAction\",\"target\":{\"@type\":\"EntryPoint\",\"urlTemplate\":\"https:\\\/\\\/homeofwool.com\\\/?s={search_term_string}\"},\"query-input\":{\"@type\":\"PropertyValueSpecification\",\"valueRequired\":true,\"valueName\":\"search_term_string\"}}],\"inLanguage\":\"sv-SE\"},{\"@type\":\"Organization\",\"@id\":\"https:\\\/\\\/homeofwool.com\\\/#organization\",\"name\":\"Home of Wool\",\"url\":\"https:\\\/\\\/homeofwool.com\\\/\",\"logo\":{\"@type\":\"ImageObject\",\"inLanguage\":\"sv-SE\",\"@id\":\"https:\\\/\\\/homeofwool.com\\\/#\\\/schema\\\/logo\\\/image\\\/\",\"url\":\"https:\\\/\\\/homeofwool.com\\\/wp-content\\\/uploads\\\/2025\\\/09\\\/WhatsApp-Image-2025-12-02-at-16.23.20.jpeg\",\"contentUrl\":\"https:\\\/\\\/homeofwool.com\\\/wp-content\\\/uploads\\\/2025\\\/09\\\/WhatsApp-Image-2025-12-02-at-16.23.20.jpeg\",\"width\":700,\"height\":247,\"caption\":\"Home of Wool\"},\"image\":{\"@id\":\"https:\\\/\\\/homeofwool.com\\\/#\\\/schema\\\/logo\\\/image\\\/\"},\"sameAs\":[\"https:\\\/\\\/facebook.com\\\/HomeOfWoolOfficial\"]}]}<\/script>\n<!-- \/ Yoast SEO Premium plugin. -->","yoast_head_json":{"title":"Halvm\u00e5neformad kn\u00e4kudde \u2013 f\u00f6r lindring av ryggsm\u00e4rtor | Home of Wool","description":"Halvm\u00e5neformad kn\u00e4kudde som \u00e4r ergonomisk och andas, med fyllning av ekologisk ull. Allergiv\u00e4nlig och giftfri, lindrar trycket p\u00e5 ryggen och ger h\u00e5llbar komfort.","robots":{"index":"index","follow":"follow","max-snippet":"max-snippet:-1","max-image-preview":"max-image-preview:large","max-video-preview":"max-video-preview:-1"},"canonical":"https:\/\/homeofwool.com\/sv\/butik\/halvmaneformad-nackkudde\/","og_locale":"sv_SE","og_type":"article","og_title":"Half Moon Bolster Knee Pillow","og_description":"Ergonomic and breathable, the Half Moon Bolster Knee Pillow supports with organic wool filling. Hypoallergenic and toxin-free, it relieves back pressure and provides sustainable comfort.","og_url":"https:\/\/homeofwool.com\/sv\/butik\/halvmaneformad-nackkudde\/","og_site_name":"Home of Wool","article_publisher":"https:\/\/facebook.com\/HomeOfWoolOfficial","article_modified_time":"2026-04-14T13:22:53+00:00","og_image":[{"width":2000,"height":1600,"url":"https:\/\/homeofwool.com\/wp-content\/uploads\/2025\/09\/home-of-wool-half-moon-bolster-knee-pillow-1-main.jpg","type":"image\/jpeg"}],"twitter_card":"summary_large_image","twitter_misc":{"Ber\u00e4knad l\u00e4stid":"1 minut"},"schema":{"@context":"https:\/\/schema.org","@graph":[{"@type":"WebPage","@id":"https:\/\/homeofwool.com\/shop\/half-moon-bolster-pillow\/","url":"https:\/\/homeofwool.com\/shop\/half-moon-bolster-pillow\/","name":"Halvm\u00e5neformad kn\u00e4kudde \u2013 f\u00f6r lindring av ryggsm\u00e4rtor | Home of Wool","isPartOf":{"@id":"https:\/\/homeofwool.com\/#website"},"primaryImageOfPage":{"@id":"https:\/\/homeofwool.com\/shop\/half-moon-bolster-pillow\/#primaryimage"},"image":{"@id":"https:\/\/homeofwool.com\/shop\/half-moon-bolster-pillow\/#primaryimage"},"thumbnailUrl":"https:\/\/homeofwool.com\/wp-content\/uploads\/2025\/09\/home-of-wool-half-moon-bolster-knee-pillow-1-main.jpg","datePublished":"2025-09-02T12:02:05+00:00","dateModified":"2026-04-14T13:22:53+00:00","description":"Halvm\u00e5neformad kn\u00e4kudde som \u00e4r ergonomisk och andas, med fyllning av ekologisk ull. Allergiv\u00e4nlig och giftfri, lindrar trycket p\u00e5 ryggen och ger h\u00e5llbar komfort.","breadcrumb":{"@id":"https:\/\/homeofwool.com\/shop\/half-moon-bolster-pillow\/#breadcrumb"},"inLanguage":"sv-SE","potentialAction":[{"@type":"ReadAction","target":["https:\/\/homeofwool.com\/shop\/half-moon-bolster-pillow\/"]}]},{"@type":"ImageObject","inLanguage":"sv-SE","@id":"https:\/\/homeofwool.com\/shop\/half-moon-bolster-pillow\/#primaryimage","url":"https:\/\/homeofwool.com\/wp-content\/uploads\/2025\/09\/home-of-wool-half-moon-bolster-knee-pillow-1-main.jpg","contentUrl":"https:\/\/homeofwool.com\/wp-content\/uploads\/2025\/09\/home-of-wool-half-moon-bolster-knee-pillow-1-main.jpg","width":2000,"height":1600,"caption":"Half Moon Bolster Knee Pillow"},{"@type":"BreadcrumbList","@id":"https:\/\/homeofwool.com\/shop\/half-moon-bolster-pillow\/#breadcrumb","itemListElement":[{"@type":"ListItem","position":1,"name":"Home","item":"https:\/\/homeofwool.com\/"},{"@type":"ListItem","position":2,"name":"Products","item":"https:\/\/homeofwool.com\/header-search-2\/"},{"@type":"ListItem","position":3,"name":"Half Moon Bolster Knee Pillow"}]},{"@type":"WebSite","@id":"https:\/\/homeofwool.com\/#website","url":"https:\/\/homeofwool.com\/","name":"Hem f\u00f6r ull","description":"","publisher":{"@id":"https:\/\/homeofwool.com\/#organization"},"potentialAction":[{"@type":"SearchAction","target":{"@type":"EntryPoint","urlTemplate":"https:\/\/homeofwool.com\/?s={search_term_string}"},"query-input":{"@type":"PropertyValueSpecification","valueRequired":true,"valueName":"search_term_string"}}],"inLanguage":"sv-SE"},{"@type":"Organization","@id":"https:\/\/homeofwool.com\/#organization","name":"Hem f\u00f6r ull","url":"https:\/\/homeofwool.com\/","logo":{"@type":"ImageObject","inLanguage":"sv-SE","@id":"https:\/\/homeofwool.com\/#\/schema\/logo\/image\/","url":"https:\/\/homeofwool.com\/wp-content\/uploads\/2025\/09\/WhatsApp-Image-2025-12-02-at-16.23.20.jpeg","contentUrl":"https:\/\/homeofwool.com\/wp-content\/uploads\/2025\/09\/WhatsApp-Image-2025-12-02-at-16.23.20.jpeg","width":700,"height":247,"caption":"Home of Wool"},"image":{"@id":"https:\/\/homeofwool.com\/#\/schema\/logo\/image\/"},"sameAs":["https:\/\/facebook.com\/HomeOfWoolOfficial"]}]}},"_links":{"self":[{"href":"https:\/\/homeofwool.com\/sv\/wp-json\/wp\/v2\/product\/217667","targetHints":{"allow":["GET"]}}],"collection":[{"href":"https:\/\/homeofwool.com\/sv\/wp-json\/wp\/v2\/product"}],"about":[{"href":"https:\/\/homeofwool.com\/sv\/wp-json\/wp\/v2\/types\/product"}],"version-history":[{"count":2,"href":"https:\/\/homeofwool.com\/sv\/wp-json\/wp\/v2\/product\/217667\/revisions"}],"predecessor-version":[{"id":226324,"href":"https:\/\/homeofwool.com\/sv\/wp-json\/wp\/v2\/product\/217667\/revisions\/226324"}],"wp:featuredmedia":[{"embeddable":true,"href":"https:\/\/homeofwool.com\/sv\/wp-json\/wp\/v2\/media\/219683"}],"wp:attachment":[{"href":"https:\/\/homeofwool.com\/sv\/wp-json\/wp\/v2\/media?parent=217667"}],"wp:term":[{"taxonomy":"product_brand","embeddable":true,"href":"https:\/\/homeofwool.com\/sv\/wp-json\/wp\/v2\/product_brand?post=217667"},{"taxonomy":"product_cat","embeddable":true,"href":"https:\/\/homeofwool.com\/sv\/wp-json\/wp\/v2\/product_cat?post=217667"},{"taxonomy":"product_tag","embeddable":true,"href":"https:\/\/homeofwool.com\/sv\/wp-json\/wp\/v2\/product_tag?post=217667"}],"curies":[{"name":"wp","href":"https:\/\/api.w.org\/{rel}","templated":true}]}}