{"id":217656,"date":"2025-09-02T12:02:05","date_gmt":"2025-09-02T12:02:05","guid":{"rendered":"https:\/\/homeofwool.com\/?post_type=product&#038;p=217656"},"modified":"2026-02-11T09:55:52","modified_gmt":"2026-02-11T09:55:52","slug":"diy-madrasskit","status":"publish","type":"product","link":"https:\/\/homeofwool.com\/sv\/shop\/diy-mattress-kit\/","title":{"rendered":"G\u00f6r-det-sj\u00e4lv madrass i ull"},"content":{"rendered":"<p>Med v\u00e5rt DIY-kit f\u00f6r ullmadrasser kan du tillverka en madrass som passar dina komfortpreferenser och h\u00e5llbarhetsv\u00e4rderingar. Kitet inneh\u00e5ller ett premiummadrass\u00f6verdrag med handtag, stark naturlig lintr\u00e5d, h\u00e5llbara metallblixtl\u00e5s, ullb\u00e5gar f\u00f6r extra h\u00e5llbarhet och en l\u00e5ng tuftningsn\u00e5l. Fyllningen ing\u00e5r inte, utan du v\u00e4ljer sj\u00e4lv exakt vad du vill ha inuti. M\u00e5nga \u00e4lskar v\u00e5r ekologiska ull f\u00f6r det st\u00f6d den ger, samt f\u00f6r dess andningsbara och allergiv\u00e4nliga egenskaper. Du kan ocks\u00e5 anv\u00e4nda bomull eller naturlatex. Du kan till och med skapa en fiberblandning, beroende p\u00e5 vilken k\u00e4nsla du f\u00f6redrar.<\/p>\n<p>Att tillverka din egen madrass ger dig full kontroll \u00f6ver varje detalj, fr\u00e5n storlek och tyg till placering av dragkedjor och kantdesign. Detta praktiska tillv\u00e4gag\u00e5ngss\u00e4tt resulterar i en h\u00e4lsosammare, giftfri sovyta. Perfekt f\u00f6r personer med allergier eller \u00f6verk\u00e4nslighet. Perfekt f\u00f6r alla som s\u00f6ker ett naturligt och h\u00e5llbart alternativ. Tyg- och ullprover finns tillg\u00e4ngliga i v\u00e5r butik s\u00e5 att du kan k\u00e4nna p\u00e5 kvaliteten innan du b\u00f6rjar.<\/p>","protected":false},"excerpt":{"rendered":"<p>Skapa din egen bekv\u00e4ma och h\u00e4lsosamma sovplats med v\u00e5rt DIY-kit f\u00f6r ullmadrass. Vi har designat detta kit f\u00f6r hantverks\u00e4lskare och DIY-entusiaster som uppskattar kvalitet och naturmaterial. Det inneh\u00e5ller allt du beh\u00f6ver f\u00f6r att montera en anpassad madrass med fyllning efter eget val. Det \u00e4r en h\u00e4rlig k\u00e4nsla att krypa ner i en s\u00e4ng som du har byggt med egna h\u00e4nder, och det finns f\u00e5 saker som sl\u00e5r den k\u00e4nslan av komfort och stolthet.<\/p>\n<p><strong>Fyllning s\u00e4ljs separat<\/strong>: <a href=\"https:\/\/homeofwool.com\/sv\/butik\/organisk-ullfyllning\/\">Ekologisk ull<\/a>.<\/p>\n<div class=\"global-icon-set\">\n<div class=\"global-icon-set__items\">\n<div class=\"global-icon-set__item\">\n<div class=\"global-icon-set__image\">\n                                    <img decoding=\"async\" src=\"https:\/\/homeofwool.com\/wp-content\/uploads\/2025\/09\/handmade-icon-300x300.png\" alt=\"handgjord ikon\" \/>\n                                <\/div>\n<div class=\"global-icon-set__title\">Handgjord<\/div>\n<\/p><\/div>\n<div class=\"global-icon-set__item\">\n<div class=\"global-icon-set__image\">\n                                    <img decoding=\"async\" src=\"https:\/\/homeofwool.com\/wp-content\/uploads\/2025\/09\/VOCs-min-300x300.png\" alt=\"Vocs gratis\" \/>\n                                <\/div>\n<div class=\"global-icon-set__title\">Fri fr\u00e5n VOC<\/div>\n<\/p><\/div>\n<div class=\"global-icon-set__item\">\n<div class=\"global-icon-set__image\">\n                                    <img decoding=\"async\" src=\"https:\/\/homeofwool.com\/wp-content\/uploads\/2025\/09\/FR-min-300x300.png\" alt=\"Brandbest\u00e4ndig ikon\" \/>\n                                <\/div>\n<div class=\"global-icon-set__title\">Flamskyddad<\/div>\n<\/p><\/div>\n<div class=\"global-icon-set__item\">\n<div class=\"global-icon-set__image\">\n                                    <img decoding=\"async\" src=\"https:\/\/homeofwool.com\/wp-content\/uploads\/2025\/09\/Hypoallergenic-min-300x300.png\" alt=\"hypoallergen ikon\" \/>\n                                <\/div>\n<div class=\"global-icon-set__title\">Allergiv\u00e4nlig<\/div>\n<\/p><\/div>\n<div class=\"global-icon-set__item\">\n<div class=\"global-icon-set__image\">\n                                    <img decoding=\"async\" src=\"https:\/\/homeofwool.com\/wp-content\/uploads\/2025\/09\/free-of-synthetics-icon-300x300.png\" alt=\"fri fr\u00e5n syntetiska \u00e4mnen ikon\" \/>\n                                <\/div>\n<div class=\"global-icon-set__title\">Fri fr\u00e5n syntetmaterial<\/div>\n<\/p><\/div>\n<div class=\"global-icon-set__item\">\n<div class=\"global-icon-set__image\">\n                                    <img decoding=\"async\" src=\"https:\/\/homeofwool.com\/wp-content\/uploads\/2025\/09\/chemical-free-icon-300x300.png\" alt=\"kemikaliefri ikon\" \/>\n                                <\/div>\n<div class=\"global-icon-set__title\">Fri fr\u00e5n kemikalier<\/div>\n<\/p><\/div>\n<div class=\"global-icon-set__item\">\n<div class=\"global-icon-set__image\">\n                                    <img decoding=\"async\" src=\"https:\/\/homeofwool.com\/wp-content\/uploads\/2025\/09\/certified-materials-icon-300x300.png\" alt=\"ikon f\u00f6r certifierade material\" \/>\n                                <\/div>\n<div class=\"global-icon-set__title\">100% Rent certifierat material<\/div>\n<\/p><\/div>\n<\/p><\/div>\n<\/p><\/div>","protected":false},"featured_media":225305,"template":"","meta":{"_acf_changed":false},"product_brand":[],"product_cat":[252],"product_tag":[636,637,638,639,640,641,149,642],"class_list":{"0":"post-217656","1":"product","2":"type-product","3":"status-publish","4":"has-post-thumbnail","6":"product_cat-mattresses","7":"product_tag-arts-and-crafts","8":"product_tag-bio-ethical-ticking","9":"product_tag-diy","10":"product_tag-diy-natural-bedding","11":"product_tag-do-it-yourself-case","12":"product_tag-mattress-kit","13":"product_tag-steps","14":"product_tag-wool-felting","16":"first","17":"instock","18":"shipping-taxable","19":"purchasable","20":"product-type-simple"},"acf":[],"yoast_head":"<!-- This site is optimized with the Yoast SEO Premium plugin v27.3 (Yoast SEO v27.3) - https:\/\/yoast.com\/product\/yoast-seo-premium-wordpress\/ -->\n<title>DIY Mattress \u2013 Create Your Perfect Mattress with Premium Wool<\/title>\n<meta name=\"description\" content=\"Customizable, breathable, and hypoallergenic, the DIY Wool Mattress kit lets you craft a natural, non-toxic sleep surface with everything needed for a personalized mattress.\" \/>\n<meta name=\"robots\" content=\"index, follow, max-snippet:-1, max-image-preview:large, max-video-preview:-1\" \/>\n<link rel=\"canonical\" href=\"https:\/\/homeofwool.com\/sv\/butik\/diy-madrasskit\/\" \/>\n<meta property=\"og:locale\" content=\"sv_SE\" \/>\n<meta property=\"og:type\" content=\"article\" \/>\n<meta property=\"og:title\" content=\"DIY Wool Mattress\" \/>\n<meta property=\"og:description\" content=\"Customizable, breathable, and hypoallergenic, the DIY Wool Mattress kit lets you craft a natural, non-toxic sleep surface with everything needed for a personalized mattress.\" \/>\n<meta property=\"og:url\" content=\"https:\/\/homeofwool.com\/sv\/butik\/diy-madrasskit\/\" \/>\n<meta property=\"og:site_name\" content=\"Home of Wool\" \/>\n<meta property=\"article:publisher\" content=\"https:\/\/facebook.com\/HomeOfWoolOfficial\" \/>\n<meta property=\"article:modified_time\" content=\"2026-02-11T09:55:52+00:00\" \/>\n<meta property=\"og:image\" content=\"https:\/\/homeofwool.com\/wp-content\/uploads\/2025\/09\/home-of-wool-diy-mattress-kit-1-main-1.jpg\" \/>\n\t<meta property=\"og:image:width\" content=\"2000\" \/>\n\t<meta property=\"og:image:height\" content=\"1600\" \/>\n\t<meta property=\"og:image:type\" content=\"image\/jpeg\" \/>\n<meta name=\"twitter:card\" content=\"summary_large_image\" \/>\n<meta name=\"twitter:label1\" content=\"Ber\u00e4knad l\u00e4stid\" \/>\n\t<meta name=\"twitter:data1\" content=\"1 minut\" \/>\n<script type=\"application\/ld+json\" class=\"yoast-schema-graph\">{\"@context\":\"https:\\\/\\\/schema.org\",\"@graph\":[{\"@type\":\"WebPage\",\"@id\":\"https:\\\/\\\/homeofwool.com\\\/shop\\\/diy-mattress-kit\\\/\",\"url\":\"https:\\\/\\\/homeofwool.com\\\/shop\\\/diy-mattress-kit\\\/\",\"name\":\"DIY Mattress \u2013 Create Your Perfect Mattress with Premium Wool\",\"isPartOf\":{\"@id\":\"https:\\\/\\\/homeofwool.com\\\/#website\"},\"primaryImageOfPage\":{\"@id\":\"https:\\\/\\\/homeofwool.com\\\/shop\\\/diy-mattress-kit\\\/#primaryimage\"},\"image\":{\"@id\":\"https:\\\/\\\/homeofwool.com\\\/shop\\\/diy-mattress-kit\\\/#primaryimage\"},\"thumbnailUrl\":\"https:\\\/\\\/homeofwool.com\\\/wp-content\\\/uploads\\\/2025\\\/09\\\/home-of-wool-diy-mattress-kit-1-main-1.jpg\",\"datePublished\":\"2025-09-02T12:02:05+00:00\",\"dateModified\":\"2026-02-11T09:55:52+00:00\",\"description\":\"Customizable, breathable, and hypoallergenic, the DIY Wool Mattress kit lets you craft a natural, non-toxic sleep surface with everything needed for a personalized mattress.\",\"breadcrumb\":{\"@id\":\"https:\\\/\\\/homeofwool.com\\\/shop\\\/diy-mattress-kit\\\/#breadcrumb\"},\"inLanguage\":\"sv-SE\",\"potentialAction\":[{\"@type\":\"ReadAction\",\"target\":[\"https:\\\/\\\/homeofwool.com\\\/shop\\\/diy-mattress-kit\\\/\"]}]},{\"@type\":\"ImageObject\",\"inLanguage\":\"sv-SE\",\"@id\":\"https:\\\/\\\/homeofwool.com\\\/shop\\\/diy-mattress-kit\\\/#primaryimage\",\"url\":\"https:\\\/\\\/homeofwool.com\\\/wp-content\\\/uploads\\\/2025\\\/09\\\/home-of-wool-diy-mattress-kit-1-main-1.jpg\",\"contentUrl\":\"https:\\\/\\\/homeofwool.com\\\/wp-content\\\/uploads\\\/2025\\\/09\\\/home-of-wool-diy-mattress-kit-1-main-1.jpg\",\"width\":2000,\"height\":1600,\"caption\":\"DIY mattress kit pieces\"},{\"@type\":\"BreadcrumbList\",\"@id\":\"https:\\\/\\\/homeofwool.com\\\/shop\\\/diy-mattress-kit\\\/#breadcrumb\",\"itemListElement\":[{\"@type\":\"ListItem\",\"position\":1,\"name\":\"Home\",\"item\":\"https:\\\/\\\/homeofwool.com\\\/\"},{\"@type\":\"ListItem\",\"position\":2,\"name\":\"Products\",\"item\":\"https:\\\/\\\/homeofwool.com\\\/header-search-2\\\/\"},{\"@type\":\"ListItem\",\"position\":3,\"name\":\"DIY Wool Mattress\"}]},{\"@type\":\"WebSite\",\"@id\":\"https:\\\/\\\/homeofwool.com\\\/#website\",\"url\":\"https:\\\/\\\/homeofwool.com\\\/\",\"name\":\"Home of Wool\",\"description\":\"\",\"publisher\":{\"@id\":\"https:\\\/\\\/homeofwool.com\\\/#organization\"},\"potentialAction\":[{\"@type\":\"SearchAction\",\"target\":{\"@type\":\"EntryPoint\",\"urlTemplate\":\"https:\\\/\\\/homeofwool.com\\\/?s={search_term_string}\"},\"query-input\":{\"@type\":\"PropertyValueSpecification\",\"valueRequired\":true,\"valueName\":\"search_term_string\"}}],\"inLanguage\":\"sv-SE\"},{\"@type\":\"Organization\",\"@id\":\"https:\\\/\\\/homeofwool.com\\\/#organization\",\"name\":\"Home of Wool\",\"url\":\"https:\\\/\\\/homeofwool.com\\\/\",\"logo\":{\"@type\":\"ImageObject\",\"inLanguage\":\"sv-SE\",\"@id\":\"https:\\\/\\\/homeofwool.com\\\/#\\\/schema\\\/logo\\\/image\\\/\",\"url\":\"https:\\\/\\\/homeofwool.com\\\/wp-content\\\/uploads\\\/2025\\\/09\\\/WhatsApp-Image-2025-12-02-at-16.23.20.jpeg\",\"contentUrl\":\"https:\\\/\\\/homeofwool.com\\\/wp-content\\\/uploads\\\/2025\\\/09\\\/WhatsApp-Image-2025-12-02-at-16.23.20.jpeg\",\"width\":700,\"height\":247,\"caption\":\"Home of Wool\"},\"image\":{\"@id\":\"https:\\\/\\\/homeofwool.com\\\/#\\\/schema\\\/logo\\\/image\\\/\"},\"sameAs\":[\"https:\\\/\\\/facebook.com\\\/HomeOfWoolOfficial\"]}]}<\/script>\n<!-- \/ Yoast SEO Premium plugin. -->","yoast_head_json":{"title":"DIY-madrass \u2013 Skapa din perfekta madrass med premiumull","description":"DIY Wool Mattress-kitet \u00e4r anpassningsbart, andningsbart och allergiv\u00e4nligt och l\u00e5ter dig skapa en naturlig, giftfri sovyta med allt som beh\u00f6vs f\u00f6r en personlig madrass.","robots":{"index":"index","follow":"follow","max-snippet":"max-snippet:-1","max-image-preview":"max-image-preview:large","max-video-preview":"max-video-preview:-1"},"canonical":"https:\/\/homeofwool.com\/sv\/butik\/diy-madrasskit\/","og_locale":"sv_SE","og_type":"article","og_title":"DIY Wool Mattress","og_description":"Customizable, breathable, and hypoallergenic, the DIY Wool Mattress kit lets you craft a natural, non-toxic sleep surface with everything needed for a personalized mattress.","og_url":"https:\/\/homeofwool.com\/sv\/butik\/diy-madrasskit\/","og_site_name":"Home of Wool","article_publisher":"https:\/\/facebook.com\/HomeOfWoolOfficial","article_modified_time":"2026-02-11T09:55:52+00:00","og_image":[{"width":2000,"height":1600,"url":"https:\/\/homeofwool.com\/wp-content\/uploads\/2025\/09\/home-of-wool-diy-mattress-kit-1-main-1.jpg","type":"image\/jpeg"}],"twitter_card":"summary_large_image","twitter_misc":{"Ber\u00e4knad l\u00e4stid":"1 minut"},"schema":{"@context":"https:\/\/schema.org","@graph":[{"@type":"WebPage","@id":"https:\/\/homeofwool.com\/shop\/diy-mattress-kit\/","url":"https:\/\/homeofwool.com\/shop\/diy-mattress-kit\/","name":"DIY-madrass \u2013 Skapa din perfekta madrass med premiumull","isPartOf":{"@id":"https:\/\/homeofwool.com\/#website"},"primaryImageOfPage":{"@id":"https:\/\/homeofwool.com\/shop\/diy-mattress-kit\/#primaryimage"},"image":{"@id":"https:\/\/homeofwool.com\/shop\/diy-mattress-kit\/#primaryimage"},"thumbnailUrl":"https:\/\/homeofwool.com\/wp-content\/uploads\/2025\/09\/home-of-wool-diy-mattress-kit-1-main-1.jpg","datePublished":"2025-09-02T12:02:05+00:00","dateModified":"2026-02-11T09:55:52+00:00","description":"DIY Wool Mattress-kitet \u00e4r anpassningsbart, andningsbart och allergiv\u00e4nligt och l\u00e5ter dig skapa en naturlig, giftfri sovyta med allt som beh\u00f6vs f\u00f6r en personlig madrass.","breadcrumb":{"@id":"https:\/\/homeofwool.com\/shop\/diy-mattress-kit\/#breadcrumb"},"inLanguage":"sv-SE","potentialAction":[{"@type":"ReadAction","target":["https:\/\/homeofwool.com\/shop\/diy-mattress-kit\/"]}]},{"@type":"ImageObject","inLanguage":"sv-SE","@id":"https:\/\/homeofwool.com\/shop\/diy-mattress-kit\/#primaryimage","url":"https:\/\/homeofwool.com\/wp-content\/uploads\/2025\/09\/home-of-wool-diy-mattress-kit-1-main-1.jpg","contentUrl":"https:\/\/homeofwool.com\/wp-content\/uploads\/2025\/09\/home-of-wool-diy-mattress-kit-1-main-1.jpg","width":2000,"height":1600,"caption":"DIY mattress kit pieces"},{"@type":"BreadcrumbList","@id":"https:\/\/homeofwool.com\/shop\/diy-mattress-kit\/#breadcrumb","itemListElement":[{"@type":"ListItem","position":1,"name":"Home","item":"https:\/\/homeofwool.com\/"},{"@type":"ListItem","position":2,"name":"Products","item":"https:\/\/homeofwool.com\/header-search-2\/"},{"@type":"ListItem","position":3,"name":"DIY Wool Mattress"}]},{"@type":"WebSite","@id":"https:\/\/homeofwool.com\/#website","url":"https:\/\/homeofwool.com\/","name":"Hem f\u00f6r ull","description":"","publisher":{"@id":"https:\/\/homeofwool.com\/#organization"},"potentialAction":[{"@type":"SearchAction","target":{"@type":"EntryPoint","urlTemplate":"https:\/\/homeofwool.com\/?s={search_term_string}"},"query-input":{"@type":"PropertyValueSpecification","valueRequired":true,"valueName":"search_term_string"}}],"inLanguage":"sv-SE"},{"@type":"Organization","@id":"https:\/\/homeofwool.com\/#organization","name":"Hem f\u00f6r ull","url":"https:\/\/homeofwool.com\/","logo":{"@type":"ImageObject","inLanguage":"sv-SE","@id":"https:\/\/homeofwool.com\/#\/schema\/logo\/image\/","url":"https:\/\/homeofwool.com\/wp-content\/uploads\/2025\/09\/WhatsApp-Image-2025-12-02-at-16.23.20.jpeg","contentUrl":"https:\/\/homeofwool.com\/wp-content\/uploads\/2025\/09\/WhatsApp-Image-2025-12-02-at-16.23.20.jpeg","width":700,"height":247,"caption":"Home of Wool"},"image":{"@id":"https:\/\/homeofwool.com\/#\/schema\/logo\/image\/"},"sameAs":["https:\/\/facebook.com\/HomeOfWoolOfficial"]}]}},"_links":{"self":[{"href":"https:\/\/homeofwool.com\/sv\/wp-json\/wp\/v2\/product\/217656","targetHints":{"allow":["GET"]}}],"collection":[{"href":"https:\/\/homeofwool.com\/sv\/wp-json\/wp\/v2\/product"}],"about":[{"href":"https:\/\/homeofwool.com\/sv\/wp-json\/wp\/v2\/types\/product"}],"version-history":[{"count":1,"href":"https:\/\/homeofwool.com\/sv\/wp-json\/wp\/v2\/product\/217656\/revisions"}],"predecessor-version":[{"id":226695,"href":"https:\/\/homeofwool.com\/sv\/wp-json\/wp\/v2\/product\/217656\/revisions\/226695"}],"wp:featuredmedia":[{"embeddable":true,"href":"https:\/\/homeofwool.com\/sv\/wp-json\/wp\/v2\/media\/225305"}],"wp:attachment":[{"href":"https:\/\/homeofwool.com\/sv\/wp-json\/wp\/v2\/media?parent=217656"}],"wp:term":[{"taxonomy":"product_brand","embeddable":true,"href":"https:\/\/homeofwool.com\/sv\/wp-json\/wp\/v2\/product_brand?post=217656"},{"taxonomy":"product_cat","embeddable":true,"href":"https:\/\/homeofwool.com\/sv\/wp-json\/wp\/v2\/product_cat?post=217656"},{"taxonomy":"product_tag","embeddable":true,"href":"https:\/\/homeofwool.com\/sv\/wp-json\/wp\/v2\/product_tag?post=217656"}],"curies":[{"name":"wp","href":"https:\/\/api.w.org\/{rel}","templated":true}]}}