{"id":217651,"date":"2025-09-02T12:01:59","date_gmt":"2025-09-02T12:01:59","guid":{"rendered":"https:\/\/homeofwool.com\/?post_type=product&#038;p=217651"},"modified":"2026-02-11T10:47:49","modified_gmt":"2026-02-11T10:47:49","slug":"sovmatta","status":"publish","type":"product","link":"https:\/\/homeofwool.com\/sv\/shop\/floor-sleeping-mat\/","title":{"rendered":"Sovmatta med ullgolv"},"content":{"rendered":"<p>V\u00e5rt handgjorda liggunderlag i ull \u00e4r utformat f\u00f6r dig som vill vila n\u00e4rmare naturen och samtidigt njuta av ullens alla f\u00f6rdelar. Ull h\u00e5ller dig sval under varma n\u00e4tter och varm n\u00e4r luften blir kylig. Det hj\u00e4lper dig ocks\u00e5 att h\u00e5lla dig torr och bekv\u00e4m. Ull g\u00f6r det sv\u00e5rare f\u00f6r dammkvalster och m\u00f6gel att trivas. Inga dammkvalster inneb\u00e4r inga allergitriggers och l\u00e4tt att andas. Utan syntetmaterial eller tillsatta flamskyddsmedel och utan VOC kan du vila och sova utan att oroa dig.<\/p>\n<p>Insatsen av ullvadd \u00e4r handtuftad s\u00e5 att fyllningen stannar p\u00e5 plats. Den k\u00e4nns fast men har \u00e4nd\u00e5 optimal d\u00e4mpning f\u00f6r en vilsam s\u00f6mn. \u00d6verdraget \u00e4r avtagbart och kan tv\u00e4ttas i maskin. Dragkedjan \u00e4r tillr\u00e4ckligt stark f\u00f6r daglig anv\u00e4ndning.<\/p>\n<p>Du kan anpassa storleken och v\u00e4lja olika tyger f\u00f6r \u00f6ver- och undersidan. Mattan \u00e4r l\u00e4tt att b\u00e4ra med sig och levereras med en v\u00e4ska och ett litet reparationskit f\u00f6r s\u00e4kerhets skull. P\u00e5 s\u00e5 s\u00e4tt kan du ta med den p\u00e5 resor, anv\u00e4nda den f\u00f6r g\u00e4ster eller rulla ut den n\u00e4r du vill uppleva lite jordad s\u00f6mn.<\/p>","protected":false},"excerpt":{"rendered":"<p>Uppt\u00e4ck ett naturligt s\u00e4tt att uppgradera din s\u00f6mn med v\u00e5rt handgjorda liggunderlag i ull. Det \u00e4r genomt\u00e4nkt tillverkat och helt anpassningsbart och ger det mjuka st\u00f6d och den temperaturbalans som din kropp beh\u00f6ver f\u00f6r en vilsam natts s\u00f6mn. Ett enkelt och naturligt s\u00f6mntillbeh\u00f6r som ger dig v\u00e4lbefinnande i din dagliga rutin.<\/p>\n<div class=\"global-icon-set\">\n<div class=\"global-icon-set__items\">\n<div class=\"global-icon-set__item\">\n<div class=\"global-icon-set__image\">\n                                    <img decoding=\"async\" src=\"https:\/\/homeofwool.com\/wp-content\/uploads\/2025\/09\/handmade-icon-300x300.png\" alt=\"handgjord ikon\" \/>\n                                <\/div>\n<div class=\"global-icon-set__title\">Handgjord<\/div>\n<\/p><\/div>\n<div class=\"global-icon-set__item\">\n<div class=\"global-icon-set__image\">\n                                    <img decoding=\"async\" src=\"https:\/\/homeofwool.com\/wp-content\/uploads\/2025\/09\/VOCs-min-300x300.png\" alt=\"Vocs gratis\" \/>\n                                <\/div>\n<div class=\"global-icon-set__title\">Fri fr\u00e5n VOC<\/div>\n<\/p><\/div>\n<div class=\"global-icon-set__item\">\n<div class=\"global-icon-set__image\">\n                                    <img decoding=\"async\" src=\"https:\/\/homeofwool.com\/wp-content\/uploads\/2025\/09\/FR-min-300x300.png\" alt=\"Brandbest\u00e4ndig ikon\" \/>\n                                <\/div>\n<div class=\"global-icon-set__title\">Flamskyddad<\/div>\n<\/p><\/div>\n<div class=\"global-icon-set__item\">\n<div class=\"global-icon-set__image\">\n                                    <img decoding=\"async\" src=\"https:\/\/homeofwool.com\/wp-content\/uploads\/2025\/09\/Hypoallergenic-min-300x300.png\" alt=\"hypoallergen ikon\" \/>\n                                <\/div>\n<div class=\"global-icon-set__title\">Allergiv\u00e4nlig<\/div>\n<\/p><\/div>\n<div class=\"global-icon-set__item\">\n<div class=\"global-icon-set__image\">\n                                    <img decoding=\"async\" src=\"https:\/\/homeofwool.com\/wp-content\/uploads\/2025\/09\/free-of-synthetics-icon-300x300.png\" alt=\"fri fr\u00e5n syntetiska \u00e4mnen ikon\" \/>\n                                <\/div>\n<div class=\"global-icon-set__title\">Fri fr\u00e5n syntetmaterial<\/div>\n<\/p><\/div>\n<div class=\"global-icon-set__item\">\n<div class=\"global-icon-set__image\">\n                                    <img decoding=\"async\" src=\"https:\/\/homeofwool.com\/wp-content\/uploads\/2025\/09\/chemical-free-icon-300x300.png\" alt=\"kemikaliefri ikon\" \/>\n                                <\/div>\n<div class=\"global-icon-set__title\">Fri fr\u00e5n kemikalier<\/div>\n<\/p><\/div>\n<div class=\"global-icon-set__item\">\n<div class=\"global-icon-set__image\">\n                                    <img decoding=\"async\" src=\"https:\/\/homeofwool.com\/wp-content\/uploads\/2025\/09\/anti-bacterial-icon-300x300.png\" alt=\"antibakteriell ikon\" \/>\n                                <\/div>\n<div class=\"global-icon-set__title\">Anti-mikrobiell och anti-bakteriell<\/div>\n<\/p><\/div>\n<div class=\"global-icon-set__item\">\n<div class=\"global-icon-set__image\">\n                                    <img decoding=\"async\" src=\"https:\/\/homeofwool.com\/wp-content\/uploads\/2025\/09\/certified-materials-icon-300x300.png\" alt=\"ikon f\u00f6r certifierade material\" \/>\n                                <\/div>\n<div class=\"global-icon-set__title\">100% Rent certifierat material<\/div>\n<\/p><\/div>\n<\/p><\/div>\n<\/p><\/div>","protected":false},"featured_media":228179,"template":"","meta":{"_acf_changed":false},"product_brand":[],"product_cat":[557,282,252],"product_tag":[622,623,624,625,626,627,628,629,149,630],"class_list":{"0":"post-217651","1":"product","2":"type-product","3":"status-publish","4":"has-post-thumbnail","6":"product_cat-new","7":"product_cat-overlanding-camping","8":"product_cat-mattresses","9":"product_tag-5am-club","10":"product_tag-camping-floor-pad","11":"product_tag-floor-pad-for-sleeping","12":"product_tag-japanese-floor-sleeping-mat","13":"product_tag-korean-floor-sleeping-mat","14":"product_tag-paleo","15":"product_tag-robin-sharma","16":"product_tag-roll-up-bed-mat","17":"product_tag-steps","18":"product_tag-tatami-sleeping-mat","20":"first","21":"instock","22":"shipping-taxable","23":"purchasable","24":"product-type-simple"},"acf":[],"yoast_head":"<!-- This site is optimized with the Yoast SEO Premium plugin v27.3 (Yoast SEO v27.3) - https:\/\/yoast.com\/product\/yoast-seo-premium-wordpress\/ -->\n<title>Wool Floor Sleeping Mat | Sleep Soundly with Natural Support<\/title>\n<meta name=\"description\" content=\"Breathable and toxin-free, the Wool Floor Sleeping Mat delivers natural comfort with supportive wool filling. Hypoallergenic and eco-friendly, it ensures restful and restorative sleep.\" \/>\n<meta name=\"robots\" content=\"index, follow, max-snippet:-1, max-image-preview:large, max-video-preview:-1\" \/>\n<link rel=\"canonical\" href=\"https:\/\/homeofwool.com\/sv\/butik\/sovmatta\/\" \/>\n<meta property=\"og:locale\" content=\"sv_SE\" \/>\n<meta property=\"og:type\" content=\"article\" \/>\n<meta property=\"og:title\" content=\"Wool floor sleeping mat\" \/>\n<meta property=\"og:description\" content=\"Breathable and toxin-free, the Wool Floor Sleeping Mat delivers natural comfort with supportive wool filling. Hypoallergenic and eco-friendly, it ensures restful and restorative sleep.\" \/>\n<meta property=\"og:url\" content=\"https:\/\/homeofwool.com\/sv\/butik\/sovmatta\/\" \/>\n<meta property=\"og:site_name\" content=\"Home of Wool\" \/>\n<meta property=\"article:publisher\" content=\"https:\/\/facebook.com\/HomeOfWoolOfficial\" \/>\n<meta property=\"article:modified_time\" content=\"2026-02-11T10:47:49+00:00\" \/>\n<meta property=\"og:image\" content=\"https:\/\/homeofwool.com\/wp-content\/uploads\/2025\/09\/home-of-wool-wool-floor-sleeping-mat-1-mainn.jpg\" \/>\n\t<meta property=\"og:image:width\" content=\"1920\" \/>\n\t<meta property=\"og:image:height\" content=\"1536\" \/>\n\t<meta property=\"og:image:type\" content=\"image\/jpeg\" \/>\n<meta name=\"twitter:card\" content=\"summary_large_image\" \/>\n<meta name=\"twitter:label1\" content=\"Ber\u00e4knad l\u00e4stid\" \/>\n\t<meta name=\"twitter:data1\" content=\"1 minut\" \/>\n<script type=\"application\/ld+json\" class=\"yoast-schema-graph\">{\"@context\":\"https:\\\/\\\/schema.org\",\"@graph\":[{\"@type\":\"WebPage\",\"@id\":\"https:\\\/\\\/homeofwool.com\\\/shop\\\/floor-sleeping-mat\\\/\",\"url\":\"https:\\\/\\\/homeofwool.com\\\/shop\\\/floor-sleeping-mat\\\/\",\"name\":\"Wool Floor Sleeping Mat | Sleep Soundly with Natural Support\",\"isPartOf\":{\"@id\":\"https:\\\/\\\/homeofwool.com\\\/#website\"},\"primaryImageOfPage\":{\"@id\":\"https:\\\/\\\/homeofwool.com\\\/shop\\\/floor-sleeping-mat\\\/#primaryimage\"},\"image\":{\"@id\":\"https:\\\/\\\/homeofwool.com\\\/shop\\\/floor-sleeping-mat\\\/#primaryimage\"},\"thumbnailUrl\":\"https:\\\/\\\/homeofwool.com\\\/wp-content\\\/uploads\\\/2025\\\/09\\\/home-of-wool-wool-floor-sleeping-mat-1-mainn.jpg\",\"datePublished\":\"2025-09-02T12:01:59+00:00\",\"dateModified\":\"2026-02-11T10:47:49+00:00\",\"description\":\"Breathable and toxin-free, the Wool Floor Sleeping Mat delivers natural comfort with supportive wool filling. Hypoallergenic and eco-friendly, it ensures restful and restorative sleep.\",\"breadcrumb\":{\"@id\":\"https:\\\/\\\/homeofwool.com\\\/shop\\\/floor-sleeping-mat\\\/#breadcrumb\"},\"inLanguage\":\"sv-SE\",\"potentialAction\":[{\"@type\":\"ReadAction\",\"target\":[\"https:\\\/\\\/homeofwool.com\\\/shop\\\/floor-sleeping-mat\\\/\"]}]},{\"@type\":\"ImageObject\",\"inLanguage\":\"sv-SE\",\"@id\":\"https:\\\/\\\/homeofwool.com\\\/shop\\\/floor-sleeping-mat\\\/#primaryimage\",\"url\":\"https:\\\/\\\/homeofwool.com\\\/wp-content\\\/uploads\\\/2025\\\/09\\\/home-of-wool-wool-floor-sleeping-mat-1-mainn.jpg\",\"contentUrl\":\"https:\\\/\\\/homeofwool.com\\\/wp-content\\\/uploads\\\/2025\\\/09\\\/home-of-wool-wool-floor-sleeping-mat-1-mainn.jpg\",\"width\":1920,\"height\":1536,\"caption\":\"wool floor sleeping mat with person\"},{\"@type\":\"BreadcrumbList\",\"@id\":\"https:\\\/\\\/homeofwool.com\\\/shop\\\/floor-sleeping-mat\\\/#breadcrumb\",\"itemListElement\":[{\"@type\":\"ListItem\",\"position\":1,\"name\":\"Home\",\"item\":\"https:\\\/\\\/homeofwool.com\\\/\"},{\"@type\":\"ListItem\",\"position\":2,\"name\":\"Products\",\"item\":\"https:\\\/\\\/homeofwool.com\\\/header-search-2\\\/\"},{\"@type\":\"ListItem\",\"position\":3,\"name\":\"Wool floor sleeping mat\"}]},{\"@type\":\"WebSite\",\"@id\":\"https:\\\/\\\/homeofwool.com\\\/#website\",\"url\":\"https:\\\/\\\/homeofwool.com\\\/\",\"name\":\"Home of Wool\",\"description\":\"\",\"publisher\":{\"@id\":\"https:\\\/\\\/homeofwool.com\\\/#organization\"},\"potentialAction\":[{\"@type\":\"SearchAction\",\"target\":{\"@type\":\"EntryPoint\",\"urlTemplate\":\"https:\\\/\\\/homeofwool.com\\\/?s={search_term_string}\"},\"query-input\":{\"@type\":\"PropertyValueSpecification\",\"valueRequired\":true,\"valueName\":\"search_term_string\"}}],\"inLanguage\":\"sv-SE\"},{\"@type\":\"Organization\",\"@id\":\"https:\\\/\\\/homeofwool.com\\\/#organization\",\"name\":\"Home of Wool\",\"url\":\"https:\\\/\\\/homeofwool.com\\\/\",\"logo\":{\"@type\":\"ImageObject\",\"inLanguage\":\"sv-SE\",\"@id\":\"https:\\\/\\\/homeofwool.com\\\/#\\\/schema\\\/logo\\\/image\\\/\",\"url\":\"https:\\\/\\\/homeofwool.com\\\/wp-content\\\/uploads\\\/2025\\\/09\\\/WhatsApp-Image-2025-12-02-at-16.23.20.jpeg\",\"contentUrl\":\"https:\\\/\\\/homeofwool.com\\\/wp-content\\\/uploads\\\/2025\\\/09\\\/WhatsApp-Image-2025-12-02-at-16.23.20.jpeg\",\"width\":700,\"height\":247,\"caption\":\"Home of Wool\"},\"image\":{\"@id\":\"https:\\\/\\\/homeofwool.com\\\/#\\\/schema\\\/logo\\\/image\\\/\"},\"sameAs\":[\"https:\\\/\\\/facebook.com\\\/HomeOfWoolOfficial\"]}]}<\/script>\n<!-- \/ Yoast SEO Premium plugin. -->","yoast_head_json":{"title":"Liggunderlag f\u00f6r golv i ull | Sov gott med naturligt st\u00f6d","description":"Wool Floor Sleeping Mat \u00e4r andningsbar och giftfri och ger naturlig komfort med st\u00f6djande ullfyllning. Den \u00e4r allergiv\u00e4nlig och milj\u00f6v\u00e4nlig och garanterar en vilsam och \u00e5terh\u00e4mtande s\u00f6mn.","robots":{"index":"index","follow":"follow","max-snippet":"max-snippet:-1","max-image-preview":"max-image-preview:large","max-video-preview":"max-video-preview:-1"},"canonical":"https:\/\/homeofwool.com\/sv\/butik\/sovmatta\/","og_locale":"sv_SE","og_type":"article","og_title":"Wool floor sleeping mat","og_description":"Breathable and toxin-free, the Wool Floor Sleeping Mat delivers natural comfort with supportive wool filling. Hypoallergenic and eco-friendly, it ensures restful and restorative sleep.","og_url":"https:\/\/homeofwool.com\/sv\/butik\/sovmatta\/","og_site_name":"Home of Wool","article_publisher":"https:\/\/facebook.com\/HomeOfWoolOfficial","article_modified_time":"2026-02-11T10:47:49+00:00","og_image":[{"width":1920,"height":1536,"url":"https:\/\/homeofwool.com\/wp-content\/uploads\/2025\/09\/home-of-wool-wool-floor-sleeping-mat-1-mainn.jpg","type":"image\/jpeg"}],"twitter_card":"summary_large_image","twitter_misc":{"Ber\u00e4knad l\u00e4stid":"1 minut"},"schema":{"@context":"https:\/\/schema.org","@graph":[{"@type":"WebPage","@id":"https:\/\/homeofwool.com\/shop\/floor-sleeping-mat\/","url":"https:\/\/homeofwool.com\/shop\/floor-sleeping-mat\/","name":"Liggunderlag f\u00f6r golv i ull | Sov gott med naturligt st\u00f6d","isPartOf":{"@id":"https:\/\/homeofwool.com\/#website"},"primaryImageOfPage":{"@id":"https:\/\/homeofwool.com\/shop\/floor-sleeping-mat\/#primaryimage"},"image":{"@id":"https:\/\/homeofwool.com\/shop\/floor-sleeping-mat\/#primaryimage"},"thumbnailUrl":"https:\/\/homeofwool.com\/wp-content\/uploads\/2025\/09\/home-of-wool-wool-floor-sleeping-mat-1-mainn.jpg","datePublished":"2025-09-02T12:01:59+00:00","dateModified":"2026-02-11T10:47:49+00:00","description":"Wool Floor Sleeping Mat \u00e4r andningsbar och giftfri och ger naturlig komfort med st\u00f6djande ullfyllning. Den \u00e4r allergiv\u00e4nlig och milj\u00f6v\u00e4nlig och garanterar en vilsam och \u00e5terh\u00e4mtande s\u00f6mn.","breadcrumb":{"@id":"https:\/\/homeofwool.com\/shop\/floor-sleeping-mat\/#breadcrumb"},"inLanguage":"sv-SE","potentialAction":[{"@type":"ReadAction","target":["https:\/\/homeofwool.com\/shop\/floor-sleeping-mat\/"]}]},{"@type":"ImageObject","inLanguage":"sv-SE","@id":"https:\/\/homeofwool.com\/shop\/floor-sleeping-mat\/#primaryimage","url":"https:\/\/homeofwool.com\/wp-content\/uploads\/2025\/09\/home-of-wool-wool-floor-sleeping-mat-1-mainn.jpg","contentUrl":"https:\/\/homeofwool.com\/wp-content\/uploads\/2025\/09\/home-of-wool-wool-floor-sleeping-mat-1-mainn.jpg","width":1920,"height":1536,"caption":"wool floor sleeping mat with person"},{"@type":"BreadcrumbList","@id":"https:\/\/homeofwool.com\/shop\/floor-sleeping-mat\/#breadcrumb","itemListElement":[{"@type":"ListItem","position":1,"name":"Home","item":"https:\/\/homeofwool.com\/"},{"@type":"ListItem","position":2,"name":"Products","item":"https:\/\/homeofwool.com\/header-search-2\/"},{"@type":"ListItem","position":3,"name":"Wool floor sleeping mat"}]},{"@type":"WebSite","@id":"https:\/\/homeofwool.com\/#website","url":"https:\/\/homeofwool.com\/","name":"Hem f\u00f6r ull","description":"","publisher":{"@id":"https:\/\/homeofwool.com\/#organization"},"potentialAction":[{"@type":"SearchAction","target":{"@type":"EntryPoint","urlTemplate":"https:\/\/homeofwool.com\/?s={search_term_string}"},"query-input":{"@type":"PropertyValueSpecification","valueRequired":true,"valueName":"search_term_string"}}],"inLanguage":"sv-SE"},{"@type":"Organization","@id":"https:\/\/homeofwool.com\/#organization","name":"Hem f\u00f6r ull","url":"https:\/\/homeofwool.com\/","logo":{"@type":"ImageObject","inLanguage":"sv-SE","@id":"https:\/\/homeofwool.com\/#\/schema\/logo\/image\/","url":"https:\/\/homeofwool.com\/wp-content\/uploads\/2025\/09\/WhatsApp-Image-2025-12-02-at-16.23.20.jpeg","contentUrl":"https:\/\/homeofwool.com\/wp-content\/uploads\/2025\/09\/WhatsApp-Image-2025-12-02-at-16.23.20.jpeg","width":700,"height":247,"caption":"Home of Wool"},"image":{"@id":"https:\/\/homeofwool.com\/#\/schema\/logo\/image\/"},"sameAs":["https:\/\/facebook.com\/HomeOfWoolOfficial"]}]}},"_links":{"self":[{"href":"https:\/\/homeofwool.com\/sv\/wp-json\/wp\/v2\/product\/217651","targetHints":{"allow":["GET"]}}],"collection":[{"href":"https:\/\/homeofwool.com\/sv\/wp-json\/wp\/v2\/product"}],"about":[{"href":"https:\/\/homeofwool.com\/sv\/wp-json\/wp\/v2\/types\/product"}],"version-history":[{"count":2,"href":"https:\/\/homeofwool.com\/sv\/wp-json\/wp\/v2\/product\/217651\/revisions"}],"predecessor-version":[{"id":226395,"href":"https:\/\/homeofwool.com\/sv\/wp-json\/wp\/v2\/product\/217651\/revisions\/226395"}],"wp:featuredmedia":[{"embeddable":true,"href":"https:\/\/homeofwool.com\/sv\/wp-json\/wp\/v2\/media\/228179"}],"wp:attachment":[{"href":"https:\/\/homeofwool.com\/sv\/wp-json\/wp\/v2\/media?parent=217651"}],"wp:term":[{"taxonomy":"product_brand","embeddable":true,"href":"https:\/\/homeofwool.com\/sv\/wp-json\/wp\/v2\/product_brand?post=217651"},{"taxonomy":"product_cat","embeddable":true,"href":"https:\/\/homeofwool.com\/sv\/wp-json\/wp\/v2\/product_cat?post=217651"},{"taxonomy":"product_tag","embeddable":true,"href":"https:\/\/homeofwool.com\/sv\/wp-json\/wp\/v2\/product_tag?post=217651"}],"curies":[{"name":"wp","href":"https:\/\/api.w.org\/{rel}","templated":true}]}}