{"id":217644,"date":"2025-09-02T12:01:59","date_gmt":"2025-09-02T12:01:59","guid":{"rendered":"https:\/\/homeofwool.com\/?post_type=product&#038;p=217644"},"modified":"2026-02-11T10:11:52","modified_gmt":"2026-02-11T10:11:52","slug":"hopfallbar-madrass","status":"publish","type":"product","link":"https:\/\/homeofwool.com\/sv\/shop\/foldable-mattress\/","title":{"rendered":"Hopf\u00e4llbar madrass i ull"},"content":{"rendered":"<p>Den hopf\u00e4llbara ullmadrassen \u00e4r utformad f\u00f6r att ge dig en god s\u00f6mn, var du \u00e4n beh\u00f6ver den. Varje del \u00e4r noggrant fylld med lager av ren ull och handtuftad s\u00e5 att fyllningen h\u00e5lls p\u00e5 plats. Ull \u00e4r k\u00e4nt f\u00f6r sin andningsf\u00f6rm\u00e5ga och sp\u00e4nst. Det inneb\u00e4r perfekt s\u00f6mntemperatur och optimalt st\u00f6d f\u00f6r kroppen. Ullfyllningen st\u00f6der din kropp och hj\u00e4lper dig att h\u00e5lla en bekv\u00e4m kroppsh\u00e5llning hela natten. Den balanserar temperaturen och leder bort fukt, s\u00e5 att du h\u00e5ller dig varm och torr. Ingen svett, men heller inga kalla f\u00f6tter. En ullmadrass k\u00e4nns alltid fr\u00e4sch och hj\u00e4lper dig att njuta av en djupare, oavbruten s\u00f6mn.<\/p>\n<p>Designen g\u00f6r den praktisk. Du kan vika ihop madrassen f\u00f6r att f\u00f6rvara den, och n\u00e4r du \u00f6ppnar den h\u00e5ller dragkedjorna den platt och stabil som en vanlig s\u00e4ng. Du kan till och med l\u00e4gga till ett valfritt \u00f6verdrag f\u00f6r att f\u00f6rvandla den till en soffa n\u00e4r den \u00e4r ihopf\u00e4lld, vilket g\u00f6r den till en verkligt m\u00e5ngsidig och utrymmesbesparande madrass.<\/p>\n<p>Madrassen \u00e4r tillverkad utan kemikalier eller syntetiska material. Det finns inget behov av tillsatta flamskyddsmedel, eftersom ull \u00e4r det b\u00e4sta naturliga flamskyddsmedlet. Den \u00e4r allergiv\u00e4nlig och s\u00e4ker f\u00f6r personer med \u00f6verk\u00e4nslighet. Eftersom ull motverkar dammkvalster och m\u00f6gel f\u00e5r du en ren sovmilj\u00f6 som k\u00e4nns \u00e5terst\u00e4llande och inte utl\u00f6ser n\u00e5gra allergisymtom. Denna handgjorda ullmadrass \u00e4r b\u00e5de funktionell och h\u00e5llbar, med ett avtagbart, tv\u00e4ttbart \u00f6verdrag och h\u00e5llbar handtuftning.<\/p>","protected":false},"excerpt":{"rendered":"<p>V\u00e5r hopf\u00e4llbara ullmadrass \u00e4r tillverkad f\u00f6r komfort och praktiskhet. Men framf\u00f6r allt \u00e4r den tillverkad f\u00f6r riktigt god s\u00f6mn. Vi tillverkar den f\u00f6r hand med naturfibrer f\u00f6r komfort och h\u00e4lsosam s\u00f6mn. Den smarta hopf\u00e4llbara designen g\u00f6r att du enkelt kan f\u00f6rvara den och sedan f\u00e4lla ut den till en fullstor madrass som st\u00f6der din kropp och hj\u00e4lper dig att sova djupare. En b\u00e4rbar ullmadrass som sparar utrymme utan att kompromissa med komforten.<\/p>\n<div class=\"global-icon-set\">\n<div class=\"global-icon-set__items\">\n<div class=\"global-icon-set__item\">\n<div class=\"global-icon-set__image\">\n                                    <img decoding=\"async\" src=\"https:\/\/homeofwool.com\/wp-content\/uploads\/2025\/09\/handmade-icon-300x300.png\" alt=\"handgjord ikon\" \/>\n                                <\/div>\n<div class=\"global-icon-set__title\">Handgjord<\/div>\n<\/p><\/div>\n<div class=\"global-icon-set__item\">\n<div class=\"global-icon-set__image\">\n                                    <img decoding=\"async\" src=\"https:\/\/homeofwool.com\/wp-content\/uploads\/2025\/09\/VOCs-min-300x300.png\" alt=\"Vocs gratis\" \/>\n                                <\/div>\n<div class=\"global-icon-set__title\">Fri fr\u00e5n VOC<\/div>\n<\/p><\/div>\n<div class=\"global-icon-set__item\">\n<div class=\"global-icon-set__image\">\n                                    <img decoding=\"async\" src=\"https:\/\/homeofwool.com\/wp-content\/uploads\/2025\/09\/FR-min-300x300.png\" alt=\"Brandbest\u00e4ndig ikon\" \/>\n                                <\/div>\n<div class=\"global-icon-set__title\">Flamskyddad<\/div>\n<\/p><\/div>\n<div class=\"global-icon-set__item\">\n<div class=\"global-icon-set__image\">\n                                    <img decoding=\"async\" src=\"https:\/\/homeofwool.com\/wp-content\/uploads\/2025\/09\/Hypoallergenic-min-300x300.png\" alt=\"hypoallergen ikon\" \/>\n                                <\/div>\n<div class=\"global-icon-set__title\">Allergiv\u00e4nlig<\/div>\n<\/p><\/div>\n<div class=\"global-icon-set__item\">\n<div class=\"global-icon-set__image\">\n                                    <img decoding=\"async\" src=\"https:\/\/homeofwool.com\/wp-content\/uploads\/2025\/09\/free-of-synthetics-icon-300x300.png\" alt=\"fri fr\u00e5n syntetiska \u00e4mnen ikon\" \/>\n                                <\/div>\n<div class=\"global-icon-set__title\">Fri fr\u00e5n syntetmaterial<\/div>\n<\/p><\/div>\n<div class=\"global-icon-set__item\">\n<div class=\"global-icon-set__image\">\n                                    <img decoding=\"async\" src=\"https:\/\/homeofwool.com\/wp-content\/uploads\/2025\/09\/chemical-free-icon-300x300.png\" alt=\"kemikaliefri ikon\" \/>\n                                <\/div>\n<div class=\"global-icon-set__title\">Fri fr\u00e5n kemikalier<\/div>\n<\/p><\/div>\n<div class=\"global-icon-set__item\">\n<div class=\"global-icon-set__image\">\n                                    <img decoding=\"async\" src=\"https:\/\/homeofwool.com\/wp-content\/uploads\/2025\/09\/anti-bacterial-icon-300x300.png\" alt=\"antibakteriell ikon\" \/>\n                                <\/div>\n<div class=\"global-icon-set__title\">Anti-mikrobiell och anti-bakteriell<\/div>\n<\/p><\/div>\n<div class=\"global-icon-set__item\">\n<div class=\"global-icon-set__image\">\n                                    <img decoding=\"async\" src=\"https:\/\/homeofwool.com\/wp-content\/uploads\/2025\/09\/certified-materials-icon-300x300.png\" alt=\"ikon f\u00f6r certifierade material\" \/>\n                                <\/div>\n<div class=\"global-icon-set__title\">100% Rent certifierat material<\/div>\n<\/p><\/div>\n<\/p><\/div>\n<\/p><\/div>","protected":false},"featured_media":226394,"template":"","meta":{"_acf_changed":false},"product_brand":[],"product_cat":[252],"product_tag":[175,176,182,604,605,606,607,608,609,553,188,138,192,610,193,611,387,612,197,149,613,614,615],"class_list":{"0":"post-217644","1":"product","2":"type-product","3":"status-publish","4":"has-post-thumbnail","6":"product_cat-mattresses","7":"product_tag-affordable-natural-mattress","8":"product_tag-all-natural-futon","9":"product_tag-floor-bed-mattress","10":"product_tag-foldable-bed","11":"product_tag-folding-futon-couch","12":"product_tag-futon-frame","13":"product_tag-futon-mattress","14":"product_tag-guest-bed","15":"product_tag-japanese-bed","16":"product_tag-japanese-futon","17":"product_tag-low-voc-mattress","18":"product_tag-made-to-order-daybed","19":"product_tag-mattress-without-flame-retardant","20":"product_tag-natural-floor-bed","21":"product_tag-natural-mattress","22":"product_tag-organic-guests-bed","23":"product_tag-overlanding","24":"product_tag-rollable-guest-bed","25":"product_tag-safe-mattresses","26":"product_tag-steps","27":"product_tag-store-away-bed","28":"product_tag-washable-mattress","29":"product_tag-woolen-shiki-futon","31":"first","32":"instock","33":"shipping-taxable","34":"purchasable","35":"product-type-simple"},"acf":[],"yoast_head":"<!-- This site is optimized with the Yoast SEO Premium plugin v27.3 (Yoast SEO v27.3) - https:\/\/yoast.com\/product\/yoast-seo-premium-wordpress\/ -->\n<title>Foldable Wool Mattress \u2013 Portable, Space-Saving &amp; Handmade | Home of Wool<\/title>\n<meta name=\"description\" content=\"Discover the perfect blend of comfort and convenience with our handmade foldable wool mattress. Space-saving, portable, and easy to store, it offers the healthiest, most restorative sleep for any living space.\" \/>\n<meta name=\"robots\" content=\"index, follow, max-snippet:-1, max-image-preview:large, max-video-preview:-1\" \/>\n<link rel=\"canonical\" href=\"https:\/\/homeofwool.com\/sv\/butik\/hopfallbar-madrass\/\" \/>\n<meta property=\"og:locale\" content=\"sv_SE\" \/>\n<meta property=\"og:type\" content=\"article\" \/>\n<meta property=\"og:title\" content=\"Foldable Wool Mattress\" \/>\n<meta property=\"og:description\" content=\"Discover the perfect blend of comfort and convenience with our handmade foldable wool mattress. Space-saving, portable, and easy to store, it offers the healthiest, most restorative sleep for any living space.\" \/>\n<meta property=\"og:url\" content=\"https:\/\/homeofwool.com\/sv\/butik\/hopfallbar-madrass\/\" \/>\n<meta property=\"og:site_name\" content=\"Home of Wool\" \/>\n<meta property=\"article:publisher\" content=\"https:\/\/facebook.com\/HomeOfWoolOfficial\" \/>\n<meta property=\"article:modified_time\" content=\"2026-02-11T10:11:52+00:00\" \/>\n<meta property=\"og:image\" content=\"https:\/\/homeofwool.com\/wp-content\/uploads\/2025\/09\/home-of-wool-foldable-wool-mattress-1-mainn.jpg\" \/>\n\t<meta property=\"og:image:width\" content=\"2000\" \/>\n\t<meta property=\"og:image:height\" content=\"1333\" \/>\n\t<meta property=\"og:image:type\" content=\"image\/jpeg\" \/>\n<meta name=\"twitter:card\" content=\"summary_large_image\" \/>\n<meta name=\"twitter:label1\" content=\"Ber\u00e4knad l\u00e4stid\" \/>\n\t<meta name=\"twitter:data1\" content=\"2 minuter\" \/>\n<script type=\"application\/ld+json\" class=\"yoast-schema-graph\">{\"@context\":\"https:\\\/\\\/schema.org\",\"@graph\":[{\"@type\":\"WebPage\",\"@id\":\"https:\\\/\\\/homeofwool.com\\\/shop\\\/foldable-mattress\\\/\",\"url\":\"https:\\\/\\\/homeofwool.com\\\/shop\\\/foldable-mattress\\\/\",\"name\":\"Foldable Wool Mattress \u2013 Portable, Space-Saving & Handmade | Home of Wool\",\"isPartOf\":{\"@id\":\"https:\\\/\\\/homeofwool.com\\\/#website\"},\"primaryImageOfPage\":{\"@id\":\"https:\\\/\\\/homeofwool.com\\\/shop\\\/foldable-mattress\\\/#primaryimage\"},\"image\":{\"@id\":\"https:\\\/\\\/homeofwool.com\\\/shop\\\/foldable-mattress\\\/#primaryimage\"},\"thumbnailUrl\":\"https:\\\/\\\/homeofwool.com\\\/wp-content\\\/uploads\\\/2025\\\/09\\\/home-of-wool-foldable-wool-mattress-1-mainn.jpg\",\"datePublished\":\"2025-09-02T12:01:59+00:00\",\"dateModified\":\"2026-02-11T10:11:52+00:00\",\"description\":\"Discover the perfect blend of comfort and convenience with our handmade foldable wool mattress. Space-saving, portable, and easy to store, it offers the healthiest, most restorative sleep for any living space.\",\"breadcrumb\":{\"@id\":\"https:\\\/\\\/homeofwool.com\\\/shop\\\/foldable-mattress\\\/#breadcrumb\"},\"inLanguage\":\"sv-SE\",\"potentialAction\":[{\"@type\":\"ReadAction\",\"target\":[\"https:\\\/\\\/homeofwool.com\\\/shop\\\/foldable-mattress\\\/\"]}]},{\"@type\":\"ImageObject\",\"inLanguage\":\"sv-SE\",\"@id\":\"https:\\\/\\\/homeofwool.com\\\/shop\\\/foldable-mattress\\\/#primaryimage\",\"url\":\"https:\\\/\\\/homeofwool.com\\\/wp-content\\\/uploads\\\/2025\\\/09\\\/home-of-wool-foldable-wool-mattress-1-mainn.jpg\",\"contentUrl\":\"https:\\\/\\\/homeofwool.com\\\/wp-content\\\/uploads\\\/2025\\\/09\\\/home-of-wool-foldable-wool-mattress-1-mainn.jpg\",\"width\":2000,\"height\":1333,\"caption\":\"foldable home of wool mattress\"},{\"@type\":\"BreadcrumbList\",\"@id\":\"https:\\\/\\\/homeofwool.com\\\/shop\\\/foldable-mattress\\\/#breadcrumb\",\"itemListElement\":[{\"@type\":\"ListItem\",\"position\":1,\"name\":\"Home\",\"item\":\"https:\\\/\\\/homeofwool.com\\\/\"},{\"@type\":\"ListItem\",\"position\":2,\"name\":\"Products\",\"item\":\"https:\\\/\\\/homeofwool.com\\\/header-search-2\\\/\"},{\"@type\":\"ListItem\",\"position\":3,\"name\":\"Foldable Wool Mattress\"}]},{\"@type\":\"WebSite\",\"@id\":\"https:\\\/\\\/homeofwool.com\\\/#website\",\"url\":\"https:\\\/\\\/homeofwool.com\\\/\",\"name\":\"Home of Wool\",\"description\":\"\",\"publisher\":{\"@id\":\"https:\\\/\\\/homeofwool.com\\\/#organization\"},\"potentialAction\":[{\"@type\":\"SearchAction\",\"target\":{\"@type\":\"EntryPoint\",\"urlTemplate\":\"https:\\\/\\\/homeofwool.com\\\/?s={search_term_string}\"},\"query-input\":{\"@type\":\"PropertyValueSpecification\",\"valueRequired\":true,\"valueName\":\"search_term_string\"}}],\"inLanguage\":\"sv-SE\"},{\"@type\":\"Organization\",\"@id\":\"https:\\\/\\\/homeofwool.com\\\/#organization\",\"name\":\"Home of Wool\",\"url\":\"https:\\\/\\\/homeofwool.com\\\/\",\"logo\":{\"@type\":\"ImageObject\",\"inLanguage\":\"sv-SE\",\"@id\":\"https:\\\/\\\/homeofwool.com\\\/#\\\/schema\\\/logo\\\/image\\\/\",\"url\":\"https:\\\/\\\/homeofwool.com\\\/wp-content\\\/uploads\\\/2025\\\/09\\\/WhatsApp-Image-2025-12-02-at-16.23.20.jpeg\",\"contentUrl\":\"https:\\\/\\\/homeofwool.com\\\/wp-content\\\/uploads\\\/2025\\\/09\\\/WhatsApp-Image-2025-12-02-at-16.23.20.jpeg\",\"width\":700,\"height\":247,\"caption\":\"Home of Wool\"},\"image\":{\"@id\":\"https:\\\/\\\/homeofwool.com\\\/#\\\/schema\\\/logo\\\/image\\\/\"},\"sameAs\":[\"https:\\\/\\\/facebook.com\\\/HomeOfWoolOfficial\"]}]}<\/script>\n<!-- \/ Yoast SEO Premium plugin. -->","yoast_head_json":{"title":"Vikbar ullmadrass \u2013 b\u00e4rbar, platsbesparande och handgjord | Home of Wool","description":"Uppt\u00e4ck den perfekta kombinationen av komfort och bekv\u00e4mlighet med v\u00e5r handgjorda hopf\u00e4llbara ullmadrass. Den \u00e4r platsbesparande, b\u00e4rbar och l\u00e4tt att f\u00f6rvara och erbjuder den h\u00e4lsosammaste och mest \u00e5terst\u00e4llande s\u00f6mnen f\u00f6r alla bostadsutrymmen.","robots":{"index":"index","follow":"follow","max-snippet":"max-snippet:-1","max-image-preview":"max-image-preview:large","max-video-preview":"max-video-preview:-1"},"canonical":"https:\/\/homeofwool.com\/sv\/butik\/hopfallbar-madrass\/","og_locale":"sv_SE","og_type":"article","og_title":"Foldable Wool Mattress","og_description":"Discover the perfect blend of comfort and convenience with our handmade foldable wool mattress. Space-saving, portable, and easy to store, it offers the healthiest, most restorative sleep for any living space.","og_url":"https:\/\/homeofwool.com\/sv\/butik\/hopfallbar-madrass\/","og_site_name":"Home of Wool","article_publisher":"https:\/\/facebook.com\/HomeOfWoolOfficial","article_modified_time":"2026-02-11T10:11:52+00:00","og_image":[{"width":2000,"height":1333,"url":"https:\/\/homeofwool.com\/wp-content\/uploads\/2025\/09\/home-of-wool-foldable-wool-mattress-1-mainn.jpg","type":"image\/jpeg"}],"twitter_card":"summary_large_image","twitter_misc":{"Ber\u00e4knad l\u00e4stid":"2 minuter"},"schema":{"@context":"https:\/\/schema.org","@graph":[{"@type":"WebPage","@id":"https:\/\/homeofwool.com\/shop\/foldable-mattress\/","url":"https:\/\/homeofwool.com\/shop\/foldable-mattress\/","name":"Vikbar ullmadrass \u2013 b\u00e4rbar, platsbesparande och handgjord | Home of Wool","isPartOf":{"@id":"https:\/\/homeofwool.com\/#website"},"primaryImageOfPage":{"@id":"https:\/\/homeofwool.com\/shop\/foldable-mattress\/#primaryimage"},"image":{"@id":"https:\/\/homeofwool.com\/shop\/foldable-mattress\/#primaryimage"},"thumbnailUrl":"https:\/\/homeofwool.com\/wp-content\/uploads\/2025\/09\/home-of-wool-foldable-wool-mattress-1-mainn.jpg","datePublished":"2025-09-02T12:01:59+00:00","dateModified":"2026-02-11T10:11:52+00:00","description":"Uppt\u00e4ck den perfekta kombinationen av komfort och bekv\u00e4mlighet med v\u00e5r handgjorda hopf\u00e4llbara ullmadrass. Den \u00e4r platsbesparande, b\u00e4rbar och l\u00e4tt att f\u00f6rvara och erbjuder den h\u00e4lsosammaste och mest \u00e5terst\u00e4llande s\u00f6mnen f\u00f6r alla bostadsutrymmen.","breadcrumb":{"@id":"https:\/\/homeofwool.com\/shop\/foldable-mattress\/#breadcrumb"},"inLanguage":"sv-SE","potentialAction":[{"@type":"ReadAction","target":["https:\/\/homeofwool.com\/shop\/foldable-mattress\/"]}]},{"@type":"ImageObject","inLanguage":"sv-SE","@id":"https:\/\/homeofwool.com\/shop\/foldable-mattress\/#primaryimage","url":"https:\/\/homeofwool.com\/wp-content\/uploads\/2025\/09\/home-of-wool-foldable-wool-mattress-1-mainn.jpg","contentUrl":"https:\/\/homeofwool.com\/wp-content\/uploads\/2025\/09\/home-of-wool-foldable-wool-mattress-1-mainn.jpg","width":2000,"height":1333,"caption":"foldable home of wool mattress"},{"@type":"BreadcrumbList","@id":"https:\/\/homeofwool.com\/shop\/foldable-mattress\/#breadcrumb","itemListElement":[{"@type":"ListItem","position":1,"name":"Home","item":"https:\/\/homeofwool.com\/"},{"@type":"ListItem","position":2,"name":"Products","item":"https:\/\/homeofwool.com\/header-search-2\/"},{"@type":"ListItem","position":3,"name":"Foldable Wool Mattress"}]},{"@type":"WebSite","@id":"https:\/\/homeofwool.com\/#website","url":"https:\/\/homeofwool.com\/","name":"Hem f\u00f6r ull","description":"","publisher":{"@id":"https:\/\/homeofwool.com\/#organization"},"potentialAction":[{"@type":"SearchAction","target":{"@type":"EntryPoint","urlTemplate":"https:\/\/homeofwool.com\/?s={search_term_string}"},"query-input":{"@type":"PropertyValueSpecification","valueRequired":true,"valueName":"search_term_string"}}],"inLanguage":"sv-SE"},{"@type":"Organization","@id":"https:\/\/homeofwool.com\/#organization","name":"Hem f\u00f6r ull","url":"https:\/\/homeofwool.com\/","logo":{"@type":"ImageObject","inLanguage":"sv-SE","@id":"https:\/\/homeofwool.com\/#\/schema\/logo\/image\/","url":"https:\/\/homeofwool.com\/wp-content\/uploads\/2025\/09\/WhatsApp-Image-2025-12-02-at-16.23.20.jpeg","contentUrl":"https:\/\/homeofwool.com\/wp-content\/uploads\/2025\/09\/WhatsApp-Image-2025-12-02-at-16.23.20.jpeg","width":700,"height":247,"caption":"Home of Wool"},"image":{"@id":"https:\/\/homeofwool.com\/#\/schema\/logo\/image\/"},"sameAs":["https:\/\/facebook.com\/HomeOfWoolOfficial"]}]}},"_links":{"self":[{"href":"https:\/\/homeofwool.com\/sv\/wp-json\/wp\/v2\/product\/217644","targetHints":{"allow":["GET"]}}],"collection":[{"href":"https:\/\/homeofwool.com\/sv\/wp-json\/wp\/v2\/product"}],"about":[{"href":"https:\/\/homeofwool.com\/sv\/wp-json\/wp\/v2\/types\/product"}],"version-history":[{"count":2,"href":"https:\/\/homeofwool.com\/sv\/wp-json\/wp\/v2\/product\/217644\/revisions"}],"predecessor-version":[{"id":226367,"href":"https:\/\/homeofwool.com\/sv\/wp-json\/wp\/v2\/product\/217644\/revisions\/226367"}],"wp:featuredmedia":[{"embeddable":true,"href":"https:\/\/homeofwool.com\/sv\/wp-json\/wp\/v2\/media\/226394"}],"wp:attachment":[{"href":"https:\/\/homeofwool.com\/sv\/wp-json\/wp\/v2\/media?parent=217644"}],"wp:term":[{"taxonomy":"product_brand","embeddable":true,"href":"https:\/\/homeofwool.com\/sv\/wp-json\/wp\/v2\/product_brand?post=217644"},{"taxonomy":"product_cat","embeddable":true,"href":"https:\/\/homeofwool.com\/sv\/wp-json\/wp\/v2\/product_cat?post=217644"},{"taxonomy":"product_tag","embeddable":true,"href":"https:\/\/homeofwool.com\/sv\/wp-json\/wp\/v2\/product_tag?post=217644"}],"curies":[{"name":"wp","href":"https:\/\/api.w.org\/{rel}","templated":true}]}}