{"id":217642,"date":"2025-09-02T12:01:59","date_gmt":"2025-09-02T12:01:59","guid":{"rendered":"https:\/\/homeofwool.com\/?post_type=product&#038;p=217642"},"modified":"2026-04-03T09:16:43","modified_gmt":"2026-04-03T09:16:43","slug":"ergonomisk-kudde","status":"publish","type":"product","link":"https:\/\/homeofwool.com\/sv\/shop\/ergonomic-pillow\/","title":{"rendered":"Ergonomisk kudde i ull"},"content":{"rendered":"<p>R\u00e4tt kudde kan f\u00f6r\u00e4ndra din vila, och den ergonomiska kudden Home of Wool \u00e4r gjord f\u00f6r att g\u00f6ra just det. Den \u00e4r formad f\u00f6r att f\u00f6lja de naturliga kurvorna p\u00e5 din nacke, huvud och axlar, och ger varaktigt st\u00f6d f\u00f6r att lindra nacksm\u00e4rta och hj\u00e4lper till att rikta in ryggraden f\u00f6r en h\u00e4lsosammare sovst\u00e4llning. Ullen inuti har en naturlig fj\u00e4drande effekt, s\u00e5 ist\u00e4llet f\u00f6r att sjunka f\u00f6r mycket ger den dig stadigt st\u00f6d d\u00e4r det beh\u00f6vs. Ullen hj\u00e4lper till att h\u00e5lla huvudet och nacken vid en j\u00e4mn temperatur. Den k\u00e4nns varm och mysig n\u00e4r rummet \u00e4r svalt, men sl\u00e4pper samtidigt igenom luft s\u00e5 att kudden aldrig blir varm. Det \u00e4r lite som att alltid hitta den svala sidan av kudden.<\/p>\n<p>Varje detalj har noggrant utformats med din komfort i \u00e5tanke. Kudden finns i tv\u00e5 olika h\u00f6jder. Du kan v\u00e4lja den profil som passar b\u00e4st f\u00f6r din kroppsform. En dragkedja g\u00f6r det m\u00f6jligt att justera ullfyllningen n\u00e5got. Handtuftningen g\u00f6r att ullen f\u00f6rdelas j\u00e4mnt, vilket s\u00e4kerst\u00e4ller att kudden beh\u00e5ller sin form \u00f6ver tid. Du kan v\u00e4lja tillbeh\u00f6r som passande \u00f6rngott och skydd fr\u00e5n v\u00e5rt sortiment av premiumtyger.<\/p>\n<p>Med dessa egenskaper \u00e4r kudden en inbjudan till en h\u00e4lsosammare och sm\u00e4rtfri s\u00f6mn natt efter natt.<\/p>","protected":false},"excerpt":{"rendered":"<p>Hitta naturlig komfort och balans med v\u00e5r ergonomiska kudde, utformad f\u00f6r att ge mjukt st\u00f6d f\u00f6r lindring av nacksm\u00e4rta och sm\u00e4rtfri s\u00f6mn. Kudden f\u00f6ljer den naturliga kurvan p\u00e5 din nacke och axlar. Ullen inuti \u00e4r naturligt fj\u00e4drande och ger dig precis r\u00e4tt st\u00f6d utan att bli platt. Det \u00e4r d\u00e4rf\u00f6r den k\u00e4nns som om den formar sig efter dig och ger st\u00f6d precis d\u00e4r du beh\u00f6ver det.<\/p>\n<div class=\"global-icon-set\">\n<div class=\"global-icon-set__items\">\n<div class=\"global-icon-set__item\">\n<div class=\"global-icon-set__image\">\n                                    <img decoding=\"async\" src=\"https:\/\/homeofwool.com\/wp-content\/uploads\/2025\/09\/handmade-icon-300x300.png\" alt=\"handgjord ikon\" \/>\n                                <\/div>\n<div class=\"global-icon-set__title\">Handgjord<\/div>\n<\/p><\/div>\n<div class=\"global-icon-set__item\">\n<div class=\"global-icon-set__image\">\n                                    <img decoding=\"async\" src=\"https:\/\/homeofwool.com\/wp-content\/uploads\/2025\/09\/Exceptionally-Supportive-min-300x300.png\" alt=\"exceptionellt st\u00f6djande ikon\" \/>\n                                <\/div>\n<div class=\"global-icon-set__title\">Exceptionellt st\u00f6djande<\/div>\n<\/p><\/div>\n<div class=\"global-icon-set__item\">\n<div class=\"global-icon-set__image\">\n                                    <img decoding=\"async\" src=\"https:\/\/homeofwool.com\/wp-content\/uploads\/2025\/09\/Isolates-Motion-Transfer-min-300x300.png\" alt=\"isolerar r\u00f6relse\u00f6verf\u00f6ring\" \/>\n                                <\/div>\n<div class=\"global-icon-set__title\">Isolerar r\u00f6relse\u00f6verf\u00f6ring<\/div>\n<\/p><\/div>\n<div class=\"global-icon-set__item\">\n<div class=\"global-icon-set__image\">\n                                    <img decoding=\"async\" src=\"https:\/\/homeofwool.com\/wp-content\/uploads\/2025\/09\/VOCs-min-300x300.png\" alt=\"Vocs gratis\" \/>\n                                <\/div>\n<div class=\"global-icon-set__title\">Fri fr\u00e5n VOC<\/div>\n<\/p><\/div>\n<div class=\"global-icon-set__item\">\n<div class=\"global-icon-set__image\">\n                                    <img decoding=\"async\" src=\"https:\/\/homeofwool.com\/wp-content\/uploads\/2025\/09\/FR-min-300x300.png\" alt=\"Brandbest\u00e4ndig ikon\" \/>\n                                <\/div>\n<div class=\"global-icon-set__title\">Flamskyddad<\/div>\n<\/p><\/div>\n<div class=\"global-icon-set__item\">\n<div class=\"global-icon-set__image\">\n                                    <img decoding=\"async\" src=\"https:\/\/homeofwool.com\/wp-content\/uploads\/2025\/09\/Hypoallergenic-min-300x300.png\" alt=\"hypoallergen ikon\" \/>\n                                <\/div>\n<div class=\"global-icon-set__title\">Allergiv\u00e4nlig<\/div>\n<\/p><\/div>\n<div class=\"global-icon-set__item\">\n<div class=\"global-icon-set__image\">\n                                    <img decoding=\"async\" src=\"https:\/\/homeofwool.com\/wp-content\/uploads\/2025\/09\/free-of-synthetics-icon-300x300.png\" alt=\"fri fr\u00e5n syntetiska \u00e4mnen ikon\" \/>\n                                <\/div>\n<div class=\"global-icon-set__title\">Fri fr\u00e5n syntetmaterial<\/div>\n<\/p><\/div>\n<div class=\"global-icon-set__item\">\n<div class=\"global-icon-set__image\">\n                                    <img decoding=\"async\" src=\"https:\/\/homeofwool.com\/wp-content\/uploads\/2025\/09\/chemical-free-icon-300x300.png\" alt=\"kemikaliefri ikon\" \/>\n                                <\/div>\n<div class=\"global-icon-set__title\">Fri fr\u00e5n kemikalier<\/div>\n<\/p><\/div>\n<div class=\"global-icon-set__item\">\n<div class=\"global-icon-set__image\">\n                                    <img decoding=\"async\" src=\"https:\/\/homeofwool.com\/wp-content\/uploads\/2025\/09\/anti-bacterial-icon-300x300.png\" alt=\"antibakteriell ikon\" \/>\n                                <\/div>\n<div class=\"global-icon-set__title\">Anti-mikrobiell och anti-bakteriell<\/div>\n<\/p><\/div>\n<div class=\"global-icon-set__item\">\n<div class=\"global-icon-set__image\">\n                                    <img decoding=\"async\" src=\"https:\/\/homeofwool.com\/wp-content\/uploads\/2025\/09\/certified-materials-icon-300x300.png\" alt=\"ikon f\u00f6r certifierade material\" \/>\n                                <\/div>\n<div class=\"global-icon-set__title\">100% Rent certifierat material<\/div>\n<\/p><\/div>\n<\/p><\/div>\n<\/p><\/div>","protected":false},"featured_media":219347,"template":"","meta":{"_acf_changed":false},"product_brand":[],"product_cat":[316,254],"product_tag":[592,593,594,595,596,597,598,599,600,601,149,602],"class_list":{"0":"post-217642","1":"product","2":"type-product","3":"status-publish","4":"has-post-thumbnail","6":"product_cat-mothers-day","7":"product_cat-pillows-pillowcases","8":"product_tag-best-ergonomic-pillow-for-side-sleepers","9":"product_tag-contour-pillow","10":"product_tag-ergonomic-memory-foam-pillow","11":"product_tag-ergonomic-neck-pillow","12":"product_tag-ergonomic-pillow-for-back-sleepers","13":"product_tag-ergonomic-pillow-for-neck-pain","14":"product_tag-ergonomic-side-sleeper-pillow","15":"product_tag-ergonomic-sleeping-pillow","16":"product_tag-ergonomic-travel-pillow","17":"product_tag-neck-pain-relief","18":"product_tag-steps","19":"product_tag-xtreme-comforts-pillow","21":"first","22":"instock","23":"shipping-taxable","24":"purchasable","25":"product-type-simple"},"acf":[],"yoast_head":"<!-- This site is optimized with the Yoast SEO Premium plugin v27.4 (Yoast SEO v27.4) - https:\/\/yoast.com\/product\/yoast-seo-premium-wordpress\/ -->\n<title>Ergonomic Pillow \u2013 Optimal Support for Neck Pain Relief | Home of Wool<\/title>\n<meta name=\"description\" content=\"The Ergonomic Pillow offers breathable wool filling for supportive comfort. Hypoallergenic and toxin-free, it helps relieve neck pain naturally for safe, restful, and restorative sleep.\" \/>\n<meta name=\"robots\" content=\"index, follow, max-snippet:-1, max-image-preview:large, max-video-preview:-1\" \/>\n<link rel=\"canonical\" href=\"https:\/\/homeofwool.com\/sv\/butik\/ergonomisk-kudde\/\" \/>\n<meta property=\"og:locale\" content=\"sv_SE\" \/>\n<meta property=\"og:type\" content=\"article\" \/>\n<meta property=\"og:title\" content=\"Wool Ergonomic Pillow\" \/>\n<meta property=\"og:description\" content=\"The Ergonomic Pillow offers breathable wool filling for supportive comfort. Hypoallergenic and toxin-free, it helps relieve neck pain naturally for safe, restful, and restorative sleep.\" \/>\n<meta property=\"og:url\" content=\"https:\/\/homeofwool.com\/sv\/butik\/ergonomisk-kudde\/\" \/>\n<meta property=\"og:site_name\" content=\"Home of Wool\" \/>\n<meta property=\"article:publisher\" content=\"https:\/\/facebook.com\/HomeOfWoolOfficial\" \/>\n<meta property=\"article:modified_time\" content=\"2026-04-03T09:16:43+00:00\" \/>\n<meta property=\"og:image\" content=\"https:\/\/homeofwool.com\/wp-content\/uploads\/2025\/09\/home-of-wool-wool-ergonomic-pillow-1-main.jpg\" \/>\n\t<meta property=\"og:image:width\" content=\"2000\" \/>\n\t<meta property=\"og:image:height\" content=\"1600\" \/>\n\t<meta property=\"og:image:type\" content=\"image\/jpeg\" \/>\n<meta name=\"twitter:card\" content=\"summary_large_image\" \/>\n<meta name=\"twitter:label1\" content=\"Ber\u00e4knad l\u00e4stid\" \/>\n\t<meta name=\"twitter:data1\" content=\"2 minuter\" \/>\n<script type=\"application\/ld+json\" class=\"yoast-schema-graph\">{\"@context\":\"https:\\\/\\\/schema.org\",\"@graph\":[{\"@type\":\"WebPage\",\"@id\":\"https:\\\/\\\/homeofwool.com\\\/shop\\\/ergonomic-pillow\\\/\",\"url\":\"https:\\\/\\\/homeofwool.com\\\/shop\\\/ergonomic-pillow\\\/\",\"name\":\"Ergonomic Pillow \u2013 Optimal Support for Neck Pain Relief | Home of Wool\",\"isPartOf\":{\"@id\":\"https:\\\/\\\/homeofwool.com\\\/#website\"},\"primaryImageOfPage\":{\"@id\":\"https:\\\/\\\/homeofwool.com\\\/shop\\\/ergonomic-pillow\\\/#primaryimage\"},\"image\":{\"@id\":\"https:\\\/\\\/homeofwool.com\\\/shop\\\/ergonomic-pillow\\\/#primaryimage\"},\"thumbnailUrl\":\"https:\\\/\\\/homeofwool.com\\\/wp-content\\\/uploads\\\/2025\\\/09\\\/home-of-wool-wool-ergonomic-pillow-1-main.jpg\",\"datePublished\":\"2025-09-02T12:01:59+00:00\",\"dateModified\":\"2026-04-03T09:16:43+00:00\",\"description\":\"The Ergonomic Pillow offers breathable wool filling for supportive comfort. Hypoallergenic and toxin-free, it helps relieve neck pain naturally for safe, restful, and restorative sleep.\",\"breadcrumb\":{\"@id\":\"https:\\\/\\\/homeofwool.com\\\/shop\\\/ergonomic-pillow\\\/#breadcrumb\"},\"inLanguage\":\"sv-SE\",\"potentialAction\":[{\"@type\":\"ReadAction\",\"target\":[\"https:\\\/\\\/homeofwool.com\\\/shop\\\/ergonomic-pillow\\\/\"]}]},{\"@type\":\"ImageObject\",\"inLanguage\":\"sv-SE\",\"@id\":\"https:\\\/\\\/homeofwool.com\\\/shop\\\/ergonomic-pillow\\\/#primaryimage\",\"url\":\"https:\\\/\\\/homeofwool.com\\\/wp-content\\\/uploads\\\/2025\\\/09\\\/home-of-wool-wool-ergonomic-pillow-1-main.jpg\",\"contentUrl\":\"https:\\\/\\\/homeofwool.com\\\/wp-content\\\/uploads\\\/2025\\\/09\\\/home-of-wool-wool-ergonomic-pillow-1-main.jpg\",\"width\":2000,\"height\":1600,\"caption\":\"wool ergonomic pillow with a person sleeping on it, on a wool mattress\"},{\"@type\":\"BreadcrumbList\",\"@id\":\"https:\\\/\\\/homeofwool.com\\\/shop\\\/ergonomic-pillow\\\/#breadcrumb\",\"itemListElement\":[{\"@type\":\"ListItem\",\"position\":1,\"name\":\"Home\",\"item\":\"https:\\\/\\\/homeofwool.com\\\/\"},{\"@type\":\"ListItem\",\"position\":2,\"name\":\"Products\",\"item\":\"https:\\\/\\\/homeofwool.com\\\/header-search-2\\\/\"},{\"@type\":\"ListItem\",\"position\":3,\"name\":\"Wool Ergonomic Pillow\"}]},{\"@type\":\"WebSite\",\"@id\":\"https:\\\/\\\/homeofwool.com\\\/#website\",\"url\":\"https:\\\/\\\/homeofwool.com\\\/\",\"name\":\"Home of Wool\",\"description\":\"\",\"publisher\":{\"@id\":\"https:\\\/\\\/homeofwool.com\\\/#organization\"},\"potentialAction\":[{\"@type\":\"SearchAction\",\"target\":{\"@type\":\"EntryPoint\",\"urlTemplate\":\"https:\\\/\\\/homeofwool.com\\\/?s={search_term_string}\"},\"query-input\":{\"@type\":\"PropertyValueSpecification\",\"valueRequired\":true,\"valueName\":\"search_term_string\"}}],\"inLanguage\":\"sv-SE\"},{\"@type\":\"Organization\",\"@id\":\"https:\\\/\\\/homeofwool.com\\\/#organization\",\"name\":\"Home of Wool\",\"url\":\"https:\\\/\\\/homeofwool.com\\\/\",\"logo\":{\"@type\":\"ImageObject\",\"inLanguage\":\"sv-SE\",\"@id\":\"https:\\\/\\\/homeofwool.com\\\/#\\\/schema\\\/logo\\\/image\\\/\",\"url\":\"https:\\\/\\\/homeofwool.com\\\/wp-content\\\/uploads\\\/2025\\\/09\\\/WhatsApp-Image-2025-12-02-at-16.23.20.jpeg\",\"contentUrl\":\"https:\\\/\\\/homeofwool.com\\\/wp-content\\\/uploads\\\/2025\\\/09\\\/WhatsApp-Image-2025-12-02-at-16.23.20.jpeg\",\"width\":700,\"height\":247,\"caption\":\"Home of Wool\"},\"image\":{\"@id\":\"https:\\\/\\\/homeofwool.com\\\/#\\\/schema\\\/logo\\\/image\\\/\"},\"sameAs\":[\"https:\\\/\\\/facebook.com\\\/HomeOfWoolOfficial\"]}]}<\/script>\n<!-- \/ Yoast SEO Premium plugin. -->","yoast_head_json":{"title":"Ergonomisk kudde \u2013 optimalt st\u00f6d f\u00f6r lindring av nacksm\u00e4rta | Home of Wool","description":"Ergonomic Pillow har ett ventilerande fyllning av ull som ger st\u00f6djande komfort. Den \u00e4r allergiv\u00e4nlig och giftfri och hj\u00e4lper till att lindra nacksm\u00e4rta p\u00e5 ett naturligt s\u00e4tt f\u00f6r en s\u00e4ker, vilsam och \u00e5terh\u00e4mtande s\u00f6mn.","robots":{"index":"index","follow":"follow","max-snippet":"max-snippet:-1","max-image-preview":"max-image-preview:large","max-video-preview":"max-video-preview:-1"},"canonical":"https:\/\/homeofwool.com\/sv\/butik\/ergonomisk-kudde\/","og_locale":"sv_SE","og_type":"article","og_title":"Wool Ergonomic Pillow","og_description":"The Ergonomic Pillow offers breathable wool filling for supportive comfort. Hypoallergenic and toxin-free, it helps relieve neck pain naturally for safe, restful, and restorative sleep.","og_url":"https:\/\/homeofwool.com\/sv\/butik\/ergonomisk-kudde\/","og_site_name":"Home of Wool","article_publisher":"https:\/\/facebook.com\/HomeOfWoolOfficial","article_modified_time":"2026-04-03T09:16:43+00:00","og_image":[{"width":2000,"height":1600,"url":"https:\/\/homeofwool.com\/wp-content\/uploads\/2025\/09\/home-of-wool-wool-ergonomic-pillow-1-main.jpg","type":"image\/jpeg"}],"twitter_card":"summary_large_image","twitter_misc":{"Ber\u00e4knad l\u00e4stid":"2 minuter"},"schema":{"@context":"https:\/\/schema.org","@graph":[{"@type":"WebPage","@id":"https:\/\/homeofwool.com\/shop\/ergonomic-pillow\/","url":"https:\/\/homeofwool.com\/shop\/ergonomic-pillow\/","name":"Ergonomisk kudde \u2013 optimalt st\u00f6d f\u00f6r lindring av nacksm\u00e4rta | Home of Wool","isPartOf":{"@id":"https:\/\/homeofwool.com\/#website"},"primaryImageOfPage":{"@id":"https:\/\/homeofwool.com\/shop\/ergonomic-pillow\/#primaryimage"},"image":{"@id":"https:\/\/homeofwool.com\/shop\/ergonomic-pillow\/#primaryimage"},"thumbnailUrl":"https:\/\/homeofwool.com\/wp-content\/uploads\/2025\/09\/home-of-wool-wool-ergonomic-pillow-1-main.jpg","datePublished":"2025-09-02T12:01:59+00:00","dateModified":"2026-04-03T09:16:43+00:00","description":"Ergonomic Pillow har ett ventilerande fyllning av ull som ger st\u00f6djande komfort. Den \u00e4r allergiv\u00e4nlig och giftfri och hj\u00e4lper till att lindra nacksm\u00e4rta p\u00e5 ett naturligt s\u00e4tt f\u00f6r en s\u00e4ker, vilsam och \u00e5terh\u00e4mtande s\u00f6mn.","breadcrumb":{"@id":"https:\/\/homeofwool.com\/shop\/ergonomic-pillow\/#breadcrumb"},"inLanguage":"sv-SE","potentialAction":[{"@type":"ReadAction","target":["https:\/\/homeofwool.com\/shop\/ergonomic-pillow\/"]}]},{"@type":"ImageObject","inLanguage":"sv-SE","@id":"https:\/\/homeofwool.com\/shop\/ergonomic-pillow\/#primaryimage","url":"https:\/\/homeofwool.com\/wp-content\/uploads\/2025\/09\/home-of-wool-wool-ergonomic-pillow-1-main.jpg","contentUrl":"https:\/\/homeofwool.com\/wp-content\/uploads\/2025\/09\/home-of-wool-wool-ergonomic-pillow-1-main.jpg","width":2000,"height":1600,"caption":"wool ergonomic pillow with a person sleeping on it, on a wool mattress"},{"@type":"BreadcrumbList","@id":"https:\/\/homeofwool.com\/shop\/ergonomic-pillow\/#breadcrumb","itemListElement":[{"@type":"ListItem","position":1,"name":"Home","item":"https:\/\/homeofwool.com\/"},{"@type":"ListItem","position":2,"name":"Products","item":"https:\/\/homeofwool.com\/header-search-2\/"},{"@type":"ListItem","position":3,"name":"Wool Ergonomic Pillow"}]},{"@type":"WebSite","@id":"https:\/\/homeofwool.com\/#website","url":"https:\/\/homeofwool.com\/","name":"Hem f\u00f6r ull","description":"","publisher":{"@id":"https:\/\/homeofwool.com\/#organization"},"potentialAction":[{"@type":"SearchAction","target":{"@type":"EntryPoint","urlTemplate":"https:\/\/homeofwool.com\/?s={search_term_string}"},"query-input":{"@type":"PropertyValueSpecification","valueRequired":true,"valueName":"search_term_string"}}],"inLanguage":"sv-SE"},{"@type":"Organization","@id":"https:\/\/homeofwool.com\/#organization","name":"Hem f\u00f6r ull","url":"https:\/\/homeofwool.com\/","logo":{"@type":"ImageObject","inLanguage":"sv-SE","@id":"https:\/\/homeofwool.com\/#\/schema\/logo\/image\/","url":"https:\/\/homeofwool.com\/wp-content\/uploads\/2025\/09\/WhatsApp-Image-2025-12-02-at-16.23.20.jpeg","contentUrl":"https:\/\/homeofwool.com\/wp-content\/uploads\/2025\/09\/WhatsApp-Image-2025-12-02-at-16.23.20.jpeg","width":700,"height":247,"caption":"Home of Wool"},"image":{"@id":"https:\/\/homeofwool.com\/#\/schema\/logo\/image\/"},"sameAs":["https:\/\/facebook.com\/HomeOfWoolOfficial"]}]}},"_links":{"self":[{"href":"https:\/\/homeofwool.com\/sv\/wp-json\/wp\/v2\/product\/217642","targetHints":{"allow":["GET"]}}],"collection":[{"href":"https:\/\/homeofwool.com\/sv\/wp-json\/wp\/v2\/product"}],"about":[{"href":"https:\/\/homeofwool.com\/sv\/wp-json\/wp\/v2\/types\/product"}],"version-history":[{"count":2,"href":"https:\/\/homeofwool.com\/sv\/wp-json\/wp\/v2\/product\/217642\/revisions"}],"predecessor-version":[{"id":229219,"href":"https:\/\/homeofwool.com\/sv\/wp-json\/wp\/v2\/product\/217642\/revisions\/229219"}],"wp:featuredmedia":[{"embeddable":true,"href":"https:\/\/homeofwool.com\/sv\/wp-json\/wp\/v2\/media\/219347"}],"wp:attachment":[{"href":"https:\/\/homeofwool.com\/sv\/wp-json\/wp\/v2\/media?parent=217642"}],"wp:term":[{"taxonomy":"product_brand","embeddable":true,"href":"https:\/\/homeofwool.com\/sv\/wp-json\/wp\/v2\/product_brand?post=217642"},{"taxonomy":"product_cat","embeddable":true,"href":"https:\/\/homeofwool.com\/sv\/wp-json\/wp\/v2\/product_cat?post=217642"},{"taxonomy":"product_tag","embeddable":true,"href":"https:\/\/homeofwool.com\/sv\/wp-json\/wp\/v2\/product_tag?post=217642"}],"curies":[{"name":"wp","href":"https:\/\/api.w.org\/{rel}","templated":true}]}}