{"id":217632,"date":"2025-09-02T12:01:58","date_gmt":"2025-09-02T12:01:58","guid":{"rendered":"https:\/\/homeofwool.com\/?post_type=product&#038;p=217632"},"modified":"2025-09-25T13:20:24","modified_gmt":"2025-09-25T13:20:24","slug":"hampatyg","status":"publish","type":"product","link":"https:\/\/homeofwool.com\/sv\/shop\/hemp-fabric\/","title":{"rendered":"100% Hampatyg"},"content":{"rendered":"<p>Ge ditt hem textur och \u00e4kthet med detta ekologiska hampatextil 100%. Detta kemikaliefria tyg \u00e4r tillverkat av rena fibrer och \u00e4r b\u00e5de slitstarkt och helt biologiskt nedbrytbart. Den jordn\u00e4ra f\u00e4rgen ger en r\u00e5 k\u00e4nsla. Det passar bra ihop med rustika m\u00f6bler och bohemiska inredningar. B\u00e5de inomhus och utomhus.<\/p>\n<p>Detta of\u00e4rgade hampatyg \u00e4r starkt men mjuknar med varje tv\u00e4tt och \u00e4r perfekt f\u00f6r h\u00e5llbara plagg som k\u00e4nns naturliga och jordn\u00e4ra. Designers anv\u00e4nder detta hampatyg f\u00f6r heminredning, till exempel f\u00f6r dekorativa m\u00f6belkl\u00e4dsel, kuddfodral eller texturrika v\u00e4ggpaneler. Dess luftiga v\u00e4v g\u00f6r det ocks\u00e5 till ett fantastiskt val f\u00f6r fl\u00f6dande gardiner, boho-tygdraperier eller baldakiner f\u00f6r camping och tr\u00e4dg\u00e5rdsutrymmen.<\/p>\n<p>F\u00f6r kreativa personer \u00e4r det ett m\u00e5ngsidigt och h\u00e5llbart tyg f\u00f6r DIY-projekt. Tyget passar f\u00f6r vardagsplagg som v\u00e4skor eller f\u00f6rkl\u00e4den. Det kan ocks\u00e5 bli en charmig bordsl\u00f6pare.<\/p>\n<p>Detta ekologiska hamptextil v\u00e4ger 290 g\/m\u00b2 och har en bredd p\u00e5 120 cm, vilket g\u00f6r det m\u00e5ngsidigt f\u00f6r b\u00e5de sm\u00e5 hantverk och st\u00f6rre hamptyger f\u00f6r heminredningsprojekt. Varje best\u00e4llning sk\u00e4rs i ett sammanh\u00e4ngande stycke, vilket ger dig full frihet f\u00f6r st\u00f6rre m\u00f6nster.<\/p>\n<p>Detta tidl\u00f6sa och h\u00e5llbara milj\u00f6v\u00e4nliga tyg inbjuder dig att skapa med mening och njuta av ett textil som f\u00f6renar natur, design och vardagsliv.<\/p>","protected":false},"excerpt":{"rendered":"<p>Detta naturliga hampatyg har en rustik \u00f6ppen v\u00e4v som ger varje projekt en extra touch av v\u00e4rme. Det \u00e4r andningsbart och milj\u00f6v\u00e4nligt, vilket g\u00f6r det till ett utm\u00e4rkt val f\u00f6r alla boho-tygprojekt. Fr\u00e5n dekorativa draperier och m\u00f6belkl\u00e4dsel till enkla DIY-projekt \u2013 det ger dig massor av kreativ frihet.<\/p>\n<p><strong>Vikt:<\/strong> 8,5 oz\/yd\u00b2 (290 g\/m\u00b2)<br \/>\n<strong>Bredd<\/strong> : 47\u2033 (120 cm)<\/p>\n<div class=\"global-icon-set\">\n<div class=\"global-icon-set__items\">\n<div class=\"global-icon-set__item\">\n<div class=\"global-icon-set__image\">\n                                    <img decoding=\"async\" src=\"https:\/\/homeofwool.com\/wp-content\/uploads\/2025\/09\/VOCs-min-300x300.png\" alt=\"Vocs gratis\" \/>\n                                <\/div>\n<div class=\"global-icon-set__title\">Fri fr\u00e5n VOC<\/div>\n<\/p><\/div>\n<div class=\"global-icon-set__item\">\n<div class=\"global-icon-set__image\">\n                                    <img decoding=\"async\" src=\"https:\/\/homeofwool.com\/wp-content\/uploads\/2025\/09\/free-of-synthetics-icon-300x300.png\" alt=\"fri fr\u00e5n syntetiska \u00e4mnen ikon\" \/>\n                                <\/div>\n<div class=\"global-icon-set__title\">Fri fr\u00e5n syntetmaterial<\/div>\n<\/p><\/div>\n<div class=\"global-icon-set__item\">\n<div class=\"global-icon-set__image\">\n                                    <img decoding=\"async\" src=\"https:\/\/homeofwool.com\/wp-content\/uploads\/2025\/09\/chemical-free-icon-300x300.png\" alt=\"kemikaliefri ikon\" \/>\n                                <\/div>\n<div class=\"global-icon-set__title\">Fri fr\u00e5n kemikalier<\/div>\n<\/p><\/div>\n<\/p><\/div>\n<\/p><\/div>","protected":false},"featured_media":219301,"template":"","meta":{"_acf_changed":false},"product_brand":[],"product_cat":[25],"product_tag":[261,262,85,86,263,94,95],"class_list":{"0":"post-217632","1":"product","2":"type-product","3":"status-publish","4":"has-post-thumbnail","6":"product_cat-wool-fabrics-batting","7":"product_tag-cotton-fabric-by-the-yard","8":"product_tag-cotton-fabric-for-applique","9":"product_tag-craft-supplies","10":"product_tag-eco-friendly-textile","11":"product_tag-pure-cotton-fabric","12":"product_tag-sewing-supply","13":"product_tag-undyed-fibers","15":"first","16":"instock","17":"shipping-taxable","18":"purchasable","19":"product-type-variable"},"acf":[],"yoast_head":"<!-- This site is optimized with the Yoast SEO Premium plugin v27.3 (Yoast SEO v27.3) - https:\/\/yoast.com\/product\/yoast-seo-premium-wordpress\/ -->\n<title>Hemp Fabric \u2013 Organic, Eco-friendly &amp; Cut-to-size | Home of Wool<\/title>\n<meta name=\"description\" content=\"Natural hemp textile is durable, breathable, and chemical-free with a rich texture. Perfect for flowing drapes, cushions, table runners, home d\u00e9cor, and creative projects.\" \/>\n<meta name=\"robots\" content=\"index, follow, max-snippet:-1, max-image-preview:large, max-video-preview:-1\" \/>\n<link rel=\"canonical\" href=\"https:\/\/homeofwool.com\/sv\/butik\/hampatyg\/\" \/>\n<meta property=\"og:locale\" content=\"sv_SE\" \/>\n<meta property=\"og:type\" content=\"article\" \/>\n<meta property=\"og:title\" content=\"100% Hemp Fabric\" \/>\n<meta property=\"og:description\" content=\"Natural hemp textile is durable, breathable, and chemical-free with a rich texture. Perfect for flowing drapes, cushions, table runners, home d\u00e9cor, and creative projects.\" \/>\n<meta property=\"og:url\" content=\"https:\/\/homeofwool.com\/sv\/butik\/hampatyg\/\" \/>\n<meta property=\"og:site_name\" content=\"Home of Wool\" \/>\n<meta property=\"article:publisher\" content=\"https:\/\/facebook.com\/HomeOfWoolOfficial\" \/>\n<meta property=\"article:modified_time\" content=\"2025-09-25T13:20:24+00:00\" \/>\n<meta property=\"og:image\" content=\"https:\/\/homeofwool.com\/wp-content\/uploads\/2025\/09\/home-of-wool-100-hemp-fabric-1-main.jpg\" \/>\n\t<meta property=\"og:image:width\" content=\"2000\" \/>\n\t<meta property=\"og:image:height\" content=\"1599\" \/>\n\t<meta property=\"og:image:type\" content=\"image\/jpeg\" \/>\n<meta name=\"twitter:card\" content=\"summary_large_image\" \/>\n<meta name=\"twitter:label1\" content=\"Ber\u00e4knad l\u00e4stid\" \/>\n\t<meta name=\"twitter:data1\" content=\"2 minuter\" \/>\n<script type=\"application\/ld+json\" class=\"yoast-schema-graph\">{\"@context\":\"https:\\\/\\\/schema.org\",\"@graph\":[{\"@type\":\"WebPage\",\"@id\":\"https:\\\/\\\/homeofwool.com\\\/da\\\/butik\\\/hampestof\\\/\",\"url\":\"https:\\\/\\\/homeofwool.com\\\/da\\\/butik\\\/hampestof\\\/\",\"name\":\"Hemp Fabric \u2013 Organic, Eco-friendly & Cut-to-size | Home of Wool\",\"isPartOf\":{\"@id\":\"https:\\\/\\\/homeofwool.com\\\/#website\"},\"primaryImageOfPage\":{\"@id\":\"https:\\\/\\\/homeofwool.com\\\/da\\\/butik\\\/hampestof\\\/#primaryimage\"},\"image\":{\"@id\":\"https:\\\/\\\/homeofwool.com\\\/da\\\/butik\\\/hampestof\\\/#primaryimage\"},\"thumbnailUrl\":\"https:\\\/\\\/homeofwool.com\\\/wp-content\\\/uploads\\\/2025\\\/09\\\/home-of-wool-100-hemp-fabric-1-main.jpg\",\"datePublished\":\"2025-09-02T12:01:58+00:00\",\"dateModified\":\"2025-09-25T13:20:24+00:00\",\"description\":\"Natural hemp textile is durable, breathable, and chemical-free with a rich texture. Perfect for flowing drapes, cushions, table runners, home d\u00e9cor, and creative projects.\",\"breadcrumb\":{\"@id\":\"https:\\\/\\\/homeofwool.com\\\/da\\\/butik\\\/hampestof\\\/#breadcrumb\"},\"inLanguage\":\"sv-SE\",\"potentialAction\":[{\"@type\":\"ReadAction\",\"target\":[\"https:\\\/\\\/homeofwool.com\\\/da\\\/butik\\\/hampestof\\\/\"]}]},{\"@type\":\"ImageObject\",\"inLanguage\":\"sv-SE\",\"@id\":\"https:\\\/\\\/homeofwool.com\\\/da\\\/butik\\\/hampestof\\\/#primaryimage\",\"url\":\"https:\\\/\\\/homeofwool.com\\\/wp-content\\\/uploads\\\/2025\\\/09\\\/home-of-wool-100-hemp-fabric-1-main.jpg\",\"contentUrl\":\"https:\\\/\\\/homeofwool.com\\\/wp-content\\\/uploads\\\/2025\\\/09\\\/home-of-wool-100-hemp-fabric-1-main.jpg\",\"width\":2000,\"height\":1599,\"caption\":\"100% hemp fabric close up\"},{\"@type\":\"BreadcrumbList\",\"@id\":\"https:\\\/\\\/homeofwool.com\\\/da\\\/butik\\\/hampestof\\\/#breadcrumb\",\"itemListElement\":[{\"@type\":\"ListItem\",\"position\":1,\"name\":\"Home\",\"item\":\"https:\\\/\\\/homeofwool.com\\\/\"},{\"@type\":\"ListItem\",\"position\":2,\"name\":\"Products\",\"item\":\"https:\\\/\\\/homeofwool.com\\\/header-search-2\\\/\"},{\"@type\":\"ListItem\",\"position\":3,\"name\":\"100% Hemp Fabric\"}]},{\"@type\":\"WebSite\",\"@id\":\"https:\\\/\\\/homeofwool.com\\\/#website\",\"url\":\"https:\\\/\\\/homeofwool.com\\\/\",\"name\":\"Home of Wool\",\"description\":\"\",\"publisher\":{\"@id\":\"https:\\\/\\\/homeofwool.com\\\/#organization\"},\"potentialAction\":[{\"@type\":\"SearchAction\",\"target\":{\"@type\":\"EntryPoint\",\"urlTemplate\":\"https:\\\/\\\/homeofwool.com\\\/?s={search_term_string}\"},\"query-input\":{\"@type\":\"PropertyValueSpecification\",\"valueRequired\":true,\"valueName\":\"search_term_string\"}}],\"inLanguage\":\"sv-SE\"},{\"@type\":\"Organization\",\"@id\":\"https:\\\/\\\/homeofwool.com\\\/#organization\",\"name\":\"Home of Wool\",\"url\":\"https:\\\/\\\/homeofwool.com\\\/\",\"logo\":{\"@type\":\"ImageObject\",\"inLanguage\":\"sv-SE\",\"@id\":\"https:\\\/\\\/homeofwool.com\\\/#\\\/schema\\\/logo\\\/image\\\/\",\"url\":\"https:\\\/\\\/homeofwool.com\\\/wp-content\\\/uploads\\\/2025\\\/09\\\/WhatsApp-Image-2025-12-02-at-16.23.20.jpeg\",\"contentUrl\":\"https:\\\/\\\/homeofwool.com\\\/wp-content\\\/uploads\\\/2025\\\/09\\\/WhatsApp-Image-2025-12-02-at-16.23.20.jpeg\",\"width\":700,\"height\":247,\"caption\":\"Home of Wool\"},\"image\":{\"@id\":\"https:\\\/\\\/homeofwool.com\\\/#\\\/schema\\\/logo\\\/image\\\/\"},\"sameAs\":[\"https:\\\/\\\/facebook.com\\\/HomeOfWoolOfficial\"]}]}<\/script>\n<!-- \/ Yoast SEO Premium plugin. -->","yoast_head_json":{"title":"Hampatyg \u2013 ekologiskt, milj\u00f6v\u00e4nligt och skuret efter m\u00e5tt | Home of Wool","description":"Naturligt hamptextil \u00e4r slitstarkt, andningsbart och kemikaliefritt med en rik textur. Perfekt f\u00f6r fl\u00f6dande draperier, kuddar, bordsl\u00f6pare, heminredning och kreativa projekt.","robots":{"index":"index","follow":"follow","max-snippet":"max-snippet:-1","max-image-preview":"max-image-preview:large","max-video-preview":"max-video-preview:-1"},"canonical":"https:\/\/homeofwool.com\/sv\/butik\/hampatyg\/","og_locale":"sv_SE","og_type":"article","og_title":"100% Hemp Fabric","og_description":"Natural hemp textile is durable, breathable, and chemical-free with a rich texture. Perfect for flowing drapes, cushions, table runners, home d\u00e9cor, and creative projects.","og_url":"https:\/\/homeofwool.com\/sv\/butik\/hampatyg\/","og_site_name":"Home of Wool","article_publisher":"https:\/\/facebook.com\/HomeOfWoolOfficial","article_modified_time":"2025-09-25T13:20:24+00:00","og_image":[{"width":2000,"height":1599,"url":"https:\/\/homeofwool.com\/wp-content\/uploads\/2025\/09\/home-of-wool-100-hemp-fabric-1-main.jpg","type":"image\/jpeg"}],"twitter_card":"summary_large_image","twitter_misc":{"Ber\u00e4knad l\u00e4stid":"2 minuter"},"schema":{"@context":"https:\/\/schema.org","@graph":[{"@type":"WebPage","@id":"https:\/\/homeofwool.com\/da\/butik\/hampestof\/","url":"https:\/\/homeofwool.com\/da\/butik\/hampestof\/","name":"Hampatyg \u2013 ekologiskt, milj\u00f6v\u00e4nligt och skuret efter m\u00e5tt | Home of Wool","isPartOf":{"@id":"https:\/\/homeofwool.com\/#website"},"primaryImageOfPage":{"@id":"https:\/\/homeofwool.com\/da\/butik\/hampestof\/#primaryimage"},"image":{"@id":"https:\/\/homeofwool.com\/da\/butik\/hampestof\/#primaryimage"},"thumbnailUrl":"https:\/\/homeofwool.com\/wp-content\/uploads\/2025\/09\/home-of-wool-100-hemp-fabric-1-main.jpg","datePublished":"2025-09-02T12:01:58+00:00","dateModified":"2025-09-25T13:20:24+00:00","description":"Naturligt hamptextil \u00e4r slitstarkt, andningsbart och kemikaliefritt med en rik textur. Perfekt f\u00f6r fl\u00f6dande draperier, kuddar, bordsl\u00f6pare, heminredning och kreativa projekt.","breadcrumb":{"@id":"https:\/\/homeofwool.com\/da\/butik\/hampestof\/#breadcrumb"},"inLanguage":"sv-SE","potentialAction":[{"@type":"ReadAction","target":["https:\/\/homeofwool.com\/da\/butik\/hampestof\/"]}]},{"@type":"ImageObject","inLanguage":"sv-SE","@id":"https:\/\/homeofwool.com\/da\/butik\/hampestof\/#primaryimage","url":"https:\/\/homeofwool.com\/wp-content\/uploads\/2025\/09\/home-of-wool-100-hemp-fabric-1-main.jpg","contentUrl":"https:\/\/homeofwool.com\/wp-content\/uploads\/2025\/09\/home-of-wool-100-hemp-fabric-1-main.jpg","width":2000,"height":1599,"caption":"100% hemp fabric close up"},{"@type":"BreadcrumbList","@id":"https:\/\/homeofwool.com\/da\/butik\/hampestof\/#breadcrumb","itemListElement":[{"@type":"ListItem","position":1,"name":"Home","item":"https:\/\/homeofwool.com\/"},{"@type":"ListItem","position":2,"name":"Products","item":"https:\/\/homeofwool.com\/header-search-2\/"},{"@type":"ListItem","position":3,"name":"100% Hemp Fabric"}]},{"@type":"WebSite","@id":"https:\/\/homeofwool.com\/#website","url":"https:\/\/homeofwool.com\/","name":"Hem f\u00f6r ull","description":"","publisher":{"@id":"https:\/\/homeofwool.com\/#organization"},"potentialAction":[{"@type":"SearchAction","target":{"@type":"EntryPoint","urlTemplate":"https:\/\/homeofwool.com\/?s={search_term_string}"},"query-input":{"@type":"PropertyValueSpecification","valueRequired":true,"valueName":"search_term_string"}}],"inLanguage":"sv-SE"},{"@type":"Organization","@id":"https:\/\/homeofwool.com\/#organization","name":"Hem f\u00f6r ull","url":"https:\/\/homeofwool.com\/","logo":{"@type":"ImageObject","inLanguage":"sv-SE","@id":"https:\/\/homeofwool.com\/#\/schema\/logo\/image\/","url":"https:\/\/homeofwool.com\/wp-content\/uploads\/2025\/09\/WhatsApp-Image-2025-12-02-at-16.23.20.jpeg","contentUrl":"https:\/\/homeofwool.com\/wp-content\/uploads\/2025\/09\/WhatsApp-Image-2025-12-02-at-16.23.20.jpeg","width":700,"height":247,"caption":"Home of Wool"},"image":{"@id":"https:\/\/homeofwool.com\/#\/schema\/logo\/image\/"},"sameAs":["https:\/\/facebook.com\/HomeOfWoolOfficial"]}]}},"_links":{"self":[{"href":"https:\/\/homeofwool.com\/sv\/wp-json\/wp\/v2\/product\/217632","targetHints":{"allow":["GET"]}}],"collection":[{"href":"https:\/\/homeofwool.com\/sv\/wp-json\/wp\/v2\/product"}],"about":[{"href":"https:\/\/homeofwool.com\/sv\/wp-json\/wp\/v2\/types\/product"}],"version-history":[{"count":0,"href":"https:\/\/homeofwool.com\/sv\/wp-json\/wp\/v2\/product\/217632\/revisions"}],"wp:featuredmedia":[{"embeddable":true,"href":"https:\/\/homeofwool.com\/sv\/wp-json\/wp\/v2\/media\/219301"}],"wp:attachment":[{"href":"https:\/\/homeofwool.com\/sv\/wp-json\/wp\/v2\/media?parent=217632"}],"wp:term":[{"taxonomy":"product_brand","embeddable":true,"href":"https:\/\/homeofwool.com\/sv\/wp-json\/wp\/v2\/product_brand?post=217632"},{"taxonomy":"product_cat","embeddable":true,"href":"https:\/\/homeofwool.com\/sv\/wp-json\/wp\/v2\/product_cat?post=217632"},{"taxonomy":"product_tag","embeddable":true,"href":"https:\/\/homeofwool.com\/sv\/wp-json\/wp\/v2\/product_tag?post=217632"}],"curies":[{"name":"wp","href":"https:\/\/api.w.org\/{rel}","templated":true}]}}