{"id":217592,"date":"2025-09-02T12:01:16","date_gmt":"2025-09-02T12:01:16","guid":{"rendered":"https:\/\/homeofwool.com\/?post_type=product&#038;p=217592"},"modified":"2026-04-09T11:32:10","modified_gmt":"2026-04-09T11:32:10","slug":"babyfilt","status":"publish","type":"product","link":"https:\/\/homeofwool.com\/sv\/shop\/baby-blanket\/","title":{"rendered":"Babyfilt av ren jungfruull"},"content":{"rendered":"<p>V\u00e5r babyfilt 100% i ull ger ditt barn den lugnande k\u00e4nslan av naturens finaste fibrer. Den \u00e4r tillverkad av ren ny ull och skapar en mysig kokong som h\u00e5ller ditt barn varmt under de kallare m\u00e5naderna och behagligt svalt n\u00e4r v\u00e4dret skiftar.<\/p>\n<p>Till skillnad fr\u00e5n syntetiska alternativ inneh\u00e5ller denna ekologiska ullfilt inga kemiska ytbehandlingar eller behandlingar. Det \u00e4r en verkligt allergiv\u00e4nlig babyfilt, s\u00e4ker f\u00f6r k\u00e4nslig hud och f\u00f6r familjer som lever med allergier eller kemisk k\u00e4nslighet. Ull hj\u00e4lper till att skapa en renare sovmilj\u00f6 genom att motverka dammkvalster och m\u00f6gel. Och det utan n\u00e5gra tillsatta kemikalier.<\/p>\n<p>Denna mjuka ullfilt f\u00f6r sp\u00e4dbarn \u00e4r tillverkad f\u00f6r att h\u00e5lla l\u00e4nge och bli ett familjeklenod. Samtidigt \u00e4r den helt biologiskt nedbrytbar, vilket g\u00f6r den till en milj\u00f6v\u00e4nlig babyfilt som du kan k\u00e4nna dig trygg med.<\/p>","protected":false},"excerpt":{"rendered":"<p>Svep in din lilla i den mjuka omfamningen av denna babyfilt i jungfruull. Med naturlig ull beh\u00f6ver du inte oroa dig f\u00f6r kalla f\u00f6tter eller \u00f6verhettning. Ull h\u00e5ller din baby varm n\u00e4r det \u00e4r kyligt och bekv\u00e4m n\u00e4r det \u00e4r varmt. Oavsett om du anv\u00e4nder den i spj\u00e4ls\u00e4ngen, i barnvagnen eller som ett k\u00e4nt familjeklenod, erbjuder denna naturliga babys\u00e4ngkl\u00e4dsel ett lager av komfort och trygghet.<\/p>\n<div class=\"global-icon-set\">\n<div class=\"global-icon-set__items\">\n<div class=\"global-icon-set__item\">\n<div class=\"global-icon-set__image\">\n                                    <img decoding=\"async\" src=\"https:\/\/homeofwool.com\/wp-content\/uploads\/2025\/09\/handmade-icon-300x300.png\" alt=\"handgjord ikon\" \/>\n                                <\/div>\n<div class=\"global-icon-set__title\">Handgjord<\/div>\n<\/p><\/div>\n<div class=\"global-icon-set__item\">\n<div class=\"global-icon-set__image\">\n                                    <img decoding=\"async\" src=\"https:\/\/homeofwool.com\/wp-content\/uploads\/2025\/09\/wicks-moisture-away-300x300.png\" alt=\"transporterar bort fukt\" \/>\n                                <\/div>\n<div class=\"global-icon-set__title\">Transporterar bort fukt<\/div>\n<\/p><\/div>\n<div class=\"global-icon-set__item\">\n<div class=\"global-icon-set__image\">\n                                    <img decoding=\"async\" src=\"https:\/\/homeofwool.com\/wp-content\/uploads\/2025\/09\/VOCs-min-300x300.png\" alt=\"Vocs gratis\" \/>\n                                <\/div>\n<div class=\"global-icon-set__title\">Fri fr\u00e5n VOC<\/div>\n<\/p><\/div>\n<div class=\"global-icon-set__item\">\n<div class=\"global-icon-set__image\">\n                                    <img decoding=\"async\" src=\"https:\/\/homeofwool.com\/wp-content\/uploads\/2025\/09\/FR-min-300x300.png\" alt=\"Brandbest\u00e4ndig ikon\" \/>\n                                <\/div>\n<div class=\"global-icon-set__title\">Flamskyddad<\/div>\n<\/p><\/div>\n<div class=\"global-icon-set__item\">\n<div class=\"global-icon-set__image\">\n                                    <img decoding=\"async\" src=\"https:\/\/homeofwool.com\/wp-content\/uploads\/2025\/09\/Hypoallergenic-min-300x300.png\" alt=\"hypoallergen ikon\" \/>\n                                <\/div>\n<div class=\"global-icon-set__title\">Allergiv\u00e4nlig<\/div>\n<\/p><\/div>\n<div class=\"global-icon-set__item\">\n<div class=\"global-icon-set__image\">\n                                    <img decoding=\"async\" src=\"https:\/\/homeofwool.com\/wp-content\/uploads\/2025\/09\/free-of-synthetics-icon-300x300.png\" alt=\"fri fr\u00e5n syntetiska \u00e4mnen ikon\" \/>\n                                <\/div>\n<div class=\"global-icon-set__title\">Fri fr\u00e5n syntetmaterial<\/div>\n<\/p><\/div>\n<div class=\"global-icon-set__item\">\n<div class=\"global-icon-set__image\">\n                                    <img decoding=\"async\" src=\"https:\/\/homeofwool.com\/wp-content\/uploads\/2025\/09\/chemical-free-icon-300x300.png\" alt=\"kemikaliefri ikon\" \/>\n                                <\/div>\n<div class=\"global-icon-set__title\">Fri fr\u00e5n kemikalier<\/div>\n<\/p><\/div>\n<div class=\"global-icon-set__item\">\n<div class=\"global-icon-set__image\">\n                                    <img decoding=\"async\" src=\"https:\/\/homeofwool.com\/wp-content\/uploads\/2025\/09\/anti-bacterial-icon-300x300.png\" alt=\"antibakteriell ikon\" \/>\n                                <\/div>\n<div class=\"global-icon-set__title\">Anti-mikrobiell och anti-bakteriell<\/div>\n<\/p><\/div>\n<div class=\"global-icon-set__item\">\n<div class=\"global-icon-set__image\">\n                                    <img decoding=\"async\" src=\"https:\/\/homeofwool.com\/wp-content\/uploads\/2025\/09\/certified-materials-icon-300x300.png\" alt=\"ikon f\u00f6r certifierade material\" \/>\n                                <\/div>\n<div class=\"global-icon-set__title\">100% Rent certifierat material<\/div>\n<\/p><\/div>\n<\/p><\/div>\n<\/p><\/div>","protected":false},"featured_media":226812,"template":"","meta":{"_acf_changed":false},"product_brand":[],"product_cat":[266,60,267],"product_tag":[123,297,441,442,67,149,443],"class_list":{"0":"post-217592","1":"product","2":"type-product","3":"status-publish","4":"has-post-thumbnail","6":"product_cat-baby-sleep-products","7":"product_cat-blankets-duvets","8":"product_cat-nursery","9":"product_tag-baby-shower-gift","10":"product_tag-baby-swaddle","11":"product_tag-newborn-blanket","12":"product_tag-personalised-blanket","13":"product_tag-pure-wool-blanket","14":"product_tag-steps","15":"product_tag-swaddle-blankets","17":"first","18":"instock","19":"shipping-taxable","20":"purchasable","21":"product-type-simple"},"acf":[],"yoast_head":"<!-- This site is optimized with the Yoast SEO Premium plugin v27.3 (Yoast SEO v27.3) - https:\/\/yoast.com\/product\/yoast-seo-premium-wordpress\/ -->\n<title>Baby Blanket \u2013 Cozy Personalized Baby Blankets | Home of Wool<\/title>\n<meta name=\"description\" content=\"Soft and customizable, the Baby Blanket features breathable wool filling for cozy comfort. Hypoallergenic and toxin-free, it provides safe warmth and rest for infants and toddlers alike.\" \/>\n<meta name=\"robots\" content=\"index, follow, max-snippet:-1, max-image-preview:large, max-video-preview:-1\" \/>\n<link rel=\"canonical\" href=\"https:\/\/homeofwool.com\/sv\/butik\/babyfilt\/\" \/>\n<meta property=\"og:locale\" content=\"sv_SE\" \/>\n<meta property=\"og:type\" content=\"article\" \/>\n<meta property=\"og:title\" content=\"Pure Virgin Wool Baby Blanket\" \/>\n<meta property=\"og:description\" content=\"Soft and customizable, the Baby Blanket features breathable wool filling for cozy comfort. Hypoallergenic and toxin-free, it provides safe warmth and rest for infants and toddlers alike.\" \/>\n<meta property=\"og:url\" content=\"https:\/\/homeofwool.com\/sv\/butik\/babyfilt\/\" \/>\n<meta property=\"og:site_name\" content=\"Home of Wool\" \/>\n<meta property=\"article:publisher\" content=\"https:\/\/facebook.com\/HomeOfWoolOfficial\" \/>\n<meta property=\"article:modified_time\" content=\"2026-04-09T11:32:10+00:00\" \/>\n<meta property=\"og:image\" content=\"https:\/\/homeofwool.com\/wp-content\/uploads\/2025\/09\/home-of-wool-wool-baby-blanket-1-mainn.jpg\" \/>\n\t<meta property=\"og:image:width\" content=\"1704\" \/>\n\t<meta property=\"og:image:height\" content=\"1363\" \/>\n\t<meta property=\"og:image:type\" content=\"image\/jpeg\" \/>\n<meta name=\"twitter:card\" content=\"summary_large_image\" \/>\n<meta name=\"twitter:label1\" content=\"Ber\u00e4knad l\u00e4stid\" \/>\n\t<meta name=\"twitter:data1\" content=\"1 minut\" \/>\n<script type=\"application\/ld+json\" class=\"yoast-schema-graph\">{\"@context\":\"https:\\\/\\\/schema.org\",\"@graph\":[{\"@type\":\"WebPage\",\"@id\":\"https:\\\/\\\/homeofwool.com\\\/shop\\\/baby-blanket\\\/\",\"url\":\"https:\\\/\\\/homeofwool.com\\\/shop\\\/baby-blanket\\\/\",\"name\":\"Baby Blanket \u2013 Cozy Personalized Baby Blankets | Home of Wool\",\"isPartOf\":{\"@id\":\"https:\\\/\\\/homeofwool.com\\\/#website\"},\"primaryImageOfPage\":{\"@id\":\"https:\\\/\\\/homeofwool.com\\\/shop\\\/baby-blanket\\\/#primaryimage\"},\"image\":{\"@id\":\"https:\\\/\\\/homeofwool.com\\\/shop\\\/baby-blanket\\\/#primaryimage\"},\"thumbnailUrl\":\"https:\\\/\\\/homeofwool.com\\\/wp-content\\\/uploads\\\/2025\\\/09\\\/home-of-wool-wool-baby-blanket-1-mainn.jpg\",\"datePublished\":\"2025-09-02T12:01:16+00:00\",\"dateModified\":\"2026-04-09T11:32:10+00:00\",\"description\":\"Soft and customizable, the Baby Blanket features breathable wool filling for cozy comfort. Hypoallergenic and toxin-free, it provides safe warmth and rest for infants and toddlers alike.\",\"breadcrumb\":{\"@id\":\"https:\\\/\\\/homeofwool.com\\\/shop\\\/baby-blanket\\\/#breadcrumb\"},\"inLanguage\":\"sv-SE\",\"potentialAction\":[{\"@type\":\"ReadAction\",\"target\":[\"https:\\\/\\\/homeofwool.com\\\/shop\\\/baby-blanket\\\/\"]}]},{\"@type\":\"ImageObject\",\"inLanguage\":\"sv-SE\",\"@id\":\"https:\\\/\\\/homeofwool.com\\\/shop\\\/baby-blanket\\\/#primaryimage\",\"url\":\"https:\\\/\\\/homeofwool.com\\\/wp-content\\\/uploads\\\/2025\\\/09\\\/home-of-wool-wool-baby-blanket-1-mainn.jpg\",\"contentUrl\":\"https:\\\/\\\/homeofwool.com\\\/wp-content\\\/uploads\\\/2025\\\/09\\\/home-of-wool-wool-baby-blanket-1-mainn.jpg\",\"width\":1704,\"height\":1363,\"caption\":\"wool baby blanket\"},{\"@type\":\"BreadcrumbList\",\"@id\":\"https:\\\/\\\/homeofwool.com\\\/shop\\\/baby-blanket\\\/#breadcrumb\",\"itemListElement\":[{\"@type\":\"ListItem\",\"position\":1,\"name\":\"Home\",\"item\":\"https:\\\/\\\/homeofwool.com\\\/\"},{\"@type\":\"ListItem\",\"position\":2,\"name\":\"Products\",\"item\":\"https:\\\/\\\/homeofwool.com\\\/header-search-2\\\/\"},{\"@type\":\"ListItem\",\"position\":3,\"name\":\"Pure Virgin Wool Baby Blanket\"}]},{\"@type\":\"WebSite\",\"@id\":\"https:\\\/\\\/homeofwool.com\\\/#website\",\"url\":\"https:\\\/\\\/homeofwool.com\\\/\",\"name\":\"Home of Wool\",\"description\":\"\",\"publisher\":{\"@id\":\"https:\\\/\\\/homeofwool.com\\\/#organization\"},\"potentialAction\":[{\"@type\":\"SearchAction\",\"target\":{\"@type\":\"EntryPoint\",\"urlTemplate\":\"https:\\\/\\\/homeofwool.com\\\/?s={search_term_string}\"},\"query-input\":{\"@type\":\"PropertyValueSpecification\",\"valueRequired\":true,\"valueName\":\"search_term_string\"}}],\"inLanguage\":\"sv-SE\"},{\"@type\":\"Organization\",\"@id\":\"https:\\\/\\\/homeofwool.com\\\/#organization\",\"name\":\"Home of Wool\",\"url\":\"https:\\\/\\\/homeofwool.com\\\/\",\"logo\":{\"@type\":\"ImageObject\",\"inLanguage\":\"sv-SE\",\"@id\":\"https:\\\/\\\/homeofwool.com\\\/#\\\/schema\\\/logo\\\/image\\\/\",\"url\":\"https:\\\/\\\/homeofwool.com\\\/wp-content\\\/uploads\\\/2025\\\/09\\\/WhatsApp-Image-2025-12-02-at-16.23.20.jpeg\",\"contentUrl\":\"https:\\\/\\\/homeofwool.com\\\/wp-content\\\/uploads\\\/2025\\\/09\\\/WhatsApp-Image-2025-12-02-at-16.23.20.jpeg\",\"width\":700,\"height\":247,\"caption\":\"Home of Wool\"},\"image\":{\"@id\":\"https:\\\/\\\/homeofwool.com\\\/#\\\/schema\\\/logo\\\/image\\\/\"},\"sameAs\":[\"https:\\\/\\\/facebook.com\\\/HomeOfWoolOfficial\"]}]}<\/script>\n<!-- \/ Yoast SEO Premium plugin. -->","yoast_head_json":{"title":"Babyfilt \u2013 Mysiga personliga babyfiltar | Home of Wool","description":"Baby Blanket \u00e4r mjuk och anpassningsbar och har ett andningsbart ullfyllning f\u00f6r mysig komfort. Den \u00e4r allergiv\u00e4nlig och giftfri och ger s\u00e4ker v\u00e4rme och vila f\u00f6r b\u00e5de sp\u00e4dbarn och sm\u00e5barn.","robots":{"index":"index","follow":"follow","max-snippet":"max-snippet:-1","max-image-preview":"max-image-preview:large","max-video-preview":"max-video-preview:-1"},"canonical":"https:\/\/homeofwool.com\/sv\/butik\/babyfilt\/","og_locale":"sv_SE","og_type":"article","og_title":"Pure Virgin Wool Baby Blanket","og_description":"Soft and customizable, the Baby Blanket features breathable wool filling for cozy comfort. Hypoallergenic and toxin-free, it provides safe warmth and rest for infants and toddlers alike.","og_url":"https:\/\/homeofwool.com\/sv\/butik\/babyfilt\/","og_site_name":"Home of Wool","article_publisher":"https:\/\/facebook.com\/HomeOfWoolOfficial","article_modified_time":"2026-04-09T11:32:10+00:00","og_image":[{"width":1704,"height":1363,"url":"https:\/\/homeofwool.com\/wp-content\/uploads\/2025\/09\/home-of-wool-wool-baby-blanket-1-mainn.jpg","type":"image\/jpeg"}],"twitter_card":"summary_large_image","twitter_misc":{"Ber\u00e4knad l\u00e4stid":"1 minut"},"schema":{"@context":"https:\/\/schema.org","@graph":[{"@type":"WebPage","@id":"https:\/\/homeofwool.com\/shop\/baby-blanket\/","url":"https:\/\/homeofwool.com\/shop\/baby-blanket\/","name":"Babyfilt \u2013 Mysiga personliga babyfiltar | Home of Wool","isPartOf":{"@id":"https:\/\/homeofwool.com\/#website"},"primaryImageOfPage":{"@id":"https:\/\/homeofwool.com\/shop\/baby-blanket\/#primaryimage"},"image":{"@id":"https:\/\/homeofwool.com\/shop\/baby-blanket\/#primaryimage"},"thumbnailUrl":"https:\/\/homeofwool.com\/wp-content\/uploads\/2025\/09\/home-of-wool-wool-baby-blanket-1-mainn.jpg","datePublished":"2025-09-02T12:01:16+00:00","dateModified":"2026-04-09T11:32:10+00:00","description":"Baby Blanket \u00e4r mjuk och anpassningsbar och har ett andningsbart ullfyllning f\u00f6r mysig komfort. Den \u00e4r allergiv\u00e4nlig och giftfri och ger s\u00e4ker v\u00e4rme och vila f\u00f6r b\u00e5de sp\u00e4dbarn och sm\u00e5barn.","breadcrumb":{"@id":"https:\/\/homeofwool.com\/shop\/baby-blanket\/#breadcrumb"},"inLanguage":"sv-SE","potentialAction":[{"@type":"ReadAction","target":["https:\/\/homeofwool.com\/shop\/baby-blanket\/"]}]},{"@type":"ImageObject","inLanguage":"sv-SE","@id":"https:\/\/homeofwool.com\/shop\/baby-blanket\/#primaryimage","url":"https:\/\/homeofwool.com\/wp-content\/uploads\/2025\/09\/home-of-wool-wool-baby-blanket-1-mainn.jpg","contentUrl":"https:\/\/homeofwool.com\/wp-content\/uploads\/2025\/09\/home-of-wool-wool-baby-blanket-1-mainn.jpg","width":1704,"height":1363,"caption":"wool baby blanket"},{"@type":"BreadcrumbList","@id":"https:\/\/homeofwool.com\/shop\/baby-blanket\/#breadcrumb","itemListElement":[{"@type":"ListItem","position":1,"name":"Home","item":"https:\/\/homeofwool.com\/"},{"@type":"ListItem","position":2,"name":"Products","item":"https:\/\/homeofwool.com\/header-search-2\/"},{"@type":"ListItem","position":3,"name":"Pure Virgin Wool Baby Blanket"}]},{"@type":"WebSite","@id":"https:\/\/homeofwool.com\/#website","url":"https:\/\/homeofwool.com\/","name":"Hem f\u00f6r ull","description":"","publisher":{"@id":"https:\/\/homeofwool.com\/#organization"},"potentialAction":[{"@type":"SearchAction","target":{"@type":"EntryPoint","urlTemplate":"https:\/\/homeofwool.com\/?s={search_term_string}"},"query-input":{"@type":"PropertyValueSpecification","valueRequired":true,"valueName":"search_term_string"}}],"inLanguage":"sv-SE"},{"@type":"Organization","@id":"https:\/\/homeofwool.com\/#organization","name":"Hem f\u00f6r ull","url":"https:\/\/homeofwool.com\/","logo":{"@type":"ImageObject","inLanguage":"sv-SE","@id":"https:\/\/homeofwool.com\/#\/schema\/logo\/image\/","url":"https:\/\/homeofwool.com\/wp-content\/uploads\/2025\/09\/WhatsApp-Image-2025-12-02-at-16.23.20.jpeg","contentUrl":"https:\/\/homeofwool.com\/wp-content\/uploads\/2025\/09\/WhatsApp-Image-2025-12-02-at-16.23.20.jpeg","width":700,"height":247,"caption":"Home of Wool"},"image":{"@id":"https:\/\/homeofwool.com\/#\/schema\/logo\/image\/"},"sameAs":["https:\/\/facebook.com\/HomeOfWoolOfficial"]}]}},"_links":{"self":[{"href":"https:\/\/homeofwool.com\/sv\/wp-json\/wp\/v2\/product\/217592","targetHints":{"allow":["GET"]}}],"collection":[{"href":"https:\/\/homeofwool.com\/sv\/wp-json\/wp\/v2\/product"}],"about":[{"href":"https:\/\/homeofwool.com\/sv\/wp-json\/wp\/v2\/types\/product"}],"version-history":[{"count":2,"href":"https:\/\/homeofwool.com\/sv\/wp-json\/wp\/v2\/product\/217592\/revisions"}],"predecessor-version":[{"id":226816,"href":"https:\/\/homeofwool.com\/sv\/wp-json\/wp\/v2\/product\/217592\/revisions\/226816"}],"wp:featuredmedia":[{"embeddable":true,"href":"https:\/\/homeofwool.com\/sv\/wp-json\/wp\/v2\/media\/226812"}],"wp:attachment":[{"href":"https:\/\/homeofwool.com\/sv\/wp-json\/wp\/v2\/media?parent=217592"}],"wp:term":[{"taxonomy":"product_brand","embeddable":true,"href":"https:\/\/homeofwool.com\/sv\/wp-json\/wp\/v2\/product_brand?post=217592"},{"taxonomy":"product_cat","embeddable":true,"href":"https:\/\/homeofwool.com\/sv\/wp-json\/wp\/v2\/product_cat?post=217592"},{"taxonomy":"product_tag","embeddable":true,"href":"https:\/\/homeofwool.com\/sv\/wp-json\/wp\/v2\/product_tag?post=217592"}],"curies":[{"name":"wp","href":"https:\/\/api.w.org\/{rel}","templated":true}]}}