{"id":217591,"date":"2025-09-02T12:01:16","date_gmt":"2025-09-02T12:01:16","guid":{"rendered":"https:\/\/homeofwool.com\/?post_type=product&#038;p=217591"},"modified":"2026-01-21T12:20:48","modified_gmt":"2026-01-21T12:20:48","slug":"tacke-prov","status":"publish","type":"product","link":"https:\/\/homeofwool.com\/sv\/shop\/duvet-sample\/","title":{"rendered":"Prov p\u00e5 t\u00e4ckeinsats i ull"},"content":{"rendered":"<p>Att v\u00e4lja r\u00e4tt s\u00e4ngkl\u00e4der \u00e4r en mycket personlig sak, d\u00e4rf\u00f6r har vi tagit fram ett prov p\u00e5 v\u00e5ra t\u00e4cken. Denna kvadratiska bit p\u00e5 40 x 40 cm ger dig m\u00f6jlighet att k\u00e4nna, se och sova med v\u00e5ra handgjorda ullt\u00e4cken. Den \u00e4r fylld med ren ull och handquiltad f\u00f6r extra h\u00e5llbarhet, och har samma hantverksm\u00e4ssiga detaljrikedom som v\u00e5ra t\u00e4cken i full storlek.<\/p>\n<p>Ull h\u00e5ller din kropp vid r\u00e4tt temperatur. N\u00e4r rummet \u00e4r varmt hj\u00e4lper det dig att h\u00e5lla dig sval och fr\u00e4sch. N\u00e4r det \u00e4r kyligt h\u00e5ller det dig varm utan att du blir \u00f6verhettad. Det \u00e4r d\u00e4rf\u00f6r ullt\u00e4cken alltid k\u00e4nns precis r\u00e4tt. De hj\u00e4lper dig att somna in i en djupare s\u00f6mn som inte st\u00f6rs av \u00f6verhettning eller fukt.<\/p>\n<p>En annan sak som m\u00e4nniskor uppskattar med ull \u00e4r att det \u00e4r skonsamt mot k\u00e4nsliga sovande. Om du eller n\u00e5gon i din familj har allergier eller astma \u00e4r det ett s\u00e4kert val av flera sk\u00e4l. F\u00f6r det f\u00f6rsta trivs inte dammkvalster och m\u00f6gel i ull. F\u00f6r det andra beh\u00f6ver ull ingen kemisk behandling f\u00f6r att h\u00e5lla sig fr\u00e4scht och fantastiskt. F\u00f6r det tredje \u00e4r ulls\u00e4ngkl\u00e4der helt naturliga och inneh\u00e5ller inga flyktiga organiska f\u00f6reningar. Det \u00e4r den b\u00e4sta naturliga s\u00f6mnl\u00f6sningen.<\/p>\n<p>Detta lilla t\u00e4cke \u00e4r biologiskt nedbrytbart och tillverkat av f\u00f6rnybara material, och f\u00f6rkroppsligar v\u00e5r filosofi om h\u00e5llbar lyx. Om du funderar p\u00e5 att investera i en h\u00e4lsosammare s\u00f6mn kan du prova detta prov innan du best\u00e4mmer dig, s\u00e5 att du kan k\u00e4nna dig s\u00e4ker p\u00e5 att du vill ha naturliga ulls\u00e4ngkl\u00e4der i ditt hem. Och f\u00f6r att vara praktisk kan det anv\u00e4ndas l\u00e5ngt efter att du testat det: det kan anv\u00e4ndas som ett t\u00e4cke till en docka, en mysig stolskudde, en praktisk matta f\u00f6r husdjur eller till och med en liten resekudde.<\/p>","protected":false},"excerpt":{"rendered":"<p>\u00c4r du nyfiken p\u00e5 s\u00e4ngkl\u00e4der av ull? Med v\u00e5rt prov p\u00e5 t\u00e4cke kan du uppleva komforten med naturlig ull innan du investerar i ett t\u00e4cke i full storlek. Det \u00e4r det perfekta s\u00e4ttet att prova innan du best\u00e4mmer dig. Tveka inte att uppleva andningsf\u00f6rm\u00e5gan och renheten hos h\u00e5llbar lyx hemma. Ta det f\u00f6rsta steget mot b\u00e4ttre s\u00f6mn. Du kommer att tacka oss senare.<\/p>","protected":false},"featured_media":218635,"template":"","meta":{"_acf_changed":false},"product_brand":[],"product_cat":[253,60],"product_tag":[428,429,430,431,432,433,434],"class_list":{"0":"post-217591","1":"product","2":"type-product","3":"status-publish","4":"has-post-thumbnail","6":"product_cat-product-samples","7":"product_cat-blankets-duvets","8":"product_tag-custom-comforter","9":"product_tag-down-alternative-comforter","10":"product_tag-duvet-insert","11":"product_tag-duvet-insert-king","12":"product_tag-duvet-insert-queen","13":"product_tag-quilt-covers","14":"product_tag-quilted-comforter","16":"first","17":"instock","18":"shipping-taxable","19":"purchasable","20":"product-type-variable"},"acf":[],"yoast_head":"<!-- This site is optimized with the Yoast SEO Premium plugin v27.4 (Yoast SEO v27.4) - https:\/\/yoast.com\/product\/yoast-seo-premium-wordpress\/ -->\n<title>Wool Duvet Insert Sample \u2013 Try Before Buying | Home of Wool<\/title>\n<meta name=\"description\" content=\"Pure and natural, the Wool Duvet Insert Sample lets you experience breathable wool comfort before you buy. Hypoallergenic and toxin-free, it\u2019s an easy way to test sustainable bedding.\" \/>\n<meta name=\"robots\" content=\"index, follow, max-snippet:-1, max-image-preview:large, max-video-preview:-1\" \/>\n<link rel=\"canonical\" href=\"https:\/\/homeofwool.com\/sv\/butik\/tacke-prov\/\" \/>\n<meta property=\"og:locale\" content=\"sv_SE\" \/>\n<meta property=\"og:type\" content=\"article\" \/>\n<meta property=\"og:title\" content=\"Wool Duvet Insert Sample\" \/>\n<meta property=\"og:description\" content=\"Pure and natural, the Wool Duvet Insert Sample lets you experience breathable wool comfort before you buy. Hypoallergenic and toxin-free, it\u2019s an easy way to test sustainable bedding.\" \/>\n<meta property=\"og:url\" content=\"https:\/\/homeofwool.com\/sv\/butik\/tacke-prov\/\" \/>\n<meta property=\"og:site_name\" content=\"Home of Wool\" \/>\n<meta property=\"article:publisher\" content=\"https:\/\/facebook.com\/HomeOfWoolOfficial\" \/>\n<meta property=\"article:modified_time\" content=\"2026-01-21T12:20:48+00:00\" \/>\n<meta property=\"og:image\" content=\"https:\/\/homeofwool.com\/wp-content\/uploads\/2025\/09\/home-of-wool-wool-duvet-insert-sample-1-main.jpg\" \/>\n\t<meta property=\"og:image:width\" content=\"1900\" \/>\n\t<meta property=\"og:image:height\" content=\"1520\" \/>\n\t<meta property=\"og:image:type\" content=\"image\/jpeg\" \/>\n<meta name=\"twitter:card\" content=\"summary_large_image\" \/>\n<meta name=\"twitter:label1\" content=\"Ber\u00e4knad l\u00e4stid\" \/>\n\t<meta name=\"twitter:data1\" content=\"2 minuter\" \/>\n<script type=\"application\/ld+json\" class=\"yoast-schema-graph\">{\"@context\":\"https:\\\/\\\/schema.org\",\"@graph\":[{\"@type\":\"WebPage\",\"@id\":\"https:\\\/\\\/homeofwool.com\\\/shop\\\/duvet-sample\\\/\",\"url\":\"https:\\\/\\\/homeofwool.com\\\/shop\\\/duvet-sample\\\/\",\"name\":\"Wool Duvet Insert Sample \u2013 Try Before Buying | Home of Wool\",\"isPartOf\":{\"@id\":\"https:\\\/\\\/homeofwool.com\\\/#website\"},\"primaryImageOfPage\":{\"@id\":\"https:\\\/\\\/homeofwool.com\\\/shop\\\/duvet-sample\\\/#primaryimage\"},\"image\":{\"@id\":\"https:\\\/\\\/homeofwool.com\\\/shop\\\/duvet-sample\\\/#primaryimage\"},\"thumbnailUrl\":\"https:\\\/\\\/homeofwool.com\\\/wp-content\\\/uploads\\\/2025\\\/09\\\/home-of-wool-wool-duvet-insert-sample-1-main.jpg\",\"datePublished\":\"2025-09-02T12:01:16+00:00\",\"dateModified\":\"2026-01-21T12:20:48+00:00\",\"description\":\"Pure and natural, the Wool Duvet Insert Sample lets you experience breathable wool comfort before you buy. Hypoallergenic and toxin-free, it\u2019s an easy way to test sustainable bedding.\",\"breadcrumb\":{\"@id\":\"https:\\\/\\\/homeofwool.com\\\/shop\\\/duvet-sample\\\/#breadcrumb\"},\"inLanguage\":\"sv-SE\",\"potentialAction\":[{\"@type\":\"ReadAction\",\"target\":[\"https:\\\/\\\/homeofwool.com\\\/shop\\\/duvet-sample\\\/\"]}]},{\"@type\":\"ImageObject\",\"inLanguage\":\"sv-SE\",\"@id\":\"https:\\\/\\\/homeofwool.com\\\/shop\\\/duvet-sample\\\/#primaryimage\",\"url\":\"https:\\\/\\\/homeofwool.com\\\/wp-content\\\/uploads\\\/2025\\\/09\\\/home-of-wool-wool-duvet-insert-sample-1-main.jpg\",\"contentUrl\":\"https:\\\/\\\/homeofwool.com\\\/wp-content\\\/uploads\\\/2025\\\/09\\\/home-of-wool-wool-duvet-insert-sample-1-main.jpg\",\"width\":1900,\"height\":1520,\"caption\":\"wool duvet insert sample with home of wool tag\"},{\"@type\":\"BreadcrumbList\",\"@id\":\"https:\\\/\\\/homeofwool.com\\\/shop\\\/duvet-sample\\\/#breadcrumb\",\"itemListElement\":[{\"@type\":\"ListItem\",\"position\":1,\"name\":\"Home\",\"item\":\"https:\\\/\\\/homeofwool.com\\\/\"},{\"@type\":\"ListItem\",\"position\":2,\"name\":\"Products\",\"item\":\"https:\\\/\\\/homeofwool.com\\\/header-search-2\\\/\"},{\"@type\":\"ListItem\",\"position\":3,\"name\":\"Wool Duvet Insert Sample\"}]},{\"@type\":\"WebSite\",\"@id\":\"https:\\\/\\\/homeofwool.com\\\/#website\",\"url\":\"https:\\\/\\\/homeofwool.com\\\/\",\"name\":\"Home of Wool\",\"description\":\"\",\"publisher\":{\"@id\":\"https:\\\/\\\/homeofwool.com\\\/#organization\"},\"potentialAction\":[{\"@type\":\"SearchAction\",\"target\":{\"@type\":\"EntryPoint\",\"urlTemplate\":\"https:\\\/\\\/homeofwool.com\\\/?s={search_term_string}\"},\"query-input\":{\"@type\":\"PropertyValueSpecification\",\"valueRequired\":true,\"valueName\":\"search_term_string\"}}],\"inLanguage\":\"sv-SE\"},{\"@type\":\"Organization\",\"@id\":\"https:\\\/\\\/homeofwool.com\\\/#organization\",\"name\":\"Home of Wool\",\"url\":\"https:\\\/\\\/homeofwool.com\\\/\",\"logo\":{\"@type\":\"ImageObject\",\"inLanguage\":\"sv-SE\",\"@id\":\"https:\\\/\\\/homeofwool.com\\\/#\\\/schema\\\/logo\\\/image\\\/\",\"url\":\"https:\\\/\\\/homeofwool.com\\\/wp-content\\\/uploads\\\/2025\\\/09\\\/WhatsApp-Image-2025-12-02-at-16.23.20.jpeg\",\"contentUrl\":\"https:\\\/\\\/homeofwool.com\\\/wp-content\\\/uploads\\\/2025\\\/09\\\/WhatsApp-Image-2025-12-02-at-16.23.20.jpeg\",\"width\":700,\"height\":247,\"caption\":\"Home of Wool\"},\"image\":{\"@id\":\"https:\\\/\\\/homeofwool.com\\\/#\\\/schema\\\/logo\\\/image\\\/\"},\"sameAs\":[\"https:\\\/\\\/facebook.com\\\/HomeOfWoolOfficial\"]}]}<\/script>\n<!-- \/ Yoast SEO Premium plugin. -->","yoast_head_json":{"title":"Prov p\u00e5 ullt\u00e4cke \u2013 prova innan du k\u00f6per | Home of Wool","description":"Ren och naturlig, med provet p\u00e5 ullt\u00e4cke kan du uppleva ullens andningskomfort innan du k\u00f6per. Allergiv\u00e4nligt och giftfritt, ett enkelt s\u00e4tt att testa h\u00e5llbara s\u00e4ngkl\u00e4der.","robots":{"index":"index","follow":"follow","max-snippet":"max-snippet:-1","max-image-preview":"max-image-preview:large","max-video-preview":"max-video-preview:-1"},"canonical":"https:\/\/homeofwool.com\/sv\/butik\/tacke-prov\/","og_locale":"sv_SE","og_type":"article","og_title":"Wool Duvet Insert Sample","og_description":"Pure and natural, the Wool Duvet Insert Sample lets you experience breathable wool comfort before you buy. Hypoallergenic and toxin-free, it\u2019s an easy way to test sustainable bedding.","og_url":"https:\/\/homeofwool.com\/sv\/butik\/tacke-prov\/","og_site_name":"Home of Wool","article_publisher":"https:\/\/facebook.com\/HomeOfWoolOfficial","article_modified_time":"2026-01-21T12:20:48+00:00","og_image":[{"width":1900,"height":1520,"url":"https:\/\/homeofwool.com\/wp-content\/uploads\/2025\/09\/home-of-wool-wool-duvet-insert-sample-1-main.jpg","type":"image\/jpeg"}],"twitter_card":"summary_large_image","twitter_misc":{"Ber\u00e4knad l\u00e4stid":"2 minuter"},"schema":{"@context":"https:\/\/schema.org","@graph":[{"@type":"WebPage","@id":"https:\/\/homeofwool.com\/shop\/duvet-sample\/","url":"https:\/\/homeofwool.com\/shop\/duvet-sample\/","name":"Prov p\u00e5 ullt\u00e4cke \u2013 prova innan du k\u00f6per | Home of Wool","isPartOf":{"@id":"https:\/\/homeofwool.com\/#website"},"primaryImageOfPage":{"@id":"https:\/\/homeofwool.com\/shop\/duvet-sample\/#primaryimage"},"image":{"@id":"https:\/\/homeofwool.com\/shop\/duvet-sample\/#primaryimage"},"thumbnailUrl":"https:\/\/homeofwool.com\/wp-content\/uploads\/2025\/09\/home-of-wool-wool-duvet-insert-sample-1-main.jpg","datePublished":"2025-09-02T12:01:16+00:00","dateModified":"2026-01-21T12:20:48+00:00","description":"Ren och naturlig, med provet p\u00e5 ullt\u00e4cke kan du uppleva ullens andningskomfort innan du k\u00f6per. Allergiv\u00e4nligt och giftfritt, ett enkelt s\u00e4tt att testa h\u00e5llbara s\u00e4ngkl\u00e4der.","breadcrumb":{"@id":"https:\/\/homeofwool.com\/shop\/duvet-sample\/#breadcrumb"},"inLanguage":"sv-SE","potentialAction":[{"@type":"ReadAction","target":["https:\/\/homeofwool.com\/shop\/duvet-sample\/"]}]},{"@type":"ImageObject","inLanguage":"sv-SE","@id":"https:\/\/homeofwool.com\/shop\/duvet-sample\/#primaryimage","url":"https:\/\/homeofwool.com\/wp-content\/uploads\/2025\/09\/home-of-wool-wool-duvet-insert-sample-1-main.jpg","contentUrl":"https:\/\/homeofwool.com\/wp-content\/uploads\/2025\/09\/home-of-wool-wool-duvet-insert-sample-1-main.jpg","width":1900,"height":1520,"caption":"wool duvet insert sample with home of wool tag"},{"@type":"BreadcrumbList","@id":"https:\/\/homeofwool.com\/shop\/duvet-sample\/#breadcrumb","itemListElement":[{"@type":"ListItem","position":1,"name":"Home","item":"https:\/\/homeofwool.com\/"},{"@type":"ListItem","position":2,"name":"Products","item":"https:\/\/homeofwool.com\/header-search-2\/"},{"@type":"ListItem","position":3,"name":"Wool Duvet Insert Sample"}]},{"@type":"WebSite","@id":"https:\/\/homeofwool.com\/#website","url":"https:\/\/homeofwool.com\/","name":"Hem f\u00f6r ull","description":"","publisher":{"@id":"https:\/\/homeofwool.com\/#organization"},"potentialAction":[{"@type":"SearchAction","target":{"@type":"EntryPoint","urlTemplate":"https:\/\/homeofwool.com\/?s={search_term_string}"},"query-input":{"@type":"PropertyValueSpecification","valueRequired":true,"valueName":"search_term_string"}}],"inLanguage":"sv-SE"},{"@type":"Organization","@id":"https:\/\/homeofwool.com\/#organization","name":"Hem f\u00f6r ull","url":"https:\/\/homeofwool.com\/","logo":{"@type":"ImageObject","inLanguage":"sv-SE","@id":"https:\/\/homeofwool.com\/#\/schema\/logo\/image\/","url":"https:\/\/homeofwool.com\/wp-content\/uploads\/2025\/09\/WhatsApp-Image-2025-12-02-at-16.23.20.jpeg","contentUrl":"https:\/\/homeofwool.com\/wp-content\/uploads\/2025\/09\/WhatsApp-Image-2025-12-02-at-16.23.20.jpeg","width":700,"height":247,"caption":"Home of Wool"},"image":{"@id":"https:\/\/homeofwool.com\/#\/schema\/logo\/image\/"},"sameAs":["https:\/\/facebook.com\/HomeOfWoolOfficial"]}]}},"_links":{"self":[{"href":"https:\/\/homeofwool.com\/sv\/wp-json\/wp\/v2\/product\/217591","targetHints":{"allow":["GET"]}}],"collection":[{"href":"https:\/\/homeofwool.com\/sv\/wp-json\/wp\/v2\/product"}],"about":[{"href":"https:\/\/homeofwool.com\/sv\/wp-json\/wp\/v2\/types\/product"}],"version-history":[{"count":1,"href":"https:\/\/homeofwool.com\/sv\/wp-json\/wp\/v2\/product\/217591\/revisions"}],"predecessor-version":[{"id":227506,"href":"https:\/\/homeofwool.com\/sv\/wp-json\/wp\/v2\/product\/217591\/revisions\/227506"}],"wp:featuredmedia":[{"embeddable":true,"href":"https:\/\/homeofwool.com\/sv\/wp-json\/wp\/v2\/media\/218635"}],"wp:attachment":[{"href":"https:\/\/homeofwool.com\/sv\/wp-json\/wp\/v2\/media?parent=217591"}],"wp:term":[{"taxonomy":"product_brand","embeddable":true,"href":"https:\/\/homeofwool.com\/sv\/wp-json\/wp\/v2\/product_brand?post=217591"},{"taxonomy":"product_cat","embeddable":true,"href":"https:\/\/homeofwool.com\/sv\/wp-json\/wp\/v2\/product_cat?post=217591"},{"taxonomy":"product_tag","embeddable":true,"href":"https:\/\/homeofwool.com\/sv\/wp-json\/wp\/v2\/product_tag?post=217591"}],"curies":[{"name":"wp","href":"https:\/\/api.w.org\/{rel}","templated":true}]}}