{"id":217582,"date":"2025-09-02T12:01:16","date_gmt":"2025-09-02T12:01:16","guid":{"rendered":"https:\/\/homeofwool.com\/?post_type=product&#038;p=217582"},"modified":"2026-03-24T11:28:45","modified_gmt":"2026-03-24T11:28:45","slug":"ulltacke-3","status":"publish","type":"product","link":"https:\/\/homeofwool.com\/sv\/shop\/wool-duvet-insert\/","title":{"rendered":"P\u00e5slakan i ull"},"content":{"rendered":"<p>V\u00e5r ullt\u00e4cke \u00e4r tillverkad f\u00f6r en h\u00e4lsosammare och mer vilsam s\u00f6mn. N\u00e4r du vilar anpassar sig ullen efter dina behov. Den h\u00e5ller v\u00e4rmen n\u00e4r luften \u00e4r sval och sl\u00e4pper ut v\u00e4rmen innan den byggs upp, vilket hj\u00e4lper om du lider av nattliga svettningar.<\/p>\n<p>Varje insats \u00e4r fri fr\u00e5n syntetiska material och gifter. Ull avger inga gaser och \u00e4r d\u00e4rf\u00f6r ett utm\u00e4rkt val f\u00f6r alla som lider av allergier. Ullens andningsf\u00f6rm\u00e5ga och motst\u00e5ndskraft mot dammkvalster och bakterier g\u00f6r att dina s\u00e4ngkl\u00e4der f\u00f6rblir rena och fr\u00e4scha.<\/p>\n<p>Varje t\u00e4cke tillverkas p\u00e5 best\u00e4llning. Du kan helt anpassa storleken och tyget. Du kan till och med v\u00e4lja den tjocklek du f\u00f6redrar. V\u00e4lj mellan sommar-, vinter- eller extra varma fyllningar efter dina behov. Om du \u00e4r os\u00e4ker p\u00e5 vilket alternativ som \u00e4r b\u00e4st, se v\u00e5r\u00a0<a class=\"ql-link\" href=\"https:\/\/homeofwool.com\/sv\/att-valja-den-perfekta-ulltacken-for-sasongen\/\" target=\"_blank\" rel=\"noopener noreferrer\">guide till ullt\u00e4cken<\/a> f\u00f6r hj\u00e4lp.<\/p>\n<p>Insatsen \u00e4r handquiltad f\u00f6r att h\u00e5lla ullen j\u00e4mnt p\u00e5 plats. Valfria h\u00f6rnband kan l\u00e4ggas till f\u00f6r att f\u00e4sta insatsen i ditt p\u00e5slakan f\u00f6r en snygg passform. V\u00e4lj mellan naturmaterial som bomull, linne eller siden f\u00f6r den finish som passar dig b\u00e4st. \u00c4r du os\u00e4ker? Prover p\u00e5 ullt\u00e4cken finns att k\u00f6pa s\u00e5 att du kan f\u00e5 en k\u00e4nsla f\u00f6r produkten innan du best\u00e4ller.<\/p>","protected":false},"excerpt":{"rendered":"<p>Njut av j\u00e4mn komfort med ett t\u00e4cke av ull som aldrig blir f\u00f6r varmt eller f\u00f6r kallt. Med ull h\u00e5ller din kropp en optimal temperatur f\u00f6r bekv\u00e4m s\u00f6mn. Till skillnad fr\u00e5n syntetiska t\u00e4cken eller dunt\u00e4cken som g\u00f6r att du blir varm och sedan kall och st\u00f6r din s\u00f6mn, h\u00e5ller ull temperaturen precis r\u00e4tt hela natten l\u00e5ng.<\/p>\n<div class=\"global-icon-set\">\n<div class=\"global-icon-set__items\">\n<div class=\"global-icon-set__item\">\n<div class=\"global-icon-set__image\">\n                                    <img decoding=\"async\" src=\"https:\/\/homeofwool.com\/wp-content\/uploads\/2025\/09\/handmade-icon-300x300.png\" alt=\"handgjord ikon\" \/>\n                                <\/div>\n<div class=\"global-icon-set__title\">Handgjord<\/div>\n<\/p><\/div>\n<div class=\"global-icon-set__item\">\n<div class=\"global-icon-set__image\">\n                                    <img decoding=\"async\" src=\"https:\/\/homeofwool.com\/wp-content\/uploads\/2025\/09\/VOCs-min-300x300.png\" alt=\"Vocs gratis\" \/>\n                                <\/div>\n<div class=\"global-icon-set__title\">Fri fr\u00e5n VOC<\/div>\n<\/p><\/div>\n<div class=\"global-icon-set__item\">\n<div class=\"global-icon-set__image\">\n                                    <img decoding=\"async\" src=\"https:\/\/homeofwool.com\/wp-content\/uploads\/2025\/09\/FR-min-300x300.png\" alt=\"Brandbest\u00e4ndig ikon\" \/>\n                                <\/div>\n<div class=\"global-icon-set__title\">Flamskyddad<\/div>\n<\/p><\/div>\n<div class=\"global-icon-set__item\">\n<div class=\"global-icon-set__image\">\n                                    <img decoding=\"async\" src=\"https:\/\/homeofwool.com\/wp-content\/uploads\/2025\/09\/Hypoallergenic-min-300x300.png\" alt=\"hypoallergen ikon\" \/>\n                                <\/div>\n<div class=\"global-icon-set__title\">Allergiv\u00e4nlig<\/div>\n<\/p><\/div>\n<div class=\"global-icon-set__item\">\n<div class=\"global-icon-set__image\">\n                                    <img decoding=\"async\" src=\"https:\/\/homeofwool.com\/wp-content\/uploads\/2025\/09\/free-of-synthetics-icon-300x300.png\" alt=\"fri fr\u00e5n syntetiska \u00e4mnen ikon\" \/>\n                                <\/div>\n<div class=\"global-icon-set__title\">Fri fr\u00e5n syntetmaterial<\/div>\n<\/p><\/div>\n<div class=\"global-icon-set__item\">\n<div class=\"global-icon-set__image\">\n                                    <img decoding=\"async\" src=\"https:\/\/homeofwool.com\/wp-content\/uploads\/2025\/09\/chemical-free-icon-300x300.png\" alt=\"kemikaliefri ikon\" \/>\n                                <\/div>\n<div class=\"global-icon-set__title\">Fri fr\u00e5n kemikalier<\/div>\n<\/p><\/div>\n<div class=\"global-icon-set__item\">\n<div class=\"global-icon-set__image\">\n                                    <img decoding=\"async\" src=\"https:\/\/homeofwool.com\/wp-content\/uploads\/2025\/09\/anti-bacterial-icon-300x300.png\" alt=\"antibakteriell ikon\" \/>\n                                <\/div>\n<div class=\"global-icon-set__title\">Anti-mikrobiell och anti-bakteriell<\/div>\n<\/p><\/div>\n<div class=\"global-icon-set__item\">\n<div class=\"global-icon-set__image\">\n                                    <img decoding=\"async\" src=\"https:\/\/homeofwool.com\/wp-content\/uploads\/2025\/09\/certified-materials-icon-300x300.png\" alt=\"ikon f\u00f6r certifierade material\" \/>\n                                <\/div>\n<div class=\"global-icon-set__title\">100% Rent certifierat material<\/div>\n<\/p><\/div>\n<\/p><\/div>\n<\/p><\/div>","protected":false},"featured_media":223541,"template":"","meta":{"_acf_changed":false},"product_brand":[],"product_cat":[266,1366,60,267],"product_tag":[428,429,430,431,432,433,434,149],"class_list":{"0":"post-217582","1":"product","2":"type-product","3":"status-publish","4":"has-post-thumbnail","6":"product_cat-baby-sleep-products","7":"product_cat-womens-day","8":"product_cat-blankets-duvets","9":"product_cat-nursery","10":"product_tag-custom-comforter","11":"product_tag-down-alternative-comforter","12":"product_tag-duvet-insert","13":"product_tag-duvet-insert-king","14":"product_tag-duvet-insert-queen","15":"product_tag-quilt-covers","16":"product_tag-quilted-comforter","17":"product_tag-steps","19":"first","20":"instock","21":"shipping-taxable","22":"purchasable","23":"product-type-simple"},"acf":[],"yoast_head":"<!-- This site is optimized with the Yoast SEO Premium plugin v27.4 (Yoast SEO v27.4) - https:\/\/yoast.com\/product\/yoast-seo-premium-wordpress\/ -->\n<title>Duvet Insert \u2013 Natural Comfort for Restful Sleep | Home of Wool<\/title>\n<meta name=\"description\" content=\"Breathable and organic, the Duvet Insert is filled with wool for toxin-free comfort. Hypoallergenic and natural, it delivers sustainable, restful sleep and safe all-season warmth.\" \/>\n<meta name=\"robots\" content=\"index, follow, max-snippet:-1, max-image-preview:large, max-video-preview:-1\" \/>\n<link rel=\"canonical\" href=\"https:\/\/homeofwool.com\/sv\/butik\/ulltacke-3\/\" \/>\n<meta property=\"og:locale\" content=\"sv_SE\" \/>\n<meta property=\"og:type\" content=\"article\" \/>\n<meta property=\"og:title\" content=\"Wool Duvet Insert\" \/>\n<meta property=\"og:description\" content=\"Breathable and organic, the Duvet Insert is filled with wool for toxin-free comfort. Hypoallergenic and natural, it delivers sustainable, restful sleep and safe all-season warmth.\" \/>\n<meta property=\"og:url\" content=\"https:\/\/homeofwool.com\/sv\/butik\/ulltacke-3\/\" \/>\n<meta property=\"og:site_name\" content=\"Home of Wool\" \/>\n<meta property=\"article:publisher\" content=\"https:\/\/facebook.com\/HomeOfWoolOfficial\" \/>\n<meta property=\"article:modified_time\" content=\"2026-03-24T11:28:45+00:00\" \/>\n<meta property=\"og:image\" content=\"https:\/\/homeofwool.com\/wp-content\/uploads\/2025\/09\/home-of-wool-wool-duvet-insert-5.jpg\" \/>\n\t<meta property=\"og:image:width\" content=\"1900\" \/>\n\t<meta property=\"og:image:height\" content=\"1520\" \/>\n\t<meta property=\"og:image:type\" content=\"image\/jpeg\" \/>\n<meta name=\"twitter:card\" content=\"summary_large_image\" \/>\n<meta name=\"twitter:label1\" content=\"Ber\u00e4knad l\u00e4stid\" \/>\n\t<meta name=\"twitter:data1\" content=\"2 minuter\" \/>\n<script type=\"application\/ld+json\" class=\"yoast-schema-graph\">{\"@context\":\"https:\\\/\\\/schema.org\",\"@graph\":[{\"@type\":\"WebPage\",\"@id\":\"https:\\\/\\\/homeofwool.com\\\/shop\\\/wool-duvet-insert\\\/\",\"url\":\"https:\\\/\\\/homeofwool.com\\\/shop\\\/wool-duvet-insert\\\/\",\"name\":\"Duvet Insert \u2013 Natural Comfort for Restful Sleep | Home of Wool\",\"isPartOf\":{\"@id\":\"https:\\\/\\\/homeofwool.com\\\/#website\"},\"primaryImageOfPage\":{\"@id\":\"https:\\\/\\\/homeofwool.com\\\/shop\\\/wool-duvet-insert\\\/#primaryimage\"},\"image\":{\"@id\":\"https:\\\/\\\/homeofwool.com\\\/shop\\\/wool-duvet-insert\\\/#primaryimage\"},\"thumbnailUrl\":\"https:\\\/\\\/homeofwool.com\\\/wp-content\\\/uploads\\\/2025\\\/09\\\/home-of-wool-wool-duvet-insert-5.jpg\",\"datePublished\":\"2025-09-02T12:01:16+00:00\",\"dateModified\":\"2026-03-24T11:28:45+00:00\",\"description\":\"Breathable and organic, the Duvet Insert is filled with wool for toxin-free comfort. Hypoallergenic and natural, it delivers sustainable, restful sleep and safe all-season warmth.\",\"breadcrumb\":{\"@id\":\"https:\\\/\\\/homeofwool.com\\\/shop\\\/wool-duvet-insert\\\/#breadcrumb\"},\"inLanguage\":\"sv-SE\",\"potentialAction\":[{\"@type\":\"ReadAction\",\"target\":[\"https:\\\/\\\/homeofwool.com\\\/shop\\\/wool-duvet-insert\\\/\"]}]},{\"@type\":\"ImageObject\",\"inLanguage\":\"sv-SE\",\"@id\":\"https:\\\/\\\/homeofwool.com\\\/shop\\\/wool-duvet-insert\\\/#primaryimage\",\"url\":\"https:\\\/\\\/homeofwool.com\\\/wp-content\\\/uploads\\\/2025\\\/09\\\/home-of-wool-wool-duvet-insert-5.jpg\",\"contentUrl\":\"https:\\\/\\\/homeofwool.com\\\/wp-content\\\/uploads\\\/2025\\\/09\\\/home-of-wool-wool-duvet-insert-5.jpg\",\"width\":1900,\"height\":1520,\"caption\":\"wool duvet insert folded and on a bench\"},{\"@type\":\"BreadcrumbList\",\"@id\":\"https:\\\/\\\/homeofwool.com\\\/shop\\\/wool-duvet-insert\\\/#breadcrumb\",\"itemListElement\":[{\"@type\":\"ListItem\",\"position\":1,\"name\":\"Home\",\"item\":\"https:\\\/\\\/homeofwool.com\\\/\"},{\"@type\":\"ListItem\",\"position\":2,\"name\":\"Products\",\"item\":\"https:\\\/\\\/homeofwool.com\\\/header-search-2\\\/\"},{\"@type\":\"ListItem\",\"position\":3,\"name\":\"Wool Duvet Insert\"}]},{\"@type\":\"WebSite\",\"@id\":\"https:\\\/\\\/homeofwool.com\\\/#website\",\"url\":\"https:\\\/\\\/homeofwool.com\\\/\",\"name\":\"Home of Wool\",\"description\":\"\",\"publisher\":{\"@id\":\"https:\\\/\\\/homeofwool.com\\\/#organization\"},\"potentialAction\":[{\"@type\":\"SearchAction\",\"target\":{\"@type\":\"EntryPoint\",\"urlTemplate\":\"https:\\\/\\\/homeofwool.com\\\/?s={search_term_string}\"},\"query-input\":{\"@type\":\"PropertyValueSpecification\",\"valueRequired\":true,\"valueName\":\"search_term_string\"}}],\"inLanguage\":\"sv-SE\"},{\"@type\":\"Organization\",\"@id\":\"https:\\\/\\\/homeofwool.com\\\/#organization\",\"name\":\"Home of Wool\",\"url\":\"https:\\\/\\\/homeofwool.com\\\/\",\"logo\":{\"@type\":\"ImageObject\",\"inLanguage\":\"sv-SE\",\"@id\":\"https:\\\/\\\/homeofwool.com\\\/#\\\/schema\\\/logo\\\/image\\\/\",\"url\":\"https:\\\/\\\/homeofwool.com\\\/wp-content\\\/uploads\\\/2025\\\/09\\\/WhatsApp-Image-2025-12-02-at-16.23.20.jpeg\",\"contentUrl\":\"https:\\\/\\\/homeofwool.com\\\/wp-content\\\/uploads\\\/2025\\\/09\\\/WhatsApp-Image-2025-12-02-at-16.23.20.jpeg\",\"width\":700,\"height\":247,\"caption\":\"Home of Wool\"},\"image\":{\"@id\":\"https:\\\/\\\/homeofwool.com\\\/#\\\/schema\\\/logo\\\/image\\\/\"},\"sameAs\":[\"https:\\\/\\\/facebook.com\\\/HomeOfWoolOfficial\"]}]}<\/script>\n<!-- \/ Yoast SEO Premium plugin. -->","yoast_head_json":{"title":"Duvet Insert \u2013 Naturlig komfort f\u00f6r en god natts s\u00f6mn | Home of Wool","description":"Duvet Insert \u00e4r andningsbar och ekologisk och fylld med ull f\u00f6r giftfri komfort. Den \u00e4r allergiv\u00e4nlig och naturlig och ger h\u00e5llbar, vilsam s\u00f6mn och s\u00e4ker v\u00e4rme under alla \u00e5rstider.","robots":{"index":"index","follow":"follow","max-snippet":"max-snippet:-1","max-image-preview":"max-image-preview:large","max-video-preview":"max-video-preview:-1"},"canonical":"https:\/\/homeofwool.com\/sv\/butik\/ulltacke-3\/","og_locale":"sv_SE","og_type":"article","og_title":"Wool Duvet Insert","og_description":"Breathable and organic, the Duvet Insert is filled with wool for toxin-free comfort. Hypoallergenic and natural, it delivers sustainable, restful sleep and safe all-season warmth.","og_url":"https:\/\/homeofwool.com\/sv\/butik\/ulltacke-3\/","og_site_name":"Home of Wool","article_publisher":"https:\/\/facebook.com\/HomeOfWoolOfficial","article_modified_time":"2026-03-24T11:28:45+00:00","og_image":[{"width":1900,"height":1520,"url":"https:\/\/homeofwool.com\/wp-content\/uploads\/2025\/09\/home-of-wool-wool-duvet-insert-5.jpg","type":"image\/jpeg"}],"twitter_card":"summary_large_image","twitter_misc":{"Ber\u00e4knad l\u00e4stid":"2 minuter"},"schema":{"@context":"https:\/\/schema.org","@graph":[{"@type":"WebPage","@id":"https:\/\/homeofwool.com\/shop\/wool-duvet-insert\/","url":"https:\/\/homeofwool.com\/shop\/wool-duvet-insert\/","name":"Duvet Insert \u2013 Naturlig komfort f\u00f6r en god natts s\u00f6mn | Home of Wool","isPartOf":{"@id":"https:\/\/homeofwool.com\/#website"},"primaryImageOfPage":{"@id":"https:\/\/homeofwool.com\/shop\/wool-duvet-insert\/#primaryimage"},"image":{"@id":"https:\/\/homeofwool.com\/shop\/wool-duvet-insert\/#primaryimage"},"thumbnailUrl":"https:\/\/homeofwool.com\/wp-content\/uploads\/2025\/09\/home-of-wool-wool-duvet-insert-5.jpg","datePublished":"2025-09-02T12:01:16+00:00","dateModified":"2026-03-24T11:28:45+00:00","description":"Duvet Insert \u00e4r andningsbar och ekologisk och fylld med ull f\u00f6r giftfri komfort. Den \u00e4r allergiv\u00e4nlig och naturlig och ger h\u00e5llbar, vilsam s\u00f6mn och s\u00e4ker v\u00e4rme under alla \u00e5rstider.","breadcrumb":{"@id":"https:\/\/homeofwool.com\/shop\/wool-duvet-insert\/#breadcrumb"},"inLanguage":"sv-SE","potentialAction":[{"@type":"ReadAction","target":["https:\/\/homeofwool.com\/shop\/wool-duvet-insert\/"]}]},{"@type":"ImageObject","inLanguage":"sv-SE","@id":"https:\/\/homeofwool.com\/shop\/wool-duvet-insert\/#primaryimage","url":"https:\/\/homeofwool.com\/wp-content\/uploads\/2025\/09\/home-of-wool-wool-duvet-insert-5.jpg","contentUrl":"https:\/\/homeofwool.com\/wp-content\/uploads\/2025\/09\/home-of-wool-wool-duvet-insert-5.jpg","width":1900,"height":1520,"caption":"wool duvet insert folded and on a bench"},{"@type":"BreadcrumbList","@id":"https:\/\/homeofwool.com\/shop\/wool-duvet-insert\/#breadcrumb","itemListElement":[{"@type":"ListItem","position":1,"name":"Home","item":"https:\/\/homeofwool.com\/"},{"@type":"ListItem","position":2,"name":"Products","item":"https:\/\/homeofwool.com\/header-search-2\/"},{"@type":"ListItem","position":3,"name":"Wool Duvet Insert"}]},{"@type":"WebSite","@id":"https:\/\/homeofwool.com\/#website","url":"https:\/\/homeofwool.com\/","name":"Hem f\u00f6r ull","description":"","publisher":{"@id":"https:\/\/homeofwool.com\/#organization"},"potentialAction":[{"@type":"SearchAction","target":{"@type":"EntryPoint","urlTemplate":"https:\/\/homeofwool.com\/?s={search_term_string}"},"query-input":{"@type":"PropertyValueSpecification","valueRequired":true,"valueName":"search_term_string"}}],"inLanguage":"sv-SE"},{"@type":"Organization","@id":"https:\/\/homeofwool.com\/#organization","name":"Hem f\u00f6r ull","url":"https:\/\/homeofwool.com\/","logo":{"@type":"ImageObject","inLanguage":"sv-SE","@id":"https:\/\/homeofwool.com\/#\/schema\/logo\/image\/","url":"https:\/\/homeofwool.com\/wp-content\/uploads\/2025\/09\/WhatsApp-Image-2025-12-02-at-16.23.20.jpeg","contentUrl":"https:\/\/homeofwool.com\/wp-content\/uploads\/2025\/09\/WhatsApp-Image-2025-12-02-at-16.23.20.jpeg","width":700,"height":247,"caption":"Home of Wool"},"image":{"@id":"https:\/\/homeofwool.com\/#\/schema\/logo\/image\/"},"sameAs":["https:\/\/facebook.com\/HomeOfWoolOfficial"]}]}},"_links":{"self":[{"href":"https:\/\/homeofwool.com\/sv\/wp-json\/wp\/v2\/product\/217582","targetHints":{"allow":["GET"]}}],"collection":[{"href":"https:\/\/homeofwool.com\/sv\/wp-json\/wp\/v2\/product"}],"about":[{"href":"https:\/\/homeofwool.com\/sv\/wp-json\/wp\/v2\/types\/product"}],"version-history":[{"count":3,"href":"https:\/\/homeofwool.com\/sv\/wp-json\/wp\/v2\/product\/217582\/revisions"}],"predecessor-version":[{"id":228682,"href":"https:\/\/homeofwool.com\/sv\/wp-json\/wp\/v2\/product\/217582\/revisions\/228682"}],"wp:featuredmedia":[{"embeddable":true,"href":"https:\/\/homeofwool.com\/sv\/wp-json\/wp\/v2\/media\/223541"}],"wp:attachment":[{"href":"https:\/\/homeofwool.com\/sv\/wp-json\/wp\/v2\/media?parent=217582"}],"wp:term":[{"taxonomy":"product_brand","embeddable":true,"href":"https:\/\/homeofwool.com\/sv\/wp-json\/wp\/v2\/product_brand?post=217582"},{"taxonomy":"product_cat","embeddable":true,"href":"https:\/\/homeofwool.com\/sv\/wp-json\/wp\/v2\/product_cat?post=217582"},{"taxonomy":"product_tag","embeddable":true,"href":"https:\/\/homeofwool.com\/sv\/wp-json\/wp\/v2\/product_tag?post=217582"}],"curies":[{"name":"wp","href":"https:\/\/api.w.org\/{rel}","templated":true}]}}