{"id":217555,"date":"2025-09-02T12:00:57","date_gmt":"2025-09-02T12:00:57","guid":{"rendered":"https:\/\/homeofwool.com\/?post_type=product&#038;p=217555"},"modified":"2026-02-17T10:35:21","modified_gmt":"2026-02-17T10:35:21","slug":"sovsack-i-ull-camp","status":"publish","type":"product","link":"https:\/\/homeofwool.com\/sv\/shop\/wool-sleeping-bag-camp\/","title":{"rendered":"Ullsovs\u00e4ck \u2013 Camp"},"content":{"rendered":"<p>Upplev sann komfort i naturen med v\u00e5r sovs\u00e4ck i naturlig ull, utformad f\u00f6r fridfull och st\u00e4rkande vila. Inuti ger 100% ullfyllning en mild isolering som anpassar sig till din kroppstemperatur, vilket g\u00f6r detta till en temperaturreglerande sovs\u00e4ck. Ullens fukttransporterande och allergiv\u00e4nliga egenskaper h\u00e5ller dig torr, fr\u00e4sch och irritationsfri, \u00e4ven under l\u00e5nga resor eller fuktiga n\u00e4tter.<\/p>\n<p>Det yttre skalet \u00e4r sytt av slitstarkt OEKO-TEX-certifierat linne. P\u00e5 insidan k\u00e4nns fodret av mullb\u00e4rssilke mjukt och lugnande mot huden. Det reducerar naturligt prasslande ljud och hj\u00e4lper dig att somna utan st\u00f6rningar. Detaljerna ger b\u00e5de komfort och funktionalitet:<\/p>\n<ul>\n<li>Naturligt mullb\u00e4rssilkestyg och ullvaddering inuti huvan minskar buller och \u00f6kar komforten<\/li>\n<li>Valfri fast eller avtagbar huva<\/li>\n<li>Dragsko i huva och isolerad krage f\u00f6r enkel justering<\/li>\n<li>Pengaficka p\u00e5 insidan<\/li>\n<li>Upph\u00e4ngda luftnings\u00f6glor<\/li>\n<li>Kompressionsp\u00e5se<\/li>\n<li>Klimatreglering med central tv\u00e5v\u00e4gsdragkedja<\/li>\n<li>YKK-dragkedja f\u00f6rhindrar att material fastnar<\/li>\n<li>Innerficka f\u00f6r f\u00f6rvaring av v\u00e4rdesaker<\/li>\n<li>Rektangul\u00e4r fotbox f\u00f6r \u00f6kad komfort utan extra vikt<\/li>\n<\/ul>\n<p>Den h\u00e4r allergiv\u00e4nliga sovs\u00e4cken \u00e4r helt naturlig och fri fr\u00e5n VOC, HAP, syntetiska \u00e4mnen eller kemikalier. Den \u00e4r maskintv\u00e4ttbar och byggd f\u00f6r att h\u00e5lla, och \u00e4r den perfekta campings\u00e4cken i ull f\u00f6r t\u00e4lt och husvagnar. Utomhus ska den alltid anv\u00e4ndas tillsammans med en bivacks\u00e4ck. Den \u00e4r tillverkad med omsorg och byggd f\u00f6r att h\u00e5lla, s\u00e5 att du kan vila lugnt var du \u00e4n befinner dig under natten.<\/p>","protected":false},"excerpt":{"rendered":"<p>Sov gott var du \u00e4n reser med v\u00e5r sovs\u00e4ck i naturull, som ing\u00e5r i v\u00e5r Nomad Heat-kollektion. Fylld med ren ull och med ett linne\u00f6verdrag och foder av mullb\u00e4rssilke \u00e4r det en sovs\u00e4ck som andas och h\u00e5ller dig varm, torr och bekv\u00e4m. Den perfekta utrustningen f\u00f6r utomhus\u00e4ventyr f\u00f6r campare som v\u00e4rdes\u00e4tter h\u00e4lsa, komfort och h\u00e5llbarhet. Den \u00e4r helt anpassningsbar och du kan bland annat v\u00e4lja v\u00e4rmeniv\u00e5 och storlek.<\/p>","protected":false},"featured_media":225368,"template":"","meta":{"_acf_changed":false},"product_brand":[],"product_cat":[315,282],"product_tag":[],"class_list":{"0":"post-217555","1":"product","2":"type-product","3":"status-publish","4":"has-post-thumbnail","6":"product_cat-nomad-heat-sleeping-bags","7":"product_cat-overlanding-camping","9":"first","10":"instock","11":"shipping-taxable","12":"purchasable","13":"product-type-variable"},"acf":[],"yoast_head":"<!-- This site is optimized with the Yoast SEO Premium plugin v27.3 (Yoast SEO v27.3) - https:\/\/yoast.com\/product\/yoast-seo-premium-wordpress\/ -->\n<title>Sleeping Bag \u2013 Camp, Ultimate Camping Comfort | Home of Wool<\/title>\n<meta name=\"description\" content=\"The Sleeping Bag Camp is made with breathable wool for eco-friendly comfort. Hypoallergenic and toxin-free, it ensures sustainable, safe rest during outdoor trips and adventures.\" \/>\n<meta name=\"robots\" content=\"index, follow, max-snippet:-1, max-image-preview:large, max-video-preview:-1\" \/>\n<link rel=\"canonical\" href=\"https:\/\/homeofwool.com\/sv\/butik\/sovsack-i-ull-camp\/\" \/>\n<meta property=\"og:locale\" content=\"sv_SE\" \/>\n<meta property=\"og:type\" content=\"article\" \/>\n<meta property=\"og:title\" content=\"Wool Sleeping Bag \u2013 Camp\" \/>\n<meta property=\"og:description\" content=\"The Sleeping Bag Camp is made with breathable wool for eco-friendly comfort. Hypoallergenic and toxin-free, it ensures sustainable, safe rest during outdoor trips and adventures.\" \/>\n<meta property=\"og:url\" content=\"https:\/\/homeofwool.com\/sv\/butik\/sovsack-i-ull-camp\/\" \/>\n<meta property=\"og:site_name\" content=\"Home of Wool\" \/>\n<meta property=\"article:publisher\" content=\"https:\/\/facebook.com\/HomeOfWoolOfficial\" \/>\n<meta property=\"article:modified_time\" content=\"2026-02-17T10:35:21+00:00\" \/>\n<meta property=\"og:image\" content=\"https:\/\/homeofwool.com\/wp-content\/uploads\/2025\/09\/home-of-wool-wool-sleeping-bag-1-main-1.jpg\" \/>\n\t<meta property=\"og:image:width\" content=\"1920\" \/>\n\t<meta property=\"og:image:height\" content=\"1536\" \/>\n\t<meta property=\"og:image:type\" content=\"image\/jpeg\" \/>\n<meta name=\"twitter:card\" content=\"summary_large_image\" \/>\n<meta name=\"twitter:label1\" content=\"Ber\u00e4knad l\u00e4stid\" \/>\n\t<meta name=\"twitter:data1\" content=\"2 minuter\" \/>\n<script type=\"application\/ld+json\" class=\"yoast-schema-graph\">{\"@context\":\"https:\\\/\\\/schema.org\",\"@graph\":[{\"@type\":\"WebPage\",\"@id\":\"https:\\\/\\\/homeofwool.com\\\/shop\\\/wool-sleeping-bag-camp\\\/\",\"url\":\"https:\\\/\\\/homeofwool.com\\\/shop\\\/wool-sleeping-bag-camp\\\/\",\"name\":\"Sleeping Bag \u2013 Camp, Ultimate Camping Comfort | Home of Wool\",\"isPartOf\":{\"@id\":\"https:\\\/\\\/homeofwool.com\\\/#website\"},\"primaryImageOfPage\":{\"@id\":\"https:\\\/\\\/homeofwool.com\\\/shop\\\/wool-sleeping-bag-camp\\\/#primaryimage\"},\"image\":{\"@id\":\"https:\\\/\\\/homeofwool.com\\\/shop\\\/wool-sleeping-bag-camp\\\/#primaryimage\"},\"thumbnailUrl\":\"https:\\\/\\\/homeofwool.com\\\/wp-content\\\/uploads\\\/2025\\\/09\\\/home-of-wool-wool-sleeping-bag-1-main-1.jpg\",\"datePublished\":\"2025-09-02T12:00:57+00:00\",\"dateModified\":\"2026-02-17T10:35:21+00:00\",\"description\":\"The Sleeping Bag Camp is made with breathable wool for eco-friendly comfort. Hypoallergenic and toxin-free, it ensures sustainable, safe rest during outdoor trips and adventures.\",\"breadcrumb\":{\"@id\":\"https:\\\/\\\/homeofwool.com\\\/shop\\\/wool-sleeping-bag-camp\\\/#breadcrumb\"},\"inLanguage\":\"sv-SE\",\"potentialAction\":[{\"@type\":\"ReadAction\",\"target\":[\"https:\\\/\\\/homeofwool.com\\\/shop\\\/wool-sleeping-bag-camp\\\/\"]}]},{\"@type\":\"ImageObject\",\"inLanguage\":\"sv-SE\",\"@id\":\"https:\\\/\\\/homeofwool.com\\\/shop\\\/wool-sleeping-bag-camp\\\/#primaryimage\",\"url\":\"https:\\\/\\\/homeofwool.com\\\/wp-content\\\/uploads\\\/2025\\\/09\\\/home-of-wool-wool-sleeping-bag-1-main-1.jpg\",\"contentUrl\":\"https:\\\/\\\/homeofwool.com\\\/wp-content\\\/uploads\\\/2025\\\/09\\\/home-of-wool-wool-sleeping-bag-1-main-1.jpg\",\"width\":1920,\"height\":1536,\"caption\":\"wool sleeping bag set with a bag\"},{\"@type\":\"BreadcrumbList\",\"@id\":\"https:\\\/\\\/homeofwool.com\\\/shop\\\/wool-sleeping-bag-camp\\\/#breadcrumb\",\"itemListElement\":[{\"@type\":\"ListItem\",\"position\":1,\"name\":\"Home\",\"item\":\"https:\\\/\\\/homeofwool.com\\\/\"},{\"@type\":\"ListItem\",\"position\":2,\"name\":\"Products\",\"item\":\"https:\\\/\\\/homeofwool.com\\\/header-search-2\\\/\"},{\"@type\":\"ListItem\",\"position\":3,\"name\":\"Wool Sleeping Bag \u2013 Camp\"}]},{\"@type\":\"WebSite\",\"@id\":\"https:\\\/\\\/homeofwool.com\\\/#website\",\"url\":\"https:\\\/\\\/homeofwool.com\\\/\",\"name\":\"Home of Wool\",\"description\":\"\",\"publisher\":{\"@id\":\"https:\\\/\\\/homeofwool.com\\\/#organization\"},\"potentialAction\":[{\"@type\":\"SearchAction\",\"target\":{\"@type\":\"EntryPoint\",\"urlTemplate\":\"https:\\\/\\\/homeofwool.com\\\/?s={search_term_string}\"},\"query-input\":{\"@type\":\"PropertyValueSpecification\",\"valueRequired\":true,\"valueName\":\"search_term_string\"}}],\"inLanguage\":\"sv-SE\"},{\"@type\":\"Organization\",\"@id\":\"https:\\\/\\\/homeofwool.com\\\/#organization\",\"name\":\"Home of Wool\",\"url\":\"https:\\\/\\\/homeofwool.com\\\/\",\"logo\":{\"@type\":\"ImageObject\",\"inLanguage\":\"sv-SE\",\"@id\":\"https:\\\/\\\/homeofwool.com\\\/#\\\/schema\\\/logo\\\/image\\\/\",\"url\":\"https:\\\/\\\/homeofwool.com\\\/wp-content\\\/uploads\\\/2025\\\/09\\\/WhatsApp-Image-2025-12-02-at-16.23.20.jpeg\",\"contentUrl\":\"https:\\\/\\\/homeofwool.com\\\/wp-content\\\/uploads\\\/2025\\\/09\\\/WhatsApp-Image-2025-12-02-at-16.23.20.jpeg\",\"width\":700,\"height\":247,\"caption\":\"Home of Wool\"},\"image\":{\"@id\":\"https:\\\/\\\/homeofwool.com\\\/#\\\/schema\\\/logo\\\/image\\\/\"},\"sameAs\":[\"https:\\\/\\\/facebook.com\\\/HomeOfWoolOfficial\"]}]}<\/script>\n<!-- \/ Yoast SEO Premium plugin. -->","yoast_head_json":{"title":"Sovs\u00e4ck - Camp, ultimat campingkomfort | Home of Wool","description":"Sovs\u00e4cken Camp \u00e4r tillverkad av ull som andas f\u00f6r milj\u00f6v\u00e4nlig komfort. Den \u00e4r allergiv\u00e4nlig och giftfri och garanterar en h\u00e5llbar och s\u00e4ker vila under utomhusresor och \u00e4ventyr.","robots":{"index":"index","follow":"follow","max-snippet":"max-snippet:-1","max-image-preview":"max-image-preview:large","max-video-preview":"max-video-preview:-1"},"canonical":"https:\/\/homeofwool.com\/sv\/butik\/sovsack-i-ull-camp\/","og_locale":"sv_SE","og_type":"article","og_title":"Wool Sleeping Bag \u2013 Camp","og_description":"The Sleeping Bag Camp is made with breathable wool for eco-friendly comfort. Hypoallergenic and toxin-free, it ensures sustainable, safe rest during outdoor trips and adventures.","og_url":"https:\/\/homeofwool.com\/sv\/butik\/sovsack-i-ull-camp\/","og_site_name":"Home of Wool","article_publisher":"https:\/\/facebook.com\/HomeOfWoolOfficial","article_modified_time":"2026-02-17T10:35:21+00:00","og_image":[{"width":1920,"height":1536,"url":"https:\/\/homeofwool.com\/wp-content\/uploads\/2025\/09\/home-of-wool-wool-sleeping-bag-1-main-1.jpg","type":"image\/jpeg"}],"twitter_card":"summary_large_image","twitter_misc":{"Ber\u00e4knad l\u00e4stid":"2 minuter"},"schema":{"@context":"https:\/\/schema.org","@graph":[{"@type":"WebPage","@id":"https:\/\/homeofwool.com\/shop\/wool-sleeping-bag-camp\/","url":"https:\/\/homeofwool.com\/shop\/wool-sleeping-bag-camp\/","name":"Sovs\u00e4ck - Camp, ultimat campingkomfort | Home of Wool","isPartOf":{"@id":"https:\/\/homeofwool.com\/#website"},"primaryImageOfPage":{"@id":"https:\/\/homeofwool.com\/shop\/wool-sleeping-bag-camp\/#primaryimage"},"image":{"@id":"https:\/\/homeofwool.com\/shop\/wool-sleeping-bag-camp\/#primaryimage"},"thumbnailUrl":"https:\/\/homeofwool.com\/wp-content\/uploads\/2025\/09\/home-of-wool-wool-sleeping-bag-1-main-1.jpg","datePublished":"2025-09-02T12:00:57+00:00","dateModified":"2026-02-17T10:35:21+00:00","description":"Sovs\u00e4cken Camp \u00e4r tillverkad av ull som andas f\u00f6r milj\u00f6v\u00e4nlig komfort. Den \u00e4r allergiv\u00e4nlig och giftfri och garanterar en h\u00e5llbar och s\u00e4ker vila under utomhusresor och \u00e4ventyr.","breadcrumb":{"@id":"https:\/\/homeofwool.com\/shop\/wool-sleeping-bag-camp\/#breadcrumb"},"inLanguage":"sv-SE","potentialAction":[{"@type":"ReadAction","target":["https:\/\/homeofwool.com\/shop\/wool-sleeping-bag-camp\/"]}]},{"@type":"ImageObject","inLanguage":"sv-SE","@id":"https:\/\/homeofwool.com\/shop\/wool-sleeping-bag-camp\/#primaryimage","url":"https:\/\/homeofwool.com\/wp-content\/uploads\/2025\/09\/home-of-wool-wool-sleeping-bag-1-main-1.jpg","contentUrl":"https:\/\/homeofwool.com\/wp-content\/uploads\/2025\/09\/home-of-wool-wool-sleeping-bag-1-main-1.jpg","width":1920,"height":1536,"caption":"wool sleeping bag set with a bag"},{"@type":"BreadcrumbList","@id":"https:\/\/homeofwool.com\/shop\/wool-sleeping-bag-camp\/#breadcrumb","itemListElement":[{"@type":"ListItem","position":1,"name":"Home","item":"https:\/\/homeofwool.com\/"},{"@type":"ListItem","position":2,"name":"Products","item":"https:\/\/homeofwool.com\/header-search-2\/"},{"@type":"ListItem","position":3,"name":"Wool Sleeping Bag \u2013 Camp"}]},{"@type":"WebSite","@id":"https:\/\/homeofwool.com\/#website","url":"https:\/\/homeofwool.com\/","name":"Hem f\u00f6r ull","description":"","publisher":{"@id":"https:\/\/homeofwool.com\/#organization"},"potentialAction":[{"@type":"SearchAction","target":{"@type":"EntryPoint","urlTemplate":"https:\/\/homeofwool.com\/?s={search_term_string}"},"query-input":{"@type":"PropertyValueSpecification","valueRequired":true,"valueName":"search_term_string"}}],"inLanguage":"sv-SE"},{"@type":"Organization","@id":"https:\/\/homeofwool.com\/#organization","name":"Hem f\u00f6r ull","url":"https:\/\/homeofwool.com\/","logo":{"@type":"ImageObject","inLanguage":"sv-SE","@id":"https:\/\/homeofwool.com\/#\/schema\/logo\/image\/","url":"https:\/\/homeofwool.com\/wp-content\/uploads\/2025\/09\/WhatsApp-Image-2025-12-02-at-16.23.20.jpeg","contentUrl":"https:\/\/homeofwool.com\/wp-content\/uploads\/2025\/09\/WhatsApp-Image-2025-12-02-at-16.23.20.jpeg","width":700,"height":247,"caption":"Home of Wool"},"image":{"@id":"https:\/\/homeofwool.com\/#\/schema\/logo\/image\/"},"sameAs":["https:\/\/facebook.com\/HomeOfWoolOfficial"]}]}},"_links":{"self":[{"href":"https:\/\/homeofwool.com\/sv\/wp-json\/wp\/v2\/product\/217555","targetHints":{"allow":["GET"]}}],"collection":[{"href":"https:\/\/homeofwool.com\/sv\/wp-json\/wp\/v2\/product"}],"about":[{"href":"https:\/\/homeofwool.com\/sv\/wp-json\/wp\/v2\/types\/product"}],"version-history":[{"count":2,"href":"https:\/\/homeofwool.com\/sv\/wp-json\/wp\/v2\/product\/217555\/revisions"}],"predecessor-version":[{"id":228096,"href":"https:\/\/homeofwool.com\/sv\/wp-json\/wp\/v2\/product\/217555\/revisions\/228096"}],"wp:featuredmedia":[{"embeddable":true,"href":"https:\/\/homeofwool.com\/sv\/wp-json\/wp\/v2\/media\/225368"}],"wp:attachment":[{"href":"https:\/\/homeofwool.com\/sv\/wp-json\/wp\/v2\/media?parent=217555"}],"wp:term":[{"taxonomy":"product_brand","embeddable":true,"href":"https:\/\/homeofwool.com\/sv\/wp-json\/wp\/v2\/product_brand?post=217555"},{"taxonomy":"product_cat","embeddable":true,"href":"https:\/\/homeofwool.com\/sv\/wp-json\/wp\/v2\/product_cat?post=217555"},{"taxonomy":"product_tag","embeddable":true,"href":"https:\/\/homeofwool.com\/sv\/wp-json\/wp\/v2\/product_tag?post=217555"}],"curies":[{"name":"wp","href":"https:\/\/api.w.org\/{rel}","templated":true}]}}