{"id":217550,"date":"2025-09-02T12:00:57","date_gmt":"2025-09-02T12:00:57","guid":{"rendered":"https:\/\/homeofwool.com\/?post_type=product&#038;p=217550"},"modified":"2026-02-11T10:35:42","modified_gmt":"2026-02-11T10:35:42","slug":"puddle-pad-skydd","status":"publish","type":"product","link":"https:\/\/homeofwool.com\/sv\/shop\/puddle-pad-protector\/","title":{"rendered":"Spj\u00e4ls\u00e4ngsmadrassskydd i ull"},"content":{"rendered":"<p>Denna ekologiska b\u00e4ddmadrass \u00e4r tillverkad f\u00f6r f\u00f6r\u00e4ldrar som vill ha s\u00e4kra och h\u00e5llbara s\u00f6mnl\u00f6sningar och ger ditt barn f\u00f6rdelarna med ull direkt i spj\u00e4ls\u00e4ngen eller barns\u00e4ngen. Till skillnad fr\u00e5n syntetiska skydd \u00e4r det ett kemikaliefritt madrass\u00f6verdrag som g\u00f6r att ditt barn kan vila utan utsl\u00e4pp av gaser eller dolda gifter. Ull hj\u00e4lper till att balansera kroppstemperaturen och kan absorbera \u00f6verfl\u00f6dig fukt. P\u00e5 s\u00e5 s\u00e4tt h\u00e5ller sig ditt barn varmt utan att bli \u00f6verhettat eller k\u00e4nna sig fuktigt.<\/p>\n<p>Denna milj\u00f6v\u00e4nliga b\u00e4ddmadrass \u00e4r ocks\u00e5 naturligt resistent mot dammkvalster, m\u00f6gel och bakterier, vilket g\u00f6r den till ett genomt\u00e4nkt val f\u00f6r barn med allergier eller \u00f6verk\u00e4nslighet. De elastiska banden hj\u00e4lper den att h\u00e5lla sig p\u00e5 plats under lakanet. F\u00f6r extra vattent\u00e4tning av ullmadrassen kan du helt enkelt lanolisera tyget, vilket g\u00f6r den till en mycket p\u00e5litlig barri\u00e4r mot nattliga olyckor.<\/p>\n<p>Varje skydd \u00e4r sytt av f\u00f6rnybara, biologiskt nedbrytbara tyger. Det \u00e4r ett genomt\u00e4nkt val som tar h\u00e4nsyn till b\u00e5de ditt barns vila och den v\u00e4rld de kommer att v\u00e4xa upp i.<\/p>","protected":false},"excerpt":{"rendered":"<p>Ge ditt barn komforten av ett naturligt madrasskydd samtidigt som du skyddar s\u00e4ngen fr\u00e5n spill och nattliga olyckor. Detta handgjorda puddelunderl\u00e4gg i ull ger ett extra lager av andningsbar, v\u00e4rmereglerande komfort och erbjuder ett skonsamt men effektivt skydd f\u00f6r barns\u00e4ngar som fr\u00e4mjar en djupare och h\u00e4lsosammare s\u00f6mn.<\/p>\n<div class=\"global-icon-set\">\n<div class=\"global-icon-set__items\">\n<div class=\"global-icon-set__item\">\n<div class=\"global-icon-set__image\">\n                                    <img decoding=\"async\" src=\"https:\/\/homeofwool.com\/wp-content\/uploads\/2025\/09\/handmade-icon-300x300.png\" alt=\"handgjord ikon\" \/>\n                                <\/div>\n<div class=\"global-icon-set__title\">Handgjord<\/div>\n<\/p><\/div>\n<div class=\"global-icon-set__item\">\n<div class=\"global-icon-set__image\">\n                                    <img decoding=\"async\" src=\"https:\/\/homeofwool.com\/wp-content\/uploads\/2025\/09\/wicks-moisture-away-300x300.png\" alt=\"transporterar bort fukt\" \/>\n                                <\/div>\n<div class=\"global-icon-set__title\">Transporterar bort fukt<\/div>\n<\/p><\/div>\n<div class=\"global-icon-set__item\">\n<div class=\"global-icon-set__image\">\n                                    <img decoding=\"async\" src=\"https:\/\/homeofwool.com\/wp-content\/uploads\/2025\/09\/VOCs-min-300x300.png\" alt=\"Vocs gratis\" \/>\n                                <\/div>\n<div class=\"global-icon-set__title\">Fri fr\u00e5n VOC<\/div>\n<\/p><\/div>\n<div class=\"global-icon-set__item\">\n<div class=\"global-icon-set__image\">\n                                    <img decoding=\"async\" src=\"https:\/\/homeofwool.com\/wp-content\/uploads\/2025\/09\/FR-min-300x300.png\" alt=\"Brandbest\u00e4ndig ikon\" \/>\n                                <\/div>\n<div class=\"global-icon-set__title\">Flamskyddad<\/div>\n<\/p><\/div>\n<div class=\"global-icon-set__item\">\n<div class=\"global-icon-set__image\">\n                                    <img decoding=\"async\" src=\"https:\/\/homeofwool.com\/wp-content\/uploads\/2025\/09\/Hypoallergenic-min-300x300.png\" alt=\"hypoallergen ikon\" \/>\n                                <\/div>\n<div class=\"global-icon-set__title\">Allergiv\u00e4nlig<\/div>\n<\/p><\/div>\n<div class=\"global-icon-set__item\">\n<div class=\"global-icon-set__image\">\n                                    <img decoding=\"async\" src=\"https:\/\/homeofwool.com\/wp-content\/uploads\/2025\/09\/free-of-synthetics-icon-300x300.png\" alt=\"fri fr\u00e5n syntetiska \u00e4mnen ikon\" \/>\n                                <\/div>\n<div class=\"global-icon-set__title\">Fri fr\u00e5n syntetmaterial<\/div>\n<\/p><\/div>\n<div class=\"global-icon-set__item\">\n<div class=\"global-icon-set__image\">\n                                    <img decoding=\"async\" src=\"https:\/\/homeofwool.com\/wp-content\/uploads\/2025\/09\/chemical-free-icon-300x300.png\" alt=\"kemikaliefri ikon\" \/>\n                                <\/div>\n<div class=\"global-icon-set__title\">Fri fr\u00e5n kemikalier<\/div>\n<\/p><\/div>\n<div class=\"global-icon-set__item\">\n<div class=\"global-icon-set__image\">\n                                    <img decoding=\"async\" src=\"https:\/\/homeofwool.com\/wp-content\/uploads\/2025\/09\/anti-bacterial-icon-300x300.png\" alt=\"antibakteriell ikon\" \/>\n                                <\/div>\n<div class=\"global-icon-set__title\">Anti-mikrobiell och anti-bakteriell<\/div>\n<\/p><\/div>\n<div class=\"global-icon-set__item\">\n<div class=\"global-icon-set__image\">\n                                    <img decoding=\"async\" src=\"https:\/\/homeofwool.com\/wp-content\/uploads\/2025\/09\/certified-materials-icon-300x300.png\" alt=\"ikon f\u00f6r certifierade material\" \/>\n                                <\/div>\n<div class=\"global-icon-set__title\">100% Rent certifierat material<\/div>\n<\/p><\/div>\n<\/p><\/div>\n<\/p><\/div>","protected":false},"featured_media":219419,"template":"","meta":{"_acf_changed":false},"product_brand":[],"product_cat":[266,267,406],"product_tag":[504,505,410,506,149,507,508,509],"class_list":{"0":"post-217550","1":"product","2":"type-product","3":"status-publish","4":"has-post-thumbnail","6":"product_cat-baby-sleep-products","7":"product_cat-nursery","8":"product_cat-protectors-covers-sheets","9":"product_tag-crib-mattress-pad","10":"product_tag-crib-protector","11":"product_tag-mattress-protector","12":"product_tag-moisture-barrier","13":"product_tag-steps","14":"product_tag-stokke-size","15":"product_tag-stokke-sleepi-cover","16":"product_tag-wool-protector","18":"first","19":"instock","20":"shipping-taxable","21":"purchasable","22":"product-type-simple"},"acf":[],"yoast_head":"<!-- This site is optimized with the Yoast SEO Premium plugin v27.4 (Yoast SEO v27.4) - https:\/\/yoast.com\/product\/yoast-seo-premium-wordpress\/ -->\n<title>Crib Mattress Protector \u2013 Toddler Bed Protection | Home of Wool<\/title>\n<meta name=\"description\" content=\"Safe toddler bed protection starts with the Crib Mattress Protector. Made with breathable organic wool, it regulates temperature while providing toxin-free, hypoallergenic sleep comfort.\" \/>\n<meta name=\"robots\" content=\"index, follow, max-snippet:-1, max-image-preview:large, max-video-preview:-1\" \/>\n<link rel=\"canonical\" href=\"https:\/\/homeofwool.com\/sv\/butik\/puddle-pad-skydd\/\" \/>\n<meta property=\"og:locale\" content=\"sv_SE\" \/>\n<meta property=\"og:type\" content=\"article\" \/>\n<meta property=\"og:title\" content=\"Wool Crib Mattress Protector\" \/>\n<meta property=\"og:description\" content=\"Safe toddler bed protection starts with the Crib Mattress Protector. Made with breathable organic wool, it regulates temperature while providing toxin-free, hypoallergenic sleep comfort.\" \/>\n<meta property=\"og:url\" content=\"https:\/\/homeofwool.com\/sv\/butik\/puddle-pad-skydd\/\" \/>\n<meta property=\"og:site_name\" content=\"Home of Wool\" \/>\n<meta property=\"article:publisher\" content=\"https:\/\/facebook.com\/HomeOfWoolOfficial\" \/>\n<meta property=\"article:modified_time\" content=\"2026-02-11T10:35:42+00:00\" \/>\n<meta property=\"og:image\" content=\"https:\/\/homeofwool.com\/wp-content\/uploads\/2025\/09\/home-of-wool-wool-crib-mattress-protector-1-main.jpg\" \/>\n\t<meta property=\"og:image:width\" content=\"2000\" \/>\n\t<meta property=\"og:image:height\" content=\"1600\" \/>\n\t<meta property=\"og:image:type\" content=\"image\/jpeg\" \/>\n<meta name=\"twitter:card\" content=\"summary_large_image\" \/>\n<meta name=\"twitter:label1\" content=\"Ber\u00e4knad l\u00e4stid\" \/>\n\t<meta name=\"twitter:data1\" content=\"1 minut\" \/>\n<script type=\"application\/ld+json\" class=\"yoast-schema-graph\">{\"@context\":\"https:\\\/\\\/schema.org\",\"@graph\":[{\"@type\":\"WebPage\",\"@id\":\"https:\\\/\\\/homeofwool.com\\\/shop\\\/puddle-pad-protector\\\/\",\"url\":\"https:\\\/\\\/homeofwool.com\\\/shop\\\/puddle-pad-protector\\\/\",\"name\":\"Crib Mattress Protector \u2013 Toddler Bed Protection | Home of Wool\",\"isPartOf\":{\"@id\":\"https:\\\/\\\/homeofwool.com\\\/#website\"},\"primaryImageOfPage\":{\"@id\":\"https:\\\/\\\/homeofwool.com\\\/shop\\\/puddle-pad-protector\\\/#primaryimage\"},\"image\":{\"@id\":\"https:\\\/\\\/homeofwool.com\\\/shop\\\/puddle-pad-protector\\\/#primaryimage\"},\"thumbnailUrl\":\"https:\\\/\\\/homeofwool.com\\\/wp-content\\\/uploads\\\/2025\\\/09\\\/home-of-wool-wool-crib-mattress-protector-1-main.jpg\",\"datePublished\":\"2025-09-02T12:00:57+00:00\",\"dateModified\":\"2026-02-11T10:35:42+00:00\",\"description\":\"Safe toddler bed protection starts with the Crib Mattress Protector. Made with breathable organic wool, it regulates temperature while providing toxin-free, hypoallergenic sleep comfort.\",\"breadcrumb\":{\"@id\":\"https:\\\/\\\/homeofwool.com\\\/shop\\\/puddle-pad-protector\\\/#breadcrumb\"},\"inLanguage\":\"sv-SE\",\"potentialAction\":[{\"@type\":\"ReadAction\",\"target\":[\"https:\\\/\\\/homeofwool.com\\\/shop\\\/puddle-pad-protector\\\/\"]}]},{\"@type\":\"ImageObject\",\"inLanguage\":\"sv-SE\",\"@id\":\"https:\\\/\\\/homeofwool.com\\\/shop\\\/puddle-pad-protector\\\/#primaryimage\",\"url\":\"https:\\\/\\\/homeofwool.com\\\/wp-content\\\/uploads\\\/2025\\\/09\\\/home-of-wool-wool-crib-mattress-protector-1-main.jpg\",\"contentUrl\":\"https:\\\/\\\/homeofwool.com\\\/wp-content\\\/uploads\\\/2025\\\/09\\\/home-of-wool-wool-crib-mattress-protector-1-main.jpg\",\"width\":2000,\"height\":1600,\"caption\":\"wool crib mattress protector\"},{\"@type\":\"BreadcrumbList\",\"@id\":\"https:\\\/\\\/homeofwool.com\\\/shop\\\/puddle-pad-protector\\\/#breadcrumb\",\"itemListElement\":[{\"@type\":\"ListItem\",\"position\":1,\"name\":\"Home\",\"item\":\"https:\\\/\\\/homeofwool.com\\\/\"},{\"@type\":\"ListItem\",\"position\":2,\"name\":\"Products\",\"item\":\"https:\\\/\\\/homeofwool.com\\\/header-search-2\\\/\"},{\"@type\":\"ListItem\",\"position\":3,\"name\":\"Wool Crib Mattress Protector\"}]},{\"@type\":\"WebSite\",\"@id\":\"https:\\\/\\\/homeofwool.com\\\/#website\",\"url\":\"https:\\\/\\\/homeofwool.com\\\/\",\"name\":\"Home of Wool\",\"description\":\"\",\"publisher\":{\"@id\":\"https:\\\/\\\/homeofwool.com\\\/#organization\"},\"potentialAction\":[{\"@type\":\"SearchAction\",\"target\":{\"@type\":\"EntryPoint\",\"urlTemplate\":\"https:\\\/\\\/homeofwool.com\\\/?s={search_term_string}\"},\"query-input\":{\"@type\":\"PropertyValueSpecification\",\"valueRequired\":true,\"valueName\":\"search_term_string\"}}],\"inLanguage\":\"sv-SE\"},{\"@type\":\"Organization\",\"@id\":\"https:\\\/\\\/homeofwool.com\\\/#organization\",\"name\":\"Home of Wool\",\"url\":\"https:\\\/\\\/homeofwool.com\\\/\",\"logo\":{\"@type\":\"ImageObject\",\"inLanguage\":\"sv-SE\",\"@id\":\"https:\\\/\\\/homeofwool.com\\\/#\\\/schema\\\/logo\\\/image\\\/\",\"url\":\"https:\\\/\\\/homeofwool.com\\\/wp-content\\\/uploads\\\/2025\\\/09\\\/WhatsApp-Image-2025-12-02-at-16.23.20.jpeg\",\"contentUrl\":\"https:\\\/\\\/homeofwool.com\\\/wp-content\\\/uploads\\\/2025\\\/09\\\/WhatsApp-Image-2025-12-02-at-16.23.20.jpeg\",\"width\":700,\"height\":247,\"caption\":\"Home of Wool\"},\"image\":{\"@id\":\"https:\\\/\\\/homeofwool.com\\\/#\\\/schema\\\/logo\\\/image\\\/\"},\"sameAs\":[\"https:\\\/\\\/facebook.com\\\/HomeOfWoolOfficial\"]}]}<\/script>\n<!-- \/ Yoast SEO Premium plugin. -->","yoast_head_json":{"title":"Spj\u00e4ls\u00e4ngsmadrassskydd \u2013 Skydd f\u00f6r sm\u00e5barnss\u00e4ngar | Home of Wool","description":"S\u00e4ker skydd f\u00f6r sm\u00e5barnsb\u00e4ddar b\u00f6rjar med madrasskyddet f\u00f6r spj\u00e4ls\u00e4ngar. Det \u00e4r tillverkat av andningsbar ekologisk ull som reglerar temperaturen och samtidigt ger giftfri, allergiv\u00e4nlig s\u00f6mnkomfort.","robots":{"index":"index","follow":"follow","max-snippet":"max-snippet:-1","max-image-preview":"max-image-preview:large","max-video-preview":"max-video-preview:-1"},"canonical":"https:\/\/homeofwool.com\/sv\/butik\/puddle-pad-skydd\/","og_locale":"sv_SE","og_type":"article","og_title":"Wool Crib Mattress Protector","og_description":"Safe toddler bed protection starts with the Crib Mattress Protector. Made with breathable organic wool, it regulates temperature while providing toxin-free, hypoallergenic sleep comfort.","og_url":"https:\/\/homeofwool.com\/sv\/butik\/puddle-pad-skydd\/","og_site_name":"Home of Wool","article_publisher":"https:\/\/facebook.com\/HomeOfWoolOfficial","article_modified_time":"2026-02-11T10:35:42+00:00","og_image":[{"width":2000,"height":1600,"url":"https:\/\/homeofwool.com\/wp-content\/uploads\/2025\/09\/home-of-wool-wool-crib-mattress-protector-1-main.jpg","type":"image\/jpeg"}],"twitter_card":"summary_large_image","twitter_misc":{"Ber\u00e4knad l\u00e4stid":"1 minut"},"schema":{"@context":"https:\/\/schema.org","@graph":[{"@type":"WebPage","@id":"https:\/\/homeofwool.com\/shop\/puddle-pad-protector\/","url":"https:\/\/homeofwool.com\/shop\/puddle-pad-protector\/","name":"Spj\u00e4ls\u00e4ngsmadrassskydd \u2013 Skydd f\u00f6r sm\u00e5barnss\u00e4ngar | Home of Wool","isPartOf":{"@id":"https:\/\/homeofwool.com\/#website"},"primaryImageOfPage":{"@id":"https:\/\/homeofwool.com\/shop\/puddle-pad-protector\/#primaryimage"},"image":{"@id":"https:\/\/homeofwool.com\/shop\/puddle-pad-protector\/#primaryimage"},"thumbnailUrl":"https:\/\/homeofwool.com\/wp-content\/uploads\/2025\/09\/home-of-wool-wool-crib-mattress-protector-1-main.jpg","datePublished":"2025-09-02T12:00:57+00:00","dateModified":"2026-02-11T10:35:42+00:00","description":"S\u00e4ker skydd f\u00f6r sm\u00e5barnsb\u00e4ddar b\u00f6rjar med madrasskyddet f\u00f6r spj\u00e4ls\u00e4ngar. Det \u00e4r tillverkat av andningsbar ekologisk ull som reglerar temperaturen och samtidigt ger giftfri, allergiv\u00e4nlig s\u00f6mnkomfort.","breadcrumb":{"@id":"https:\/\/homeofwool.com\/shop\/puddle-pad-protector\/#breadcrumb"},"inLanguage":"sv-SE","potentialAction":[{"@type":"ReadAction","target":["https:\/\/homeofwool.com\/shop\/puddle-pad-protector\/"]}]},{"@type":"ImageObject","inLanguage":"sv-SE","@id":"https:\/\/homeofwool.com\/shop\/puddle-pad-protector\/#primaryimage","url":"https:\/\/homeofwool.com\/wp-content\/uploads\/2025\/09\/home-of-wool-wool-crib-mattress-protector-1-main.jpg","contentUrl":"https:\/\/homeofwool.com\/wp-content\/uploads\/2025\/09\/home-of-wool-wool-crib-mattress-protector-1-main.jpg","width":2000,"height":1600,"caption":"wool crib mattress protector"},{"@type":"BreadcrumbList","@id":"https:\/\/homeofwool.com\/shop\/puddle-pad-protector\/#breadcrumb","itemListElement":[{"@type":"ListItem","position":1,"name":"Home","item":"https:\/\/homeofwool.com\/"},{"@type":"ListItem","position":2,"name":"Products","item":"https:\/\/homeofwool.com\/header-search-2\/"},{"@type":"ListItem","position":3,"name":"Wool Crib Mattress Protector"}]},{"@type":"WebSite","@id":"https:\/\/homeofwool.com\/#website","url":"https:\/\/homeofwool.com\/","name":"Hem f\u00f6r ull","description":"","publisher":{"@id":"https:\/\/homeofwool.com\/#organization"},"potentialAction":[{"@type":"SearchAction","target":{"@type":"EntryPoint","urlTemplate":"https:\/\/homeofwool.com\/?s={search_term_string}"},"query-input":{"@type":"PropertyValueSpecification","valueRequired":true,"valueName":"search_term_string"}}],"inLanguage":"sv-SE"},{"@type":"Organization","@id":"https:\/\/homeofwool.com\/#organization","name":"Hem f\u00f6r ull","url":"https:\/\/homeofwool.com\/","logo":{"@type":"ImageObject","inLanguage":"sv-SE","@id":"https:\/\/homeofwool.com\/#\/schema\/logo\/image\/","url":"https:\/\/homeofwool.com\/wp-content\/uploads\/2025\/09\/WhatsApp-Image-2025-12-02-at-16.23.20.jpeg","contentUrl":"https:\/\/homeofwool.com\/wp-content\/uploads\/2025\/09\/WhatsApp-Image-2025-12-02-at-16.23.20.jpeg","width":700,"height":247,"caption":"Home of Wool"},"image":{"@id":"https:\/\/homeofwool.com\/#\/schema\/logo\/image\/"},"sameAs":["https:\/\/facebook.com\/HomeOfWoolOfficial"]}]}},"_links":{"self":[{"href":"https:\/\/homeofwool.com\/sv\/wp-json\/wp\/v2\/product\/217550","targetHints":{"allow":["GET"]}}],"collection":[{"href":"https:\/\/homeofwool.com\/sv\/wp-json\/wp\/v2\/product"}],"about":[{"href":"https:\/\/homeofwool.com\/sv\/wp-json\/wp\/v2\/types\/product"}],"version-history":[{"count":1,"href":"https:\/\/homeofwool.com\/sv\/wp-json\/wp\/v2\/product\/217550\/revisions"}],"predecessor-version":[{"id":226730,"href":"https:\/\/homeofwool.com\/sv\/wp-json\/wp\/v2\/product\/217550\/revisions\/226730"}],"wp:featuredmedia":[{"embeddable":true,"href":"https:\/\/homeofwool.com\/sv\/wp-json\/wp\/v2\/media\/219419"}],"wp:attachment":[{"href":"https:\/\/homeofwool.com\/sv\/wp-json\/wp\/v2\/media?parent=217550"}],"wp:term":[{"taxonomy":"product_brand","embeddable":true,"href":"https:\/\/homeofwool.com\/sv\/wp-json\/wp\/v2\/product_brand?post=217550"},{"taxonomy":"product_cat","embeddable":true,"href":"https:\/\/homeofwool.com\/sv\/wp-json\/wp\/v2\/product_cat?post=217550"},{"taxonomy":"product_tag","embeddable":true,"href":"https:\/\/homeofwool.com\/sv\/wp-json\/wp\/v2\/product_tag?post=217550"}],"curies":[{"name":"wp","href":"https:\/\/api.w.org\/{rel}","templated":true}]}}