{"id":217541,"date":"2025-09-02T12:00:57","date_gmt":"2025-09-02T12:00:57","guid":{"rendered":"https:\/\/homeofwool.com\/?post_type=product&#038;p=217541"},"modified":"2026-02-09T13:01:56","modified_gmt":"2026-02-09T13:01:56","slug":"linnetrad-vit","status":"publish","type":"product","link":"https:\/\/homeofwool.com\/sv\/shop\/linen-thread-white\/","title":{"rendered":"Linnetr\u00e5d \u2013 Vit"},"content":{"rendered":"<p>Denna vita lintr\u00e5d \u00e4r tillverkad i Ungern av halvv\u00e5tspunnet linfibrer och erbjuder exceptionell kvalitet och h\u00e5llbarhet f\u00f6r v\u00e4vning, s\u00f6mnad och andra textilhantverk. Lin \u00e4r naturligt slitstarkt, med fibrer som \u00e4r 30% starkare \u00e4n bomull, s\u00e5 dina f\u00e4rdiga alster h\u00e5ller l\u00e4ngre och blir vackrare med tiden. Tr\u00e5den absorberar fukt och motst\u00e5r smuts. Det \u00e4r ett s\u00e4kert val f\u00f6r personer med k\u00e4nslig hud.<\/p>\n<p>Varje rulle \u00e4r noggrant tillverkad av sp\u00e5rbart europeiskt lin och har erk\u00e4nda certifieringar:<\/p>\n<ul>\n<li>OEKO-TEX\u00ae Standard 100<\/li>\n<li>Europeisk lin\u00ae<\/li>\n<li>GOTS\u00ae<\/li>\n<li>Masters of Linen\u00ae<\/li>\n<\/ul>\n<p>Certifieringarna bekr\u00e4ftar att tr\u00e5den \u00e4r ren och ansvarsfullt framst\u00e4lld. Linne \u00e4r starkt och h\u00e5llbart. Odling av lin har ocks\u00e5 en mindre p\u00e5verkan p\u00e5 milj\u00f6n \u00e4n m\u00e5nga andra gr\u00f6dor. Det \u00e4r ett utm\u00e4rkt val f\u00f6r alla dina v\u00e4v- och s\u00f6mnadsprojekt.<\/p>","protected":false},"excerpt":{"rendered":"<p>Denna vita linnetr\u00e5d \u00e4r tillverkad av halvv\u00e5tspunnet linfibrer, vilket ger den en fin men \u00e4nd\u00e5 h\u00e5llbar struktur f\u00f6r v\u00e4vning, s\u00f6mnad och hantverksprojekt. Den har inga kemiska bel\u00e4ggningar. Certifierad i varje steg, \u00e4r den ett p\u00e5litligt val f\u00f6r v\u00e4vning eller s\u00f6mnad.<\/p>\n<p><strong>Ta dig tid<\/strong>: 1-3 dagar<br \/>\n<strong>Leveranstid<\/strong>: 1\u20134 veckor<\/p>\n<div class=\"global-icon-set\">\n<div class=\"global-icon-set__items\">\n<div class=\"global-icon-set__item\">\n<div class=\"global-icon-set__image\">\n                                    <img decoding=\"async\" src=\"https:\/\/homeofwool.com\/wp-content\/uploads\/2025\/09\/VOCs-min-300x300.png\" alt=\"Vocs gratis\" \/>\n                                <\/div>\n<div class=\"global-icon-set__title\">Fri fr\u00e5n VOC<\/div>\n<\/p><\/div>\n<div class=\"global-icon-set__item\">\n<div class=\"global-icon-set__image\">\n                                    <img decoding=\"async\" src=\"https:\/\/homeofwool.com\/wp-content\/uploads\/2025\/09\/free-of-synthetics-icon-300x300.png\" alt=\"fri fr\u00e5n syntetiska \u00e4mnen ikon\" \/>\n                                <\/div>\n<div class=\"global-icon-set__title\">Fri fr\u00e5n syntetmaterial<\/div>\n<\/p><\/div>\n<div class=\"global-icon-set__item\">\n<div class=\"global-icon-set__image\">\n                                    <img decoding=\"async\" src=\"https:\/\/homeofwool.com\/wp-content\/uploads\/2025\/09\/chemical-free-icon-300x300.png\" alt=\"kemikaliefri ikon\" \/>\n                                <\/div>\n<div class=\"global-icon-set__title\">Fri fr\u00e5n kemikalier<\/div>\n<\/p><\/div>\n<\/p><\/div>\n<\/p><\/div>","protected":false},"featured_media":223036,"template":"","meta":{"_acf_changed":false},"product_brand":[],"product_cat":[25],"product_tag":[1370],"class_list":{"0":"post-217541","1":"product","2":"type-product","3":"status-publish","4":"has-post-thumbnail","6":"product_cat-wool-fabrics-batting","7":"product_tag-nosteps","9":"first","10":"instock","11":"shipping-taxable","12":"purchasable","13":"product-type-simple"},"acf":[],"yoast_head":"<!-- This site is optimized with the Yoast SEO Premium plugin v27.3 (Yoast SEO v27.3) - https:\/\/yoast.com\/product\/yoast-seo-premium-wordpress\/ -->\n<title>White Linen Thread \u2013 All Natural &amp; Durable | Home of Wool<\/title>\n<meta name=\"description\" content=\"Strong and natural, the White Linen Thread is breathable and eco-friendly. Durable and toxin-free, it\u2019s a reliable choice for upholstery, bedding, and sustainable, long-lasting DIY projects.\" \/>\n<meta name=\"robots\" content=\"index, follow, max-snippet:-1, max-image-preview:large, max-video-preview:-1\" \/>\n<link rel=\"canonical\" href=\"https:\/\/homeofwool.com\/sv\/butik\/linnetrad-vit\/\" \/>\n<meta property=\"og:locale\" content=\"sv_SE\" \/>\n<meta property=\"og:type\" content=\"article\" \/>\n<meta property=\"og:title\" content=\"Linen Thread \u2013 White\" \/>\n<meta property=\"og:description\" content=\"Strong and natural, the White Linen Thread is breathable and eco-friendly. Durable and toxin-free, it\u2019s a reliable choice for upholstery, bedding, and sustainable, long-lasting DIY projects.\" \/>\n<meta property=\"og:url\" content=\"https:\/\/homeofwool.com\/sv\/butik\/linnetrad-vit\/\" \/>\n<meta property=\"og:site_name\" content=\"Home of Wool\" \/>\n<meta property=\"article:publisher\" content=\"https:\/\/facebook.com\/HomeOfWoolOfficial\" \/>\n<meta property=\"article:modified_time\" content=\"2026-02-09T13:01:56+00:00\" \/>\n<meta property=\"og:image\" content=\"https:\/\/homeofwool.com\/wp-content\/uploads\/2025\/09\/home-of-wool-linen-thread-\u2013-white-img_8397.jpg\" \/>\n\t<meta property=\"og:image:width\" content=\"2000\" \/>\n\t<meta property=\"og:image:height\" content=\"1600\" \/>\n\t<meta property=\"og:image:type\" content=\"image\/jpeg\" \/>\n<meta name=\"twitter:card\" content=\"summary_large_image\" \/>\n<meta name=\"twitter:label1\" content=\"Ber\u00e4knad l\u00e4stid\" \/>\n\t<meta name=\"twitter:data1\" content=\"1 minut\" \/>\n<script type=\"application\/ld+json\" class=\"yoast-schema-graph\">{\"@context\":\"https:\\\/\\\/schema.org\",\"@graph\":[{\"@type\":\"WebPage\",\"@id\":\"https:\\\/\\\/homeofwool.com\\\/it\\\/negozio\\\/filo-di-lino-bianco\\\/\",\"url\":\"https:\\\/\\\/homeofwool.com\\\/it\\\/negozio\\\/filo-di-lino-bianco\\\/\",\"name\":\"White Linen Thread \u2013 All Natural & Durable | Home of Wool\",\"isPartOf\":{\"@id\":\"https:\\\/\\\/homeofwool.com\\\/#website\"},\"primaryImageOfPage\":{\"@id\":\"https:\\\/\\\/homeofwool.com\\\/it\\\/negozio\\\/filo-di-lino-bianco\\\/#primaryimage\"},\"image\":{\"@id\":\"https:\\\/\\\/homeofwool.com\\\/it\\\/negozio\\\/filo-di-lino-bianco\\\/#primaryimage\"},\"thumbnailUrl\":\"https:\\\/\\\/homeofwool.com\\\/wp-content\\\/uploads\\\/2025\\\/09\\\/home-of-wool-linen-thread-\u2013-white-img_8397.jpg\",\"datePublished\":\"2025-09-02T12:00:57+00:00\",\"dateModified\":\"2026-02-09T13:01:56+00:00\",\"description\":\"Strong and natural, the White Linen Thread is breathable and eco-friendly. Durable and toxin-free, it\u2019s a reliable choice for upholstery, bedding, and sustainable, long-lasting DIY projects.\",\"breadcrumb\":{\"@id\":\"https:\\\/\\\/homeofwool.com\\\/it\\\/negozio\\\/filo-di-lino-bianco\\\/#breadcrumb\"},\"inLanguage\":\"sv-SE\",\"potentialAction\":[{\"@type\":\"ReadAction\",\"target\":[\"https:\\\/\\\/homeofwool.com\\\/it\\\/negozio\\\/filo-di-lino-bianco\\\/\"]}]},{\"@type\":\"ImageObject\",\"inLanguage\":\"sv-SE\",\"@id\":\"https:\\\/\\\/homeofwool.com\\\/it\\\/negozio\\\/filo-di-lino-bianco\\\/#primaryimage\",\"url\":\"https:\\\/\\\/homeofwool.com\\\/wp-content\\\/uploads\\\/2025\\\/09\\\/home-of-wool-linen-thread-\u2013-white-img_8397.jpg\",\"contentUrl\":\"https:\\\/\\\/homeofwool.com\\\/wp-content\\\/uploads\\\/2025\\\/09\\\/home-of-wool-linen-thread-\u2013-white-img_8397.jpg\",\"width\":2000,\"height\":1600,\"caption\":\"linen thread roll\"},{\"@type\":\"BreadcrumbList\",\"@id\":\"https:\\\/\\\/homeofwool.com\\\/it\\\/negozio\\\/filo-di-lino-bianco\\\/#breadcrumb\",\"itemListElement\":[{\"@type\":\"ListItem\",\"position\":1,\"name\":\"Home\",\"item\":\"https:\\\/\\\/homeofwool.com\\\/\"},{\"@type\":\"ListItem\",\"position\":2,\"name\":\"Products\",\"item\":\"https:\\\/\\\/homeofwool.com\\\/header-search-2\\\/\"},{\"@type\":\"ListItem\",\"position\":3,\"name\":\"Linen Thread \u2013 White\"}]},{\"@type\":\"WebSite\",\"@id\":\"https:\\\/\\\/homeofwool.com\\\/#website\",\"url\":\"https:\\\/\\\/homeofwool.com\\\/\",\"name\":\"Home of Wool\",\"description\":\"\",\"publisher\":{\"@id\":\"https:\\\/\\\/homeofwool.com\\\/#organization\"},\"potentialAction\":[{\"@type\":\"SearchAction\",\"target\":{\"@type\":\"EntryPoint\",\"urlTemplate\":\"https:\\\/\\\/homeofwool.com\\\/?s={search_term_string}\"},\"query-input\":{\"@type\":\"PropertyValueSpecification\",\"valueRequired\":true,\"valueName\":\"search_term_string\"}}],\"inLanguage\":\"sv-SE\"},{\"@type\":\"Organization\",\"@id\":\"https:\\\/\\\/homeofwool.com\\\/#organization\",\"name\":\"Home of Wool\",\"url\":\"https:\\\/\\\/homeofwool.com\\\/\",\"logo\":{\"@type\":\"ImageObject\",\"inLanguage\":\"sv-SE\",\"@id\":\"https:\\\/\\\/homeofwool.com\\\/#\\\/schema\\\/logo\\\/image\\\/\",\"url\":\"https:\\\/\\\/homeofwool.com\\\/wp-content\\\/uploads\\\/2025\\\/09\\\/WhatsApp-Image-2025-12-02-at-16.23.20.jpeg\",\"contentUrl\":\"https:\\\/\\\/homeofwool.com\\\/wp-content\\\/uploads\\\/2025\\\/09\\\/WhatsApp-Image-2025-12-02-at-16.23.20.jpeg\",\"width\":700,\"height\":247,\"caption\":\"Home of Wool\"},\"image\":{\"@id\":\"https:\\\/\\\/homeofwool.com\\\/#\\\/schema\\\/logo\\\/image\\\/\"},\"sameAs\":[\"https:\\\/\\\/facebook.com\\\/HomeOfWoolOfficial\"]}]}<\/script>\n<!-- \/ Yoast SEO Premium plugin. -->","yoast_head_json":{"title":"Vit linnetr\u00e5d \u2013 helt naturlig och h\u00e5llbar | Home of Wool","description":"Den starka och naturliga vita linnetr\u00e5den \u00e4r andningsbar och milj\u00f6v\u00e4nlig. Den \u00e4r slitstark och giftfri och ett p\u00e5litligt val f\u00f6r m\u00f6belkl\u00e4dsel, s\u00e4ngkl\u00e4der och h\u00e5llbara, l\u00e5ngvariga DIY-projekt.","robots":{"index":"index","follow":"follow","max-snippet":"max-snippet:-1","max-image-preview":"max-image-preview:large","max-video-preview":"max-video-preview:-1"},"canonical":"https:\/\/homeofwool.com\/sv\/butik\/linnetrad-vit\/","og_locale":"sv_SE","og_type":"article","og_title":"Linen Thread \u2013 White","og_description":"Strong and natural, the White Linen Thread is breathable and eco-friendly. Durable and toxin-free, it\u2019s a reliable choice for upholstery, bedding, and sustainable, long-lasting DIY projects.","og_url":"https:\/\/homeofwool.com\/sv\/butik\/linnetrad-vit\/","og_site_name":"Home of Wool","article_publisher":"https:\/\/facebook.com\/HomeOfWoolOfficial","article_modified_time":"2026-02-09T13:01:56+00:00","og_image":[{"width":2000,"height":1600,"url":"https:\/\/homeofwool.com\/wp-content\/uploads\/2025\/09\/home-of-wool-linen-thread-\u2013-white-img_8397.jpg","type":"image\/jpeg"}],"twitter_card":"summary_large_image","twitter_misc":{"Ber\u00e4knad l\u00e4stid":"1 minut"},"schema":{"@context":"https:\/\/schema.org","@graph":[{"@type":"WebPage","@id":"https:\/\/homeofwool.com\/it\/negozio\/filo-di-lino-bianco\/","url":"https:\/\/homeofwool.com\/it\/negozio\/filo-di-lino-bianco\/","name":"Vit linnetr\u00e5d \u2013 helt naturlig och h\u00e5llbar | Home of Wool","isPartOf":{"@id":"https:\/\/homeofwool.com\/#website"},"primaryImageOfPage":{"@id":"https:\/\/homeofwool.com\/it\/negozio\/filo-di-lino-bianco\/#primaryimage"},"image":{"@id":"https:\/\/homeofwool.com\/it\/negozio\/filo-di-lino-bianco\/#primaryimage"},"thumbnailUrl":"https:\/\/homeofwool.com\/wp-content\/uploads\/2025\/09\/home-of-wool-linen-thread-\u2013-white-img_8397.jpg","datePublished":"2025-09-02T12:00:57+00:00","dateModified":"2026-02-09T13:01:56+00:00","description":"Den starka och naturliga vita linnetr\u00e5den \u00e4r andningsbar och milj\u00f6v\u00e4nlig. Den \u00e4r slitstark och giftfri och ett p\u00e5litligt val f\u00f6r m\u00f6belkl\u00e4dsel, s\u00e4ngkl\u00e4der och h\u00e5llbara, l\u00e5ngvariga DIY-projekt.","breadcrumb":{"@id":"https:\/\/homeofwool.com\/it\/negozio\/filo-di-lino-bianco\/#breadcrumb"},"inLanguage":"sv-SE","potentialAction":[{"@type":"ReadAction","target":["https:\/\/homeofwool.com\/it\/negozio\/filo-di-lino-bianco\/"]}]},{"@type":"ImageObject","inLanguage":"sv-SE","@id":"https:\/\/homeofwool.com\/it\/negozio\/filo-di-lino-bianco\/#primaryimage","url":"https:\/\/homeofwool.com\/wp-content\/uploads\/2025\/09\/home-of-wool-linen-thread-\u2013-white-img_8397.jpg","contentUrl":"https:\/\/homeofwool.com\/wp-content\/uploads\/2025\/09\/home-of-wool-linen-thread-\u2013-white-img_8397.jpg","width":2000,"height":1600,"caption":"linen thread roll"},{"@type":"BreadcrumbList","@id":"https:\/\/homeofwool.com\/it\/negozio\/filo-di-lino-bianco\/#breadcrumb","itemListElement":[{"@type":"ListItem","position":1,"name":"Home","item":"https:\/\/homeofwool.com\/"},{"@type":"ListItem","position":2,"name":"Products","item":"https:\/\/homeofwool.com\/header-search-2\/"},{"@type":"ListItem","position":3,"name":"Linen Thread \u2013 White"}]},{"@type":"WebSite","@id":"https:\/\/homeofwool.com\/#website","url":"https:\/\/homeofwool.com\/","name":"Hem f\u00f6r ull","description":"","publisher":{"@id":"https:\/\/homeofwool.com\/#organization"},"potentialAction":[{"@type":"SearchAction","target":{"@type":"EntryPoint","urlTemplate":"https:\/\/homeofwool.com\/?s={search_term_string}"},"query-input":{"@type":"PropertyValueSpecification","valueRequired":true,"valueName":"search_term_string"}}],"inLanguage":"sv-SE"},{"@type":"Organization","@id":"https:\/\/homeofwool.com\/#organization","name":"Hem f\u00f6r ull","url":"https:\/\/homeofwool.com\/","logo":{"@type":"ImageObject","inLanguage":"sv-SE","@id":"https:\/\/homeofwool.com\/#\/schema\/logo\/image\/","url":"https:\/\/homeofwool.com\/wp-content\/uploads\/2025\/09\/WhatsApp-Image-2025-12-02-at-16.23.20.jpeg","contentUrl":"https:\/\/homeofwool.com\/wp-content\/uploads\/2025\/09\/WhatsApp-Image-2025-12-02-at-16.23.20.jpeg","width":700,"height":247,"caption":"Home of Wool"},"image":{"@id":"https:\/\/homeofwool.com\/#\/schema\/logo\/image\/"},"sameAs":["https:\/\/facebook.com\/HomeOfWoolOfficial"]}]}},"_links":{"self":[{"href":"https:\/\/homeofwool.com\/sv\/wp-json\/wp\/v2\/product\/217541","targetHints":{"allow":["GET"]}}],"collection":[{"href":"https:\/\/homeofwool.com\/sv\/wp-json\/wp\/v2\/product"}],"about":[{"href":"https:\/\/homeofwool.com\/sv\/wp-json\/wp\/v2\/types\/product"}],"version-history":[{"count":1,"href":"https:\/\/homeofwool.com\/sv\/wp-json\/wp\/v2\/product\/217541\/revisions"}],"predecessor-version":[{"id":227858,"href":"https:\/\/homeofwool.com\/sv\/wp-json\/wp\/v2\/product\/217541\/revisions\/227858"}],"wp:featuredmedia":[{"embeddable":true,"href":"https:\/\/homeofwool.com\/sv\/wp-json\/wp\/v2\/media\/223036"}],"wp:attachment":[{"href":"https:\/\/homeofwool.com\/sv\/wp-json\/wp\/v2\/media?parent=217541"}],"wp:term":[{"taxonomy":"product_brand","embeddable":true,"href":"https:\/\/homeofwool.com\/sv\/wp-json\/wp\/v2\/product_brand?post=217541"},{"taxonomy":"product_cat","embeddable":true,"href":"https:\/\/homeofwool.com\/sv\/wp-json\/wp\/v2\/product_cat?post=217541"},{"taxonomy":"product_tag","embeddable":true,"href":"https:\/\/homeofwool.com\/sv\/wp-json\/wp\/v2\/product_tag?post=217541"}],"curies":[{"name":"wp","href":"https:\/\/api.w.org\/{rel}","templated":true}]}}