{"id":217538,"date":"2025-09-02T12:00:56","date_gmt":"2025-09-02T12:00:56","guid":{"rendered":"https:\/\/homeofwool.com\/?post_type=product&#038;p=217538"},"modified":"2026-02-09T13:01:53","modified_gmt":"2026-02-09T13:01:53","slug":"montessori-tyger-lada","status":"publish","type":"product","link":"https:\/\/homeofwool.com\/sv\/shop\/montessori-fabrics-box\/","title":{"rendered":"Montessori Fabrics L\u00e5da"},"content":{"rendered":"<div data-elementor-type=\"product-post\" data-elementor-id=\"217538\" class=\"elementor elementor-217538\" data-elementor-post-type=\"product\">\n\t\t\t\t<div class=\"elementor-element elementor-element-438d2479 e-flex e-con-boxed e-con e-parent\" data-id=\"438d2479\" data-element_type=\"container\" data-e-type=\"container\">\n\t\t\t\t\t<div class=\"e-con-inner\">\n\t\t\t\t<div class=\"elementor-element elementor-element-6e6f3a81 elementor-widget elementor-widget-text-editor\" data-id=\"6e6f3a81\" data-element_type=\"widget\" data-e-type=\"widget\" data-widget_type=\"text-editor.default\">\n\t\t\t\t\t\t\t\t\t<p>Dr Maria Montessori designade och utvecklade sensoriska material f\u00f6r att hj\u00e4lpa barn att utveckla och f\u00f6rfina sina fem sinnen: smaksinnet, luktsinnet, k\u00e4nseln, h\u00f6rseln och synen.<p>I Montessori-klassrum och hem \u00f6ver hela v\u00e4rlden uppmuntras barn att l\u00e4ra sig genom sina h\u00e4nder \u2013 genom att r\u00f6ra, k\u00e4nna och g\u00f6ra.<p>Montessori Fabrics Box \u00e4r utformad f\u00f6r att utveckla och f\u00f6rfina barnens taktila sinne medan de f\u00f6rs\u00f6ker para ihop tygerna tv\u00e5 och tv\u00e5 n\u00e4r en vuxen visar hur man g\u00f6r. F\u00f6rst med \u00f6ppna \u00f6gon och sedan med \u00f6gonbindel.<p>V\u00e5r Home of Wool Fabrics Box inneh\u00e5ller 6 par helt naturliga, of\u00e4rgade och obleka tyger (9 x 9 cm) i en kartongl\u00e5da:<p>100% Ekologisk bomull<p>100% Linne<p>62% Linne 38% Bomull<p>100% Jungfruull<p>Mullb\u00e4rssilke<p>Ullvadd<p>Alla dessa tyger har en mycket specifik struktur och vi \u00e4r s\u00e4kra p\u00e5 att b\u00e5de barn och f\u00f6r\u00e4ldrar kommer att uppt\u00e4cka mycket genom det materialet.<p>N\u00e4r dina barn \u00e4r redo f\u00f6r det kan du ocks\u00e5 l\u00e4ra dem namnen p\u00e5 tygerna, vilket ytterligare \u00f6kar deras ordf\u00f6rr\u00e5d, samtidigt som du ber\u00e4ttar f\u00f6r dem hur dessa tyger skapades.<p>Historien om hur mullb\u00e4rssilke skapades \u00e4r s\u00e4rskilt intressant. Du kan till och med g\u00e5 ett steg l\u00e4ngre och ta hand om en silkesmask under en tid och bevittna dess metamorfos: mata den med mullb\u00e4rsblad, se den f\u00f6rvandlas till en kokong och sedan till en fj\u00e4ril!<p>Det finns s\u00e5 m\u00e5nga historier bakom vart och ett av v\u00e5ra tyger som ditt barn skulle \u00e4lska att f\u00e5 h\u00f6ra!<p>Tillagningstid: 1\u20133 dagar<br \/>Leveranstid: 1\u20134 veckor<br \/>Skicka ett meddelande till oss f\u00f6r att beg\u00e4ra expressleverans.\t\t\t\t\t\t\t\t<\/div>\n\t\t\t\t\t<\/div>\n\t\t\t\t<\/div>\n\t\t\t\t<\/div>","protected":false},"excerpt":{"rendered":"<p>Denna Montessori Fabrics Box \u00e4r ett vackert och enkelt s\u00e4tt att stimulera ditt barns k\u00e4nsel genom lek. Med noggrant utvalda naturliga tygprover f\u00f6r barn v\u00e4cker den nyfikenhet, st\u00e4rker sinnesmedvetandet och skapar glada uppt\u00e4cktsstunder.<\/p>\n<div class=\"global-icon-set\">\n<div class=\"global-icon-set__items\">\n<div class=\"global-icon-set__item\">\n<div class=\"global-icon-set__image\">\n                                    <img decoding=\"async\" src=\"https:\/\/homeofwool.com\/wp-content\/uploads\/2025\/09\/handmade-icon-300x300.png\" alt=\"handgjord ikon\" \/>\n                                <\/div>\n<div class=\"global-icon-set__title\">Handgjord<\/div>\n<\/p><\/div>\n<div class=\"global-icon-set__item\">\n<div class=\"global-icon-set__image\">\n                                    <img decoding=\"async\" src=\"https:\/\/homeofwool.com\/wp-content\/uploads\/2025\/09\/VOCs-min-300x300.png\" alt=\"Vocs gratis\" \/>\n                                <\/div>\n<div class=\"global-icon-set__title\">Fri fr\u00e5n VOC<\/div>\n<\/p><\/div>\n<div class=\"global-icon-set__item\">\n<div class=\"global-icon-set__image\">\n                                    <img decoding=\"async\" src=\"https:\/\/homeofwool.com\/wp-content\/uploads\/2025\/09\/Hypoallergenic-min-300x300.png\" alt=\"hypoallergen ikon\" \/>\n                                <\/div>\n<div class=\"global-icon-set__title\">Allergiv\u00e4nlig<\/div>\n<\/p><\/div>\n<div class=\"global-icon-set__item\">\n<div class=\"global-icon-set__image\">\n                                    <img decoding=\"async\" src=\"https:\/\/homeofwool.com\/wp-content\/uploads\/2025\/09\/free-of-synthetics-icon-300x300.png\" alt=\"fri fr\u00e5n syntetiska \u00e4mnen ikon\" \/>\n                                <\/div>\n<div class=\"global-icon-set__title\">Fri fr\u00e5n syntetmaterial<\/div>\n<\/p><\/div>\n<div class=\"global-icon-set__item\">\n<div class=\"global-icon-set__image\">\n                                    <img decoding=\"async\" src=\"https:\/\/homeofwool.com\/wp-content\/uploads\/2025\/09\/chemical-free-icon-300x300.png\" alt=\"kemikaliefri ikon\" \/>\n                                <\/div>\n<div class=\"global-icon-set__title\">Fri fr\u00e5n kemikalier<\/div>\n<\/p><\/div>\n<div class=\"global-icon-set__item\">\n<div class=\"global-icon-set__image\">\n                                    <img decoding=\"async\" src=\"https:\/\/homeofwool.com\/wp-content\/uploads\/2025\/09\/certified-materials-icon-300x300.png\" alt=\"ikon f\u00f6r certifierade material\" \/>\n                                <\/div>\n<div class=\"global-icon-set__title\">100% Rent certifierat material<\/div>\n<\/p><\/div>\n<\/p><\/div>\n<\/p><\/div>","protected":false},"featured_media":225363,"template":"","meta":{"_acf_changed":false},"product_brand":[],"product_cat":[265],"product_tag":[1370],"class_list":{"0":"post-217538","1":"product","2":"type-product","3":"status-publish","4":"has-post-thumbnail","6":"product_cat-playtime","7":"product_tag-nosteps","9":"first","10":"instock","11":"shipping-taxable","12":"purchasable","13":"product-type-simple"},"acf":[],"yoast_head":"<!-- This site is optimized with the Yoast SEO Premium plugin v27.3 (Yoast SEO v27.3) - https:\/\/yoast.com\/product\/yoast-seo-premium-wordpress\/ -->\n<title>Montessori Fabrics Box \u2013 Natural &amp; Educational for Kids | Home of Wool<\/title>\n<meta name=\"description\" content=\"Discover the Montessori Fabrics Box with authentic cotton, linen, wool, and silk. A natural sensory kit for tactile learning and mindful play.\" \/>\n<meta name=\"robots\" content=\"index, follow, max-snippet:-1, max-image-preview:large, max-video-preview:-1\" \/>\n<link rel=\"canonical\" href=\"https:\/\/homeofwool.com\/sv\/butik\/montessori-tyger-lada\/\" \/>\n<meta property=\"og:locale\" content=\"sv_SE\" \/>\n<meta property=\"og:type\" content=\"article\" \/>\n<meta property=\"og:title\" content=\"Montessori Fabrics Box\" \/>\n<meta property=\"og:description\" content=\"Discover the Montessori Fabrics Box with authentic cotton, linen, wool, and silk. A natural sensory kit for tactile learning and mindful play.\" \/>\n<meta property=\"og:url\" content=\"https:\/\/homeofwool.com\/sv\/butik\/montessori-tyger-lada\/\" \/>\n<meta property=\"og:site_name\" content=\"Home of Wool\" \/>\n<meta property=\"article:publisher\" content=\"https:\/\/facebook.com\/HomeOfWoolOfficial\" \/>\n<meta property=\"article:modified_time\" content=\"2026-02-09T13:01:53+00:00\" \/>\n<meta property=\"og:image\" content=\"https:\/\/homeofwool.com\/wp-content\/uploads\/2025\/09\/home-of-wool-montessori-fabrics-box-1-main.jpg\" \/>\n\t<meta property=\"og:image:width\" content=\"1900\" \/>\n\t<meta property=\"og:image:height\" content=\"1520\" \/>\n\t<meta property=\"og:image:type\" content=\"image\/jpeg\" \/>\n<meta name=\"twitter:card\" content=\"summary_large_image\" \/>\n<meta name=\"twitter:label1\" content=\"Ber\u00e4knad l\u00e4stid\" \/>\n\t<meta name=\"twitter:data1\" content=\"2 minuter\" \/>\n<script type=\"application\/ld+json\" class=\"yoast-schema-graph\">{\"@context\":\"https:\\\/\\\/schema.org\",\"@graph\":[{\"@type\":\"WebPage\",\"@id\":\"https:\\\/\\\/homeofwool.com\\\/shop\\\/montessori-fabrics-box\\\/\",\"url\":\"https:\\\/\\\/homeofwool.com\\\/shop\\\/montessori-fabrics-box\\\/\",\"name\":\"Montessori Fabrics Box \u2013 Natural & Educational for Kids | Home of Wool\",\"isPartOf\":{\"@id\":\"https:\\\/\\\/homeofwool.com\\\/#website\"},\"primaryImageOfPage\":{\"@id\":\"https:\\\/\\\/homeofwool.com\\\/shop\\\/montessori-fabrics-box\\\/#primaryimage\"},\"image\":{\"@id\":\"https:\\\/\\\/homeofwool.com\\\/shop\\\/montessori-fabrics-box\\\/#primaryimage\"},\"thumbnailUrl\":\"https:\\\/\\\/homeofwool.com\\\/wp-content\\\/uploads\\\/2025\\\/09\\\/home-of-wool-montessori-fabrics-box-1-main.jpg\",\"datePublished\":\"2025-09-02T12:00:56+00:00\",\"dateModified\":\"2026-02-09T13:01:53+00:00\",\"description\":\"Discover the Montessori Fabrics Box with authentic cotton, linen, wool, and silk. A natural sensory kit for tactile learning and mindful play.\",\"breadcrumb\":{\"@id\":\"https:\\\/\\\/homeofwool.com\\\/shop\\\/montessori-fabrics-box\\\/#breadcrumb\"},\"inLanguage\":\"sv-SE\",\"potentialAction\":[{\"@type\":\"ReadAction\",\"target\":[\"https:\\\/\\\/homeofwool.com\\\/shop\\\/montessori-fabrics-box\\\/\"]}]},{\"@type\":\"ImageObject\",\"inLanguage\":\"sv-SE\",\"@id\":\"https:\\\/\\\/homeofwool.com\\\/shop\\\/montessori-fabrics-box\\\/#primaryimage\",\"url\":\"https:\\\/\\\/homeofwool.com\\\/wp-content\\\/uploads\\\/2025\\\/09\\\/home-of-wool-montessori-fabrics-box-1-main.jpg\",\"contentUrl\":\"https:\\\/\\\/homeofwool.com\\\/wp-content\\\/uploads\\\/2025\\\/09\\\/home-of-wool-montessori-fabrics-box-1-main.jpg\",\"width\":1900,\"height\":1520,\"caption\":\"Montessori fabrics box with fabrics laid out\"},{\"@type\":\"BreadcrumbList\",\"@id\":\"https:\\\/\\\/homeofwool.com\\\/shop\\\/montessori-fabrics-box\\\/#breadcrumb\",\"itemListElement\":[{\"@type\":\"ListItem\",\"position\":1,\"name\":\"Home\",\"item\":\"https:\\\/\\\/homeofwool.com\\\/\"},{\"@type\":\"ListItem\",\"position\":2,\"name\":\"Products\",\"item\":\"https:\\\/\\\/homeofwool.com\\\/header-search-2\\\/\"},{\"@type\":\"ListItem\",\"position\":3,\"name\":\"Montessori Fabrics Box\"}]},{\"@type\":\"WebSite\",\"@id\":\"https:\\\/\\\/homeofwool.com\\\/#website\",\"url\":\"https:\\\/\\\/homeofwool.com\\\/\",\"name\":\"Home of Wool\",\"description\":\"\",\"publisher\":{\"@id\":\"https:\\\/\\\/homeofwool.com\\\/#organization\"},\"potentialAction\":[{\"@type\":\"SearchAction\",\"target\":{\"@type\":\"EntryPoint\",\"urlTemplate\":\"https:\\\/\\\/homeofwool.com\\\/?s={search_term_string}\"},\"query-input\":{\"@type\":\"PropertyValueSpecification\",\"valueRequired\":true,\"valueName\":\"search_term_string\"}}],\"inLanguage\":\"sv-SE\"},{\"@type\":\"Organization\",\"@id\":\"https:\\\/\\\/homeofwool.com\\\/#organization\",\"name\":\"Home of Wool\",\"url\":\"https:\\\/\\\/homeofwool.com\\\/\",\"logo\":{\"@type\":\"ImageObject\",\"inLanguage\":\"sv-SE\",\"@id\":\"https:\\\/\\\/homeofwool.com\\\/#\\\/schema\\\/logo\\\/image\\\/\",\"url\":\"https:\\\/\\\/homeofwool.com\\\/wp-content\\\/uploads\\\/2025\\\/09\\\/WhatsApp-Image-2025-12-02-at-16.23.20.jpeg\",\"contentUrl\":\"https:\\\/\\\/homeofwool.com\\\/wp-content\\\/uploads\\\/2025\\\/09\\\/WhatsApp-Image-2025-12-02-at-16.23.20.jpeg\",\"width\":700,\"height\":247,\"caption\":\"Home of Wool\"},\"image\":{\"@id\":\"https:\\\/\\\/homeofwool.com\\\/#\\\/schema\\\/logo\\\/image\\\/\"},\"sameAs\":[\"https:\\\/\\\/facebook.com\\\/HomeOfWoolOfficial\"]}]}<\/script>\n<!-- \/ Yoast SEO Premium plugin. -->","yoast_head_json":{"title":"Montessori Fabrics Box \u2013 Naturligt och pedagogiskt f\u00f6r barn | Home of Wool","description":"Uppt\u00e4ck Montessori Fabrics Box med \u00e4kta bomull, linne, ull och siden. Ett naturligt sensoriskt kit f\u00f6r taktilt l\u00e4rande och medvetet lekande.","robots":{"index":"index","follow":"follow","max-snippet":"max-snippet:-1","max-image-preview":"max-image-preview:large","max-video-preview":"max-video-preview:-1"},"canonical":"https:\/\/homeofwool.com\/sv\/butik\/montessori-tyger-lada\/","og_locale":"sv_SE","og_type":"article","og_title":"Montessori Fabrics Box","og_description":"Discover the Montessori Fabrics Box with authentic cotton, linen, wool, and silk. A natural sensory kit for tactile learning and mindful play.","og_url":"https:\/\/homeofwool.com\/sv\/butik\/montessori-tyger-lada\/","og_site_name":"Home of Wool","article_publisher":"https:\/\/facebook.com\/HomeOfWoolOfficial","article_modified_time":"2026-02-09T13:01:53+00:00","og_image":[{"width":1900,"height":1520,"url":"https:\/\/homeofwool.com\/wp-content\/uploads\/2025\/09\/home-of-wool-montessori-fabrics-box-1-main.jpg","type":"image\/jpeg"}],"twitter_card":"summary_large_image","twitter_misc":{"Ber\u00e4knad l\u00e4stid":"2 minuter"},"schema":{"@context":"https:\/\/schema.org","@graph":[{"@type":"WebPage","@id":"https:\/\/homeofwool.com\/shop\/montessori-fabrics-box\/","url":"https:\/\/homeofwool.com\/shop\/montessori-fabrics-box\/","name":"Montessori Fabrics Box \u2013 Naturligt och pedagogiskt f\u00f6r barn | Home of Wool","isPartOf":{"@id":"https:\/\/homeofwool.com\/#website"},"primaryImageOfPage":{"@id":"https:\/\/homeofwool.com\/shop\/montessori-fabrics-box\/#primaryimage"},"image":{"@id":"https:\/\/homeofwool.com\/shop\/montessori-fabrics-box\/#primaryimage"},"thumbnailUrl":"https:\/\/homeofwool.com\/wp-content\/uploads\/2025\/09\/home-of-wool-montessori-fabrics-box-1-main.jpg","datePublished":"2025-09-02T12:00:56+00:00","dateModified":"2026-02-09T13:01:53+00:00","description":"Uppt\u00e4ck Montessori Fabrics Box med \u00e4kta bomull, linne, ull och siden. Ett naturligt sensoriskt kit f\u00f6r taktilt l\u00e4rande och medvetet lekande.","breadcrumb":{"@id":"https:\/\/homeofwool.com\/shop\/montessori-fabrics-box\/#breadcrumb"},"inLanguage":"sv-SE","potentialAction":[{"@type":"ReadAction","target":["https:\/\/homeofwool.com\/shop\/montessori-fabrics-box\/"]}]},{"@type":"ImageObject","inLanguage":"sv-SE","@id":"https:\/\/homeofwool.com\/shop\/montessori-fabrics-box\/#primaryimage","url":"https:\/\/homeofwool.com\/wp-content\/uploads\/2025\/09\/home-of-wool-montessori-fabrics-box-1-main.jpg","contentUrl":"https:\/\/homeofwool.com\/wp-content\/uploads\/2025\/09\/home-of-wool-montessori-fabrics-box-1-main.jpg","width":1900,"height":1520,"caption":"Montessori fabrics box with fabrics laid out"},{"@type":"BreadcrumbList","@id":"https:\/\/homeofwool.com\/shop\/montessori-fabrics-box\/#breadcrumb","itemListElement":[{"@type":"ListItem","position":1,"name":"Home","item":"https:\/\/homeofwool.com\/"},{"@type":"ListItem","position":2,"name":"Products","item":"https:\/\/homeofwool.com\/header-search-2\/"},{"@type":"ListItem","position":3,"name":"Montessori Fabrics Box"}]},{"@type":"WebSite","@id":"https:\/\/homeofwool.com\/#website","url":"https:\/\/homeofwool.com\/","name":"Hem f\u00f6r ull","description":"","publisher":{"@id":"https:\/\/homeofwool.com\/#organization"},"potentialAction":[{"@type":"SearchAction","target":{"@type":"EntryPoint","urlTemplate":"https:\/\/homeofwool.com\/?s={search_term_string}"},"query-input":{"@type":"PropertyValueSpecification","valueRequired":true,"valueName":"search_term_string"}}],"inLanguage":"sv-SE"},{"@type":"Organization","@id":"https:\/\/homeofwool.com\/#organization","name":"Hem f\u00f6r ull","url":"https:\/\/homeofwool.com\/","logo":{"@type":"ImageObject","inLanguage":"sv-SE","@id":"https:\/\/homeofwool.com\/#\/schema\/logo\/image\/","url":"https:\/\/homeofwool.com\/wp-content\/uploads\/2025\/09\/WhatsApp-Image-2025-12-02-at-16.23.20.jpeg","contentUrl":"https:\/\/homeofwool.com\/wp-content\/uploads\/2025\/09\/WhatsApp-Image-2025-12-02-at-16.23.20.jpeg","width":700,"height":247,"caption":"Home of Wool"},"image":{"@id":"https:\/\/homeofwool.com\/#\/schema\/logo\/image\/"},"sameAs":["https:\/\/facebook.com\/HomeOfWoolOfficial"]}]}},"_links":{"self":[{"href":"https:\/\/homeofwool.com\/sv\/wp-json\/wp\/v2\/product\/217538","targetHints":{"allow":["GET"]}}],"collection":[{"href":"https:\/\/homeofwool.com\/sv\/wp-json\/wp\/v2\/product"}],"about":[{"href":"https:\/\/homeofwool.com\/sv\/wp-json\/wp\/v2\/types\/product"}],"version-history":[{"count":1,"href":"https:\/\/homeofwool.com\/sv\/wp-json\/wp\/v2\/product\/217538\/revisions"}],"predecessor-version":[{"id":227861,"href":"https:\/\/homeofwool.com\/sv\/wp-json\/wp\/v2\/product\/217538\/revisions\/227861"}],"wp:featuredmedia":[{"embeddable":true,"href":"https:\/\/homeofwool.com\/sv\/wp-json\/wp\/v2\/media\/225363"}],"wp:attachment":[{"href":"https:\/\/homeofwool.com\/sv\/wp-json\/wp\/v2\/media?parent=217538"}],"wp:term":[{"taxonomy":"product_brand","embeddable":true,"href":"https:\/\/homeofwool.com\/sv\/wp-json\/wp\/v2\/product_brand?post=217538"},{"taxonomy":"product_cat","embeddable":true,"href":"https:\/\/homeofwool.com\/sv\/wp-json\/wp\/v2\/product_cat?post=217538"},{"taxonomy":"product_tag","embeddable":true,"href":"https:\/\/homeofwool.com\/sv\/wp-json\/wp\/v2\/product_tag?post=217538"}],"curies":[{"name":"wp","href":"https:\/\/api.w.org\/{rel}","templated":true}]}}