{"id":217536,"date":"2025-09-02T12:00:56","date_gmt":"2025-09-02T12:00:56","guid":{"rendered":"https:\/\/homeofwool.com\/?post_type=product&#038;p=217536"},"modified":"2026-03-26T14:36:45","modified_gmt":"2026-03-26T14:36:45","slug":"sovkudde","status":"publish","type":"product","link":"https:\/\/homeofwool.com\/sv\/shop\/sleeping-pillow\/","title":{"rendered":"Kudde i ull"},"content":{"rendered":"<p>Den h\u00e4r ullkudden \u00e4r gjord f\u00f6r att h\u00e5lla dig i en stadig, balanserad komfort fr\u00e5n det \u00f6gonblick du l\u00e4gger dig ner. Inuti skapar fyllningen av ren ull 100% en s\u00e4ker sovkudde som \u00e4r giftfri och naturligt bekv\u00e4m f\u00f6r natt efter natt med b\u00e4ttre vila. Kudden \u00e4r justerbar f\u00f6r perfekt loft och \u00e4r gjord f\u00f6r djup, vilsam s\u00f6mn varje natt.<\/p>\n<p>Ullens naturliga temperaturbalans g\u00f6r detta till en riktigt sval kudde p\u00e5 sommaren och en mysig kudde p\u00e5 vintern. Under natten transporterar ullen bort fukt s\u00e5 att din trygga sovkudde k\u00e4nns fr\u00e4sch, sval och redo att v\u00e4lkomna dig tillbaka n\u00e4r du v\u00e4nder dig om. Den \u00e4r allergiv\u00e4nlig. Ett smart val f\u00f6r alla som \u00e4r k\u00e4nsliga f\u00f6r dammkvalster eller kemikalier. Kul fakta: ull avvisar dammkvalster naturligt, s\u00e5 din kudde f\u00f6rblir fr\u00e4schare och renare utan kemiska behandlingar.<\/p>\n<p>Vi har lagt till en dragkedja p\u00e5 sidan s\u00e5 att du sj\u00e4lv kan finjustera h\u00f6jden p\u00e5 din ullkudde. Vissa m\u00e4nniskor gillar att kombinera den med ett \u00f6rngott eller skydd f\u00f6r att h\u00e5lla den fr\u00e4sch i flera \u00e5r. Prover p\u00e5 ull och tyger finns tillg\u00e4ngliga s\u00e5 att du kan k\u00e4nna p\u00e5 kvaliteten innan du v\u00e4ljer. Den h\u00e4r kudden handlar om komfort som du kan lita p\u00e5 och f\u00f6ryngrande s\u00f6mn som du kan k\u00e4nna.<\/p>","protected":false},"excerpt":{"rendered":"<p>V\u00e5r ullkudde ger en stadig och balanserad komfort f\u00f6r huvud och nacke. Fylld f\u00f6r hand med 100% ren ullfyllning, det \u00e4r en s\u00e4ker sovkudde som \u00e4r allergiv\u00e4nlig, giftfri och naturligt bekv\u00e4m. Gjord f\u00f6r att st\u00f6dja vilsam s\u00f6mn under alla \u00e5rstider.<\/p>\n<div class=\"global-icon-set\">\n<div class=\"global-icon-set__items\">\n<div class=\"global-icon-set__item\">\n<div class=\"global-icon-set__image\">\n                                    <img decoding=\"async\" src=\"https:\/\/homeofwool.com\/wp-content\/uploads\/2025\/09\/handmade-icon-300x300.png\" alt=\"handgjord ikon\" \/>\n                                <\/div>\n<div class=\"global-icon-set__title\">Handgjord<\/div>\n<\/p><\/div>\n<div class=\"global-icon-set__item\">\n<div class=\"global-icon-set__image\">\n                                    <img decoding=\"async\" src=\"https:\/\/homeofwool.com\/wp-content\/uploads\/2025\/09\/Exceptionally-Supportive-min-300x300.png\" alt=\"exceptionellt st\u00f6djande ikon\" \/>\n                                <\/div>\n<div class=\"global-icon-set__title\">Exceptionellt st\u00f6djande<\/div>\n<\/p><\/div>\n<div class=\"global-icon-set__item\">\n<div class=\"global-icon-set__image\">\n                                    <img decoding=\"async\" src=\"https:\/\/homeofwool.com\/wp-content\/uploads\/2025\/09\/wicks-moisture-away-300x300.png\" alt=\"transporterar bort fukt\" \/>\n                                <\/div>\n<div class=\"global-icon-set__title\">Transporterar bort fukt<\/div>\n<\/p><\/div>\n<div class=\"global-icon-set__item\">\n<div class=\"global-icon-set__image\">\n                                    <img decoding=\"async\" src=\"https:\/\/homeofwool.com\/wp-content\/uploads\/2025\/09\/VOCs-min-300x300.png\" alt=\"Vocs gratis\" \/>\n                                <\/div>\n<div class=\"global-icon-set__title\">Fri fr\u00e5n VOC<\/div>\n<\/p><\/div>\n<div class=\"global-icon-set__item\">\n<div class=\"global-icon-set__image\">\n                                    <img decoding=\"async\" src=\"https:\/\/homeofwool.com\/wp-content\/uploads\/2025\/09\/FR-min-300x300.png\" alt=\"Brandbest\u00e4ndig ikon\" \/>\n                                <\/div>\n<div class=\"global-icon-set__title\">Flamskyddad<\/div>\n<\/p><\/div>\n<div class=\"global-icon-set__item\">\n<div class=\"global-icon-set__image\">\n                                    <img decoding=\"async\" src=\"https:\/\/homeofwool.com\/wp-content\/uploads\/2025\/09\/Hypoallergenic-min-300x300.png\" alt=\"hypoallergen ikon\" \/>\n                                <\/div>\n<div class=\"global-icon-set__title\">Allergiv\u00e4nlig<\/div>\n<\/p><\/div>\n<div class=\"global-icon-set__item\">\n<div class=\"global-icon-set__image\">\n                                    <img decoding=\"async\" src=\"https:\/\/homeofwool.com\/wp-content\/uploads\/2025\/09\/free-of-synthetics-icon-300x300.png\" alt=\"fri fr\u00e5n syntetiska \u00e4mnen ikon\" \/>\n                                <\/div>\n<div class=\"global-icon-set__title\">Fri fr\u00e5n syntetmaterial<\/div>\n<\/p><\/div>\n<div class=\"global-icon-set__item\">\n<div class=\"global-icon-set__image\">\n                                    <img decoding=\"async\" src=\"https:\/\/homeofwool.com\/wp-content\/uploads\/2025\/09\/chemical-free-icon-300x300.png\" alt=\"kemikaliefri ikon\" \/>\n                                <\/div>\n<div class=\"global-icon-set__title\">Fri fr\u00e5n kemikalier<\/div>\n<\/p><\/div>\n<div class=\"global-icon-set__item\">\n<div class=\"global-icon-set__image\">\n                                    <img decoding=\"async\" src=\"https:\/\/homeofwool.com\/wp-content\/uploads\/2025\/09\/anti-bacterial-icon-300x300.png\" alt=\"antibakteriell ikon\" \/>\n                                <\/div>\n<div class=\"global-icon-set__title\">Anti-mikrobiell och anti-bakteriell<\/div>\n<\/p><\/div>\n<div class=\"global-icon-set__item\">\n<div class=\"global-icon-set__image\">\n                                    <img decoding=\"async\" src=\"https:\/\/homeofwool.com\/wp-content\/uploads\/2025\/09\/certified-materials-icon-300x300.png\" alt=\"ikon f\u00f6r certifierade material\" \/>\n                                <\/div>\n<div class=\"global-icon-set__title\">100% Rent certifierat material<\/div>\n<\/p><\/div>\n<\/p><\/div>\n<\/p><\/div>","protected":false},"featured_media":226480,"template":"","meta":{"_acf_changed":false},"product_brand":[],"product_cat":[1366,254],"product_tag":[444,445,446,447,448,449,450,451,149,452],"class_list":{"0":"post-217536","1":"product","2":"type-product","3":"status-publish","4":"has-post-thumbnail","6":"product_cat-womens-day","7":"product_cat-pillows-pillowcases","8":"product_tag-all-natural-pillow","9":"product_tag-bed-pillow","10":"product_tag-king-pillow","11":"product_tag-organic-pillow","12":"product_tag-pillow-inserts","13":"product_tag-queen-pillow","14":"product_tag-sleep-pillow","15":"product_tag-standard-pillow","16":"product_tag-steps","17":"product_tag-wool-pillow","19":"first","20":"instock","21":"shipping-taxable","22":"purchasable","23":"product-type-simple"},"acf":[],"yoast_head":"<!-- This site is optimized with the Yoast SEO Premium plugin v27.3 (Yoast SEO v27.3) - https:\/\/yoast.com\/product\/yoast-seo-premium-wordpress\/ -->\n<title>Wool Pillow \u2013 Organic, Adjustable &amp; Temperature Regulating | Home of Wool<\/title>\n<meta name=\"description\" content=\"Breathable and adjustable, the Wool Pillow features organic filling for toxin-free comfort. Hypoallergenic and natural, it regulates temperature and ensures supportive, sustainable rest.\" \/>\n<meta name=\"robots\" content=\"index, follow, max-snippet:-1, max-image-preview:large, max-video-preview:-1\" \/>\n<link rel=\"canonical\" href=\"https:\/\/homeofwool.com\/sv\/butik\/sovkudde\/\" \/>\n<meta property=\"og:locale\" content=\"sv_SE\" \/>\n<meta property=\"og:type\" content=\"article\" \/>\n<meta property=\"og:title\" content=\"Wool Pillow\" \/>\n<meta property=\"og:description\" content=\"Breathable and adjustable, the Wool Pillow features organic filling for toxin-free comfort. Hypoallergenic and natural, it regulates temperature and ensures supportive, sustainable rest.\" \/>\n<meta property=\"og:url\" content=\"https:\/\/homeofwool.com\/sv\/butik\/sovkudde\/\" \/>\n<meta property=\"og:site_name\" content=\"Home of Wool\" \/>\n<meta property=\"article:publisher\" content=\"https:\/\/facebook.com\/HomeOfWoolOfficial\" \/>\n<meta property=\"article:modified_time\" content=\"2026-03-26T14:36:45+00:00\" \/>\n<meta property=\"og:image\" content=\"https:\/\/homeofwool.com\/wp-content\/uploads\/2025\/09\/ome-of-wool-wool-pillow-main.jpg\" \/>\n\t<meta property=\"og:image:width\" content=\"1900\" \/>\n\t<meta property=\"og:image:height\" content=\"1520\" \/>\n\t<meta property=\"og:image:type\" content=\"image\/jpeg\" \/>\n<meta name=\"twitter:card\" content=\"summary_large_image\" \/>\n<meta name=\"twitter:label1\" content=\"Ber\u00e4knad l\u00e4stid\" \/>\n\t<meta name=\"twitter:data1\" content=\"2 minuter\" \/>\n<script type=\"application\/ld+json\" class=\"yoast-schema-graph\">{\"@context\":\"https:\\\/\\\/schema.org\",\"@graph\":[{\"@type\":\"WebPage\",\"@id\":\"https:\\\/\\\/homeofwool.com\\\/shop\\\/sleeping-pillow\\\/\",\"url\":\"https:\\\/\\\/homeofwool.com\\\/shop\\\/sleeping-pillow\\\/\",\"name\":\"Wool Pillow \u2013 Organic, Adjustable & Temperature Regulating | Home of Wool\",\"isPartOf\":{\"@id\":\"https:\\\/\\\/homeofwool.com\\\/#website\"},\"primaryImageOfPage\":{\"@id\":\"https:\\\/\\\/homeofwool.com\\\/shop\\\/sleeping-pillow\\\/#primaryimage\"},\"image\":{\"@id\":\"https:\\\/\\\/homeofwool.com\\\/shop\\\/sleeping-pillow\\\/#primaryimage\"},\"thumbnailUrl\":\"https:\\\/\\\/homeofwool.com\\\/wp-content\\\/uploads\\\/2025\\\/09\\\/ome-of-wool-wool-pillow-main.jpg\",\"datePublished\":\"2025-09-02T12:00:56+00:00\",\"dateModified\":\"2026-03-26T14:36:45+00:00\",\"description\":\"Breathable and adjustable, the Wool Pillow features organic filling for toxin-free comfort. Hypoallergenic and natural, it regulates temperature and ensures supportive, sustainable rest.\",\"breadcrumb\":{\"@id\":\"https:\\\/\\\/homeofwool.com\\\/shop\\\/sleeping-pillow\\\/#breadcrumb\"},\"inLanguage\":\"sv-SE\",\"potentialAction\":[{\"@type\":\"ReadAction\",\"target\":[\"https:\\\/\\\/homeofwool.com\\\/shop\\\/sleeping-pillow\\\/\"]}]},{\"@type\":\"ImageObject\",\"inLanguage\":\"sv-SE\",\"@id\":\"https:\\\/\\\/homeofwool.com\\\/shop\\\/sleeping-pillow\\\/#primaryimage\",\"url\":\"https:\\\/\\\/homeofwool.com\\\/wp-content\\\/uploads\\\/2025\\\/09\\\/ome-of-wool-wool-pillow-main.jpg\",\"contentUrl\":\"https:\\\/\\\/homeofwool.com\\\/wp-content\\\/uploads\\\/2025\\\/09\\\/ome-of-wool-wool-pillow-main.jpg\",\"width\":1900,\"height\":1520,\"caption\":\"wool pillow with a man sleeping on it\"},{\"@type\":\"BreadcrumbList\",\"@id\":\"https:\\\/\\\/homeofwool.com\\\/shop\\\/sleeping-pillow\\\/#breadcrumb\",\"itemListElement\":[{\"@type\":\"ListItem\",\"position\":1,\"name\":\"Home\",\"item\":\"https:\\\/\\\/homeofwool.com\\\/\"},{\"@type\":\"ListItem\",\"position\":2,\"name\":\"Products\",\"item\":\"https:\\\/\\\/homeofwool.com\\\/header-search-2\\\/\"},{\"@type\":\"ListItem\",\"position\":3,\"name\":\"Wool Pillow\"}]},{\"@type\":\"WebSite\",\"@id\":\"https:\\\/\\\/homeofwool.com\\\/#website\",\"url\":\"https:\\\/\\\/homeofwool.com\\\/\",\"name\":\"Home of Wool\",\"description\":\"\",\"publisher\":{\"@id\":\"https:\\\/\\\/homeofwool.com\\\/#organization\"},\"potentialAction\":[{\"@type\":\"SearchAction\",\"target\":{\"@type\":\"EntryPoint\",\"urlTemplate\":\"https:\\\/\\\/homeofwool.com\\\/?s={search_term_string}\"},\"query-input\":{\"@type\":\"PropertyValueSpecification\",\"valueRequired\":true,\"valueName\":\"search_term_string\"}}],\"inLanguage\":\"sv-SE\"},{\"@type\":\"Organization\",\"@id\":\"https:\\\/\\\/homeofwool.com\\\/#organization\",\"name\":\"Home of Wool\",\"url\":\"https:\\\/\\\/homeofwool.com\\\/\",\"logo\":{\"@type\":\"ImageObject\",\"inLanguage\":\"sv-SE\",\"@id\":\"https:\\\/\\\/homeofwool.com\\\/#\\\/schema\\\/logo\\\/image\\\/\",\"url\":\"https:\\\/\\\/homeofwool.com\\\/wp-content\\\/uploads\\\/2025\\\/09\\\/WhatsApp-Image-2025-12-02-at-16.23.20.jpeg\",\"contentUrl\":\"https:\\\/\\\/homeofwool.com\\\/wp-content\\\/uploads\\\/2025\\\/09\\\/WhatsApp-Image-2025-12-02-at-16.23.20.jpeg\",\"width\":700,\"height\":247,\"caption\":\"Home of Wool\"},\"image\":{\"@id\":\"https:\\\/\\\/homeofwool.com\\\/#\\\/schema\\\/logo\\\/image\\\/\"},\"sameAs\":[\"https:\\\/\\\/facebook.com\\\/HomeOfWoolOfficial\"]}]}<\/script>\n<!-- \/ Yoast SEO Premium plugin. -->","yoast_head_json":{"title":"Ullkudde - ekologisk, justerbar och temperaturreglerande | Home of Wool","description":"Wool Pillow \u00e4r ventilerande och justerbar och har ekologisk fyllning f\u00f6r giftfri komfort. Den \u00e4r allergiv\u00e4nlig och naturlig, temperaturreglerande och ger st\u00f6djande, h\u00e5llbar vila.","robots":{"index":"index","follow":"follow","max-snippet":"max-snippet:-1","max-image-preview":"max-image-preview:large","max-video-preview":"max-video-preview:-1"},"canonical":"https:\/\/homeofwool.com\/sv\/butik\/sovkudde\/","og_locale":"sv_SE","og_type":"article","og_title":"Wool Pillow","og_description":"Breathable and adjustable, the Wool Pillow features organic filling for toxin-free comfort. Hypoallergenic and natural, it regulates temperature and ensures supportive, sustainable rest.","og_url":"https:\/\/homeofwool.com\/sv\/butik\/sovkudde\/","og_site_name":"Home of Wool","article_publisher":"https:\/\/facebook.com\/HomeOfWoolOfficial","article_modified_time":"2026-03-26T14:36:45+00:00","og_image":[{"width":1900,"height":1520,"url":"https:\/\/homeofwool.com\/wp-content\/uploads\/2025\/09\/ome-of-wool-wool-pillow-main.jpg","type":"image\/jpeg"}],"twitter_card":"summary_large_image","twitter_misc":{"Ber\u00e4knad l\u00e4stid":"2 minuter"},"schema":{"@context":"https:\/\/schema.org","@graph":[{"@type":"WebPage","@id":"https:\/\/homeofwool.com\/shop\/sleeping-pillow\/","url":"https:\/\/homeofwool.com\/shop\/sleeping-pillow\/","name":"Ullkudde - ekologisk, justerbar och temperaturreglerande | Home of Wool","isPartOf":{"@id":"https:\/\/homeofwool.com\/#website"},"primaryImageOfPage":{"@id":"https:\/\/homeofwool.com\/shop\/sleeping-pillow\/#primaryimage"},"image":{"@id":"https:\/\/homeofwool.com\/shop\/sleeping-pillow\/#primaryimage"},"thumbnailUrl":"https:\/\/homeofwool.com\/wp-content\/uploads\/2025\/09\/ome-of-wool-wool-pillow-main.jpg","datePublished":"2025-09-02T12:00:56+00:00","dateModified":"2026-03-26T14:36:45+00:00","description":"Wool Pillow \u00e4r ventilerande och justerbar och har ekologisk fyllning f\u00f6r giftfri komfort. Den \u00e4r allergiv\u00e4nlig och naturlig, temperaturreglerande och ger st\u00f6djande, h\u00e5llbar vila.","breadcrumb":{"@id":"https:\/\/homeofwool.com\/shop\/sleeping-pillow\/#breadcrumb"},"inLanguage":"sv-SE","potentialAction":[{"@type":"ReadAction","target":["https:\/\/homeofwool.com\/shop\/sleeping-pillow\/"]}]},{"@type":"ImageObject","inLanguage":"sv-SE","@id":"https:\/\/homeofwool.com\/shop\/sleeping-pillow\/#primaryimage","url":"https:\/\/homeofwool.com\/wp-content\/uploads\/2025\/09\/ome-of-wool-wool-pillow-main.jpg","contentUrl":"https:\/\/homeofwool.com\/wp-content\/uploads\/2025\/09\/ome-of-wool-wool-pillow-main.jpg","width":1900,"height":1520,"caption":"wool pillow with a man sleeping on it"},{"@type":"BreadcrumbList","@id":"https:\/\/homeofwool.com\/shop\/sleeping-pillow\/#breadcrumb","itemListElement":[{"@type":"ListItem","position":1,"name":"Home","item":"https:\/\/homeofwool.com\/"},{"@type":"ListItem","position":2,"name":"Products","item":"https:\/\/homeofwool.com\/header-search-2\/"},{"@type":"ListItem","position":3,"name":"Wool Pillow"}]},{"@type":"WebSite","@id":"https:\/\/homeofwool.com\/#website","url":"https:\/\/homeofwool.com\/","name":"Hem f\u00f6r ull","description":"","publisher":{"@id":"https:\/\/homeofwool.com\/#organization"},"potentialAction":[{"@type":"SearchAction","target":{"@type":"EntryPoint","urlTemplate":"https:\/\/homeofwool.com\/?s={search_term_string}"},"query-input":{"@type":"PropertyValueSpecification","valueRequired":true,"valueName":"search_term_string"}}],"inLanguage":"sv-SE"},{"@type":"Organization","@id":"https:\/\/homeofwool.com\/#organization","name":"Hem f\u00f6r ull","url":"https:\/\/homeofwool.com\/","logo":{"@type":"ImageObject","inLanguage":"sv-SE","@id":"https:\/\/homeofwool.com\/#\/schema\/logo\/image\/","url":"https:\/\/homeofwool.com\/wp-content\/uploads\/2025\/09\/WhatsApp-Image-2025-12-02-at-16.23.20.jpeg","contentUrl":"https:\/\/homeofwool.com\/wp-content\/uploads\/2025\/09\/WhatsApp-Image-2025-12-02-at-16.23.20.jpeg","width":700,"height":247,"caption":"Home of Wool"},"image":{"@id":"https:\/\/homeofwool.com\/#\/schema\/logo\/image\/"},"sameAs":["https:\/\/facebook.com\/HomeOfWoolOfficial"]}]}},"_links":{"self":[{"href":"https:\/\/homeofwool.com\/sv\/wp-json\/wp\/v2\/product\/217536","targetHints":{"allow":["GET"]}}],"collection":[{"href":"https:\/\/homeofwool.com\/sv\/wp-json\/wp\/v2\/product"}],"about":[{"href":"https:\/\/homeofwool.com\/sv\/wp-json\/wp\/v2\/types\/product"}],"version-history":[{"count":3,"href":"https:\/\/homeofwool.com\/sv\/wp-json\/wp\/v2\/product\/217536\/revisions"}],"predecessor-version":[{"id":227729,"href":"https:\/\/homeofwool.com\/sv\/wp-json\/wp\/v2\/product\/217536\/revisions\/227729"}],"wp:featuredmedia":[{"embeddable":true,"href":"https:\/\/homeofwool.com\/sv\/wp-json\/wp\/v2\/media\/226480"}],"wp:attachment":[{"href":"https:\/\/homeofwool.com\/sv\/wp-json\/wp\/v2\/media?parent=217536"}],"wp:term":[{"taxonomy":"product_brand","embeddable":true,"href":"https:\/\/homeofwool.com\/sv\/wp-json\/wp\/v2\/product_brand?post=217536"},{"taxonomy":"product_cat","embeddable":true,"href":"https:\/\/homeofwool.com\/sv\/wp-json\/wp\/v2\/product_cat?post=217536"},{"taxonomy":"product_tag","embeddable":true,"href":"https:\/\/homeofwool.com\/sv\/wp-json\/wp\/v2\/product_tag?post=217536"}],"curies":[{"name":"wp","href":"https:\/\/api.w.org\/{rel}","templated":true}]}}