{"id":217526,"date":"2025-09-02T12:00:51","date_gmt":"2025-09-02T12:00:51","guid":{"rendered":"https:\/\/homeofwool.com\/?post_type=product&#038;p=217526"},"modified":"2025-10-15T08:04:06","modified_gmt":"2025-10-15T08:04:06","slug":"50-linne-50-bomullsblandning","status":"publish","type":"product","link":"https:\/\/homeofwool.com\/sv\/shop\/50-linen-50-cotton-blend-fabric\/","title":{"rendered":"50% Linne \/ 50% Bomullsblandat tyg"},"content":{"rendered":"<p>Du kan k\u00e4nna historien i detta linne- och bomullsblandade tyg s\u00e5 fort du r\u00f6r vid det. Linnet ger en lite krispig struktur, medan bomullen tillf\u00f6r mjukhet. Tillsammans skapar de n\u00e5got stabilt, lugnt, lite rustikt men raffinerat.<\/p>\n<p>Ingen bel\u00e4ggning, ingen ytbehandling. Ett helt kemikaliefritt tyg. F\u00e4rgen \u00e4r samma som fibrernas egen f\u00e4rg. Ljus, r\u00e5 och opolerad. Det andas l\u00e4tt. Luften passerar obehindrat genom tyget och l\u00e4mnar en sval, torr k\u00e4nsla. Med tiden slappnar det av, veckas mjukt och blir mjukare att ta p\u00e5. Det \u00e4r fortfarande ett slitstarkt tyg, tillr\u00e4ckligt starkt f\u00f6r att h\u00e5lla i m\u00e5nga \u00e5r, men \u00e4nd\u00e5 varmt och sk\u00f6nt mot huden.<\/p>\n<p>Varje bit \u00e4r l\u00e5ng och kontinuerlig. Ett organiskt m\u00f6beltyg som k\u00e4nns \u00e4kta och naturligt, diskret lyx i sin mest naturliga form.<\/p>\n<p><strong>Vikt<\/strong>: 200 g\/m\u00b2<br \/>\n<strong>Bredd<\/strong>: 150 cm (59\u2033)<br \/>\nVi sk\u00e4r upp den m\u00e4ngd du best\u00e4ller i ett l\u00e5ngt stycke.<\/p>","protected":false},"excerpt":{"rendered":"<p>Ett enkelt, \u00e4rligt tyg i linne- och bomullsblandning. H\u00e4lften linne, h\u00e4lften bomull. Det \u00e4r rent, balanserat och starkt. Detta kemikaliefria tyg \u00e4r of\u00e4rgat, mjukt och naturligt andningsbart.<\/p>\n<div class=\"global-icon-set\">\n<div class=\"global-icon-set__items\">\n<div class=\"global-icon-set__item\">\n<div class=\"global-icon-set__image\">\n                                    <img decoding=\"async\" src=\"https:\/\/homeofwool.com\/wp-content\/uploads\/2025\/09\/VOCs-min-300x300.png\" alt=\"Vocs gratis\" \/>\n                                <\/div>\n<div class=\"global-icon-set__title\">Fri fr\u00e5n VOC<\/div>\n<\/p><\/div>\n<div class=\"global-icon-set__item\">\n<div class=\"global-icon-set__image\">\n                                    <img decoding=\"async\" src=\"https:\/\/homeofwool.com\/wp-content\/uploads\/2025\/09\/free-of-synthetics-icon-300x300.png\" alt=\"fri fr\u00e5n syntetiska \u00e4mnen ikon\" \/>\n                                <\/div>\n<div class=\"global-icon-set__title\">Fri fr\u00e5n syntetmaterial<\/div>\n<\/p><\/div>\n<\/p><\/div>\n<\/p><\/div>","protected":false},"featured_media":218471,"template":"","meta":{"_acf_changed":false},"product_brand":[],"product_cat":[25],"product_tag":[83,85,86,87,88,89,90,91,92,93,97,94,95],"class_list":{"0":"post-217526","1":"product","2":"type-product","3":"status-publish","4":"has-post-thumbnail","6":"product_cat-wool-fabrics-batting","7":"product_tag-cotton-fabric","8":"product_tag-craft-supplies","9":"product_tag-eco-friendly-textile","10":"product_tag-flax-linen-fabric","11":"product_tag-flax-linen-fabric-by-the-yard-or-meter","12":"product_tag-linen-cotton-blend-fabric","13":"product_tag-linen-fabric","14":"product_tag-natural-linen","15":"product_tag-prewashed-linen","16":"product_tag-pure-flax-linen","17":"product_tag-pure-linen","18":"product_tag-sewing-supply","19":"product_tag-undyed-fibers","21":"first","22":"instock","23":"shipping-taxable","24":"purchasable","25":"product-type-variable"},"acf":[],"yoast_head":"<!-- This site is optimized with the Yoast SEO Premium plugin v27.3 (Yoast SEO v27.3) - https:\/\/yoast.com\/product\/yoast-seo-premium-wordpress\/ -->\n<title>50% Linen \/ 50% Cotton Blend Fabric \u2013 100% Natural | Home of Wool<\/title>\n<meta name=\"description\" content=\"The 50% Linen \/ 50% Cotton Blend Fabric is 100% natural, breathable, and durable. Toxin-free and sustainable, it\u2019s perfect for upholstery, bedding, and eco-friendly DIY projects.\" \/>\n<meta name=\"robots\" content=\"index, follow, max-snippet:-1, max-image-preview:large, max-video-preview:-1\" \/>\n<link rel=\"canonical\" href=\"https:\/\/homeofwool.com\/sv\/butik\/50-linne-50-bomullsblandning\/\" \/>\n<meta property=\"og:locale\" content=\"sv_SE\" \/>\n<meta property=\"og:type\" content=\"article\" \/>\n<meta property=\"og:title\" content=\"50% Linen \/ 50% Cotton Blend Fabric\" \/>\n<meta property=\"og:description\" content=\"The 50% Linen \/ 50% Cotton Blend Fabric is 100% natural, breathable, and durable. Toxin-free and sustainable, it\u2019s perfect for upholstery, bedding, and eco-friendly DIY projects.\" \/>\n<meta property=\"og:url\" content=\"https:\/\/homeofwool.com\/sv\/butik\/50-linne-50-bomullsblandning\/\" \/>\n<meta property=\"og:site_name\" content=\"Home of Wool\" \/>\n<meta property=\"article:publisher\" content=\"https:\/\/facebook.com\/HomeOfWoolOfficial\" \/>\n<meta property=\"article:modified_time\" content=\"2025-10-15T08:04:06+00:00\" \/>\n<meta property=\"og:image\" content=\"https:\/\/homeofwool.com\/wp-content\/uploads\/2025\/09\/home-of-wool-50-linen-50-cotton-close-up.jpg\" \/>\n\t<meta property=\"og:image:width\" content=\"1900\" \/>\n\t<meta property=\"og:image:height\" content=\"1520\" \/>\n\t<meta property=\"og:image:type\" content=\"image\/jpeg\" \/>\n<meta name=\"twitter:card\" content=\"summary_large_image\" \/>\n<meta name=\"twitter:label1\" content=\"Ber\u00e4knad l\u00e4stid\" \/>\n\t<meta name=\"twitter:data1\" content=\"1 minut\" \/>\n<script type=\"application\/ld+json\" class=\"yoast-schema-graph\">{\"@context\":\"https:\\\/\\\/schema.org\",\"@graph\":[{\"@type\":\"WebPage\",\"@id\":\"https:\\\/\\\/homeofwool.com\\\/shop\\\/50-linen-50-cotton-blend-fabric\\\/\",\"url\":\"https:\\\/\\\/homeofwool.com\\\/shop\\\/50-linen-50-cotton-blend-fabric\\\/\",\"name\":\"50% Linen \\\/ 50% Cotton Blend Fabric \u2013 100% Natural | Home of Wool\",\"isPartOf\":{\"@id\":\"https:\\\/\\\/homeofwool.com\\\/#website\"},\"primaryImageOfPage\":{\"@id\":\"https:\\\/\\\/homeofwool.com\\\/shop\\\/50-linen-50-cotton-blend-fabric\\\/#primaryimage\"},\"image\":{\"@id\":\"https:\\\/\\\/homeofwool.com\\\/shop\\\/50-linen-50-cotton-blend-fabric\\\/#primaryimage\"},\"thumbnailUrl\":\"https:\\\/\\\/homeofwool.com\\\/wp-content\\\/uploads\\\/2025\\\/09\\\/home-of-wool-50-linen-50-cotton-close-up.jpg\",\"datePublished\":\"2025-09-02T12:00:51+00:00\",\"dateModified\":\"2025-10-15T08:04:06+00:00\",\"description\":\"The 50% Linen \\\/ 50% Cotton Blend Fabric is 100% natural, breathable, and durable. Toxin-free and sustainable, it\u2019s perfect for upholstery, bedding, and eco-friendly DIY projects.\",\"breadcrumb\":{\"@id\":\"https:\\\/\\\/homeofwool.com\\\/shop\\\/50-linen-50-cotton-blend-fabric\\\/#breadcrumb\"},\"inLanguage\":\"sv-SE\",\"potentialAction\":[{\"@type\":\"ReadAction\",\"target\":[\"https:\\\/\\\/homeofwool.com\\\/shop\\\/50-linen-50-cotton-blend-fabric\\\/\"]}]},{\"@type\":\"ImageObject\",\"inLanguage\":\"sv-SE\",\"@id\":\"https:\\\/\\\/homeofwool.com\\\/shop\\\/50-linen-50-cotton-blend-fabric\\\/#primaryimage\",\"url\":\"https:\\\/\\\/homeofwool.com\\\/wp-content\\\/uploads\\\/2025\\\/09\\\/home-of-wool-50-linen-50-cotton-close-up.jpg\",\"contentUrl\":\"https:\\\/\\\/homeofwool.com\\\/wp-content\\\/uploads\\\/2025\\\/09\\\/home-of-wool-50-linen-50-cotton-close-up.jpg\",\"width\":1900,\"height\":1520,\"caption\":\"50% linen & 50% cotton fabric by the yard\"},{\"@type\":\"BreadcrumbList\",\"@id\":\"https:\\\/\\\/homeofwool.com\\\/shop\\\/50-linen-50-cotton-blend-fabric\\\/#breadcrumb\",\"itemListElement\":[{\"@type\":\"ListItem\",\"position\":1,\"name\":\"Home\",\"item\":\"https:\\\/\\\/homeofwool.com\\\/\"},{\"@type\":\"ListItem\",\"position\":2,\"name\":\"Products\",\"item\":\"https:\\\/\\\/homeofwool.com\\\/header-search-2\\\/\"},{\"@type\":\"ListItem\",\"position\":3,\"name\":\"50% Linen \\\/ 50% Cotton Blend Fabric\"}]},{\"@type\":\"WebSite\",\"@id\":\"https:\\\/\\\/homeofwool.com\\\/#website\",\"url\":\"https:\\\/\\\/homeofwool.com\\\/\",\"name\":\"Home of Wool\",\"description\":\"\",\"publisher\":{\"@id\":\"https:\\\/\\\/homeofwool.com\\\/#organization\"},\"potentialAction\":[{\"@type\":\"SearchAction\",\"target\":{\"@type\":\"EntryPoint\",\"urlTemplate\":\"https:\\\/\\\/homeofwool.com\\\/?s={search_term_string}\"},\"query-input\":{\"@type\":\"PropertyValueSpecification\",\"valueRequired\":true,\"valueName\":\"search_term_string\"}}],\"inLanguage\":\"sv-SE\"},{\"@type\":\"Organization\",\"@id\":\"https:\\\/\\\/homeofwool.com\\\/#organization\",\"name\":\"Home of Wool\",\"url\":\"https:\\\/\\\/homeofwool.com\\\/\",\"logo\":{\"@type\":\"ImageObject\",\"inLanguage\":\"sv-SE\",\"@id\":\"https:\\\/\\\/homeofwool.com\\\/#\\\/schema\\\/logo\\\/image\\\/\",\"url\":\"https:\\\/\\\/homeofwool.com\\\/wp-content\\\/uploads\\\/2025\\\/09\\\/WhatsApp-Image-2025-12-02-at-16.23.20.jpeg\",\"contentUrl\":\"https:\\\/\\\/homeofwool.com\\\/wp-content\\\/uploads\\\/2025\\\/09\\\/WhatsApp-Image-2025-12-02-at-16.23.20.jpeg\",\"width\":700,\"height\":247,\"caption\":\"Home of Wool\"},\"image\":{\"@id\":\"https:\\\/\\\/homeofwool.com\\\/#\\\/schema\\\/logo\\\/image\\\/\"},\"sameAs\":[\"https:\\\/\\\/facebook.com\\\/HomeOfWoolOfficial\"]}]}<\/script>\n<!-- \/ Yoast SEO Premium plugin. -->","yoast_head_json":{"title":"50% Linne \/ 50% Bomullsblandat tyg \u2013 100% Naturligt | Home of Wool","description":"50% linne-\/50% bomullsblandat tyg \u00e4r 100% naturligt, andningsbart och slitstarkt. Det \u00e4r giftfritt och h\u00e5llbart och passar perfekt f\u00f6r m\u00f6belkl\u00e4dsel, s\u00e4ngkl\u00e4der och milj\u00f6v\u00e4nliga DIY-projekt.","robots":{"index":"index","follow":"follow","max-snippet":"max-snippet:-1","max-image-preview":"max-image-preview:large","max-video-preview":"max-video-preview:-1"},"canonical":"https:\/\/homeofwool.com\/sv\/butik\/50-linne-50-bomullsblandning\/","og_locale":"sv_SE","og_type":"article","og_title":"50% Linen \/ 50% Cotton Blend Fabric","og_description":"The 50% Linen \/ 50% Cotton Blend Fabric is 100% natural, breathable, and durable. Toxin-free and sustainable, it\u2019s perfect for upholstery, bedding, and eco-friendly DIY projects.","og_url":"https:\/\/homeofwool.com\/sv\/butik\/50-linne-50-bomullsblandning\/","og_site_name":"Home of Wool","article_publisher":"https:\/\/facebook.com\/HomeOfWoolOfficial","article_modified_time":"2025-10-15T08:04:06+00:00","og_image":[{"width":1900,"height":1520,"url":"https:\/\/homeofwool.com\/wp-content\/uploads\/2025\/09\/home-of-wool-50-linen-50-cotton-close-up.jpg","type":"image\/jpeg"}],"twitter_card":"summary_large_image","twitter_misc":{"Ber\u00e4knad l\u00e4stid":"1 minut"},"schema":{"@context":"https:\/\/schema.org","@graph":[{"@type":"WebPage","@id":"https:\/\/homeofwool.com\/shop\/50-linen-50-cotton-blend-fabric\/","url":"https:\/\/homeofwool.com\/shop\/50-linen-50-cotton-blend-fabric\/","name":"50% Linne \/ 50% Bomullsblandat tyg \u2013 100% Naturligt | Home of Wool","isPartOf":{"@id":"https:\/\/homeofwool.com\/#website"},"primaryImageOfPage":{"@id":"https:\/\/homeofwool.com\/shop\/50-linen-50-cotton-blend-fabric\/#primaryimage"},"image":{"@id":"https:\/\/homeofwool.com\/shop\/50-linen-50-cotton-blend-fabric\/#primaryimage"},"thumbnailUrl":"https:\/\/homeofwool.com\/wp-content\/uploads\/2025\/09\/home-of-wool-50-linen-50-cotton-close-up.jpg","datePublished":"2025-09-02T12:00:51+00:00","dateModified":"2025-10-15T08:04:06+00:00","description":"50% linne-\/50% bomullsblandat tyg \u00e4r 100% naturligt, andningsbart och slitstarkt. Det \u00e4r giftfritt och h\u00e5llbart och passar perfekt f\u00f6r m\u00f6belkl\u00e4dsel, s\u00e4ngkl\u00e4der och milj\u00f6v\u00e4nliga DIY-projekt.","breadcrumb":{"@id":"https:\/\/homeofwool.com\/shop\/50-linen-50-cotton-blend-fabric\/#breadcrumb"},"inLanguage":"sv-SE","potentialAction":[{"@type":"ReadAction","target":["https:\/\/homeofwool.com\/shop\/50-linen-50-cotton-blend-fabric\/"]}]},{"@type":"ImageObject","inLanguage":"sv-SE","@id":"https:\/\/homeofwool.com\/shop\/50-linen-50-cotton-blend-fabric\/#primaryimage","url":"https:\/\/homeofwool.com\/wp-content\/uploads\/2025\/09\/home-of-wool-50-linen-50-cotton-close-up.jpg","contentUrl":"https:\/\/homeofwool.com\/wp-content\/uploads\/2025\/09\/home-of-wool-50-linen-50-cotton-close-up.jpg","width":1900,"height":1520,"caption":"50% linen & 50% cotton fabric by the yard"},{"@type":"BreadcrumbList","@id":"https:\/\/homeofwool.com\/shop\/50-linen-50-cotton-blend-fabric\/#breadcrumb","itemListElement":[{"@type":"ListItem","position":1,"name":"Home","item":"https:\/\/homeofwool.com\/"},{"@type":"ListItem","position":2,"name":"Products","item":"https:\/\/homeofwool.com\/header-search-2\/"},{"@type":"ListItem","position":3,"name":"50% Linen \/ 50% Cotton Blend Fabric"}]},{"@type":"WebSite","@id":"https:\/\/homeofwool.com\/#website","url":"https:\/\/homeofwool.com\/","name":"Hem f\u00f6r ull","description":"","publisher":{"@id":"https:\/\/homeofwool.com\/#organization"},"potentialAction":[{"@type":"SearchAction","target":{"@type":"EntryPoint","urlTemplate":"https:\/\/homeofwool.com\/?s={search_term_string}"},"query-input":{"@type":"PropertyValueSpecification","valueRequired":true,"valueName":"search_term_string"}}],"inLanguage":"sv-SE"},{"@type":"Organization","@id":"https:\/\/homeofwool.com\/#organization","name":"Hem f\u00f6r ull","url":"https:\/\/homeofwool.com\/","logo":{"@type":"ImageObject","inLanguage":"sv-SE","@id":"https:\/\/homeofwool.com\/#\/schema\/logo\/image\/","url":"https:\/\/homeofwool.com\/wp-content\/uploads\/2025\/09\/WhatsApp-Image-2025-12-02-at-16.23.20.jpeg","contentUrl":"https:\/\/homeofwool.com\/wp-content\/uploads\/2025\/09\/WhatsApp-Image-2025-12-02-at-16.23.20.jpeg","width":700,"height":247,"caption":"Home of Wool"},"image":{"@id":"https:\/\/homeofwool.com\/#\/schema\/logo\/image\/"},"sameAs":["https:\/\/facebook.com\/HomeOfWoolOfficial"]}]}},"_links":{"self":[{"href":"https:\/\/homeofwool.com\/sv\/wp-json\/wp\/v2\/product\/217526","targetHints":{"allow":["GET"]}}],"collection":[{"href":"https:\/\/homeofwool.com\/sv\/wp-json\/wp\/v2\/product"}],"about":[{"href":"https:\/\/homeofwool.com\/sv\/wp-json\/wp\/v2\/types\/product"}],"version-history":[{"count":0,"href":"https:\/\/homeofwool.com\/sv\/wp-json\/wp\/v2\/product\/217526\/revisions"}],"wp:featuredmedia":[{"embeddable":true,"href":"https:\/\/homeofwool.com\/sv\/wp-json\/wp\/v2\/media\/218471"}],"wp:attachment":[{"href":"https:\/\/homeofwool.com\/sv\/wp-json\/wp\/v2\/media?parent=217526"}],"wp:term":[{"taxonomy":"product_brand","embeddable":true,"href":"https:\/\/homeofwool.com\/sv\/wp-json\/wp\/v2\/product_brand?post=217526"},{"taxonomy":"product_cat","embeddable":true,"href":"https:\/\/homeofwool.com\/sv\/wp-json\/wp\/v2\/product_cat?post=217526"},{"taxonomy":"product_tag","embeddable":true,"href":"https:\/\/homeofwool.com\/sv\/wp-json\/wp\/v2\/product_tag?post=217526"}],"curies":[{"name":"wp","href":"https:\/\/api.w.org\/{rel}","templated":true}]}}