{"id":217520,"date":"2025-09-02T12:00:51","date_gmt":"2025-09-02T12:00:51","guid":{"rendered":"https:\/\/homeofwool.com\/?post_type=product&#038;p=217520"},"modified":"2026-02-11T10:35:36","modified_gmt":"2026-02-11T10:35:36","slug":"kroppskudde","status":"publish","type":"product","link":"https:\/\/homeofwool.com\/sv\/shop\/body-pillow\/","title":{"rendered":"Kroppskudde i ull"},"content":{"rendered":"<p>Denna mjuka men st\u00f6djande kroppskudde i ull \u00e4r precis vad du beh\u00f6ver n\u00e4r du vill k\u00e4nna dig helt avslappnad. Oavsett om det \u00e4r en kroppskudde f\u00f6r dig som sover p\u00e5 sidan, en p\u00e5litlig f\u00f6ljeslagare under graviditeten eller en l\u00e5ng kudde att h\u00e5lla n\u00e4ra, ger den komfort d\u00e4r din kropp beh\u00f6ver det mest. Ullfibrerna anpassar sig efter din kroppsform, ger st\u00f6d d\u00e4r du beh\u00f6ver det mest och g\u00f6r det l\u00e4ttare att vakna utvilad.<\/p>\n<p>Ull reglerar temperaturen f\u00f6r att skapa en optimal s\u00f6mnmilj\u00f6. Den h\u00e5ller dig sval n\u00e4r rummet \u00e4r varmt och mysigt n\u00e4r det \u00e4r kallare. Den transporterar ocks\u00e5 bort fukt och f\u00f6rblir fr\u00e4sch natt efter natt. Denna giftfria kudde \u00e4r fri fr\u00e5n syntetiska material och kemikalier och \u00e4r ett s\u00e4kert val f\u00f6r personer med allergier. Dess allergiv\u00e4nliga egenskaper inneb\u00e4r renare luft och en lugnare s\u00f6mnmilj\u00f6.<\/p>\n<p>Varje kudde \u00e4r omsorgsfullt handgjord. Den har en diskret dragkedja s\u00e5 att du kan justera fyllningen efter eget behag. Prover finns tillg\u00e4ngliga om du vill k\u00e4nna p\u00e5 tygerna och fyllningen innan du v\u00e4ljer.<\/p>","protected":false},"excerpt":{"rendered":"<p>Ullkudden \u00e4r gjord f\u00f6r dem som sover p\u00e5 sidan, gravida kvinnor eller alla som l\u00e4ngtar efter en mjuk och st\u00f6djande omfamning p\u00e5 natten. Den \u00e4r handfylld med ren ull och erbjuder naturlig anpassning och ett h\u00e4lsosammare, giftfritt och allergiv\u00e4nligt alternativ till en kramkudde.<\/p>","protected":false},"featured_media":226501,"template":"","meta":{"_acf_changed":false},"product_brand":[],"product_cat":[316,264,254,143],"product_tag":[453,454,144,455,456,457,458,146,148,149],"class_list":{"0":"post-217520","1":"product","2":"type-product","3":"status-publish","4":"has-post-thumbnail","6":"product_cat-mothers-day","7":"product_cat-kids","8":"product_cat-pillows-pillowcases","9":"product_cat-moms-pregnancy-pillows","10":"product_tag-best-body-pillow","11":"product_tag-best-body-pillow-for-pregnancy","12":"product_tag-body-pillow","13":"product_tag-body-pillow-benefits","14":"product_tag-body-pillow-covers","15":"product_tag-custom-body-pillow","16":"product_tag-full-length-pregnancy-pillow","17":"product_tag-maternity-pillow","18":"product_tag-pregnancy-support-pillow","19":"product_tag-steps","21":"first","22":"instock","23":"shipping-taxable","24":"purchasable","25":"product-type-simple"},"acf":[],"yoast_head":"<!-- This site is optimized with the Yoast SEO Premium plugin v27.4 (Yoast SEO v27.4) - https:\/\/yoast.com\/product\/yoast-seo-premium-wordpress\/ -->\n<title>Body Pillow \u2013 Hypoallergenic &amp; Non-toxic Cuddle Pillow | Home of Wool<\/title>\n<meta name=\"description\" content=\"Soft and hypoallergenic, the Body Pillow is filled with breathable wool. Toxin-free and supportive, it offers sustainable cuddle comfort while promoting restful alignment and natural sleep.\" \/>\n<meta name=\"robots\" content=\"index, follow, max-snippet:-1, max-image-preview:large, max-video-preview:-1\" \/>\n<link rel=\"canonical\" href=\"https:\/\/homeofwool.com\/sv\/butik\/kroppskudde\/\" \/>\n<meta property=\"og:locale\" content=\"sv_SE\" \/>\n<meta property=\"og:type\" content=\"article\" \/>\n<meta property=\"og:title\" content=\"Wool Body Pillow\" \/>\n<meta property=\"og:description\" content=\"Soft and hypoallergenic, the Body Pillow is filled with breathable wool. Toxin-free and supportive, it offers sustainable cuddle comfort while promoting restful alignment and natural sleep.\" \/>\n<meta property=\"og:url\" content=\"https:\/\/homeofwool.com\/sv\/butik\/kroppskudde\/\" \/>\n<meta property=\"og:site_name\" content=\"Home of Wool\" \/>\n<meta property=\"article:publisher\" content=\"https:\/\/facebook.com\/HomeOfWoolOfficial\" \/>\n<meta property=\"article:modified_time\" content=\"2026-02-11T10:35:36+00:00\" \/>\n<meta property=\"og:image\" content=\"https:\/\/homeofwool.com\/wp-content\/uploads\/2025\/09\/home-of-wool-wool-body-pillow-11.jpg\" \/>\n\t<meta property=\"og:image:width\" content=\"1900\" \/>\n\t<meta property=\"og:image:height\" content=\"1520\" \/>\n\t<meta property=\"og:image:type\" content=\"image\/jpeg\" \/>\n<meta name=\"twitter:card\" content=\"summary_large_image\" \/>\n<meta name=\"twitter:label1\" content=\"Ber\u00e4knad l\u00e4stid\" \/>\n\t<meta name=\"twitter:data1\" content=\"1 minut\" \/>\n<script type=\"application\/ld+json\" class=\"yoast-schema-graph\">{\"@context\":\"https:\\\/\\\/schema.org\",\"@graph\":[{\"@type\":\"WebPage\",\"@id\":\"https:\\\/\\\/homeofwool.com\\\/shop\\\/body-pillow\\\/\",\"url\":\"https:\\\/\\\/homeofwool.com\\\/shop\\\/body-pillow\\\/\",\"name\":\"Body Pillow \u2013 Hypoallergenic & Non-toxic Cuddle Pillow | Home of Wool\",\"isPartOf\":{\"@id\":\"https:\\\/\\\/homeofwool.com\\\/#website\"},\"primaryImageOfPage\":{\"@id\":\"https:\\\/\\\/homeofwool.com\\\/shop\\\/body-pillow\\\/#primaryimage\"},\"image\":{\"@id\":\"https:\\\/\\\/homeofwool.com\\\/shop\\\/body-pillow\\\/#primaryimage\"},\"thumbnailUrl\":\"https:\\\/\\\/homeofwool.com\\\/wp-content\\\/uploads\\\/2025\\\/09\\\/home-of-wool-wool-body-pillow-11.jpg\",\"datePublished\":\"2025-09-02T12:00:51+00:00\",\"dateModified\":\"2026-02-11T10:35:36+00:00\",\"description\":\"Soft and hypoallergenic, the Body Pillow is filled with breathable wool. Toxin-free and supportive, it offers sustainable cuddle comfort while promoting restful alignment and natural sleep.\",\"breadcrumb\":{\"@id\":\"https:\\\/\\\/homeofwool.com\\\/shop\\\/body-pillow\\\/#breadcrumb\"},\"inLanguage\":\"sv-SE\",\"potentialAction\":[{\"@type\":\"ReadAction\",\"target\":[\"https:\\\/\\\/homeofwool.com\\\/shop\\\/body-pillow\\\/\"]}]},{\"@type\":\"ImageObject\",\"inLanguage\":\"sv-SE\",\"@id\":\"https:\\\/\\\/homeofwool.com\\\/shop\\\/body-pillow\\\/#primaryimage\",\"url\":\"https:\\\/\\\/homeofwool.com\\\/wp-content\\\/uploads\\\/2025\\\/09\\\/home-of-wool-wool-body-pillow-11.jpg\",\"contentUrl\":\"https:\\\/\\\/homeofwool.com\\\/wp-content\\\/uploads\\\/2025\\\/09\\\/home-of-wool-wool-body-pillow-11.jpg\",\"width\":1900,\"height\":1520,\"caption\":\"Wool body pillow\"},{\"@type\":\"BreadcrumbList\",\"@id\":\"https:\\\/\\\/homeofwool.com\\\/shop\\\/body-pillow\\\/#breadcrumb\",\"itemListElement\":[{\"@type\":\"ListItem\",\"position\":1,\"name\":\"Home\",\"item\":\"https:\\\/\\\/homeofwool.com\\\/\"},{\"@type\":\"ListItem\",\"position\":2,\"name\":\"Products\",\"item\":\"https:\\\/\\\/homeofwool.com\\\/header-search-2\\\/\"},{\"@type\":\"ListItem\",\"position\":3,\"name\":\"Wool Body Pillow\"}]},{\"@type\":\"WebSite\",\"@id\":\"https:\\\/\\\/homeofwool.com\\\/#website\",\"url\":\"https:\\\/\\\/homeofwool.com\\\/\",\"name\":\"Home of Wool\",\"description\":\"\",\"publisher\":{\"@id\":\"https:\\\/\\\/homeofwool.com\\\/#organization\"},\"potentialAction\":[{\"@type\":\"SearchAction\",\"target\":{\"@type\":\"EntryPoint\",\"urlTemplate\":\"https:\\\/\\\/homeofwool.com\\\/?s={search_term_string}\"},\"query-input\":{\"@type\":\"PropertyValueSpecification\",\"valueRequired\":true,\"valueName\":\"search_term_string\"}}],\"inLanguage\":\"sv-SE\"},{\"@type\":\"Organization\",\"@id\":\"https:\\\/\\\/homeofwool.com\\\/#organization\",\"name\":\"Home of Wool\",\"url\":\"https:\\\/\\\/homeofwool.com\\\/\",\"logo\":{\"@type\":\"ImageObject\",\"inLanguage\":\"sv-SE\",\"@id\":\"https:\\\/\\\/homeofwool.com\\\/#\\\/schema\\\/logo\\\/image\\\/\",\"url\":\"https:\\\/\\\/homeofwool.com\\\/wp-content\\\/uploads\\\/2025\\\/09\\\/WhatsApp-Image-2025-12-02-at-16.23.20.jpeg\",\"contentUrl\":\"https:\\\/\\\/homeofwool.com\\\/wp-content\\\/uploads\\\/2025\\\/09\\\/WhatsApp-Image-2025-12-02-at-16.23.20.jpeg\",\"width\":700,\"height\":247,\"caption\":\"Home of Wool\"},\"image\":{\"@id\":\"https:\\\/\\\/homeofwool.com\\\/#\\\/schema\\\/logo\\\/image\\\/\"},\"sameAs\":[\"https:\\\/\\\/facebook.com\\\/HomeOfWoolOfficial\"]}]}<\/script>\n<!-- \/ Yoast SEO Premium plugin. -->","yoast_head_json":{"title":"Kroppskudde \u2013 allergiv\u00e4nlig och giftfri kramkudde | Home of Wool","description":"Body Pillow \u00e4r mjuk och allergiv\u00e4nlig och fylld med ventilerande ull. Den \u00e4r giftfri och ger st\u00f6d, erbjuder h\u00e5llbar myskomfort och fr\u00e4mjar samtidigt en avslappnad kroppsh\u00e5llning och naturlig s\u00f6mn.","robots":{"index":"index","follow":"follow","max-snippet":"max-snippet:-1","max-image-preview":"max-image-preview:large","max-video-preview":"max-video-preview:-1"},"canonical":"https:\/\/homeofwool.com\/sv\/butik\/kroppskudde\/","og_locale":"sv_SE","og_type":"article","og_title":"Wool Body Pillow","og_description":"Soft and hypoallergenic, the Body Pillow is filled with breathable wool. Toxin-free and supportive, it offers sustainable cuddle comfort while promoting restful alignment and natural sleep.","og_url":"https:\/\/homeofwool.com\/sv\/butik\/kroppskudde\/","og_site_name":"Home of Wool","article_publisher":"https:\/\/facebook.com\/HomeOfWoolOfficial","article_modified_time":"2026-02-11T10:35:36+00:00","og_image":[{"width":1900,"height":1520,"url":"https:\/\/homeofwool.com\/wp-content\/uploads\/2025\/09\/home-of-wool-wool-body-pillow-11.jpg","type":"image\/jpeg"}],"twitter_card":"summary_large_image","twitter_misc":{"Ber\u00e4knad l\u00e4stid":"1 minut"},"schema":{"@context":"https:\/\/schema.org","@graph":[{"@type":"WebPage","@id":"https:\/\/homeofwool.com\/shop\/body-pillow\/","url":"https:\/\/homeofwool.com\/shop\/body-pillow\/","name":"Kroppskudde \u2013 allergiv\u00e4nlig och giftfri kramkudde | Home of Wool","isPartOf":{"@id":"https:\/\/homeofwool.com\/#website"},"primaryImageOfPage":{"@id":"https:\/\/homeofwool.com\/shop\/body-pillow\/#primaryimage"},"image":{"@id":"https:\/\/homeofwool.com\/shop\/body-pillow\/#primaryimage"},"thumbnailUrl":"https:\/\/homeofwool.com\/wp-content\/uploads\/2025\/09\/home-of-wool-wool-body-pillow-11.jpg","datePublished":"2025-09-02T12:00:51+00:00","dateModified":"2026-02-11T10:35:36+00:00","description":"Body Pillow \u00e4r mjuk och allergiv\u00e4nlig och fylld med ventilerande ull. Den \u00e4r giftfri och ger st\u00f6d, erbjuder h\u00e5llbar myskomfort och fr\u00e4mjar samtidigt en avslappnad kroppsh\u00e5llning och naturlig s\u00f6mn.","breadcrumb":{"@id":"https:\/\/homeofwool.com\/shop\/body-pillow\/#breadcrumb"},"inLanguage":"sv-SE","potentialAction":[{"@type":"ReadAction","target":["https:\/\/homeofwool.com\/shop\/body-pillow\/"]}]},{"@type":"ImageObject","inLanguage":"sv-SE","@id":"https:\/\/homeofwool.com\/shop\/body-pillow\/#primaryimage","url":"https:\/\/homeofwool.com\/wp-content\/uploads\/2025\/09\/home-of-wool-wool-body-pillow-11.jpg","contentUrl":"https:\/\/homeofwool.com\/wp-content\/uploads\/2025\/09\/home-of-wool-wool-body-pillow-11.jpg","width":1900,"height":1520,"caption":"Wool body pillow"},{"@type":"BreadcrumbList","@id":"https:\/\/homeofwool.com\/shop\/body-pillow\/#breadcrumb","itemListElement":[{"@type":"ListItem","position":1,"name":"Home","item":"https:\/\/homeofwool.com\/"},{"@type":"ListItem","position":2,"name":"Products","item":"https:\/\/homeofwool.com\/header-search-2\/"},{"@type":"ListItem","position":3,"name":"Wool Body Pillow"}]},{"@type":"WebSite","@id":"https:\/\/homeofwool.com\/#website","url":"https:\/\/homeofwool.com\/","name":"Hem f\u00f6r ull","description":"","publisher":{"@id":"https:\/\/homeofwool.com\/#organization"},"potentialAction":[{"@type":"SearchAction","target":{"@type":"EntryPoint","urlTemplate":"https:\/\/homeofwool.com\/?s={search_term_string}"},"query-input":{"@type":"PropertyValueSpecification","valueRequired":true,"valueName":"search_term_string"}}],"inLanguage":"sv-SE"},{"@type":"Organization","@id":"https:\/\/homeofwool.com\/#organization","name":"Hem f\u00f6r ull","url":"https:\/\/homeofwool.com\/","logo":{"@type":"ImageObject","inLanguage":"sv-SE","@id":"https:\/\/homeofwool.com\/#\/schema\/logo\/image\/","url":"https:\/\/homeofwool.com\/wp-content\/uploads\/2025\/09\/WhatsApp-Image-2025-12-02-at-16.23.20.jpeg","contentUrl":"https:\/\/homeofwool.com\/wp-content\/uploads\/2025\/09\/WhatsApp-Image-2025-12-02-at-16.23.20.jpeg","width":700,"height":247,"caption":"Home of Wool"},"image":{"@id":"https:\/\/homeofwool.com\/#\/schema\/logo\/image\/"},"sameAs":["https:\/\/facebook.com\/HomeOfWoolOfficial"]}]}},"_links":{"self":[{"href":"https:\/\/homeofwool.com\/sv\/wp-json\/wp\/v2\/product\/217520","targetHints":{"allow":["GET"]}}],"collection":[{"href":"https:\/\/homeofwool.com\/sv\/wp-json\/wp\/v2\/product"}],"about":[{"href":"https:\/\/homeofwool.com\/sv\/wp-json\/wp\/v2\/types\/product"}],"version-history":[{"count":1,"href":"https:\/\/homeofwool.com\/sv\/wp-json\/wp\/v2\/product\/217520\/revisions"}],"predecessor-version":[{"id":226507,"href":"https:\/\/homeofwool.com\/sv\/wp-json\/wp\/v2\/product\/217520\/revisions\/226507"}],"wp:featuredmedia":[{"embeddable":true,"href":"https:\/\/homeofwool.com\/sv\/wp-json\/wp\/v2\/media\/226501"}],"wp:attachment":[{"href":"https:\/\/homeofwool.com\/sv\/wp-json\/wp\/v2\/media?parent=217520"}],"wp:term":[{"taxonomy":"product_brand","embeddable":true,"href":"https:\/\/homeofwool.com\/sv\/wp-json\/wp\/v2\/product_brand?post=217520"},{"taxonomy":"product_cat","embeddable":true,"href":"https:\/\/homeofwool.com\/sv\/wp-json\/wp\/v2\/product_cat?post=217520"},{"taxonomy":"product_tag","embeddable":true,"href":"https:\/\/homeofwool.com\/sv\/wp-json\/wp\/v2\/product_tag?post=217520"}],"curies":[{"name":"wp","href":"https:\/\/api.w.org\/{rel}","templated":true}]}}