{"id":217517,"date":"2025-09-02T12:00:51","date_gmt":"2025-09-02T12:00:51","guid":{"rendered":"https:\/\/homeofwool.com\/?post_type=product&#038;p=217517"},"modified":"2026-02-17T10:41:56","modified_gmt":"2026-02-17T10:41:56","slug":"presentkort","status":"publish","type":"product","link":"https:\/\/homeofwool.com\/sv\/shop\/gift-card\/","title":{"rendered":"Presentkort"},"content":{"rendered":"<p>Ge dina n\u00e4ra och k\u00e4ra det de verkligen vill ha och l\u00e5t dem v\u00e4lja sj\u00e4lva med Home of Wool-presentkortet! Det h\u00e4r \u00e4r den ultimata presenten f\u00f6r alla tillf\u00e4llen \u2013 f\u00f6delsedagar, \u00e5rsdagar, nyf\u00f6dda, speciella evenemang eller helgdagar!<\/p>\n<p>Du kan k\u00f6pa presentkortet precis som alla andra produkter i v\u00e5r butik. V\u00e4lj bara \u00f6nskat belopp s\u00e5 skickar vi presentkortet till den angivna e-postadressen.<\/p>\n<p>Det \u00e4r s\u00e5 enkelt som det!<\/p>\n<p>*Varje presentkort \u00e4r giltigt i 1 \u00e5r efter ink\u00f6psdatumet.<\/p>\n<p>&nbsp;<\/p>","protected":false},"excerpt":{"rendered":"<p>Treat the ones you love to what they really want and let them choose for themselves with Home of Wool gift card! This is the ultimate present you can give for any occasion \u2013 birthdays, anniversaries, newborns, special events, or holidays! You can purchase the gift card like any other product from our shop, just [&hellip;]<\/p>\n","protected":false},"featured_media":225824,"template":"","meta":{"_acf_changed":false},"product_brand":[],"product_cat":[1354,1366],"product_tag":[123,124,125,126,127,128,129,130,131,132],"class_list":{"0":"post-217517","1":"product","2":"type-product","3":"status-publish","4":"has-post-thumbnail","6":"product_cat-gift-cards","7":"product_cat-womens-day","8":"product_tag-baby-shower-gift","9":"product_tag-birthday-gift-idea","10":"product_tag-engagement-gift-idea","11":"product_tag-gift-card","12":"product_tag-gift-voucher","13":"product_tag-mothers-day-gift-idea","14":"product_tag-unique-gift-ideas","15":"product_tag-valentines-day-gift-idea","16":"product_tag-wedding-anniversary-gift-idea","17":"product_tag-wedding-gift-idea","19":"first","20":"instock","21":"shipping-taxable","22":"purchasable","23":"product-type-pw-gift-card","24":"has-default-attributes"},"acf":[],"yoast_head":"<!-- This site is optimized with the Yoast SEO Premium plugin v27.3 (Yoast SEO v27.3) - https:\/\/yoast.com\/product\/yoast-seo-premium-wordpress\/ -->\n<title>Gift Card \/ Voucher for Home of Wool \u2013 Natural Mattresses &amp; Bedding<\/title>\n<meta name=\"description\" content=\"Give the gift of natural, eco-friendly sleep with a Home of Wool gift card. Redeemable for mattresses, bedding, and sustainable bedroom essentials.\" \/>\n<meta name=\"robots\" content=\"index, follow, max-snippet:-1, max-image-preview:large, max-video-preview:-1\" \/>\n<link rel=\"canonical\" href=\"https:\/\/homeofwool.com\/sv\/butik\/presentkort\/\" \/>\n<meta property=\"og:locale\" content=\"sv_SE\" \/>\n<meta property=\"og:type\" content=\"article\" \/>\n<meta property=\"og:title\" content=\"Gift Card\" \/>\n<meta property=\"og:description\" content=\"Give the gift of natural, eco-friendly sleep with a Home of Wool gift card. Redeemable for mattresses, bedding, and sustainable bedroom essentials.\" \/>\n<meta property=\"og:url\" content=\"https:\/\/homeofwool.com\/sv\/butik\/presentkort\/\" \/>\n<meta property=\"og:site_name\" content=\"Home of Wool\" \/>\n<meta property=\"article:publisher\" content=\"https:\/\/facebook.com\/HomeOfWoolOfficial\" \/>\n<meta property=\"article:modified_time\" content=\"2026-02-17T10:41:56+00:00\" \/>\n<meta property=\"og:image\" content=\"https:\/\/homeofwool.com\/wp-content\/uploads\/2025\/11\/home-of-wool-gift-card.webp\" \/>\n\t<meta property=\"og:image:width\" content=\"1500\" \/>\n\t<meta property=\"og:image:height\" content=\"1001\" \/>\n\t<meta property=\"og:image:type\" content=\"image\/webp\" \/>\n<meta name=\"twitter:card\" content=\"summary_large_image\" \/>\n<meta name=\"twitter:label1\" content=\"Ber\u00e4knad l\u00e4stid\" \/>\n\t<meta name=\"twitter:data1\" content=\"1 minut\" \/>\n<script type=\"application\/ld+json\" class=\"yoast-schema-graph\">{\"@context\":\"https:\\\/\\\/schema.org\",\"@graph\":[{\"@type\":\"WebPage\",\"@id\":\"https:\\\/\\\/homeofwool.com\\\/shop\\\/gift-card\\\/\",\"url\":\"https:\\\/\\\/homeofwool.com\\\/shop\\\/gift-card\\\/\",\"name\":\"Gift Card \\\/ Voucher for Home of Wool \u2013 Natural Mattresses & Bedding\",\"isPartOf\":{\"@id\":\"https:\\\/\\\/homeofwool.com\\\/#website\"},\"primaryImageOfPage\":{\"@id\":\"https:\\\/\\\/homeofwool.com\\\/shop\\\/gift-card\\\/#primaryimage\"},\"image\":{\"@id\":\"https:\\\/\\\/homeofwool.com\\\/shop\\\/gift-card\\\/#primaryimage\"},\"thumbnailUrl\":\"https:\\\/\\\/homeofwool.com\\\/wp-content\\\/uploads\\\/2025\\\/11\\\/home-of-wool-gift-card.webp\",\"datePublished\":\"2025-09-02T12:00:51+00:00\",\"dateModified\":\"2026-02-17T10:41:56+00:00\",\"description\":\"Give the gift of natural, eco-friendly sleep with a Home of Wool gift card. Redeemable for mattresses, bedding, and sustainable bedroom essentials.\",\"breadcrumb\":{\"@id\":\"https:\\\/\\\/homeofwool.com\\\/shop\\\/gift-card\\\/#breadcrumb\"},\"inLanguage\":\"sv-SE\",\"potentialAction\":[{\"@type\":\"ReadAction\",\"target\":[\"https:\\\/\\\/homeofwool.com\\\/shop\\\/gift-card\\\/\"]}]},{\"@type\":\"ImageObject\",\"inLanguage\":\"sv-SE\",\"@id\":\"https:\\\/\\\/homeofwool.com\\\/shop\\\/gift-card\\\/#primaryimage\",\"url\":\"https:\\\/\\\/homeofwool.com\\\/wp-content\\\/uploads\\\/2025\\\/11\\\/home-of-wool-gift-card.webp\",\"contentUrl\":\"https:\\\/\\\/homeofwool.com\\\/wp-content\\\/uploads\\\/2025\\\/11\\\/home-of-wool-gift-card.webp\",\"width\":1500,\"height\":1001,\"caption\":\"somebody holding a bunch of wool close to their body, text that reads \\\"gift card\\\" \\\"Specially for you\\\"\"},{\"@type\":\"BreadcrumbList\",\"@id\":\"https:\\\/\\\/homeofwool.com\\\/shop\\\/gift-card\\\/#breadcrumb\",\"itemListElement\":[{\"@type\":\"ListItem\",\"position\":1,\"name\":\"Home\",\"item\":\"https:\\\/\\\/homeofwool.com\\\/\"},{\"@type\":\"ListItem\",\"position\":2,\"name\":\"Products\",\"item\":\"https:\\\/\\\/homeofwool.com\\\/header-search-2\\\/\"},{\"@type\":\"ListItem\",\"position\":3,\"name\":\"Gift Card\"}]},{\"@type\":\"WebSite\",\"@id\":\"https:\\\/\\\/homeofwool.com\\\/#website\",\"url\":\"https:\\\/\\\/homeofwool.com\\\/\",\"name\":\"Home of Wool\",\"description\":\"\",\"publisher\":{\"@id\":\"https:\\\/\\\/homeofwool.com\\\/#organization\"},\"potentialAction\":[{\"@type\":\"SearchAction\",\"target\":{\"@type\":\"EntryPoint\",\"urlTemplate\":\"https:\\\/\\\/homeofwool.com\\\/?s={search_term_string}\"},\"query-input\":{\"@type\":\"PropertyValueSpecification\",\"valueRequired\":true,\"valueName\":\"search_term_string\"}}],\"inLanguage\":\"sv-SE\"},{\"@type\":\"Organization\",\"@id\":\"https:\\\/\\\/homeofwool.com\\\/#organization\",\"name\":\"Home of Wool\",\"url\":\"https:\\\/\\\/homeofwool.com\\\/\",\"logo\":{\"@type\":\"ImageObject\",\"inLanguage\":\"sv-SE\",\"@id\":\"https:\\\/\\\/homeofwool.com\\\/#\\\/schema\\\/logo\\\/image\\\/\",\"url\":\"https:\\\/\\\/homeofwool.com\\\/wp-content\\\/uploads\\\/2025\\\/09\\\/WhatsApp-Image-2025-12-02-at-16.23.20.jpeg\",\"contentUrl\":\"https:\\\/\\\/homeofwool.com\\\/wp-content\\\/uploads\\\/2025\\\/09\\\/WhatsApp-Image-2025-12-02-at-16.23.20.jpeg\",\"width\":700,\"height\":247,\"caption\":\"Home of Wool\"},\"image\":{\"@id\":\"https:\\\/\\\/homeofwool.com\\\/#\\\/schema\\\/logo\\\/image\\\/\"},\"sameAs\":[\"https:\\\/\\\/facebook.com\\\/HomeOfWoolOfficial\"]}]}<\/script>\n<!-- \/ Yoast SEO Premium plugin. -->","yoast_head_json":{"title":"Presentkort\/kupong f\u00f6r Home of Wool \u2013 Naturliga madrasser och s\u00e4ngkl\u00e4der","description":"Ge bort naturlig, milj\u00f6v\u00e4nlig s\u00f6mn med ett Home of Wool-presentkort. Kan l\u00f6sas in mot madrasser, s\u00e4ngkl\u00e4der och h\u00e5llbara sovrumsartiklar.","robots":{"index":"index","follow":"follow","max-snippet":"max-snippet:-1","max-image-preview":"max-image-preview:large","max-video-preview":"max-video-preview:-1"},"canonical":"https:\/\/homeofwool.com\/sv\/butik\/presentkort\/","og_locale":"sv_SE","og_type":"article","og_title":"Gift Card","og_description":"Give the gift of natural, eco-friendly sleep with a Home of Wool gift card. Redeemable for mattresses, bedding, and sustainable bedroom essentials.","og_url":"https:\/\/homeofwool.com\/sv\/butik\/presentkort\/","og_site_name":"Home of Wool","article_publisher":"https:\/\/facebook.com\/HomeOfWoolOfficial","article_modified_time":"2026-02-17T10:41:56+00:00","og_image":[{"width":1500,"height":1001,"url":"https:\/\/homeofwool.com\/wp-content\/uploads\/2025\/11\/home-of-wool-gift-card.webp","type":"image\/webp"}],"twitter_card":"summary_large_image","twitter_misc":{"Ber\u00e4knad l\u00e4stid":"1 minut"},"schema":{"@context":"https:\/\/schema.org","@graph":[{"@type":"WebPage","@id":"https:\/\/homeofwool.com\/shop\/gift-card\/","url":"https:\/\/homeofwool.com\/shop\/gift-card\/","name":"Presentkort\/kupong f\u00f6r Home of Wool \u2013 Naturliga madrasser och s\u00e4ngkl\u00e4der","isPartOf":{"@id":"https:\/\/homeofwool.com\/#website"},"primaryImageOfPage":{"@id":"https:\/\/homeofwool.com\/shop\/gift-card\/#primaryimage"},"image":{"@id":"https:\/\/homeofwool.com\/shop\/gift-card\/#primaryimage"},"thumbnailUrl":"https:\/\/homeofwool.com\/wp-content\/uploads\/2025\/11\/home-of-wool-gift-card.webp","datePublished":"2025-09-02T12:00:51+00:00","dateModified":"2026-02-17T10:41:56+00:00","description":"Ge bort naturlig, milj\u00f6v\u00e4nlig s\u00f6mn med ett Home of Wool-presentkort. Kan l\u00f6sas in mot madrasser, s\u00e4ngkl\u00e4der och h\u00e5llbara sovrumsartiklar.","breadcrumb":{"@id":"https:\/\/homeofwool.com\/shop\/gift-card\/#breadcrumb"},"inLanguage":"sv-SE","potentialAction":[{"@type":"ReadAction","target":["https:\/\/homeofwool.com\/shop\/gift-card\/"]}]},{"@type":"ImageObject","inLanguage":"sv-SE","@id":"https:\/\/homeofwool.com\/shop\/gift-card\/#primaryimage","url":"https:\/\/homeofwool.com\/wp-content\/uploads\/2025\/11\/home-of-wool-gift-card.webp","contentUrl":"https:\/\/homeofwool.com\/wp-content\/uploads\/2025\/11\/home-of-wool-gift-card.webp","width":1500,"height":1001,"caption":"somebody holding a bunch of wool close to their body, text that reads \"gift card\" \"Specially for you\""},{"@type":"BreadcrumbList","@id":"https:\/\/homeofwool.com\/shop\/gift-card\/#breadcrumb","itemListElement":[{"@type":"ListItem","position":1,"name":"Home","item":"https:\/\/homeofwool.com\/"},{"@type":"ListItem","position":2,"name":"Products","item":"https:\/\/homeofwool.com\/header-search-2\/"},{"@type":"ListItem","position":3,"name":"Gift Card"}]},{"@type":"WebSite","@id":"https:\/\/homeofwool.com\/#website","url":"https:\/\/homeofwool.com\/","name":"Hem f\u00f6r ull","description":"","publisher":{"@id":"https:\/\/homeofwool.com\/#organization"},"potentialAction":[{"@type":"SearchAction","target":{"@type":"EntryPoint","urlTemplate":"https:\/\/homeofwool.com\/?s={search_term_string}"},"query-input":{"@type":"PropertyValueSpecification","valueRequired":true,"valueName":"search_term_string"}}],"inLanguage":"sv-SE"},{"@type":"Organization","@id":"https:\/\/homeofwool.com\/#organization","name":"Hem f\u00f6r ull","url":"https:\/\/homeofwool.com\/","logo":{"@type":"ImageObject","inLanguage":"sv-SE","@id":"https:\/\/homeofwool.com\/#\/schema\/logo\/image\/","url":"https:\/\/homeofwool.com\/wp-content\/uploads\/2025\/09\/WhatsApp-Image-2025-12-02-at-16.23.20.jpeg","contentUrl":"https:\/\/homeofwool.com\/wp-content\/uploads\/2025\/09\/WhatsApp-Image-2025-12-02-at-16.23.20.jpeg","width":700,"height":247,"caption":"Home of Wool"},"image":{"@id":"https:\/\/homeofwool.com\/#\/schema\/logo\/image\/"},"sameAs":["https:\/\/facebook.com\/HomeOfWoolOfficial"]}]}},"_links":{"self":[{"href":"https:\/\/homeofwool.com\/sv\/wp-json\/wp\/v2\/product\/217517","targetHints":{"allow":["GET"]}}],"collection":[{"href":"https:\/\/homeofwool.com\/sv\/wp-json\/wp\/v2\/product"}],"about":[{"href":"https:\/\/homeofwool.com\/sv\/wp-json\/wp\/v2\/types\/product"}],"version-history":[{"count":1,"href":"https:\/\/homeofwool.com\/sv\/wp-json\/wp\/v2\/product\/217517\/revisions"}],"predecessor-version":[{"id":228354,"href":"https:\/\/homeofwool.com\/sv\/wp-json\/wp\/v2\/product\/217517\/revisions\/228354"}],"wp:featuredmedia":[{"embeddable":true,"href":"https:\/\/homeofwool.com\/sv\/wp-json\/wp\/v2\/media\/225824"}],"wp:attachment":[{"href":"https:\/\/homeofwool.com\/sv\/wp-json\/wp\/v2\/media?parent=217517"}],"wp:term":[{"taxonomy":"product_brand","embeddable":true,"href":"https:\/\/homeofwool.com\/sv\/wp-json\/wp\/v2\/product_brand?post=217517"},{"taxonomy":"product_cat","embeddable":true,"href":"https:\/\/homeofwool.com\/sv\/wp-json\/wp\/v2\/product_cat?post=217517"},{"taxonomy":"product_tag","embeddable":true,"href":"https:\/\/homeofwool.com\/sv\/wp-json\/wp\/v2\/product_tag?post=217517"}],"curies":[{"name":"wp","href":"https:\/\/api.w.org\/{rel}","templated":true}]}}