{"id":217513,"date":"2025-09-02T12:00:51","date_gmt":"2025-09-02T12:00:51","guid":{"rendered":"https:\/\/homeofwool.com\/?post_type=product&#038;p=217513"},"modified":"2025-09-26T12:36:40","modified_gmt":"2025-09-26T12:36:40","slug":"snackformad-sidenvav","status":"publish","type":"product","link":"https:\/\/homeofwool.com\/sv\/shop\/seashell-silk-fabric\/","title":{"rendered":"100% Mullb\u00e4rssilke \u2013 Seashell"},"content":{"rendered":"<p>V\u00e5rt 100%-silkestyg i en sn\u00e4ckf\u00e4rgad nyans \u00e4r tillverkat av det finaste rena silkesmaterialet, k\u00e4nt f\u00f6r sin naturliga mjukhet, milda lyster och eleganta fall. Det som g\u00f6r detta tyg verkligen unikt \u00e4r dess sn\u00e4ckliknande yta. Det \u00e4r ett n\u00e5got grovare silkesmaterial med vacker djup och karakt\u00e4r. Den mjuka sn\u00e4ckfinishen ger tyget en naturlig karakt\u00e4r. V\u00e4vningen ger det ett mjukt grepp. Det glider inte som till exempel satin ofta g\u00f6r. Det g\u00f6r det mycket l\u00e4ttare att arbeta med.<\/p>\n<p>Ut\u00f6ver sin sk\u00f6nhet har detta milj\u00f6v\u00e4nliga siden ocks\u00e5 anm\u00e4rkningsv\u00e4rda h\u00e4lsof\u00f6rdelar. Det \u00e4r allergiv\u00e4nligt och o\u00f6vertr\u00e4ffat n\u00e4r det g\u00e4ller att h\u00e5lla dammkvalster borta. Det perfekta valet f\u00f6r alla som lider av allergier eller har k\u00e4nslig hud. De naturliga aminosyrorna i siden \u00e4r skonsamma mot b\u00e5de hud och h\u00e5r och hj\u00e4lper dem att f\u00f6rbli mjuka och fr\u00e4scha. Det k\u00e4nns l\u00e4tt och svalt p\u00e5 sommaren och mjukt och varmt n\u00e4r luften blir kallare.<\/p>\n<p>Oavsett om du arbetar med lyxiga s\u00e4ngkl\u00e4der, raffinerade kl\u00e4der eller eleganta inredningsdetaljer, ger detta lyxiga sidenmaterial en k\u00e4nsla av h\u00e5llbar sofistikering. Finns som skr\u00e4ddarsytt siden i ett enda sammanh\u00e4ngande stycke, med prover som du kan best\u00e4lla f\u00f6r att sj\u00e4lv uppleva texturen och nyansen.<\/p>","protected":false},"excerpt":{"rendered":"<p>Uppt\u00e4ck den tidl\u00f6sa sk\u00f6nheten i v\u00e5rt mullb\u00e4rssilke i en mjuk sn\u00e4ckf\u00e4rg och textur. Detta naturliga silkesmaterial har en mild lyster, en mjuk k\u00e4nsla och andas, vilket g\u00f6r det idealiskt f\u00f6r s\u00e4ngkl\u00e4der och eleganta hemtextilier. Det finns som silke i skr\u00e4ddarsydda storlekar och erbjuder b\u00e5de elegans och m\u00e5ngsidighet f\u00f6r dina projekt.<\/p>\n<div class=\"global-icon-set\">\n<div class=\"global-icon-set__items\">\n<div class=\"global-icon-set__item\">\n<div class=\"global-icon-set__image\">\n                                    <img decoding=\"async\" src=\"https:\/\/homeofwool.com\/wp-content\/uploads\/2025\/09\/VOCs-min-300x300.png\" alt=\"Vocs gratis\" \/>\n                                <\/div>\n<div class=\"global-icon-set__title\">Fri fr\u00e5n VOC<\/div>\n<\/p><\/div>\n<div class=\"global-icon-set__item\">\n<div class=\"global-icon-set__image\">\n                                    <img decoding=\"async\" src=\"https:\/\/homeofwool.com\/wp-content\/uploads\/2025\/09\/Hypoallergenic-min-300x300.png\" alt=\"hypoallergen ikon\" \/>\n                                <\/div>\n<div class=\"global-icon-set__title\">Allergiv\u00e4nlig<\/div>\n<\/p><\/div>\n<div class=\"global-icon-set__item\">\n<div class=\"global-icon-set__image\">\n                                    <img decoding=\"async\" src=\"https:\/\/homeofwool.com\/wp-content\/uploads\/2025\/09\/free-of-synthetics-icon-300x300.png\" alt=\"fri fr\u00e5n syntetiska \u00e4mnen ikon\" \/>\n                                <\/div>\n<div class=\"global-icon-set__title\">Fri fr\u00e5n syntetmaterial<\/div>\n<\/p><\/div>\n<div class=\"global-icon-set__item\">\n<div class=\"global-icon-set__image\">\n                                    <img decoding=\"async\" src=\"https:\/\/homeofwool.com\/wp-content\/uploads\/2025\/09\/chemical-free-icon-300x300.png\" alt=\"kemikaliefri ikon\" \/>\n                                <\/div>\n<div class=\"global-icon-set__title\">Fri fr\u00e5n kemikalier<\/div>\n<\/p><\/div>\n<div class=\"global-icon-set__item\">\n<div class=\"global-icon-set__image\">\n                                    <img decoding=\"async\" src=\"https:\/\/homeofwool.com\/wp-content\/uploads\/2025\/09\/anti-bacterial-icon-300x300.png\" alt=\"antibakteriell ikon\" \/>\n                                <\/div>\n<div class=\"global-icon-set__title\">Anti-mikrobiell och anti-bakteriell<\/div>\n<\/p><\/div>\n<\/p><\/div>\n<\/p><\/div>","protected":false},"featured_media":219212,"template":"","meta":{"_acf_changed":false},"product_brand":[],"product_cat":[25],"product_tag":[100,85,86,101,102,103,104,94,105,106],"class_list":{"0":"post-217513","1":"product","2":"type-product","3":"status-publish","4":"has-post-thumbnail","6":"product_cat-wool-fabrics-batting","7":"product_tag-by-the-yard-or-metre","8":"product_tag-craft-supplies","9":"product_tag-eco-friendly-textile","10":"product_tag-luxury-silk","11":"product_tag-mulberry-silk-fabric","12":"product_tag-organic-fiber","13":"product_tag-pure-silk-fabric","14":"product_tag-sewing-supply","15":"product_tag-unbleached-undyed","16":"product_tag-washed-silk-fabric","18":"first","19":"instock","20":"shipping-taxable","21":"purchasable","22":"product-type-variable"},"acf":[],"yoast_head":"<!-- This site is optimized with the Yoast SEO Premium plugin v27.4 (Yoast SEO v27.4) - https:\/\/yoast.com\/product\/yoast-seo-premium-wordpress\/ -->\n<title>Mulberry Silk Fabric \u2013 Seashell, Natural Fabric for Skin Benefits | Home of Wool<\/title>\n<meta name=\"description\" content=\"Gentle on skin and smooth to the touch, Mulberry Silk Fabric in seashell tones adds breathable, natural softness. Perfect for toxin-free bedding, clothing, and timeless crafts at home.\" \/>\n<meta name=\"robots\" content=\"index, follow, max-snippet:-1, max-image-preview:large, max-video-preview:-1\" \/>\n<link rel=\"canonical\" href=\"https:\/\/homeofwool.com\/sv\/butik\/snackformad-sidenvav\/\" \/>\n<meta property=\"og:locale\" content=\"sv_SE\" \/>\n<meta property=\"og:type\" content=\"article\" \/>\n<meta property=\"og:title\" content=\"100% Mulberry Silk Fabric \u2013 Seashell\" \/>\n<meta property=\"og:description\" content=\"Gentle on skin and smooth to the touch, Mulberry Silk Fabric in seashell tones adds breathable, natural softness. Perfect for toxin-free bedding, clothing, and timeless crafts at home.\" \/>\n<meta property=\"og:url\" content=\"https:\/\/homeofwool.com\/sv\/butik\/snackformad-sidenvav\/\" \/>\n<meta property=\"og:site_name\" content=\"Home of Wool\" \/>\n<meta property=\"article:publisher\" content=\"https:\/\/facebook.com\/HomeOfWoolOfficial\" \/>\n<meta property=\"article:modified_time\" content=\"2025-09-26T12:36:40+00:00\" \/>\n<meta property=\"og:image\" content=\"https:\/\/homeofwool.com\/wp-content\/uploads\/2025\/09\/home-of-wool-100-mulberry-silk-fabric-\u2013-seashell-1-main-100-silk-seashell.jpg\" \/>\n\t<meta property=\"og:image:width\" content=\"2400\" \/>\n\t<meta property=\"og:image:height\" content=\"1920\" \/>\n\t<meta property=\"og:image:type\" content=\"image\/jpeg\" \/>\n<meta name=\"twitter:card\" content=\"summary_large_image\" \/>\n<meta name=\"twitter:label1\" content=\"Ber\u00e4knad l\u00e4stid\" \/>\n\t<meta name=\"twitter:data1\" content=\"2 minuter\" \/>\n<script type=\"application\/ld+json\" class=\"yoast-schema-graph\">{\"@context\":\"https:\\\/\\\/schema.org\",\"@graph\":[{\"@type\":\"WebPage\",\"@id\":\"https:\\\/\\\/homeofwool.com\\\/fr\\\/boutique\\\/tissu-en-soie-coquillage\\\/\",\"url\":\"https:\\\/\\\/homeofwool.com\\\/fr\\\/boutique\\\/tissu-en-soie-coquillage\\\/\",\"name\":\"Mulberry Silk Fabric \u2013 Seashell, Natural Fabric for Skin Benefits | Home of Wool\",\"isPartOf\":{\"@id\":\"https:\\\/\\\/homeofwool.com\\\/#website\"},\"primaryImageOfPage\":{\"@id\":\"https:\\\/\\\/homeofwool.com\\\/fr\\\/boutique\\\/tissu-en-soie-coquillage\\\/#primaryimage\"},\"image\":{\"@id\":\"https:\\\/\\\/homeofwool.com\\\/fr\\\/boutique\\\/tissu-en-soie-coquillage\\\/#primaryimage\"},\"thumbnailUrl\":\"https:\\\/\\\/homeofwool.com\\\/wp-content\\\/uploads\\\/2025\\\/09\\\/home-of-wool-100-mulberry-silk-fabric-\u2013-seashell-1-main-100-silk-seashell.jpg\",\"datePublished\":\"2025-09-02T12:00:51+00:00\",\"dateModified\":\"2025-09-26T12:36:40+00:00\",\"description\":\"Gentle on skin and smooth to the touch, Mulberry Silk Fabric in seashell tones adds breathable, natural softness. Perfect for toxin-free bedding, clothing, and timeless crafts at home.\",\"breadcrumb\":{\"@id\":\"https:\\\/\\\/homeofwool.com\\\/fr\\\/boutique\\\/tissu-en-soie-coquillage\\\/#breadcrumb\"},\"inLanguage\":\"sv-SE\",\"potentialAction\":[{\"@type\":\"ReadAction\",\"target\":[\"https:\\\/\\\/homeofwool.com\\\/fr\\\/boutique\\\/tissu-en-soie-coquillage\\\/\"]}]},{\"@type\":\"ImageObject\",\"inLanguage\":\"sv-SE\",\"@id\":\"https:\\\/\\\/homeofwool.com\\\/fr\\\/boutique\\\/tissu-en-soie-coquillage\\\/#primaryimage\",\"url\":\"https:\\\/\\\/homeofwool.com\\\/wp-content\\\/uploads\\\/2025\\\/09\\\/home-of-wool-100-mulberry-silk-fabric-\u2013-seashell-1-main-100-silk-seashell.jpg\",\"contentUrl\":\"https:\\\/\\\/homeofwool.com\\\/wp-content\\\/uploads\\\/2025\\\/09\\\/home-of-wool-100-mulberry-silk-fabric-\u2013-seashell-1-main-100-silk-seashell.jpg\",\"width\":2400,\"height\":1920,\"caption\":\"100% MULBERRY SILK FABRIC SEASHEL CLOSE UP\"},{\"@type\":\"BreadcrumbList\",\"@id\":\"https:\\\/\\\/homeofwool.com\\\/fr\\\/boutique\\\/tissu-en-soie-coquillage\\\/#breadcrumb\",\"itemListElement\":[{\"@type\":\"ListItem\",\"position\":1,\"name\":\"Home\",\"item\":\"https:\\\/\\\/homeofwool.com\\\/\"},{\"@type\":\"ListItem\",\"position\":2,\"name\":\"Products\",\"item\":\"https:\\\/\\\/homeofwool.com\\\/header-search-2\\\/\"},{\"@type\":\"ListItem\",\"position\":3,\"name\":\"100% Mulberry Silk Fabric \u2013 Seashell\"}]},{\"@type\":\"WebSite\",\"@id\":\"https:\\\/\\\/homeofwool.com\\\/#website\",\"url\":\"https:\\\/\\\/homeofwool.com\\\/\",\"name\":\"Home of Wool\",\"description\":\"\",\"publisher\":{\"@id\":\"https:\\\/\\\/homeofwool.com\\\/#organization\"},\"potentialAction\":[{\"@type\":\"SearchAction\",\"target\":{\"@type\":\"EntryPoint\",\"urlTemplate\":\"https:\\\/\\\/homeofwool.com\\\/?s={search_term_string}\"},\"query-input\":{\"@type\":\"PropertyValueSpecification\",\"valueRequired\":true,\"valueName\":\"search_term_string\"}}],\"inLanguage\":\"sv-SE\"},{\"@type\":\"Organization\",\"@id\":\"https:\\\/\\\/homeofwool.com\\\/#organization\",\"name\":\"Home of Wool\",\"url\":\"https:\\\/\\\/homeofwool.com\\\/\",\"logo\":{\"@type\":\"ImageObject\",\"inLanguage\":\"sv-SE\",\"@id\":\"https:\\\/\\\/homeofwool.com\\\/#\\\/schema\\\/logo\\\/image\\\/\",\"url\":\"https:\\\/\\\/homeofwool.com\\\/wp-content\\\/uploads\\\/2025\\\/09\\\/WhatsApp-Image-2025-12-02-at-16.23.20.jpeg\",\"contentUrl\":\"https:\\\/\\\/homeofwool.com\\\/wp-content\\\/uploads\\\/2025\\\/09\\\/WhatsApp-Image-2025-12-02-at-16.23.20.jpeg\",\"width\":700,\"height\":247,\"caption\":\"Home of Wool\"},\"image\":{\"@id\":\"https:\\\/\\\/homeofwool.com\\\/#\\\/schema\\\/logo\\\/image\\\/\"},\"sameAs\":[\"https:\\\/\\\/facebook.com\\\/HomeOfWoolOfficial\"]}]}<\/script>\n<!-- \/ Yoast SEO Premium plugin. -->","yoast_head_json":{"title":"Mullb\u00e4rssilke \u2013 Seashell, naturligt tyg med f\u00f6rdelar f\u00f6r huden | Home of Wool","description":"Mjukt mot huden och smidigt att ta p\u00e5, mulberry silk fabric i sn\u00e4ckf\u00e4rger ger andningsbar, naturlig mjukhet. Perfekt f\u00f6r giftfria s\u00e4ngkl\u00e4der, kl\u00e4der och tidl\u00f6sa hantverk hemma.","robots":{"index":"index","follow":"follow","max-snippet":"max-snippet:-1","max-image-preview":"max-image-preview:large","max-video-preview":"max-video-preview:-1"},"canonical":"https:\/\/homeofwool.com\/sv\/butik\/snackformad-sidenvav\/","og_locale":"sv_SE","og_type":"article","og_title":"100% Mulberry Silk Fabric \u2013 Seashell","og_description":"Gentle on skin and smooth to the touch, Mulberry Silk Fabric in seashell tones adds breathable, natural softness. Perfect for toxin-free bedding, clothing, and timeless crafts at home.","og_url":"https:\/\/homeofwool.com\/sv\/butik\/snackformad-sidenvav\/","og_site_name":"Home of Wool","article_publisher":"https:\/\/facebook.com\/HomeOfWoolOfficial","article_modified_time":"2025-09-26T12:36:40+00:00","og_image":[{"width":2400,"height":1920,"url":"https:\/\/homeofwool.com\/wp-content\/uploads\/2025\/09\/home-of-wool-100-mulberry-silk-fabric-\u2013-seashell-1-main-100-silk-seashell.jpg","type":"image\/jpeg"}],"twitter_card":"summary_large_image","twitter_misc":{"Ber\u00e4knad l\u00e4stid":"2 minuter"},"schema":{"@context":"https:\/\/schema.org","@graph":[{"@type":"WebPage","@id":"https:\/\/homeofwool.com\/fr\/boutique\/tissu-en-soie-coquillage\/","url":"https:\/\/homeofwool.com\/fr\/boutique\/tissu-en-soie-coquillage\/","name":"Mullb\u00e4rssilke \u2013 Seashell, naturligt tyg med f\u00f6rdelar f\u00f6r huden | Home of Wool","isPartOf":{"@id":"https:\/\/homeofwool.com\/#website"},"primaryImageOfPage":{"@id":"https:\/\/homeofwool.com\/fr\/boutique\/tissu-en-soie-coquillage\/#primaryimage"},"image":{"@id":"https:\/\/homeofwool.com\/fr\/boutique\/tissu-en-soie-coquillage\/#primaryimage"},"thumbnailUrl":"https:\/\/homeofwool.com\/wp-content\/uploads\/2025\/09\/home-of-wool-100-mulberry-silk-fabric-\u2013-seashell-1-main-100-silk-seashell.jpg","datePublished":"2025-09-02T12:00:51+00:00","dateModified":"2025-09-26T12:36:40+00:00","description":"Mjukt mot huden och smidigt att ta p\u00e5, mulberry silk fabric i sn\u00e4ckf\u00e4rger ger andningsbar, naturlig mjukhet. Perfekt f\u00f6r giftfria s\u00e4ngkl\u00e4der, kl\u00e4der och tidl\u00f6sa hantverk hemma.","breadcrumb":{"@id":"https:\/\/homeofwool.com\/fr\/boutique\/tissu-en-soie-coquillage\/#breadcrumb"},"inLanguage":"sv-SE","potentialAction":[{"@type":"ReadAction","target":["https:\/\/homeofwool.com\/fr\/boutique\/tissu-en-soie-coquillage\/"]}]},{"@type":"ImageObject","inLanguage":"sv-SE","@id":"https:\/\/homeofwool.com\/fr\/boutique\/tissu-en-soie-coquillage\/#primaryimage","url":"https:\/\/homeofwool.com\/wp-content\/uploads\/2025\/09\/home-of-wool-100-mulberry-silk-fabric-\u2013-seashell-1-main-100-silk-seashell.jpg","contentUrl":"https:\/\/homeofwool.com\/wp-content\/uploads\/2025\/09\/home-of-wool-100-mulberry-silk-fabric-\u2013-seashell-1-main-100-silk-seashell.jpg","width":2400,"height":1920,"caption":"100% MULBERRY SILK FABRIC SEASHEL CLOSE UP"},{"@type":"BreadcrumbList","@id":"https:\/\/homeofwool.com\/fr\/boutique\/tissu-en-soie-coquillage\/#breadcrumb","itemListElement":[{"@type":"ListItem","position":1,"name":"Home","item":"https:\/\/homeofwool.com\/"},{"@type":"ListItem","position":2,"name":"Products","item":"https:\/\/homeofwool.com\/header-search-2\/"},{"@type":"ListItem","position":3,"name":"100% Mulberry Silk Fabric \u2013 Seashell"}]},{"@type":"WebSite","@id":"https:\/\/homeofwool.com\/#website","url":"https:\/\/homeofwool.com\/","name":"Hem f\u00f6r ull","description":"","publisher":{"@id":"https:\/\/homeofwool.com\/#organization"},"potentialAction":[{"@type":"SearchAction","target":{"@type":"EntryPoint","urlTemplate":"https:\/\/homeofwool.com\/?s={search_term_string}"},"query-input":{"@type":"PropertyValueSpecification","valueRequired":true,"valueName":"search_term_string"}}],"inLanguage":"sv-SE"},{"@type":"Organization","@id":"https:\/\/homeofwool.com\/#organization","name":"Hem f\u00f6r ull","url":"https:\/\/homeofwool.com\/","logo":{"@type":"ImageObject","inLanguage":"sv-SE","@id":"https:\/\/homeofwool.com\/#\/schema\/logo\/image\/","url":"https:\/\/homeofwool.com\/wp-content\/uploads\/2025\/09\/WhatsApp-Image-2025-12-02-at-16.23.20.jpeg","contentUrl":"https:\/\/homeofwool.com\/wp-content\/uploads\/2025\/09\/WhatsApp-Image-2025-12-02-at-16.23.20.jpeg","width":700,"height":247,"caption":"Home of Wool"},"image":{"@id":"https:\/\/homeofwool.com\/#\/schema\/logo\/image\/"},"sameAs":["https:\/\/facebook.com\/HomeOfWoolOfficial"]}]}},"_links":{"self":[{"href":"https:\/\/homeofwool.com\/sv\/wp-json\/wp\/v2\/product\/217513","targetHints":{"allow":["GET"]}}],"collection":[{"href":"https:\/\/homeofwool.com\/sv\/wp-json\/wp\/v2\/product"}],"about":[{"href":"https:\/\/homeofwool.com\/sv\/wp-json\/wp\/v2\/types\/product"}],"version-history":[{"count":0,"href":"https:\/\/homeofwool.com\/sv\/wp-json\/wp\/v2\/product\/217513\/revisions"}],"wp:featuredmedia":[{"embeddable":true,"href":"https:\/\/homeofwool.com\/sv\/wp-json\/wp\/v2\/media\/219212"}],"wp:attachment":[{"href":"https:\/\/homeofwool.com\/sv\/wp-json\/wp\/v2\/media?parent=217513"}],"wp:term":[{"taxonomy":"product_brand","embeddable":true,"href":"https:\/\/homeofwool.com\/sv\/wp-json\/wp\/v2\/product_brand?post=217513"},{"taxonomy":"product_cat","embeddable":true,"href":"https:\/\/homeofwool.com\/sv\/wp-json\/wp\/v2\/product_cat?post=217513"},{"taxonomy":"product_tag","embeddable":true,"href":"https:\/\/homeofwool.com\/sv\/wp-json\/wp\/v2\/product_tag?post=217513"}],"curies":[{"name":"wp","href":"https:\/\/api.w.org\/{rel}","templated":true}]}}