{"id":217506,"date":"2025-09-02T12:00:50","date_gmt":"2025-09-02T12:00:50","guid":{"rendered":"https:\/\/homeofwool.com\/?post_type=product&#038;p=217506"},"modified":"2025-09-26T12:19:46","modified_gmt":"2025-09-26T12:19:46","slug":"rodrandigt-linnetyg","status":"publish","type":"product","link":"https:\/\/homeofwool.com\/sv\/shop\/red-striped-linen-fabric\/","title":{"rendered":"R\u00f6drandigt linnetyg"},"content":{"rendered":"<p>Det naturliga linnetyget Home of Wool med v\u00e4vda r\u00f6da r\u00e4nder \u00e4r tillverkat med omsorg f\u00f6r att uppfylla de h\u00f6gsta kraven p\u00e5 renhet och h\u00e5llbarhet. Tyget \u00e4r OEKO-TEX Standard 100-certifierat och inneh\u00e5ller inga kemiska ytbehandlingar eller bel\u00e4ggningar. Det s\u00e4kraste valet f\u00f6r k\u00e4nsliga hush\u00e5ll och ett genomt\u00e4nkt alternativ f\u00f6r milj\u00f6medvetna. De r\u00f6da r\u00e4nderna \u00e4r inv\u00e4vda. En enkel accent som k\u00e4nns naturlig och en f\u00e4rg som h\u00e5ller sig fin \u00f6ver tid.<\/p>\n<p>Detta slitstarka m\u00f6beltyg \u00e4r tillr\u00e4ckligt starkt f\u00f6r daglig anv\u00e4ndning p\u00e5 m\u00f6bler, samtidigt som det \u00e4r mjukt och andas. Det passar utm\u00e4rkt som linne f\u00f6r kuddar, \u00f6verdrag eller gardiner, och fungerar ocks\u00e5 bra som madrasslinne f\u00f6r dagb\u00e4ddar f\u00f6r svala och bekv\u00e4ma tupplurar. Med en vikt p\u00e5 350 g\/m\u00b2 \u00e4r tyget slitstarkt och perfekt f\u00f6r m\u00f6belkl\u00e4dsel och hemtextilier. Linne h\u00e5ller sig fr\u00e4scht utan anstr\u00e4ngning. Du beh\u00f6ver inte g\u00f6ra mycket f\u00f6r att h\u00e5lla det i toppskick. Det t\u00e5l vardagliga fl\u00e4ckar och beh\u00e5ller sin form \u00f6ver tid, och blir b\u00e4ttre f\u00f6r varje tv\u00e4tt.<\/p>\n<p>Vi erbjuder detta tyg som skr\u00e4ddarsytt linnetyg, s\u00e5 att du kan best\u00e4lla exakt den m\u00e4ngd du beh\u00f6ver i ett enda stycke. Oavsett om du vill fr\u00e4scha upp en \u00e4lskad f\u00e5t\u00f6lj, sy handgjorda kuddfodral eller designa milj\u00f6v\u00e4nliga s\u00e4ngkl\u00e4der, erbjuder detta r\u00f6drandiga linnetyg l\u00e5ngvarig kvalitet med en enkel, naturlig charm.<\/p>","protected":false},"excerpt":{"rendered":"<p>Detta r\u00f6drandiga linnetyg kombinerar naturlig styrka med vardaglig elegans. Eftersom det \u00e4r ett certifierat linnetyg \u00e4r det andningsbart och allergiv\u00e4nligt. Det \u00e4r perfekt f\u00f6r m\u00f6belkl\u00e4dsel, kuddar eller s\u00e4ngkl\u00e4der. De fint v\u00e4vda r\u00f6da linjerna ger en subtil dekorativ accent och ger tyget en touch av karakt\u00e4r.<\/p>\n<div class=\"global-icon-set\">\n<div class=\"global-icon-set__items\">\n<div class=\"global-icon-set__item\">\n<div class=\"global-icon-set__image\">\n                                    <img decoding=\"async\" src=\"https:\/\/homeofwool.com\/wp-content\/uploads\/2025\/09\/VOCs-min-300x300.png\" alt=\"Vocs gratis\" \/>\n                                <\/div>\n<div class=\"global-icon-set__title\">Fri fr\u00e5n VOC<\/div>\n<\/p><\/div>\n<div class=\"global-icon-set__item\">\n<div class=\"global-icon-set__image\">\n                                    <img decoding=\"async\" src=\"https:\/\/homeofwool.com\/wp-content\/uploads\/2025\/09\/Hypoallergenic-min-300x300.png\" alt=\"hypoallergen ikon\" \/>\n                                <\/div>\n<div class=\"global-icon-set__title\">Allergiv\u00e4nlig<\/div>\n<\/p><\/div>\n<div class=\"global-icon-set__item\">\n<div class=\"global-icon-set__image\">\n                                    <img decoding=\"async\" src=\"https:\/\/homeofwool.com\/wp-content\/uploads\/2025\/09\/free-of-synthetics-icon-300x300.png\" alt=\"fri fr\u00e5n syntetiska \u00e4mnen ikon\" \/>\n                                <\/div>\n<div class=\"global-icon-set__title\">Fri fr\u00e5n syntetmaterial<\/div>\n<\/p><\/div>\n<div class=\"global-icon-set__item\">\n<div class=\"global-icon-set__image\">\n                                    <img decoding=\"async\" src=\"https:\/\/homeofwool.com\/wp-content\/uploads\/2025\/09\/chemical-free-icon-300x300.png\" alt=\"kemikaliefri ikon\" \/>\n                                <\/div>\n<div class=\"global-icon-set__title\">Fri fr\u00e5n kemikalier<\/div>\n<\/p><\/div>\n<\/p><\/div>\n<\/p><\/div>","protected":false},"featured_media":219424,"template":"","meta":{"_acf_changed":false},"product_brand":[],"product_cat":[25],"product_tag":[85,86,87,88,90,96,91,92,93,97,94,98,95],"class_list":{"0":"post-217506","1":"product","2":"type-product","3":"status-publish","4":"has-post-thumbnail","6":"product_cat-wool-fabrics-batting","7":"product_tag-craft-supplies","8":"product_tag-eco-friendly-textile","9":"product_tag-flax-linen-fabric","10":"product_tag-flax-linen-fabric-by-the-yard-or-meter","11":"product_tag-linen-fabric","12":"product_tag-linen-fabric-with-stripes","13":"product_tag-natural-linen","14":"product_tag-prewashed-linen","15":"product_tag-pure-flax-linen","16":"product_tag-pure-linen","17":"product_tag-sewing-supply","18":"product_tag-striped-linen-fabric","19":"product_tag-undyed-fibers","21":"first","22":"instock","23":"shipping-taxable","24":"purchasable","25":"product-type-variable"},"acf":[],"yoast_head":"<!-- This site is optimized with the Yoast SEO Premium plugin v27.4 (Yoast SEO v27.4) - https:\/\/yoast.com\/product\/yoast-seo-premium-wordpress\/ -->\n<title>Linen Fabric with Red Stripes \u2013 Certified &amp; Durable | Home of Wool<\/title>\n<meta name=\"description\" content=\"Timeless and eco-friendly, the Linen Fabric with Red Stripes adds breathable, natural charm to cushions, upholstery, and d\u00e9cor. Durable, chemical-free, and certified for sustainable living.\" \/>\n<meta name=\"robots\" content=\"index, follow, max-snippet:-1, max-image-preview:large, max-video-preview:-1\" \/>\n<link rel=\"canonical\" href=\"https:\/\/homeofwool.com\/sv\/butik\/rodrandigt-linnetyg\/\" \/>\n<meta property=\"og:locale\" content=\"sv_SE\" \/>\n<meta property=\"og:type\" content=\"article\" \/>\n<meta property=\"og:title\" content=\"Red Striped Linen Fabric\" \/>\n<meta property=\"og:description\" content=\"Timeless and eco-friendly, the Linen Fabric with Red Stripes adds breathable, natural charm to cushions, upholstery, and d\u00e9cor. Durable, chemical-free, and certified for sustainable living.\" \/>\n<meta property=\"og:url\" content=\"https:\/\/homeofwool.com\/sv\/butik\/rodrandigt-linnetyg\/\" \/>\n<meta property=\"og:site_name\" content=\"Home of Wool\" \/>\n<meta property=\"article:publisher\" content=\"https:\/\/facebook.com\/HomeOfWoolOfficial\" \/>\n<meta property=\"article:modified_time\" content=\"2025-09-26T12:19:46+00:00\" \/>\n<meta property=\"og:image\" content=\"https:\/\/homeofwool.com\/wp-content\/uploads\/2025\/09\/home-of-wool-red-striped-linen-fabric-1-main.jpg\" \/>\n\t<meta property=\"og:image:width\" content=\"2000\" \/>\n\t<meta property=\"og:image:height\" content=\"1600\" \/>\n\t<meta property=\"og:image:type\" content=\"image\/jpeg\" \/>\n<meta name=\"twitter:card\" content=\"summary_large_image\" \/>\n<meta name=\"twitter:label1\" content=\"Ber\u00e4knad l\u00e4stid\" \/>\n\t<meta name=\"twitter:data1\" content=\"2 minuter\" \/>\n<script type=\"application\/ld+json\" class=\"yoast-schema-graph\">{\"@context\":\"https:\\\/\\\/schema.org\",\"@graph\":[{\"@type\":\"WebPage\",\"@id\":\"https:\\\/\\\/homeofwool.com\\\/it\\\/negozio\\\/tessuto-di-lino-a-righe-rosse\\\/\",\"url\":\"https:\\\/\\\/homeofwool.com\\\/it\\\/negozio\\\/tessuto-di-lino-a-righe-rosse\\\/\",\"name\":\"Linen Fabric with Red Stripes \u2013 Certified & Durable | Home of Wool\",\"isPartOf\":{\"@id\":\"https:\\\/\\\/homeofwool.com\\\/#website\"},\"primaryImageOfPage\":{\"@id\":\"https:\\\/\\\/homeofwool.com\\\/it\\\/negozio\\\/tessuto-di-lino-a-righe-rosse\\\/#primaryimage\"},\"image\":{\"@id\":\"https:\\\/\\\/homeofwool.com\\\/it\\\/negozio\\\/tessuto-di-lino-a-righe-rosse\\\/#primaryimage\"},\"thumbnailUrl\":\"https:\\\/\\\/homeofwool.com\\\/wp-content\\\/uploads\\\/2025\\\/09\\\/home-of-wool-red-striped-linen-fabric-1-main.jpg\",\"datePublished\":\"2025-09-02T12:00:50+00:00\",\"dateModified\":\"2025-09-26T12:19:46+00:00\",\"description\":\"Timeless and eco-friendly, the Linen Fabric with Red Stripes adds breathable, natural charm to cushions, upholstery, and d\u00e9cor. Durable, chemical-free, and certified for sustainable living.\",\"breadcrumb\":{\"@id\":\"https:\\\/\\\/homeofwool.com\\\/it\\\/negozio\\\/tessuto-di-lino-a-righe-rosse\\\/#breadcrumb\"},\"inLanguage\":\"sv-SE\",\"potentialAction\":[{\"@type\":\"ReadAction\",\"target\":[\"https:\\\/\\\/homeofwool.com\\\/it\\\/negozio\\\/tessuto-di-lino-a-righe-rosse\\\/\"]}]},{\"@type\":\"ImageObject\",\"inLanguage\":\"sv-SE\",\"@id\":\"https:\\\/\\\/homeofwool.com\\\/it\\\/negozio\\\/tessuto-di-lino-a-righe-rosse\\\/#primaryimage\",\"url\":\"https:\\\/\\\/homeofwool.com\\\/wp-content\\\/uploads\\\/2025\\\/09\\\/home-of-wool-red-striped-linen-fabric-1-main.jpg\",\"contentUrl\":\"https:\\\/\\\/homeofwool.com\\\/wp-content\\\/uploads\\\/2025\\\/09\\\/home-of-wool-red-striped-linen-fabric-1-main.jpg\",\"width\":2000,\"height\":1600,\"caption\":\"red striped linen fabric close up\"},{\"@type\":\"BreadcrumbList\",\"@id\":\"https:\\\/\\\/homeofwool.com\\\/it\\\/negozio\\\/tessuto-di-lino-a-righe-rosse\\\/#breadcrumb\",\"itemListElement\":[{\"@type\":\"ListItem\",\"position\":1,\"name\":\"Home\",\"item\":\"https:\\\/\\\/homeofwool.com\\\/\"},{\"@type\":\"ListItem\",\"position\":2,\"name\":\"Products\",\"item\":\"https:\\\/\\\/homeofwool.com\\\/header-search-2\\\/\"},{\"@type\":\"ListItem\",\"position\":3,\"name\":\"Red Striped Linen Fabric\"}]},{\"@type\":\"WebSite\",\"@id\":\"https:\\\/\\\/homeofwool.com\\\/#website\",\"url\":\"https:\\\/\\\/homeofwool.com\\\/\",\"name\":\"Home of Wool\",\"description\":\"\",\"publisher\":{\"@id\":\"https:\\\/\\\/homeofwool.com\\\/#organization\"},\"potentialAction\":[{\"@type\":\"SearchAction\",\"target\":{\"@type\":\"EntryPoint\",\"urlTemplate\":\"https:\\\/\\\/homeofwool.com\\\/?s={search_term_string}\"},\"query-input\":{\"@type\":\"PropertyValueSpecification\",\"valueRequired\":true,\"valueName\":\"search_term_string\"}}],\"inLanguage\":\"sv-SE\"},{\"@type\":\"Organization\",\"@id\":\"https:\\\/\\\/homeofwool.com\\\/#organization\",\"name\":\"Home of Wool\",\"url\":\"https:\\\/\\\/homeofwool.com\\\/\",\"logo\":{\"@type\":\"ImageObject\",\"inLanguage\":\"sv-SE\",\"@id\":\"https:\\\/\\\/homeofwool.com\\\/#\\\/schema\\\/logo\\\/image\\\/\",\"url\":\"https:\\\/\\\/homeofwool.com\\\/wp-content\\\/uploads\\\/2025\\\/09\\\/WhatsApp-Image-2025-12-02-at-16.23.20.jpeg\",\"contentUrl\":\"https:\\\/\\\/homeofwool.com\\\/wp-content\\\/uploads\\\/2025\\\/09\\\/WhatsApp-Image-2025-12-02-at-16.23.20.jpeg\",\"width\":700,\"height\":247,\"caption\":\"Home of Wool\"},\"image\":{\"@id\":\"https:\\\/\\\/homeofwool.com\\\/#\\\/schema\\\/logo\\\/image\\\/\"},\"sameAs\":[\"https:\\\/\\\/facebook.com\\\/HomeOfWoolOfficial\"]}]}<\/script>\n<!-- \/ Yoast SEO Premium plugin. -->","yoast_head_json":{"title":"Linnetyg med r\u00f6da r\u00e4nder \u2013 certifierat och slitstarkt | Home of Wool","description":"Det tidl\u00f6sa och milj\u00f6v\u00e4nliga linnetyg med r\u00f6da r\u00e4nder ger kuddar, m\u00f6belkl\u00e4dsel och inredning en naturlig charm och god andningsf\u00f6rm\u00e5ga. Slitstarkt, kemikaliefritt och certifierat f\u00f6r h\u00e5llbart boende.","robots":{"index":"index","follow":"follow","max-snippet":"max-snippet:-1","max-image-preview":"max-image-preview:large","max-video-preview":"max-video-preview:-1"},"canonical":"https:\/\/homeofwool.com\/sv\/butik\/rodrandigt-linnetyg\/","og_locale":"sv_SE","og_type":"article","og_title":"Red Striped Linen Fabric","og_description":"Timeless and eco-friendly, the Linen Fabric with Red Stripes adds breathable, natural charm to cushions, upholstery, and d\u00e9cor. Durable, chemical-free, and certified for sustainable living.","og_url":"https:\/\/homeofwool.com\/sv\/butik\/rodrandigt-linnetyg\/","og_site_name":"Home of Wool","article_publisher":"https:\/\/facebook.com\/HomeOfWoolOfficial","article_modified_time":"2025-09-26T12:19:46+00:00","og_image":[{"width":2000,"height":1600,"url":"https:\/\/homeofwool.com\/wp-content\/uploads\/2025\/09\/home-of-wool-red-striped-linen-fabric-1-main.jpg","type":"image\/jpeg"}],"twitter_card":"summary_large_image","twitter_misc":{"Ber\u00e4knad l\u00e4stid":"2 minuter"},"schema":{"@context":"https:\/\/schema.org","@graph":[{"@type":"WebPage","@id":"https:\/\/homeofwool.com\/it\/negozio\/tessuto-di-lino-a-righe-rosse\/","url":"https:\/\/homeofwool.com\/it\/negozio\/tessuto-di-lino-a-righe-rosse\/","name":"Linnetyg med r\u00f6da r\u00e4nder \u2013 certifierat och slitstarkt | Home of Wool","isPartOf":{"@id":"https:\/\/homeofwool.com\/#website"},"primaryImageOfPage":{"@id":"https:\/\/homeofwool.com\/it\/negozio\/tessuto-di-lino-a-righe-rosse\/#primaryimage"},"image":{"@id":"https:\/\/homeofwool.com\/it\/negozio\/tessuto-di-lino-a-righe-rosse\/#primaryimage"},"thumbnailUrl":"https:\/\/homeofwool.com\/wp-content\/uploads\/2025\/09\/home-of-wool-red-striped-linen-fabric-1-main.jpg","datePublished":"2025-09-02T12:00:50+00:00","dateModified":"2025-09-26T12:19:46+00:00","description":"Det tidl\u00f6sa och milj\u00f6v\u00e4nliga linnetyg med r\u00f6da r\u00e4nder ger kuddar, m\u00f6belkl\u00e4dsel och inredning en naturlig charm och god andningsf\u00f6rm\u00e5ga. Slitstarkt, kemikaliefritt och certifierat f\u00f6r h\u00e5llbart boende.","breadcrumb":{"@id":"https:\/\/homeofwool.com\/it\/negozio\/tessuto-di-lino-a-righe-rosse\/#breadcrumb"},"inLanguage":"sv-SE","potentialAction":[{"@type":"ReadAction","target":["https:\/\/homeofwool.com\/it\/negozio\/tessuto-di-lino-a-righe-rosse\/"]}]},{"@type":"ImageObject","inLanguage":"sv-SE","@id":"https:\/\/homeofwool.com\/it\/negozio\/tessuto-di-lino-a-righe-rosse\/#primaryimage","url":"https:\/\/homeofwool.com\/wp-content\/uploads\/2025\/09\/home-of-wool-red-striped-linen-fabric-1-main.jpg","contentUrl":"https:\/\/homeofwool.com\/wp-content\/uploads\/2025\/09\/home-of-wool-red-striped-linen-fabric-1-main.jpg","width":2000,"height":1600,"caption":"red striped linen fabric close up"},{"@type":"BreadcrumbList","@id":"https:\/\/homeofwool.com\/it\/negozio\/tessuto-di-lino-a-righe-rosse\/#breadcrumb","itemListElement":[{"@type":"ListItem","position":1,"name":"Home","item":"https:\/\/homeofwool.com\/"},{"@type":"ListItem","position":2,"name":"Products","item":"https:\/\/homeofwool.com\/header-search-2\/"},{"@type":"ListItem","position":3,"name":"Red Striped Linen Fabric"}]},{"@type":"WebSite","@id":"https:\/\/homeofwool.com\/#website","url":"https:\/\/homeofwool.com\/","name":"Hem f\u00f6r ull","description":"","publisher":{"@id":"https:\/\/homeofwool.com\/#organization"},"potentialAction":[{"@type":"SearchAction","target":{"@type":"EntryPoint","urlTemplate":"https:\/\/homeofwool.com\/?s={search_term_string}"},"query-input":{"@type":"PropertyValueSpecification","valueRequired":true,"valueName":"search_term_string"}}],"inLanguage":"sv-SE"},{"@type":"Organization","@id":"https:\/\/homeofwool.com\/#organization","name":"Hem f\u00f6r ull","url":"https:\/\/homeofwool.com\/","logo":{"@type":"ImageObject","inLanguage":"sv-SE","@id":"https:\/\/homeofwool.com\/#\/schema\/logo\/image\/","url":"https:\/\/homeofwool.com\/wp-content\/uploads\/2025\/09\/WhatsApp-Image-2025-12-02-at-16.23.20.jpeg","contentUrl":"https:\/\/homeofwool.com\/wp-content\/uploads\/2025\/09\/WhatsApp-Image-2025-12-02-at-16.23.20.jpeg","width":700,"height":247,"caption":"Home of Wool"},"image":{"@id":"https:\/\/homeofwool.com\/#\/schema\/logo\/image\/"},"sameAs":["https:\/\/facebook.com\/HomeOfWoolOfficial"]}]}},"_links":{"self":[{"href":"https:\/\/homeofwool.com\/sv\/wp-json\/wp\/v2\/product\/217506","targetHints":{"allow":["GET"]}}],"collection":[{"href":"https:\/\/homeofwool.com\/sv\/wp-json\/wp\/v2\/product"}],"about":[{"href":"https:\/\/homeofwool.com\/sv\/wp-json\/wp\/v2\/types\/product"}],"version-history":[{"count":0,"href":"https:\/\/homeofwool.com\/sv\/wp-json\/wp\/v2\/product\/217506\/revisions"}],"wp:featuredmedia":[{"embeddable":true,"href":"https:\/\/homeofwool.com\/sv\/wp-json\/wp\/v2\/media\/219424"}],"wp:attachment":[{"href":"https:\/\/homeofwool.com\/sv\/wp-json\/wp\/v2\/media?parent=217506"}],"wp:term":[{"taxonomy":"product_brand","embeddable":true,"href":"https:\/\/homeofwool.com\/sv\/wp-json\/wp\/v2\/product_brand?post=217506"},{"taxonomy":"product_cat","embeddable":true,"href":"https:\/\/homeofwool.com\/sv\/wp-json\/wp\/v2\/product_cat?post=217506"},{"taxonomy":"product_tag","embeddable":true,"href":"https:\/\/homeofwool.com\/sv\/wp-json\/wp\/v2\/product_tag?post=217506"}],"curies":[{"name":"wp","href":"https:\/\/api.w.org\/{rel}","templated":true}]}}