{"id":217502,"date":"2025-09-02T12:00:50","date_gmt":"2025-09-02T12:00:50","guid":{"rendered":"https:\/\/homeofwool.com\/?post_type=product&#038;p=217502"},"modified":"2026-03-13T08:10:28","modified_gmt":"2026-03-13T08:10:28","slug":"59-linne-41-bomullsblandning","status":"publish","type":"product","link":"https:\/\/homeofwool.com\/sv\/shop\/59-linen-41-cotton-blend-fabric\/","title":{"rendered":"59% Linne \/ 41% Bomullsblandat tyg"},"content":{"rendered":"<p>K\u00e4nner du till den d\u00e4r k\u00e4nslan n\u00e4r tyget bara k\u00e4nns r\u00e4tt? Den h\u00e4r slitstarka linne-bomullsblandningen har den k\u00e4nslan. Lite linne f\u00f6r struktur, lite bomull f\u00f6r v\u00e4rme. Inget tillsatt. Bara rent kemikaliefritt tyg, v\u00e4vt stadigt och \u00e4kta.<\/p>\n<p>Det \u00e4r of\u00e4rgat tyg, s\u00e5 den f\u00e4rg du ser \u00e4r fiberns egen f\u00e4rg. Mjukt, lugnt och behagligt f\u00f6r \u00f6gonen. Inga bel\u00e4ggningar, inga blekmedel. OEKO-TEX Standard 100-certifierat, s\u00e5 det \u00e4r s\u00e4kert f\u00f6r dig, ditt hem och ditt barn.<\/p>\n<p>Det h\u00e5ller sig v\u00e4l. Andas vackert. Efter tv\u00e4tt blir det mjukare och f\u00e5r det avslappnade utseende som linne\u00e4lskare k\u00e4nner till. Det drar inte heller till sig damm eller smuts. Detta l\u00e4ttsk\u00f6tta tyg \u00e4r perfekt f\u00f6r \u00f6rngott, s\u00e4ngkl\u00e4der och barnrumprodukter. Eftersom det \u00e4r ett blekmedelsfritt tyg \u00e4r det skonsamt. Skonsamt mot din hud och mot milj\u00f6n.<\/p>\n<p><strong>Vikt<\/strong>: 190 g\/m\u00b2<br \/>\n<strong>Bredd<\/strong>: 150 cm (59\u2033) eller 300 cm (118\u2033)<br \/>\nVi sk\u00e4r upp den m\u00e4ngd du best\u00e4ller i ett l\u00e5ngt stycke.<\/p>","protected":false},"excerpt":{"rendered":"<p>Mjukt d\u00e4r du vill ha det, starkt d\u00e4r du beh\u00f6ver det. Detta linne- och bomullstyg \u00e4r ett rent, naturligt tyg. Kemikaliefritt, of\u00e4rgat och blekmedelsfritt. Enkelt tillverkat, gjort f\u00f6r att h\u00e5lla och perfekt f\u00f6r \u00f6rngott, s\u00e4ngkl\u00e4der, p\u00e5slakan och barnrumprodukter.<\/p>\n<div class=\"global-icon-set\">\n<div class=\"global-icon-set__items\">\n<div class=\"global-icon-set__item\">\n<div class=\"global-icon-set__image\">\n                                    <img decoding=\"async\" src=\"https:\/\/homeofwool.com\/wp-content\/uploads\/2025\/09\/VOCs-min-300x300.png\" alt=\"Vocs gratis\" \/>\n                                <\/div>\n<div class=\"global-icon-set__title\">Fri fr\u00e5n VOC<\/div>\n<\/p><\/div>\n<div class=\"global-icon-set__item\">\n<div class=\"global-icon-set__image\">\n                                    <img decoding=\"async\" src=\"https:\/\/homeofwool.com\/wp-content\/uploads\/2025\/09\/Hypoallergenic-min-300x300.png\" alt=\"hypoallergen ikon\" \/>\n                                <\/div>\n<div class=\"global-icon-set__title\">Allergiv\u00e4nlig<\/div>\n<\/p><\/div>\n<div class=\"global-icon-set__item\">\n<div class=\"global-icon-set__image\">\n                                    <img decoding=\"async\" src=\"https:\/\/homeofwool.com\/wp-content\/uploads\/2025\/09\/free-of-synthetics-icon-300x300.png\" alt=\"fri fr\u00e5n syntetiska \u00e4mnen ikon\" \/>\n                                <\/div>\n<div class=\"global-icon-set__title\">Fri fr\u00e5n syntetmaterial<\/div>\n<\/p><\/div>\n<div class=\"global-icon-set__item\">\n<div class=\"global-icon-set__image\">\n                                    <img decoding=\"async\" src=\"https:\/\/homeofwool.com\/wp-content\/uploads\/2025\/09\/chemical-free-icon-300x300.png\" alt=\"kemikaliefri ikon\" \/>\n                                <\/div>\n<div class=\"global-icon-set__title\">Fri fr\u00e5n kemikalier<\/div>\n<\/p><\/div>\n<\/p><\/div>\n<\/p><\/div>","protected":false},"featured_media":228866,"template":"","meta":{"_acf_changed":false},"product_brand":[],"product_cat":[25],"product_tag":[83,84,85,86,87,88,89,90,91,92,93,94,95],"class_list":{"0":"post-217502","1":"product","2":"type-product","3":"status-publish","4":"has-post-thumbnail","6":"product_cat-wool-fabrics-batting","7":"product_tag-cotton-fabric","8":"product_tag-cotton-linen-blend-fabric","9":"product_tag-craft-supplies","10":"product_tag-eco-friendly-textile","11":"product_tag-flax-linen-fabric","12":"product_tag-flax-linen-fabric-by-the-yard-or-meter","13":"product_tag-linen-cotton-blend-fabric","14":"product_tag-linen-fabric","15":"product_tag-natural-linen","16":"product_tag-prewashed-linen","17":"product_tag-pure-flax-linen","18":"product_tag-sewing-supply","19":"product_tag-undyed-fibers","21":"first","22":"instock","23":"shipping-taxable","24":"purchasable","25":"product-type-variable"},"acf":[],"yoast_head":"<!-- This site is optimized with the Yoast SEO Premium plugin v27.4 (Yoast SEO v27.4) - https:\/\/yoast.com\/product\/yoast-seo-premium-wordpress\/ -->\n<title>59% Linen \/ 41% Cotton Blend Fabric \u2013 VOCs-Free | Home of Wool<\/title>\n<meta name=\"description\" content=\"The 59% Linen \/ 41% Cotton Blend Fabric is VOCs-free, breathable, and natural. Durable and sustainable, it offers eco-friendly comfort for upholstery, cushions, and timeless home d\u00e9cor.\" \/>\n<meta name=\"robots\" content=\"index, follow, max-snippet:-1, max-image-preview:large, max-video-preview:-1\" \/>\n<link rel=\"canonical\" href=\"https:\/\/homeofwool.com\/sv\/butik\/59-linne-41-bomullsblandning\/\" \/>\n<meta property=\"og:locale\" content=\"sv_SE\" \/>\n<meta property=\"og:type\" content=\"article\" \/>\n<meta property=\"og:title\" content=\"59% Linen \/ 41% Cotton Blend Fabric\" \/>\n<meta property=\"og:description\" content=\"The 59% Linen \/ 41% Cotton Blend Fabric is VOCs-free, breathable, and natural. Durable and sustainable, it offers eco-friendly comfort for upholstery, cushions, and timeless home d\u00e9cor.\" \/>\n<meta property=\"og:url\" content=\"https:\/\/homeofwool.com\/sv\/butik\/59-linne-41-bomullsblandning\/\" \/>\n<meta property=\"og:site_name\" content=\"Home of Wool\" \/>\n<meta property=\"article:publisher\" content=\"https:\/\/facebook.com\/HomeOfWoolOfficial\" \/>\n<meta property=\"article:modified_time\" content=\"2026-03-13T08:10:28+00:00\" \/>\n<meta property=\"og:image\" content=\"https:\/\/homeofwool.com\/wp-content\/uploads\/2025\/09\/59linen-41cotton-fabric-main.jpg\" \/>\n\t<meta property=\"og:image:width\" content=\"2500\" \/>\n\t<meta property=\"og:image:height\" content=\"1999\" \/>\n\t<meta property=\"og:image:type\" content=\"image\/jpeg\" \/>\n<meta name=\"twitter:card\" content=\"summary_large_image\" \/>\n<meta name=\"twitter:label1\" content=\"Ber\u00e4knad l\u00e4stid\" \/>\n\t<meta name=\"twitter:data1\" content=\"1 minut\" \/>\n<script type=\"application\/ld+json\" class=\"yoast-schema-graph\">{\"@context\":\"https:\\\/\\\/schema.org\",\"@graph\":[{\"@type\":\"WebPage\",\"@id\":\"https:\\\/\\\/homeofwool.com\\\/shop\\\/59-linen-41-cotton-blend-fabric\\\/\",\"url\":\"https:\\\/\\\/homeofwool.com\\\/shop\\\/59-linen-41-cotton-blend-fabric\\\/\",\"name\":\"59% Linen \\\/ 41% Cotton Blend Fabric \u2013 VOCs-Free | Home of Wool\",\"isPartOf\":{\"@id\":\"https:\\\/\\\/homeofwool.com\\\/#website\"},\"primaryImageOfPage\":{\"@id\":\"https:\\\/\\\/homeofwool.com\\\/shop\\\/59-linen-41-cotton-blend-fabric\\\/#primaryimage\"},\"image\":{\"@id\":\"https:\\\/\\\/homeofwool.com\\\/shop\\\/59-linen-41-cotton-blend-fabric\\\/#primaryimage\"},\"thumbnailUrl\":\"https:\\\/\\\/homeofwool.com\\\/wp-content\\\/uploads\\\/2025\\\/09\\\/59linen-41cotton-fabric-main.jpg\",\"datePublished\":\"2025-09-02T12:00:50+00:00\",\"dateModified\":\"2026-03-13T08:10:28+00:00\",\"description\":\"The 59% Linen \\\/ 41% Cotton Blend Fabric is VOCs-free, breathable, and natural. Durable and sustainable, it offers eco-friendly comfort for upholstery, cushions, and timeless home d\u00e9cor.\",\"breadcrumb\":{\"@id\":\"https:\\\/\\\/homeofwool.com\\\/shop\\\/59-linen-41-cotton-blend-fabric\\\/#breadcrumb\"},\"inLanguage\":\"sv-SE\",\"potentialAction\":[{\"@type\":\"ReadAction\",\"target\":[\"https:\\\/\\\/homeofwool.com\\\/shop\\\/59-linen-41-cotton-blend-fabric\\\/\"]}]},{\"@type\":\"ImageObject\",\"inLanguage\":\"sv-SE\",\"@id\":\"https:\\\/\\\/homeofwool.com\\\/shop\\\/59-linen-41-cotton-blend-fabric\\\/#primaryimage\",\"url\":\"https:\\\/\\\/homeofwool.com\\\/wp-content\\\/uploads\\\/2025\\\/09\\\/59linen-41cotton-fabric-main.jpg\",\"contentUrl\":\"https:\\\/\\\/homeofwool.com\\\/wp-content\\\/uploads\\\/2025\\\/09\\\/59linen-41cotton-fabric-main.jpg\",\"width\":2500,\"height\":1999,\"caption\":\"59%linen \\\/ 41% cotton fabric close up\"},{\"@type\":\"BreadcrumbList\",\"@id\":\"https:\\\/\\\/homeofwool.com\\\/shop\\\/59-linen-41-cotton-blend-fabric\\\/#breadcrumb\",\"itemListElement\":[{\"@type\":\"ListItem\",\"position\":1,\"name\":\"Home\",\"item\":\"https:\\\/\\\/homeofwool.com\\\/\"},{\"@type\":\"ListItem\",\"position\":2,\"name\":\"Products\",\"item\":\"https:\\\/\\\/homeofwool.com\\\/header-search-2\\\/\"},{\"@type\":\"ListItem\",\"position\":3,\"name\":\"59% Linen \\\/ 41% Cotton Blend Fabric\"}]},{\"@type\":\"WebSite\",\"@id\":\"https:\\\/\\\/homeofwool.com\\\/#website\",\"url\":\"https:\\\/\\\/homeofwool.com\\\/\",\"name\":\"Home of Wool\",\"description\":\"\",\"publisher\":{\"@id\":\"https:\\\/\\\/homeofwool.com\\\/#organization\"},\"potentialAction\":[{\"@type\":\"SearchAction\",\"target\":{\"@type\":\"EntryPoint\",\"urlTemplate\":\"https:\\\/\\\/homeofwool.com\\\/?s={search_term_string}\"},\"query-input\":{\"@type\":\"PropertyValueSpecification\",\"valueRequired\":true,\"valueName\":\"search_term_string\"}}],\"inLanguage\":\"sv-SE\"},{\"@type\":\"Organization\",\"@id\":\"https:\\\/\\\/homeofwool.com\\\/#organization\",\"name\":\"Home of Wool\",\"url\":\"https:\\\/\\\/homeofwool.com\\\/\",\"logo\":{\"@type\":\"ImageObject\",\"inLanguage\":\"sv-SE\",\"@id\":\"https:\\\/\\\/homeofwool.com\\\/#\\\/schema\\\/logo\\\/image\\\/\",\"url\":\"https:\\\/\\\/homeofwool.com\\\/wp-content\\\/uploads\\\/2025\\\/09\\\/WhatsApp-Image-2025-12-02-at-16.23.20.jpeg\",\"contentUrl\":\"https:\\\/\\\/homeofwool.com\\\/wp-content\\\/uploads\\\/2025\\\/09\\\/WhatsApp-Image-2025-12-02-at-16.23.20.jpeg\",\"width\":700,\"height\":247,\"caption\":\"Home of Wool\"},\"image\":{\"@id\":\"https:\\\/\\\/homeofwool.com\\\/#\\\/schema\\\/logo\\\/image\\\/\"},\"sameAs\":[\"https:\\\/\\\/facebook.com\\\/HomeOfWoolOfficial\"]}]}<\/script>\n<!-- \/ Yoast SEO Premium plugin. -->","yoast_head_json":{"title":"59% Linne \/ 41% Bomullsblandat tyg \u2013 VOC-fritt | Home of Wool","description":"59% linne\/41% bomullsblandning \u00e4r VOC-fri, andas och \u00e4r naturlig. Den \u00e4r slitstark och h\u00e5llbar och erbjuder milj\u00f6v\u00e4nlig komfort f\u00f6r m\u00f6belkl\u00e4dsel, kuddar och tidl\u00f6s heminredning.","robots":{"index":"index","follow":"follow","max-snippet":"max-snippet:-1","max-image-preview":"max-image-preview:large","max-video-preview":"max-video-preview:-1"},"canonical":"https:\/\/homeofwool.com\/sv\/butik\/59-linne-41-bomullsblandning\/","og_locale":"sv_SE","og_type":"article","og_title":"59% Linen \/ 41% Cotton Blend Fabric","og_description":"The 59% Linen \/ 41% Cotton Blend Fabric is VOCs-free, breathable, and natural. Durable and sustainable, it offers eco-friendly comfort for upholstery, cushions, and timeless home d\u00e9cor.","og_url":"https:\/\/homeofwool.com\/sv\/butik\/59-linne-41-bomullsblandning\/","og_site_name":"Home of Wool","article_publisher":"https:\/\/facebook.com\/HomeOfWoolOfficial","article_modified_time":"2026-03-13T08:10:28+00:00","og_image":[{"width":2500,"height":1999,"url":"https:\/\/homeofwool.com\/wp-content\/uploads\/2025\/09\/59linen-41cotton-fabric-main.jpg","type":"image\/jpeg"}],"twitter_card":"summary_large_image","twitter_misc":{"Ber\u00e4knad l\u00e4stid":"1 minut"},"schema":{"@context":"https:\/\/schema.org","@graph":[{"@type":"WebPage","@id":"https:\/\/homeofwool.com\/shop\/59-linen-41-cotton-blend-fabric\/","url":"https:\/\/homeofwool.com\/shop\/59-linen-41-cotton-blend-fabric\/","name":"59% Linne \/ 41% Bomullsblandat tyg \u2013 VOC-fritt | Home of Wool","isPartOf":{"@id":"https:\/\/homeofwool.com\/#website"},"primaryImageOfPage":{"@id":"https:\/\/homeofwool.com\/shop\/59-linen-41-cotton-blend-fabric\/#primaryimage"},"image":{"@id":"https:\/\/homeofwool.com\/shop\/59-linen-41-cotton-blend-fabric\/#primaryimage"},"thumbnailUrl":"https:\/\/homeofwool.com\/wp-content\/uploads\/2025\/09\/59linen-41cotton-fabric-main.jpg","datePublished":"2025-09-02T12:00:50+00:00","dateModified":"2026-03-13T08:10:28+00:00","description":"59% linne\/41% bomullsblandning \u00e4r VOC-fri, andas och \u00e4r naturlig. Den \u00e4r slitstark och h\u00e5llbar och erbjuder milj\u00f6v\u00e4nlig komfort f\u00f6r m\u00f6belkl\u00e4dsel, kuddar och tidl\u00f6s heminredning.","breadcrumb":{"@id":"https:\/\/homeofwool.com\/shop\/59-linen-41-cotton-blend-fabric\/#breadcrumb"},"inLanguage":"sv-SE","potentialAction":[{"@type":"ReadAction","target":["https:\/\/homeofwool.com\/shop\/59-linen-41-cotton-blend-fabric\/"]}]},{"@type":"ImageObject","inLanguage":"sv-SE","@id":"https:\/\/homeofwool.com\/shop\/59-linen-41-cotton-blend-fabric\/#primaryimage","url":"https:\/\/homeofwool.com\/wp-content\/uploads\/2025\/09\/59linen-41cotton-fabric-main.jpg","contentUrl":"https:\/\/homeofwool.com\/wp-content\/uploads\/2025\/09\/59linen-41cotton-fabric-main.jpg","width":2500,"height":1999,"caption":"59%linen \/ 41% cotton fabric close up"},{"@type":"BreadcrumbList","@id":"https:\/\/homeofwool.com\/shop\/59-linen-41-cotton-blend-fabric\/#breadcrumb","itemListElement":[{"@type":"ListItem","position":1,"name":"Home","item":"https:\/\/homeofwool.com\/"},{"@type":"ListItem","position":2,"name":"Products","item":"https:\/\/homeofwool.com\/header-search-2\/"},{"@type":"ListItem","position":3,"name":"59% Linen \/ 41% Cotton Blend Fabric"}]},{"@type":"WebSite","@id":"https:\/\/homeofwool.com\/#website","url":"https:\/\/homeofwool.com\/","name":"Hem f\u00f6r ull","description":"","publisher":{"@id":"https:\/\/homeofwool.com\/#organization"},"potentialAction":[{"@type":"SearchAction","target":{"@type":"EntryPoint","urlTemplate":"https:\/\/homeofwool.com\/?s={search_term_string}"},"query-input":{"@type":"PropertyValueSpecification","valueRequired":true,"valueName":"search_term_string"}}],"inLanguage":"sv-SE"},{"@type":"Organization","@id":"https:\/\/homeofwool.com\/#organization","name":"Hem f\u00f6r ull","url":"https:\/\/homeofwool.com\/","logo":{"@type":"ImageObject","inLanguage":"sv-SE","@id":"https:\/\/homeofwool.com\/#\/schema\/logo\/image\/","url":"https:\/\/homeofwool.com\/wp-content\/uploads\/2025\/09\/WhatsApp-Image-2025-12-02-at-16.23.20.jpeg","contentUrl":"https:\/\/homeofwool.com\/wp-content\/uploads\/2025\/09\/WhatsApp-Image-2025-12-02-at-16.23.20.jpeg","width":700,"height":247,"caption":"Home of Wool"},"image":{"@id":"https:\/\/homeofwool.com\/#\/schema\/logo\/image\/"},"sameAs":["https:\/\/facebook.com\/HomeOfWoolOfficial"]}]}},"_links":{"self":[{"href":"https:\/\/homeofwool.com\/sv\/wp-json\/wp\/v2\/product\/217502","targetHints":{"allow":["GET"]}}],"collection":[{"href":"https:\/\/homeofwool.com\/sv\/wp-json\/wp\/v2\/product"}],"about":[{"href":"https:\/\/homeofwool.com\/sv\/wp-json\/wp\/v2\/types\/product"}],"version-history":[{"count":1,"href":"https:\/\/homeofwool.com\/sv\/wp-json\/wp\/v2\/product\/217502\/revisions"}],"predecessor-version":[{"id":227222,"href":"https:\/\/homeofwool.com\/sv\/wp-json\/wp\/v2\/product\/217502\/revisions\/227222"}],"wp:featuredmedia":[{"embeddable":true,"href":"https:\/\/homeofwool.com\/sv\/wp-json\/wp\/v2\/media\/228866"}],"wp:attachment":[{"href":"https:\/\/homeofwool.com\/sv\/wp-json\/wp\/v2\/media?parent=217502"}],"wp:term":[{"taxonomy":"product_brand","embeddable":true,"href":"https:\/\/homeofwool.com\/sv\/wp-json\/wp\/v2\/product_brand?post=217502"},{"taxonomy":"product_cat","embeddable":true,"href":"https:\/\/homeofwool.com\/sv\/wp-json\/wp\/v2\/product_cat?post=217502"},{"taxonomy":"product_tag","embeddable":true,"href":"https:\/\/homeofwool.com\/sv\/wp-json\/wp\/v2\/product_tag?post=217502"}],"curies":[{"name":"wp","href":"https:\/\/api.w.org\/{rel}","templated":true}]}}