{"id":217501,"date":"2025-09-02T12:00:50","date_gmt":"2025-09-02T12:00:50","guid":{"rendered":"https:\/\/homeofwool.com\/?post_type=product&#038;p=217501"},"modified":"2026-02-09T13:06:03","modified_gmt":"2026-02-09T13:06:03","slug":"ullprover","status":"publish","type":"product","link":"https:\/\/homeofwool.com\/sv\/shop\/wool-samples\/","title":{"rendered":"Ullprover"},"content":{"rendered":"<p>Att v\u00e4lja r\u00e4tt s\u00e4ngkl\u00e4der eller kuddstoppning \u00e4r ett mycket personligt beslut, d\u00e4rf\u00f6r erbjuder vi ullprover s\u00e5 att du kan k\u00e4nna dig s\u00e4ker p\u00e5 ditt val. Varje prov \u00e4r taget fr\u00e5n samma ull som vi anv\u00e4nder i alla v\u00e5ra s\u00e4ngkl\u00e4der och madrasser. N\u00e4r du h\u00e5ller i det kan du k\u00e4nna fibrernas struktur och hur det l\u00e5ter luften cirkulera s\u00e5 naturligt.<\/p>\n<p>V\u00e5rt prov p\u00e5 ullfyllning \u00e4r s\u00e4rskilt anv\u00e4ndbart f\u00f6r personer med allergier, astma eller \u00f6verk\u00e4nslighet som vill vara s\u00e4kra p\u00e5 att materialet \u00e4r s\u00e4kert och skonsamt. Med ett prov kan du ocks\u00e5 m\u00e4rka skillnaden mellan ull och syntetiska fyllningar. Om du funderar p\u00e5 att investera i en ny madrass, kudde eller en specialanpassad produkt, kan du k\u00e4nna dig trygg i ditt val genom att f\u00f6rst prova ullen.<\/p>","protected":false},"excerpt":{"rendered":"<p>V\u00e5ra ullprover l\u00e5ter dig uppleva renheten och k\u00e4nslan av v\u00e5rt naturliga fyllmaterial innan du best\u00e4mmer dig f\u00f6r ett st\u00f6rre k\u00f6p. Varje ullfyllningsprov kommer i en gener\u00f6s handfull, s\u00e5 att du sj\u00e4lv kan k\u00e4nna, lukta och se kvaliteten p\u00e5 v\u00e5rt ekologiska ullfyllningsmaterial.<\/p>\n<div class=\"global-icon-set\">\n<div class=\"global-icon-set__items\">\n<div class=\"global-icon-set__item\">\n<div class=\"global-icon-set__image\">\n                                    <img decoding=\"async\" src=\"https:\/\/homeofwool.com\/wp-content\/uploads\/2025\/09\/VOCs-min-300x300.png\" alt=\"Vocs gratis\" \/>\n                                <\/div>\n<div class=\"global-icon-set__title\">Fri fr\u00e5n VOC<\/div>\n<\/p><\/div>\n<div class=\"global-icon-set__item\">\n<div class=\"global-icon-set__image\">\n                                    <img decoding=\"async\" src=\"https:\/\/homeofwool.com\/wp-content\/uploads\/2025\/09\/FR-min-300x300.png\" alt=\"Brandbest\u00e4ndig ikon\" \/>\n                                <\/div>\n<div class=\"global-icon-set__title\">Flamskyddad<\/div>\n<\/p><\/div>\n<div class=\"global-icon-set__item\">\n<div class=\"global-icon-set__image\">\n                                    <img decoding=\"async\" src=\"https:\/\/homeofwool.com\/wp-content\/uploads\/2025\/09\/Hypoallergenic-min-300x300.png\" alt=\"hypoallergen ikon\" \/>\n                                <\/div>\n<div class=\"global-icon-set__title\">Allergiv\u00e4nlig<\/div>\n<\/p><\/div>\n<div class=\"global-icon-set__item\">\n<div class=\"global-icon-set__image\">\n                                    <img decoding=\"async\" src=\"https:\/\/homeofwool.com\/wp-content\/uploads\/2025\/09\/free-of-synthetics-icon-300x300.png\" alt=\"fri fr\u00e5n syntetiska \u00e4mnen ikon\" \/>\n                                <\/div>\n<div class=\"global-icon-set__title\">Fri fr\u00e5n syntetmaterial<\/div>\n<\/p><\/div>\n<div class=\"global-icon-set__item\">\n<div class=\"global-icon-set__image\">\n                                    <img decoding=\"async\" src=\"https:\/\/homeofwool.com\/wp-content\/uploads\/2025\/09\/chemical-free-icon-300x300.png\" alt=\"kemikaliefri ikon\" \/>\n                                <\/div>\n<div class=\"global-icon-set__title\">Fri fr\u00e5n kemikalier<\/div>\n<\/p><\/div>\n<div class=\"global-icon-set__item\">\n<div class=\"global-icon-set__image\">\n                                    <img decoding=\"async\" src=\"https:\/\/homeofwool.com\/wp-content\/uploads\/2025\/09\/anti-bacterial-icon-300x300.png\" alt=\"antibakteriell ikon\" \/>\n                                <\/div>\n<div class=\"global-icon-set__title\">Anti-mikrobiell och anti-bakteriell<\/div>\n<\/p><\/div>\n<\/p><\/div>\n<\/p><\/div>","protected":false},"featured_media":219184,"template":"","meta":{"_acf_changed":false},"product_brand":[],"product_cat":[253,25],"product_tag":[72,73,74,75,76,77,1370,78,79,80,81,82],"class_list":{"0":"post-217501","1":"product","2":"type-product","3":"status-publish","4":"has-post-thumbnail","6":"product_cat-product-samples","7":"product_cat-wool-fabrics-batting","8":"product_tag-amigurumi-doll-stuffing","9":"product_tag-carded-wool","10":"product_tag-crafts-supplies","11":"product_tag-crochet-doll-stuffing","12":"product_tag-doll-stuffing","13":"product_tag-loose-wool","14":"product_tag-nosteps","15":"product_tag-pure-sheep-wool","16":"product_tag-sofa-stuffing","17":"product_tag-toy-stuffing","18":"product_tag-waldorf-doll-kit","19":"product_tag-wool-pillow-stuffing","21":"first","22":"instock","23":"shipping-taxable","24":"purchasable","25":"product-type-simple"},"acf":[],"yoast_head":"<!-- This site is optimized with the Yoast SEO Premium plugin v27.5 (Yoast SEO v27.5) - https:\/\/yoast.com\/product\/yoast-seo-premium-wordpress\/ -->\n<title>Wool Stuffing Sample \u2013 All-Natural, Unbleached, Undyed | Home of Wool<\/title>\n<meta name=\"description\" content=\"Pure and natural, the Wool Stuffing Sample lets you feel unbleached, undyed wool before use. Breathable, hypoallergenic, and chemical-free, it\u2019s ideal for crafting, DIY, and safe projects.\" \/>\n<meta name=\"robots\" content=\"index, follow, max-snippet:-1, max-image-preview:large, max-video-preview:-1\" \/>\n<link rel=\"canonical\" href=\"https:\/\/homeofwool.com\/sv\/butik\/ullprover\/\" \/>\n<meta property=\"og:locale\" content=\"sv_SE\" \/>\n<meta property=\"og:type\" content=\"article\" \/>\n<meta property=\"og:title\" content=\"Wool Samples\" \/>\n<meta property=\"og:description\" content=\"Pure and natural, the Wool Stuffing Sample lets you feel unbleached, undyed wool before use. Breathable, hypoallergenic, and chemical-free, it\u2019s ideal for crafting, DIY, and safe projects.\" \/>\n<meta property=\"og:url\" content=\"https:\/\/homeofwool.com\/sv\/butik\/ullprover\/\" \/>\n<meta property=\"og:site_name\" content=\"Home of Wool\" \/>\n<meta property=\"article:publisher\" content=\"https:\/\/facebook.com\/HomeOfWoolOfficial\" \/>\n<meta property=\"article:modified_time\" content=\"2026-02-09T13:06:03+00:00\" \/>\n<meta property=\"og:image\" content=\"https:\/\/homeofwool.com\/wp-content\/uploads\/2025\/09\/home-of-wool-wool-samples-1-main-en.jpg\" \/>\n\t<meta property=\"og:image:width\" content=\"1520\" \/>\n\t<meta property=\"og:image:height\" content=\"1900\" \/>\n\t<meta property=\"og:image:type\" content=\"image\/jpeg\" \/>\n<meta name=\"twitter:card\" content=\"summary_large_image\" \/>\n<meta name=\"twitter:label1\" content=\"Ber\u00e4knad l\u00e4stid\" \/>\n\t<meta name=\"twitter:data1\" content=\"1 minut\" \/>\n<script type=\"application\/ld+json\" class=\"yoast-schema-graph\">{\"@context\":\"https:\\\/\\\/schema.org\",\"@graph\":[{\"@type\":\"WebPage\",\"@id\":\"https:\\\/\\\/homeofwool.com\\\/de\\\/shop\\\/wollproben\\\/\",\"url\":\"https:\\\/\\\/homeofwool.com\\\/de\\\/shop\\\/wollproben\\\/\",\"name\":\"Wool Stuffing Sample \u2013 All-Natural, Unbleached, Undyed | Home of Wool\",\"isPartOf\":{\"@id\":\"https:\\\/\\\/homeofwool.com\\\/#website\"},\"primaryImageOfPage\":{\"@id\":\"https:\\\/\\\/homeofwool.com\\\/de\\\/shop\\\/wollproben\\\/#primaryimage\"},\"image\":{\"@id\":\"https:\\\/\\\/homeofwool.com\\\/de\\\/shop\\\/wollproben\\\/#primaryimage\"},\"thumbnailUrl\":\"https:\\\/\\\/homeofwool.com\\\/wp-content\\\/uploads\\\/2025\\\/09\\\/home-of-wool-wool-samples-1-main-en.jpg\",\"datePublished\":\"2025-09-02T12:00:50+00:00\",\"dateModified\":\"2026-02-09T13:06:03+00:00\",\"description\":\"Pure and natural, the Wool Stuffing Sample lets you feel unbleached, undyed wool before use. Breathable, hypoallergenic, and chemical-free, it\u2019s ideal for crafting, DIY, and safe projects.\",\"breadcrumb\":{\"@id\":\"https:\\\/\\\/homeofwool.com\\\/de\\\/shop\\\/wollproben\\\/#breadcrumb\"},\"inLanguage\":\"sv-SE\",\"potentialAction\":[{\"@type\":\"ReadAction\",\"target\":[\"https:\\\/\\\/homeofwool.com\\\/de\\\/shop\\\/wollproben\\\/\"]}]},{\"@type\":\"ImageObject\",\"inLanguage\":\"sv-SE\",\"@id\":\"https:\\\/\\\/homeofwool.com\\\/de\\\/shop\\\/wollproben\\\/#primaryimage\",\"url\":\"https:\\\/\\\/homeofwool.com\\\/wp-content\\\/uploads\\\/2025\\\/09\\\/home-of-wool-wool-samples-1-main-en.jpg\",\"contentUrl\":\"https:\\\/\\\/homeofwool.com\\\/wp-content\\\/uploads\\\/2025\\\/09\\\/home-of-wool-wool-samples-1-main-en.jpg\",\"width\":1520,\"height\":1900,\"caption\":\"handful of wool on a branded cardboard piece tied with jude twine\"},{\"@type\":\"BreadcrumbList\",\"@id\":\"https:\\\/\\\/homeofwool.com\\\/de\\\/shop\\\/wollproben\\\/#breadcrumb\",\"itemListElement\":[{\"@type\":\"ListItem\",\"position\":1,\"name\":\"Home\",\"item\":\"https:\\\/\\\/homeofwool.com\\\/\"},{\"@type\":\"ListItem\",\"position\":2,\"name\":\"Products\",\"item\":\"https:\\\/\\\/homeofwool.com\\\/header-search-2\\\/\"},{\"@type\":\"ListItem\",\"position\":3,\"name\":\"Wool Samples\"}]},{\"@type\":\"WebSite\",\"@id\":\"https:\\\/\\\/homeofwool.com\\\/#website\",\"url\":\"https:\\\/\\\/homeofwool.com\\\/\",\"name\":\"Home of Wool\",\"description\":\"\",\"publisher\":{\"@id\":\"https:\\\/\\\/homeofwool.com\\\/#organization\"},\"potentialAction\":[{\"@type\":\"SearchAction\",\"target\":{\"@type\":\"EntryPoint\",\"urlTemplate\":\"https:\\\/\\\/homeofwool.com\\\/?s={search_term_string}\"},\"query-input\":{\"@type\":\"PropertyValueSpecification\",\"valueRequired\":true,\"valueName\":\"search_term_string\"}}],\"inLanguage\":\"sv-SE\"},{\"@type\":\"Organization\",\"@id\":\"https:\\\/\\\/homeofwool.com\\\/#organization\",\"name\":\"Home of Wool\",\"url\":\"https:\\\/\\\/homeofwool.com\\\/\",\"logo\":{\"@type\":\"ImageObject\",\"inLanguage\":\"sv-SE\",\"@id\":\"https:\\\/\\\/homeofwool.com\\\/#\\\/schema\\\/logo\\\/image\\\/\",\"url\":\"https:\\\/\\\/homeofwool.com\\\/wp-content\\\/uploads\\\/2025\\\/09\\\/WhatsApp-Image-2025-12-02-at-16.23.20.jpeg\",\"contentUrl\":\"https:\\\/\\\/homeofwool.com\\\/wp-content\\\/uploads\\\/2025\\\/09\\\/WhatsApp-Image-2025-12-02-at-16.23.20.jpeg\",\"width\":700,\"height\":247,\"caption\":\"Home of Wool\"},\"image\":{\"@id\":\"https:\\\/\\\/homeofwool.com\\\/#\\\/schema\\\/logo\\\/image\\\/\"},\"sameAs\":[\"https:\\\/\\\/facebook.com\\\/HomeOfWoolOfficial\"]}]}<\/script>\n<!-- \/ Yoast SEO Premium plugin. -->","yoast_head_json":{"title":"Ullfyllnadsprov \u2013 helt naturligt, oblekt, of\u00e4rgat | Home of Wool","description":"Ren och naturlig, med ullfyllningsprovet kan du k\u00e4nna p\u00e5 oblekta, of\u00e4rgade ull innan du anv\u00e4nder den. Andningsbar, allergiv\u00e4nlig och kemikaliefri, perfekt f\u00f6r hantverk, DIY och s\u00e4kra projekt.","robots":{"index":"index","follow":"follow","max-snippet":"max-snippet:-1","max-image-preview":"max-image-preview:large","max-video-preview":"max-video-preview:-1"},"canonical":"https:\/\/homeofwool.com\/sv\/butik\/ullprover\/","og_locale":"sv_SE","og_type":"article","og_title":"Wool Samples","og_description":"Pure and natural, the Wool Stuffing Sample lets you feel unbleached, undyed wool before use. Breathable, hypoallergenic, and chemical-free, it\u2019s ideal for crafting, DIY, and safe projects.","og_url":"https:\/\/homeofwool.com\/sv\/butik\/ullprover\/","og_site_name":"Home of Wool","article_publisher":"https:\/\/facebook.com\/HomeOfWoolOfficial","article_modified_time":"2026-02-09T13:06:03+00:00","og_image":[{"width":1520,"height":1900,"url":"https:\/\/homeofwool.com\/wp-content\/uploads\/2025\/09\/home-of-wool-wool-samples-1-main-en.jpg","type":"image\/jpeg"}],"twitter_card":"summary_large_image","twitter_misc":{"Ber\u00e4knad l\u00e4stid":"1 minut"},"schema":{"@context":"https:\/\/schema.org","@graph":[{"@type":"WebPage","@id":"https:\/\/homeofwool.com\/de\/shop\/wollproben\/","url":"https:\/\/homeofwool.com\/de\/shop\/wollproben\/","name":"Ullfyllnadsprov \u2013 helt naturligt, oblekt, of\u00e4rgat | Home of Wool","isPartOf":{"@id":"https:\/\/homeofwool.com\/#website"},"primaryImageOfPage":{"@id":"https:\/\/homeofwool.com\/de\/shop\/wollproben\/#primaryimage"},"image":{"@id":"https:\/\/homeofwool.com\/de\/shop\/wollproben\/#primaryimage"},"thumbnailUrl":"https:\/\/homeofwool.com\/wp-content\/uploads\/2025\/09\/home-of-wool-wool-samples-1-main-en.jpg","datePublished":"2025-09-02T12:00:50+00:00","dateModified":"2026-02-09T13:06:03+00:00","description":"Ren och naturlig, med ullfyllningsprovet kan du k\u00e4nna p\u00e5 oblekta, of\u00e4rgade ull innan du anv\u00e4nder den. Andningsbar, allergiv\u00e4nlig och kemikaliefri, perfekt f\u00f6r hantverk, DIY och s\u00e4kra projekt.","breadcrumb":{"@id":"https:\/\/homeofwool.com\/de\/shop\/wollproben\/#breadcrumb"},"inLanguage":"sv-SE","potentialAction":[{"@type":"ReadAction","target":["https:\/\/homeofwool.com\/de\/shop\/wollproben\/"]}]},{"@type":"ImageObject","inLanguage":"sv-SE","@id":"https:\/\/homeofwool.com\/de\/shop\/wollproben\/#primaryimage","url":"https:\/\/homeofwool.com\/wp-content\/uploads\/2025\/09\/home-of-wool-wool-samples-1-main-en.jpg","contentUrl":"https:\/\/homeofwool.com\/wp-content\/uploads\/2025\/09\/home-of-wool-wool-samples-1-main-en.jpg","width":1520,"height":1900,"caption":"handful of wool on a branded cardboard piece tied with jude twine"},{"@type":"BreadcrumbList","@id":"https:\/\/homeofwool.com\/de\/shop\/wollproben\/#breadcrumb","itemListElement":[{"@type":"ListItem","position":1,"name":"Home","item":"https:\/\/homeofwool.com\/"},{"@type":"ListItem","position":2,"name":"Products","item":"https:\/\/homeofwool.com\/header-search-2\/"},{"@type":"ListItem","position":3,"name":"Wool Samples"}]},{"@type":"WebSite","@id":"https:\/\/homeofwool.com\/#website","url":"https:\/\/homeofwool.com\/","name":"Hem f\u00f6r ull","description":"","publisher":{"@id":"https:\/\/homeofwool.com\/#organization"},"potentialAction":[{"@type":"SearchAction","target":{"@type":"EntryPoint","urlTemplate":"https:\/\/homeofwool.com\/?s={search_term_string}"},"query-input":{"@type":"PropertyValueSpecification","valueRequired":true,"valueName":"search_term_string"}}],"inLanguage":"sv-SE"},{"@type":"Organization","@id":"https:\/\/homeofwool.com\/#organization","name":"Hem f\u00f6r ull","url":"https:\/\/homeofwool.com\/","logo":{"@type":"ImageObject","inLanguage":"sv-SE","@id":"https:\/\/homeofwool.com\/#\/schema\/logo\/image\/","url":"https:\/\/homeofwool.com\/wp-content\/uploads\/2025\/09\/WhatsApp-Image-2025-12-02-at-16.23.20.jpeg","contentUrl":"https:\/\/homeofwool.com\/wp-content\/uploads\/2025\/09\/WhatsApp-Image-2025-12-02-at-16.23.20.jpeg","width":700,"height":247,"caption":"Home of Wool"},"image":{"@id":"https:\/\/homeofwool.com\/#\/schema\/logo\/image\/"},"sameAs":["https:\/\/facebook.com\/HomeOfWoolOfficial"]}]}},"_links":{"self":[{"href":"https:\/\/homeofwool.com\/sv\/wp-json\/wp\/v2\/product\/217501","targetHints":{"allow":["GET"]}}],"collection":[{"href":"https:\/\/homeofwool.com\/sv\/wp-json\/wp\/v2\/product"}],"about":[{"href":"https:\/\/homeofwool.com\/sv\/wp-json\/wp\/v2\/types\/product"}],"version-history":[{"count":1,"href":"https:\/\/homeofwool.com\/sv\/wp-json\/wp\/v2\/product\/217501\/revisions"}],"predecessor-version":[{"id":227507,"href":"https:\/\/homeofwool.com\/sv\/wp-json\/wp\/v2\/product\/217501\/revisions\/227507"}],"wp:featuredmedia":[{"embeddable":true,"href":"https:\/\/homeofwool.com\/sv\/wp-json\/wp\/v2\/media\/219184"}],"wp:attachment":[{"href":"https:\/\/homeofwool.com\/sv\/wp-json\/wp\/v2\/media?parent=217501"}],"wp:term":[{"taxonomy":"product_brand","embeddable":true,"href":"https:\/\/homeofwool.com\/sv\/wp-json\/wp\/v2\/product_brand?post=217501"},{"taxonomy":"product_cat","embeddable":true,"href":"https:\/\/homeofwool.com\/sv\/wp-json\/wp\/v2\/product_cat?post=217501"},{"taxonomy":"product_tag","embeddable":true,"href":"https:\/\/homeofwool.com\/sv\/wp-json\/wp\/v2\/product_tag?post=217501"}],"curies":[{"name":"wp","href":"https:\/\/api.w.org\/{rel}","templated":true}]}}