{"id":220073,"date":"2025-09-27T08:35:33","date_gmt":"2025-09-27T08:35:33","guid":{"rendered":"https:\/\/homeofwool.com\/our-mission\/"},"modified":"2025-11-28T10:00:59","modified_gmt":"2025-11-28T10:00:59","slug":"vart-uppdrag","status":"publish","type":"page","link":"https:\/\/homeofwool.com\/sv\/our-mission\/","title":{"rendered":"V\u00e5rt uppdrag"},"content":{"rendered":"<div data-elementor-type=\"wp-page\" data-elementor-id=\"220073\" class=\"elementor elementor-220073\" data-elementor-post-type=\"page\">\n\t\t\t\t<div class=\"elementor-element elementor-element-001a216 page_content e-flex e-con-boxed e-con e-parent\" data-id=\"001a216\" data-element_type=\"container\" data-e-type=\"container\">\n\t\t\t\t\t<div class=\"e-con-inner\">\n\t\t\t\t<div class=\"elementor-element elementor-element-a47db14 elementor-widget elementor-widget-heading\" data-id=\"a47db14\" data-element_type=\"widget\" data-e-type=\"widget\" data-widget_type=\"heading.default\">\n\t\t\t\t\t<h1 class=\"elementor-heading-title elementor-size-default\">V\u00e5rt uppdrag\n<\/h1>\t\t\t\t<\/div>\n\t\t\t\t<div class=\"elementor-element elementor-element-f22df8f elementor-widget elementor-widget-text-editor\" data-id=\"f22df8f\" data-element_type=\"widget\" data-e-type=\"widget\" data-widget_type=\"text-editor.default\">\n\t\t\t\t\t\t\t\t\t<p>P\u00e5 Home of Wool \u00e4r vi dedikerade till att tillverka skr\u00e4ddarsydda, rena ekologiska madrasser, s\u00e4ngkl\u00e4der, barnprodukter och inredningstextilier som omdefinierar begreppet komfort och v\u00e4lbefinnande i ditt hem.<\/p><p>Du f\u00f6rtj\u00e4nar att sova gott, vakna upp utvilad och bo i ett h\u00e4lsosamt hem. Vi anser att din h\u00e4lsa aldrig ska \u00e4ventyras p\u00e5 grund av de skadliga effekterna av giftiga syntetiska \u00e4mnen och kemikalier som finns i vanliga s\u00e4ngkl\u00e4der och m\u00f6bler.<\/p><p>K\u00e4rnan i v\u00e5r verksamhet \u00e4r tanken att naturen ger oss allt vi beh\u00f6ver f\u00f6r att skapa en o\u00f6vertr\u00e4ffad komfort som \u00f6vertr\u00e4ffar alla syntetiska alternativ. V\u00e5ra produkter \u00e4r lyxiga, helt naturliga och omsorgsfullt handgjorda. De \u00e4r skapade f\u00f6r att skapa h\u00e4lsosamma hem d\u00e4r du och din familj kan njuta av de o\u00e4ndliga f\u00f6rdelarna med ren ull, linne, siden och ekologisk bomull.<\/p><p>Vi tillverkar endast produkter som \u00e4r fria fr\u00e5n syntetiska \u00e4mnen, kemikalier och gifter. Vi anv\u00e4nder rena, naturliga material som ekologisk bomull, ull, linne och siden, som fr\u00e4mjar en h\u00e4lsosam milj\u00f6 f\u00f6r boende, s\u00f6mn och rekreation. Du kan k\u00e4nna dig trygg i vetskapen om att du har valt det h\u00e4lsosammaste alternativet f\u00f6r dig och dina n\u00e4ra och k\u00e4ra!<\/p><p>Vi skr\u00e4ddarsyr allt efter dig, ditt utrymme och dina behov. Alla \u00e4r olika, d\u00e4rf\u00f6r tar vi oss tid att f\u00f6rst\u00e5 dina behov och preferenser och arbetar tillsammans med dig f\u00f6r att skapa en skr\u00e4ddarsydd l\u00f6sning som passar dig perfekt.<\/p><p>Vi \u00e4r ett familje\u00e4gt f\u00f6retag som brinner f\u00f6r att erbjuda dig de b\u00e4sta m\u00f6jliga produkterna och upplevelserna. Vi str\u00e4var efter 100% kundn\u00f6jdhet och arbetar st\u00e4ndigt med innovation och letar efter nya s\u00e4tt att f\u00f6rb\u00e4ttra v\u00e5ra produkter.<\/p><p>V\u00e5ra produkter tillverkas p\u00e5 ett h\u00e5llbart s\u00e4tt, med minimal p\u00e5verkan p\u00e5 milj\u00f6n fr\u00e5n b\u00f6rjan till slut, eftersom de odlas p\u00e5 ett h\u00e5llbart s\u00e4tt och \u00e4r helt biologiskt nedbrytbara. De \u00e4r utformade f\u00f6r att vara l\u00e4tta att laga och reparera. Med varje k\u00f6p kan du vara trygg i vetskapen om att du bidrar positivt till milj\u00f6n och f\u00e5r en milj\u00f6v\u00e4nlig produkt som \u00e4r gjord f\u00f6r att h\u00e5lla hela livet.<\/p><p>Vi v\u00e4rdes\u00e4tter att ge tillbaka till samh\u00e4llet och st\u00f6der flera v\u00e4lg\u00f6renhetsorganisationer.<\/p><p>Vi \u00e4r \u00f6vertygade om att v\u00e5ra produkter kan hj\u00e4lpa dig att sova b\u00e4ttre, leva h\u00e4lsosammare och skapa ett bekv\u00e4mare hem. Vi inbjuder dig att delta i v\u00e5r mission genom att ta ett steg mot att f\u00f6r\u00e4ndra din s\u00f6mn och ditt hem!<\/p>\t\t\t\t\t\t\t\t<\/div>\n\t\t\t\t\t<\/div>\n\t\t\t\t<\/div>\n\t\t\t\t<\/div>","protected":false},"excerpt":{"rendered":"<p>Our Mission At Home of Wool, we are dedicated to crafting custom pure organic mattresses, bedding, kids, and d\u00e9cor textile pieces that redefine the concept of comfort and well-being within your home. You deserve to sleep soundly, wake up feeling refreshed, and live in a healthy home. We believe that your health should never be [&hellip;]<\/p>\n","protected":false},"author":1,"featured_media":0,"parent":0,"menu_order":0,"comment_status":"closed","ping_status":"closed","template":"elementor_header_footer","meta":{"_acf_changed":false,"footnotes":""},"class_list":["post-220073","page","type-page","status-publish","hentry"],"acf":[],"yoast_head":"<!-- This site is optimized with the Yoast SEO Premium plugin v27.3 (Yoast SEO v27.3) - https:\/\/yoast.com\/product\/yoast-seo-premium-wordpress\/ -->\n<title>Our Mission \u2013 Natural, Ethical, Zero-Waste Wool Living | Home of Wool<\/title>\n<meta name=\"description\" content=\"Learn about our mission to create healthier homes with all-natural, toxin-free wool products. We craft responsibly, reduce waste, and design lasting pieces that honour people, animals, and the planet.\" \/>\n<meta name=\"robots\" content=\"index, follow, max-snippet:-1, max-image-preview:large, max-video-preview:-1\" \/>\n<link rel=\"canonical\" href=\"https:\/\/homeofwool.com\/sv\/vart-uppdrag\/\" \/>\n<meta property=\"og:locale\" content=\"sv_SE\" \/>\n<meta property=\"og:type\" content=\"article\" \/>\n<meta property=\"og:title\" content=\"Our Mission\" \/>\n<meta property=\"og:description\" content=\"Learn about our mission to create healthier homes with all-natural, toxin-free wool products. We craft responsibly, reduce waste, and design lasting pieces that honour people, animals, and the planet.\" \/>\n<meta property=\"og:url\" content=\"https:\/\/homeofwool.com\/sv\/vart-uppdrag\/\" \/>\n<meta property=\"og:site_name\" content=\"Home of Wool\" \/>\n<meta property=\"article:publisher\" content=\"https:\/\/facebook.com\/HomeOfWoolOfficial\" \/>\n<meta property=\"article:modified_time\" content=\"2025-11-28T10:00:59+00:00\" \/>\n<meta name=\"twitter:card\" content=\"summary_large_image\" \/>\n<meta name=\"twitter:label1\" content=\"Ber\u00e4knad l\u00e4stid\" \/>\n\t<meta name=\"twitter:data1\" content=\"2 minuter\" \/>\n<script type=\"application\/ld+json\" class=\"yoast-schema-graph\">{\"@context\":\"https:\\\/\\\/schema.org\",\"@graph\":[{\"@type\":\"WebPage\",\"@id\":\"https:\\\/\\\/homeofwool.com\\\/our-mission\\\/\",\"url\":\"https:\\\/\\\/homeofwool.com\\\/our-mission\\\/\",\"name\":\"Our Mission \u2013 Natural, Ethical, Zero-Waste Wool Living | Home of Wool\",\"isPartOf\":{\"@id\":\"https:\\\/\\\/homeofwool.com\\\/#website\"},\"datePublished\":\"2025-09-27T08:35:33+00:00\",\"dateModified\":\"2025-11-28T10:00:59+00:00\",\"description\":\"Learn about our mission to create healthier homes with all-natural, toxin-free wool products. We craft responsibly, reduce waste, and design lasting pieces that honour people, animals, and the planet.\",\"breadcrumb\":{\"@id\":\"https:\\\/\\\/homeofwool.com\\\/our-mission\\\/#breadcrumb\"},\"inLanguage\":\"sv-SE\",\"potentialAction\":[{\"@type\":\"ReadAction\",\"target\":[\"https:\\\/\\\/homeofwool.com\\\/our-mission\\\/\"]}]},{\"@type\":\"BreadcrumbList\",\"@id\":\"https:\\\/\\\/homeofwool.com\\\/our-mission\\\/#breadcrumb\",\"itemListElement\":[{\"@type\":\"ListItem\",\"position\":1,\"name\":\"Home\",\"item\":\"https:\\\/\\\/homeofwool.com\\\/\"},{\"@type\":\"ListItem\",\"position\":2,\"name\":\"Our Mission\"}]},{\"@type\":\"WebSite\",\"@id\":\"https:\\\/\\\/homeofwool.com\\\/#website\",\"url\":\"https:\\\/\\\/homeofwool.com\\\/\",\"name\":\"Home of Wool\",\"description\":\"\",\"publisher\":{\"@id\":\"https:\\\/\\\/homeofwool.com\\\/#organization\"},\"potentialAction\":[{\"@type\":\"SearchAction\",\"target\":{\"@type\":\"EntryPoint\",\"urlTemplate\":\"https:\\\/\\\/homeofwool.com\\\/?s={search_term_string}\"},\"query-input\":{\"@type\":\"PropertyValueSpecification\",\"valueRequired\":true,\"valueName\":\"search_term_string\"}}],\"inLanguage\":\"sv-SE\"},{\"@type\":\"Organization\",\"@id\":\"https:\\\/\\\/homeofwool.com\\\/#organization\",\"name\":\"Home of Wool\",\"url\":\"https:\\\/\\\/homeofwool.com\\\/\",\"logo\":{\"@type\":\"ImageObject\",\"inLanguage\":\"sv-SE\",\"@id\":\"https:\\\/\\\/homeofwool.com\\\/#\\\/schema\\\/logo\\\/image\\\/\",\"url\":\"https:\\\/\\\/homeofwool.com\\\/wp-content\\\/uploads\\\/2025\\\/09\\\/WhatsApp-Image-2025-12-02-at-16.23.20.jpeg\",\"contentUrl\":\"https:\\\/\\\/homeofwool.com\\\/wp-content\\\/uploads\\\/2025\\\/09\\\/WhatsApp-Image-2025-12-02-at-16.23.20.jpeg\",\"width\":700,\"height\":247,\"caption\":\"Home of Wool\"},\"image\":{\"@id\":\"https:\\\/\\\/homeofwool.com\\\/#\\\/schema\\\/logo\\\/image\\\/\"},\"sameAs\":[\"https:\\\/\\\/facebook.com\\\/HomeOfWoolOfficial\"]}]}<\/script>\n<!-- \/ Yoast SEO Premium plugin. -->","yoast_head_json":{"title":"V\u00e5r mission \u2013 Naturligt, etiskt, avfallsfritt liv med ull | Home of Wool","description":"L\u00e4s mer om v\u00e5rt uppdrag att skapa h\u00e4lsosammare hem med helt naturliga, giftfria ullprodukter. Vi tillverkar p\u00e5 ett ansvarsfullt s\u00e4tt, minskar avfallet och designar h\u00e5llbara produkter som respekterar m\u00e4nniskor, djur och milj\u00f6n.","robots":{"index":"index","follow":"follow","max-snippet":"max-snippet:-1","max-image-preview":"max-image-preview:large","max-video-preview":"max-video-preview:-1"},"canonical":"https:\/\/homeofwool.com\/sv\/vart-uppdrag\/","og_locale":"sv_SE","og_type":"article","og_title":"Our Mission","og_description":"Learn about our mission to create healthier homes with all-natural, toxin-free wool products. We craft responsibly, reduce waste, and design lasting pieces that honour people, animals, and the planet.","og_url":"https:\/\/homeofwool.com\/sv\/vart-uppdrag\/","og_site_name":"Home of Wool","article_publisher":"https:\/\/facebook.com\/HomeOfWoolOfficial","article_modified_time":"2025-11-28T10:00:59+00:00","twitter_card":"summary_large_image","twitter_misc":{"Ber\u00e4knad l\u00e4stid":"2 minuter"},"schema":{"@context":"https:\/\/schema.org","@graph":[{"@type":"WebPage","@id":"https:\/\/homeofwool.com\/our-mission\/","url":"https:\/\/homeofwool.com\/our-mission\/","name":"V\u00e5r mission \u2013 Naturligt, etiskt, avfallsfritt liv med ull | Home of Wool","isPartOf":{"@id":"https:\/\/homeofwool.com\/#website"},"datePublished":"2025-09-27T08:35:33+00:00","dateModified":"2025-11-28T10:00:59+00:00","description":"L\u00e4s mer om v\u00e5rt uppdrag att skapa h\u00e4lsosammare hem med helt naturliga, giftfria ullprodukter. Vi tillverkar p\u00e5 ett ansvarsfullt s\u00e4tt, minskar avfallet och designar h\u00e5llbara produkter som respekterar m\u00e4nniskor, djur och milj\u00f6n.","breadcrumb":{"@id":"https:\/\/homeofwool.com\/our-mission\/#breadcrumb"},"inLanguage":"sv-SE","potentialAction":[{"@type":"ReadAction","target":["https:\/\/homeofwool.com\/our-mission\/"]}]},{"@type":"BreadcrumbList","@id":"https:\/\/homeofwool.com\/our-mission\/#breadcrumb","itemListElement":[{"@type":"ListItem","position":1,"name":"Home","item":"https:\/\/homeofwool.com\/"},{"@type":"ListItem","position":2,"name":"Our Mission"}]},{"@type":"WebSite","@id":"https:\/\/homeofwool.com\/#website","url":"https:\/\/homeofwool.com\/","name":"Hem f\u00f6r ull","description":"","publisher":{"@id":"https:\/\/homeofwool.com\/#organization"},"potentialAction":[{"@type":"SearchAction","target":{"@type":"EntryPoint","urlTemplate":"https:\/\/homeofwool.com\/?s={search_term_string}"},"query-input":{"@type":"PropertyValueSpecification","valueRequired":true,"valueName":"search_term_string"}}],"inLanguage":"sv-SE"},{"@type":"Organization","@id":"https:\/\/homeofwool.com\/#organization","name":"Hem f\u00f6r ull","url":"https:\/\/homeofwool.com\/","logo":{"@type":"ImageObject","inLanguage":"sv-SE","@id":"https:\/\/homeofwool.com\/#\/schema\/logo\/image\/","url":"https:\/\/homeofwool.com\/wp-content\/uploads\/2025\/09\/WhatsApp-Image-2025-12-02-at-16.23.20.jpeg","contentUrl":"https:\/\/homeofwool.com\/wp-content\/uploads\/2025\/09\/WhatsApp-Image-2025-12-02-at-16.23.20.jpeg","width":700,"height":247,"caption":"Home of Wool"},"image":{"@id":"https:\/\/homeofwool.com\/#\/schema\/logo\/image\/"},"sameAs":["https:\/\/facebook.com\/HomeOfWoolOfficial"]}]}},"_links":{"self":[{"href":"https:\/\/homeofwool.com\/sv\/wp-json\/wp\/v2\/pages\/220073","targetHints":{"allow":["GET"]}}],"collection":[{"href":"https:\/\/homeofwool.com\/sv\/wp-json\/wp\/v2\/pages"}],"about":[{"href":"https:\/\/homeofwool.com\/sv\/wp-json\/wp\/v2\/types\/page"}],"author":[{"embeddable":true,"href":"https:\/\/homeofwool.com\/sv\/wp-json\/wp\/v2\/users\/1"}],"replies":[{"embeddable":true,"href":"https:\/\/homeofwool.com\/sv\/wp-json\/wp\/v2\/comments?post=220073"}],"version-history":[{"count":0,"href":"https:\/\/homeofwool.com\/sv\/wp-json\/wp\/v2\/pages\/220073\/revisions"}],"wp:attachment":[{"href":"https:\/\/homeofwool.com\/sv\/wp-json\/wp\/v2\/media?parent=220073"}],"curies":[{"name":"wp","href":"https:\/\/api.w.org\/{rel}","templated":true}]}}