{"id":220010,"date":"2025-09-27T08:34:26","date_gmt":"2025-09-27T08:34:26","guid":{"rendered":"https:\/\/homeofwool.com\/certifications\/"},"modified":"2026-04-29T08:53:53","modified_gmt":"2026-04-29T08:53:53","slug":"certifieringar","status":"publish","type":"page","link":"https:\/\/homeofwool.com\/sv\/certifications\/","title":{"rendered":"Certifieringar"},"content":{"rendered":"<div data-elementor-type=\"wp-page\" data-elementor-id=\"220010\" class=\"elementor elementor-220010\" data-elementor-post-type=\"page\">\n\t\t\t\t<div class=\"elementor-element elementor-element-197bf27 page_content e-flex e-con-boxed e-con e-parent\" data-id=\"197bf27\" data-element_type=\"container\" data-e-type=\"container\">\n\t\t\t\t\t<div class=\"e-con-inner\">\n\t\t<div class=\"elementor-element elementor-element-47cfffe e-con-full e-flex e-con e-child\" data-id=\"47cfffe\" data-element_type=\"container\" data-e-type=\"container\">\n\t\t\t\t<div class=\"elementor-element elementor-element-3ff1eb8 elementor-widget elementor-widget-heading\" data-id=\"3ff1eb8\" data-element_type=\"widget\" data-e-type=\"widget\" data-widget_type=\"heading.default\">\n\t\t\t\t\t<h1 class=\"elementor-heading-title elementor-size-default\">Certifieringar<\/h1>\t\t\t\t<\/div>\n\t\t\t\t<div class=\"elementor-element elementor-element-06e1019 elementor-widget elementor-widget-image\" data-id=\"06e1019\" data-element_type=\"widget\" data-e-type=\"widget\" data-widget_type=\"image.default\">\n\t\t\t\t\t\t\t\t\t\t\t\t\t\t\t<img fetchpriority=\"high\" decoding=\"async\" width=\"1300\" height=\"639\" src=\"https:\/\/homeofwool.com\/wp-content\/uploads\/2025\/09\/Home-of-Wool-fabrics-and-wool-certifications.jpg\" class=\"attachment-full size-full wp-image-220011\" alt=\"\" srcset=\"https:\/\/homeofwool.com\/wp-content\/uploads\/2025\/09\/Home-of-Wool-fabrics-and-wool-certifications.jpg 1300w, https:\/\/homeofwool.com\/wp-content\/uploads\/2025\/09\/Home-of-Wool-fabrics-and-wool-certifications-400x197.jpg 400w, https:\/\/homeofwool.com\/wp-content\/uploads\/2025\/09\/Home-of-Wool-fabrics-and-wool-certifications-150x74.jpg 150w, https:\/\/homeofwool.com\/wp-content\/uploads\/2025\/09\/Home-of-Wool-fabrics-and-wool-certifications-1024x503.jpg 1024w, https:\/\/homeofwool.com\/wp-content\/uploads\/2025\/09\/Home-of-Wool-fabrics-and-wool-certifications-300x147.jpg 300w, https:\/\/homeofwool.com\/wp-content\/uploads\/2025\/09\/Home-of-Wool-fabrics-and-wool-certifications-768x378.jpg 768w, https:\/\/homeofwool.com\/wp-content\/uploads\/2025\/09\/Home-of-Wool-fabrics-and-wool-certifications-18x9.jpg 18w, https:\/\/homeofwool.com\/wp-content\/uploads\/2025\/09\/Home-of-Wool-fabrics-and-wool-certifications-990x487.jpg 990w, https:\/\/homeofwool.com\/wp-content\/uploads\/2025\/09\/Home-of-Wool-fabrics-and-wool-certifications-441x217.jpg 441w\" sizes=\"(max-width: 1300px) 100vw, 1300px\" \/>\t\t\t\t\t\t\t\t\t\t\t\t\t\t\t<\/div>\n\t\t\t\t<div class=\"elementor-element elementor-element-077d1f9 elementor-position-right elementor-vertical-align-middle elementor-widget elementor-widget-image-box\" data-id=\"077d1f9\" data-element_type=\"widget\" data-e-type=\"widget\" data-widget_type=\"image-box.default\">\n\t\t\t\t\t<div class=\"elementor-image-box-wrapper\"><figure class=\"elementor-image-box-img\"><img decoding=\"async\" width=\"265\" height=\"265\" src=\"https:\/\/homeofwool.com\/wp-content\/uploads\/2025\/09\/GOTS-Global-Organic-Textile-Standard-logo.jpg\" class=\"attachment-full size-full wp-image-220012\" alt=\"\" srcset=\"https:\/\/homeofwool.com\/wp-content\/uploads\/2025\/09\/GOTS-Global-Organic-Textile-Standard-logo.jpg 265w, https:\/\/homeofwool.com\/wp-content\/uploads\/2025\/09\/GOTS-Global-Organic-Textile-Standard-logo-150x150.jpg 150w, https:\/\/homeofwool.com\/wp-content\/uploads\/2025\/09\/GOTS-Global-Organic-Textile-Standard-logo-12x12.jpg 12w, https:\/\/homeofwool.com\/wp-content\/uploads\/2025\/09\/GOTS-Global-Organic-Textile-Standard-logo-100x100.jpg 100w\" sizes=\"(max-width: 265px) 100vw, 265px\" \/><\/figure><div class=\"elementor-image-box-content\"><h2 class=\"elementor-image-box-title\">GLOBALA STANDARDER F\u00d6R EKOLOGISKA TEXTILIER 100<\/h2><p class=\"elementor-image-box-description\">GOTS garanterar att slutprodukten \u00e4r helt fri fr\u00e5n giftiga kemikalier som \u00e4r skadliga f\u00f6r m\u00e4nniskors h\u00e4lsa. Alla GOTS-textilier testas f\u00f6r upp till 100 farliga \u00e4mnen och verifieras och certifieras av en oberoende tredje part. Textilierna \u00e4r l\u00e4mpliga f\u00f6r vuxna, barn och sp\u00e4dbarn och \u00e4r \u00e4ven s\u00e4kra f\u00f6r personer med kemisk k\u00e4nslighet, inklusive MSC.<\/p><\/div><\/div>\t\t\t\t<\/div>\n\t\t\t\t\t\t\t\t<p class=\"e-1275f53-5b6bee6 e-paragraph-base\" data-interaction-id=\"1275f53\"  data-e-type=\"widget\" data-id=\"1275f53\">\n\t\t\t\t\t\t\t<a\n\t\t\t\t\thref=\"https:\/\/homeofwool.com\/wp-content\/uploads\/2026\/04\/GOTS-SC-024289-0-2026-2027.pdf\" target=\"_self\"\n\t\t\t\t\tclass=\"e-paragraph-link-base\"\n\t\t\t\t>\n\t\t\t\t\t\tSe GOTS-certifiering av v\u00e5ra material\n\t\t\t\t<\/a>\n\t\t\t\t\t<\/p>\n\t\t\t\t<div class=\"elementor-element elementor-element-4787d5e elementor-position-left elementor-vertical-align-top elementor-widget elementor-widget-image-box\" data-id=\"4787d5e\" data-element_type=\"widget\" data-e-type=\"widget\" data-widget_type=\"image-box.default\">\n\t\t\t\t\t<div class=\"elementor-image-box-wrapper\"><figure class=\"elementor-image-box-img\"><img decoding=\"async\" width=\"250\" height=\"250\" src=\"https:\/\/homeofwool.com\/wp-content\/uploads\/2025\/09\/Oeko-Tex-logo-updated.jpg\" class=\"attachment-full size-full wp-image-220013\" alt=\"\" srcset=\"https:\/\/homeofwool.com\/wp-content\/uploads\/2025\/09\/Oeko-Tex-logo-updated.jpg 250w, https:\/\/homeofwool.com\/wp-content\/uploads\/2025\/09\/Oeko-Tex-logo-updated-150x150.jpg 150w, https:\/\/homeofwool.com\/wp-content\/uploads\/2025\/09\/Oeko-Tex-logo-updated-12x12.jpg 12w, https:\/\/homeofwool.com\/wp-content\/uploads\/2025\/09\/Oeko-Tex-logo-updated-100x100.jpg 100w\" sizes=\"(max-width: 250px) 100vw, 250px\" \/><\/figure><div class=\"elementor-image-box-content\"><h2 class=\"elementor-image-box-title\">Oeko-Tex Standard 100<\/h2><p class=\"elementor-image-box-description\">Oeko-Tex \u00e4r en av de \u00e4ldsta och mest p\u00e5litliga standarderna som finns. \u00c4ven om den \u00e4r mindre k\u00e4nd bland kunder utanf\u00f6r Europa kan du vara s\u00e4ker p\u00e5 att en produkt som \u00e4r m\u00e4rkt med denna standard har testats f\u00f6r hundratals kemikalier och skadliga \u00e4mnen. Detta inkluderar \u00e4mnen i den f\u00e4rdiga produkten, men \u00e4ven \u00e4mnen som aktiveras och blir skadliga vid normal anv\u00e4ndning av produkten.\n<br><br>\nDet kr\u00e4ver l\u00e5ga utsl\u00e4pp av flyktiga organiska f\u00f6reningar (VOC) och formaldehyd fr\u00e5n skum, samtidigt som det f\u00f6rbjuder anv\u00e4ndningen av vissa kemiska flamskyddsmedel, f\u00e4rg\u00e4mnen och allergiframkallande f\u00e4rg\u00e4mnen.\n<br><br>\nOeko-Tex Standard 100 inneh\u00e5ller best\u00e4mmelser om f\u00f6rbjudna azof\u00e4rg\u00e4mnen, formaldehyd, nickel etc. H\u00e4lsofarliga kemikalier testas ocks\u00e5 om de \u00e4nnu inte har reglerats i lag. Kraven tar ocks\u00e5 h\u00e4nsyn till textilernas avsedda anv\u00e4ndning. Ju mer intensiv hudkontakt en textilprodukt har, desto str\u00e4ngare \u00e4r gr\u00e4nsv\u00e4rdena f\u00f6r varje produktklass.\n<br><br>\nProduktklass I: Artiklar f\u00f6r sp\u00e4dbarn och sm\u00e5barn<br>\nProduktklass II: Produkter som anv\u00e4nds n\u00e4ra huden<br>\nProduktklass III: Artiklar som anv\u00e4nds p\u00e5 avst\u00e5nd fr\u00e5n huden<br>\nProduktklass IV: Material\n<br><br>\nDetta certifikat utf\u00e4rdas endast av Oeko-Tex sj\u00e4lva, vilket garanterar att ovanst\u00e5ende strikta kriterier uppfylls och ger kunderna f\u00f6rtroende.<\/p><\/div><\/div>\t\t\t\t<\/div>\n\t\t\t\t\t\t\t\t<p class=\"e-c9ee4f9-4a6f060 e-paragraph-base\" data-interaction-id=\"c9ee4f9\"  data-e-type=\"widget\" data-id=\"c9ee4f9\">\n\t\t\t\t\t\t\t<a\n\t\t\t\t\thref=\"https:\/\/homeofwool.com\/wp-content\/uploads\/2026\/04\/Oeko-Tex-for-wool-fabric.pdf\" target=\"_self\"\n\t\t\t\t\tclass=\"e-paragraph-link-base\"\n\t\t\t\t>\n\t\t\t\t\t\tSe OEKO-certifiering av v\u00e5ra material\n\t\t\t\t<\/a>\n\t\t\t\t\t<\/p>\n\t\t\t\t<\/div>\n\t\t\t\t\t<\/div>\n\t\t\t\t<\/div>\n\t\t\t\t<\/div>","protected":false},"excerpt":{"rendered":"<p>Certifications GLOBAL ORGANIC TEXTILE STANDARDS 100 The GOTS guarantees the final product is completely free of toxic chemicals harmful to human health. Tested for up to 100 hazardous substances, all GOTS textiles are verified and certified by an independent third party. Suitable for adults, children, and babies, the textiles are also safe for people with [&hellip;]<\/p>\n","protected":false},"author":1,"featured_media":0,"parent":0,"menu_order":0,"comment_status":"closed","ping_status":"closed","template":"elementor_header_footer","meta":{"_acf_changed":false,"footnotes":""},"class_list":["post-220010","page","type-page","status-publish","hentry"],"acf":[],"yoast_head":"<!-- This site is optimized with the Yoast SEO Premium plugin v27.5 (Yoast SEO v27.5) - https:\/\/yoast.com\/product\/yoast-seo-premium-wordpress\/ -->\n<title>Certifications | Home of Wool<\/title>\n<meta name=\"robots\" content=\"index, follow, max-snippet:-1, max-image-preview:large, max-video-preview:-1\" \/>\n<link rel=\"canonical\" href=\"https:\/\/homeofwool.com\/sv\/certifieringar\/\" \/>\n<meta property=\"og:locale\" content=\"sv_SE\" \/>\n<meta property=\"og:type\" content=\"article\" \/>\n<meta property=\"og:title\" content=\"Certifications\" \/>\n<meta property=\"og:description\" content=\"Certifications GLOBAL ORGANIC TEXTILE STANDARDS 100 The GOTS guarantees the final product is completely free of toxic chemicals harmful to human health. Tested for up to 100 hazardous substances, all GOTS textiles are verified and certified by an independent third party. Suitable for adults, children, and babies, the textiles are also safe for people with [&hellip;]\" \/>\n<meta property=\"og:url\" content=\"https:\/\/homeofwool.com\/sv\/certifieringar\/\" \/>\n<meta property=\"og:site_name\" content=\"Home of Wool\" \/>\n<meta property=\"article:publisher\" content=\"https:\/\/facebook.com\/HomeOfWoolOfficial\" \/>\n<meta property=\"article:modified_time\" content=\"2026-04-29T08:53:53+00:00\" \/>\n<meta property=\"og:image\" content=\"https:\/\/homeofwool.com\/wp-content\/uploads\/2025\/09\/Home-of-Wool-fabrics-and-wool-certifications.jpg\" \/>\n\t<meta property=\"og:image:width\" content=\"1300\" \/>\n\t<meta property=\"og:image:height\" content=\"639\" \/>\n\t<meta property=\"og:image:type\" content=\"image\/jpeg\" \/>\n<meta name=\"twitter:card\" content=\"summary_large_image\" \/>\n<meta name=\"twitter:label1\" content=\"Ber\u00e4knad l\u00e4stid\" \/>\n\t<meta name=\"twitter:data1\" content=\"2 minuter\" \/>\n<script type=\"application\/ld+json\" class=\"yoast-schema-graph\">{\"@context\":\"https:\\\/\\\/schema.org\",\"@graph\":[{\"@type\":\"WebPage\",\"@id\":\"https:\\\/\\\/homeofwool.com\\\/certifications\\\/\",\"url\":\"https:\\\/\\\/homeofwool.com\\\/certifications\\\/\",\"name\":\"Certifications | Home of Wool\",\"isPartOf\":{\"@id\":\"https:\\\/\\\/homeofwool.com\\\/#website\"},\"primaryImageOfPage\":{\"@id\":\"https:\\\/\\\/homeofwool.com\\\/certifications\\\/#primaryimage\"},\"image\":{\"@id\":\"https:\\\/\\\/homeofwool.com\\\/certifications\\\/#primaryimage\"},\"thumbnailUrl\":\"https:\\\/\\\/homeofwool.com\\\/wp-content\\\/uploads\\\/2025\\\/09\\\/Home-of-Wool-fabrics-and-wool-certifications.jpg\",\"datePublished\":\"2025-09-27T08:34:26+00:00\",\"dateModified\":\"2026-04-29T08:53:53+00:00\",\"breadcrumb\":{\"@id\":\"https:\\\/\\\/homeofwool.com\\\/certifications\\\/#breadcrumb\"},\"inLanguage\":\"sv-SE\",\"potentialAction\":[{\"@type\":\"ReadAction\",\"target\":[\"https:\\\/\\\/homeofwool.com\\\/certifications\\\/\"]}]},{\"@type\":\"ImageObject\",\"inLanguage\":\"sv-SE\",\"@id\":\"https:\\\/\\\/homeofwool.com\\\/certifications\\\/#primaryimage\",\"url\":\"https:\\\/\\\/homeofwool.com\\\/wp-content\\\/uploads\\\/2025\\\/09\\\/Home-of-Wool-fabrics-and-wool-certifications.jpg\",\"contentUrl\":\"https:\\\/\\\/homeofwool.com\\\/wp-content\\\/uploads\\\/2025\\\/09\\\/Home-of-Wool-fabrics-and-wool-certifications.jpg\"},{\"@type\":\"BreadcrumbList\",\"@id\":\"https:\\\/\\\/homeofwool.com\\\/certifications\\\/#breadcrumb\",\"itemListElement\":[{\"@type\":\"ListItem\",\"position\":1,\"name\":\"Home\",\"item\":\"https:\\\/\\\/homeofwool.com\\\/\"},{\"@type\":\"ListItem\",\"position\":2,\"name\":\"Certifications\"}]},{\"@type\":\"WebSite\",\"@id\":\"https:\\\/\\\/homeofwool.com\\\/#website\",\"url\":\"https:\\\/\\\/homeofwool.com\\\/\",\"name\":\"Home of Wool\",\"description\":\"\",\"publisher\":{\"@id\":\"https:\\\/\\\/homeofwool.com\\\/#organization\"},\"potentialAction\":[{\"@type\":\"SearchAction\",\"target\":{\"@type\":\"EntryPoint\",\"urlTemplate\":\"https:\\\/\\\/homeofwool.com\\\/?s={search_term_string}\"},\"query-input\":{\"@type\":\"PropertyValueSpecification\",\"valueRequired\":true,\"valueName\":\"search_term_string\"}}],\"inLanguage\":\"sv-SE\"},{\"@type\":\"Organization\",\"@id\":\"https:\\\/\\\/homeofwool.com\\\/#organization\",\"name\":\"Home of Wool\",\"url\":\"https:\\\/\\\/homeofwool.com\\\/\",\"logo\":{\"@type\":\"ImageObject\",\"inLanguage\":\"sv-SE\",\"@id\":\"https:\\\/\\\/homeofwool.com\\\/#\\\/schema\\\/logo\\\/image\\\/\",\"url\":\"https:\\\/\\\/homeofwool.com\\\/wp-content\\\/uploads\\\/2025\\\/09\\\/WhatsApp-Image-2025-12-02-at-16.23.20.jpeg\",\"contentUrl\":\"https:\\\/\\\/homeofwool.com\\\/wp-content\\\/uploads\\\/2025\\\/09\\\/WhatsApp-Image-2025-12-02-at-16.23.20.jpeg\",\"width\":700,\"height\":247,\"caption\":\"Home of Wool\"},\"image\":{\"@id\":\"https:\\\/\\\/homeofwool.com\\\/#\\\/schema\\\/logo\\\/image\\\/\"},\"sameAs\":[\"https:\\\/\\\/facebook.com\\\/HomeOfWoolOfficial\"]}]}<\/script>\n<!-- \/ Yoast SEO Premium plugin. -->","yoast_head_json":{"title":"Certifieringar | Home of Wool","robots":{"index":"index","follow":"follow","max-snippet":"max-snippet:-1","max-image-preview":"max-image-preview:large","max-video-preview":"max-video-preview:-1"},"canonical":"https:\/\/homeofwool.com\/sv\/certifieringar\/","og_locale":"sv_SE","og_type":"article","og_title":"Certifications","og_description":"Certifications GLOBAL ORGANIC TEXTILE STANDARDS 100 The GOTS guarantees the final product is completely free of toxic chemicals harmful to human health. Tested for up to 100 hazardous substances, all GOTS textiles are verified and certified by an independent third party. Suitable for adults, children, and babies, the textiles are also safe for people with [&hellip;]","og_url":"https:\/\/homeofwool.com\/sv\/certifieringar\/","og_site_name":"Home of Wool","article_publisher":"https:\/\/facebook.com\/HomeOfWoolOfficial","article_modified_time":"2026-04-29T08:53:53+00:00","og_image":[{"width":1300,"height":639,"url":"https:\/\/homeofwool.com\/wp-content\/uploads\/2025\/09\/Home-of-Wool-fabrics-and-wool-certifications.jpg","type":"image\/jpeg"}],"twitter_card":"summary_large_image","twitter_misc":{"Ber\u00e4knad l\u00e4stid":"2 minuter"},"schema":{"@context":"https:\/\/schema.org","@graph":[{"@type":"WebPage","@id":"https:\/\/homeofwool.com\/certifications\/","url":"https:\/\/homeofwool.com\/certifications\/","name":"Certifieringar | Home of Wool","isPartOf":{"@id":"https:\/\/homeofwool.com\/#website"},"primaryImageOfPage":{"@id":"https:\/\/homeofwool.com\/certifications\/#primaryimage"},"image":{"@id":"https:\/\/homeofwool.com\/certifications\/#primaryimage"},"thumbnailUrl":"https:\/\/homeofwool.com\/wp-content\/uploads\/2025\/09\/Home-of-Wool-fabrics-and-wool-certifications.jpg","datePublished":"2025-09-27T08:34:26+00:00","dateModified":"2026-04-29T08:53:53+00:00","breadcrumb":{"@id":"https:\/\/homeofwool.com\/certifications\/#breadcrumb"},"inLanguage":"sv-SE","potentialAction":[{"@type":"ReadAction","target":["https:\/\/homeofwool.com\/certifications\/"]}]},{"@type":"ImageObject","inLanguage":"sv-SE","@id":"https:\/\/homeofwool.com\/certifications\/#primaryimage","url":"https:\/\/homeofwool.com\/wp-content\/uploads\/2025\/09\/Home-of-Wool-fabrics-and-wool-certifications.jpg","contentUrl":"https:\/\/homeofwool.com\/wp-content\/uploads\/2025\/09\/Home-of-Wool-fabrics-and-wool-certifications.jpg"},{"@type":"BreadcrumbList","@id":"https:\/\/homeofwool.com\/certifications\/#breadcrumb","itemListElement":[{"@type":"ListItem","position":1,"name":"Home","item":"https:\/\/homeofwool.com\/"},{"@type":"ListItem","position":2,"name":"Certifications"}]},{"@type":"WebSite","@id":"https:\/\/homeofwool.com\/#website","url":"https:\/\/homeofwool.com\/","name":"Hem f\u00f6r ull","description":"","publisher":{"@id":"https:\/\/homeofwool.com\/#organization"},"potentialAction":[{"@type":"SearchAction","target":{"@type":"EntryPoint","urlTemplate":"https:\/\/homeofwool.com\/?s={search_term_string}"},"query-input":{"@type":"PropertyValueSpecification","valueRequired":true,"valueName":"search_term_string"}}],"inLanguage":"sv-SE"},{"@type":"Organization","@id":"https:\/\/homeofwool.com\/#organization","name":"Hem f\u00f6r ull","url":"https:\/\/homeofwool.com\/","logo":{"@type":"ImageObject","inLanguage":"sv-SE","@id":"https:\/\/homeofwool.com\/#\/schema\/logo\/image\/","url":"https:\/\/homeofwool.com\/wp-content\/uploads\/2025\/09\/WhatsApp-Image-2025-12-02-at-16.23.20.jpeg","contentUrl":"https:\/\/homeofwool.com\/wp-content\/uploads\/2025\/09\/WhatsApp-Image-2025-12-02-at-16.23.20.jpeg","width":700,"height":247,"caption":"Home of Wool"},"image":{"@id":"https:\/\/homeofwool.com\/#\/schema\/logo\/image\/"},"sameAs":["https:\/\/facebook.com\/HomeOfWoolOfficial"]}]}},"_links":{"self":[{"href":"https:\/\/homeofwool.com\/sv\/wp-json\/wp\/v2\/pages\/220010","targetHints":{"allow":["GET"]}}],"collection":[{"href":"https:\/\/homeofwool.com\/sv\/wp-json\/wp\/v2\/pages"}],"about":[{"href":"https:\/\/homeofwool.com\/sv\/wp-json\/wp\/v2\/types\/page"}],"author":[{"embeddable":true,"href":"https:\/\/homeofwool.com\/sv\/wp-json\/wp\/v2\/users\/1"}],"replies":[{"embeddable":true,"href":"https:\/\/homeofwool.com\/sv\/wp-json\/wp\/v2\/comments?post=220010"}],"version-history":[{"count":15,"href":"https:\/\/homeofwool.com\/sv\/wp-json\/wp\/v2\/pages\/220010\/revisions"}],"predecessor-version":[{"id":229605,"href":"https:\/\/homeofwool.com\/sv\/wp-json\/wp\/v2\/pages\/220010\/revisions\/229605"}],"wp:attachment":[{"href":"https:\/\/homeofwool.com\/sv\/wp-json\/wp\/v2\/media?parent=220010"}],"curies":[{"name":"wp","href":"https:\/\/api.w.org\/{rel}","templated":true}]}}