{"id":219982,"date":"2025-09-27T08:34:20","date_gmt":"2025-09-27T08:34:20","guid":{"rendered":"https:\/\/homeofwool.com\/delivery-returns\/"},"modified":"2026-01-14T09:39:25","modified_gmt":"2026-01-14T09:39:25","slug":"leveransreturer","status":"publish","type":"page","link":"https:\/\/homeofwool.com\/sv\/delivery-returns\/","title":{"rendered":"Leverans Returer"},"content":{"rendered":"<div data-elementor-type=\"wp-page\" data-elementor-id=\"219982\" class=\"elementor elementor-219982\" data-elementor-post-type=\"page\">\n\t\t\t\t<div class=\"elementor-element elementor-element-650a4cd page_content e-flex e-con-boxed e-con e-parent\" data-id=\"650a4cd\" data-element_type=\"container\" data-e-type=\"container\">\n\t\t\t\t\t<div class=\"e-con-inner\">\n\t\t\t\t<div class=\"elementor-element elementor-element-dde89e9 elementor-widget elementor-widget-heading\" data-id=\"dde89e9\" data-element_type=\"widget\" data-e-type=\"widget\" data-widget_type=\"heading.default\">\n\t\t\t\t\t<h1 class=\"elementor-heading-title elementor-size-default\">Leverans och returer<\/h1>\t\t\t\t<\/div>\n\t\t\t\t<div class=\"elementor-element elementor-element-9d3f92a elementor-widget elementor-widget-heading\" data-id=\"9d3f92a\" data-element_type=\"widget\" data-e-type=\"widget\" data-widget_type=\"heading.default\">\n\t\t\t\t\t<h2 class=\"elementor-heading-title elementor-size-default\">Frakt<\/h2>\t\t\t\t<\/div>\n\t\t\t\t<div class=\"elementor-element elementor-element-ca08fbf page_content elementor-widget elementor-widget-text-editor\" data-id=\"ca08fbf\" data-element_type=\"widget\" data-e-type=\"widget\" data-widget_type=\"text-editor.default\">\n\t\t\t\t\t\t\t\t\t<div class=\"wpb_text_column wpb_content_element\"><div class=\"wpb_wrapper\"><div class=\"wpb_text_column wpb_content_element\"><div class=\"wpb_wrapper\"><div class=\"wpb_column vc_column_container vc_col-sm-8 et-dark-column\"><div class=\"vc_column-inner\"><div class=\"wpb_wrapper\"><div class=\"wpb_text_column wpb_content_element\"><div class=\"wpb_wrapper\"><div class=\"vc_tta-panel-body\"><div class=\"wpb_text_column wpb_content_element\"><div class=\"wpb_wrapper\"><p>Vi levererar globalt och erbjuder <strong>Fri frakt \u00f6ver hela v\u00e4rlden p\u00e5 alla best\u00e4llningar<\/strong>, direkt till din d\u00f6rr. Betalda fraktalternativ finns ocks\u00e5 tillg\u00e4ngliga, se nedan.<\/p><p>Alla l\u00e4nder levereras p\u00e5 DDP-basis (leverans med tullavgift betald), vilket inneb\u00e4r att skatter och avgifter ing\u00e5r i det slutliga priset och att du f\u00e5r paketet levererat direkt till din d\u00f6rr utan att beh\u00f6va klarera det i tullen.<\/p><p>F\u00f6r F\u00f6renade Arabemiraten: paket fr\u00e5n utlandet m\u00e5ste h\u00e4mtas personligen p\u00e5 centrala postkontoret.<\/p><p>Vi kan \u00e4ven leverera till postboxar, men se till att din postbox kan ta emot paket av denna storlek, annars kan ditt paket komma att returneras.<\/p><p>Vi rekommenderar starkt att du f\u00f6ljer din sp\u00e5rningsinformation online f\u00f6r detaljerade uppdateringar, s\u00e5 att du vet n\u00e4r ditt paket anl\u00e4nder till ditt postkontor.<\/p><p>Alla artiklar \u00e4r f\u00f6rpackade i \u00e5tervinningsbar plast som skyddar mot smuts, vatten och punkteringar.<\/p><p>Kontrollera ditt paket vid leverans och ta inte emot det om det \u00e4r skadat. P\u00e5 s\u00e5 s\u00e4tt returneras paketet till oss och vi skickar ett nytt till dig. Om du tar emot ett skadat paket kan vi inte ers\u00e4tta dig.<\/p><p><span data-teams=\"true\">F\u00f6r leveranser till USA: U.S. Customs and Border Protection kan ibland placera en f\u00f6rs\u00e4ndelse i v\u00e4ntel\u00e4ge om den granskas enligt USA:s regler f\u00f6r antidumpnings- och utj\u00e4mningstullar (AD\/CVD). I s\u00e5dana fall kan det h\u00e4nda att FedEx inte kan klarera f\u00f6rs\u00e4ndelsen med sin egen tullgaranti och du (mottagaren\/import\u00f6ren) kan bli ombedd att samarbeta med FedEx eller en annan tullm\u00e4klare f\u00f6r att uppr\u00e4tta en tullgaranti och betala eventuella tullar\/skatter (kontantdepositioner) f\u00f6r att frig\u00f6ra paketet. Dessa krav st\u00e4lls av amerikanska myndigheter och ligger utanf\u00f6r b\u00e5de avs\u00e4ndarens och FedEx kontroll.<\/span>\u00a0<\/p><\/div><\/div><\/div><\/div><\/div><div class=\"wpb_text_column wpb_content_element\"><div class=\"wpb_wrapper\"><h2>Villkor f\u00f6r fri frakt<\/h2><div class=\"vc_tta-panel-body\"><div class=\"wpb_text_column wpb_content_element\"><div class=\"wpb_wrapper\"><p><strong>Pris<\/strong>: Gratis till alla delar av v\u00e4rlden<\/p><p><strong>Transport\u00f6r<\/strong>:<br \/>Bulgarian Post samarbetar med de nationella postbolagen i ditt land, t.ex. USPS i USA, Canada Post, Parcel Force i Storbritannien, Australia Post osv. Alla dessa \u00e4r 100% p\u00e5litliga och inga paket har g\u00e5tt f\u00f6rlorade av de tusentals som vi hittills har skickat med dem.<\/p><p><strong>Leveransvillkor:<\/strong><br \/>F\u00f6r rekommenderad post kr\u00e4vs en underskrift vid leverans. Om du inte \u00e4r hemma vid leveranstillf\u00e4llet kommer paketet att hanteras enligt din nationella posts policy. I de flesta fall, till exempel i USA, Kanada, Australien och Storbritannien, kommer du att f\u00e5 en lapp om att h\u00e4mta ditt paket p\u00e5 ditt lokala postkontor eller ringa dem f\u00f6r att boka om leveransen till en l\u00e4mplig tidpunkt.<\/p><p><strong>Transittider<\/strong>\u00a0(ungef\u00e4rligt, ej garanterat):<\/p><ul><li style=\"margin-bottom: 10px;\">USA fastlandet \u2013 3 veckor<\/li><li style=\"margin-bottom: 10px;\">USA (Hawaii, Alaska) \u2013 4 veckor<\/li><li style=\"margin-bottom: 10px;\">Kanada \u2013 3 veckor<\/li><li style=\"margin-bottom: 10px;\">Afrika \u2013 3 veckor<\/li><li style=\"margin-bottom: 10px;\">Australien \u2013 3 veckor<\/li><li style=\"margin-bottom: 10px;\">Asien \u2013 3 veckor<\/li><li style=\"margin-bottom: 10px;\">Sydamerika \u2013 3\u20134 veckor<\/li><li style=\"margin-bottom: 10px;\">Europeiska unionen \u2013 2 veckor<\/li><li style=\"margin-bottom: 10px;\">Storbritannien \u2013 2 veckor<\/li><\/ul><\/div><\/div><\/div><\/div><\/div><div class=\"wpb_text_column wpb_content_element\"><div class=\"wpb_wrapper\"><div class=\"vc_tta-panel-body\"><div class=\"wpb_text_column wpb_content_element\"><div class=\"wpb_wrapper\"><h2>Villkor f\u00f6r expressleverans inom 3 dagar<\/h2><p><strong>Pris<\/strong>: Anv\u00e4nd den angivna\u00a0<a href=\"https:\/\/homeofwool.com\/sv\/butik\/extra-avgift\/\">Uppgradering till expressleverans<\/a>\u00a0listning i v\u00e5r butik eller skicka ett meddelande till oss f\u00f6r en uppskattning av fraktkostnaden.<\/p><p><strong>Transport\u00f6r<\/strong>: DHL<\/p><p><strong>Leveransvillkor:<\/strong><br \/>Telefonnummer kr\u00e4vs f\u00f6r leverans. Paketen levereras till din d\u00f6rr och en signatur kr\u00e4vs f\u00f6r att ta emot dem.<\/p><p><strong>Transittider<\/strong>\u00a0(garanterat):<\/p><ul><li>\u00d6ver hela v\u00e4rlden \u2013 3\u20135 arbetsdagar<\/li><\/ul><\/div><\/div><\/div><\/div><\/div><div class=\"wpb_text_column wpb_content_element\"><div class=\"wpb_wrapper\"><div class=\"vc_tta-panel-body\"><div class=\"wpb_text_column wpb_content_element\"><div class=\"wpb_wrapper\"><h2>Sp\u00e5ra din leverans<\/h2><p>Vi skickar ett sp\u00e5rningsnummer s\u00e5 snart vi har skickat din best\u00e4llning. H\u00e5ll koll p\u00e5 sp\u00e5rningsl\u00e4nken med hj\u00e4lp av\u00a0<a href=\"https:\/\/www.track-trace.com\/\" rel=\"nofollow noopener\">www.track-trace.com<\/a>\u00a0eller p\u00e5 din nationella posts webbplats:<\/p><p>USA:\u00a0<a href=\"https:\/\/www.usps.com\/\" rel=\"nofollow noopener\">www.usps.com<\/a><br \/>Kanada:\u00a0<a href=\"https:\/\/www.canadapost.ca\/cpc\/en\/home.page\" rel=\"nofollow noopener\">www.canadapost.ca<\/a><br \/>Australien:\u00a0<a href=\"https:\/\/auspost.com.au\/\" rel=\"nofollow noopener\">https:\/\/auspost.com.au\/<\/a><br \/>Storbritannien:\u00a0<a href=\"https:\/\/www.parcelforce.com\/\" rel=\"nofollow noopener\">www.parcelforce.com<\/a><\/p><p>Statusuppdateringar f\u00f6r gratis och prioriterad frakt \u00e4r endast tillg\u00e4ngliga n\u00e4r paketet har passerat tullen i ditt land.<\/p><p>Alla best\u00e4llningar kan sp\u00e5ras\u00a0<strong><a href=\"https:\/\/homeofwool.aftership.com\/\" rel=\"nofollow noopener\">h\u00e4r<\/a>.<\/strong><\/p><\/div><\/div><\/div><\/div><\/div><div class=\"wpb_text_column wpb_content_element\"><div class=\"wpb_wrapper\"><h2>F\u00f6rlorat eller f\u00f6rsenat paket<\/h2><p>Den nationella posttj\u00e4nsten \u00e4r mycket p\u00e5litlig i alla delar av v\u00e4rlden och f\u00f6rlorade paket \u00e4r extremt s\u00e4llsynta, enligt v\u00e5r erfarenhet av att skicka tusentals paket till \u00f6ver 40 l\u00e4nder, inklusive USA, Kanada, Australien, Storbritannien och EU.<br \/>Om ett paket g\u00e5r f\u00f6rlorat skickar vi en ers\u00e4ttning utan kostnad.<br \/>Du kan kontakta oss om ditt paket inte har kommit fram till ditt land inom en m\u00e5nad. Vi kan inte p\u00e5skynda leveransen, men vi kan skicka en officiell f\u00f6rfr\u00e5gan till posten f\u00f6r att f\u00f6rs\u00f6ka lokalisera paketet.<\/p><\/div><\/div><div class=\"wpb_text_column wpb_content_element\"><div class=\"wpb_wrapper\"><h2>Avbokning av din best\u00e4llning<\/h2><p>Om du vill avbryta din best\u00e4llning eller en del av den, v\u00e4nligen kontakta oss. Vi kan avbryta de artiklar som vi \u00e4nnu inte har b\u00f6rjat tillverka.<\/p><\/div><\/div><div class=\"wpb_text_column wpb_content_element\"><div class=\"wpb_wrapper\"><h2>Returer och \u00e5terbetalningar<\/h2><div class=\"vc_tta-panel-body\"><div class=\"wpb_text_column wpb_content_element\"><div class=\"wpb_wrapper\"><ul><li style=\"margin-bottom: 15px;\">Om du inte \u00e4r helt n\u00f6jd med ditt k\u00f6p eller vill returnera en vara, v\u00e4nligen, <a href=\"https:\/\/homeofwool.com\/sv\/kontakt\/\">kontakta oss<\/a>. <strong>Specialbest\u00e4llda och begagnade varor kan inte returneras.<br \/><\/strong><ul><li>Returadress: Bulgarien, Sofia, bul. Simeonovsko shose 24, postnummer: 1700<\/li><\/ul><\/li><li style=\"margin-bottom: 15px;\">Om din vara har levererats enligt beskrivningen och utan tillverkningsfel eller misstag (annat tyg har anv\u00e4nts, fel design har anv\u00e4nts, avvikelse p\u00e5 mer \u00e4n 5% i l\u00e4ngd eller bredd), kan du beg\u00e4ra retur av en icke-skr\u00e4ddarsydd vara inom de f\u00f6rsta tv\u00e5 veckorna efter leveransen. Varorna m\u00e5ste skickas tillbaka inom 30 dagar efter leveransen. \u00c5terbetalningar exkluderar plattforms- och betalningsavgifter och kan d\u00e4rf\u00f6r uppg\u00e5 till 82% av orderv\u00e4rdet.<\/li><li style=\"margin-bottom: 15px;\">Om din vara levereras med ett tillverkningsfel eller en tillverkningsmiss (annat tyg har anv\u00e4nts, fel design har anv\u00e4nts, avvikelse p\u00e5 mer \u00e4n 5% i l\u00e4ngd eller bredd), kommer vi att tillverka och skicka en ny vara eller utf\u00e4rda en fullst\u00e4ndig \u00e5terbetalning f\u00f6r den ber\u00f6rda varan.<\/li><li style=\"margin-bottom: 15px;\">Om din artikel inte levereras p\u00e5 grund av en ofullst\u00e4ndig, ol\u00e4slig eller felaktig adress, mottagaren inte finns p\u00e5 adressen (ok\u00e4nd, flyttad eller avliden); post som inte h\u00e4mtats ut eller avvisats \u2013 kan artikeln skickas p\u00e5 nytt p\u00e5 din bekostnad, varvid en faktura utf\u00e4rdas f\u00f6r returfraktkostnaden. Om du inte vill att en icke-anpassad artikel ska skickas p\u00e5 nytt kan vi utf\u00e4rda en delvis \u00e5terbetalning, exklusive plattforms- och betalningsavgifter samt returfrakt, och \u00e5terbetalningen kan d\u00e4rmed uppg\u00e5 till 82% av artikelv\u00e4rdet. Anpassade artiklar \u00e4r inte ber\u00e4ttigade till \u00e5terbetalning och kan endast skickas p\u00e5 nytt.<\/li><li style=\"margin-bottom: 15px;\">Om din vara godk\u00e4nns f\u00f6r retur, ange v\u00e4rdet under $15, annars tillkommer tullavgifter \u00e4ven om det inte r\u00f6r sig om ett k\u00f6p utan en retur. Om importavgifter debiteras dras dessa av fr\u00e5n ditt \u00e5terbetalningsbelopp. Returnerade varor m\u00e5ste vara i sitt ursprungliga skick. \u00c5terbetalningar g\u00f6rs efter att vi har mottagit varorna och kontrollerat dem. Returkostnaderna b\u00e4rs helt av kunden.<\/li><li style=\"margin-bottom: 15px;\">Europeiska avkastningar<br \/>Europeiska kunder kan anv\u00e4nda budfirman DPD f\u00f6r att returnera paket, inklusive madrasser, till ett mycket l\u00e5gt pris, vanligtvis omkring 30\u201340 euro. Beg\u00e4r upph\u00e4mtning vid din d\u00f6rr, mer information finns p\u00e5 www.dpd.com.<\/li><li style=\"margin-bottom: 15px;\"><span data-teams=\"true\">F\u00f6r leveranser till USA g\u00e4ller att om den amerikanska tullen klassificerar en f\u00f6rs\u00e4ndelse som f\u00f6rem\u00e5l f\u00f6r antidumpnings-\/utj\u00e4mningstullar (AD\/CVD) och kr\u00e4ver att import\u00f6ren skaffar en amerikansk tullgaranti (ofta via en m\u00e4klare) och betalar n\u00f6dv\u00e4ndiga tulldepositioner, ligger eventuella resulterande tullstopp, f\u00f6rseningar i klareringen eller ytterligare avgifter utanf\u00f6r v\u00e5r och FedEx kontroll och \u00e4r inte ber\u00e4ttigade till \u00e5terbetalning n\u00e4r de har skickats.<\/span><\/li><\/ul><p>Alla \u00e5terbetalningar kommer att g\u00f6ras till samma kort som anv\u00e4ndes f\u00f6r betalningen. \u00d6verf\u00f6ringen kan ta upp till tre arbetsdagar efter att \u00e5terbetalningen har gjorts.<\/p><\/div><\/div><\/div><\/div><\/div><\/div><\/div><\/div><\/div><\/div><\/div><\/div>\t\t\t\t\t\t\t\t<\/div>\n\t\t\t\t\t<\/div>\n\t\t\t\t<\/div>\n\t\t\t\t<\/div>","protected":false},"excerpt":{"rendered":"<p>Delivery &amp; Returns Shipping We ship globally and offer Free Worldwide Shipping on all orders, to your door.\u00a0Paid shipping options are also available, see below. All countries are shipped on DDP (delivery duty paid) basis, so taxes and duties are included in the final price and you will receive the package at your door, you [&hellip;]<\/p>\n","protected":false},"author":1,"featured_media":0,"parent":0,"menu_order":0,"comment_status":"closed","ping_status":"closed","template":"elementor_header_footer","meta":{"_acf_changed":false,"footnotes":""},"class_list":["post-219982","page","type-page","status-publish","hentry"],"acf":[],"yoast_head":"<!-- This site is optimized with the Yoast SEO Premium plugin v27.3 (Yoast SEO v27.3) - https:\/\/yoast.com\/product\/yoast-seo-premium-wordpress\/ -->\n<title>Delivery &amp; Returns | Home of Wool<\/title>\n<meta name=\"description\" content=\"Learn about our delivery options, shipping times, and return policy for Home of Wool products. Find details on international orders, exchanges, and how we handle each parcel with care from our atelier to your home.\" \/>\n<meta name=\"robots\" content=\"index, follow, max-snippet:-1, max-image-preview:large, max-video-preview:-1\" \/>\n<link rel=\"canonical\" href=\"https:\/\/homeofwool.com\/sv\/leveransreturer\/\" \/>\n<meta property=\"og:locale\" content=\"sv_SE\" \/>\n<meta property=\"og:type\" content=\"article\" \/>\n<meta property=\"og:title\" content=\"Delivery Returns\" \/>\n<meta property=\"og:description\" content=\"Learn about our delivery options, shipping times, and return policy for Home of Wool products. Find details on international orders, exchanges, and how we handle each parcel with care from our atelier to your home.\" \/>\n<meta property=\"og:url\" content=\"https:\/\/homeofwool.com\/sv\/leveransreturer\/\" \/>\n<meta property=\"og:site_name\" content=\"Home of Wool\" \/>\n<meta property=\"article:publisher\" content=\"https:\/\/facebook.com\/HomeOfWoolOfficial\" \/>\n<meta property=\"article:modified_time\" content=\"2026-01-14T09:39:25+00:00\" \/>\n<meta name=\"twitter:card\" content=\"summary_large_image\" \/>\n<meta name=\"twitter:label1\" content=\"Ber\u00e4knad l\u00e4stid\" \/>\n\t<meta name=\"twitter:data1\" content=\"5 minuter\" \/>\n<script type=\"application\/ld+json\" class=\"yoast-schema-graph\">{\"@context\":\"https:\\\/\\\/schema.org\",\"@graph\":[{\"@type\":\"WebPage\",\"@id\":\"https:\\\/\\\/homeofwool.com\\\/delivery-returns\\\/\",\"url\":\"https:\\\/\\\/homeofwool.com\\\/delivery-returns\\\/\",\"name\":\"Delivery & Returns | Home of Wool\",\"isPartOf\":{\"@id\":\"https:\\\/\\\/homeofwool.com\\\/#website\"},\"datePublished\":\"2025-09-27T08:34:20+00:00\",\"dateModified\":\"2026-01-14T09:39:25+00:00\",\"description\":\"Learn about our delivery options, shipping times, and return policy for Home of Wool products. Find details on international orders, exchanges, and how we handle each parcel with care from our atelier to your home.\",\"breadcrumb\":{\"@id\":\"https:\\\/\\\/homeofwool.com\\\/delivery-returns\\\/#breadcrumb\"},\"inLanguage\":\"sv-SE\",\"potentialAction\":[{\"@type\":\"ReadAction\",\"target\":[\"https:\\\/\\\/homeofwool.com\\\/delivery-returns\\\/\"]}]},{\"@type\":\"BreadcrumbList\",\"@id\":\"https:\\\/\\\/homeofwool.com\\\/delivery-returns\\\/#breadcrumb\",\"itemListElement\":[{\"@type\":\"ListItem\",\"position\":1,\"name\":\"Home\",\"item\":\"https:\\\/\\\/homeofwool.com\\\/\"},{\"@type\":\"ListItem\",\"position\":2,\"name\":\"Delivery Returns\"}]},{\"@type\":\"WebSite\",\"@id\":\"https:\\\/\\\/homeofwool.com\\\/#website\",\"url\":\"https:\\\/\\\/homeofwool.com\\\/\",\"name\":\"Home of Wool\",\"description\":\"\",\"publisher\":{\"@id\":\"https:\\\/\\\/homeofwool.com\\\/#organization\"},\"potentialAction\":[{\"@type\":\"SearchAction\",\"target\":{\"@type\":\"EntryPoint\",\"urlTemplate\":\"https:\\\/\\\/homeofwool.com\\\/?s={search_term_string}\"},\"query-input\":{\"@type\":\"PropertyValueSpecification\",\"valueRequired\":true,\"valueName\":\"search_term_string\"}}],\"inLanguage\":\"sv-SE\"},{\"@type\":\"Organization\",\"@id\":\"https:\\\/\\\/homeofwool.com\\\/#organization\",\"name\":\"Home of Wool\",\"url\":\"https:\\\/\\\/homeofwool.com\\\/\",\"logo\":{\"@type\":\"ImageObject\",\"inLanguage\":\"sv-SE\",\"@id\":\"https:\\\/\\\/homeofwool.com\\\/#\\\/schema\\\/logo\\\/image\\\/\",\"url\":\"https:\\\/\\\/homeofwool.com\\\/wp-content\\\/uploads\\\/2025\\\/09\\\/WhatsApp-Image-2025-12-02-at-16.23.20.jpeg\",\"contentUrl\":\"https:\\\/\\\/homeofwool.com\\\/wp-content\\\/uploads\\\/2025\\\/09\\\/WhatsApp-Image-2025-12-02-at-16.23.20.jpeg\",\"width\":700,\"height\":247,\"caption\":\"Home of Wool\"},\"image\":{\"@id\":\"https:\\\/\\\/homeofwool.com\\\/#\\\/schema\\\/logo\\\/image\\\/\"},\"sameAs\":[\"https:\\\/\\\/facebook.com\\\/HomeOfWoolOfficial\"]}]}<\/script>\n<!-- \/ Yoast SEO Premium plugin. -->","yoast_head_json":{"title":"Leverans &amp; returer | Home of Wool","description":"L\u00e4s mer om v\u00e5ra leveransalternativ, leveranstider och returpolicy f\u00f6r Home of Wool-produkter. Hitta information om internationella best\u00e4llningar, byten och hur vi hanterar varje paket med omsorg fr\u00e5n v\u00e5rt atelj\u00e9 till ditt hem.","robots":{"index":"index","follow":"follow","max-snippet":"max-snippet:-1","max-image-preview":"max-image-preview:large","max-video-preview":"max-video-preview:-1"},"canonical":"https:\/\/homeofwool.com\/sv\/leveransreturer\/","og_locale":"sv_SE","og_type":"article","og_title":"Delivery Returns","og_description":"Learn about our delivery options, shipping times, and return policy for Home of Wool products. Find details on international orders, exchanges, and how we handle each parcel with care from our atelier to your home.","og_url":"https:\/\/homeofwool.com\/sv\/leveransreturer\/","og_site_name":"Home of Wool","article_publisher":"https:\/\/facebook.com\/HomeOfWoolOfficial","article_modified_time":"2026-01-14T09:39:25+00:00","twitter_card":"summary_large_image","twitter_misc":{"Ber\u00e4knad l\u00e4stid":"5 minuter"},"schema":{"@context":"https:\/\/schema.org","@graph":[{"@type":"WebPage","@id":"https:\/\/homeofwool.com\/delivery-returns\/","url":"https:\/\/homeofwool.com\/delivery-returns\/","name":"Leverans &amp; returer | Home of Wool","isPartOf":{"@id":"https:\/\/homeofwool.com\/#website"},"datePublished":"2025-09-27T08:34:20+00:00","dateModified":"2026-01-14T09:39:25+00:00","description":"L\u00e4s mer om v\u00e5ra leveransalternativ, leveranstider och returpolicy f\u00f6r Home of Wool-produkter. Hitta information om internationella best\u00e4llningar, byten och hur vi hanterar varje paket med omsorg fr\u00e5n v\u00e5rt atelj\u00e9 till ditt hem.","breadcrumb":{"@id":"https:\/\/homeofwool.com\/delivery-returns\/#breadcrumb"},"inLanguage":"sv-SE","potentialAction":[{"@type":"ReadAction","target":["https:\/\/homeofwool.com\/delivery-returns\/"]}]},{"@type":"BreadcrumbList","@id":"https:\/\/homeofwool.com\/delivery-returns\/#breadcrumb","itemListElement":[{"@type":"ListItem","position":1,"name":"Home","item":"https:\/\/homeofwool.com\/"},{"@type":"ListItem","position":2,"name":"Delivery Returns"}]},{"@type":"WebSite","@id":"https:\/\/homeofwool.com\/#website","url":"https:\/\/homeofwool.com\/","name":"Hem f\u00f6r ull","description":"","publisher":{"@id":"https:\/\/homeofwool.com\/#organization"},"potentialAction":[{"@type":"SearchAction","target":{"@type":"EntryPoint","urlTemplate":"https:\/\/homeofwool.com\/?s={search_term_string}"},"query-input":{"@type":"PropertyValueSpecification","valueRequired":true,"valueName":"search_term_string"}}],"inLanguage":"sv-SE"},{"@type":"Organization","@id":"https:\/\/homeofwool.com\/#organization","name":"Hem f\u00f6r ull","url":"https:\/\/homeofwool.com\/","logo":{"@type":"ImageObject","inLanguage":"sv-SE","@id":"https:\/\/homeofwool.com\/#\/schema\/logo\/image\/","url":"https:\/\/homeofwool.com\/wp-content\/uploads\/2025\/09\/WhatsApp-Image-2025-12-02-at-16.23.20.jpeg","contentUrl":"https:\/\/homeofwool.com\/wp-content\/uploads\/2025\/09\/WhatsApp-Image-2025-12-02-at-16.23.20.jpeg","width":700,"height":247,"caption":"Home of Wool"},"image":{"@id":"https:\/\/homeofwool.com\/#\/schema\/logo\/image\/"},"sameAs":["https:\/\/facebook.com\/HomeOfWoolOfficial"]}]}},"_links":{"self":[{"href":"https:\/\/homeofwool.com\/sv\/wp-json\/wp\/v2\/pages\/219982","targetHints":{"allow":["GET"]}}],"collection":[{"href":"https:\/\/homeofwool.com\/sv\/wp-json\/wp\/v2\/pages"}],"about":[{"href":"https:\/\/homeofwool.com\/sv\/wp-json\/wp\/v2\/types\/page"}],"author":[{"embeddable":true,"href":"https:\/\/homeofwool.com\/sv\/wp-json\/wp\/v2\/users\/1"}],"replies":[{"embeddable":true,"href":"https:\/\/homeofwool.com\/sv\/wp-json\/wp\/v2\/comments?post=219982"}],"version-history":[{"count":9,"href":"https:\/\/homeofwool.com\/sv\/wp-json\/wp\/v2\/pages\/219982\/revisions"}],"predecessor-version":[{"id":227291,"href":"https:\/\/homeofwool.com\/sv\/wp-json\/wp\/v2\/pages\/219982\/revisions\/227291"}],"wp:attachment":[{"href":"https:\/\/homeofwool.com\/sv\/wp-json\/wp\/v2\/media?parent=219982"}],"curies":[{"name":"wp","href":"https:\/\/api.w.org\/{rel}","templated":true}]}}