{"id":217659,"date":"2025-09-02T12:02:05","date_gmt":"2025-09-02T12:02:05","guid":{"rendered":"https:\/\/homeofwool.com\/?post_type=product&#038;p=217659"},"modified":"2026-02-11T09:55:52","modified_gmt":"2026-02-11T09:55:52","slug":"reisbeddengoedset","status":"publish","type":"product","link":"https:\/\/homeofwool.com\/nl\/shop\/travel-bedding-set\/","title":{"rendered":"Reis beddengoed set"},"content":{"rendered":"<p>Comfortabel beddengoed vinden op reis kan een uitdaging zijn. De Home of Wool reisdekenset maakt het moeiteloos door je het essenti\u00eble te geven in \u00e9\u00e9n keurig ontworpen stuk. Het gewatteerde dekbed is gevuld met natuurlijke wol. Het onderlaken en de kussensloop zijn gemaakt van zuivere stoffen. Samen cre\u00ebren ze een veilige en persoonlijke plek om te rusten. Wol helpt de lucht te circuleren, houdt de temperatuur in balans en blijft fris, wat vooral goed is voor mensen met allergie\u00ebn, astma of gevoeligheden.<\/p>\n<p>Met zijn ingebouwde onderlaken, gewatteerd wollen dekbed en bijpassende kussensloop geeft de set je alles wat je nodig hebt voor een knusse nacht weg van huis. Voor extra comfort kun je ervoor kiezen om een uitneembaar kussen toe te voegen. Je kunt ook een optioneel uitneembaar kussen toevoegen voor extra comfort. De dikte van het dekbed kun je zelf kiezen. Praktische bandjes houden het dekbed op zijn plaats wanneer het opgerold is, zodat het gemakkelijk in je koffer of reistas past. Hoewel het geen traditionele wollen slaapzak is, biedt het compacte ontwerp hetzelfde gemak en dezelfde bescherming, met het extra voordeel van een volledig beddegoed.<\/p>","protected":false},"excerpt":{"rendered":"<p>Slaap lekker waar je ook bent met onze Travel Bedding Set. Compact en lichtgewicht, ontvouwt het zich tot een ge\u00efntegreerde onderlaken, gewatteerd dekbed en kussensloop, en biedt het comfort van een natuurlijke wollen slaapzak zonder de bulk.<\/p>\n<div class=\"global-icon-set\">\n<div class=\"global-icon-set__items\">\n<div class=\"global-icon-set__item\">\n<div class=\"global-icon-set__image\">\n                                    <img decoding=\"async\" src=\"https:\/\/homeofwool.com\/wp-content\/uploads\/2025\/09\/handmade-icon-300x300.png\" alt=\"handgemaakt pictogram\" \/>\n                                <\/div>\n<div class=\"global-icon-set__title\">Handgemaakt<\/div>\n<\/p><\/div>\n<div class=\"global-icon-set__item\">\n<div class=\"global-icon-set__image\">\n                                    <img decoding=\"async\" src=\"https:\/\/homeofwool.com\/wp-content\/uploads\/2025\/09\/VOCs-min-300x300.png\" alt=\"vocs vrij\" \/>\n                                <\/div>\n<div class=\"global-icon-set__title\">VOC-vrij<\/div>\n<\/p><\/div>\n<div class=\"global-icon-set__item\">\n<div class=\"global-icon-set__image\">\n                                    <img decoding=\"async\" src=\"https:\/\/homeofwool.com\/wp-content\/uploads\/2025\/09\/FR-min-300x300.png\" alt=\"vuurbestendig icoon\" \/>\n                                <\/div>\n<div class=\"global-icon-set__title\">Bestand tegen vlammen<\/div>\n<\/p><\/div>\n<div class=\"global-icon-set__item\">\n<div class=\"global-icon-set__image\">\n                                    <img decoding=\"async\" src=\"https:\/\/homeofwool.com\/wp-content\/uploads\/2025\/09\/Hypoallergenic-min-300x300.png\" alt=\"hypoallergeen icoon\" \/>\n                                <\/div>\n<div class=\"global-icon-set__title\">Hypoallergeen<\/div>\n<\/p><\/div>\n<div class=\"global-icon-set__item\">\n<div class=\"global-icon-set__image\">\n                                    <img decoding=\"async\" src=\"https:\/\/homeofwool.com\/wp-content\/uploads\/2025\/09\/free-of-synthetics-icon-300x300.png\" alt=\"pictogram vrij van synthetische stoffen\" \/>\n                                <\/div>\n<div class=\"global-icon-set__title\">Vrij van synthetische stoffen<\/div>\n<\/p><\/div>\n<div class=\"global-icon-set__item\">\n<div class=\"global-icon-set__image\">\n                                    <img decoding=\"async\" src=\"https:\/\/homeofwool.com\/wp-content\/uploads\/2025\/09\/chemical-free-icon-300x300.png\" alt=\"pictogram zonder chemicali\u00ebn\" \/>\n                                <\/div>\n<div class=\"global-icon-set__title\">Vrij van chemicali\u00ebn<\/div>\n<\/p><\/div>\n<div class=\"global-icon-set__item\">\n<div class=\"global-icon-set__image\">\n                                    <img decoding=\"async\" src=\"https:\/\/homeofwool.com\/wp-content\/uploads\/2025\/09\/certified-materials-icon-300x300.png\" alt=\"pictogram gecertificeerde materialen\" \/>\n                                <\/div>\n<div class=\"global-icon-set__title\">100% zuivere gecertificeerde materialen<\/div>\n<\/p><\/div>\n<\/p><\/div>\n<\/p><\/div>","protected":false},"featured_media":224461,"template":"","meta":{"_acf_changed":false},"product_brand":[],"product_cat":[282],"product_tag":[437,438,643,439,644,149,645],"class_list":{"0":"post-217659","1":"product","2":"type-product","3":"status-publish","4":"has-post-thumbnail","6":"product_cat-overlanding-camping","7":"product_tag-0-degree-sleeping-bag","8":"product_tag-backpacking-sleeping-bag","9":"product_tag-camping-sleeping-bag","10":"product_tag-cold-weather-sleeping-bags","11":"product_tag-lightweight-sleeping-bag","12":"product_tag-steps","13":"product_tag-winter-sleeping-bag","15":"first","16":"instock","17":"shipping-taxable","18":"purchasable","19":"product-type-simple"},"acf":[],"yoast_head":"<!-- This site is optimized with the Yoast SEO Premium plugin v27.5 (Yoast SEO v27.5) - https:\/\/yoast.com\/product\/yoast-seo-premium-wordpress\/ -->\n<title>Travel Bedding Set \u2013 Sleep Like Home Anywhere | Home of Wool<\/title>\n<meta name=\"description\" content=\"Breathable and portable, the Travel Bedding Set delivers wool comfort anywhere. Hypoallergenic and toxin-free, it provides natural, sustainable sleep that feels just like home.\" \/>\n<meta name=\"robots\" content=\"index, follow, max-snippet:-1, max-image-preview:large, max-video-preview:-1\" \/>\n<link rel=\"canonical\" href=\"https:\/\/homeofwool.com\/nl\/winkelen\/reisbeddengoedset\/\" \/>\n<meta property=\"og:locale\" content=\"nl_NL\" \/>\n<meta property=\"og:type\" content=\"article\" \/>\n<meta property=\"og:title\" content=\"Travel Bedding Set\" \/>\n<meta property=\"og:description\" content=\"Breathable and portable, the Travel Bedding Set delivers wool comfort anywhere. Hypoallergenic and toxin-free, it provides natural, sustainable sleep that feels just like home.\" \/>\n<meta property=\"og:url\" content=\"https:\/\/homeofwool.com\/nl\/winkelen\/reisbeddengoedset\/\" \/>\n<meta property=\"og:site_name\" content=\"Home of Wool\" \/>\n<meta property=\"article:publisher\" content=\"https:\/\/facebook.com\/HomeOfWoolOfficial\" \/>\n<meta property=\"article:modified_time\" content=\"2026-02-11T09:55:52+00:00\" \/>\n<meta property=\"og:image\" content=\"https:\/\/homeofwool.com\/wp-content\/uploads\/2025\/09\/home-of-wool-travel-bedding-set-main.jpg\" \/>\n\t<meta property=\"og:image:width\" content=\"1920\" \/>\n\t<meta property=\"og:image:height\" content=\"1536\" \/>\n\t<meta property=\"og:image:type\" content=\"image\/jpeg\" \/>\n<meta name=\"twitter:card\" content=\"summary_large_image\" \/>\n<meta name=\"twitter:label1\" content=\"Geschatte leestijd\" \/>\n\t<meta name=\"twitter:data1\" content=\"1 minuut\" \/>\n<script type=\"application\/ld+json\" class=\"yoast-schema-graph\">{\"@context\":\"https:\\\/\\\/schema.org\",\"@graph\":[{\"@type\":\"WebPage\",\"@id\":\"https:\\\/\\\/homeofwool.com\\\/shop\\\/travel-bedding-set\\\/\",\"url\":\"https:\\\/\\\/homeofwool.com\\\/shop\\\/travel-bedding-set\\\/\",\"name\":\"Travel Bedding Set \u2013 Sleep Like Home Anywhere | Home of Wool\",\"isPartOf\":{\"@id\":\"https:\\\/\\\/homeofwool.com\\\/#website\"},\"primaryImageOfPage\":{\"@id\":\"https:\\\/\\\/homeofwool.com\\\/shop\\\/travel-bedding-set\\\/#primaryimage\"},\"image\":{\"@id\":\"https:\\\/\\\/homeofwool.com\\\/shop\\\/travel-bedding-set\\\/#primaryimage\"},\"thumbnailUrl\":\"https:\\\/\\\/homeofwool.com\\\/wp-content\\\/uploads\\\/2025\\\/09\\\/home-of-wool-travel-bedding-set-main.jpg\",\"datePublished\":\"2025-09-02T12:02:05+00:00\",\"dateModified\":\"2026-02-11T09:55:52+00:00\",\"description\":\"Breathable and portable, the Travel Bedding Set delivers wool comfort anywhere. Hypoallergenic and toxin-free, it provides natural, sustainable sleep that feels just like home.\",\"breadcrumb\":{\"@id\":\"https:\\\/\\\/homeofwool.com\\\/shop\\\/travel-bedding-set\\\/#breadcrumb\"},\"inLanguage\":\"nl-NL\",\"potentialAction\":[{\"@type\":\"ReadAction\",\"target\":[\"https:\\\/\\\/homeofwool.com\\\/shop\\\/travel-bedding-set\\\/\"]}]},{\"@type\":\"ImageObject\",\"inLanguage\":\"nl-NL\",\"@id\":\"https:\\\/\\\/homeofwool.com\\\/shop\\\/travel-bedding-set\\\/#primaryimage\",\"url\":\"https:\\\/\\\/homeofwool.com\\\/wp-content\\\/uploads\\\/2025\\\/09\\\/home-of-wool-travel-bedding-set-main.jpg\",\"contentUrl\":\"https:\\\/\\\/homeofwool.com\\\/wp-content\\\/uploads\\\/2025\\\/09\\\/home-of-wool-travel-bedding-set-main.jpg\",\"width\":1920,\"height\":1536,\"caption\":\"home of wool travel bedding set on handwoven rug\"},{\"@type\":\"BreadcrumbList\",\"@id\":\"https:\\\/\\\/homeofwool.com\\\/shop\\\/travel-bedding-set\\\/#breadcrumb\",\"itemListElement\":[{\"@type\":\"ListItem\",\"position\":1,\"name\":\"Home\",\"item\":\"https:\\\/\\\/homeofwool.com\\\/\"},{\"@type\":\"ListItem\",\"position\":2,\"name\":\"Products\",\"item\":\"https:\\\/\\\/homeofwool.com\\\/header-search-2\\\/\"},{\"@type\":\"ListItem\",\"position\":3,\"name\":\"Travel Bedding Set\"}]},{\"@type\":\"WebSite\",\"@id\":\"https:\\\/\\\/homeofwool.com\\\/#website\",\"url\":\"https:\\\/\\\/homeofwool.com\\\/\",\"name\":\"Home of Wool\",\"description\":\"\",\"publisher\":{\"@id\":\"https:\\\/\\\/homeofwool.com\\\/#organization\"},\"potentialAction\":[{\"@type\":\"SearchAction\",\"target\":{\"@type\":\"EntryPoint\",\"urlTemplate\":\"https:\\\/\\\/homeofwool.com\\\/?s={search_term_string}\"},\"query-input\":{\"@type\":\"PropertyValueSpecification\",\"valueRequired\":true,\"valueName\":\"search_term_string\"}}],\"inLanguage\":\"nl-NL\"},{\"@type\":\"Organization\",\"@id\":\"https:\\\/\\\/homeofwool.com\\\/#organization\",\"name\":\"Home of Wool\",\"url\":\"https:\\\/\\\/homeofwool.com\\\/\",\"logo\":{\"@type\":\"ImageObject\",\"inLanguage\":\"nl-NL\",\"@id\":\"https:\\\/\\\/homeofwool.com\\\/#\\\/schema\\\/logo\\\/image\\\/\",\"url\":\"https:\\\/\\\/homeofwool.com\\\/wp-content\\\/uploads\\\/2025\\\/09\\\/WhatsApp-Image-2025-12-02-at-16.23.20.jpeg\",\"contentUrl\":\"https:\\\/\\\/homeofwool.com\\\/wp-content\\\/uploads\\\/2025\\\/09\\\/WhatsApp-Image-2025-12-02-at-16.23.20.jpeg\",\"width\":700,\"height\":247,\"caption\":\"Home of Wool\"},\"image\":{\"@id\":\"https:\\\/\\\/homeofwool.com\\\/#\\\/schema\\\/logo\\\/image\\\/\"},\"sameAs\":[\"https:\\\/\\\/facebook.com\\\/HomeOfWoolOfficial\"]}]}<\/script>\n<!-- \/ Yoast SEO Premium plugin. -->","yoast_head_json":{"title":"Reis dekbedovertrekset - Slaap overal als thuis | Home of Wool","description":"De Travel Bedding Set is ademend en draagbaar en biedt overal wolcomfort. Het is hypoallergeen en gifvrij en biedt natuurlijke, duurzame slaap die aanvoelt als thuis.","robots":{"index":"index","follow":"follow","max-snippet":"max-snippet:-1","max-image-preview":"max-image-preview:large","max-video-preview":"max-video-preview:-1"},"canonical":"https:\/\/homeofwool.com\/nl\/winkelen\/reisbeddengoedset\/","og_locale":"nl_NL","og_type":"article","og_title":"Travel Bedding Set","og_description":"Breathable and portable, the Travel Bedding Set delivers wool comfort anywhere. Hypoallergenic and toxin-free, it provides natural, sustainable sleep that feels just like home.","og_url":"https:\/\/homeofwool.com\/nl\/winkelen\/reisbeddengoedset\/","og_site_name":"Home of Wool","article_publisher":"https:\/\/facebook.com\/HomeOfWoolOfficial","article_modified_time":"2026-02-11T09:55:52+00:00","og_image":[{"width":1920,"height":1536,"url":"https:\/\/homeofwool.com\/wp-content\/uploads\/2025\/09\/home-of-wool-travel-bedding-set-main.jpg","type":"image\/jpeg"}],"twitter_card":"summary_large_image","twitter_misc":{"Geschatte leestijd":"1 minuut"},"schema":{"@context":"https:\/\/schema.org","@graph":[{"@type":"WebPage","@id":"https:\/\/homeofwool.com\/shop\/travel-bedding-set\/","url":"https:\/\/homeofwool.com\/shop\/travel-bedding-set\/","name":"Reis dekbedovertrekset - Slaap overal als thuis | Home of Wool","isPartOf":{"@id":"https:\/\/homeofwool.com\/#website"},"primaryImageOfPage":{"@id":"https:\/\/homeofwool.com\/shop\/travel-bedding-set\/#primaryimage"},"image":{"@id":"https:\/\/homeofwool.com\/shop\/travel-bedding-set\/#primaryimage"},"thumbnailUrl":"https:\/\/homeofwool.com\/wp-content\/uploads\/2025\/09\/home-of-wool-travel-bedding-set-main.jpg","datePublished":"2025-09-02T12:02:05+00:00","dateModified":"2026-02-11T09:55:52+00:00","description":"De Travel Bedding Set is ademend en draagbaar en biedt overal wolcomfort. Het is hypoallergeen en gifvrij en biedt natuurlijke, duurzame slaap die aanvoelt als thuis.","breadcrumb":{"@id":"https:\/\/homeofwool.com\/shop\/travel-bedding-set\/#breadcrumb"},"inLanguage":"nl-NL","potentialAction":[{"@type":"ReadAction","target":["https:\/\/homeofwool.com\/shop\/travel-bedding-set\/"]}]},{"@type":"ImageObject","inLanguage":"nl-NL","@id":"https:\/\/homeofwool.com\/shop\/travel-bedding-set\/#primaryimage","url":"https:\/\/homeofwool.com\/wp-content\/uploads\/2025\/09\/home-of-wool-travel-bedding-set-main.jpg","contentUrl":"https:\/\/homeofwool.com\/wp-content\/uploads\/2025\/09\/home-of-wool-travel-bedding-set-main.jpg","width":1920,"height":1536,"caption":"home of wool travel bedding set on handwoven rug"},{"@type":"BreadcrumbList","@id":"https:\/\/homeofwool.com\/shop\/travel-bedding-set\/#breadcrumb","itemListElement":[{"@type":"ListItem","position":1,"name":"Home","item":"https:\/\/homeofwool.com\/"},{"@type":"ListItem","position":2,"name":"Products","item":"https:\/\/homeofwool.com\/header-search-2\/"},{"@type":"ListItem","position":3,"name":"Travel Bedding Set"}]},{"@type":"WebSite","@id":"https:\/\/homeofwool.com\/#website","url":"https:\/\/homeofwool.com\/","name":"Thuis van Wol","description":"","publisher":{"@id":"https:\/\/homeofwool.com\/#organization"},"potentialAction":[{"@type":"SearchAction","target":{"@type":"EntryPoint","urlTemplate":"https:\/\/homeofwool.com\/?s={search_term_string}"},"query-input":{"@type":"PropertyValueSpecification","valueRequired":true,"valueName":"search_term_string"}}],"inLanguage":"nl-NL"},{"@type":"Organization","@id":"https:\/\/homeofwool.com\/#organization","name":"Thuis van Wol","url":"https:\/\/homeofwool.com\/","logo":{"@type":"ImageObject","inLanguage":"nl-NL","@id":"https:\/\/homeofwool.com\/#\/schema\/logo\/image\/","url":"https:\/\/homeofwool.com\/wp-content\/uploads\/2025\/09\/WhatsApp-Image-2025-12-02-at-16.23.20.jpeg","contentUrl":"https:\/\/homeofwool.com\/wp-content\/uploads\/2025\/09\/WhatsApp-Image-2025-12-02-at-16.23.20.jpeg","width":700,"height":247,"caption":"Home of Wool"},"image":{"@id":"https:\/\/homeofwool.com\/#\/schema\/logo\/image\/"},"sameAs":["https:\/\/facebook.com\/HomeOfWoolOfficial"]}]}},"_links":{"self":[{"href":"https:\/\/homeofwool.com\/nl\/wp-json\/wp\/v2\/product\/217659","targetHints":{"allow":["GET"]}}],"collection":[{"href":"https:\/\/homeofwool.com\/nl\/wp-json\/wp\/v2\/product"}],"about":[{"href":"https:\/\/homeofwool.com\/nl\/wp-json\/wp\/v2\/types\/product"}],"version-history":[{"count":1,"href":"https:\/\/homeofwool.com\/nl\/wp-json\/wp\/v2\/product\/217659\/revisions"}],"predecessor-version":[{"id":226693,"href":"https:\/\/homeofwool.com\/nl\/wp-json\/wp\/v2\/product\/217659\/revisions\/226693"}],"wp:featuredmedia":[{"embeddable":true,"href":"https:\/\/homeofwool.com\/nl\/wp-json\/wp\/v2\/media\/224461"}],"wp:attachment":[{"href":"https:\/\/homeofwool.com\/nl\/wp-json\/wp\/v2\/media?parent=217659"}],"wp:term":[{"taxonomy":"product_brand","embeddable":true,"href":"https:\/\/homeofwool.com\/nl\/wp-json\/wp\/v2\/product_brand?post=217659"},{"taxonomy":"product_cat","embeddable":true,"href":"https:\/\/homeofwool.com\/nl\/wp-json\/wp\/v2\/product_cat?post=217659"},{"taxonomy":"product_tag","embeddable":true,"href":"https:\/\/homeofwool.com\/nl\/wp-json\/wp\/v2\/product_tag?post=217659"}],"curies":[{"name":"wp","href":"https:\/\/api.w.org\/{rel}","templated":true}]}}