{"id":217592,"date":"2025-09-02T12:01:16","date_gmt":"2025-09-02T12:01:16","guid":{"rendered":"https:\/\/homeofwool.com\/?post_type=product&#038;p=217592"},"modified":"2026-04-09T11:32:10","modified_gmt":"2026-04-09T11:32:10","slug":"babydeken","status":"publish","type":"product","link":"https:\/\/homeofwool.com\/nl\/shop\/baby-blanket\/","title":{"rendered":"Babydeken van zuivere scheerwol"},"content":{"rendered":"<p>Onze 100% wollen babydeken biedt uw baby het rustgevende gevoel van de fijnste vezels uit de natuur. De deken is gemaakt van pure scheerwol en cre\u00ebert een gezellige cocon die uw baby warm houdt in de koudere maanden en aangenaam koel wanneer het weer verandert.<\/p>\n<p>In tegenstelling tot synthetische opties bevat deze biologische wollen deken geen chemische afwerkingen of behandelingen. Het is een echt hypoallergene babydeken, veilig voor de gevoelige huid en voor gezinnen die leven met allergie\u00ebn of chemische gevoeligheden. Wol helpt een schonere slaapomgeving te cre\u00ebren door huisstofmijt en schimmel te weerstaan. En dat zonder toegevoegde chemicali\u00ebn.<\/p>\n<p>Deze zachte wollen deken voor baby's is gemaakt om lang mee te gaan en een familiestuk te worden. Toch is hij volledig biologisch afbreekbaar, waardoor het een milieuvriendelijke babydeken is waar u zich goed bij voelt.<\/p>","protected":false},"excerpt":{"rendered":"<p>Wikkel uw kleintje in de zachte omhelzing van deze babydeken van scheerwol. Door te kiezen voor natuurlijke wol hoeft u zich geen zorgen te maken over koude voetjes of oververhitting. Wol houdt uw baby lekker warm als het koud is en comfortabel als het warm is. Of u deze deken nu gebruikt voor in de wieg, tijdens dutjes in de kinderwagen of als dierbaar familie-erfstuk, dit natuurlijke babybeddengoed biedt een laagje comfort en veiligheid.<\/p>\n<div class=\"global-icon-set\">\n<div class=\"global-icon-set__items\">\n<div class=\"global-icon-set__item\">\n<div class=\"global-icon-set__image\">\n                                    <img decoding=\"async\" src=\"https:\/\/homeofwool.com\/wp-content\/uploads\/2025\/09\/handmade-icon-300x300.png\" alt=\"handgemaakt pictogram\" \/>\n                                <\/div>\n<div class=\"global-icon-set__title\">Handgemaakt<\/div>\n<\/p><\/div>\n<div class=\"global-icon-set__item\">\n<div class=\"global-icon-set__image\">\n                                    <img decoding=\"async\" src=\"https:\/\/homeofwool.com\/wp-content\/uploads\/2025\/09\/wicks-moisture-away-300x300.png\" alt=\"voert vocht af\" \/>\n                                <\/div>\n<div class=\"global-icon-set__title\">Voert vocht af<\/div>\n<\/p><\/div>\n<div class=\"global-icon-set__item\">\n<div class=\"global-icon-set__image\">\n                                    <img decoding=\"async\" src=\"https:\/\/homeofwool.com\/wp-content\/uploads\/2025\/09\/VOCs-min-300x300.png\" alt=\"vocs vrij\" \/>\n                                <\/div>\n<div class=\"global-icon-set__title\">VOC-vrij<\/div>\n<\/p><\/div>\n<div class=\"global-icon-set__item\">\n<div class=\"global-icon-set__image\">\n                                    <img decoding=\"async\" src=\"https:\/\/homeofwool.com\/wp-content\/uploads\/2025\/09\/FR-min-300x300.png\" alt=\"vuurbestendig icoon\" \/>\n                                <\/div>\n<div class=\"global-icon-set__title\">Bestand tegen vlammen<\/div>\n<\/p><\/div>\n<div class=\"global-icon-set__item\">\n<div class=\"global-icon-set__image\">\n                                    <img decoding=\"async\" src=\"https:\/\/homeofwool.com\/wp-content\/uploads\/2025\/09\/Hypoallergenic-min-300x300.png\" alt=\"hypoallergeen icoon\" \/>\n                                <\/div>\n<div class=\"global-icon-set__title\">Hypoallergeen<\/div>\n<\/p><\/div>\n<div class=\"global-icon-set__item\">\n<div class=\"global-icon-set__image\">\n                                    <img decoding=\"async\" src=\"https:\/\/homeofwool.com\/wp-content\/uploads\/2025\/09\/free-of-synthetics-icon-300x300.png\" alt=\"pictogram vrij van synthetische stoffen\" \/>\n                                <\/div>\n<div class=\"global-icon-set__title\">Vrij van synthetische stoffen<\/div>\n<\/p><\/div>\n<div class=\"global-icon-set__item\">\n<div class=\"global-icon-set__image\">\n                                    <img decoding=\"async\" src=\"https:\/\/homeofwool.com\/wp-content\/uploads\/2025\/09\/chemical-free-icon-300x300.png\" alt=\"pictogram zonder chemicali\u00ebn\" \/>\n                                <\/div>\n<div class=\"global-icon-set__title\">Vrij van chemicali\u00ebn<\/div>\n<\/p><\/div>\n<div class=\"global-icon-set__item\">\n<div class=\"global-icon-set__image\">\n                                    <img decoding=\"async\" src=\"https:\/\/homeofwool.com\/wp-content\/uploads\/2025\/09\/anti-bacterial-icon-300x300.png\" alt=\"antibacterieel pictogram\" \/>\n                                <\/div>\n<div class=\"global-icon-set__title\">Antimicrobieel &amp; antibacterieel<\/div>\n<\/p><\/div>\n<div class=\"global-icon-set__item\">\n<div class=\"global-icon-set__image\">\n                                    <img decoding=\"async\" src=\"https:\/\/homeofwool.com\/wp-content\/uploads\/2025\/09\/certified-materials-icon-300x300.png\" alt=\"pictogram gecertificeerde materialen\" \/>\n                                <\/div>\n<div class=\"global-icon-set__title\">100% zuivere gecertificeerde materialen<\/div>\n<\/p><\/div>\n<\/p><\/div>\n<\/p><\/div>","protected":false},"featured_media":226812,"template":"","meta":{"_acf_changed":false},"product_brand":[],"product_cat":[266,60,267],"product_tag":[123,297,441,442,67,149,443],"class_list":{"0":"post-217592","1":"product","2":"type-product","3":"status-publish","4":"has-post-thumbnail","6":"product_cat-baby-sleep-products","7":"product_cat-blankets-duvets","8":"product_cat-nursery","9":"product_tag-baby-shower-gift","10":"product_tag-baby-swaddle","11":"product_tag-newborn-blanket","12":"product_tag-personalised-blanket","13":"product_tag-pure-wool-blanket","14":"product_tag-steps","15":"product_tag-swaddle-blankets","17":"first","18":"instock","19":"shipping-taxable","20":"purchasable","21":"product-type-simple"},"acf":[],"yoast_head":"<!-- This site is optimized with the Yoast SEO Premium plugin v27.5 (Yoast SEO v27.5) - https:\/\/yoast.com\/product\/yoast-seo-premium-wordpress\/ -->\n<title>Baby Blanket \u2013 Cozy Personalized Baby Blankets | Home of Wool<\/title>\n<meta name=\"description\" content=\"Soft and customizable, the Baby Blanket features breathable wool filling for cozy comfort. Hypoallergenic and toxin-free, it provides safe warmth and rest for infants and toddlers alike.\" \/>\n<meta name=\"robots\" content=\"index, follow, max-snippet:-1, max-image-preview:large, max-video-preview:-1\" \/>\n<link rel=\"canonical\" href=\"https:\/\/homeofwool.com\/nl\/winkelen\/babydeken\/\" \/>\n<meta property=\"og:locale\" content=\"nl_NL\" \/>\n<meta property=\"og:type\" content=\"article\" \/>\n<meta property=\"og:title\" content=\"Pure Virgin Wool Baby Blanket\" \/>\n<meta property=\"og:description\" content=\"Soft and customizable, the Baby Blanket features breathable wool filling for cozy comfort. Hypoallergenic and toxin-free, it provides safe warmth and rest for infants and toddlers alike.\" \/>\n<meta property=\"og:url\" content=\"https:\/\/homeofwool.com\/nl\/winkelen\/babydeken\/\" \/>\n<meta property=\"og:site_name\" content=\"Home of Wool\" \/>\n<meta property=\"article:publisher\" content=\"https:\/\/facebook.com\/HomeOfWoolOfficial\" \/>\n<meta property=\"article:modified_time\" content=\"2026-04-09T11:32:10+00:00\" \/>\n<meta property=\"og:image\" content=\"https:\/\/homeofwool.com\/wp-content\/uploads\/2025\/09\/home-of-wool-wool-baby-blanket-1-mainn.jpg\" \/>\n\t<meta property=\"og:image:width\" content=\"1704\" \/>\n\t<meta property=\"og:image:height\" content=\"1363\" \/>\n\t<meta property=\"og:image:type\" content=\"image\/jpeg\" \/>\n<meta name=\"twitter:card\" content=\"summary_large_image\" \/>\n<meta name=\"twitter:label1\" content=\"Geschatte leestijd\" \/>\n\t<meta name=\"twitter:data1\" content=\"1 minuut\" \/>\n<script type=\"application\/ld+json\" class=\"yoast-schema-graph\">{\"@context\":\"https:\\\/\\\/schema.org\",\"@graph\":[{\"@type\":\"WebPage\",\"@id\":\"https:\\\/\\\/homeofwool.com\\\/shop\\\/baby-blanket\\\/\",\"url\":\"https:\\\/\\\/homeofwool.com\\\/shop\\\/baby-blanket\\\/\",\"name\":\"Baby Blanket \u2013 Cozy Personalized Baby Blankets | Home of Wool\",\"isPartOf\":{\"@id\":\"https:\\\/\\\/homeofwool.com\\\/#website\"},\"primaryImageOfPage\":{\"@id\":\"https:\\\/\\\/homeofwool.com\\\/shop\\\/baby-blanket\\\/#primaryimage\"},\"image\":{\"@id\":\"https:\\\/\\\/homeofwool.com\\\/shop\\\/baby-blanket\\\/#primaryimage\"},\"thumbnailUrl\":\"https:\\\/\\\/homeofwool.com\\\/wp-content\\\/uploads\\\/2025\\\/09\\\/home-of-wool-wool-baby-blanket-1-mainn.jpg\",\"datePublished\":\"2025-09-02T12:01:16+00:00\",\"dateModified\":\"2026-04-09T11:32:10+00:00\",\"description\":\"Soft and customizable, the Baby Blanket features breathable wool filling for cozy comfort. Hypoallergenic and toxin-free, it provides safe warmth and rest for infants and toddlers alike.\",\"breadcrumb\":{\"@id\":\"https:\\\/\\\/homeofwool.com\\\/shop\\\/baby-blanket\\\/#breadcrumb\"},\"inLanguage\":\"nl-NL\",\"potentialAction\":[{\"@type\":\"ReadAction\",\"target\":[\"https:\\\/\\\/homeofwool.com\\\/shop\\\/baby-blanket\\\/\"]}]},{\"@type\":\"ImageObject\",\"inLanguage\":\"nl-NL\",\"@id\":\"https:\\\/\\\/homeofwool.com\\\/shop\\\/baby-blanket\\\/#primaryimage\",\"url\":\"https:\\\/\\\/homeofwool.com\\\/wp-content\\\/uploads\\\/2025\\\/09\\\/home-of-wool-wool-baby-blanket-1-mainn.jpg\",\"contentUrl\":\"https:\\\/\\\/homeofwool.com\\\/wp-content\\\/uploads\\\/2025\\\/09\\\/home-of-wool-wool-baby-blanket-1-mainn.jpg\",\"width\":1704,\"height\":1363,\"caption\":\"wool baby blanket\"},{\"@type\":\"BreadcrumbList\",\"@id\":\"https:\\\/\\\/homeofwool.com\\\/shop\\\/baby-blanket\\\/#breadcrumb\",\"itemListElement\":[{\"@type\":\"ListItem\",\"position\":1,\"name\":\"Home\",\"item\":\"https:\\\/\\\/homeofwool.com\\\/\"},{\"@type\":\"ListItem\",\"position\":2,\"name\":\"Products\",\"item\":\"https:\\\/\\\/homeofwool.com\\\/header-search-2\\\/\"},{\"@type\":\"ListItem\",\"position\":3,\"name\":\"Pure Virgin Wool Baby Blanket\"}]},{\"@type\":\"WebSite\",\"@id\":\"https:\\\/\\\/homeofwool.com\\\/#website\",\"url\":\"https:\\\/\\\/homeofwool.com\\\/\",\"name\":\"Home of Wool\",\"description\":\"\",\"publisher\":{\"@id\":\"https:\\\/\\\/homeofwool.com\\\/#organization\"},\"potentialAction\":[{\"@type\":\"SearchAction\",\"target\":{\"@type\":\"EntryPoint\",\"urlTemplate\":\"https:\\\/\\\/homeofwool.com\\\/?s={search_term_string}\"},\"query-input\":{\"@type\":\"PropertyValueSpecification\",\"valueRequired\":true,\"valueName\":\"search_term_string\"}}],\"inLanguage\":\"nl-NL\"},{\"@type\":\"Organization\",\"@id\":\"https:\\\/\\\/homeofwool.com\\\/#organization\",\"name\":\"Home of Wool\",\"url\":\"https:\\\/\\\/homeofwool.com\\\/\",\"logo\":{\"@type\":\"ImageObject\",\"inLanguage\":\"nl-NL\",\"@id\":\"https:\\\/\\\/homeofwool.com\\\/#\\\/schema\\\/logo\\\/image\\\/\",\"url\":\"https:\\\/\\\/homeofwool.com\\\/wp-content\\\/uploads\\\/2025\\\/09\\\/WhatsApp-Image-2025-12-02-at-16.23.20.jpeg\",\"contentUrl\":\"https:\\\/\\\/homeofwool.com\\\/wp-content\\\/uploads\\\/2025\\\/09\\\/WhatsApp-Image-2025-12-02-at-16.23.20.jpeg\",\"width\":700,\"height\":247,\"caption\":\"Home of Wool\"},\"image\":{\"@id\":\"https:\\\/\\\/homeofwool.com\\\/#\\\/schema\\\/logo\\\/image\\\/\"},\"sameAs\":[\"https:\\\/\\\/facebook.com\\\/HomeOfWoolOfficial\"]}]}<\/script>\n<!-- \/ Yoast SEO Premium plugin. -->","yoast_head_json":{"title":"Babydeken \u2013 Gezellige gepersonaliseerde babydekens | Home of Wool","description":"De zachte en aanpasbare Baby Blanket is gevuld met ademende wol voor behaaglijk comfort. De deken is hypoallergeen en vrij van giftige stoffen en biedt veilige warmte en rust voor zowel baby's als peuters.","robots":{"index":"index","follow":"follow","max-snippet":"max-snippet:-1","max-image-preview":"max-image-preview:large","max-video-preview":"max-video-preview:-1"},"canonical":"https:\/\/homeofwool.com\/nl\/winkelen\/babydeken\/","og_locale":"nl_NL","og_type":"article","og_title":"Pure Virgin Wool Baby Blanket","og_description":"Soft and customizable, the Baby Blanket features breathable wool filling for cozy comfort. Hypoallergenic and toxin-free, it provides safe warmth and rest for infants and toddlers alike.","og_url":"https:\/\/homeofwool.com\/nl\/winkelen\/babydeken\/","og_site_name":"Home of Wool","article_publisher":"https:\/\/facebook.com\/HomeOfWoolOfficial","article_modified_time":"2026-04-09T11:32:10+00:00","og_image":[{"width":1704,"height":1363,"url":"https:\/\/homeofwool.com\/wp-content\/uploads\/2025\/09\/home-of-wool-wool-baby-blanket-1-mainn.jpg","type":"image\/jpeg"}],"twitter_card":"summary_large_image","twitter_misc":{"Geschatte leestijd":"1 minuut"},"schema":{"@context":"https:\/\/schema.org","@graph":[{"@type":"WebPage","@id":"https:\/\/homeofwool.com\/shop\/baby-blanket\/","url":"https:\/\/homeofwool.com\/shop\/baby-blanket\/","name":"Babydeken \u2013 Gezellige gepersonaliseerde babydekens | Home of Wool","isPartOf":{"@id":"https:\/\/homeofwool.com\/#website"},"primaryImageOfPage":{"@id":"https:\/\/homeofwool.com\/shop\/baby-blanket\/#primaryimage"},"image":{"@id":"https:\/\/homeofwool.com\/shop\/baby-blanket\/#primaryimage"},"thumbnailUrl":"https:\/\/homeofwool.com\/wp-content\/uploads\/2025\/09\/home-of-wool-wool-baby-blanket-1-mainn.jpg","datePublished":"2025-09-02T12:01:16+00:00","dateModified":"2026-04-09T11:32:10+00:00","description":"De zachte en aanpasbare Baby Blanket is gevuld met ademende wol voor behaaglijk comfort. De deken is hypoallergeen en vrij van giftige stoffen en biedt veilige warmte en rust voor zowel baby's als peuters.","breadcrumb":{"@id":"https:\/\/homeofwool.com\/shop\/baby-blanket\/#breadcrumb"},"inLanguage":"nl-NL","potentialAction":[{"@type":"ReadAction","target":["https:\/\/homeofwool.com\/shop\/baby-blanket\/"]}]},{"@type":"ImageObject","inLanguage":"nl-NL","@id":"https:\/\/homeofwool.com\/shop\/baby-blanket\/#primaryimage","url":"https:\/\/homeofwool.com\/wp-content\/uploads\/2025\/09\/home-of-wool-wool-baby-blanket-1-mainn.jpg","contentUrl":"https:\/\/homeofwool.com\/wp-content\/uploads\/2025\/09\/home-of-wool-wool-baby-blanket-1-mainn.jpg","width":1704,"height":1363,"caption":"wool baby blanket"},{"@type":"BreadcrumbList","@id":"https:\/\/homeofwool.com\/shop\/baby-blanket\/#breadcrumb","itemListElement":[{"@type":"ListItem","position":1,"name":"Home","item":"https:\/\/homeofwool.com\/"},{"@type":"ListItem","position":2,"name":"Products","item":"https:\/\/homeofwool.com\/header-search-2\/"},{"@type":"ListItem","position":3,"name":"Pure Virgin Wool Baby Blanket"}]},{"@type":"WebSite","@id":"https:\/\/homeofwool.com\/#website","url":"https:\/\/homeofwool.com\/","name":"Thuis van Wol","description":"","publisher":{"@id":"https:\/\/homeofwool.com\/#organization"},"potentialAction":[{"@type":"SearchAction","target":{"@type":"EntryPoint","urlTemplate":"https:\/\/homeofwool.com\/?s={search_term_string}"},"query-input":{"@type":"PropertyValueSpecification","valueRequired":true,"valueName":"search_term_string"}}],"inLanguage":"nl-NL"},{"@type":"Organization","@id":"https:\/\/homeofwool.com\/#organization","name":"Thuis van Wol","url":"https:\/\/homeofwool.com\/","logo":{"@type":"ImageObject","inLanguage":"nl-NL","@id":"https:\/\/homeofwool.com\/#\/schema\/logo\/image\/","url":"https:\/\/homeofwool.com\/wp-content\/uploads\/2025\/09\/WhatsApp-Image-2025-12-02-at-16.23.20.jpeg","contentUrl":"https:\/\/homeofwool.com\/wp-content\/uploads\/2025\/09\/WhatsApp-Image-2025-12-02-at-16.23.20.jpeg","width":700,"height":247,"caption":"Home of Wool"},"image":{"@id":"https:\/\/homeofwool.com\/#\/schema\/logo\/image\/"},"sameAs":["https:\/\/facebook.com\/HomeOfWoolOfficial"]}]}},"_links":{"self":[{"href":"https:\/\/homeofwool.com\/nl\/wp-json\/wp\/v2\/product\/217592","targetHints":{"allow":["GET"]}}],"collection":[{"href":"https:\/\/homeofwool.com\/nl\/wp-json\/wp\/v2\/product"}],"about":[{"href":"https:\/\/homeofwool.com\/nl\/wp-json\/wp\/v2\/types\/product"}],"version-history":[{"count":2,"href":"https:\/\/homeofwool.com\/nl\/wp-json\/wp\/v2\/product\/217592\/revisions"}],"predecessor-version":[{"id":226816,"href":"https:\/\/homeofwool.com\/nl\/wp-json\/wp\/v2\/product\/217592\/revisions\/226816"}],"wp:featuredmedia":[{"embeddable":true,"href":"https:\/\/homeofwool.com\/nl\/wp-json\/wp\/v2\/media\/226812"}],"wp:attachment":[{"href":"https:\/\/homeofwool.com\/nl\/wp-json\/wp\/v2\/media?parent=217592"}],"wp:term":[{"taxonomy":"product_brand","embeddable":true,"href":"https:\/\/homeofwool.com\/nl\/wp-json\/wp\/v2\/product_brand?post=217592"},{"taxonomy":"product_cat","embeddable":true,"href":"https:\/\/homeofwool.com\/nl\/wp-json\/wp\/v2\/product_cat?post=217592"},{"taxonomy":"product_tag","embeddable":true,"href":"https:\/\/homeofwool.com\/nl\/wp-json\/wp\/v2\/product_tag?post=217592"}],"curies":[{"name":"wp","href":"https:\/\/api.w.org\/{rel}","templated":true}]}}