{"id":227488,"date":"2026-01-21T10:18:00","date_gmt":"2026-01-21T10:18:00","guid":{"rendered":"https:\/\/homeofwool.com\/?post_type=product&#038;p=227488"},"modified":"2026-02-17T10:35:21","modified_gmt":"2026-02-17T10:35:21","slug":"valentinsdag-gavekort","status":"publish","type":"product","link":"https:\/\/homeofwool.com\/nb\/shop\/valentines-day-gift-card\/","title":{"rendered":"Valentinsdag-gavekort"},"content":{"rendered":"<p>Denne valentinsdagen kan du gi mer enn en gave - gi varme, komfort og en f\u00f8lelse av \u00e5 v\u00e6re hjemme. \ud83e\udd0d<br \/>\nEt Home of Wool-gavekort er et kj\u00e6rlighetsbrev i form av myke teksturer, koselige \u00f8yeblikk og tidl\u00f8s design.<br \/>\nEnten det er til noen som fyller livet ditt med varme eller en p\u00e5minnelse om \u00e5 unne deg selv litt ekstra omtanke, lar gavekortene v\u00e5re kj\u00e6rligheten din merkes lenge etter at valentinsdagen er forbi.<br \/>\nFor den beste kj\u00e6rligheten er den man kan pakke seg inn i.<\/p>\n<p>Gavekortet er gyldig i ett \u00e5r fra kj\u00f8psdatoen.<br \/>\nKortet vil bli sendt p\u00e5 e-post n\u00e5r betalingen er mottatt.<br \/>\nGavekortet kan brukes i kassen.<br \/>\nSaldo kan sjekkes her: <a href=\"https:\/\/homeofwool.com\/nb\/saldoen-pa-gavekortet\/\" target=\"_blank\" rel=\"noopener\">Saldo p\u00e5 gavekortet<\/a><\/p>","protected":false},"excerpt":{"rendered":"<p>This Valentine\u2019s Day, gift more than a present &#8211; gift warmth, comfort, and a feeling of home. \ud83e\udd0d A Home of Wool Gift Card is a love letter in the form of soft textures, cozy moments, and timeless design. Whether it\u2019s for someone who fills your life with warmth or a reminder to treat yourself [&hellip;]<\/p>\n","protected":false},"featured_media":227489,"template":"","meta":{"_acf_changed":false},"product_brand":[],"product_cat":[15],"product_tag":[126],"class_list":{"0":"post-227488","1":"product","2":"type-product","3":"status-publish","4":"has-post-thumbnail","6":"product_cat-uncategorized","7":"product_tag-gift-card","9":"first","10":"instock","11":"shipping-taxable","12":"purchasable","13":"product-type-pw-gift-card","14":"has-default-attributes"},"acf":[],"yoast_head":"<!-- This site is optimized with the Yoast SEO Premium plugin v27.4 (Yoast SEO v27.4) - https:\/\/yoast.com\/product\/yoast-seo-premium-wordpress\/ -->\n<title>Valentine\u2019s Day Gift Card | Home Of Wool<\/title>\n<meta name=\"description\" content=\"Give the gift of choice with a Home Of Wool Valentine\u2019s Day Gift Card. Perfect for undecisive couples, it lets your loved one pick their favorite wool products. Valid for 1 year and redeemable online.\" \/>\n<meta name=\"robots\" content=\"index, follow, max-snippet:-1, max-image-preview:large, max-video-preview:-1\" \/>\n<link rel=\"canonical\" href=\"https:\/\/homeofwool.com\/nb\/butikk\/valentinsdag-gavekort\/\" \/>\n<meta property=\"og:locale\" content=\"nb_NO\" \/>\n<meta property=\"og:type\" content=\"article\" \/>\n<meta property=\"og:title\" content=\"Valentine&#039;s Day Gift Card\" \/>\n<meta property=\"og:description\" content=\"Give the gift of choice with a Home Of Wool Valentine\u2019s Day Gift Card. Perfect for undecisive couples, it lets your loved one pick their favorite wool products. Valid for 1 year and redeemable online.\" \/>\n<meta property=\"og:url\" content=\"https:\/\/homeofwool.com\/nb\/butikk\/valentinsdag-gavekort\/\" \/>\n<meta property=\"og:site_name\" content=\"Home of Wool\" \/>\n<meta property=\"article:publisher\" content=\"https:\/\/facebook.com\/HomeOfWoolOfficial\" \/>\n<meta property=\"article:modified_time\" content=\"2026-02-17T10:35:21+00:00\" \/>\n<meta property=\"og:image\" content=\"https:\/\/homeofwool.com\/wp-content\/uploads\/2026\/01\/home_of_wool_valentines_gift_main.webp\" \/>\n\t<meta property=\"og:image:width\" content=\"1706\" \/>\n\t<meta property=\"og:image:height\" content=\"1365\" \/>\n\t<meta property=\"og:image:type\" content=\"image\/webp\" \/>\n<meta name=\"twitter:card\" content=\"summary_large_image\" \/>\n<meta name=\"twitter:label1\" content=\"Ansl. lesetid\" \/>\n\t<meta name=\"twitter:data1\" content=\"1 minutt\" \/>\n<script type=\"application\/ld+json\" class=\"yoast-schema-graph\">{\"@context\":\"https:\\\/\\\/schema.org\",\"@graph\":[{\"@type\":\"WebPage\",\"@id\":\"https:\\\/\\\/homeofwool.com\\\/shop\\\/valentines-day-gift-card\\\/\",\"url\":\"https:\\\/\\\/homeofwool.com\\\/shop\\\/valentines-day-gift-card\\\/\",\"name\":\"Valentine\u2019s Day Gift Card | Home Of Wool\",\"isPartOf\":{\"@id\":\"https:\\\/\\\/homeofwool.com\\\/#website\"},\"primaryImageOfPage\":{\"@id\":\"https:\\\/\\\/homeofwool.com\\\/shop\\\/valentines-day-gift-card\\\/#primaryimage\"},\"image\":{\"@id\":\"https:\\\/\\\/homeofwool.com\\\/shop\\\/valentines-day-gift-card\\\/#primaryimage\"},\"thumbnailUrl\":\"https:\\\/\\\/homeofwool.com\\\/wp-content\\\/uploads\\\/2026\\\/01\\\/home_of_wool_valentines_gift_main.webp\",\"datePublished\":\"2026-01-21T10:18:00+00:00\",\"dateModified\":\"2026-02-17T10:35:21+00:00\",\"description\":\"Give the gift of choice with a Home Of Wool Valentine\u2019s Day Gift Card. Perfect for undecisive couples, it lets your loved one pick their favorite wool products. Valid for 1 year and redeemable online.\",\"breadcrumb\":{\"@id\":\"https:\\\/\\\/homeofwool.com\\\/shop\\\/valentines-day-gift-card\\\/#breadcrumb\"},\"inLanguage\":\"nb-NO\",\"potentialAction\":[{\"@type\":\"ReadAction\",\"target\":[\"https:\\\/\\\/homeofwool.com\\\/shop\\\/valentines-day-gift-card\\\/\"]}]},{\"@type\":\"ImageObject\",\"inLanguage\":\"nb-NO\",\"@id\":\"https:\\\/\\\/homeofwool.com\\\/shop\\\/valentines-day-gift-card\\\/#primaryimage\",\"url\":\"https:\\\/\\\/homeofwool.com\\\/wp-content\\\/uploads\\\/2026\\\/01\\\/home_of_wool_valentines_gift_main.webp\",\"contentUrl\":\"https:\\\/\\\/homeofwool.com\\\/wp-content\\\/uploads\\\/2026\\\/01\\\/home_of_wool_valentines_gift_main.webp\",\"width\":1706,\"height\":1365,\"caption\":\"home of wool valentine's day gift card with heards and ribbon\"},{\"@type\":\"BreadcrumbList\",\"@id\":\"https:\\\/\\\/homeofwool.com\\\/shop\\\/valentines-day-gift-card\\\/#breadcrumb\",\"itemListElement\":[{\"@type\":\"ListItem\",\"position\":1,\"name\":\"Home\",\"item\":\"https:\\\/\\\/homeofwool.com\\\/\"},{\"@type\":\"ListItem\",\"position\":2,\"name\":\"Products\",\"item\":\"https:\\\/\\\/homeofwool.com\\\/header-search-2\\\/\"},{\"@type\":\"ListItem\",\"position\":3,\"name\":\"Valentine&#8217;s Day Gift Card\"}]},{\"@type\":\"WebSite\",\"@id\":\"https:\\\/\\\/homeofwool.com\\\/#website\",\"url\":\"https:\\\/\\\/homeofwool.com\\\/\",\"name\":\"Home of Wool\",\"description\":\"\",\"publisher\":{\"@id\":\"https:\\\/\\\/homeofwool.com\\\/#organization\"},\"potentialAction\":[{\"@type\":\"SearchAction\",\"target\":{\"@type\":\"EntryPoint\",\"urlTemplate\":\"https:\\\/\\\/homeofwool.com\\\/?s={search_term_string}\"},\"query-input\":{\"@type\":\"PropertyValueSpecification\",\"valueRequired\":true,\"valueName\":\"search_term_string\"}}],\"inLanguage\":\"nb-NO\"},{\"@type\":\"Organization\",\"@id\":\"https:\\\/\\\/homeofwool.com\\\/#organization\",\"name\":\"Home of Wool\",\"url\":\"https:\\\/\\\/homeofwool.com\\\/\",\"logo\":{\"@type\":\"ImageObject\",\"inLanguage\":\"nb-NO\",\"@id\":\"https:\\\/\\\/homeofwool.com\\\/#\\\/schema\\\/logo\\\/image\\\/\",\"url\":\"https:\\\/\\\/homeofwool.com\\\/wp-content\\\/uploads\\\/2025\\\/09\\\/WhatsApp-Image-2025-12-02-at-16.23.20.jpeg\",\"contentUrl\":\"https:\\\/\\\/homeofwool.com\\\/wp-content\\\/uploads\\\/2025\\\/09\\\/WhatsApp-Image-2025-12-02-at-16.23.20.jpeg\",\"width\":700,\"height\":247,\"caption\":\"Home of Wool\"},\"image\":{\"@id\":\"https:\\\/\\\/homeofwool.com\\\/#\\\/schema\\\/logo\\\/image\\\/\"},\"sameAs\":[\"https:\\\/\\\/facebook.com\\\/HomeOfWoolOfficial\"]}]}<\/script>\n<!-- \/ Yoast SEO Premium plugin. -->","yoast_head_json":{"title":"Valentinsdag-gavekort | Home Of Wool","description":"Gi en gave med valgfrihet med et Home Of Wool Valentine's Day-gavekort. Perfekt for par som ikke har bestemt seg, og lar din kj\u00e6re velge sine favorittprodukter i ull. Gyldig i 1 \u00e5r og kan innl\u00f8ses p\u00e5 nett.","robots":{"index":"index","follow":"follow","max-snippet":"max-snippet:-1","max-image-preview":"max-image-preview:large","max-video-preview":"max-video-preview:-1"},"canonical":"https:\/\/homeofwool.com\/nb\/butikk\/valentinsdag-gavekort\/","og_locale":"nb_NO","og_type":"article","og_title":"Valentine's Day Gift Card","og_description":"Give the gift of choice with a Home Of Wool Valentine\u2019s Day Gift Card. Perfect for undecisive couples, it lets your loved one pick their favorite wool products. Valid for 1 year and redeemable online.","og_url":"https:\/\/homeofwool.com\/nb\/butikk\/valentinsdag-gavekort\/","og_site_name":"Home of Wool","article_publisher":"https:\/\/facebook.com\/HomeOfWoolOfficial","article_modified_time":"2026-02-17T10:35:21+00:00","og_image":[{"width":1706,"height":1365,"url":"https:\/\/homeofwool.com\/wp-content\/uploads\/2026\/01\/home_of_wool_valentines_gift_main.webp","type":"image\/webp"}],"twitter_card":"summary_large_image","twitter_misc":{"Ansl. lesetid":"1 minutt"},"schema":{"@context":"https:\/\/schema.org","@graph":[{"@type":"WebPage","@id":"https:\/\/homeofwool.com\/shop\/valentines-day-gift-card\/","url":"https:\/\/homeofwool.com\/shop\/valentines-day-gift-card\/","name":"Valentinsdag-gavekort | Home Of Wool","isPartOf":{"@id":"https:\/\/homeofwool.com\/#website"},"primaryImageOfPage":{"@id":"https:\/\/homeofwool.com\/shop\/valentines-day-gift-card\/#primaryimage"},"image":{"@id":"https:\/\/homeofwool.com\/shop\/valentines-day-gift-card\/#primaryimage"},"thumbnailUrl":"https:\/\/homeofwool.com\/wp-content\/uploads\/2026\/01\/home_of_wool_valentines_gift_main.webp","datePublished":"2026-01-21T10:18:00+00:00","dateModified":"2026-02-17T10:35:21+00:00","description":"Gi en gave med valgfrihet med et Home Of Wool Valentine's Day-gavekort. Perfekt for par som ikke har bestemt seg, og lar din kj\u00e6re velge sine favorittprodukter i ull. Gyldig i 1 \u00e5r og kan innl\u00f8ses p\u00e5 nett.","breadcrumb":{"@id":"https:\/\/homeofwool.com\/shop\/valentines-day-gift-card\/#breadcrumb"},"inLanguage":"nb-NO","potentialAction":[{"@type":"ReadAction","target":["https:\/\/homeofwool.com\/shop\/valentines-day-gift-card\/"]}]},{"@type":"ImageObject","inLanguage":"nb-NO","@id":"https:\/\/homeofwool.com\/shop\/valentines-day-gift-card\/#primaryimage","url":"https:\/\/homeofwool.com\/wp-content\/uploads\/2026\/01\/home_of_wool_valentines_gift_main.webp","contentUrl":"https:\/\/homeofwool.com\/wp-content\/uploads\/2026\/01\/home_of_wool_valentines_gift_main.webp","width":1706,"height":1365,"caption":"home of wool valentine's day gift card with heards and ribbon"},{"@type":"BreadcrumbList","@id":"https:\/\/homeofwool.com\/shop\/valentines-day-gift-card\/#breadcrumb","itemListElement":[{"@type":"ListItem","position":1,"name":"Home","item":"https:\/\/homeofwool.com\/"},{"@type":"ListItem","position":2,"name":"Products","item":"https:\/\/homeofwool.com\/header-search-2\/"},{"@type":"ListItem","position":3,"name":"Valentine&#8217;s Day Gift Card"}]},{"@type":"WebSite","@id":"https:\/\/homeofwool.com\/#website","url":"https:\/\/homeofwool.com\/","name":"Hjem til ull","description":"","publisher":{"@id":"https:\/\/homeofwool.com\/#organization"},"potentialAction":[{"@type":"SearchAction","target":{"@type":"EntryPoint","urlTemplate":"https:\/\/homeofwool.com\/?s={search_term_string}"},"query-input":{"@type":"PropertyValueSpecification","valueRequired":true,"valueName":"search_term_string"}}],"inLanguage":"nb-NO"},{"@type":"Organization","@id":"https:\/\/homeofwool.com\/#organization","name":"Hjem til ull","url":"https:\/\/homeofwool.com\/","logo":{"@type":"ImageObject","inLanguage":"nb-NO","@id":"https:\/\/homeofwool.com\/#\/schema\/logo\/image\/","url":"https:\/\/homeofwool.com\/wp-content\/uploads\/2025\/09\/WhatsApp-Image-2025-12-02-at-16.23.20.jpeg","contentUrl":"https:\/\/homeofwool.com\/wp-content\/uploads\/2025\/09\/WhatsApp-Image-2025-12-02-at-16.23.20.jpeg","width":700,"height":247,"caption":"Home of Wool"},"image":{"@id":"https:\/\/homeofwool.com\/#\/schema\/logo\/image\/"},"sameAs":["https:\/\/facebook.com\/HomeOfWoolOfficial"]}]}},"_links":{"self":[{"href":"https:\/\/homeofwool.com\/nb\/wp-json\/wp\/v2\/product\/227488","targetHints":{"allow":["GET"]}}],"collection":[{"href":"https:\/\/homeofwool.com\/nb\/wp-json\/wp\/v2\/product"}],"about":[{"href":"https:\/\/homeofwool.com\/nb\/wp-json\/wp\/v2\/types\/product"}],"version-history":[{"count":4,"href":"https:\/\/homeofwool.com\/nb\/wp-json\/wp\/v2\/product\/227488\/revisions"}],"predecessor-version":[{"id":227923,"href":"https:\/\/homeofwool.com\/nb\/wp-json\/wp\/v2\/product\/227488\/revisions\/227923"}],"wp:featuredmedia":[{"embeddable":true,"href":"https:\/\/homeofwool.com\/nb\/wp-json\/wp\/v2\/media\/227489"}],"wp:attachment":[{"href":"https:\/\/homeofwool.com\/nb\/wp-json\/wp\/v2\/media?parent=227488"}],"wp:term":[{"taxonomy":"product_brand","embeddable":true,"href":"https:\/\/homeofwool.com\/nb\/wp-json\/wp\/v2\/product_brand?post=227488"},{"taxonomy":"product_cat","embeddable":true,"href":"https:\/\/homeofwool.com\/nb\/wp-json\/wp\/v2\/product_cat?post=227488"},{"taxonomy":"product_tag","embeddable":true,"href":"https:\/\/homeofwool.com\/nb\/wp-json\/wp\/v2\/product_tag?post=227488"}],"curies":[{"name":"wp","href":"https:\/\/api.w.org\/{rel}","templated":true}]}}