{"id":227322,"date":"2026-01-15T10:49:25","date_gmt":"2026-01-15T10:49:25","guid":{"rendered":"https:\/\/homeofwool.com\/?post_type=product&#038;p=227322"},"modified":"2026-01-20T10:33:47","modified_gmt":"2026-01-20T10:33:47","slug":"sengedelingspute-med-avtakbart-trekk-tilpasset-leilani","status":"publish","type":"product","link":"https:\/\/homeofwool.com\/nb\/shop\/bed-sharing-cushion-with-removable-cover-custom-for-leilani\/","title":{"rendered":"Sengedelingspute med avtakbart trekk \/ tilpasset Leilani"},"content":{"rendered":"<p>SENGDELINGSPUTSE med avtakbart trekk<\/p>\n<p>78,7 x 45,7 cm (31 x 18\u201d)<br \/>\nFYLL: 1,6 kg (3,6 lbs) \u00f8kologisk l\u00f8sull<\/p>\n<p>EGENSKAPER:<br \/>\nVaskbart trekk.<br \/>\nH\u00f8ye konturer som beskytter barnet mot \u00e5 rulle bort og mot at du ruller over barnet.<br \/>\nHengek\u00f8yeomr\u00e5det i midten gj\u00f8r at babyen kan ligge p\u00e5 foreldrenes madrass.<br \/>\nGlidel\u00e5s for \u00e5 justere ullfyllet ved behov.<\/p>\n<p>VALGFRI PUTE I MIDTEN FOR \u00c5 GJ\u00d8RE OM TIL MADRASS: NEI<\/p>\n<p>LEGG TIL PERSONLIGE EMBRODERIER:- nei<\/p>\n<p>PUTESTOFF:\u25cf 100% \u00d8kologisk bomull, mellomvekt, ubleket (GOTS-sertifisert)<\/p>\n<p>+ LEGG TIL SLIPCOVER STOFF (avtakbart, vaskbart):\u25cf 100% \u00d8kologisk bomull, mellomvekt, ubleket (GOTS-sertifisert)<\/p>\n<p>DIN FRAKTMETODE: - GRATIS FEDEX ECONOMY, 7-10 dagers transittid<\/p>","protected":false},"excerpt":{"rendered":"<p>BED SHARING CUSHION with removable cover 31 x 18&#8221; (78.7 x 45.7 cm) FILLING: 1.6 kg (3.6 lbs) of Organic Loose Wool FEATURES: Washable cover. High contours to protect the baby from rolling away and from you rolling over the baby. Hammock area in the middle allows the baby to lay on the parents\u2019 mattress. [&hellip;]<\/p>\n","protected":false},"featured_media":220500,"template":"","meta":{"_acf_changed":false},"product_brand":[],"product_cat":[266],"product_tag":[1365],"class_list":{"0":"post-227322","1":"product","2":"type-product","3":"status-publish","4":"has-post-thumbnail","6":"product_cat-baby-sleep-products","7":"product_tag-custom-for-leilani","9":"first","10":"instock","11":"shipping-taxable","12":"purchasable","13":"product-type-simple"},"acf":[],"yoast_head":"<!-- This site is optimized with the Yoast SEO Premium plugin v27.3 (Yoast SEO v27.3) - https:\/\/yoast.com\/product\/yoast-seo-premium-wordpress\/ -->\n<title>Bed Sharing Cushion with Removable Cover \/ Custom for Leilani | Home of Wool<\/title>\n<meta name=\"robots\" content=\"noindex, nofollow\" \/>\n<meta property=\"og:locale\" content=\"nb_NO\" \/>\n<meta property=\"og:type\" content=\"article\" \/>\n<meta property=\"og:title\" content=\"Bed Sharing Cushion with Removable Cover \/ Custom for Leilani\" \/>\n<meta property=\"og:description\" content=\"BED SHARING CUSHION with removable cover 31 x 18&#8221; (78.7 x 45.7 cm) FILLING: 1.6 kg (3.6 lbs) of Organic Loose Wool FEATURES: Washable cover. High contours to protect the baby from rolling away and from you rolling over the baby. Hammock area in the middle allows the baby to lay on the parents\u2019 mattress. [&hellip;]\" \/>\n<meta property=\"og:url\" content=\"https:\/\/homeofwool.com\/nb\/butikk\/sengedelingspute-med-avtakbart-trekk-tilpasset-leilani\/\" \/>\n<meta property=\"og:site_name\" content=\"Home of Wool\" \/>\n<meta property=\"article:publisher\" content=\"https:\/\/facebook.com\/HomeOfWoolOfficial\" \/>\n<meta property=\"article:modified_time\" content=\"2026-01-20T10:33:47+00:00\" \/>\n<meta property=\"og:image\" content=\"https:\/\/homeofwool.com\/wp-content\/uploads\/2025\/09\/cropped-cropped-home-of-wool-logo-favicon-192x192.png.webp\" \/>\n\t<meta property=\"og:image:width\" content=\"512\" \/>\n\t<meta property=\"og:image:height\" content=\"512\" \/>\n\t<meta property=\"og:image:type\" content=\"image\/webp\" \/>\n<meta name=\"twitter:card\" content=\"summary_large_image\" \/>\n<meta name=\"twitter:label1\" content=\"Ansl. lesetid\" \/>\n\t<meta name=\"twitter:data1\" content=\"1 minutt\" \/>\n<script type=\"application\/ld+json\" class=\"yoast-schema-graph\">{\"@context\":\"https:\\\/\\\/schema.org\",\"@graph\":[{\"@type\":\"WebPage\",\"@id\":\"https:\\\/\\\/homeofwool.com\\\/shop\\\/bed-sharing-cushion-with-removable-cover-custom-for-leilani\\\/\",\"url\":\"https:\\\/\\\/homeofwool.com\\\/shop\\\/bed-sharing-cushion-with-removable-cover-custom-for-leilani\\\/\",\"name\":\"Bed Sharing Cushion with Removable Cover \\\/ Custom for Leilani | Home of Wool\",\"isPartOf\":{\"@id\":\"https:\\\/\\\/homeofwool.com\\\/#website\"},\"primaryImageOfPage\":{\"@id\":\"https:\\\/\\\/homeofwool.com\\\/shop\\\/bed-sharing-cushion-with-removable-cover-custom-for-leilani\\\/#primaryimage\"},\"image\":{\"@id\":\"https:\\\/\\\/homeofwool.com\\\/shop\\\/bed-sharing-cushion-with-removable-cover-custom-for-leilani\\\/#primaryimage\"},\"thumbnailUrl\":\"https:\\\/\\\/homeofwool.com\\\/wp-content\\\/uploads\\\/2025\\\/09\\\/cropped-cropped-home-of-wool-logo-favicon-192x192.png.webp\",\"datePublished\":\"2026-01-15T10:49:25+00:00\",\"dateModified\":\"2026-01-20T10:33:47+00:00\",\"breadcrumb\":{\"@id\":\"https:\\\/\\\/homeofwool.com\\\/shop\\\/bed-sharing-cushion-with-removable-cover-custom-for-leilani\\\/#breadcrumb\"},\"inLanguage\":\"nb-NO\",\"potentialAction\":[{\"@type\":\"ReadAction\",\"target\":[\"https:\\\/\\\/homeofwool.com\\\/shop\\\/bed-sharing-cushion-with-removable-cover-custom-for-leilani\\\/\"]}]},{\"@type\":\"ImageObject\",\"inLanguage\":\"nb-NO\",\"@id\":\"https:\\\/\\\/homeofwool.com\\\/shop\\\/bed-sharing-cushion-with-removable-cover-custom-for-leilani\\\/#primaryimage\",\"url\":\"https:\\\/\\\/homeofwool.com\\\/wp-content\\\/uploads\\\/2025\\\/09\\\/cropped-cropped-home-of-wool-logo-favicon-192x192.png.webp\",\"contentUrl\":\"https:\\\/\\\/homeofwool.com\\\/wp-content\\\/uploads\\\/2025\\\/09\\\/cropped-cropped-home-of-wool-logo-favicon-192x192.png.webp\",\"width\":512,\"height\":512},{\"@type\":\"BreadcrumbList\",\"@id\":\"https:\\\/\\\/homeofwool.com\\\/shop\\\/bed-sharing-cushion-with-removable-cover-custom-for-leilani\\\/#breadcrumb\",\"itemListElement\":[{\"@type\":\"ListItem\",\"position\":1,\"name\":\"Home\",\"item\":\"https:\\\/\\\/homeofwool.com\\\/\"},{\"@type\":\"ListItem\",\"position\":2,\"name\":\"Products\",\"item\":\"https:\\\/\\\/homeofwool.com\\\/header-search-2\\\/\"},{\"@type\":\"ListItem\",\"position\":3,\"name\":\"Bed Sharing Cushion with Removable Cover \\\/ Custom for Leilani\"}]},{\"@type\":\"WebSite\",\"@id\":\"https:\\\/\\\/homeofwool.com\\\/#website\",\"url\":\"https:\\\/\\\/homeofwool.com\\\/\",\"name\":\"Home of Wool\",\"description\":\"\",\"publisher\":{\"@id\":\"https:\\\/\\\/homeofwool.com\\\/#organization\"},\"potentialAction\":[{\"@type\":\"SearchAction\",\"target\":{\"@type\":\"EntryPoint\",\"urlTemplate\":\"https:\\\/\\\/homeofwool.com\\\/?s={search_term_string}\"},\"query-input\":{\"@type\":\"PropertyValueSpecification\",\"valueRequired\":true,\"valueName\":\"search_term_string\"}}],\"inLanguage\":\"nb-NO\"},{\"@type\":\"Organization\",\"@id\":\"https:\\\/\\\/homeofwool.com\\\/#organization\",\"name\":\"Home of Wool\",\"url\":\"https:\\\/\\\/homeofwool.com\\\/\",\"logo\":{\"@type\":\"ImageObject\",\"inLanguage\":\"nb-NO\",\"@id\":\"https:\\\/\\\/homeofwool.com\\\/#\\\/schema\\\/logo\\\/image\\\/\",\"url\":\"https:\\\/\\\/homeofwool.com\\\/wp-content\\\/uploads\\\/2025\\\/09\\\/WhatsApp-Image-2025-12-02-at-16.23.20.jpeg\",\"contentUrl\":\"https:\\\/\\\/homeofwool.com\\\/wp-content\\\/uploads\\\/2025\\\/09\\\/WhatsApp-Image-2025-12-02-at-16.23.20.jpeg\",\"width\":700,\"height\":247,\"caption\":\"Home of Wool\"},\"image\":{\"@id\":\"https:\\\/\\\/homeofwool.com\\\/#\\\/schema\\\/logo\\\/image\\\/\"},\"sameAs\":[\"https:\\\/\\\/facebook.com\\\/HomeOfWoolOfficial\"]}]}<\/script>\n<!-- \/ Yoast SEO Premium plugin. -->","yoast_head_json":{"title":"Sengedelingspute med avtakbart trekk \/ tilpasset Leilani | Home of Wool","robots":{"index":"noindex","follow":"nofollow"},"og_locale":"nb_NO","og_type":"article","og_title":"Bed Sharing Cushion with Removable Cover \/ Custom for Leilani","og_description":"BED SHARING CUSHION with removable cover 31 x 18&#8221; (78.7 x 45.7 cm) FILLING: 1.6 kg (3.6 lbs) of Organic Loose Wool FEATURES: Washable cover. High contours to protect the baby from rolling away and from you rolling over the baby. Hammock area in the middle allows the baby to lay on the parents\u2019 mattress. [&hellip;]","og_url":"https:\/\/homeofwool.com\/nb\/butikk\/sengedelingspute-med-avtakbart-trekk-tilpasset-leilani\/","og_site_name":"Home of Wool","article_publisher":"https:\/\/facebook.com\/HomeOfWoolOfficial","article_modified_time":"2026-01-20T10:33:47+00:00","og_image":[{"width":512,"height":512,"url":"https:\/\/homeofwool.com\/wp-content\/uploads\/2025\/09\/cropped-cropped-home-of-wool-logo-favicon-192x192.png.webp","type":"image\/webp"}],"twitter_card":"summary_large_image","twitter_misc":{"Ansl. lesetid":"1 minutt"},"schema":{"@context":"https:\/\/schema.org","@graph":[{"@type":"WebPage","@id":"https:\/\/homeofwool.com\/shop\/bed-sharing-cushion-with-removable-cover-custom-for-leilani\/","url":"https:\/\/homeofwool.com\/shop\/bed-sharing-cushion-with-removable-cover-custom-for-leilani\/","name":"Sengedelingspute med avtakbart trekk \/ tilpasset Leilani | Home of Wool","isPartOf":{"@id":"https:\/\/homeofwool.com\/#website"},"primaryImageOfPage":{"@id":"https:\/\/homeofwool.com\/shop\/bed-sharing-cushion-with-removable-cover-custom-for-leilani\/#primaryimage"},"image":{"@id":"https:\/\/homeofwool.com\/shop\/bed-sharing-cushion-with-removable-cover-custom-for-leilani\/#primaryimage"},"thumbnailUrl":"https:\/\/homeofwool.com\/wp-content\/uploads\/2025\/09\/cropped-cropped-home-of-wool-logo-favicon-192x192.png.webp","datePublished":"2026-01-15T10:49:25+00:00","dateModified":"2026-01-20T10:33:47+00:00","breadcrumb":{"@id":"https:\/\/homeofwool.com\/shop\/bed-sharing-cushion-with-removable-cover-custom-for-leilani\/#breadcrumb"},"inLanguage":"nb-NO","potentialAction":[{"@type":"ReadAction","target":["https:\/\/homeofwool.com\/shop\/bed-sharing-cushion-with-removable-cover-custom-for-leilani\/"]}]},{"@type":"ImageObject","inLanguage":"nb-NO","@id":"https:\/\/homeofwool.com\/shop\/bed-sharing-cushion-with-removable-cover-custom-for-leilani\/#primaryimage","url":"https:\/\/homeofwool.com\/wp-content\/uploads\/2025\/09\/cropped-cropped-home-of-wool-logo-favicon-192x192.png.webp","contentUrl":"https:\/\/homeofwool.com\/wp-content\/uploads\/2025\/09\/cropped-cropped-home-of-wool-logo-favicon-192x192.png.webp","width":512,"height":512},{"@type":"BreadcrumbList","@id":"https:\/\/homeofwool.com\/shop\/bed-sharing-cushion-with-removable-cover-custom-for-leilani\/#breadcrumb","itemListElement":[{"@type":"ListItem","position":1,"name":"Home","item":"https:\/\/homeofwool.com\/"},{"@type":"ListItem","position":2,"name":"Products","item":"https:\/\/homeofwool.com\/header-search-2\/"},{"@type":"ListItem","position":3,"name":"Bed Sharing Cushion with Removable Cover \/ Custom for Leilani"}]},{"@type":"WebSite","@id":"https:\/\/homeofwool.com\/#website","url":"https:\/\/homeofwool.com\/","name":"Hjem til ull","description":"","publisher":{"@id":"https:\/\/homeofwool.com\/#organization"},"potentialAction":[{"@type":"SearchAction","target":{"@type":"EntryPoint","urlTemplate":"https:\/\/homeofwool.com\/?s={search_term_string}"},"query-input":{"@type":"PropertyValueSpecification","valueRequired":true,"valueName":"search_term_string"}}],"inLanguage":"nb-NO"},{"@type":"Organization","@id":"https:\/\/homeofwool.com\/#organization","name":"Hjem til ull","url":"https:\/\/homeofwool.com\/","logo":{"@type":"ImageObject","inLanguage":"nb-NO","@id":"https:\/\/homeofwool.com\/#\/schema\/logo\/image\/","url":"https:\/\/homeofwool.com\/wp-content\/uploads\/2025\/09\/WhatsApp-Image-2025-12-02-at-16.23.20.jpeg","contentUrl":"https:\/\/homeofwool.com\/wp-content\/uploads\/2025\/09\/WhatsApp-Image-2025-12-02-at-16.23.20.jpeg","width":700,"height":247,"caption":"Home of Wool"},"image":{"@id":"https:\/\/homeofwool.com\/#\/schema\/logo\/image\/"},"sameAs":["https:\/\/facebook.com\/HomeOfWoolOfficial"]}]}},"_links":{"self":[{"href":"https:\/\/homeofwool.com\/nb\/wp-json\/wp\/v2\/product\/227322","targetHints":{"allow":["GET"]}}],"collection":[{"href":"https:\/\/homeofwool.com\/nb\/wp-json\/wp\/v2\/product"}],"about":[{"href":"https:\/\/homeofwool.com\/nb\/wp-json\/wp\/v2\/types\/product"}],"version-history":[{"count":1,"href":"https:\/\/homeofwool.com\/nb\/wp-json\/wp\/v2\/product\/227322\/revisions"}],"predecessor-version":[{"id":227323,"href":"https:\/\/homeofwool.com\/nb\/wp-json\/wp\/v2\/product\/227322\/revisions\/227323"}],"wp:featuredmedia":[{"embeddable":true,"href":"https:\/\/homeofwool.com\/nb\/wp-json\/wp\/v2\/media\/220500"}],"wp:attachment":[{"href":"https:\/\/homeofwool.com\/nb\/wp-json\/wp\/v2\/media?parent=227322"}],"wp:term":[{"taxonomy":"product_brand","embeddable":true,"href":"https:\/\/homeofwool.com\/nb\/wp-json\/wp\/v2\/product_brand?post=227322"},{"taxonomy":"product_cat","embeddable":true,"href":"https:\/\/homeofwool.com\/nb\/wp-json\/wp\/v2\/product_cat?post=227322"},{"taxonomy":"product_tag","embeddable":true,"href":"https:\/\/homeofwool.com\/nb\/wp-json\/wp\/v2\/product_tag?post=227322"}],"curies":[{"name":"wp","href":"https:\/\/api.w.org\/{rel}","templated":true}]}}