{"id":223729,"date":"2025-11-03T07:23:34","date_gmt":"2025-11-03T07:23:34","guid":{"rendered":"https:\/\/homeofwool.com\/?post_type=product&#038;p=223729"},"modified":"2026-01-30T12:29:24","modified_gmt":"2026-01-30T12:29:24","slug":"skjonnhetssovn-sett","status":"publish","type":"product","link":"https:\/\/homeofwool.com\/nb\/shop\/beauty-sleep-set\/","title":{"rendered":"Sk\u00f8nhedss\u00f8vn-s\u00e6t - Morb\u00e6rsilke"},"content":{"rendered":"<p class=\"ql-block\" data-block-id=\"block-d767229f-9309-43d7-b80b-4dd5071d5417\">V\u00e5kn opp med str\u00e5lende hud og glansfullt h\u00e5r med Home of Wool Beauty Sleep Set. Dette er ditt alt-i-ett anti-aldringssett for s\u00f8vn. Mulberry-silke f\u00f8les lett og myk. Den er sk\u00e5nsom mot hud og h\u00e5r. Den hjelper dem med \u00e5 beholde sin naturlige mykhet og glans. Hemmeligheten? Naturlig silke er fullpakket med aminosyrer som hjelper med \u00e5 holde dem glatte og sunne.<\/p>\n<p class=\"ql-block\" data-block-id=\"block-4af61955-2fbb-4b68-944f-e51489de79f1\">Silke\u00f8yenmasken med ullfyll kombinerer kj\u00f8lig silke med pustende ull. Den smelter sammen det lette og gir deg friskere morgener. Alt dette mens den gir fuktighet til ansiktet ditt mens du sover.<\/p>\n<p class=\"ql-block\" data-block-id=\"block-88e52b3d-a6b4-4c27-880c-c2d9c119e642\">Silkeh\u00e5rb\u00e5ndet beskytter h\u00e5ret mot friksjon og t\u00f8rrhet, og bidrar til \u00e5 redusere h\u00e5rbrudd og bevare glansen mens du sover. Silkeh\u00e5rb\u00e5ndet holder h\u00e5ret komfortabelt p\u00e5 plass under hudpleieritualer. H\u00e5rstrikken fullf\u00f8rer settet og er perfekt for hjemmebruk eller som et stilig tilbeh\u00f8r til hverdagsbruk.<\/p>\n<p class=\"ql-block\" data-block-id=\"block-993a3a38-7ca1-4e77-8346-fafca4904f15\">Settet har sin egen silkepose, slik at alt holdes organisert. Tilbeh\u00f8ret kan kj\u00f8pes separat, men n\u00e5r du velger det komplette settet, f\u00e5r du h\u00e5rstrikken og silkeposen som gratis gaver.<\/p>\n<p data-block-id=\"block-993a3a38-7ca1-4e77-8346-fafca4904f15\">Valgfritt silkeputetrekk:<\/p>\n<ul>\n<li data-block-id=\"block-993a3a38-7ca1-4e77-8346-fafca4904f15\">St\u00f8rrelse: 50,8 x 66 cm<\/li>\n<\/ul>","protected":false},"excerpt":{"rendered":"<p>Opplev ekte nattlig luksus med v\u00e5rt Beauty Sleep Set. Et anti-aldringssovekit laget for \u00e5 pleie huden og h\u00e5ret ditt mens du hviler. Pakken inneholder en silke\u00f8yeplast med ullfyll, silkeh\u00e5rb\u00e5nd, silkeh\u00e5rb\u00e5nd og h\u00e5rstrikk. Hele kolleksjonen er laget av ren morb\u00e6rsilke. Ingen fargestoffer eller kjemiske behandlinger.<\/p>\n<div class=\"global-icon-set\">\n<div class=\"global-icon-set__items\">\n<div class=\"global-icon-set__item\">\n<div class=\"global-icon-set__image\">\n                                    <img decoding=\"async\" src=\"https:\/\/homeofwool.com\/wp-content\/uploads\/2025\/09\/handmade-icon-300x300.png\" alt=\"h\u00e5ndlaget ikon\" \/>\n                                <\/div>\n<div class=\"global-icon-set__title\">H\u00e5ndlaget<\/div>\n<\/p><\/div>\n<div class=\"global-icon-set__item\">\n<div class=\"global-icon-set__image\">\n                                    <img decoding=\"async\" src=\"https:\/\/homeofwool.com\/wp-content\/uploads\/2025\/09\/VOCs-min-300x300.png\" alt=\"vocs gratis\" \/>\n                                <\/div>\n<div class=\"global-icon-set__title\">VOC-fri<\/div>\n<\/p><\/div>\n<div class=\"global-icon-set__item\">\n<div class=\"global-icon-set__image\">\n                                    <img decoding=\"async\" src=\"https:\/\/homeofwool.com\/wp-content\/uploads\/2025\/09\/FR-min-300x300.png\" alt=\"brannsikker ikon\" \/>\n                                <\/div>\n<div class=\"global-icon-set__title\">Flammebestandig<\/div>\n<\/p><\/div>\n<div class=\"global-icon-set__item\">\n<div class=\"global-icon-set__image\">\n                                    <img decoding=\"async\" src=\"https:\/\/homeofwool.com\/wp-content\/uploads\/2025\/09\/Hypoallergenic-min-300x300.png\" alt=\"allergivennlig ikon\" \/>\n                                <\/div>\n<div class=\"global-icon-set__title\">Allergivenlig<\/div>\n<\/p><\/div>\n<div class=\"global-icon-set__item\">\n<div class=\"global-icon-set__image\">\n                                    <img decoding=\"async\" src=\"https:\/\/homeofwool.com\/wp-content\/uploads\/2025\/09\/free-of-synthetics-icon-300x300.png\" alt=\"fri for syntetiske stoffer ikon\" \/>\n                                <\/div>\n<div class=\"global-icon-set__title\">Fri for syntetiske stoffer<\/div>\n<\/p><\/div>\n<div class=\"global-icon-set__item\">\n<div class=\"global-icon-set__image\">\n                                    <img decoding=\"async\" src=\"https:\/\/homeofwool.com\/wp-content\/uploads\/2025\/09\/chemical-free-icon-300x300.png\" alt=\"kjemikaliefritt ikon\" \/>\n                                <\/div>\n<div class=\"global-icon-set__title\">Kjemikaliefri<\/div>\n<\/p><\/div>\n<div class=\"global-icon-set__item\">\n<div class=\"global-icon-set__image\">\n                                    <img decoding=\"async\" src=\"https:\/\/homeofwool.com\/wp-content\/uploads\/2025\/09\/certified-materials-icon-300x300.png\" alt=\"ikon for sertifiserte materialer\" \/>\n                                <\/div>\n<div class=\"global-icon-set__title\">100% Rene sertifiserte materialer<\/div>\n<\/p><\/div>\n<\/p><\/div>\n<\/p><\/div>","protected":false},"featured_media":223731,"template":"","meta":{"_acf_changed":false},"product_brand":[],"product_cat":[557,1366,590,558],"product_tag":[],"class_list":{"0":"post-223729","1":"product","2":"type-product","3":"status-publish","4":"has-post-thumbnail","6":"product_cat-new","7":"product_cat-womens-day","8":"product_cat-accessories","9":"product_cat-zero-waste-accessories","11":"first","12":"instock","13":"shipping-taxable","14":"purchasable","15":"product-type-simple"},"acf":[],"yoast_head":"<!-- This site is optimized with the Yoast SEO Premium plugin v27.4 (Yoast SEO v27.4) - https:\/\/yoast.com\/product\/yoast-seo-premium-wordpress\/ -->\n<title>Beauty Sleep Silk Set \u2013 Anti-Aging Sleep Kit | Home of Wool<\/title>\n<meta name=\"description\" content=\"Wake up radiant with this anti-aging sleep kit of pure Mulberry silk and breathable wool\u2014nourishing skin, protecting hair, and enhancing your natural glow overnight.\" \/>\n<meta name=\"robots\" content=\"index, follow, max-snippet:-1, max-image-preview:large, max-video-preview:-1\" \/>\n<link rel=\"canonical\" href=\"https:\/\/homeofwool.com\/nb\/butikk\/skjonnhetssovn-sett\/\" \/>\n<meta property=\"og:locale\" content=\"nb_NO\" \/>\n<meta property=\"og:type\" content=\"article\" \/>\n<meta property=\"og:title\" content=\"Beauty Sleep Set \u2013 Mulberry Silk\" \/>\n<meta property=\"og:description\" content=\"Wake up radiant with this anti-aging sleep kit of pure Mulberry silk and breathable wool\u2014nourishing skin, protecting hair, and enhancing your natural glow overnight.\" \/>\n<meta property=\"og:url\" content=\"https:\/\/homeofwool.com\/nb\/butikk\/skjonnhetssovn-sett\/\" \/>\n<meta property=\"og:site_name\" content=\"Home of Wool\" \/>\n<meta property=\"article:publisher\" content=\"https:\/\/facebook.com\/HomeOfWoolOfficial\" \/>\n<meta property=\"article:modified_time\" content=\"2026-01-30T12:29:24+00:00\" \/>\n<meta property=\"og:image\" content=\"https:\/\/homeofwool.com\/wp-content\/uploads\/2025\/11\/home-of-wool-beauty-sleep-set-main.jpg\" \/>\n\t<meta property=\"og:image:width\" content=\"1938\" \/>\n\t<meta property=\"og:image:height\" content=\"1551\" \/>\n\t<meta property=\"og:image:type\" content=\"image\/jpeg\" \/>\n<meta name=\"twitter:card\" content=\"summary_large_image\" \/>\n<meta name=\"twitter:label1\" content=\"Ansl. lesetid\" \/>\n\t<meta name=\"twitter:data1\" content=\"2 minutter\" \/>\n<script type=\"application\/ld+json\" class=\"yoast-schema-graph\">{\"@context\":\"https:\\\/\\\/schema.org\",\"@graph\":[{\"@type\":\"WebPage\",\"@id\":\"https:\\\/\\\/homeofwool.com\\\/nl\\\/winkelen\\\/schoonheidsslaapset\\\/\",\"url\":\"https:\\\/\\\/homeofwool.com\\\/nl\\\/winkelen\\\/schoonheidsslaapset\\\/\",\"name\":\"Beauty Sleep Silk Set \u2013 Anti-Aging Sleep Kit | Home of Wool\",\"isPartOf\":{\"@id\":\"https:\\\/\\\/homeofwool.com\\\/#website\"},\"primaryImageOfPage\":{\"@id\":\"https:\\\/\\\/homeofwool.com\\\/nl\\\/winkelen\\\/schoonheidsslaapset\\\/#primaryimage\"},\"image\":{\"@id\":\"https:\\\/\\\/homeofwool.com\\\/nl\\\/winkelen\\\/schoonheidsslaapset\\\/#primaryimage\"},\"thumbnailUrl\":\"https:\\\/\\\/homeofwool.com\\\/wp-content\\\/uploads\\\/2025\\\/11\\\/home-of-wool-beauty-sleep-set-main.jpg\",\"datePublished\":\"2025-11-03T07:23:34+00:00\",\"dateModified\":\"2026-01-30T12:29:24+00:00\",\"description\":\"Wake up radiant with this anti-aging sleep kit of pure Mulberry silk and breathable wool\u2014nourishing skin, protecting hair, and enhancing your natural glow overnight.\",\"breadcrumb\":{\"@id\":\"https:\\\/\\\/homeofwool.com\\\/nl\\\/winkelen\\\/schoonheidsslaapset\\\/#breadcrumb\"},\"inLanguage\":\"nb-NO\",\"potentialAction\":[{\"@type\":\"ReadAction\",\"target\":[\"https:\\\/\\\/homeofwool.com\\\/nl\\\/winkelen\\\/schoonheidsslaapset\\\/\"]}]},{\"@type\":\"ImageObject\",\"inLanguage\":\"nb-NO\",\"@id\":\"https:\\\/\\\/homeofwool.com\\\/nl\\\/winkelen\\\/schoonheidsslaapset\\\/#primaryimage\",\"url\":\"https:\\\/\\\/homeofwool.com\\\/wp-content\\\/uploads\\\/2025\\\/11\\\/home-of-wool-beauty-sleep-set-main.jpg\",\"contentUrl\":\"https:\\\/\\\/homeofwool.com\\\/wp-content\\\/uploads\\\/2025\\\/11\\\/home-of-wool-beauty-sleep-set-main.jpg\",\"width\":1938,\"height\":1551,\"caption\":\"sleep mask, turban, scrunchie and hair band laid on silk surface\"},{\"@type\":\"BreadcrumbList\",\"@id\":\"https:\\\/\\\/homeofwool.com\\\/nl\\\/winkelen\\\/schoonheidsslaapset\\\/#breadcrumb\",\"itemListElement\":[{\"@type\":\"ListItem\",\"position\":1,\"name\":\"Home\",\"item\":\"https:\\\/\\\/homeofwool.com\\\/\"},{\"@type\":\"ListItem\",\"position\":2,\"name\":\"Products\",\"item\":\"https:\\\/\\\/homeofwool.com\\\/header-search-2\\\/\"},{\"@type\":\"ListItem\",\"position\":3,\"name\":\"Beauty Sleep Set \u2013 Mulberry Silk\"}]},{\"@type\":\"WebSite\",\"@id\":\"https:\\\/\\\/homeofwool.com\\\/#website\",\"url\":\"https:\\\/\\\/homeofwool.com\\\/\",\"name\":\"Home of Wool\",\"description\":\"\",\"publisher\":{\"@id\":\"https:\\\/\\\/homeofwool.com\\\/#organization\"},\"potentialAction\":[{\"@type\":\"SearchAction\",\"target\":{\"@type\":\"EntryPoint\",\"urlTemplate\":\"https:\\\/\\\/homeofwool.com\\\/?s={search_term_string}\"},\"query-input\":{\"@type\":\"PropertyValueSpecification\",\"valueRequired\":true,\"valueName\":\"search_term_string\"}}],\"inLanguage\":\"nb-NO\"},{\"@type\":\"Organization\",\"@id\":\"https:\\\/\\\/homeofwool.com\\\/#organization\",\"name\":\"Home of Wool\",\"url\":\"https:\\\/\\\/homeofwool.com\\\/\",\"logo\":{\"@type\":\"ImageObject\",\"inLanguage\":\"nb-NO\",\"@id\":\"https:\\\/\\\/homeofwool.com\\\/#\\\/schema\\\/logo\\\/image\\\/\",\"url\":\"https:\\\/\\\/homeofwool.com\\\/wp-content\\\/uploads\\\/2025\\\/09\\\/WhatsApp-Image-2025-12-02-at-16.23.20.jpeg\",\"contentUrl\":\"https:\\\/\\\/homeofwool.com\\\/wp-content\\\/uploads\\\/2025\\\/09\\\/WhatsApp-Image-2025-12-02-at-16.23.20.jpeg\",\"width\":700,\"height\":247,\"caption\":\"Home of Wool\"},\"image\":{\"@id\":\"https:\\\/\\\/homeofwool.com\\\/#\\\/schema\\\/logo\\\/image\\\/\"},\"sameAs\":[\"https:\\\/\\\/facebook.com\\\/HomeOfWoolOfficial\"]}]}<\/script>\n<!-- \/ Yoast SEO Premium plugin. -->","yoast_head_json":{"title":"Beauty Sleep Silk Set \u2013 Anti-Aging Sleep Kit | Home of Wool","description":"V\u00e5kn opp str\u00e5lende med dette anti-aldrende s\u00f8vnsettet av ren morb\u00e6rsilke og pustende ull \u2013 som gir n\u00e6ring til huden, beskytter h\u00e5ret og forsterker din naturlige gl\u00f8d over natten.","robots":{"index":"index","follow":"follow","max-snippet":"max-snippet:-1","max-image-preview":"max-image-preview:large","max-video-preview":"max-video-preview:-1"},"canonical":"https:\/\/homeofwool.com\/nb\/butikk\/skjonnhetssovn-sett\/","og_locale":"nb_NO","og_type":"article","og_title":"Beauty Sleep Set \u2013 Mulberry Silk","og_description":"Wake up radiant with this anti-aging sleep kit of pure Mulberry silk and breathable wool\u2014nourishing skin, protecting hair, and enhancing your natural glow overnight.","og_url":"https:\/\/homeofwool.com\/nb\/butikk\/skjonnhetssovn-sett\/","og_site_name":"Home of Wool","article_publisher":"https:\/\/facebook.com\/HomeOfWoolOfficial","article_modified_time":"2026-01-30T12:29:24+00:00","og_image":[{"width":1938,"height":1551,"url":"https:\/\/homeofwool.com\/wp-content\/uploads\/2025\/11\/home-of-wool-beauty-sleep-set-main.jpg","type":"image\/jpeg"}],"twitter_card":"summary_large_image","twitter_misc":{"Ansl. lesetid":"2 minutter"},"schema":{"@context":"https:\/\/schema.org","@graph":[{"@type":"WebPage","@id":"https:\/\/homeofwool.com\/nl\/winkelen\/schoonheidsslaapset\/","url":"https:\/\/homeofwool.com\/nl\/winkelen\/schoonheidsslaapset\/","name":"Beauty Sleep Silk Set \u2013 Anti-Aging Sleep Kit | Home of Wool","isPartOf":{"@id":"https:\/\/homeofwool.com\/#website"},"primaryImageOfPage":{"@id":"https:\/\/homeofwool.com\/nl\/winkelen\/schoonheidsslaapset\/#primaryimage"},"image":{"@id":"https:\/\/homeofwool.com\/nl\/winkelen\/schoonheidsslaapset\/#primaryimage"},"thumbnailUrl":"https:\/\/homeofwool.com\/wp-content\/uploads\/2025\/11\/home-of-wool-beauty-sleep-set-main.jpg","datePublished":"2025-11-03T07:23:34+00:00","dateModified":"2026-01-30T12:29:24+00:00","description":"V\u00e5kn opp str\u00e5lende med dette anti-aldrende s\u00f8vnsettet av ren morb\u00e6rsilke og pustende ull \u2013 som gir n\u00e6ring til huden, beskytter h\u00e5ret og forsterker din naturlige gl\u00f8d over natten.","breadcrumb":{"@id":"https:\/\/homeofwool.com\/nl\/winkelen\/schoonheidsslaapset\/#breadcrumb"},"inLanguage":"nb-NO","potentialAction":[{"@type":"ReadAction","target":["https:\/\/homeofwool.com\/nl\/winkelen\/schoonheidsslaapset\/"]}]},{"@type":"ImageObject","inLanguage":"nb-NO","@id":"https:\/\/homeofwool.com\/nl\/winkelen\/schoonheidsslaapset\/#primaryimage","url":"https:\/\/homeofwool.com\/wp-content\/uploads\/2025\/11\/home-of-wool-beauty-sleep-set-main.jpg","contentUrl":"https:\/\/homeofwool.com\/wp-content\/uploads\/2025\/11\/home-of-wool-beauty-sleep-set-main.jpg","width":1938,"height":1551,"caption":"sleep mask, turban, scrunchie and hair band laid on silk surface"},{"@type":"BreadcrumbList","@id":"https:\/\/homeofwool.com\/nl\/winkelen\/schoonheidsslaapset\/#breadcrumb","itemListElement":[{"@type":"ListItem","position":1,"name":"Home","item":"https:\/\/homeofwool.com\/"},{"@type":"ListItem","position":2,"name":"Products","item":"https:\/\/homeofwool.com\/header-search-2\/"},{"@type":"ListItem","position":3,"name":"Beauty Sleep Set \u2013 Mulberry Silk"}]},{"@type":"WebSite","@id":"https:\/\/homeofwool.com\/#website","url":"https:\/\/homeofwool.com\/","name":"Hjem til ull","description":"","publisher":{"@id":"https:\/\/homeofwool.com\/#organization"},"potentialAction":[{"@type":"SearchAction","target":{"@type":"EntryPoint","urlTemplate":"https:\/\/homeofwool.com\/?s={search_term_string}"},"query-input":{"@type":"PropertyValueSpecification","valueRequired":true,"valueName":"search_term_string"}}],"inLanguage":"nb-NO"},{"@type":"Organization","@id":"https:\/\/homeofwool.com\/#organization","name":"Hjem til ull","url":"https:\/\/homeofwool.com\/","logo":{"@type":"ImageObject","inLanguage":"nb-NO","@id":"https:\/\/homeofwool.com\/#\/schema\/logo\/image\/","url":"https:\/\/homeofwool.com\/wp-content\/uploads\/2025\/09\/WhatsApp-Image-2025-12-02-at-16.23.20.jpeg","contentUrl":"https:\/\/homeofwool.com\/wp-content\/uploads\/2025\/09\/WhatsApp-Image-2025-12-02-at-16.23.20.jpeg","width":700,"height":247,"caption":"Home of Wool"},"image":{"@id":"https:\/\/homeofwool.com\/#\/schema\/logo\/image\/"},"sameAs":["https:\/\/facebook.com\/HomeOfWoolOfficial"]}]}},"_links":{"self":[{"href":"https:\/\/homeofwool.com\/nb\/wp-json\/wp\/v2\/product\/223729","targetHints":{"allow":["GET"]}}],"collection":[{"href":"https:\/\/homeofwool.com\/nb\/wp-json\/wp\/v2\/product"}],"about":[{"href":"https:\/\/homeofwool.com\/nb\/wp-json\/wp\/v2\/types\/product"}],"version-history":[{"count":1,"href":"https:\/\/homeofwool.com\/nb\/wp-json\/wp\/v2\/product\/223729\/revisions"}],"predecessor-version":[{"id":226071,"href":"https:\/\/homeofwool.com\/nb\/wp-json\/wp\/v2\/product\/223729\/revisions\/226071"}],"wp:featuredmedia":[{"embeddable":true,"href":"https:\/\/homeofwool.com\/nb\/wp-json\/wp\/v2\/media\/223731"}],"wp:attachment":[{"href":"https:\/\/homeofwool.com\/nb\/wp-json\/wp\/v2\/media?parent=223729"}],"wp:term":[{"taxonomy":"product_brand","embeddable":true,"href":"https:\/\/homeofwool.com\/nb\/wp-json\/wp\/v2\/product_brand?post=223729"},{"taxonomy":"product_cat","embeddable":true,"href":"https:\/\/homeofwool.com\/nb\/wp-json\/wp\/v2\/product_cat?post=223729"},{"taxonomy":"product_tag","embeddable":true,"href":"https:\/\/homeofwool.com\/nb\/wp-json\/wp\/v2\/product_tag?post=223729"}],"curies":[{"name":"wp","href":"https:\/\/api.w.org\/{rel}","templated":true}]}}