{"id":217770,"date":"2025-09-02T12:02:33","date_gmt":"2025-09-02T12:02:33","guid":{"rendered":"https:\/\/homeofwool.com\/?post_type=product&#038;p=217770"},"modified":"2026-02-09T13:05:33","modified_gmt":"2026-02-09T13:05:33","slug":"ullballerinasko-nina","status":"publish","type":"product","link":"https:\/\/homeofwool.com\/nb\/shop\/wool-ballerina-slippers-nina\/","title":{"rendered":"Ballettsko i ull"},"content":{"rendered":"<p>Disse komfortable ullt\u00f8flene kombinerer tidl\u00f8st \u201cballettsko\u201d-design med de beroligende egenskapene til ren ull. Hvert par er h\u00e5ndlaget av OEKO-TEX-sertifisert jomfruull. De er fri for syntetiske stoffer, kjemikalier eller fargestoffer. Helt naturlig ullfott\u00f8y. Ull holder ikke p\u00e5 varme eller svette. Den holder bare f\u00f8ttene dine perfekt varme, men ogs\u00e5 t\u00f8rre og friske. Er ikke det en dr\u00f8m som g\u00e5r i oppfyllelse?<\/p>\n<p>Disse koselige t\u00f8flene er lette, fleksible og lydl\u00f8se under f\u00f8ttene, og beveger seg mykt med f\u00f8ttene dine, noe som gir en barfotf\u00f8lelse som gj\u00f8r dem perfekte for hjemmebruk, reiser eller til og med som lette, milj\u00f8vennlige t\u00f8fler til soveposen din p\u00e5 camping. T\u00f8fler i spesialtilpassede st\u00f8rrelser er tilgjengelige, slik at du kan f\u00e5 dem skreddersydd etter dine n\u00f8yaktige m\u00e5l. Disse pustende ullt\u00f8flene er naturlig allergivennlige og et trygt valg for sensitiv hud og personer med allergi.<\/p>","protected":false},"excerpt":{"rendered":"<p>La f\u00f8ttene nyte ren komfort med v\u00e5re h\u00e5ndlagde ullt\u00f8fler. De er laget av ny ull og er myke, fleksible og temperaturregulerende. Det stemmer, de holder f\u00f8ttene dine varme og komfortable, uten at de blir for varme! Hvert par er laget etter din eksakte st\u00f8rrelse, og gir en tilpasset passform som f\u00f8les like naturlig som \u00e5 g\u00e5 barbeint, bare bedre.<\/p>\n<div class=\"global-icon-set\">\n<div class=\"global-icon-set__items\">\n<div class=\"global-icon-set__item\">\n<div class=\"global-icon-set__image\">\n                                    <img decoding=\"async\" src=\"https:\/\/homeofwool.com\/wp-content\/uploads\/2025\/09\/handmade-icon-300x300.png\" alt=\"h\u00e5ndlaget ikon\" \/>\n                                <\/div>\n<div class=\"global-icon-set__title\">H\u00e5ndlaget<\/div>\n<\/p><\/div>\n<div class=\"global-icon-set__item\">\n<div class=\"global-icon-set__image\">\n                                    <img decoding=\"async\" src=\"https:\/\/homeofwool.com\/wp-content\/uploads\/2025\/09\/VOCs-min-300x300.png\" alt=\"vocs gratis\" \/>\n                                <\/div>\n<div class=\"global-icon-set__title\">VOC-fri<\/div>\n<\/p><\/div>\n<div class=\"global-icon-set__item\">\n<div class=\"global-icon-set__image\">\n                                    <img decoding=\"async\" src=\"https:\/\/homeofwool.com\/wp-content\/uploads\/2025\/09\/FR-min-300x300.png\" alt=\"brannsikker ikon\" \/>\n                                <\/div>\n<div class=\"global-icon-set__title\">Flammebestandig<\/div>\n<\/p><\/div>\n<div class=\"global-icon-set__item\">\n<div class=\"global-icon-set__image\">\n                                    <img decoding=\"async\" src=\"https:\/\/homeofwool.com\/wp-content\/uploads\/2025\/09\/Hypoallergenic-min-300x300.png\" alt=\"allergivennlig ikon\" \/>\n                                <\/div>\n<div class=\"global-icon-set__title\">Allergivenlig<\/div>\n<\/p><\/div>\n<div class=\"global-icon-set__item\">\n<div class=\"global-icon-set__image\">\n                                    <img decoding=\"async\" src=\"https:\/\/homeofwool.com\/wp-content\/uploads\/2025\/09\/free-of-synthetics-icon-300x300.png\" alt=\"fri for syntetiske stoffer ikon\" \/>\n                                <\/div>\n<div class=\"global-icon-set__title\">Fri for syntetiske stoffer<\/div>\n<\/p><\/div>\n<div class=\"global-icon-set__item\">\n<div class=\"global-icon-set__image\">\n                                    <img decoding=\"async\" src=\"https:\/\/homeofwool.com\/wp-content\/uploads\/2025\/09\/chemical-free-icon-300x300.png\" alt=\"kjemikaliefritt ikon\" \/>\n                                <\/div>\n<div class=\"global-icon-set__title\">Kjemikaliefri<\/div>\n<\/p><\/div>\n<div class=\"global-icon-set__item\">\n<div class=\"global-icon-set__image\">\n                                    <img decoding=\"async\" src=\"https:\/\/homeofwool.com\/wp-content\/uploads\/2025\/09\/anti-bacterial-icon-300x300.png\" alt=\"antibakteriell ikon\" \/>\n                                <\/div>\n<div class=\"global-icon-set__title\">Antimikrobiell og antibakteriell<\/div>\n<\/p><\/div>\n<div class=\"global-icon-set__item\">\n<div class=\"global-icon-set__image\">\n                                    <img decoding=\"async\" src=\"https:\/\/homeofwool.com\/wp-content\/uploads\/2025\/09\/certified-materials-icon-300x300.png\" alt=\"ikon for sertifiserte materialer\" \/>\n                                <\/div>\n<div class=\"global-icon-set__title\">100% Rene sertifiserte materialer<\/div>\n<\/p><\/div>\n<\/p><\/div>\n<\/p><\/div>","protected":false},"featured_media":221145,"template":"","meta":{"_acf_changed":false},"product_brand":[],"product_cat":[557,590,174,558],"product_tag":[317,318,319,320,321,322,323,324,325,326,327,149,328,329,330],"class_list":{"0":"post-217770","1":"product","2":"type-product","3":"status-publish","4":"has-post-thumbnail","6":"product_cat-new","7":"product_cat-accessories","8":"product_cat-zero-waste","9":"product_cat-zero-waste-accessories","10":"product_tag-barefoot","11":"product_tag-bivouac","12":"product_tag-booties","13":"product_tag-camping-essentials","14":"product_tag-camping-slippers","15":"product_tag-felted-wool-slippers","16":"product_tag-flat-sole","17":"product_tag-outdoor-sleeping","18":"product_tag-outspan","19":"product_tag-overlanding-gear","20":"product_tag-sheep-wool-slippers","21":"product_tag-steps","22":"product_tag-wide-toe-box","23":"product_tag-wool-socks-no","24":"product_tag-zero-drop","26":"first","27":"instock","28":"shipping-taxable","29":"purchasable","30":"product-type-simple"},"acf":[],"yoast_head":"<!-- This site is optimized with the Yoast SEO Premium plugin v27.3 (Yoast SEO v27.3) - https:\/\/yoast.com\/product\/yoast-seo-premium-wordpress\/ -->\n<title>Wool Ballet Slippers \u2013 Eco-Friendly Women&#039;s Slippers | Home of Wool<\/title>\n<meta name=\"description\" content=\"All-day softness comes with the Ballet Slippers as shoes, made with breathable wool. Hypoallergenic and toxin-free, they deliver sustainable, natural comfort for everyday wear.\" \/>\n<meta name=\"robots\" content=\"index, follow, max-snippet:-1, max-image-preview:large, max-video-preview:-1\" \/>\n<link rel=\"canonical\" href=\"https:\/\/homeofwool.com\/nb\/butikk\/ullballerinasko-nina\/\" \/>\n<meta property=\"og:locale\" content=\"nb_NO\" \/>\n<meta property=\"og:type\" content=\"article\" \/>\n<meta property=\"og:title\" content=\"Wool Ballet Slippers\" \/>\n<meta property=\"og:description\" content=\"All-day softness comes with the Ballet Slippers as shoes, made with breathable wool. Hypoallergenic and toxin-free, they deliver sustainable, natural comfort for everyday wear.\" \/>\n<meta property=\"og:url\" content=\"https:\/\/homeofwool.com\/nb\/butikk\/ullballerinasko-nina\/\" \/>\n<meta property=\"og:site_name\" content=\"Home of Wool\" \/>\n<meta property=\"article:publisher\" content=\"https:\/\/facebook.com\/HomeOfWoolOfficial\" \/>\n<meta property=\"article:modified_time\" content=\"2026-02-09T13:05:33+00:00\" \/>\n<meta property=\"og:image\" content=\"https:\/\/homeofwool.com\/wp-content\/uploads\/2025\/09\/home-of-wool-wool-ballet-slippers-as-shoes-1-main.jpg\" \/>\n\t<meta property=\"og:image:width\" content=\"1412\" \/>\n\t<meta property=\"og:image:height\" content=\"1130\" \/>\n\t<meta property=\"og:image:type\" content=\"image\/jpeg\" \/>\n<meta name=\"twitter:card\" content=\"summary_large_image\" \/>\n<meta name=\"twitter:label1\" content=\"Ansl. lesetid\" \/>\n\t<meta name=\"twitter:data1\" content=\"1 minutt\" \/>\n<script type=\"application\/ld+json\" class=\"yoast-schema-graph\">{\"@context\":\"https:\\\/\\\/schema.org\",\"@graph\":[{\"@type\":\"WebPage\",\"@id\":\"https:\\\/\\\/homeofwool.com\\\/shop\\\/wool-ballerina-slippers-nina\\\/\",\"url\":\"https:\\\/\\\/homeofwool.com\\\/shop\\\/wool-ballerina-slippers-nina\\\/\",\"name\":\"Wool Ballet Slippers \u2013 Eco-Friendly Women's Slippers | Home of Wool\",\"isPartOf\":{\"@id\":\"https:\\\/\\\/homeofwool.com\\\/#website\"},\"primaryImageOfPage\":{\"@id\":\"https:\\\/\\\/homeofwool.com\\\/shop\\\/wool-ballerina-slippers-nina\\\/#primaryimage\"},\"image\":{\"@id\":\"https:\\\/\\\/homeofwool.com\\\/shop\\\/wool-ballerina-slippers-nina\\\/#primaryimage\"},\"thumbnailUrl\":\"https:\\\/\\\/homeofwool.com\\\/wp-content\\\/uploads\\\/2025\\\/09\\\/home-of-wool-wool-ballet-slippers-as-shoes-1-main.jpg\",\"datePublished\":\"2025-09-02T12:02:33+00:00\",\"dateModified\":\"2026-02-09T13:05:33+00:00\",\"description\":\"All-day softness comes with the Ballet Slippers as shoes, made with breathable wool. Hypoallergenic and toxin-free, they deliver sustainable, natural comfort for everyday wear.\",\"breadcrumb\":{\"@id\":\"https:\\\/\\\/homeofwool.com\\\/shop\\\/wool-ballerina-slippers-nina\\\/#breadcrumb\"},\"inLanguage\":\"nb-NO\",\"potentialAction\":[{\"@type\":\"ReadAction\",\"target\":[\"https:\\\/\\\/homeofwool.com\\\/shop\\\/wool-ballerina-slippers-nina\\\/\"]}]},{\"@type\":\"ImageObject\",\"inLanguage\":\"nb-NO\",\"@id\":\"https:\\\/\\\/homeofwool.com\\\/shop\\\/wool-ballerina-slippers-nina\\\/#primaryimage\",\"url\":\"https:\\\/\\\/homeofwool.com\\\/wp-content\\\/uploads\\\/2025\\\/09\\\/home-of-wool-wool-ballet-slippers-as-shoes-1-main.jpg\",\"contentUrl\":\"https:\\\/\\\/homeofwool.com\\\/wp-content\\\/uploads\\\/2025\\\/09\\\/home-of-wool-wool-ballet-slippers-as-shoes-1-main.jpg\",\"width\":1412,\"height\":1130,\"caption\":\"Wool ballet slippers on a wood bench\"},{\"@type\":\"BreadcrumbList\",\"@id\":\"https:\\\/\\\/homeofwool.com\\\/shop\\\/wool-ballerina-slippers-nina\\\/#breadcrumb\",\"itemListElement\":[{\"@type\":\"ListItem\",\"position\":1,\"name\":\"Home\",\"item\":\"https:\\\/\\\/homeofwool.com\\\/\"},{\"@type\":\"ListItem\",\"position\":2,\"name\":\"Products\",\"item\":\"https:\\\/\\\/homeofwool.com\\\/header-search-2\\\/\"},{\"@type\":\"ListItem\",\"position\":3,\"name\":\"Wool Ballet Slippers\"}]},{\"@type\":\"WebSite\",\"@id\":\"https:\\\/\\\/homeofwool.com\\\/#website\",\"url\":\"https:\\\/\\\/homeofwool.com\\\/\",\"name\":\"Home of Wool\",\"description\":\"\",\"publisher\":{\"@id\":\"https:\\\/\\\/homeofwool.com\\\/#organization\"},\"potentialAction\":[{\"@type\":\"SearchAction\",\"target\":{\"@type\":\"EntryPoint\",\"urlTemplate\":\"https:\\\/\\\/homeofwool.com\\\/?s={search_term_string}\"},\"query-input\":{\"@type\":\"PropertyValueSpecification\",\"valueRequired\":true,\"valueName\":\"search_term_string\"}}],\"inLanguage\":\"nb-NO\"},{\"@type\":\"Organization\",\"@id\":\"https:\\\/\\\/homeofwool.com\\\/#organization\",\"name\":\"Home of Wool\",\"url\":\"https:\\\/\\\/homeofwool.com\\\/\",\"logo\":{\"@type\":\"ImageObject\",\"inLanguage\":\"nb-NO\",\"@id\":\"https:\\\/\\\/homeofwool.com\\\/#\\\/schema\\\/logo\\\/image\\\/\",\"url\":\"https:\\\/\\\/homeofwool.com\\\/wp-content\\\/uploads\\\/2025\\\/09\\\/WhatsApp-Image-2025-12-02-at-16.23.20.jpeg\",\"contentUrl\":\"https:\\\/\\\/homeofwool.com\\\/wp-content\\\/uploads\\\/2025\\\/09\\\/WhatsApp-Image-2025-12-02-at-16.23.20.jpeg\",\"width\":700,\"height\":247,\"caption\":\"Home of Wool\"},\"image\":{\"@id\":\"https:\\\/\\\/homeofwool.com\\\/#\\\/schema\\\/logo\\\/image\\\/\"},\"sameAs\":[\"https:\\\/\\\/facebook.com\\\/HomeOfWoolOfficial\"]}]}<\/script>\n<!-- \/ Yoast SEO Premium plugin. -->","yoast_head_json":{"title":"Ballettsko i ull - Milj\u00f8vennlige t\u00f8fler for kvinner | Home of Wool","description":"Ballet Slippers er myke og behagelige hele dagen, og er laget av pustende ull. De er allergivennlige og giftfrie og gir b\u00e6rekraftig, naturlig komfort for hverdagsbruk.","robots":{"index":"index","follow":"follow","max-snippet":"max-snippet:-1","max-image-preview":"max-image-preview:large","max-video-preview":"max-video-preview:-1"},"canonical":"https:\/\/homeofwool.com\/nb\/butikk\/ullballerinasko-nina\/","og_locale":"nb_NO","og_type":"article","og_title":"Wool Ballet Slippers","og_description":"All-day softness comes with the Ballet Slippers as shoes, made with breathable wool. Hypoallergenic and toxin-free, they deliver sustainable, natural comfort for everyday wear.","og_url":"https:\/\/homeofwool.com\/nb\/butikk\/ullballerinasko-nina\/","og_site_name":"Home of Wool","article_publisher":"https:\/\/facebook.com\/HomeOfWoolOfficial","article_modified_time":"2026-02-09T13:05:33+00:00","og_image":[{"width":1412,"height":1130,"url":"https:\/\/homeofwool.com\/wp-content\/uploads\/2025\/09\/home-of-wool-wool-ballet-slippers-as-shoes-1-main.jpg","type":"image\/jpeg"}],"twitter_card":"summary_large_image","twitter_misc":{"Ansl. lesetid":"1 minutt"},"schema":{"@context":"https:\/\/schema.org","@graph":[{"@type":"WebPage","@id":"https:\/\/homeofwool.com\/shop\/wool-ballerina-slippers-nina\/","url":"https:\/\/homeofwool.com\/shop\/wool-ballerina-slippers-nina\/","name":"Ballettsko i ull - Milj\u00f8vennlige t\u00f8fler for kvinner | Home of Wool","isPartOf":{"@id":"https:\/\/homeofwool.com\/#website"},"primaryImageOfPage":{"@id":"https:\/\/homeofwool.com\/shop\/wool-ballerina-slippers-nina\/#primaryimage"},"image":{"@id":"https:\/\/homeofwool.com\/shop\/wool-ballerina-slippers-nina\/#primaryimage"},"thumbnailUrl":"https:\/\/homeofwool.com\/wp-content\/uploads\/2025\/09\/home-of-wool-wool-ballet-slippers-as-shoes-1-main.jpg","datePublished":"2025-09-02T12:02:33+00:00","dateModified":"2026-02-09T13:05:33+00:00","description":"Ballet Slippers er myke og behagelige hele dagen, og er laget av pustende ull. De er allergivennlige og giftfrie og gir b\u00e6rekraftig, naturlig komfort for hverdagsbruk.","breadcrumb":{"@id":"https:\/\/homeofwool.com\/shop\/wool-ballerina-slippers-nina\/#breadcrumb"},"inLanguage":"nb-NO","potentialAction":[{"@type":"ReadAction","target":["https:\/\/homeofwool.com\/shop\/wool-ballerina-slippers-nina\/"]}]},{"@type":"ImageObject","inLanguage":"nb-NO","@id":"https:\/\/homeofwool.com\/shop\/wool-ballerina-slippers-nina\/#primaryimage","url":"https:\/\/homeofwool.com\/wp-content\/uploads\/2025\/09\/home-of-wool-wool-ballet-slippers-as-shoes-1-main.jpg","contentUrl":"https:\/\/homeofwool.com\/wp-content\/uploads\/2025\/09\/home-of-wool-wool-ballet-slippers-as-shoes-1-main.jpg","width":1412,"height":1130,"caption":"Wool ballet slippers on a wood bench"},{"@type":"BreadcrumbList","@id":"https:\/\/homeofwool.com\/shop\/wool-ballerina-slippers-nina\/#breadcrumb","itemListElement":[{"@type":"ListItem","position":1,"name":"Home","item":"https:\/\/homeofwool.com\/"},{"@type":"ListItem","position":2,"name":"Products","item":"https:\/\/homeofwool.com\/header-search-2\/"},{"@type":"ListItem","position":3,"name":"Wool Ballet Slippers"}]},{"@type":"WebSite","@id":"https:\/\/homeofwool.com\/#website","url":"https:\/\/homeofwool.com\/","name":"Hjem til ull","description":"","publisher":{"@id":"https:\/\/homeofwool.com\/#organization"},"potentialAction":[{"@type":"SearchAction","target":{"@type":"EntryPoint","urlTemplate":"https:\/\/homeofwool.com\/?s={search_term_string}"},"query-input":{"@type":"PropertyValueSpecification","valueRequired":true,"valueName":"search_term_string"}}],"inLanguage":"nb-NO"},{"@type":"Organization","@id":"https:\/\/homeofwool.com\/#organization","name":"Hjem til ull","url":"https:\/\/homeofwool.com\/","logo":{"@type":"ImageObject","inLanguage":"nb-NO","@id":"https:\/\/homeofwool.com\/#\/schema\/logo\/image\/","url":"https:\/\/homeofwool.com\/wp-content\/uploads\/2025\/09\/WhatsApp-Image-2025-12-02-at-16.23.20.jpeg","contentUrl":"https:\/\/homeofwool.com\/wp-content\/uploads\/2025\/09\/WhatsApp-Image-2025-12-02-at-16.23.20.jpeg","width":700,"height":247,"caption":"Home of Wool"},"image":{"@id":"https:\/\/homeofwool.com\/#\/schema\/logo\/image\/"},"sameAs":["https:\/\/facebook.com\/HomeOfWoolOfficial"]}]}},"_links":{"self":[{"href":"https:\/\/homeofwool.com\/nb\/wp-json\/wp\/v2\/product\/217770","targetHints":{"allow":["GET"]}}],"collection":[{"href":"https:\/\/homeofwool.com\/nb\/wp-json\/wp\/v2\/product"}],"about":[{"href":"https:\/\/homeofwool.com\/nb\/wp-json\/wp\/v2\/types\/product"}],"version-history":[{"count":2,"href":"https:\/\/homeofwool.com\/nb\/wp-json\/wp\/v2\/product\/217770\/revisions"}],"predecessor-version":[{"id":227497,"href":"https:\/\/homeofwool.com\/nb\/wp-json\/wp\/v2\/product\/217770\/revisions\/227497"}],"wp:featuredmedia":[{"embeddable":true,"href":"https:\/\/homeofwool.com\/nb\/wp-json\/wp\/v2\/media\/221145"}],"wp:attachment":[{"href":"https:\/\/homeofwool.com\/nb\/wp-json\/wp\/v2\/media?parent=217770"}],"wp:term":[{"taxonomy":"product_brand","embeddable":true,"href":"https:\/\/homeofwool.com\/nb\/wp-json\/wp\/v2\/product_brand?post=217770"},{"taxonomy":"product_cat","embeddable":true,"href":"https:\/\/homeofwool.com\/nb\/wp-json\/wp\/v2\/product_cat?post=217770"},{"taxonomy":"product_tag","embeddable":true,"href":"https:\/\/homeofwool.com\/nb\/wp-json\/wp\/v2\/product_tag?post=217770"}],"curies":[{"name":"wp","href":"https:\/\/api.w.org\/{rel}","templated":true}]}}