{"id":217767,"date":"2025-09-02T12:02:33","date_gmt":"2025-09-02T12:02:33","guid":{"rendered":"https:\/\/homeofwool.com\/?post_type=product&#038;p=217767"},"modified":"2026-01-27T13:11:08","modified_gmt":"2026-01-27T13:11:08","slug":"baby-merino-teppe","status":"publish","type":"product","link":"https:\/\/homeofwool.com\/nb\/shop\/baby-merino-blanket\/","title":{"rendered":"Babyteppe i merinoull"},"content":{"rendered":"<p>Dette Home of Wool babyteppet er dyktig vevd av 100% \u00f8kologisk og OEKO-TEX-sertifisert ull og er delikat og merino-glatt. Det er et mykt ullteppe for babyer som f\u00f8les som en varm klem.<\/p>\n<p>Merinoull lar babyens hud puste, slik at de holder seg komfortable og sover bedre. Og fordi den er naturlig allergivennlig og st\u00f8vmiddavvisende, er den god for sm\u00e5 barn med allergi eller sensitiv hud. Den er fri for kjemikalier og fargestoffer. Ingen syntetiske stoffer, ingen VOC-gasser. Det naturlige babyteppet du kan stole p\u00e5.<\/p>\n<p>Dette \u00f8kologiske merinot\u00e6ppet er lett \u00e5 ta med seg og utrolig koselig, og passer perfekt til barnesenger, barnevogner og livet p\u00e5 farten.<\/p>\n<p>Tradisjonelt vevd for varig kvalitet og holdbarhet, er det ment \u00e5 v\u00e6re babyens favoritt-tr\u00f8steteppe. Og hvorfor ikke et vakkert arvestykke som familien din vil verdsette i generasjoner fremover!<\/p>\n<p><strong>ST\u00d8RRELSE<\/strong>: 150 cm x 100 cm<br \/>\n<strong>MATERIAL<\/strong>: 100% Merinoull (Oeko-Tex-sertifisert)<br \/>\n<strong>VEKT<\/strong>: 1,3 lbs \/ 0,6 kg<\/p>","protected":false},"excerpt":{"rendered":"<div class=\"ql-block\" data-block-id=\"block-54b5b4ac-847a-4b7d-b222-79f73947fa9e\">Gi den lille komfort med v\u00e5rt babyteppe i merinoull. Sk\u00e5nsomt mot sensitiv hud og trygt for de sm\u00e5. Dette myke babyteppet er laget av 100 % \u00f8kologisk merinoull og forhindrer overoppheting, samtidig som det holder babyen din varm. Perfekt som et komfortteppe for fredelige lur og koselige \u00f8yeblikk.<\/div>\n<div class=\"global-icon-set\">\n<div class=\"global-icon-set__items\">\n<div class=\"global-icon-set__item\">\n<div class=\"global-icon-set__image\">\n                                    <img decoding=\"async\" src=\"https:\/\/homeofwool.com\/wp-content\/uploads\/2025\/09\/handmade-icon-300x300.png\" alt=\"h\u00e5ndlaget ikon\" \/>\n                                <\/div>\n<div class=\"global-icon-set__title\">H\u00e5ndlaget<\/div>\n<\/p><\/div>\n<div class=\"global-icon-set__item\">\n<div class=\"global-icon-set__image\">\n                                    <img decoding=\"async\" src=\"https:\/\/homeofwool.com\/wp-content\/uploads\/2025\/09\/VOCs-min-300x300.png\" alt=\"vocs gratis\" \/>\n                                <\/div>\n<div class=\"global-icon-set__title\">VOC-fri<\/div>\n<\/p><\/div>\n<div class=\"global-icon-set__item\">\n<div class=\"global-icon-set__image\">\n                                    <img decoding=\"async\" src=\"https:\/\/homeofwool.com\/wp-content\/uploads\/2025\/09\/FR-min-300x300.png\" alt=\"brannsikker ikon\" \/>\n                                <\/div>\n<div class=\"global-icon-set__title\">Flammebestandig<\/div>\n<\/p><\/div>\n<div class=\"global-icon-set__item\">\n<div class=\"global-icon-set__image\">\n                                    <img decoding=\"async\" src=\"https:\/\/homeofwool.com\/wp-content\/uploads\/2025\/09\/Hypoallergenic-min-300x300.png\" alt=\"allergivennlig ikon\" \/>\n                                <\/div>\n<div class=\"global-icon-set__title\">Allergivenlig<\/div>\n<\/p><\/div>\n<div class=\"global-icon-set__item\">\n<div class=\"global-icon-set__image\">\n                                    <img decoding=\"async\" src=\"https:\/\/homeofwool.com\/wp-content\/uploads\/2025\/09\/free-of-synthetics-icon-300x300.png\" alt=\"fri for syntetiske stoffer ikon\" \/>\n                                <\/div>\n<div class=\"global-icon-set__title\">Fri for syntetiske stoffer<\/div>\n<\/p><\/div>\n<div class=\"global-icon-set__item\">\n<div class=\"global-icon-set__image\">\n                                    <img decoding=\"async\" src=\"https:\/\/homeofwool.com\/wp-content\/uploads\/2025\/09\/chemical-free-icon-300x300.png\" alt=\"kjemikaliefritt ikon\" \/>\n                                <\/div>\n<div class=\"global-icon-set__title\">Kjemikaliefri<\/div>\n<\/p><\/div>\n<div class=\"global-icon-set__item\">\n<div class=\"global-icon-set__image\">\n                                    <img decoding=\"async\" src=\"https:\/\/homeofwool.com\/wp-content\/uploads\/2025\/09\/anti-bacterial-icon-300x300.png\" alt=\"antibakteriell ikon\" \/>\n                                <\/div>\n<div class=\"global-icon-set__title\">Antimikrobiell og antibakteriell<\/div>\n<\/p><\/div>\n<div class=\"global-icon-set__item\">\n<div class=\"global-icon-set__image\">\n                                    <img decoding=\"async\" src=\"https:\/\/homeofwool.com\/wp-content\/uploads\/2025\/09\/certified-materials-icon-300x300.png\" alt=\"ikon for sertifiserte materialer\" \/>\n                                <\/div>\n<div class=\"global-icon-set__title\">100% Rene sertifiserte materialer<\/div>\n<\/p><\/div>\n<\/p><\/div>\n<\/p><\/div>","protected":false},"featured_media":219339,"template":"","meta":{"_acf_changed":false},"product_brand":[],"product_cat":[557,60],"product_tag":[61,62,63,65,772,773,774,68],"class_list":{"0":"post-217767","1":"product","2":"type-product","3":"status-publish","4":"has-post-thumbnail","6":"product_cat-new","7":"product_cat-blankets-duvets","8":"product_tag-all-natural-wool-blankets","9":"product_tag-chemical-free-wool-blanket","10":"product_tag-handmade-blanket","11":"product_tag-large-wool-blanket","12":"product_tag-merino-travel-blanket","13":"product_tag-merino-wool-blanket","14":"product_tag-organic-merino-wool-blanket","15":"product_tag-throws-for-beds","17":"first","18":"instock","19":"shipping-taxable","20":"purchasable","21":"product-type-variable"},"acf":[],"yoast_head":"<!-- This site is optimized with the Yoast SEO Premium plugin v27.3 (Yoast SEO v27.3) - https:\/\/yoast.com\/product\/yoast-seo-premium-wordpress\/ -->\n<title>Merino Wool Baby Blanket \u2013 Handmade &amp; Personalized | Home of Wool<\/title>\n<meta name=\"description\" content=\"Organic Merino wool baby blanket\u2014soft, breathable, gentle on skin. Prevents overheating, resists allergens, keeps little ones cozy. Perfect comfort blanket for cribs, strollers, snuggles.\" \/>\n<meta name=\"robots\" content=\"index, follow, max-snippet:-1, max-image-preview:large, max-video-preview:-1\" \/>\n<link rel=\"canonical\" href=\"https:\/\/homeofwool.com\/nb\/butikk\/baby-merino-teppe\/\" \/>\n<meta property=\"og:locale\" content=\"nb_NO\" \/>\n<meta property=\"og:type\" content=\"article\" \/>\n<meta property=\"og:title\" content=\"Merino Wool Baby Blanket\" \/>\n<meta property=\"og:description\" content=\"Organic Merino wool baby blanket\u2014soft, breathable, gentle on skin. Prevents overheating, resists allergens, keeps little ones cozy. Perfect comfort blanket for cribs, strollers, snuggles.\" \/>\n<meta property=\"og:url\" content=\"https:\/\/homeofwool.com\/nb\/butikk\/baby-merino-teppe\/\" \/>\n<meta property=\"og:site_name\" content=\"Home of Wool\" \/>\n<meta property=\"article:publisher\" content=\"https:\/\/facebook.com\/HomeOfWoolOfficial\" \/>\n<meta property=\"article:modified_time\" content=\"2026-01-27T13:11:08+00:00\" \/>\n<meta property=\"og:image\" content=\"https:\/\/homeofwool.com\/wp-content\/uploads\/2025\/09\/home-of-wool-merino-baby-blanket-1-main.jpg\" \/>\n\t<meta property=\"og:image:width\" content=\"1900\" \/>\n\t<meta property=\"og:image:height\" content=\"1520\" \/>\n\t<meta property=\"og:image:type\" content=\"image\/jpeg\" \/>\n<meta name=\"twitter:card\" content=\"summary_large_image\" \/>\n<meta name=\"twitter:label1\" content=\"Ansl. lesetid\" \/>\n\t<meta name=\"twitter:data1\" content=\"1 minutt\" \/>\n<script type=\"application\/ld+json\" class=\"yoast-schema-graph\">{\"@context\":\"https:\\\/\\\/schema.org\",\"@graph\":[{\"@type\":\"WebPage\",\"@id\":\"https:\\\/\\\/homeofwool.com\\\/nb\\\/butikk\\\/baby-merino-teppe\\\/\",\"url\":\"https:\\\/\\\/homeofwool.com\\\/nb\\\/butikk\\\/baby-merino-teppe\\\/\",\"name\":\"Merino Wool Baby Blanket \u2013 Handmade & Personalized | Home of Wool\",\"isPartOf\":{\"@id\":\"https:\\\/\\\/homeofwool.com\\\/#website\"},\"primaryImageOfPage\":{\"@id\":\"https:\\\/\\\/homeofwool.com\\\/nb\\\/butikk\\\/baby-merino-teppe\\\/#primaryimage\"},\"image\":{\"@id\":\"https:\\\/\\\/homeofwool.com\\\/nb\\\/butikk\\\/baby-merino-teppe\\\/#primaryimage\"},\"thumbnailUrl\":\"https:\\\/\\\/homeofwool.com\\\/wp-content\\\/uploads\\\/2025\\\/09\\\/home-of-wool-merino-baby-blanket-1-main.jpg\",\"datePublished\":\"2025-09-02T12:02:33+00:00\",\"dateModified\":\"2026-01-27T13:11:08+00:00\",\"description\":\"Organic Merino wool baby blanket\u2014soft, breathable, gentle on skin. Prevents overheating, resists allergens, keeps little ones cozy. Perfect comfort blanket for cribs, strollers, snuggles.\",\"breadcrumb\":{\"@id\":\"https:\\\/\\\/homeofwool.com\\\/nb\\\/butikk\\\/baby-merino-teppe\\\/#breadcrumb\"},\"inLanguage\":\"nb-NO\",\"potentialAction\":[{\"@type\":\"ReadAction\",\"target\":[\"https:\\\/\\\/homeofwool.com\\\/nb\\\/butikk\\\/baby-merino-teppe\\\/\"]}]},{\"@type\":\"ImageObject\",\"inLanguage\":\"nb-NO\",\"@id\":\"https:\\\/\\\/homeofwool.com\\\/nb\\\/butikk\\\/baby-merino-teppe\\\/#primaryimage\",\"url\":\"https:\\\/\\\/homeofwool.com\\\/wp-content\\\/uploads\\\/2025\\\/09\\\/home-of-wool-merino-baby-blanket-1-main.jpg\",\"contentUrl\":\"https:\\\/\\\/homeofwool.com\\\/wp-content\\\/uploads\\\/2025\\\/09\\\/home-of-wool-merino-baby-blanket-1-main.jpg\",\"width\":1900,\"height\":1520,\"caption\":\"home of wool merino baby blanket\"},{\"@type\":\"BreadcrumbList\",\"@id\":\"https:\\\/\\\/homeofwool.com\\\/nb\\\/butikk\\\/baby-merino-teppe\\\/#breadcrumb\",\"itemListElement\":[{\"@type\":\"ListItem\",\"position\":1,\"name\":\"Home\",\"item\":\"https:\\\/\\\/homeofwool.com\\\/\"},{\"@type\":\"ListItem\",\"position\":2,\"name\":\"Products\",\"item\":\"https:\\\/\\\/homeofwool.com\\\/header-search-2\\\/\"},{\"@type\":\"ListItem\",\"position\":3,\"name\":\"Merino Wool Baby Blanket\"}]},{\"@type\":\"WebSite\",\"@id\":\"https:\\\/\\\/homeofwool.com\\\/#website\",\"url\":\"https:\\\/\\\/homeofwool.com\\\/\",\"name\":\"Home of Wool\",\"description\":\"\",\"publisher\":{\"@id\":\"https:\\\/\\\/homeofwool.com\\\/#organization\"},\"potentialAction\":[{\"@type\":\"SearchAction\",\"target\":{\"@type\":\"EntryPoint\",\"urlTemplate\":\"https:\\\/\\\/homeofwool.com\\\/?s={search_term_string}\"},\"query-input\":{\"@type\":\"PropertyValueSpecification\",\"valueRequired\":true,\"valueName\":\"search_term_string\"}}],\"inLanguage\":\"nb-NO\"},{\"@type\":\"Organization\",\"@id\":\"https:\\\/\\\/homeofwool.com\\\/#organization\",\"name\":\"Home of Wool\",\"url\":\"https:\\\/\\\/homeofwool.com\\\/\",\"logo\":{\"@type\":\"ImageObject\",\"inLanguage\":\"nb-NO\",\"@id\":\"https:\\\/\\\/homeofwool.com\\\/#\\\/schema\\\/logo\\\/image\\\/\",\"url\":\"https:\\\/\\\/homeofwool.com\\\/wp-content\\\/uploads\\\/2025\\\/09\\\/WhatsApp-Image-2025-12-02-at-16.23.20.jpeg\",\"contentUrl\":\"https:\\\/\\\/homeofwool.com\\\/wp-content\\\/uploads\\\/2025\\\/09\\\/WhatsApp-Image-2025-12-02-at-16.23.20.jpeg\",\"width\":700,\"height\":247,\"caption\":\"Home of Wool\"},\"image\":{\"@id\":\"https:\\\/\\\/homeofwool.com\\\/#\\\/schema\\\/logo\\\/image\\\/\"},\"sameAs\":[\"https:\\\/\\\/facebook.com\\\/HomeOfWoolOfficial\"]}]}<\/script>\n<!-- \/ Yoast SEO Premium plugin. -->","yoast_head_json":{"title":"Merinoull babyteppe \u2013 h\u00e5ndlaget og personlig tilpasset | Home of Wool","description":"\u00d8kologisk babyteppe i merinoull \u2013 mykt, pustende og sk\u00e5nsomt mot huden. Forhindrer overoppheting, motst\u00e5r allergener og holder de sm\u00e5 varme. Perfekt komfortteppe til barnesenger, barnevogner og kosestunder.","robots":{"index":"index","follow":"follow","max-snippet":"max-snippet:-1","max-image-preview":"max-image-preview:large","max-video-preview":"max-video-preview:-1"},"canonical":"https:\/\/homeofwool.com\/nb\/butikk\/baby-merino-teppe\/","og_locale":"nb_NO","og_type":"article","og_title":"Merino Wool Baby Blanket","og_description":"Organic Merino wool baby blanket\u2014soft, breathable, gentle on skin. Prevents overheating, resists allergens, keeps little ones cozy. Perfect comfort blanket for cribs, strollers, snuggles.","og_url":"https:\/\/homeofwool.com\/nb\/butikk\/baby-merino-teppe\/","og_site_name":"Home of Wool","article_publisher":"https:\/\/facebook.com\/HomeOfWoolOfficial","article_modified_time":"2026-01-27T13:11:08+00:00","og_image":[{"width":1900,"height":1520,"url":"https:\/\/homeofwool.com\/wp-content\/uploads\/2025\/09\/home-of-wool-merino-baby-blanket-1-main.jpg","type":"image\/jpeg"}],"twitter_card":"summary_large_image","twitter_misc":{"Ansl. lesetid":"1 minutt"},"schema":{"@context":"https:\/\/schema.org","@graph":[{"@type":"WebPage","@id":"https:\/\/homeofwool.com\/nb\/butikk\/baby-merino-teppe\/","url":"https:\/\/homeofwool.com\/nb\/butikk\/baby-merino-teppe\/","name":"Merinoull babyteppe \u2013 h\u00e5ndlaget og personlig tilpasset | Home of Wool","isPartOf":{"@id":"https:\/\/homeofwool.com\/#website"},"primaryImageOfPage":{"@id":"https:\/\/homeofwool.com\/nb\/butikk\/baby-merino-teppe\/#primaryimage"},"image":{"@id":"https:\/\/homeofwool.com\/nb\/butikk\/baby-merino-teppe\/#primaryimage"},"thumbnailUrl":"https:\/\/homeofwool.com\/wp-content\/uploads\/2025\/09\/home-of-wool-merino-baby-blanket-1-main.jpg","datePublished":"2025-09-02T12:02:33+00:00","dateModified":"2026-01-27T13:11:08+00:00","description":"\u00d8kologisk babyteppe i merinoull \u2013 mykt, pustende og sk\u00e5nsomt mot huden. Forhindrer overoppheting, motst\u00e5r allergener og holder de sm\u00e5 varme. Perfekt komfortteppe til barnesenger, barnevogner og kosestunder.","breadcrumb":{"@id":"https:\/\/homeofwool.com\/nb\/butikk\/baby-merino-teppe\/#breadcrumb"},"inLanguage":"nb-NO","potentialAction":[{"@type":"ReadAction","target":["https:\/\/homeofwool.com\/nb\/butikk\/baby-merino-teppe\/"]}]},{"@type":"ImageObject","inLanguage":"nb-NO","@id":"https:\/\/homeofwool.com\/nb\/butikk\/baby-merino-teppe\/#primaryimage","url":"https:\/\/homeofwool.com\/wp-content\/uploads\/2025\/09\/home-of-wool-merino-baby-blanket-1-main.jpg","contentUrl":"https:\/\/homeofwool.com\/wp-content\/uploads\/2025\/09\/home-of-wool-merino-baby-blanket-1-main.jpg","width":1900,"height":1520,"caption":"home of wool merino baby blanket"},{"@type":"BreadcrumbList","@id":"https:\/\/homeofwool.com\/nb\/butikk\/baby-merino-teppe\/#breadcrumb","itemListElement":[{"@type":"ListItem","position":1,"name":"Home","item":"https:\/\/homeofwool.com\/"},{"@type":"ListItem","position":2,"name":"Products","item":"https:\/\/homeofwool.com\/header-search-2\/"},{"@type":"ListItem","position":3,"name":"Merino Wool Baby Blanket"}]},{"@type":"WebSite","@id":"https:\/\/homeofwool.com\/#website","url":"https:\/\/homeofwool.com\/","name":"Hjem til ull","description":"","publisher":{"@id":"https:\/\/homeofwool.com\/#organization"},"potentialAction":[{"@type":"SearchAction","target":{"@type":"EntryPoint","urlTemplate":"https:\/\/homeofwool.com\/?s={search_term_string}"},"query-input":{"@type":"PropertyValueSpecification","valueRequired":true,"valueName":"search_term_string"}}],"inLanguage":"nb-NO"},{"@type":"Organization","@id":"https:\/\/homeofwool.com\/#organization","name":"Hjem til ull","url":"https:\/\/homeofwool.com\/","logo":{"@type":"ImageObject","inLanguage":"nb-NO","@id":"https:\/\/homeofwool.com\/#\/schema\/logo\/image\/","url":"https:\/\/homeofwool.com\/wp-content\/uploads\/2025\/09\/WhatsApp-Image-2025-12-02-at-16.23.20.jpeg","contentUrl":"https:\/\/homeofwool.com\/wp-content\/uploads\/2025\/09\/WhatsApp-Image-2025-12-02-at-16.23.20.jpeg","width":700,"height":247,"caption":"Home of Wool"},"image":{"@id":"https:\/\/homeofwool.com\/#\/schema\/logo\/image\/"},"sameAs":["https:\/\/facebook.com\/HomeOfWoolOfficial"]}]}},"_links":{"self":[{"href":"https:\/\/homeofwool.com\/nb\/wp-json\/wp\/v2\/product\/217767","targetHints":{"allow":["GET"]}}],"collection":[{"href":"https:\/\/homeofwool.com\/nb\/wp-json\/wp\/v2\/product"}],"about":[{"href":"https:\/\/homeofwool.com\/nb\/wp-json\/wp\/v2\/types\/product"}],"version-history":[{"count":2,"href":"https:\/\/homeofwool.com\/nb\/wp-json\/wp\/v2\/product\/217767\/revisions"}],"predecessor-version":[{"id":227673,"href":"https:\/\/homeofwool.com\/nb\/wp-json\/wp\/v2\/product\/217767\/revisions\/227673"}],"wp:featuredmedia":[{"embeddable":true,"href":"https:\/\/homeofwool.com\/nb\/wp-json\/wp\/v2\/media\/219339"}],"wp:attachment":[{"href":"https:\/\/homeofwool.com\/nb\/wp-json\/wp\/v2\/media?parent=217767"}],"wp:term":[{"taxonomy":"product_brand","embeddable":true,"href":"https:\/\/homeofwool.com\/nb\/wp-json\/wp\/v2\/product_brand?post=217767"},{"taxonomy":"product_cat","embeddable":true,"href":"https:\/\/homeofwool.com\/nb\/wp-json\/wp\/v2\/product_cat?post=217767"},{"taxonomy":"product_tag","embeddable":true,"href":"https:\/\/homeofwool.com\/nb\/wp-json\/wp\/v2\/product_tag?post=217767"}],"curies":[{"name":"wp","href":"https:\/\/api.w.org\/{rel}","templated":true}]}}