{"id":217747,"date":"2025-09-02T12:02:24","date_gmt":"2025-09-02T12:02:24","guid":{"rendered":"https:\/\/homeofwool.com\/?post_type=product&#038;p=217747"},"modified":"2026-03-26T12:41:18","modified_gmt":"2026-03-26T12:41:18","slug":"rund-bonnesekkstol-salg","status":"publish","type":"product","link":"https:\/\/homeofwool.com\/nb\/shop\/round-bean-bag-chair-sale\/","title":{"rendered":"Rund ull-saccosekk | SALG"},"content":{"rendered":"<p>Alle v\u00e5re produkter er laget av kun naturlige, b\u00e6rekraftige, fornybare, biologisk nedbrytbare og resirkulerbare materialer, UTEN KJEMIKALIER (inkludert flammehemmere, fargestoffer, blekemidler, VOC-stoffer, overflatebehandlinger og karbonisert ull) og UTEN SYNTETISKE STOFFER (inkludert plast, lateks, vinyl og fj\u00e6rer). Sertifisert i den strengeste kategorien, for ekstra trygghet.<\/p>\n<p>Vi lager produkter som er laget for \u00e5 vare lenge, av materialer av h\u00f8y kvalitet. For \u00e5 kunne bruke dem s\u00e5 lenge som mulig, er det noen gode r\u00e5d som b\u00f8r f\u00f8lges.<\/p>\n<h3>EGENSKAPER:<\/h3>\n<ul>\n<li style=\"text-align: left;\"><strong>H\u00e5ndtuftet<\/strong> med naturlig lintr\u00e5d for \u00e5 holde fyllet p\u00e5 plass.<\/li>\n<li style=\"text-align: left;\">Holdbart metall <strong>glidel\u00e5s<\/strong> p\u00e5 baksiden, slik at du enkelt kan justere, legge til eller fjerne ull om n\u00f8dvendig (plastglidel\u00e5ser p\u00e5 foresp\u00f8rsel)<\/li>\n<li style=\"text-align: left;\">Gratis <strong>reparasjonssett<\/strong>.<\/li>\n<\/ul>\n<h3>FYLLING:<\/h3>\n<p>12,9 kg (28,5 lbs) 100% GOTS ullbattingsrester<\/p>\n<h3>UTVENDIGE STOFFALTERNATIVER:<\/h3>\n<p>100% \u00d8kologisk bomull (GOTS-sertifisert)<br \/>\n100% Lin, strukturert (Oeko-Tex-sertifisert)<br \/>\n100% Lin (Oeko-Tex-sertifisert)<br \/>\n100% Jomfruull (Oeko-Tex-sertifisert)<\/p>\n<h3>INNERSIDE:<\/h3>\n<p>100% \u00d8kologisk bomull (GOTS-sertifisert)<\/p>\n<h3>PRODUKSJON OG FRAKT:<\/h3>\n<p>Standard produksjonstid: 1-2 uker<br \/>\nGratis leveringstid:  1-4 uker<br \/>\nEkspressleveringstid: 3-4 dager<\/p>\n<p>&nbsp;<\/p>\n<p>*Dette er h\u00e5ndlagde produkter. Vennligst ta h\u00f8yde for mindre avvik i dimensjoner. Avvik i dimensjoner mindre enn 5% anses som akseptabelt.<\/p>\n<p>*Alle produkter fylt med ull er utsatt for en viss grad av kompresjon. Vi fyller imidlertid produktene tett med ull, slik at de blir tykkere enn oppgitt, og i l\u00f8pet av de f\u00f8rste m\u00e5nedene av bruk komprimeres de til omtrent den oppgitte tykkelsen.<\/p>\n<p>*Ullfibre finnes i forskjellige naturlige farger og har en naturlig lukt av sau, som forsvinner etter et par m\u00e5neder.<\/p>","protected":false},"excerpt":{"rendered":"<p>Helt uten kjemikalier, uten avgassing og uten VOC-stoffer. Allergivenlig, egnet for personer med kjemisk overf\u00f8lsomhet, inkludert MCS. Naturlig motstandsdyktig mot st\u00f8vmidd og mugg, antimikrobiell, antibakteriell og flammehemmende.<\/p>\n<p><strong>ST\u00d8RRELSE:<\/strong>\u00a0Diameter 89 cm \u00d7 H\u00f8yde 63 cm (ca.)<br \/>\n<strong>SETT INN STOFF:<\/strong>\u00a0100% \u00d8kologisk bomull<br \/>\n<strong>ULL INNENFOR:<\/strong>\u00a012,9 kg<\/p>\n<div class=\"global-icon-set\">\n<div class=\"global-icon-set__items\">\n<div class=\"global-icon-set__item\">\n<div class=\"global-icon-set__image\">\n                                    <img decoding=\"async\" src=\"https:\/\/homeofwool.com\/wp-content\/uploads\/2025\/09\/VOCs-min-300x300.png\" alt=\"vocs gratis\" \/>\n                                <\/div>\n<div class=\"global-icon-set__title\">VOC-fri<\/div>\n<\/p><\/div>\n<div class=\"global-icon-set__item\">\n<div class=\"global-icon-set__image\">\n                                    <img decoding=\"async\" src=\"https:\/\/homeofwool.com\/wp-content\/uploads\/2025\/09\/FR-min-300x300.png\" alt=\"brannsikker ikon\" \/>\n                                <\/div>\n<div class=\"global-icon-set__title\">Flammebestandig<\/div>\n<\/p><\/div>\n<div class=\"global-icon-set__item\">\n<div class=\"global-icon-set__image\">\n                                    <img decoding=\"async\" src=\"https:\/\/homeofwool.com\/wp-content\/uploads\/2025\/09\/Hypoallergenic-min-300x300.png\" alt=\"allergivennlig ikon\" \/>\n                                <\/div>\n<div class=\"global-icon-set__title\">Allergivenlig<\/div>\n<\/p><\/div>\n<div class=\"global-icon-set__item\">\n<div class=\"global-icon-set__image\">\n                                    <img decoding=\"async\" src=\"https:\/\/homeofwool.com\/wp-content\/uploads\/2025\/09\/free-of-synthetics-icon-300x300.png\" alt=\"fri for syntetiske stoffer ikon\" \/>\n                                <\/div>\n<div class=\"global-icon-set__title\">Fri for syntetiske stoffer<\/div>\n<\/p><\/div>\n<div class=\"global-icon-set__item\">\n<div class=\"global-icon-set__image\">\n                                    <img decoding=\"async\" src=\"https:\/\/homeofwool.com\/wp-content\/uploads\/2025\/09\/chemical-free-icon-300x300.png\" alt=\"kjemikaliefritt ikon\" \/>\n                                <\/div>\n<div class=\"global-icon-set__title\">Kjemikaliefri<\/div>\n<\/p><\/div>\n<div class=\"global-icon-set__item\">\n<div class=\"global-icon-set__image\">\n                                    <img decoding=\"async\" src=\"https:\/\/homeofwool.com\/wp-content\/uploads\/2025\/09\/anti-bacterial-icon-300x300.png\" alt=\"antibakteriell ikon\" \/>\n                                <\/div>\n<div class=\"global-icon-set__title\">Antimikrobiell og antibakteriell<\/div>\n<\/p><\/div>\n<\/p><\/div>\n<\/p><\/div>","protected":false},"featured_media":225192,"template":"","meta":{"_acf_changed":false},"product_brand":[],"product_cat":[557,20,174,815],"product_tag":[735,741,212,740],"class_list":{"0":"post-217747","1":"product","2":"type-product","3":"status-publish","4":"has-post-thumbnail","6":"product_cat-new","7":"product_cat-pillows-poufs","8":"product_cat-zero-waste","9":"product_cat-zero-waste-poufs","10":"product_tag-adult-bean-bag","11":"product_tag-bean-bag-chair","12":"product_tag-custom-pouf","13":"product_tag-organic-bean-bag","15":"first","16":"outofstock","17":"sale","18":"shipping-taxable","19":"purchasable","20":"product-type-variable"},"acf":[],"yoast_head":"<!-- This site is optimized with the Yoast SEO Premium plugin v27.4 (Yoast SEO v27.4) - https:\/\/yoast.com\/product\/yoast-seo-premium-wordpress\/ -->\n<title>Round Wool Bean Bag Chair \u2013 ON SALE, Toxin-Free | Home of Wool<\/title>\n<meta name=\"description\" content=\"Shop the Round Wool Bean Bag Chair on sale. Toxin-free, hypoallergenic, resistant to dust mites, mildew, and bacteria. Perfect for chemical sensitivities.\" \/>\n<meta name=\"robots\" content=\"index, follow, max-snippet:-1, max-image-preview:large, max-video-preview:-1\" \/>\n<link rel=\"canonical\" href=\"https:\/\/homeofwool.com\/nb\/butikk\/rund-bonnesekkstol-salg\/\" \/>\n<meta property=\"og:locale\" content=\"nb_NO\" \/>\n<meta property=\"og:type\" content=\"article\" \/>\n<meta property=\"og:title\" content=\"Round Wool Bean Bag Chair | SALE\" \/>\n<meta property=\"og:description\" content=\"Shop the Round Wool Bean Bag Chair on sale. Toxin-free, hypoallergenic, resistant to dust mites, mildew, and bacteria. Perfect for chemical sensitivities.\" \/>\n<meta property=\"og:url\" content=\"https:\/\/homeofwool.com\/nb\/butikk\/rund-bonnesekkstol-salg\/\" \/>\n<meta property=\"og:site_name\" content=\"Home of Wool\" \/>\n<meta property=\"article:publisher\" content=\"https:\/\/facebook.com\/HomeOfWoolOfficial\" \/>\n<meta property=\"article:modified_time\" content=\"2026-03-26T12:41:18+00:00\" \/>\n<meta property=\"og:image\" content=\"https:\/\/homeofwool.com\/wp-content\/uploads\/2025\/09\/home-of-wool-round-wool-bean-bag-chair-1-main-1.jpg\" \/>\n\t<meta property=\"og:image:width\" content=\"1645\" \/>\n\t<meta property=\"og:image:height\" content=\"1316\" \/>\n\t<meta property=\"og:image:type\" content=\"image\/jpeg\" \/>\n<meta name=\"twitter:card\" content=\"summary_large_image\" \/>\n<meta name=\"twitter:label1\" content=\"Ansl. lesetid\" \/>\n\t<meta name=\"twitter:data1\" content=\"2 minutter\" \/>\n<script type=\"application\/ld+json\" class=\"yoast-schema-graph\">{\"@context\":\"https:\\\/\\\/schema.org\",\"@graph\":[{\"@type\":\"WebPage\",\"@id\":\"https:\\\/\\\/homeofwool.com\\\/shop\\\/round-bean-bag-chair-sale\\\/\",\"url\":\"https:\\\/\\\/homeofwool.com\\\/shop\\\/round-bean-bag-chair-sale\\\/\",\"name\":\"Round Wool Bean Bag Chair \u2013 ON SALE, Toxin-Free | Home of Wool\",\"isPartOf\":{\"@id\":\"https:\\\/\\\/homeofwool.com\\\/#website\"},\"primaryImageOfPage\":{\"@id\":\"https:\\\/\\\/homeofwool.com\\\/shop\\\/round-bean-bag-chair-sale\\\/#primaryimage\"},\"image\":{\"@id\":\"https:\\\/\\\/homeofwool.com\\\/shop\\\/round-bean-bag-chair-sale\\\/#primaryimage\"},\"thumbnailUrl\":\"https:\\\/\\\/homeofwool.com\\\/wp-content\\\/uploads\\\/2025\\\/09\\\/home-of-wool-round-wool-bean-bag-chair-1-main-1.jpg\",\"datePublished\":\"2025-09-02T12:02:24+00:00\",\"dateModified\":\"2026-03-26T12:41:18+00:00\",\"description\":\"Shop the Round Wool Bean Bag Chair on sale. Toxin-free, hypoallergenic, resistant to dust mites, mildew, and bacteria. Perfect for chemical sensitivities.\",\"breadcrumb\":{\"@id\":\"https:\\\/\\\/homeofwool.com\\\/shop\\\/round-bean-bag-chair-sale\\\/#breadcrumb\"},\"inLanguage\":\"nb-NO\",\"potentialAction\":[{\"@type\":\"ReadAction\",\"target\":[\"https:\\\/\\\/homeofwool.com\\\/shop\\\/round-bean-bag-chair-sale\\\/\"]}]},{\"@type\":\"ImageObject\",\"inLanguage\":\"nb-NO\",\"@id\":\"https:\\\/\\\/homeofwool.com\\\/shop\\\/round-bean-bag-chair-sale\\\/#primaryimage\",\"url\":\"https:\\\/\\\/homeofwool.com\\\/wp-content\\\/uploads\\\/2025\\\/09\\\/home-of-wool-round-wool-bean-bag-chair-1-main-1.jpg\",\"contentUrl\":\"https:\\\/\\\/homeofwool.com\\\/wp-content\\\/uploads\\\/2025\\\/09\\\/home-of-wool-round-wool-bean-bag-chair-1-main-1.jpg\",\"width\":1645,\"height\":1316},{\"@type\":\"BreadcrumbList\",\"@id\":\"https:\\\/\\\/homeofwool.com\\\/shop\\\/round-bean-bag-chair-sale\\\/#breadcrumb\",\"itemListElement\":[{\"@type\":\"ListItem\",\"position\":1,\"name\":\"Home\",\"item\":\"https:\\\/\\\/homeofwool.com\\\/\"},{\"@type\":\"ListItem\",\"position\":2,\"name\":\"Products\",\"item\":\"https:\\\/\\\/homeofwool.com\\\/header-search-2\\\/\"},{\"@type\":\"ListItem\",\"position\":3,\"name\":\"Round Wool Bean Bag Chair | SALE\"}]},{\"@type\":\"WebSite\",\"@id\":\"https:\\\/\\\/homeofwool.com\\\/#website\",\"url\":\"https:\\\/\\\/homeofwool.com\\\/\",\"name\":\"Home of Wool\",\"description\":\"\",\"publisher\":{\"@id\":\"https:\\\/\\\/homeofwool.com\\\/#organization\"},\"potentialAction\":[{\"@type\":\"SearchAction\",\"target\":{\"@type\":\"EntryPoint\",\"urlTemplate\":\"https:\\\/\\\/homeofwool.com\\\/?s={search_term_string}\"},\"query-input\":{\"@type\":\"PropertyValueSpecification\",\"valueRequired\":true,\"valueName\":\"search_term_string\"}}],\"inLanguage\":\"nb-NO\"},{\"@type\":\"Organization\",\"@id\":\"https:\\\/\\\/homeofwool.com\\\/#organization\",\"name\":\"Home of Wool\",\"url\":\"https:\\\/\\\/homeofwool.com\\\/\",\"logo\":{\"@type\":\"ImageObject\",\"inLanguage\":\"nb-NO\",\"@id\":\"https:\\\/\\\/homeofwool.com\\\/#\\\/schema\\\/logo\\\/image\\\/\",\"url\":\"https:\\\/\\\/homeofwool.com\\\/wp-content\\\/uploads\\\/2025\\\/09\\\/WhatsApp-Image-2025-12-02-at-16.23.20.jpeg\",\"contentUrl\":\"https:\\\/\\\/homeofwool.com\\\/wp-content\\\/uploads\\\/2025\\\/09\\\/WhatsApp-Image-2025-12-02-at-16.23.20.jpeg\",\"width\":700,\"height\":247,\"caption\":\"Home of Wool\"},\"image\":{\"@id\":\"https:\\\/\\\/homeofwool.com\\\/#\\\/schema\\\/logo\\\/image\\\/\"},\"sameAs\":[\"https:\\\/\\\/facebook.com\\\/HomeOfWoolOfficial\"]}]}<\/script>\n<!-- \/ Yoast SEO Premium plugin. -->","yoast_head_json":{"title":"Rund ull-saccosekk \u2013 P\u00c5 SALG, giftfri | Home of Wool","description":"Kj\u00f8p den runde ull-saccosekken som er p\u00e5 salg. Giftfri, allergivennlig, motstandsdyktig mot st\u00f8vmidd, mugg og bakterier. Perfekt for personer med kjemisk overf\u00f8lsomhet.","robots":{"index":"index","follow":"follow","max-snippet":"max-snippet:-1","max-image-preview":"max-image-preview:large","max-video-preview":"max-video-preview:-1"},"canonical":"https:\/\/homeofwool.com\/nb\/butikk\/rund-bonnesekkstol-salg\/","og_locale":"nb_NO","og_type":"article","og_title":"Round Wool Bean Bag Chair | SALE","og_description":"Shop the Round Wool Bean Bag Chair on sale. Toxin-free, hypoallergenic, resistant to dust mites, mildew, and bacteria. Perfect for chemical sensitivities.","og_url":"https:\/\/homeofwool.com\/nb\/butikk\/rund-bonnesekkstol-salg\/","og_site_name":"Home of Wool","article_publisher":"https:\/\/facebook.com\/HomeOfWoolOfficial","article_modified_time":"2026-03-26T12:41:18+00:00","og_image":[{"width":1645,"height":1316,"url":"https:\/\/homeofwool.com\/wp-content\/uploads\/2025\/09\/home-of-wool-round-wool-bean-bag-chair-1-main-1.jpg","type":"image\/jpeg"}],"twitter_card":"summary_large_image","twitter_misc":{"Ansl. lesetid":"2 minutter"},"schema":{"@context":"https:\/\/schema.org","@graph":[{"@type":"WebPage","@id":"https:\/\/homeofwool.com\/shop\/round-bean-bag-chair-sale\/","url":"https:\/\/homeofwool.com\/shop\/round-bean-bag-chair-sale\/","name":"Rund ull-saccosekk \u2013 P\u00c5 SALG, giftfri | Home of Wool","isPartOf":{"@id":"https:\/\/homeofwool.com\/#website"},"primaryImageOfPage":{"@id":"https:\/\/homeofwool.com\/shop\/round-bean-bag-chair-sale\/#primaryimage"},"image":{"@id":"https:\/\/homeofwool.com\/shop\/round-bean-bag-chair-sale\/#primaryimage"},"thumbnailUrl":"https:\/\/homeofwool.com\/wp-content\/uploads\/2025\/09\/home-of-wool-round-wool-bean-bag-chair-1-main-1.jpg","datePublished":"2025-09-02T12:02:24+00:00","dateModified":"2026-03-26T12:41:18+00:00","description":"Kj\u00f8p den runde ull-saccosekken som er p\u00e5 salg. Giftfri, allergivennlig, motstandsdyktig mot st\u00f8vmidd, mugg og bakterier. Perfekt for personer med kjemisk overf\u00f8lsomhet.","breadcrumb":{"@id":"https:\/\/homeofwool.com\/shop\/round-bean-bag-chair-sale\/#breadcrumb"},"inLanguage":"nb-NO","potentialAction":[{"@type":"ReadAction","target":["https:\/\/homeofwool.com\/shop\/round-bean-bag-chair-sale\/"]}]},{"@type":"ImageObject","inLanguage":"nb-NO","@id":"https:\/\/homeofwool.com\/shop\/round-bean-bag-chair-sale\/#primaryimage","url":"https:\/\/homeofwool.com\/wp-content\/uploads\/2025\/09\/home-of-wool-round-wool-bean-bag-chair-1-main-1.jpg","contentUrl":"https:\/\/homeofwool.com\/wp-content\/uploads\/2025\/09\/home-of-wool-round-wool-bean-bag-chair-1-main-1.jpg","width":1645,"height":1316},{"@type":"BreadcrumbList","@id":"https:\/\/homeofwool.com\/shop\/round-bean-bag-chair-sale\/#breadcrumb","itemListElement":[{"@type":"ListItem","position":1,"name":"Home","item":"https:\/\/homeofwool.com\/"},{"@type":"ListItem","position":2,"name":"Products","item":"https:\/\/homeofwool.com\/header-search-2\/"},{"@type":"ListItem","position":3,"name":"Round Wool Bean Bag Chair | SALE"}]},{"@type":"WebSite","@id":"https:\/\/homeofwool.com\/#website","url":"https:\/\/homeofwool.com\/","name":"Hjem til ull","description":"","publisher":{"@id":"https:\/\/homeofwool.com\/#organization"},"potentialAction":[{"@type":"SearchAction","target":{"@type":"EntryPoint","urlTemplate":"https:\/\/homeofwool.com\/?s={search_term_string}"},"query-input":{"@type":"PropertyValueSpecification","valueRequired":true,"valueName":"search_term_string"}}],"inLanguage":"nb-NO"},{"@type":"Organization","@id":"https:\/\/homeofwool.com\/#organization","name":"Hjem til ull","url":"https:\/\/homeofwool.com\/","logo":{"@type":"ImageObject","inLanguage":"nb-NO","@id":"https:\/\/homeofwool.com\/#\/schema\/logo\/image\/","url":"https:\/\/homeofwool.com\/wp-content\/uploads\/2025\/09\/WhatsApp-Image-2025-12-02-at-16.23.20.jpeg","contentUrl":"https:\/\/homeofwool.com\/wp-content\/uploads\/2025\/09\/WhatsApp-Image-2025-12-02-at-16.23.20.jpeg","width":700,"height":247,"caption":"Home of Wool"},"image":{"@id":"https:\/\/homeofwool.com\/#\/schema\/logo\/image\/"},"sameAs":["https:\/\/facebook.com\/HomeOfWoolOfficial"]}]}},"_links":{"self":[{"href":"https:\/\/homeofwool.com\/nb\/wp-json\/wp\/v2\/product\/217747","targetHints":{"allow":["GET"]}}],"collection":[{"href":"https:\/\/homeofwool.com\/nb\/wp-json\/wp\/v2\/product"}],"about":[{"href":"https:\/\/homeofwool.com\/nb\/wp-json\/wp\/v2\/types\/product"}],"version-history":[{"count":3,"href":"https:\/\/homeofwool.com\/nb\/wp-json\/wp\/v2\/product\/217747\/revisions"}],"predecessor-version":[{"id":229035,"href":"https:\/\/homeofwool.com\/nb\/wp-json\/wp\/v2\/product\/217747\/revisions\/229035"}],"wp:featuredmedia":[{"embeddable":true,"href":"https:\/\/homeofwool.com\/nb\/wp-json\/wp\/v2\/media\/225192"}],"wp:attachment":[{"href":"https:\/\/homeofwool.com\/nb\/wp-json\/wp\/v2\/media?parent=217747"}],"wp:term":[{"taxonomy":"product_brand","embeddable":true,"href":"https:\/\/homeofwool.com\/nb\/wp-json\/wp\/v2\/product_brand?post=217747"},{"taxonomy":"product_cat","embeddable":true,"href":"https:\/\/homeofwool.com\/nb\/wp-json\/wp\/v2\/product_cat?post=217747"},{"taxonomy":"product_tag","embeddable":true,"href":"https:\/\/homeofwool.com\/nb\/wp-json\/wp\/v2\/product_tag?post=217747"}],"curies":[{"name":"wp","href":"https:\/\/api.w.org\/{rel}","templated":true}]}}