{"id":217700,"date":"2025-09-02T12:02:14","date_gmt":"2025-09-02T12:02:14","guid":{"rendered":"https:\/\/homeofwool.com\/?post_type=product&#038;p=217700"},"modified":"2026-01-27T14:07:26","modified_gmt":"2026-01-27T14:07:26","slug":"fin-merinoullteppe","status":"publish","type":"product","link":"https:\/\/homeofwool.com\/nb\/shop\/fine-merino-wool-blanket\/","title":{"rendered":"Teppe i merinoull"},"content":{"rendered":"<p>Merinoullteppet kombinerer naturens mykhet med det h\u00e5ndverksmessige mesterskapet til bulgarske vevere som har perfeksjonert sitt h\u00e5ndverk gjennom generasjoner. Det er vevd utelukkende av 100%-ull og har en glatt og luftig tekstur. Den slags mykhet du merker med en gang. De naturlige fibrene s\u00f8rger for at du har det behagelig, enten du sover eller bare slapper av. Det er lett \u00e5 forst\u00e5 hvorfor dette myke merinoteppet i Home of Wool har blitt en kundefavoritt.<\/p>\n<p>Siden dette er et kjemikaliefritt teppe, er det perfekt for alle som har allergi eller er f\u00f8lsomme. Ull gj\u00f8r jobben for deg uten at du merker det. Den holder st\u00f8vmidd borte. P\u00e5 den m\u00e5ten bidrar den til \u00e5 holde soverommet ditt friskt og sunt. S\u00e5 hvis du er p\u00e5 jakt etter et allergivennlig teppe som er helt rent, kan dette v\u00e6re det du har lett etter.<\/p>\n<p>Dette luksuri\u00f8se ullteppet er vevd for \u00e5 gi mange \u00e5rs komfort og er laget av fornybare og biologisk nedbrytbare fibre som blir mykere og silkemyke med tiden. Enten du slapper av p\u00e5 sofaen eller legger et ekstra lag komfort p\u00e5 sengen, gir det deg den rolige varmen og enkle skj\u00f8nnheten til et milj\u00f8vennlig teppe og et arvestykke du vil ha glede av i mange \u00e5r.<\/p>\n<p><strong>ST\u00d8RRELSER:<\/strong><\/p>\n<p>Stor: 150 cm x 200 cm<\/p>\n<p><strong>VEKT:<\/strong> 2,5 lb \/ 1,15 kg<\/p>\n<p>Liten: 39,4 x 59 tommer (100,1 x 149,9 cm)<\/p>\n<p><strong>VEKT:<\/strong> 1,54 lb \/ 0,70 kg<\/p>","protected":false},"excerpt":{"rendered":"<p>Lurer du p\u00e5 hvordan skyaktig mykhet f\u00f8les? Opplev det i omfavnelsen av dette 100% ullteppet, laget av den fineste merinoullen for naturlig komfort. Helt uten kjemikalier og pustende, gir det ren varme som gir bedre hvile n\u00e5r du sover eller slapper av p\u00e5 sofaen.<\/p>","protected":false},"featured_media":223151,"template":"","meta":{"_acf_changed":false},"product_brand":[],"product_cat":[316,557,1366,60],"product_tag":[61,62,63,65,772,773,774,68],"class_list":{"0":"post-217700","1":"product","2":"type-product","3":"status-publish","4":"has-post-thumbnail","6":"product_cat-mothers-day","7":"product_cat-new","8":"product_cat-womens-day","9":"product_cat-blankets-duvets","10":"product_tag-all-natural-wool-blankets","11":"product_tag-chemical-free-wool-blanket","12":"product_tag-handmade-blanket","13":"product_tag-large-wool-blanket","14":"product_tag-merino-travel-blanket","15":"product_tag-merino-wool-blanket","16":"product_tag-organic-merino-wool-blanket","17":"product_tag-throws-for-beds","19":"first","20":"instock","21":"shipping-taxable","22":"purchasable","23":"product-type-variable"},"acf":[],"yoast_head":"<!-- This site is optimized with the Yoast SEO Premium plugin v27.5 (Yoast SEO v27.5) - https:\/\/yoast.com\/product\/yoast-seo-premium-wordpress\/ -->\n<title>Merino Wool Blanket \u2013 Pure Softness, Lasting Warmth | Home of Wool<\/title>\n<meta name=\"description\" content=\"Breathable and hypoallergenic, the Merino Wool Blanket delivers natural softness. Toxin-free and sustainable, it ensures lasting warmth and organic comfort all season long.\" \/>\n<meta name=\"robots\" content=\"index, follow, max-snippet:-1, max-image-preview:large, max-video-preview:-1\" \/>\n<link rel=\"canonical\" href=\"https:\/\/homeofwool.com\/nb\/butikk\/fin-merinoullteppe\/\" \/>\n<meta property=\"og:locale\" content=\"nb_NO\" \/>\n<meta property=\"og:type\" content=\"article\" \/>\n<meta property=\"og:title\" content=\"Merino Wool Blanket\" \/>\n<meta property=\"og:description\" content=\"Breathable and hypoallergenic, the Merino Wool Blanket delivers natural softness. Toxin-free and sustainable, it ensures lasting warmth and organic comfort all season long.\" \/>\n<meta property=\"og:url\" content=\"https:\/\/homeofwool.com\/nb\/butikk\/fin-merinoullteppe\/\" \/>\n<meta property=\"og:site_name\" content=\"Home of Wool\" \/>\n<meta property=\"article:publisher\" content=\"https:\/\/facebook.com\/HomeOfWoolOfficial\" \/>\n<meta property=\"article:modified_time\" content=\"2026-01-27T14:07:26+00:00\" \/>\n<meta property=\"og:image\" content=\"https:\/\/homeofwool.com\/wp-content\/uploads\/2025\/09\/home-of-wool-merino-wool-blanket-1-main.jpg\" \/>\n\t<meta property=\"og:image:width\" content=\"1525\" \/>\n\t<meta property=\"og:image:height\" content=\"1220\" \/>\n\t<meta property=\"og:image:type\" content=\"image\/jpeg\" \/>\n<meta name=\"twitter:card\" content=\"summary_large_image\" \/>\n<meta name=\"twitter:label1\" content=\"Ansl. lesetid\" \/>\n\t<meta name=\"twitter:data1\" content=\"2 minutter\" \/>\n<script type=\"application\/ld+json\" class=\"yoast-schema-graph\">{\"@context\":\"https:\\\/\\\/schema.org\",\"@graph\":[{\"@type\":\"WebPage\",\"@id\":\"https:\\\/\\\/homeofwool.com\\\/it\\\/negozio\\\/morbida-coperta-in-lana-merino\\\/\",\"url\":\"https:\\\/\\\/homeofwool.com\\\/it\\\/negozio\\\/morbida-coperta-in-lana-merino\\\/\",\"name\":\"Merino Wool Blanket \u2013 Pure Softness, Lasting Warmth | Home of Wool\",\"isPartOf\":{\"@id\":\"https:\\\/\\\/homeofwool.com\\\/#website\"},\"primaryImageOfPage\":{\"@id\":\"https:\\\/\\\/homeofwool.com\\\/it\\\/negozio\\\/morbida-coperta-in-lana-merino\\\/#primaryimage\"},\"image\":{\"@id\":\"https:\\\/\\\/homeofwool.com\\\/it\\\/negozio\\\/morbida-coperta-in-lana-merino\\\/#primaryimage\"},\"thumbnailUrl\":\"https:\\\/\\\/homeofwool.com\\\/wp-content\\\/uploads\\\/2025\\\/09\\\/home-of-wool-merino-wool-blanket-1-main.jpg\",\"datePublished\":\"2025-09-02T12:02:14+00:00\",\"dateModified\":\"2026-01-27T14:07:26+00:00\",\"description\":\"Breathable and hypoallergenic, the Merino Wool Blanket delivers natural softness. Toxin-free and sustainable, it ensures lasting warmth and organic comfort all season long.\",\"breadcrumb\":{\"@id\":\"https:\\\/\\\/homeofwool.com\\\/it\\\/negozio\\\/morbida-coperta-in-lana-merino\\\/#breadcrumb\"},\"inLanguage\":\"nb-NO\",\"potentialAction\":[{\"@type\":\"ReadAction\",\"target\":[\"https:\\\/\\\/homeofwool.com\\\/it\\\/negozio\\\/morbida-coperta-in-lana-merino\\\/\"]}]},{\"@type\":\"ImageObject\",\"inLanguage\":\"nb-NO\",\"@id\":\"https:\\\/\\\/homeofwool.com\\\/it\\\/negozio\\\/morbida-coperta-in-lana-merino\\\/#primaryimage\",\"url\":\"https:\\\/\\\/homeofwool.com\\\/wp-content\\\/uploads\\\/2025\\\/09\\\/home-of-wool-merino-wool-blanket-1-main.jpg\",\"contentUrl\":\"https:\\\/\\\/homeofwool.com\\\/wp-content\\\/uploads\\\/2025\\\/09\\\/home-of-wool-merino-wool-blanket-1-main.jpg\",\"width\":1525,\"height\":1220,\"caption\":\"Fine merino wool blanket in a home setting on a sofa\"},{\"@type\":\"BreadcrumbList\",\"@id\":\"https:\\\/\\\/homeofwool.com\\\/it\\\/negozio\\\/morbida-coperta-in-lana-merino\\\/#breadcrumb\",\"itemListElement\":[{\"@type\":\"ListItem\",\"position\":1,\"name\":\"Home\",\"item\":\"https:\\\/\\\/homeofwool.com\\\/\"},{\"@type\":\"ListItem\",\"position\":2,\"name\":\"Products\",\"item\":\"https:\\\/\\\/homeofwool.com\\\/header-search-2\\\/\"},{\"@type\":\"ListItem\",\"position\":3,\"name\":\"Merino Wool Blanket\"}]},{\"@type\":\"WebSite\",\"@id\":\"https:\\\/\\\/homeofwool.com\\\/#website\",\"url\":\"https:\\\/\\\/homeofwool.com\\\/\",\"name\":\"Home of Wool\",\"description\":\"\",\"publisher\":{\"@id\":\"https:\\\/\\\/homeofwool.com\\\/#organization\"},\"potentialAction\":[{\"@type\":\"SearchAction\",\"target\":{\"@type\":\"EntryPoint\",\"urlTemplate\":\"https:\\\/\\\/homeofwool.com\\\/?s={search_term_string}\"},\"query-input\":{\"@type\":\"PropertyValueSpecification\",\"valueRequired\":true,\"valueName\":\"search_term_string\"}}],\"inLanguage\":\"nb-NO\"},{\"@type\":\"Organization\",\"@id\":\"https:\\\/\\\/homeofwool.com\\\/#organization\",\"name\":\"Home of Wool\",\"url\":\"https:\\\/\\\/homeofwool.com\\\/\",\"logo\":{\"@type\":\"ImageObject\",\"inLanguage\":\"nb-NO\",\"@id\":\"https:\\\/\\\/homeofwool.com\\\/#\\\/schema\\\/logo\\\/image\\\/\",\"url\":\"https:\\\/\\\/homeofwool.com\\\/wp-content\\\/uploads\\\/2025\\\/09\\\/WhatsApp-Image-2025-12-02-at-16.23.20.jpeg\",\"contentUrl\":\"https:\\\/\\\/homeofwool.com\\\/wp-content\\\/uploads\\\/2025\\\/09\\\/WhatsApp-Image-2025-12-02-at-16.23.20.jpeg\",\"width\":700,\"height\":247,\"caption\":\"Home of Wool\"},\"image\":{\"@id\":\"https:\\\/\\\/homeofwool.com\\\/#\\\/schema\\\/logo\\\/image\\\/\"},\"sameAs\":[\"https:\\\/\\\/facebook.com\\\/HomeOfWoolOfficial\"]}]}<\/script>\n<!-- \/ Yoast SEO Premium plugin. -->","yoast_head_json":{"title":"Merinoullteppe \u2013 ren mykhet, varig varme | Home of Wool","description":"Merinoullteppet er pustende og allergivennlig, og gir naturlig mykhet. Det er giftfritt og b\u00e6rekraftig, og sikrer varig varme og organisk komfort gjennom hele sesongen.","robots":{"index":"index","follow":"follow","max-snippet":"max-snippet:-1","max-image-preview":"max-image-preview:large","max-video-preview":"max-video-preview:-1"},"canonical":"https:\/\/homeofwool.com\/nb\/butikk\/fin-merinoullteppe\/","og_locale":"nb_NO","og_type":"article","og_title":"Merino Wool Blanket","og_description":"Breathable and hypoallergenic, the Merino Wool Blanket delivers natural softness. Toxin-free and sustainable, it ensures lasting warmth and organic comfort all season long.","og_url":"https:\/\/homeofwool.com\/nb\/butikk\/fin-merinoullteppe\/","og_site_name":"Home of Wool","article_publisher":"https:\/\/facebook.com\/HomeOfWoolOfficial","article_modified_time":"2026-01-27T14:07:26+00:00","og_image":[{"width":1525,"height":1220,"url":"https:\/\/homeofwool.com\/wp-content\/uploads\/2025\/09\/home-of-wool-merino-wool-blanket-1-main.jpg","type":"image\/jpeg"}],"twitter_card":"summary_large_image","twitter_misc":{"Ansl. lesetid":"2 minutter"},"schema":{"@context":"https:\/\/schema.org","@graph":[{"@type":"WebPage","@id":"https:\/\/homeofwool.com\/it\/negozio\/morbida-coperta-in-lana-merino\/","url":"https:\/\/homeofwool.com\/it\/negozio\/morbida-coperta-in-lana-merino\/","name":"Merinoullteppe \u2013 ren mykhet, varig varme | Home of Wool","isPartOf":{"@id":"https:\/\/homeofwool.com\/#website"},"primaryImageOfPage":{"@id":"https:\/\/homeofwool.com\/it\/negozio\/morbida-coperta-in-lana-merino\/#primaryimage"},"image":{"@id":"https:\/\/homeofwool.com\/it\/negozio\/morbida-coperta-in-lana-merino\/#primaryimage"},"thumbnailUrl":"https:\/\/homeofwool.com\/wp-content\/uploads\/2025\/09\/home-of-wool-merino-wool-blanket-1-main.jpg","datePublished":"2025-09-02T12:02:14+00:00","dateModified":"2026-01-27T14:07:26+00:00","description":"Merinoullteppet er pustende og allergivennlig, og gir naturlig mykhet. Det er giftfritt og b\u00e6rekraftig, og sikrer varig varme og organisk komfort gjennom hele sesongen.","breadcrumb":{"@id":"https:\/\/homeofwool.com\/it\/negozio\/morbida-coperta-in-lana-merino\/#breadcrumb"},"inLanguage":"nb-NO","potentialAction":[{"@type":"ReadAction","target":["https:\/\/homeofwool.com\/it\/negozio\/morbida-coperta-in-lana-merino\/"]}]},{"@type":"ImageObject","inLanguage":"nb-NO","@id":"https:\/\/homeofwool.com\/it\/negozio\/morbida-coperta-in-lana-merino\/#primaryimage","url":"https:\/\/homeofwool.com\/wp-content\/uploads\/2025\/09\/home-of-wool-merino-wool-blanket-1-main.jpg","contentUrl":"https:\/\/homeofwool.com\/wp-content\/uploads\/2025\/09\/home-of-wool-merino-wool-blanket-1-main.jpg","width":1525,"height":1220,"caption":"Fine merino wool blanket in a home setting on a sofa"},{"@type":"BreadcrumbList","@id":"https:\/\/homeofwool.com\/it\/negozio\/morbida-coperta-in-lana-merino\/#breadcrumb","itemListElement":[{"@type":"ListItem","position":1,"name":"Home","item":"https:\/\/homeofwool.com\/"},{"@type":"ListItem","position":2,"name":"Products","item":"https:\/\/homeofwool.com\/header-search-2\/"},{"@type":"ListItem","position":3,"name":"Merino Wool Blanket"}]},{"@type":"WebSite","@id":"https:\/\/homeofwool.com\/#website","url":"https:\/\/homeofwool.com\/","name":"Hjem til ull","description":"","publisher":{"@id":"https:\/\/homeofwool.com\/#organization"},"potentialAction":[{"@type":"SearchAction","target":{"@type":"EntryPoint","urlTemplate":"https:\/\/homeofwool.com\/?s={search_term_string}"},"query-input":{"@type":"PropertyValueSpecification","valueRequired":true,"valueName":"search_term_string"}}],"inLanguage":"nb-NO"},{"@type":"Organization","@id":"https:\/\/homeofwool.com\/#organization","name":"Hjem til ull","url":"https:\/\/homeofwool.com\/","logo":{"@type":"ImageObject","inLanguage":"nb-NO","@id":"https:\/\/homeofwool.com\/#\/schema\/logo\/image\/","url":"https:\/\/homeofwool.com\/wp-content\/uploads\/2025\/09\/WhatsApp-Image-2025-12-02-at-16.23.20.jpeg","contentUrl":"https:\/\/homeofwool.com\/wp-content\/uploads\/2025\/09\/WhatsApp-Image-2025-12-02-at-16.23.20.jpeg","width":700,"height":247,"caption":"Home of Wool"},"image":{"@id":"https:\/\/homeofwool.com\/#\/schema\/logo\/image\/"},"sameAs":["https:\/\/facebook.com\/HomeOfWoolOfficial"]}]}},"_links":{"self":[{"href":"https:\/\/homeofwool.com\/nb\/wp-json\/wp\/v2\/product\/217700","targetHints":{"allow":["GET"]}}],"collection":[{"href":"https:\/\/homeofwool.com\/nb\/wp-json\/wp\/v2\/product"}],"about":[{"href":"https:\/\/homeofwool.com\/nb\/wp-json\/wp\/v2\/types\/product"}],"version-history":[{"count":2,"href":"https:\/\/homeofwool.com\/nb\/wp-json\/wp\/v2\/product\/217700\/revisions"}],"predecessor-version":[{"id":226108,"href":"https:\/\/homeofwool.com\/nb\/wp-json\/wp\/v2\/product\/217700\/revisions\/226108"}],"wp:featuredmedia":[{"embeddable":true,"href":"https:\/\/homeofwool.com\/nb\/wp-json\/wp\/v2\/media\/223151"}],"wp:attachment":[{"href":"https:\/\/homeofwool.com\/nb\/wp-json\/wp\/v2\/media?parent=217700"}],"wp:term":[{"taxonomy":"product_brand","embeddable":true,"href":"https:\/\/homeofwool.com\/nb\/wp-json\/wp\/v2\/product_brand?post=217700"},{"taxonomy":"product_cat","embeddable":true,"href":"https:\/\/homeofwool.com\/nb\/wp-json\/wp\/v2\/product_cat?post=217700"},{"taxonomy":"product_tag","embeddable":true,"href":"https:\/\/homeofwool.com\/nb\/wp-json\/wp\/v2\/product_tag?post=217700"}],"curies":[{"name":"wp","href":"https:\/\/api.w.org\/{rel}","templated":true}]}}