{"id":217697,"date":"2025-09-02T12:02:14","date_gmt":"2025-09-02T12:02:14","guid":{"rendered":"https:\/\/homeofwool.com\/?post_type=product&#038;p=217697"},"modified":"2026-02-10T15:41:08","modified_gmt":"2026-02-10T15:41:08","slug":"hundegrotte-seng","status":"publish","type":"product","link":"https:\/\/homeofwool.com\/nb\/shop\/dog-cave-bed\/","title":{"rendered":"Ullhundeseng med trekk"},"content":{"rendered":"<p>Denne hundesengen med trekk er h\u00e5ndlaget av ren \u00f8kologisk ull, noe som gj\u00f8r den til et naturlig og sunt alternativ til syntetiske produkter. Ull gj\u00f8r at sengen puster, slik at hunden din ikke blir for varm. Her er en liten bonus du vil elske! Visste du at ull er naturlig luktbestandig? Det betyr at selv om valpen din kr\u00f8ller seg sammen p\u00e5 samme koselige sted hver dag, holder sengen seg frisk mye lenger. En gevinst for hunden din og for alle i hjemmet.<\/p>\n<p>Den huleaktige designen skaper et koselig sted som hjelper kj\u00e6ledyr til \u00e5 f\u00f8le seg trygge og beskyttet. Den st\u00f8ttende bunnputen og det koselige trekket gir b\u00e5de komfort og trygghet, mens den gjennomtenkte huledesignen hjelper til med \u00e5 lindre stress for kj\u00e6ledyr som elsker \u00e5 grave seg ned eller gjemme seg.<\/p>\n<p>Denne sengen er designet for daglig bruk, og er giftfri og allergivennlig. Den inneholder ingen skjulte kjemikalier, s\u00e5 selv om hunden din har allergi eller er f\u00f8lsom, kan du v\u00e6re trygg p\u00e5 at den er helt sikker. Tross alt, b\u00f8r ikke sengen deres v\u00e6re like ren som den du velger til deg selv?<\/p>\n<p>Den er slitesterk og enkel \u00e5 vedlikeholde, og kommer i forskjellige st\u00f8rrelser som er ideelle for sm\u00e5 til mellomstore raser, med tilpassede alternativer n\u00e5r det gjelder st\u00f8rrelse, stoff og detaljer. Gi hunden din en b\u00e6rekraftig, kjemikaliefri seng hvor den kan hvile fredelig og f\u00f8le seg trygg.<\/p>","protected":false},"excerpt":{"rendered":"<p>En hundeseng laget for dyr som liker \u00e5 grave seg ned, kose seg og er engstelige. Denne hundesengen med trekk er naturlig pustende og temperaturregulerende, og gir komfort hele \u00e5ret og et trygt, koselig rede som din pelskledde venn vil elske.<\/p>\n<div class=\"global-icon-set\">\n<div class=\"global-icon-set__items\">\n<div class=\"global-icon-set__item\">\n<div class=\"global-icon-set__image\">\n                                    <img decoding=\"async\" src=\"https:\/\/homeofwool.com\/wp-content\/uploads\/2025\/09\/handmade-icon-300x300.png\" alt=\"h\u00e5ndlaget ikon\" \/>\n                                <\/div>\n<div class=\"global-icon-set__title\">H\u00e5ndlaget<\/div>\n<\/p><\/div>\n<div class=\"global-icon-set__item\">\n<div class=\"global-icon-set__image\">\n                                    <img decoding=\"async\" src=\"https:\/\/homeofwool.com\/wp-content\/uploads\/2025\/09\/VOCs-min-300x300.png\" alt=\"vocs gratis\" \/>\n                                <\/div>\n<div class=\"global-icon-set__title\">VOC-fri<\/div>\n<\/p><\/div>\n<div class=\"global-icon-set__item\">\n<div class=\"global-icon-set__image\">\n                                    <img decoding=\"async\" src=\"https:\/\/homeofwool.com\/wp-content\/uploads\/2025\/09\/FR-min-300x300.png\" alt=\"brannsikker ikon\" \/>\n                                <\/div>\n<div class=\"global-icon-set__title\">Flammebestandig<\/div>\n<\/p><\/div>\n<div class=\"global-icon-set__item\">\n<div class=\"global-icon-set__image\">\n                                    <img decoding=\"async\" src=\"https:\/\/homeofwool.com\/wp-content\/uploads\/2025\/09\/Hypoallergenic-min-300x300.png\" alt=\"allergivennlig ikon\" \/>\n                                <\/div>\n<div class=\"global-icon-set__title\">Allergivenlig<\/div>\n<\/p><\/div>\n<div class=\"global-icon-set__item\">\n<div class=\"global-icon-set__image\">\n                                    <img decoding=\"async\" src=\"https:\/\/homeofwool.com\/wp-content\/uploads\/2025\/09\/free-of-synthetics-icon-300x300.png\" alt=\"fri for syntetiske stoffer ikon\" \/>\n                                <\/div>\n<div class=\"global-icon-set__title\">Fri for syntetiske stoffer<\/div>\n<\/p><\/div>\n<div class=\"global-icon-set__item\">\n<div class=\"global-icon-set__image\">\n                                    <img decoding=\"async\" src=\"https:\/\/homeofwool.com\/wp-content\/uploads\/2025\/09\/chemical-free-icon-300x300.png\" alt=\"kjemikaliefritt ikon\" \/>\n                                <\/div>\n<div class=\"global-icon-set__title\">Kjemikaliefri<\/div>\n<\/p><\/div>\n<div class=\"global-icon-set__item\">\n<div class=\"global-icon-set__image\">\n                                    <img decoding=\"async\" src=\"https:\/\/homeofwool.com\/wp-content\/uploads\/2025\/09\/anti-bacterial-icon-300x300.png\" alt=\"antibakteriell ikon\" \/>\n                                <\/div>\n<div class=\"global-icon-set__title\">Antimikrobiell og antibakteriell<\/div>\n<\/p><\/div>\n<div class=\"global-icon-set__item\">\n<div class=\"global-icon-set__image\">\n                                    <img decoding=\"async\" src=\"https:\/\/homeofwool.com\/wp-content\/uploads\/2025\/09\/certified-materials-icon-300x300.png\" alt=\"ikon for sertifiserte materialer\" \/>\n                                <\/div>\n<div class=\"global-icon-set__title\">100% Rene sertifiserte materialer<\/div>\n<\/p><\/div>\n<\/p><\/div>\n<\/p><\/div>","protected":false},"featured_media":218629,"template":"","meta":{"_acf_changed":false},"product_brand":[],"product_cat":[557,154],"product_tag":[339,156,158,340,159,341,162,164,149,342],"class_list":{"0":"post-217697","1":"product","2":"type-product","3":"status-publish","4":"has-post-thumbnail","6":"product_cat-new","7":"product_cat-pet-beds","8":"product_tag-cat-beds","9":"product_tag-custom-pet-bed","10":"product_tag-kitten-bed","11":"product_tag-large-dog-beds","12":"product_tag-luxury-dog-beds","13":"product_tag-organic-pet-bedding","14":"product_tag-puppy-mattress","15":"product_tag-small-dog-beds","16":"product_tag-steps","17":"product_tag-xl-xxl-dog-bed","19":"first","20":"instock","21":"shipping-taxable","22":"purchasable","23":"product-type-simple"},"acf":[],"yoast_head":"<!-- This site is optimized with the Yoast SEO Premium plugin v27.3 (Yoast SEO v27.3) - https:\/\/yoast.com\/product\/yoast-seo-premium-wordpress\/ -->\n<title>Dog Bed with Cover \u2013 Dog Cave Bed | Home of Wool<\/title>\n<meta name=\"description\" content=\"Cozy and washable, the Dog Bed with Cover uses breathable wool filling. Hypoallergenic and toxin-free, it provides safe, sustainable comfort and eco-friendly rest for pets.\" \/>\n<meta name=\"robots\" content=\"index, follow, max-snippet:-1, max-image-preview:large, max-video-preview:-1\" \/>\n<link rel=\"canonical\" href=\"https:\/\/homeofwool.com\/nb\/butikk\/hundegrotte-seng\/\" \/>\n<meta property=\"og:locale\" content=\"nb_NO\" \/>\n<meta property=\"og:type\" content=\"article\" \/>\n<meta property=\"og:title\" content=\"Wool Dog Bed with Cover\" \/>\n<meta property=\"og:description\" content=\"Cozy and washable, the Dog Bed with Cover uses breathable wool filling. Hypoallergenic and toxin-free, it provides safe, sustainable comfort and eco-friendly rest for pets.\" \/>\n<meta property=\"og:url\" content=\"https:\/\/homeofwool.com\/nb\/butikk\/hundegrotte-seng\/\" \/>\n<meta property=\"og:site_name\" content=\"Home of Wool\" \/>\n<meta property=\"article:publisher\" content=\"https:\/\/facebook.com\/HomeOfWoolOfficial\" \/>\n<meta property=\"article:modified_time\" content=\"2026-02-10T15:41:08+00:00\" \/>\n<meta property=\"og:image\" content=\"https:\/\/homeofwool.com\/wp-content\/uploads\/2025\/09\/home-of-wool-wool-dog-bed-with-cover-1-main.jpg\" \/>\n\t<meta property=\"og:image:width\" content=\"1900\" \/>\n\t<meta property=\"og:image:height\" content=\"1520\" \/>\n\t<meta property=\"og:image:type\" content=\"image\/jpeg\" \/>\n<meta name=\"twitter:card\" content=\"summary_large_image\" \/>\n<meta name=\"twitter:label1\" content=\"Ansl. lesetid\" \/>\n\t<meta name=\"twitter:data1\" content=\"2 minutter\" \/>\n<script type=\"application\/ld+json\" class=\"yoast-schema-graph\">{\"@context\":\"https:\\\/\\\/schema.org\",\"@graph\":[{\"@type\":\"WebPage\",\"@id\":\"https:\\\/\\\/homeofwool.com\\\/fi\\\/shop\\\/koiran-luolavuode\\\/\",\"url\":\"https:\\\/\\\/homeofwool.com\\\/fi\\\/shop\\\/koiran-luolavuode\\\/\",\"name\":\"Dog Bed with Cover \u2013 Dog Cave Bed | Home of Wool\",\"isPartOf\":{\"@id\":\"https:\\\/\\\/homeofwool.com\\\/#website\"},\"primaryImageOfPage\":{\"@id\":\"https:\\\/\\\/homeofwool.com\\\/fi\\\/shop\\\/koiran-luolavuode\\\/#primaryimage\"},\"image\":{\"@id\":\"https:\\\/\\\/homeofwool.com\\\/fi\\\/shop\\\/koiran-luolavuode\\\/#primaryimage\"},\"thumbnailUrl\":\"https:\\\/\\\/homeofwool.com\\\/wp-content\\\/uploads\\\/2025\\\/09\\\/home-of-wool-wool-dog-bed-with-cover-1-main.jpg\",\"datePublished\":\"2025-09-02T12:02:14+00:00\",\"dateModified\":\"2026-02-10T15:41:08+00:00\",\"description\":\"Cozy and washable, the Dog Bed with Cover uses breathable wool filling. Hypoallergenic and toxin-free, it provides safe, sustainable comfort and eco-friendly rest for pets.\",\"breadcrumb\":{\"@id\":\"https:\\\/\\\/homeofwool.com\\\/fi\\\/shop\\\/koiran-luolavuode\\\/#breadcrumb\"},\"inLanguage\":\"nb-NO\",\"potentialAction\":[{\"@type\":\"ReadAction\",\"target\":[\"https:\\\/\\\/homeofwool.com\\\/fi\\\/shop\\\/koiran-luolavuode\\\/\"]}]},{\"@type\":\"ImageObject\",\"inLanguage\":\"nb-NO\",\"@id\":\"https:\\\/\\\/homeofwool.com\\\/fi\\\/shop\\\/koiran-luolavuode\\\/#primaryimage\",\"url\":\"https:\\\/\\\/homeofwool.com\\\/wp-content\\\/uploads\\\/2025\\\/09\\\/home-of-wool-wool-dog-bed-with-cover-1-main.jpg\",\"contentUrl\":\"https:\\\/\\\/homeofwool.com\\\/wp-content\\\/uploads\\\/2025\\\/09\\\/home-of-wool-wool-dog-bed-with-cover-1-main.jpg\",\"width\":1900,\"height\":1520,\"caption\":\"wool round dog bed with cover and a dog inside\"},{\"@type\":\"BreadcrumbList\",\"@id\":\"https:\\\/\\\/homeofwool.com\\\/fi\\\/shop\\\/koiran-luolavuode\\\/#breadcrumb\",\"itemListElement\":[{\"@type\":\"ListItem\",\"position\":1,\"name\":\"Home\",\"item\":\"https:\\\/\\\/homeofwool.com\\\/\"},{\"@type\":\"ListItem\",\"position\":2,\"name\":\"Products\",\"item\":\"https:\\\/\\\/homeofwool.com\\\/header-search-2\\\/\"},{\"@type\":\"ListItem\",\"position\":3,\"name\":\"Wool Dog Bed with Cover\"}]},{\"@type\":\"WebSite\",\"@id\":\"https:\\\/\\\/homeofwool.com\\\/#website\",\"url\":\"https:\\\/\\\/homeofwool.com\\\/\",\"name\":\"Home of Wool\",\"description\":\"\",\"publisher\":{\"@id\":\"https:\\\/\\\/homeofwool.com\\\/#organization\"},\"potentialAction\":[{\"@type\":\"SearchAction\",\"target\":{\"@type\":\"EntryPoint\",\"urlTemplate\":\"https:\\\/\\\/homeofwool.com\\\/?s={search_term_string}\"},\"query-input\":{\"@type\":\"PropertyValueSpecification\",\"valueRequired\":true,\"valueName\":\"search_term_string\"}}],\"inLanguage\":\"nb-NO\"},{\"@type\":\"Organization\",\"@id\":\"https:\\\/\\\/homeofwool.com\\\/#organization\",\"name\":\"Home of Wool\",\"url\":\"https:\\\/\\\/homeofwool.com\\\/\",\"logo\":{\"@type\":\"ImageObject\",\"inLanguage\":\"nb-NO\",\"@id\":\"https:\\\/\\\/homeofwool.com\\\/#\\\/schema\\\/logo\\\/image\\\/\",\"url\":\"https:\\\/\\\/homeofwool.com\\\/wp-content\\\/uploads\\\/2025\\\/09\\\/WhatsApp-Image-2025-12-02-at-16.23.20.jpeg\",\"contentUrl\":\"https:\\\/\\\/homeofwool.com\\\/wp-content\\\/uploads\\\/2025\\\/09\\\/WhatsApp-Image-2025-12-02-at-16.23.20.jpeg\",\"width\":700,\"height\":247,\"caption\":\"Home of Wool\"},\"image\":{\"@id\":\"https:\\\/\\\/homeofwool.com\\\/#\\\/schema\\\/logo\\\/image\\\/\"},\"sameAs\":[\"https:\\\/\\\/facebook.com\\\/HomeOfWoolOfficial\"]}]}<\/script>\n<!-- \/ Yoast SEO Premium plugin. -->","yoast_head_json":{"title":"Hundeseng med trekk \u2013 Hundehule | Home of Wool","description":"Den koselige og vaskbare hundesengen med trekk har pustende ullfyll. Den er allergivennlig og giftfri, og gir trygg, b\u00e6rekraftig komfort og milj\u00f8vennlig hvile for kj\u00e6ledyr.","robots":{"index":"index","follow":"follow","max-snippet":"max-snippet:-1","max-image-preview":"max-image-preview:large","max-video-preview":"max-video-preview:-1"},"canonical":"https:\/\/homeofwool.com\/nb\/butikk\/hundegrotte-seng\/","og_locale":"nb_NO","og_type":"article","og_title":"Wool Dog Bed with Cover","og_description":"Cozy and washable, the Dog Bed with Cover uses breathable wool filling. Hypoallergenic and toxin-free, it provides safe, sustainable comfort and eco-friendly rest for pets.","og_url":"https:\/\/homeofwool.com\/nb\/butikk\/hundegrotte-seng\/","og_site_name":"Home of Wool","article_publisher":"https:\/\/facebook.com\/HomeOfWoolOfficial","article_modified_time":"2026-02-10T15:41:08+00:00","og_image":[{"width":1900,"height":1520,"url":"https:\/\/homeofwool.com\/wp-content\/uploads\/2025\/09\/home-of-wool-wool-dog-bed-with-cover-1-main.jpg","type":"image\/jpeg"}],"twitter_card":"summary_large_image","twitter_misc":{"Ansl. lesetid":"2 minutter"},"schema":{"@context":"https:\/\/schema.org","@graph":[{"@type":"WebPage","@id":"https:\/\/homeofwool.com\/fi\/shop\/koiran-luolavuode\/","url":"https:\/\/homeofwool.com\/fi\/shop\/koiran-luolavuode\/","name":"Hundeseng med trekk \u2013 Hundehule | Home of Wool","isPartOf":{"@id":"https:\/\/homeofwool.com\/#website"},"primaryImageOfPage":{"@id":"https:\/\/homeofwool.com\/fi\/shop\/koiran-luolavuode\/#primaryimage"},"image":{"@id":"https:\/\/homeofwool.com\/fi\/shop\/koiran-luolavuode\/#primaryimage"},"thumbnailUrl":"https:\/\/homeofwool.com\/wp-content\/uploads\/2025\/09\/home-of-wool-wool-dog-bed-with-cover-1-main.jpg","datePublished":"2025-09-02T12:02:14+00:00","dateModified":"2026-02-10T15:41:08+00:00","description":"Den koselige og vaskbare hundesengen med trekk har pustende ullfyll. Den er allergivennlig og giftfri, og gir trygg, b\u00e6rekraftig komfort og milj\u00f8vennlig hvile for kj\u00e6ledyr.","breadcrumb":{"@id":"https:\/\/homeofwool.com\/fi\/shop\/koiran-luolavuode\/#breadcrumb"},"inLanguage":"nb-NO","potentialAction":[{"@type":"ReadAction","target":["https:\/\/homeofwool.com\/fi\/shop\/koiran-luolavuode\/"]}]},{"@type":"ImageObject","inLanguage":"nb-NO","@id":"https:\/\/homeofwool.com\/fi\/shop\/koiran-luolavuode\/#primaryimage","url":"https:\/\/homeofwool.com\/wp-content\/uploads\/2025\/09\/home-of-wool-wool-dog-bed-with-cover-1-main.jpg","contentUrl":"https:\/\/homeofwool.com\/wp-content\/uploads\/2025\/09\/home-of-wool-wool-dog-bed-with-cover-1-main.jpg","width":1900,"height":1520,"caption":"wool round dog bed with cover and a dog inside"},{"@type":"BreadcrumbList","@id":"https:\/\/homeofwool.com\/fi\/shop\/koiran-luolavuode\/#breadcrumb","itemListElement":[{"@type":"ListItem","position":1,"name":"Home","item":"https:\/\/homeofwool.com\/"},{"@type":"ListItem","position":2,"name":"Products","item":"https:\/\/homeofwool.com\/header-search-2\/"},{"@type":"ListItem","position":3,"name":"Wool Dog Bed with Cover"}]},{"@type":"WebSite","@id":"https:\/\/homeofwool.com\/#website","url":"https:\/\/homeofwool.com\/","name":"Hjem til ull","description":"","publisher":{"@id":"https:\/\/homeofwool.com\/#organization"},"potentialAction":[{"@type":"SearchAction","target":{"@type":"EntryPoint","urlTemplate":"https:\/\/homeofwool.com\/?s={search_term_string}"},"query-input":{"@type":"PropertyValueSpecification","valueRequired":true,"valueName":"search_term_string"}}],"inLanguage":"nb-NO"},{"@type":"Organization","@id":"https:\/\/homeofwool.com\/#organization","name":"Hjem til ull","url":"https:\/\/homeofwool.com\/","logo":{"@type":"ImageObject","inLanguage":"nb-NO","@id":"https:\/\/homeofwool.com\/#\/schema\/logo\/image\/","url":"https:\/\/homeofwool.com\/wp-content\/uploads\/2025\/09\/WhatsApp-Image-2025-12-02-at-16.23.20.jpeg","contentUrl":"https:\/\/homeofwool.com\/wp-content\/uploads\/2025\/09\/WhatsApp-Image-2025-12-02-at-16.23.20.jpeg","width":700,"height":247,"caption":"Home of Wool"},"image":{"@id":"https:\/\/homeofwool.com\/#\/schema\/logo\/image\/"},"sameAs":["https:\/\/facebook.com\/HomeOfWoolOfficial"]}]}},"_links":{"self":[{"href":"https:\/\/homeofwool.com\/nb\/wp-json\/wp\/v2\/product\/217697","targetHints":{"allow":["GET"]}}],"collection":[{"href":"https:\/\/homeofwool.com\/nb\/wp-json\/wp\/v2\/product"}],"about":[{"href":"https:\/\/homeofwool.com\/nb\/wp-json\/wp\/v2\/types\/product"}],"version-history":[{"count":2,"href":"https:\/\/homeofwool.com\/nb\/wp-json\/wp\/v2\/product\/217697\/revisions"}],"predecessor-version":[{"id":226026,"href":"https:\/\/homeofwool.com\/nb\/wp-json\/wp\/v2\/product\/217697\/revisions\/226026"}],"wp:featuredmedia":[{"embeddable":true,"href":"https:\/\/homeofwool.com\/nb\/wp-json\/wp\/v2\/media\/218629"}],"wp:attachment":[{"href":"https:\/\/homeofwool.com\/nb\/wp-json\/wp\/v2\/media?parent=217697"}],"wp:term":[{"taxonomy":"product_brand","embeddable":true,"href":"https:\/\/homeofwool.com\/nb\/wp-json\/wp\/v2\/product_brand?post=217697"},{"taxonomy":"product_cat","embeddable":true,"href":"https:\/\/homeofwool.com\/nb\/wp-json\/wp\/v2\/product_cat?post=217697"},{"taxonomy":"product_tag","embeddable":true,"href":"https:\/\/homeofwool.com\/nb\/wp-json\/wp\/v2\/product_tag?post=217697"}],"curies":[{"name":"wp","href":"https:\/\/api.w.org\/{rel}","templated":true}]}}