{"id":217687,"date":"2025-09-02T12:02:13","date_gmt":"2025-09-02T12:02:13","guid":{"rendered":"https:\/\/homeofwool.com\/?post_type=product&#038;p=217687"},"modified":"2026-02-11T09:55:36","modified_gmt":"2026-02-11T09:55:36","slug":"rund-bonnesekkstol","status":"publish","type":"product","link":"https:\/\/homeofwool.com\/nb\/shop\/round-bean-bag-chair\/","title":{"rendered":"Rund ull-saccosekkstol"},"content":{"rendered":"<p>Dette er ikke en stol du bare sitter p\u00e5. Det er en stol du faller ned i. Den runde ullsaccosekken er h\u00e5ndlaget, og hver enkelt er n\u00f8ye formet slik at den faller naturlig under kroppen din. Du kan endre stoffet og st\u00f8rrelsen. Du kan velge alle detaljene og gj\u00f8re puffen helt din egen. Inni gj\u00f8r ren ull resten. Den beveger seg forsiktig, st\u00f8tter deg der du trenger det og holder luften rundt deg frisk for en virkelig ergonomisk sitteopplevelse.<\/p>\n<p>Ingen kjemikalier eller skum inni. Bare naturlig og ren ull. Den naturlige ullsaccosekken er allergivennlig og sk\u00e5nsom for alle med f\u00f8lsom hud. Ull holder naturlig st\u00f8vmidd, mugg og bakterier unna. Du kan velge mellom l\u00f8s ull eller v\u00e5re ullbattingsrester, som er en del av Zero Waste Mission.<\/p>\n<p>Trekk er avtakbart og vaskbart. Glidel\u00e5sen er sterk og holdbar. Du kan justere fyllet n\u00e5r som helst. Over tid blir det litt mykere og passer deg bedre. En tilpassbar saccosekk som f\u00f8les som et varmt og fredelig hj\u00f8rne, en myk ullstol som gir hvert rom et koselig preg. En enkel, stilig saccosekk som aldri g\u00e5r av moten.<\/p>\n<p><strong>ST\u00d8RRELSE:<\/strong>\u00a0Diameter 89 cm \u00d7 H\u00f8yde 63 cm (ca.)<br \/>\n<strong>SETT INN STOFF:<\/strong>\u00a0100% \u00d8kologisk bomull<br \/>\n<strong>ULL INNENFOR:<\/strong>\u00a012,9 kg<\/p>","protected":false},"excerpt":{"rendered":"<p>Du kan ikke unng\u00e5 \u00e5 synke ned i denne runde ull-saccosekken og f\u00f8le deg umiddelbart vel. Denne h\u00e5ndlagde saccosekken er myk, formet for \u00e5 gi deg akkurat riktig st\u00f8tte og naturlig vakker. Et rolig m\u00f8bel for avslapning i form av en liten luksuri\u00f8s saccosekk hjemme.<\/p>\n<div class=\"global-icon-set\">\n<div class=\"global-icon-set__items\">\n<div class=\"global-icon-set__item\">\n<div class=\"global-icon-set__image\">\n                                    <img decoding=\"async\" src=\"https:\/\/homeofwool.com\/wp-content\/uploads\/2025\/09\/VOCs-min-300x300.png\" alt=\"vocs gratis\" \/>\n                                <\/div>\n<div class=\"global-icon-set__title\">VOC-fri<\/div>\n<\/p><\/div>\n<div class=\"global-icon-set__item\">\n<div class=\"global-icon-set__image\">\n                                    <img decoding=\"async\" src=\"https:\/\/homeofwool.com\/wp-content\/uploads\/2025\/09\/FR-min-300x300.png\" alt=\"brannsikker ikon\" \/>\n                                <\/div>\n<div class=\"global-icon-set__title\">Flammebestandig<\/div>\n<\/p><\/div>\n<div class=\"global-icon-set__item\">\n<div class=\"global-icon-set__image\">\n                                    <img decoding=\"async\" src=\"https:\/\/homeofwool.com\/wp-content\/uploads\/2025\/09\/Hypoallergenic-min-300x300.png\" alt=\"allergivennlig ikon\" \/>\n                                <\/div>\n<div class=\"global-icon-set__title\">Allergivenlig<\/div>\n<\/p><\/div>\n<div class=\"global-icon-set__item\">\n<div class=\"global-icon-set__image\">\n                                    <img decoding=\"async\" src=\"https:\/\/homeofwool.com\/wp-content\/uploads\/2025\/09\/free-of-synthetics-icon-300x300.png\" alt=\"fri for syntetiske stoffer ikon\" \/>\n                                <\/div>\n<div class=\"global-icon-set__title\">Fri for syntetiske stoffer<\/div>\n<\/p><\/div>\n<div class=\"global-icon-set__item\">\n<div class=\"global-icon-set__image\">\n                                    <img decoding=\"async\" src=\"https:\/\/homeofwool.com\/wp-content\/uploads\/2025\/09\/chemical-free-icon-300x300.png\" alt=\"kjemikaliefritt ikon\" \/>\n                                <\/div>\n<div class=\"global-icon-set__title\">Kjemikaliefri<\/div>\n<\/p><\/div>\n<div class=\"global-icon-set__item\">\n<div class=\"global-icon-set__image\">\n                                    <img decoding=\"async\" src=\"https:\/\/homeofwool.com\/wp-content\/uploads\/2025\/09\/anti-bacterial-icon-300x300.png\" alt=\"antibakteriell ikon\" \/>\n                                <\/div>\n<div class=\"global-icon-set__title\">Antimikrobiell og antibakteriell<\/div>\n<\/p><\/div>\n<div class=\"global-icon-set__item\">\n<div class=\"global-icon-set__image\">\n                                    <img decoding=\"async\" src=\"https:\/\/homeofwool.com\/wp-content\/uploads\/2025\/09\/certified-materials-icon-300x300.png\" alt=\"ikon for sertifiserte materialer\" \/>\n                                <\/div>\n<div class=\"global-icon-set__title\">100% Rene sertifiserte materialer<\/div>\n<\/p><\/div>\n<\/p><\/div>\n<\/p><\/div>","protected":false},"featured_media":221202,"template":"","meta":{"_acf_changed":false},"product_brand":[],"product_cat":[20],"product_tag":[735,737,741,742,739,740,149,743],"class_list":{"0":"post-217687","1":"product","2":"type-product","3":"status-publish","4":"has-post-thumbnail","6":"product_cat-pillows-poufs","7":"product_tag-adult-bean-bag","8":"product_tag-adult-lounger-pouf","9":"product_tag-bean-bag-chair","10":"product_tag-kids-room-chair","11":"product_tag-natural-pouf","12":"product_tag-organic-bean-bag","13":"product_tag-steps","14":"product_tag-teen-bean-bag","16":"first","17":"instock","18":"shipping-taxable","19":"purchasable","20":"product-type-simple"},"acf":[],"yoast_head":"<!-- This site is optimized with the Yoast SEO Premium plugin v27.5 (Yoast SEO v27.5) - https:\/\/yoast.com\/product\/yoast-seo-premium-wordpress\/ -->\n<title>Round Bean Bag Chair \u2013 Customizable, Handmade Comfort | Home of Wool<\/title>\n<meta name=\"description\" content=\"The Round Bean Bag Chair is handmade with breathable wool filling. Customizable, toxin-free, and sustainable, it offers natural comfort and timeless eco-friendly style for any space.\" \/>\n<meta name=\"robots\" content=\"index, follow, max-snippet:-1, max-image-preview:large, max-video-preview:-1\" \/>\n<link rel=\"canonical\" href=\"https:\/\/homeofwool.com\/nb\/butikk\/rund-bonnesekkstol\/\" \/>\n<meta property=\"og:locale\" content=\"nb_NO\" \/>\n<meta property=\"og:type\" content=\"article\" \/>\n<meta property=\"og:title\" content=\"Round Wool Bean Bag Chair\" \/>\n<meta property=\"og:description\" content=\"The Round Bean Bag Chair is handmade with breathable wool filling. Customizable, toxin-free, and sustainable, it offers natural comfort and timeless eco-friendly style for any space.\" \/>\n<meta property=\"og:url\" content=\"https:\/\/homeofwool.com\/nb\/butikk\/rund-bonnesekkstol\/\" \/>\n<meta property=\"og:site_name\" content=\"Home of Wool\" \/>\n<meta property=\"article:publisher\" content=\"https:\/\/facebook.com\/HomeOfWoolOfficial\" \/>\n<meta property=\"article:modified_time\" content=\"2026-02-11T09:55:36+00:00\" \/>\n<meta property=\"og:image\" content=\"https:\/\/homeofwool.com\/wp-content\/uploads\/2025\/09\/home-of-wool-round-wool-bean-bag-chair-1-main.jpg\" \/>\n\t<meta property=\"og:image:width\" content=\"1645\" \/>\n\t<meta property=\"og:image:height\" content=\"1316\" \/>\n\t<meta property=\"og:image:type\" content=\"image\/jpeg\" \/>\n<meta name=\"twitter:card\" content=\"summary_large_image\" \/>\n<meta name=\"twitter:label1\" content=\"Ansl. lesetid\" \/>\n\t<meta name=\"twitter:data1\" content=\"2 minutter\" \/>\n<script type=\"application\/ld+json\" class=\"yoast-schema-graph\">{\"@context\":\"https:\\\/\\\/schema.org\",\"@graph\":[{\"@type\":\"WebPage\",\"@id\":\"https:\\\/\\\/homeofwool.com\\\/nb\\\/butikk\\\/rund-bonnesekkstol\\\/\",\"url\":\"https:\\\/\\\/homeofwool.com\\\/nb\\\/butikk\\\/rund-bonnesekkstol\\\/\",\"name\":\"Round Bean Bag Chair \u2013 Customizable, Handmade Comfort | Home of Wool\",\"isPartOf\":{\"@id\":\"https:\\\/\\\/homeofwool.com\\\/#website\"},\"primaryImageOfPage\":{\"@id\":\"https:\\\/\\\/homeofwool.com\\\/nb\\\/butikk\\\/rund-bonnesekkstol\\\/#primaryimage\"},\"image\":{\"@id\":\"https:\\\/\\\/homeofwool.com\\\/nb\\\/butikk\\\/rund-bonnesekkstol\\\/#primaryimage\"},\"thumbnailUrl\":\"https:\\\/\\\/homeofwool.com\\\/wp-content\\\/uploads\\\/2025\\\/09\\\/home-of-wool-round-wool-bean-bag-chair-1-main.jpg\",\"datePublished\":\"2025-09-02T12:02:13+00:00\",\"dateModified\":\"2026-02-11T09:55:36+00:00\",\"description\":\"The Round Bean Bag Chair is handmade with breathable wool filling. Customizable, toxin-free, and sustainable, it offers natural comfort and timeless eco-friendly style for any space.\",\"breadcrumb\":{\"@id\":\"https:\\\/\\\/homeofwool.com\\\/nb\\\/butikk\\\/rund-bonnesekkstol\\\/#breadcrumb\"},\"inLanguage\":\"nb-NO\",\"potentialAction\":[{\"@type\":\"ReadAction\",\"target\":[\"https:\\\/\\\/homeofwool.com\\\/nb\\\/butikk\\\/rund-bonnesekkstol\\\/\"]}]},{\"@type\":\"ImageObject\",\"inLanguage\":\"nb-NO\",\"@id\":\"https:\\\/\\\/homeofwool.com\\\/nb\\\/butikk\\\/rund-bonnesekkstol\\\/#primaryimage\",\"url\":\"https:\\\/\\\/homeofwool.com\\\/wp-content\\\/uploads\\\/2025\\\/09\\\/home-of-wool-round-wool-bean-bag-chair-1-main.jpg\",\"contentUrl\":\"https:\\\/\\\/homeofwool.com\\\/wp-content\\\/uploads\\\/2025\\\/09\\\/home-of-wool-round-wool-bean-bag-chair-1-main.jpg\",\"width\":1645,\"height\":1316,\"caption\":\"round wool bean bag chair with a woman sitting in it reading a book\"},{\"@type\":\"BreadcrumbList\",\"@id\":\"https:\\\/\\\/homeofwool.com\\\/nb\\\/butikk\\\/rund-bonnesekkstol\\\/#breadcrumb\",\"itemListElement\":[{\"@type\":\"ListItem\",\"position\":1,\"name\":\"Home\",\"item\":\"https:\\\/\\\/homeofwool.com\\\/\"},{\"@type\":\"ListItem\",\"position\":2,\"name\":\"Products\",\"item\":\"https:\\\/\\\/homeofwool.com\\\/header-search-2\\\/\"},{\"@type\":\"ListItem\",\"position\":3,\"name\":\"Round Wool Bean Bag Chair\"}]},{\"@type\":\"WebSite\",\"@id\":\"https:\\\/\\\/homeofwool.com\\\/#website\",\"url\":\"https:\\\/\\\/homeofwool.com\\\/\",\"name\":\"Home of Wool\",\"description\":\"\",\"publisher\":{\"@id\":\"https:\\\/\\\/homeofwool.com\\\/#organization\"},\"potentialAction\":[{\"@type\":\"SearchAction\",\"target\":{\"@type\":\"EntryPoint\",\"urlTemplate\":\"https:\\\/\\\/homeofwool.com\\\/?s={search_term_string}\"},\"query-input\":{\"@type\":\"PropertyValueSpecification\",\"valueRequired\":true,\"valueName\":\"search_term_string\"}}],\"inLanguage\":\"nb-NO\"},{\"@type\":\"Organization\",\"@id\":\"https:\\\/\\\/homeofwool.com\\\/#organization\",\"name\":\"Home of Wool\",\"url\":\"https:\\\/\\\/homeofwool.com\\\/\",\"logo\":{\"@type\":\"ImageObject\",\"inLanguage\":\"nb-NO\",\"@id\":\"https:\\\/\\\/homeofwool.com\\\/#\\\/schema\\\/logo\\\/image\\\/\",\"url\":\"https:\\\/\\\/homeofwool.com\\\/wp-content\\\/uploads\\\/2025\\\/09\\\/WhatsApp-Image-2025-12-02-at-16.23.20.jpeg\",\"contentUrl\":\"https:\\\/\\\/homeofwool.com\\\/wp-content\\\/uploads\\\/2025\\\/09\\\/WhatsApp-Image-2025-12-02-at-16.23.20.jpeg\",\"width\":700,\"height\":247,\"caption\":\"Home of Wool\"},\"image\":{\"@id\":\"https:\\\/\\\/homeofwool.com\\\/#\\\/schema\\\/logo\\\/image\\\/\"},\"sameAs\":[\"https:\\\/\\\/facebook.com\\\/HomeOfWoolOfficial\"]}]}<\/script>\n<!-- \/ Yoast SEO Premium plugin. -->","yoast_head_json":{"title":"Rund b\u00f8nnesekkstol \u2013 tilpassbar, h\u00e5ndlaget komfort | Home of Wool","description":"Den runde b\u00f8nnesekkstolen er h\u00e5ndlaget med pustende ullfyll. Den kan tilpasses, er giftfri og b\u00e6rekraftig, og gir naturlig komfort og tidl\u00f8s milj\u00f8vennlig stil til ethvert rom.","robots":{"index":"index","follow":"follow","max-snippet":"max-snippet:-1","max-image-preview":"max-image-preview:large","max-video-preview":"max-video-preview:-1"},"canonical":"https:\/\/homeofwool.com\/nb\/butikk\/rund-bonnesekkstol\/","og_locale":"nb_NO","og_type":"article","og_title":"Round Wool Bean Bag Chair","og_description":"The Round Bean Bag Chair is handmade with breathable wool filling. Customizable, toxin-free, and sustainable, it offers natural comfort and timeless eco-friendly style for any space.","og_url":"https:\/\/homeofwool.com\/nb\/butikk\/rund-bonnesekkstol\/","og_site_name":"Home of Wool","article_publisher":"https:\/\/facebook.com\/HomeOfWoolOfficial","article_modified_time":"2026-02-11T09:55:36+00:00","og_image":[{"width":1645,"height":1316,"url":"https:\/\/homeofwool.com\/wp-content\/uploads\/2025\/09\/home-of-wool-round-wool-bean-bag-chair-1-main.jpg","type":"image\/jpeg"}],"twitter_card":"summary_large_image","twitter_misc":{"Ansl. lesetid":"2 minutter"},"schema":{"@context":"https:\/\/schema.org","@graph":[{"@type":"WebPage","@id":"https:\/\/homeofwool.com\/nb\/butikk\/rund-bonnesekkstol\/","url":"https:\/\/homeofwool.com\/nb\/butikk\/rund-bonnesekkstol\/","name":"Rund b\u00f8nnesekkstol \u2013 tilpassbar, h\u00e5ndlaget komfort | Home of Wool","isPartOf":{"@id":"https:\/\/homeofwool.com\/#website"},"primaryImageOfPage":{"@id":"https:\/\/homeofwool.com\/nb\/butikk\/rund-bonnesekkstol\/#primaryimage"},"image":{"@id":"https:\/\/homeofwool.com\/nb\/butikk\/rund-bonnesekkstol\/#primaryimage"},"thumbnailUrl":"https:\/\/homeofwool.com\/wp-content\/uploads\/2025\/09\/home-of-wool-round-wool-bean-bag-chair-1-main.jpg","datePublished":"2025-09-02T12:02:13+00:00","dateModified":"2026-02-11T09:55:36+00:00","description":"Den runde b\u00f8nnesekkstolen er h\u00e5ndlaget med pustende ullfyll. Den kan tilpasses, er giftfri og b\u00e6rekraftig, og gir naturlig komfort og tidl\u00f8s milj\u00f8vennlig stil til ethvert rom.","breadcrumb":{"@id":"https:\/\/homeofwool.com\/nb\/butikk\/rund-bonnesekkstol\/#breadcrumb"},"inLanguage":"nb-NO","potentialAction":[{"@type":"ReadAction","target":["https:\/\/homeofwool.com\/nb\/butikk\/rund-bonnesekkstol\/"]}]},{"@type":"ImageObject","inLanguage":"nb-NO","@id":"https:\/\/homeofwool.com\/nb\/butikk\/rund-bonnesekkstol\/#primaryimage","url":"https:\/\/homeofwool.com\/wp-content\/uploads\/2025\/09\/home-of-wool-round-wool-bean-bag-chair-1-main.jpg","contentUrl":"https:\/\/homeofwool.com\/wp-content\/uploads\/2025\/09\/home-of-wool-round-wool-bean-bag-chair-1-main.jpg","width":1645,"height":1316,"caption":"round wool bean bag chair with a woman sitting in it reading a book"},{"@type":"BreadcrumbList","@id":"https:\/\/homeofwool.com\/nb\/butikk\/rund-bonnesekkstol\/#breadcrumb","itemListElement":[{"@type":"ListItem","position":1,"name":"Home","item":"https:\/\/homeofwool.com\/"},{"@type":"ListItem","position":2,"name":"Products","item":"https:\/\/homeofwool.com\/header-search-2\/"},{"@type":"ListItem","position":3,"name":"Round Wool Bean Bag Chair"}]},{"@type":"WebSite","@id":"https:\/\/homeofwool.com\/#website","url":"https:\/\/homeofwool.com\/","name":"Hjem til ull","description":"","publisher":{"@id":"https:\/\/homeofwool.com\/#organization"},"potentialAction":[{"@type":"SearchAction","target":{"@type":"EntryPoint","urlTemplate":"https:\/\/homeofwool.com\/?s={search_term_string}"},"query-input":{"@type":"PropertyValueSpecification","valueRequired":true,"valueName":"search_term_string"}}],"inLanguage":"nb-NO"},{"@type":"Organization","@id":"https:\/\/homeofwool.com\/#organization","name":"Hjem til ull","url":"https:\/\/homeofwool.com\/","logo":{"@type":"ImageObject","inLanguage":"nb-NO","@id":"https:\/\/homeofwool.com\/#\/schema\/logo\/image\/","url":"https:\/\/homeofwool.com\/wp-content\/uploads\/2025\/09\/WhatsApp-Image-2025-12-02-at-16.23.20.jpeg","contentUrl":"https:\/\/homeofwool.com\/wp-content\/uploads\/2025\/09\/WhatsApp-Image-2025-12-02-at-16.23.20.jpeg","width":700,"height":247,"caption":"Home of Wool"},"image":{"@id":"https:\/\/homeofwool.com\/#\/schema\/logo\/image\/"},"sameAs":["https:\/\/facebook.com\/HomeOfWoolOfficial"]}]}},"_links":{"self":[{"href":"https:\/\/homeofwool.com\/nb\/wp-json\/wp\/v2\/product\/217687","targetHints":{"allow":["GET"]}}],"collection":[{"href":"https:\/\/homeofwool.com\/nb\/wp-json\/wp\/v2\/product"}],"about":[{"href":"https:\/\/homeofwool.com\/nb\/wp-json\/wp\/v2\/types\/product"}],"version-history":[{"count":1,"href":"https:\/\/homeofwool.com\/nb\/wp-json\/wp\/v2\/product\/217687\/revisions"}],"predecessor-version":[{"id":226689,"href":"https:\/\/homeofwool.com\/nb\/wp-json\/wp\/v2\/product\/217687\/revisions\/226689"}],"wp:featuredmedia":[{"embeddable":true,"href":"https:\/\/homeofwool.com\/nb\/wp-json\/wp\/v2\/media\/221202"}],"wp:attachment":[{"href":"https:\/\/homeofwool.com\/nb\/wp-json\/wp\/v2\/media?parent=217687"}],"wp:term":[{"taxonomy":"product_brand","embeddable":true,"href":"https:\/\/homeofwool.com\/nb\/wp-json\/wp\/v2\/product_brand?post=217687"},{"taxonomy":"product_cat","embeddable":true,"href":"https:\/\/homeofwool.com\/nb\/wp-json\/wp\/v2\/product_cat?post=217687"},{"taxonomy":"product_tag","embeddable":true,"href":"https:\/\/homeofwool.com\/nb\/wp-json\/wp\/v2\/product_tag?post=217687"}],"curies":[{"name":"wp","href":"https:\/\/api.w.org\/{rel}","templated":true}]}}